{"id":58972,"date":"2025-09-05T14:27:25","date_gmt":"2025-09-05T12:27:25","guid":{"rendered":"https:\/\/www.schramas.com\/?post_type=product&#038;p=58972"},"modified":"2026-05-05T09:34:40","modified_gmt":"2026-05-05T07:34:40","slug":"prunus-armeniaca-luizet-abrikoos-15-liter-pot","status":"publish","type":"product","link":"https:\/\/www.schramas.com\/fr\/boutique\/prunus-armeniaca-luizet-abrikoos-15-liter-pot\/","title":{"rendered":"Prunus armeniaca 'Luizet' abricot, pot de 1,5 litre"},"content":{"rendered":"<p>Prunus Armeniaca 'Luizet' est un abricotier dont les fruits sont gros, sucr\u00e9s et d'un beau jaune orang\u00e9.<\/p>\n<p>Autof\u00e9condation et fertilit\u00e9, fleurs l\u00e9g\u00e8rement plus longues que les autres abricots, avec des fleurs \u00e9toil\u00e9es rose p\u00e2le.<\/p>\n<p>En raison de la floraison pr\u00e9coce des abricots, il est conseill\u00e9 de prot\u00e9ger les fleurs des gel\u00e9es nocturnes et de planter l'arbre dans un endroit abrit\u00e9 et ensoleill\u00e9.<\/p>\n<p>Deze abrikoos word u aangeboden door schramas.com met een planthoogte van 40-60cm.<\/p>\n<p>Rustique, tol\u00e8re la s\u00e9cheresse et attire les abeilles et les papillons.<\/p>","protected":false},"excerpt":{"rendered":"<p>Prunus Armeniaca 'Luizet', abricot<\/p>\n<p>Abricot<\/p>\n<p>Go\u00fbt : fruits doux et juteux avec un ar\u00f4me fin<\/p>\n<p>P\u00e9riode de fructification : ao\u00fbt<\/p>\n<p>Couleur du fruit : orange, ovale et rond, l\u00e9g\u00e8rement poilu<\/p>\n<p>Hauteur maximale : environ 3 \u00e0 5 m en pleine terre, selon la taille et le porte-greffe.<\/p>\n<p>Autopollinisation<\/p>\n<p>Leverhoogte incl. pot: ca. 40-60 cm incl pot<\/p>\n<p>Potmaat: 1,5 liter pot.<\/p>\n<p>Convient aussi bien pour les terrasses que pour les espaces verts (dans un endroit abrit\u00e9 et ensoleill\u00e9).<\/p>","protected":false},"featured_media":58973,"template":"","meta":{"_joinchat":[]},"product_brand":[],"product_cat":[21,262,233,761],"product_tag":[309,327,3639,719,312,351,316,328],"class_list":{"0":"post-58972","1":"product","2":"type-product","3":"status-publish","4":"has-post-thumbnail","6":"product_cat-abrikozen","7":"product_cat-bomen-struiken","8":"product_cat-fruitbomen","9":"product_cat-lente","10":"product_tag-abrikoos","11":"product_tag-goldrich","12":"product_tag-luizet","13":"product_tag-oranje-geel","14":"product_tag-steenvrucht","15":"product_tag-winterhard","16":"product_tag-zelfbestuivend","17":"product_tag-zoet","18":"pa_bloeimaanden-maart","19":"pa_ewd_uwcf_colors-oranje","20":"pa_groeihoogte-300-cm","21":"pa_pot-1-5-liter-pot","23":"first","24":"instock","25":"downloadable","26":"taxable","27":"shipping-taxable","28":"purchasable","29":"product-type-simple"},"yoast_head":"<!-- This site is optimized with the Yoast SEO plugin v24.2 - https:\/\/yoast.com\/wordpress\/plugins\/seo\/ -->\n<title>Prunus armeniaca &#039;Luizet&#039; abrikoos, 1,5 liter pot kopen | Planten eenvoudig online bestellen | Schramas.com<\/title>\n<meta name=\"robots\" content=\"index, follow, max-snippet:-1, max-image-preview:large, max-video-preview:-1\" \/>\n<link rel=\"canonical\" href=\"https:\/\/www.schramas.com\/fr\/boutique\/prunus-armeniaca-luizet-abrikoos-15-liter-pot\/\" \/>\n<meta property=\"og:locale\" content=\"fr_FR\" \/>\n<meta property=\"og:type\" content=\"article\" \/>\n<meta property=\"og:title\" content=\"Prunus armeniaca &#039;Luizet&#039; abrikoos, 1,5 liter pot kopen | Planten eenvoudig online bestellen | Schramas.com\" \/>\n<meta property=\"og:description\" content=\"Prunus Armeniaca &#039;Luizet&#039;, abrikoos  Abrikoos  Smaak: zachte sappige vruchten met een fijn aroma  Vruchtperiode: augustus  Kleur vrucht: oranje, rond ovaal, licht behaard  Hoogte max: ca. 3 -5 meter in volle grond afhankelijk van snoei en onderstam  Zelfbestuivend  Leverhoogte incl. pot: ca. 40-60 cm incl pot  Potmaat: 1,5 liter pot.  Geschikt voor zowel patio als volle grond (op beschutte en zonnige plek)\" \/>\n<meta property=\"og:url\" content=\"https:\/\/www.schramas.com\/fr\/boutique\/prunus-armeniaca-luizet-abrikoos-15-liter-pot\/\" \/>\n<meta property=\"og:site_name\" content=\"Planten eenvoudig online bestellen | Schramas.com\" \/>\n<meta property=\"article:publisher\" content=\"https:\/\/www.facebook.com\/Schramascom-106872874153195\/\" \/>\n<meta property=\"article:modified_time\" content=\"2026-05-05T07:34:40+00:00\" \/>\n<meta property=\"og:image\" content=\"http:\/\/www.schramas.com\/wp-content\/uploads\/2025\/09\/Prunus-armeniaca-Luizet-15L-sfeer.webp\" \/>\n\t<meta property=\"og:image:width\" content=\"800\" \/>\n\t<meta property=\"og:image:height\" content=\"800\" \/>\n\t<meta property=\"og:image:type\" content=\"image\/webp\" \/>\n<meta name=\"twitter:card\" content=\"summary_large_image\" \/>\n<meta name=\"twitter:label1\" content=\"Dur\u00e9e de lecture estim\u00e9e\" \/>\n\t<meta name=\"twitter:data1\" content=\"1 minute\" \/>\n<script type=\"application\/ld+json\" class=\"yoast-schema-graph\">{\"@context\":\"https:\/\/schema.org\",\"@graph\":[{\"@type\":[\"WebPage\",\"ItemPage\"],\"@id\":\"https:\/\/www.schramas.com\/winkel\/prunus-armeniaca-luizet-abrikoos-15-liter-pot\/\",\"url\":\"https:\/\/www.schramas.com\/winkel\/prunus-armeniaca-luizet-abrikoos-15-liter-pot\/\",\"name\":\"Prunus armeniaca 'Luizet' abrikoos, 1,5 liter pot kopen | Planten eenvoudig online bestellen | Schramas.com\",\"isPartOf\":{\"@id\":\"https:\/\/www.schramas.com\/#website\"},\"primaryImageOfPage\":{\"@id\":\"https:\/\/www.schramas.com\/winkel\/prunus-armeniaca-luizet-abrikoos-15-liter-pot\/#primaryimage\"},\"image\":{\"@id\":\"https:\/\/www.schramas.com\/winkel\/prunus-armeniaca-luizet-abrikoos-15-liter-pot\/#primaryimage\"},\"thumbnailUrl\":\"https:\/\/www.schramas.com\/wp-content\/uploads\/2025\/09\/Prunus-armeniaca-Luizet-15L-sfeer.webp\",\"datePublished\":\"2025-09-05T12:27:25+00:00\",\"dateModified\":\"2026-05-05T07:34:40+00:00\",\"breadcrumb\":{\"@id\":\"https:\/\/www.schramas.com\/winkel\/prunus-armeniaca-luizet-abrikoos-15-liter-pot\/#breadcrumb\"},\"inLanguage\":\"fr-FR\",\"potentialAction\":[{\"@type\":\"ReadAction\",\"target\":[\"https:\/\/www.schramas.com\/winkel\/prunus-armeniaca-luizet-abrikoos-15-liter-pot\/\"]}]},{\"@type\":\"ImageObject\",\"inLanguage\":\"fr-FR\",\"@id\":\"https:\/\/www.schramas.com\/winkel\/prunus-armeniaca-luizet-abrikoos-15-liter-pot\/#primaryimage\",\"url\":\"https:\/\/www.schramas.com\/wp-content\/uploads\/2025\/09\/Prunus-armeniaca-Luizet-15L-sfeer.webp\",\"contentUrl\":\"https:\/\/www.schramas.com\/wp-content\/uploads\/2025\/09\/Prunus-armeniaca-Luizet-15L-sfeer.webp\",\"width\":800,\"height\":800},{\"@type\":\"BreadcrumbList\",\"@id\":\"https:\/\/www.schramas.com\/winkel\/prunus-armeniaca-luizet-abrikoos-15-liter-pot\/#breadcrumb\",\"itemListElement\":[{\"@type\":\"ListItem\",\"position\":1,\"name\":\"Product\",\"item\":\"https:\/\/www.schramas.com\/assortiment\/\"},{\"@type\":\"ListItem\",\"position\":2,\"name\":\"Bomen &amp; Struiken\",\"item\":\"https:\/\/www.schramas.com\/product-category\/bomen-struiken\/\"},{\"@type\":\"ListItem\",\"position\":3,\"name\":\"Fruitbomen\",\"item\":\"https:\/\/www.schramas.com\/product-category\/bomen-struiken\/fruitbomen\/\"},{\"@type\":\"ListItem\",\"position\":4,\"name\":\"Prunus armeniaca &#8216;Luizet&#8217; abrikoos, 1,5 liter pot\"}]},{\"@type\":\"WebSite\",\"@id\":\"https:\/\/www.schramas.com\/#website\",\"url\":\"https:\/\/www.schramas.com\/\",\"name\":\"Schramas.com | Tuinplanten eenvoudig online bestellen | Direct van onze Kwekerij\",\"description\":\"\",\"alternateName\":\"Schramas.com - Alle planten direct van de kweker\",\"potentialAction\":[{\"@type\":\"SearchAction\",\"target\":{\"@type\":\"EntryPoint\",\"urlTemplate\":\"https:\/\/www.schramas.com\/?s={search_term_string}\"},\"query-input\":{\"@type\":\"PropertyValueSpecification\",\"valueRequired\":true,\"valueName\":\"search_term_string\"}}],\"inLanguage\":\"fr-FR\"}]}<\/script>\n<!-- \/ Yoast SEO plugin. -->","yoast_head_json":{"title":"Prunus armeniaca 'Luizet' abrikoos, 1,5 liter pot kopen | Planten eenvoudig online bestellen | Schramas.com","robots":{"index":"index","follow":"follow","max-snippet":"max-snippet:-1","max-image-preview":"max-image-preview:large","max-video-preview":"max-video-preview:-1"},"canonical":"https:\/\/www.schramas.com\/fr\/boutique\/prunus-armeniaca-luizet-abrikoos-15-liter-pot\/","og_locale":"fr_FR","og_type":"article","og_title":"Prunus armeniaca 'Luizet' abrikoos, 1,5 liter pot kopen | Planten eenvoudig online bestellen | Schramas.com","og_description":"Prunus Armeniaca 'Luizet', abrikoos  Abrikoos  Smaak: zachte sappige vruchten met een fijn aroma  Vruchtperiode: augustus  Kleur vrucht: oranje, rond ovaal, licht behaard  Hoogte max: ca. 3 -5 meter in volle grond afhankelijk van snoei en onderstam  Zelfbestuivend  Leverhoogte incl. pot: ca. 40-60 cm incl pot  Potmaat: 1,5 liter pot.  Geschikt voor zowel patio als volle grond (op beschutte en zonnige plek)","og_url":"https:\/\/www.schramas.com\/fr\/boutique\/prunus-armeniaca-luizet-abrikoos-15-liter-pot\/","og_site_name":"Planten eenvoudig online bestellen | Schramas.com","article_publisher":"https:\/\/www.facebook.com\/Schramascom-106872874153195\/","article_modified_time":"2026-05-05T07:34:40+00:00","og_image":[{"width":800,"height":800,"url":"http:\/\/www.schramas.com\/wp-content\/uploads\/2025\/09\/Prunus-armeniaca-Luizet-15L-sfeer.webp","type":"image\/webp"}],"twitter_card":"summary_large_image","twitter_misc":{"Dur\u00e9e de lecture estim\u00e9e":"1 minute"},"schema":{"@context":"https:\/\/schema.org","@graph":[{"@type":["WebPage","ItemPage"],"@id":"https:\/\/www.schramas.com\/winkel\/prunus-armeniaca-luizet-abrikoos-15-liter-pot\/","url":"https:\/\/www.schramas.com\/winkel\/prunus-armeniaca-luizet-abrikoos-15-liter-pot\/","name":"Prunus armeniaca 'Luizet' abrikoos, 1,5 liter pot kopen | Planten eenvoudig online bestellen | Schramas.com","isPartOf":{"@id":"https:\/\/www.schramas.com\/#website"},"primaryImageOfPage":{"@id":"https:\/\/www.schramas.com\/winkel\/prunus-armeniaca-luizet-abrikoos-15-liter-pot\/#primaryimage"},"image":{"@id":"https:\/\/www.schramas.com\/winkel\/prunus-armeniaca-luizet-abrikoos-15-liter-pot\/#primaryimage"},"thumbnailUrl":"https:\/\/www.schramas.com\/wp-content\/uploads\/2025\/09\/Prunus-armeniaca-Luizet-15L-sfeer.webp","datePublished":"2025-09-05T12:27:25+00:00","dateModified":"2026-05-05T07:34:40+00:00","breadcrumb":{"@id":"https:\/\/www.schramas.com\/winkel\/prunus-armeniaca-luizet-abrikoos-15-liter-pot\/#breadcrumb"},"inLanguage":"fr-FR","potentialAction":[{"@type":"ReadAction","target":["https:\/\/www.schramas.com\/winkel\/prunus-armeniaca-luizet-abrikoos-15-liter-pot\/"]}]},{"@type":"ImageObject","inLanguage":"fr-FR","@id":"https:\/\/www.schramas.com\/winkel\/prunus-armeniaca-luizet-abrikoos-15-liter-pot\/#primaryimage","url":"https:\/\/www.schramas.com\/wp-content\/uploads\/2025\/09\/Prunus-armeniaca-Luizet-15L-sfeer.webp","contentUrl":"https:\/\/www.schramas.com\/wp-content\/uploads\/2025\/09\/Prunus-armeniaca-Luizet-15L-sfeer.webp","width":800,"height":800},{"@type":"BreadcrumbList","@id":"https:\/\/www.schramas.com\/winkel\/prunus-armeniaca-luizet-abrikoos-15-liter-pot\/#breadcrumb","itemListElement":[{"@type":"ListItem","position":1,"name":"Product","item":"https:\/\/www.schramas.com\/assortiment\/"},{"@type":"ListItem","position":2,"name":"Bomen &amp; Struiken","item":"https:\/\/www.schramas.com\/product-category\/bomen-struiken\/"},{"@type":"ListItem","position":3,"name":"Fruitbomen","item":"https:\/\/www.schramas.com\/product-category\/bomen-struiken\/fruitbomen\/"},{"@type":"ListItem","position":4,"name":"Prunus armeniaca &#8216;Luizet&#8217; abrikoos, 1,5 liter pot"}]},{"@type":"WebSite","@id":"https:\/\/www.schramas.com\/#website","url":"https:\/\/www.schramas.com\/","name":"Schramas.com | Plantes de jardin faciles \u00e0 commander en ligne | En direct de notre p\u00e9pini\u00e8re","description":"","alternateName":"Schramas.com - Alle planten direct van de kweker","potentialAction":[{"@type":"SearchAction","target":{"@type":"EntryPoint","urlTemplate":"https:\/\/www.schramas.com\/?s={search_term_string}"},"query-input":{"@type":"PropertyValueSpecification","valueRequired":true,"valueName":"search_term_string"}}],"inLanguage":"fr-FR"}]}},"_links":{"self":[{"href":"https:\/\/www.schramas.com\/fr\/wp-json\/wp\/v2\/product\/58972","targetHints":{"allow":["GET"]}}],"collection":[{"href":"https:\/\/www.schramas.com\/fr\/wp-json\/wp\/v2\/product"}],"about":[{"href":"https:\/\/www.schramas.com\/fr\/wp-json\/wp\/v2\/types\/product"}],"version-history":[{"count":1,"href":"https:\/\/www.schramas.com\/fr\/wp-json\/wp\/v2\/product\/58972\/revisions"}],"predecessor-version":[{"id":58979,"href":"https:\/\/www.schramas.com\/fr\/wp-json\/wp\/v2\/product\/58972\/revisions\/58979"}],"wp:featuredmedia":[{"embeddable":true,"href":"https:\/\/www.schramas.com\/fr\/wp-json\/wp\/v2\/media\/58973"}],"wp:attachment":[{"href":"https:\/\/www.schramas.com\/fr\/wp-json\/wp\/v2\/media?parent=58972"}],"wp:term":[{"taxonomy":"product_brand","embeddable":true,"href":"https:\/\/www.schramas.com\/fr\/wp-json\/wp\/v2\/product_brand?post=58972"},{"taxonomy":"product_cat","embeddable":true,"href":"https:\/\/www.schramas.com\/fr\/wp-json\/wp\/v2\/product_cat?post=58972"},{"taxonomy":"product_tag","embeddable":true,"href":"https:\/\/www.schramas.com\/fr\/wp-json\/wp\/v2\/product_tag?post=58972"}],"curies":[{"name":"wp","href":"https:\/\/api.w.org\/{rel}","templated":true}]}}