{"id":5899,"date":"2019-10-01T16:01:42","date_gmt":"2019-10-01T14:01:42","guid":{"rendered":"http:\/\/www.schramas.com\/?post_type=product&#038;p=5899"},"modified":"2026-03-26T16:33:25","modified_gmt":"2026-03-26T15:33:25","slug":"myrtille-vaccinium-corymbosum-duke","status":"publish","type":"product","link":"https:\/\/www.schramas.com\/fr\/boutique\/myrtille-vaccinium-corymbosum-duke\/","title":{"rendered":"Vaccinium corymbosum 'Duke' myrtille, 3 plantes en pots de 9 cm"},"content":{"rendered":"<p>Cette vari\u00e9t\u00e9 tr\u00e8s productive produit de grosses baies fermes de couleur bleu clair au d\u00e9but de la saison de cueillette (premi\u00e8re quinzaine de juillet). La myrtille est une plante acide, ce qui signifie que sur un sol argileux, par exemple, il est pr\u00e9f\u00e9rable d'enrichir le sol avec de la tourbe ou un autre sol acide.<\/p>","protected":false},"excerpt":{"rendered":"<p>Vaainium corymbosum 'Duc'<\/p>\n<p>Myrtille<\/p>\n<p>Go\u00fbt : doux<\/p>\n<p>Couleur fruits bleu fonc\u00e9.<\/p>\n<p>Hauteur maximale : 1,75 m\u00e8tre<\/p>\n<p>Convient aussi bien pour les terrasses que pour les terrains en plein air<\/p>\n<p>Autof\u00e9condation.<\/p>\n<p>Aime les sols acides.<\/p>\n<p>Hardy.<\/p>\n<p>Hauteur de livraison avec pot : +\/_25 cm<\/p>\n<p>Taille du pot : 9 cm.<\/p>","protected":false},"featured_media":16265,"template":"","meta":{"_joinchat":[]},"product_brand":[],"product_cat":[40,262,234,835],"product_tag":[640,664,663,656,665,351,316],"class_list":{"0":"post-5899","1":"product","2":"type-product","3":"status-publish","4":"has-post-thumbnail","6":"product_cat-blauwe-bessen","7":"product_cat-bomen-struiken","8":"product_cat-fruitstruiken","9":"product_cat-hardlopers","10":"product_tag-blauwe-bes","11":"product_tag-duke","12":"product_tag-vaccinium","13":"product_tag-vitamine","14":"product_tag-vroeg","15":"product_tag-winterhard","16":"product_tag-zelfbestuivend","17":"pa_bloeimaanden-mei","18":"pa_groeihoogte-60-150-cm","19":"pa_pot-9-cm-pot","21":"first","22":"outofstock","23":"taxable","24":"shipping-taxable","25":"purchasable","26":"product-type-simple"},"yoast_head":"<!-- This site is optimized with the Yoast SEO plugin v24.2 - https:\/\/yoast.com\/wordpress\/plugins\/seo\/ -->\n<title>Vaccinium corymbosum &#039;Duke&#039; blauwe bes, 3 planten in 9 cm potten kopen | Planten eenvoudig online bestellen | Schramas.com<\/title>\n<meta name=\"robots\" content=\"index, follow, max-snippet:-1, max-image-preview:large, max-video-preview:-1\" \/>\n<link rel=\"canonical\" href=\"https:\/\/www.schramas.com\/fr\/sv\/butik\/blabar-vaccinium-corymbosum-hertig\/\" \/>\n<meta property=\"og:locale\" content=\"fr_FR\" \/>\n<meta property=\"og:type\" content=\"article\" \/>\n<meta property=\"og:title\" content=\"Vaccinium corymbosum &#039;Duke&#039; blauwe bes, 3 planten in 9 cm potten kopen | Planten eenvoudig online bestellen | Schramas.com\" \/>\n<meta property=\"og:description\" content=\"Vaainium corymbosum &#039;Duke&#039;  Blauwe bes  Smaak: zoet  Kleur vrucht donker blauw.  Hoogte max: 1,75 meter  Geschikt voor zowel patio als volle grond  Zelf bestuivend.  Houd van zure grond.  Winterhard.  Leverhoogte incl. pot: +\/_25 cm  Pot maat: 9 cm.\" \/>\n<meta property=\"og:url\" content=\"https:\/\/www.schramas.com\/fr\/sv\/butik\/blabar-vaccinium-corymbosum-hertig\/\" \/>\n<meta property=\"og:site_name\" content=\"Planten eenvoudig online bestellen | Schramas.com\" \/>\n<meta property=\"article:publisher\" content=\"https:\/\/www.facebook.com\/Schramascom-106872874153195\/\" \/>\n<meta property=\"article:modified_time\" content=\"2026-03-26T15:33:25+00:00\" \/>\n<meta property=\"og:image\" content=\"https:\/\/www.schramas.com\/wp-content\/uploads\/2021\/06\/210617_9508123488480_Vaccinium-corymbosum-Duke-bewerkt-vooraanzicht.png\" \/>\n\t<meta property=\"og:image:width\" content=\"1200\" \/>\n\t<meta property=\"og:image:height\" content=\"1200\" \/>\n\t<meta property=\"og:image:type\" content=\"image\/png\" \/>\n<meta name=\"twitter:card\" content=\"summary_large_image\" \/>\n<script type=\"application\/ld+json\" class=\"yoast-schema-graph\">{\"@context\":\"https:\/\/schema.org\",\"@graph\":[{\"@type\":[\"WebPage\",\"ItemPage\"],\"@id\":\"https:\/\/www.schramas.com\/sv\/butik\/blabar-vaccinium-corymbosum-hertig\/\",\"url\":\"https:\/\/www.schramas.com\/sv\/butik\/blabar-vaccinium-corymbosum-hertig\/\",\"name\":\"Vaccinium corymbosum 'Duke' blauwe bes, 3 planten in 9 cm potten kopen | Planten eenvoudig online bestellen | Schramas.com\",\"isPartOf\":{\"@id\":\"https:\/\/www.schramas.com\/#website\"},\"primaryImageOfPage\":{\"@id\":\"https:\/\/www.schramas.com\/sv\/butik\/blabar-vaccinium-corymbosum-hertig\/#primaryimage\"},\"image\":{\"@id\":\"https:\/\/www.schramas.com\/sv\/butik\/blabar-vaccinium-corymbosum-hertig\/#primaryimage\"},\"thumbnailUrl\":\"https:\/\/www.schramas.com\/wp-content\/uploads\/2021\/06\/210617_9508123488480_Vaccinium-corymbosum-Duke-bewerkt-vooraanzicht.png\",\"datePublished\":\"2019-10-01T14:01:42+00:00\",\"dateModified\":\"2026-03-26T15:33:25+00:00\",\"breadcrumb\":{\"@id\":\"https:\/\/www.schramas.com\/sv\/butik\/blabar-vaccinium-corymbosum-hertig\/#breadcrumb\"},\"inLanguage\":\"fr-FR\",\"potentialAction\":[{\"@type\":\"ReadAction\",\"target\":[\"https:\/\/www.schramas.com\/sv\/butik\/blabar-vaccinium-corymbosum-hertig\/\"]}]},{\"@type\":\"ImageObject\",\"inLanguage\":\"fr-FR\",\"@id\":\"https:\/\/www.schramas.com\/sv\/butik\/blabar-vaccinium-corymbosum-hertig\/#primaryimage\",\"url\":\"https:\/\/www.schramas.com\/wp-content\/uploads\/2021\/06\/210617_9508123488480_Vaccinium-corymbosum-Duke-bewerkt-vooraanzicht.png\",\"contentUrl\":\"https:\/\/www.schramas.com\/wp-content\/uploads\/2021\/06\/210617_9508123488480_Vaccinium-corymbosum-Duke-bewerkt-vooraanzicht.png\",\"width\":1200,\"height\":1200},{\"@type\":\"BreadcrumbList\",\"@id\":\"https:\/\/www.schramas.com\/sv\/butik\/blabar-vaccinium-corymbosum-hertig\/#breadcrumb\",\"itemListElement\":[{\"@type\":\"ListItem\",\"position\":1,\"name\":\"Product\",\"item\":\"https:\/\/www.schramas.com\/assortiment\/\"},{\"@type\":\"ListItem\",\"position\":2,\"name\":\"Bomen &amp; Struiken\",\"item\":\"https:\/\/www.schramas.com\/product-category\/bomen-struiken\/\"},{\"@type\":\"ListItem\",\"position\":3,\"name\":\"Fruitstruiken\",\"item\":\"https:\/\/www.schramas.com\/de\/produktkategorie\/baume-und-straucher\/obststraucher\/\"},{\"@type\":\"ListItem\",\"position\":4,\"name\":\"Blauwe bessen\",\"item\":\"https:\/\/www.schramas.com\/de\/produktkategorie\/baume-und-straucher\/obststraucher\/blaubeeren\/\"},{\"@type\":\"ListItem\",\"position\":5,\"name\":\"Vaccinium corymbosum &#8216;Duke&#8217; blauwe bes, 3 planten in 9 cm potten\"}]},{\"@type\":\"WebSite\",\"@id\":\"https:\/\/www.schramas.com\/#website\",\"url\":\"https:\/\/www.schramas.com\/\",\"name\":\"Schramas.com | Tuinplanten eenvoudig online bestellen | Direct van onze Kwekerij\",\"description\":\"\",\"alternateName\":\"Schramas.com - Alle planten direct van de kweker\",\"potentialAction\":[{\"@type\":\"SearchAction\",\"target\":{\"@type\":\"EntryPoint\",\"urlTemplate\":\"https:\/\/www.schramas.com\/?s={search_term_string}\"},\"query-input\":{\"@type\":\"PropertyValueSpecification\",\"valueRequired\":true,\"valueName\":\"search_term_string\"}}],\"inLanguage\":\"fr-FR\"}]}<\/script>\n<!-- \/ Yoast SEO plugin. -->","yoast_head_json":{"title":"Vaccinium corymbosum 'Duke' myrtille, acheter 3 plantes en pots de 9 cm | Plantes faciles en ligne | Schramas.com","robots":{"index":"index","follow":"follow","max-snippet":"max-snippet:-1","max-image-preview":"max-image-preview:large","max-video-preview":"max-video-preview:-1"},"canonical":"https:\/\/www.schramas.com\/fr\/sv\/butik\/blabar-vaccinium-corymbosum-hertig\/","og_locale":"fr_FR","og_type":"article","og_title":"Vaccinium corymbosum 'Duke' blauwe bes, 3 planten in 9 cm potten kopen | Planten eenvoudig online bestellen | Schramas.com","og_description":"Vaainium corymbosum 'Duke'  Blauwe bes  Smaak: zoet  Kleur vrucht donker blauw.  Hoogte max: 1,75 meter  Geschikt voor zowel patio als volle grond  Zelf bestuivend.  Houd van zure grond.  Winterhard.  Leverhoogte incl. pot: +\/_25 cm  Pot maat: 9 cm.","og_url":"https:\/\/www.schramas.com\/fr\/sv\/butik\/blabar-vaccinium-corymbosum-hertig\/","og_site_name":"Planten eenvoudig online bestellen | Schramas.com","article_publisher":"https:\/\/www.facebook.com\/Schramascom-106872874153195\/","article_modified_time":"2026-03-26T15:33:25+00:00","og_image":[{"width":1200,"height":1200,"url":"https:\/\/www.schramas.com\/wp-content\/uploads\/2021\/06\/210617_9508123488480_Vaccinium-corymbosum-Duke-bewerkt-vooraanzicht.png","type":"image\/png"}],"twitter_card":"summary_large_image","schema":{"@context":"https:\/\/schema.org","@graph":[{"@type":["WebPage","ItemPage"],"@id":"https:\/\/www.schramas.com\/sv\/butik\/blabar-vaccinium-corymbosum-hertig\/","url":"https:\/\/www.schramas.com\/sv\/butik\/blabar-vaccinium-corymbosum-hertig\/","name":"Vaccinium corymbosum 'Duke' myrtille, acheter 3 plantes en pots de 9 cm | Plantes faciles en ligne | Schramas.com","isPartOf":{"@id":"https:\/\/www.schramas.com\/#website"},"primaryImageOfPage":{"@id":"https:\/\/www.schramas.com\/sv\/butik\/blabar-vaccinium-corymbosum-hertig\/#primaryimage"},"image":{"@id":"https:\/\/www.schramas.com\/sv\/butik\/blabar-vaccinium-corymbosum-hertig\/#primaryimage"},"thumbnailUrl":"https:\/\/www.schramas.com\/wp-content\/uploads\/2021\/06\/210617_9508123488480_Vaccinium-corymbosum-Duke-bewerkt-vooraanzicht.png","datePublished":"2019-10-01T14:01:42+00:00","dateModified":"2026-03-26T15:33:25+00:00","breadcrumb":{"@id":"https:\/\/www.schramas.com\/sv\/butik\/blabar-vaccinium-corymbosum-hertig\/#breadcrumb"},"inLanguage":"fr-FR","potentialAction":[{"@type":"ReadAction","target":["https:\/\/www.schramas.com\/sv\/butik\/blabar-vaccinium-corymbosum-hertig\/"]}]},{"@type":"ImageObject","inLanguage":"fr-FR","@id":"https:\/\/www.schramas.com\/sv\/butik\/blabar-vaccinium-corymbosum-hertig\/#primaryimage","url":"https:\/\/www.schramas.com\/wp-content\/uploads\/2021\/06\/210617_9508123488480_Vaccinium-corymbosum-Duke-bewerkt-vooraanzicht.png","contentUrl":"https:\/\/www.schramas.com\/wp-content\/uploads\/2021\/06\/210617_9508123488480_Vaccinium-corymbosum-Duke-bewerkt-vooraanzicht.png","width":1200,"height":1200},{"@type":"BreadcrumbList","@id":"https:\/\/www.schramas.com\/sv\/butik\/blabar-vaccinium-corymbosum-hertig\/#breadcrumb","itemListElement":[{"@type":"ListItem","position":1,"name":"Product","item":"https:\/\/www.schramas.com\/assortiment\/"},{"@type":"ListItem","position":2,"name":"Bomen &amp; Struiken","item":"https:\/\/www.schramas.com\/product-category\/bomen-struiken\/"},{"@type":"ListItem","position":3,"name":"Fruitstruiken","item":"https:\/\/www.schramas.com\/de\/produktkategorie\/baume-und-straucher\/obststraucher\/"},{"@type":"ListItem","position":4,"name":"Blauwe bessen","item":"https:\/\/www.schramas.com\/de\/produktkategorie\/baume-und-straucher\/obststraucher\/blaubeeren\/"},{"@type":"ListItem","position":5,"name":"Vaccinium corymbosum &#8216;Duke&#8217; blauwe bes, 3 planten in 9 cm potten"}]},{"@type":"WebSite","@id":"https:\/\/www.schramas.com\/#website","url":"https:\/\/www.schramas.com\/","name":"Schramas.com | Plantes de jardin faciles \u00e0 commander en ligne | En direct de notre p\u00e9pini\u00e8re","description":"","alternateName":"Schramas.com - Alle planten direct van de kweker","potentialAction":[{"@type":"SearchAction","target":{"@type":"EntryPoint","urlTemplate":"https:\/\/www.schramas.com\/?s={search_term_string}"},"query-input":{"@type":"PropertyValueSpecification","valueRequired":true,"valueName":"search_term_string"}}],"inLanguage":"fr-FR"}]}},"_links":{"self":[{"href":"https:\/\/www.schramas.com\/fr\/wp-json\/wp\/v2\/product\/5899","targetHints":{"allow":["GET"]}}],"collection":[{"href":"https:\/\/www.schramas.com\/fr\/wp-json\/wp\/v2\/product"}],"about":[{"href":"https:\/\/www.schramas.com\/fr\/wp-json\/wp\/v2\/types\/product"}],"version-history":[{"count":0,"href":"https:\/\/www.schramas.com\/fr\/wp-json\/wp\/v2\/product\/5899\/revisions"}],"wp:featuredmedia":[{"embeddable":true,"href":"https:\/\/www.schramas.com\/fr\/wp-json\/wp\/v2\/media\/16265"}],"wp:attachment":[{"href":"https:\/\/www.schramas.com\/fr\/wp-json\/wp\/v2\/media?parent=5899"}],"wp:term":[{"taxonomy":"product_brand","embeddable":true,"href":"https:\/\/www.schramas.com\/fr\/wp-json\/wp\/v2\/product_brand?post=5899"},{"taxonomy":"product_cat","embeddable":true,"href":"https:\/\/www.schramas.com\/fr\/wp-json\/wp\/v2\/product_cat?post=5899"},{"taxonomy":"product_tag","embeddable":true,"href":"https:\/\/www.schramas.com\/fr\/wp-json\/wp\/v2\/product_tag?post=5899"}],"curies":[{"name":"wp","href":"https:\/\/api.w.org\/{rel}","templated":true}]}}