{"id":5900,"date":"2019-10-01T16:23:35","date_gmt":"2019-10-01T14:23:35","guid":{"rendered":"http:\/\/www.schramas.com\/?post_type=product&#038;p=5900"},"modified":"2026-03-26T16:33:25","modified_gmt":"2026-03-26T15:33:25","slug":"ribes-nigrum-cassis-titania","status":"publish","type":"product","link":"https:\/\/www.schramas.com\/fr\/boutique\/ribes-nigrum-cassis-titania\/","title":{"rendered":"Ribes nigrum 'Titania' cassis, baies en pot de 9 cm"},"content":{"rendered":"<p>Ce cassis est une vari\u00e9t\u00e9 de baies tr\u00e8s productive. Le Ribes nigrum &#039;Titania&#039; est surtout connu pour le cassis obtenu \u00e0 partir de cette baie. Cette vari\u00e9t\u00e9 produit un grand nombre de baies juteuses en grosses grappes lorsqu&#039;elle est jeune. Il est tr\u00e8s rustique et r\u00e9siste aux gel\u00e9es tardives. Cette plante attire les abeilles et les papillons lors de la floraison. Un autre nom du ribes nigrum &#039;Titania&#039; est aussi appel\u00e9 cassis.<\/p>","protected":false},"excerpt":{"rendered":"<p>Ribes nigrum &#039;Titania&#039;<\/p>\n<p>Cassis.<\/p>\n<p>Go\u00fbt : doux et aromatique<\/p>\n<p>Couleur du fruit : noir<\/p>\n<p>Hauteur maximale : 1,75 m\u00e8tre<\/p>\n<p>Convient aussi bien pour les terrasses que pour les terrains en plein air.<\/p>\n<p>Autopollinisation<\/p>\n<p>R\u00e9sistant au gel<\/p>\n<p>Hauteur de livraison avec pot : +\/_30 cm<\/p>\n<p>Taille du pot : 9 cm.<\/p>","protected":false},"featured_media":12682,"template":"","meta":{"_joinchat":[]},"product_brand":[],"product_cat":[41,262,234],"product_tag":[646,603,598,661,351,316,662],"class_list":{"0":"post-5900","1":"product","2":"type-product","3":"status-publish","4":"has-post-thumbnail","6":"product_cat-aalbessen","7":"product_cat-bomen-struiken","8":"product_cat-fruitstruiken","9":"product_tag-aalbes","10":"product_tag-bessen","11":"product_tag-ribes","12":"product_tag-titania","13":"product_tag-winterhard","14":"product_tag-zelfbestuivend","15":"product_tag-zwarte-bes","16":"pa_bloeimaanden-april","17":"pa_bloeimaanden-mei","18":"pa_groeihoogte-150-200-cm","19":"pa_pot-9-cm-pot","21":"first","22":"instock","23":"taxable","24":"shipping-taxable","25":"purchasable","26":"product-type-simple"},"yoast_head":"<!-- This site is optimized with the Yoast SEO plugin v24.2 - https:\/\/yoast.com\/wordpress\/plugins\/seo\/ -->\n<title>Ribes nigrum &#039;Titania&#039; zwarte aalbes, 9 cm potbes kopen | Planten eenvoudig online bestellen | Schramas.com<\/title>\n<meta name=\"robots\" content=\"index, follow, max-snippet:-1, max-image-preview:large, max-video-preview:-1\" \/>\n<link rel=\"canonical\" href=\"https:\/\/www.schramas.com\/fr\/boutique\/ribes-nigrum-cassis-titania\/\" \/>\n<meta property=\"og:locale\" content=\"fr_FR\" \/>\n<meta property=\"og:type\" content=\"article\" \/>\n<meta property=\"og:title\" content=\"Ribes nigrum &#039;Titania&#039; zwarte aalbes, 9 cm potbes kopen | Planten eenvoudig online bestellen | Schramas.com\" \/>\n<meta property=\"og:description\" content=\"Ribes nigrum &#039;Titania&#039;  Zwarte bes.  Smaak: zoet aromatisch  Kleur vrucht: zwart  Hoogte max: 1.75 meter  Geschikt voor zowel patio als volle grond.  Zelf bestuivend  Vorst bestending  Leverhoogte incl. pot: +\/_30 cm  Pot maat: 9 cm.\" \/>\n<meta property=\"og:url\" content=\"https:\/\/www.schramas.com\/fr\/boutique\/ribes-nigrum-cassis-titania\/\" \/>\n<meta property=\"og:site_name\" content=\"Planten eenvoudig online bestellen | Schramas.com\" \/>\n<meta property=\"article:publisher\" content=\"https:\/\/www.facebook.com\/Schramascom-106872874153195\/\" \/>\n<meta property=\"article:modified_time\" content=\"2026-03-26T15:33:25+00:00\" \/>\n<meta property=\"og:image\" content=\"http:\/\/www.schramas.com\/wp-content\/uploads\/2019\/10\/Ribes-nigrum-Titania-Schramas-met-cirkel.png\" \/>\n\t<meta property=\"og:image:width\" content=\"500\" \/>\n\t<meta property=\"og:image:height\" content=\"500\" \/>\n\t<meta property=\"og:image:type\" content=\"image\/png\" \/>\n<meta name=\"twitter:card\" content=\"summary_large_image\" \/>\n<script type=\"application\/ld+json\" class=\"yoast-schema-graph\">{\"@context\":\"https:\/\/schema.org\",\"@graph\":[{\"@type\":[\"WebPage\",\"ItemPage\"],\"@id\":\"https:\/\/www.schramas.com\/winkel\/zwarte-bes-ribes-nigrum-titania\/\",\"url\":\"https:\/\/www.schramas.com\/winkel\/zwarte-bes-ribes-nigrum-titania\/\",\"name\":\"Ribes nigrum 'Titania' zwarte aalbes, 9 cm potbes kopen | Planten eenvoudig online bestellen | Schramas.com\",\"isPartOf\":{\"@id\":\"https:\/\/www.schramas.com\/#website\"},\"primaryImageOfPage\":{\"@id\":\"https:\/\/www.schramas.com\/winkel\/zwarte-bes-ribes-nigrum-titania\/#primaryimage\"},\"image\":{\"@id\":\"https:\/\/www.schramas.com\/winkel\/zwarte-bes-ribes-nigrum-titania\/#primaryimage\"},\"thumbnailUrl\":\"https:\/\/www.schramas.com\/wp-content\/uploads\/2019\/10\/Ribes-nigrum-Titania-Schramas-met-cirkel.png\",\"datePublished\":\"2019-10-01T14:23:35+00:00\",\"dateModified\":\"2026-03-26T15:33:25+00:00\",\"breadcrumb\":{\"@id\":\"https:\/\/www.schramas.com\/winkel\/zwarte-bes-ribes-nigrum-titania\/#breadcrumb\"},\"inLanguage\":\"fr-FR\",\"potentialAction\":[{\"@type\":\"ReadAction\",\"target\":[\"https:\/\/www.schramas.com\/winkel\/zwarte-bes-ribes-nigrum-titania\/\"]}]},{\"@type\":\"ImageObject\",\"inLanguage\":\"fr-FR\",\"@id\":\"https:\/\/www.schramas.com\/winkel\/zwarte-bes-ribes-nigrum-titania\/#primaryimage\",\"url\":\"https:\/\/www.schramas.com\/wp-content\/uploads\/2019\/10\/Ribes-nigrum-Titania-Schramas-met-cirkel.png\",\"contentUrl\":\"https:\/\/www.schramas.com\/wp-content\/uploads\/2019\/10\/Ribes-nigrum-Titania-Schramas-met-cirkel.png\",\"width\":500,\"height\":500},{\"@type\":\"BreadcrumbList\",\"@id\":\"https:\/\/www.schramas.com\/winkel\/zwarte-bes-ribes-nigrum-titania\/#breadcrumb\",\"itemListElement\":[{\"@type\":\"ListItem\",\"position\":1,\"name\":\"Product\",\"item\":\"https:\/\/www.schramas.com\/assortiment\/\"},{\"@type\":\"ListItem\",\"position\":2,\"name\":\"Bomen &amp; Struiken\",\"item\":\"https:\/\/www.schramas.com\/product-category\/bomen-struiken\/\"},{\"@type\":\"ListItem\",\"position\":3,\"name\":\"Fruitstruiken\",\"item\":\"https:\/\/www.schramas.com\/de\/produktkategorie\/baume-und-straucher\/obststraucher\/\"},{\"@type\":\"ListItem\",\"position\":4,\"name\":\"Aalbessen\",\"item\":\"https:\/\/www.schramas.com\/product-category\/bomen-struiken\/fruitstruiken\/aalbessen\/\"},{\"@type\":\"ListItem\",\"position\":5,\"name\":\"Ribes nigrum &#8216;Titania&#8217; zwarte aalbes, 9 cm potbes\"}]},{\"@type\":\"WebSite\",\"@id\":\"https:\/\/www.schramas.com\/#website\",\"url\":\"https:\/\/www.schramas.com\/\",\"name\":\"Schramas.com | Tuinplanten eenvoudig online bestellen | Direct van onze Kwekerij\",\"description\":\"\",\"alternateName\":\"Schramas.com - Alle planten direct van de kweker\",\"potentialAction\":[{\"@type\":\"SearchAction\",\"target\":{\"@type\":\"EntryPoint\",\"urlTemplate\":\"https:\/\/www.schramas.com\/?s={search_term_string}\"},\"query-input\":{\"@type\":\"PropertyValueSpecification\",\"valueRequired\":true,\"valueName\":\"search_term_string\"}}],\"inLanguage\":\"fr-FR\"}]}<\/script>\n<!-- \/ Yoast SEO plugin. -->","yoast_head_json":{"title":"Acheter Ribes nigrum &#039;Titania&#039; cassis, baie en pot de 9 cm | Commandez facilement des plantes en ligne | Schramas.com","robots":{"index":"index","follow":"follow","max-snippet":"max-snippet:-1","max-image-preview":"max-image-preview:large","max-video-preview":"max-video-preview:-1"},"canonical":"https:\/\/www.schramas.com\/fr\/boutique\/ribes-nigrum-cassis-titania\/","og_locale":"fr_FR","og_type":"article","og_title":"Ribes nigrum 'Titania' zwarte aalbes, 9 cm potbes kopen | Planten eenvoudig online bestellen | Schramas.com","og_description":"Ribes nigrum 'Titania'  Zwarte bes.  Smaak: zoet aromatisch  Kleur vrucht: zwart  Hoogte max: 1.75 meter  Geschikt voor zowel patio als volle grond.  Zelf bestuivend  Vorst bestending  Leverhoogte incl. pot: +\/_30 cm  Pot maat: 9 cm.","og_url":"https:\/\/www.schramas.com\/fr\/boutique\/ribes-nigrum-cassis-titania\/","og_site_name":"Planten eenvoudig online bestellen | Schramas.com","article_publisher":"https:\/\/www.facebook.com\/Schramascom-106872874153195\/","article_modified_time":"2026-03-26T15:33:25+00:00","og_image":[{"width":500,"height":500,"url":"http:\/\/www.schramas.com\/wp-content\/uploads\/2019\/10\/Ribes-nigrum-Titania-Schramas-met-cirkel.png","type":"image\/png"}],"twitter_card":"summary_large_image","schema":{"@context":"https:\/\/schema.org","@graph":[{"@type":["WebPage","ItemPage"],"@id":"https:\/\/www.schramas.com\/winkel\/zwarte-bes-ribes-nigrum-titania\/","url":"https:\/\/www.schramas.com\/winkel\/zwarte-bes-ribes-nigrum-titania\/","name":"Acheter Ribes nigrum &#039;Titania&#039; cassis, baie en pot de 9 cm | Commandez facilement des plantes en ligne | Schramas.com","isPartOf":{"@id":"https:\/\/www.schramas.com\/#website"},"primaryImageOfPage":{"@id":"https:\/\/www.schramas.com\/winkel\/zwarte-bes-ribes-nigrum-titania\/#primaryimage"},"image":{"@id":"https:\/\/www.schramas.com\/winkel\/zwarte-bes-ribes-nigrum-titania\/#primaryimage"},"thumbnailUrl":"https:\/\/www.schramas.com\/wp-content\/uploads\/2019\/10\/Ribes-nigrum-Titania-Schramas-met-cirkel.png","datePublished":"2019-10-01T14:23:35+00:00","dateModified":"2026-03-26T15:33:25+00:00","breadcrumb":{"@id":"https:\/\/www.schramas.com\/winkel\/zwarte-bes-ribes-nigrum-titania\/#breadcrumb"},"inLanguage":"fr-FR","potentialAction":[{"@type":"ReadAction","target":["https:\/\/www.schramas.com\/winkel\/zwarte-bes-ribes-nigrum-titania\/"]}]},{"@type":"ImageObject","inLanguage":"fr-FR","@id":"https:\/\/www.schramas.com\/winkel\/zwarte-bes-ribes-nigrum-titania\/#primaryimage","url":"https:\/\/www.schramas.com\/wp-content\/uploads\/2019\/10\/Ribes-nigrum-Titania-Schramas-met-cirkel.png","contentUrl":"https:\/\/www.schramas.com\/wp-content\/uploads\/2019\/10\/Ribes-nigrum-Titania-Schramas-met-cirkel.png","width":500,"height":500},{"@type":"BreadcrumbList","@id":"https:\/\/www.schramas.com\/winkel\/zwarte-bes-ribes-nigrum-titania\/#breadcrumb","itemListElement":[{"@type":"ListItem","position":1,"name":"Product","item":"https:\/\/www.schramas.com\/assortiment\/"},{"@type":"ListItem","position":2,"name":"Bomen &amp; Struiken","item":"https:\/\/www.schramas.com\/product-category\/bomen-struiken\/"},{"@type":"ListItem","position":3,"name":"Fruitstruiken","item":"https:\/\/www.schramas.com\/de\/produktkategorie\/baume-und-straucher\/obststraucher\/"},{"@type":"ListItem","position":4,"name":"Aalbessen","item":"https:\/\/www.schramas.com\/product-category\/bomen-struiken\/fruitstruiken\/aalbessen\/"},{"@type":"ListItem","position":5,"name":"Ribes nigrum &#8216;Titania&#8217; zwarte aalbes, 9 cm potbes"}]},{"@type":"WebSite","@id":"https:\/\/www.schramas.com\/#website","url":"https:\/\/www.schramas.com\/","name":"Schramas.com | Plantes de jardin faciles \u00e0 commander en ligne | En direct de notre p\u00e9pini\u00e8re","description":"","alternateName":"Schramas.com - Alle planten direct van de kweker","potentialAction":[{"@type":"SearchAction","target":{"@type":"EntryPoint","urlTemplate":"https:\/\/www.schramas.com\/?s={search_term_string}"},"query-input":{"@type":"PropertyValueSpecification","valueRequired":true,"valueName":"search_term_string"}}],"inLanguage":"fr-FR"}]}},"_links":{"self":[{"href":"https:\/\/www.schramas.com\/fr\/wp-json\/wp\/v2\/product\/5900","targetHints":{"allow":["GET"]}}],"collection":[{"href":"https:\/\/www.schramas.com\/fr\/wp-json\/wp\/v2\/product"}],"about":[{"href":"https:\/\/www.schramas.com\/fr\/wp-json\/wp\/v2\/types\/product"}],"version-history":[{"count":1,"href":"https:\/\/www.schramas.com\/fr\/wp-json\/wp\/v2\/product\/5900\/revisions"}],"predecessor-version":[{"id":44599,"href":"https:\/\/www.schramas.com\/fr\/wp-json\/wp\/v2\/product\/5900\/revisions\/44599"}],"wp:featuredmedia":[{"embeddable":true,"href":"https:\/\/www.schramas.com\/fr\/wp-json\/wp\/v2\/media\/12682"}],"wp:attachment":[{"href":"https:\/\/www.schramas.com\/fr\/wp-json\/wp\/v2\/media?parent=5900"}],"wp:term":[{"taxonomy":"product_brand","embeddable":true,"href":"https:\/\/www.schramas.com\/fr\/wp-json\/wp\/v2\/product_brand?post=5900"},{"taxonomy":"product_cat","embeddable":true,"href":"https:\/\/www.schramas.com\/fr\/wp-json\/wp\/v2\/product_cat?post=5900"},{"taxonomy":"product_tag","embeddable":true,"href":"https:\/\/www.schramas.com\/fr\/wp-json\/wp\/v2\/product_tag?post=5900"}],"curies":[{"name":"wp","href":"https:\/\/api.w.org\/{rel}","templated":true}]}}