{"id":6125,"date":"2019-10-17T15:42:28","date_gmt":"2019-10-17T13:42:28","guid":{"rendered":"https:\/\/www.schramas.com\/?post_type=product&#038;p=6125"},"modified":"2026-05-14T22:48:02","modified_gmt":"2026-05-14T20:48:02","slug":"batons-de-tonkin-bambou-_-120-cm","status":"publish","type":"product","link":"https:\/\/www.schramas.com\/fr\/boutique\/batons-de-tonkin-bambou-_-120-cm\/","title":{"rendered":"Lot de 25x baguettes de bambou - Circa 120cm - Epaisseur 8\/10mm - Baguettes de Tonka - Bambou - support de plantes"},"content":{"rendered":"<p>Produit naturel de haute qualit\u00e9, reconnaissable \u00e0 sa couleur jaune et \u00e0 sa qualit\u00e9 droite et souple,<br \/>\nsans restes de feuilles ni pousses lat\u00e9rales. Le B\u00e2ton de Bambou Tonkin de 8-10 mm de diam\u00e8tre est souvent utilis\u00e9 pour soutenir des arbres, des plantes et des fleurs, mais aussi \u00e0 des fins cr\u00e9atives dans les \u00e9coles, les associations, les entreprises ou \u00e0 la maison. Le b\u00e2ton de bambou Tonkin est beau et droit, il conserve sa forme et ne pr\u00e9sente donc pratiquement aucune d\u00e9viation sur toute la longueur du b\u00e2ton. Le bambou Tonkin est \u00e0 parois \u00e9paisses et donc adapt\u00e9 \u00e0 une utilisation en ext\u00e9rieur, m\u00eame en contact avec le sol. Compar\u00e9s aux autres esp\u00e8ces de bambou chinois Moso, les b\u00e2tons de bambou du Tonkin sont de couleur l\u00e9g\u00e8rement plus p\u00e2le (plus blanche).<\/p>\n<p><strong>Sp\u00e9cifications du produit :<\/strong><br \/>\nB\u00e2tons de Tonkin (bambou) Ensemble de 25 pi\u00e8ces.<\/p>\n<ul>\n<li>longueur +\/- 120 cm<\/li>\n<li>\u00c9paisseur 8-10 mm<\/li>\n<\/ul>\n<p><strong>TRAVAILLER AVEC LE BAMBOU<br \/>\n<\/strong>Les b\u00e2tons de bambou peuvent \u00eatre connect\u00e9s de diff\u00e9rentes mani\u00e8res. La plupart des techniques utilisent du cordage et\/ou des tiges filet\u00e9es, mais des m\u00e9thodes plus avanc\u00e9es comme la connexion en bouche de poisson ou la connexion par tenon et mortaise sont \u00e9galement possibles. Si vous souhaitez utiliser des vis pour monter les poteaux en bambou, il est pr\u00e9f\u00e9rable de les pr\u00e9-percer pour \u00e9viter les fissures. Il est pr\u00e9f\u00e9rable de couper le bambou avec une scie japonaise. Cette scie \u00e0 bambou sp\u00e9ciale est dot\u00e9e de dents hybrides pour des coupes transversales et des coupes d&#039;onglet faciles, rapides et pr\u00e9cises. Si vous souhaitez placer des b\u00e2tons de bambou dans le sol, nous vous recommandons d&#039;appliquer Bamboo Soil Protector sur la partie qui p\u00e9n\u00e8tre dans le sol. Ce rev\u00eatement noir sp\u00e9cial pr\u00e9serve le bambou et le prot\u00e8ge de la pourriture du bois.<\/p>","protected":false},"excerpt":{"rendered":"<p>B\u00e2ton Tonkin en bambou, lot de 25 pi\u00e8ces<\/p>\n<p>Longueur environ 120 cm<\/p>\n<p>\u00c9paisseur : 8-10 mm<\/p>","protected":false},"featured_media":20776,"template":"","meta":{"_joinchat":[]},"product_brand":[],"product_cat":[137,1076,142],"product_tag":[540,637,636,635],"class_list":{"0":"post-6125","1":"product","2":"type-product","3":"status-publish","4":"has-post-thumbnail","6":"product_cat-accessoires","7":"product_cat-plantensteunen","8":"product_cat-gereedschap","9":"product_tag-bamboe","10":"product_tag-geleiden","11":"product_tag-ondersteuning-plant","12":"product_tag-tonkingstokken","14":"first","15":"instock","16":"taxable","17":"shipping-taxable","18":"purchasable","19":"product-type-simple"},"yoast_head":"<!-- This site is optimized with the Yoast SEO plugin v24.2 - https:\/\/yoast.com\/wordpress\/plugins\/seo\/ -->\n<title>Set van 25x bamboestokken - Circa 120cm - Dikte 8\/10mm - Tonkinstokken - Bamboe - plantensteun kopen | Planten eenvoudig online bestellen | Schramas.com<\/title>\n<meta name=\"robots\" content=\"index, follow, max-snippet:-1, max-image-preview:large, max-video-preview:-1\" \/>\n<link rel=\"canonical\" href=\"https:\/\/www.schramas.com\/fr\/boutique\/batons-de-tonkin-bambou-_-120-cm\/\" \/>\n<meta property=\"og:locale\" content=\"fr_FR\" \/>\n<meta property=\"og:type\" content=\"article\" \/>\n<meta property=\"og:title\" content=\"Set van 25x bamboestokken - Circa 120cm - Dikte 8\/10mm - Tonkinstokken - Bamboe - plantensteun kopen | Planten eenvoudig online bestellen | Schramas.com\" \/>\n<meta property=\"og:description\" content=\"Tonkin-stok van bamboe, set van 25 stuks  Lengte circa 120 cm  Dikte: 8-10 mm\" \/>\n<meta property=\"og:url\" content=\"https:\/\/www.schramas.com\/fr\/boutique\/batons-de-tonkin-bambou-_-120-cm\/\" \/>\n<meta property=\"og:site_name\" content=\"Planten eenvoudig online bestellen | Schramas.com\" \/>\n<meta property=\"article:publisher\" content=\"https:\/\/www.facebook.com\/Schramascom-106872874153195\/\" \/>\n<meta property=\"article:modified_time\" content=\"2026-05-14T20:48:02+00:00\" \/>\n<meta property=\"og:image\" content=\"http:\/\/www.schramas.com\/wp-content\/uploads\/2019\/10\/Tonkintokken-25x.jpg\" \/>\n\t<meta property=\"og:image:width\" content=\"1200\" \/>\n\t<meta property=\"og:image:height\" content=\"1200\" \/>\n\t<meta property=\"og:image:type\" content=\"image\/jpeg\" \/>\n<meta name=\"twitter:card\" content=\"summary_large_image\" \/>\n<meta name=\"twitter:label1\" content=\"Dur\u00e9e de lecture estim\u00e9e\" \/>\n\t<meta name=\"twitter:data1\" content=\"1 minute\" \/>\n<script type=\"application\/ld+json\" class=\"yoast-schema-graph\">{\"@context\":\"https:\/\/schema.org\",\"@graph\":[{\"@type\":[\"WebPage\",\"ItemPage\"],\"@id\":\"https:\/\/www.schramas.com\/winkel\/tonkin-stokken-bamboe-_-120-cm\/\",\"url\":\"https:\/\/www.schramas.com\/winkel\/tonkin-stokken-bamboe-_-120-cm\/\",\"name\":\"Set van 25x bamboestokken - Circa 120cm - Dikte 8\/10mm - Tonkinstokken - Bamboe - plantensteun kopen | Planten eenvoudig online bestellen | Schramas.com\",\"isPartOf\":{\"@id\":\"https:\/\/www.schramas.com\/#website\"},\"primaryImageOfPage\":{\"@id\":\"https:\/\/www.schramas.com\/winkel\/tonkin-stokken-bamboe-_-120-cm\/#primaryimage\"},\"image\":{\"@id\":\"https:\/\/www.schramas.com\/winkel\/tonkin-stokken-bamboe-_-120-cm\/#primaryimage\"},\"thumbnailUrl\":\"https:\/\/www.schramas.com\/wp-content\/uploads\/2019\/10\/Tonkintokken-25x.jpg\",\"datePublished\":\"2019-10-17T13:42:28+00:00\",\"dateModified\":\"2026-05-14T20:48:02+00:00\",\"breadcrumb\":{\"@id\":\"https:\/\/www.schramas.com\/winkel\/tonkin-stokken-bamboe-_-120-cm\/#breadcrumb\"},\"inLanguage\":\"fr-FR\",\"potentialAction\":[{\"@type\":\"ReadAction\",\"target\":[\"https:\/\/www.schramas.com\/winkel\/tonkin-stokken-bamboe-_-120-cm\/\"]}]},{\"@type\":\"ImageObject\",\"inLanguage\":\"fr-FR\",\"@id\":\"https:\/\/www.schramas.com\/winkel\/tonkin-stokken-bamboe-_-120-cm\/#primaryimage\",\"url\":\"https:\/\/www.schramas.com\/wp-content\/uploads\/2019\/10\/Tonkintokken-25x.jpg\",\"contentUrl\":\"https:\/\/www.schramas.com\/wp-content\/uploads\/2019\/10\/Tonkintokken-25x.jpg\",\"width\":1200,\"height\":1200},{\"@type\":\"BreadcrumbList\",\"@id\":\"https:\/\/www.schramas.com\/winkel\/tonkin-stokken-bamboe-_-120-cm\/#breadcrumb\",\"itemListElement\":[{\"@type\":\"ListItem\",\"position\":1,\"name\":\"Product\",\"item\":\"https:\/\/www.schramas.com\/assortiment\/\"},{\"@type\":\"ListItem\",\"position\":2,\"name\":\"Accessoires\",\"item\":\"https:\/\/www.schramas.com\/product-category\/accessoires\/\"},{\"@type\":\"ListItem\",\"position\":3,\"name\":\"Tuingereedschap\",\"item\":\"https:\/\/www.schramas.com\/product-category\/accessoires\/gereedschap\/\"},{\"@type\":\"ListItem\",\"position\":4,\"name\":\"Set van 25x bamboestokken &#8211; Circa 120cm &#8211; Dikte 8\/10mm &#8211; Tonkinstokken &#8211; Bamboe &#8211; plantensteun\"}]},{\"@type\":\"WebSite\",\"@id\":\"https:\/\/www.schramas.com\/#website\",\"url\":\"https:\/\/www.schramas.com\/\",\"name\":\"Schramas.com | Tuinplanten eenvoudig online bestellen | Direct van onze Kwekerij\",\"description\":\"\",\"alternateName\":\"Schramas.com - Alle planten direct van de kweker\",\"potentialAction\":[{\"@type\":\"SearchAction\",\"target\":{\"@type\":\"EntryPoint\",\"urlTemplate\":\"https:\/\/www.schramas.com\/?s={search_term_string}\"},\"query-input\":{\"@type\":\"PropertyValueSpecification\",\"valueRequired\":true,\"valueName\":\"search_term_string\"}}],\"inLanguage\":\"fr-FR\"}]}<\/script>\n<!-- \/ Yoast SEO plugin. -->","yoast_head_json":{"title":"Lot de 25x b\u00e2tons de bambou - Environ 120 cm - \u00c9paisseur 8\/10 mm - B\u00e2tons de Tonkin - Bambou - acheter support pour plantes | Commandez facilement des plantes en ligne | Schramas.com","robots":{"index":"index","follow":"follow","max-snippet":"max-snippet:-1","max-image-preview":"max-image-preview:large","max-video-preview":"max-video-preview:-1"},"canonical":"https:\/\/www.schramas.com\/fr\/boutique\/batons-de-tonkin-bambou-_-120-cm\/","og_locale":"fr_FR","og_type":"article","og_title":"Set van 25x bamboestokken - Circa 120cm - Dikte 8\/10mm - Tonkinstokken - Bamboe - plantensteun kopen | Planten eenvoudig online bestellen | Schramas.com","og_description":"Tonkin-stok van bamboe, set van 25 stuks  Lengte circa 120 cm  Dikte: 8-10 mm","og_url":"https:\/\/www.schramas.com\/fr\/boutique\/batons-de-tonkin-bambou-_-120-cm\/","og_site_name":"Planten eenvoudig online bestellen | Schramas.com","article_publisher":"https:\/\/www.facebook.com\/Schramascom-106872874153195\/","article_modified_time":"2026-05-14T20:48:02+00:00","og_image":[{"width":1200,"height":1200,"url":"http:\/\/www.schramas.com\/wp-content\/uploads\/2019\/10\/Tonkintokken-25x.jpg","type":"image\/jpeg"}],"twitter_card":"summary_large_image","twitter_misc":{"Dur\u00e9e de lecture estim\u00e9e":"1 minute"},"schema":{"@context":"https:\/\/schema.org","@graph":[{"@type":["WebPage","ItemPage"],"@id":"https:\/\/www.schramas.com\/winkel\/tonkin-stokken-bamboe-_-120-cm\/","url":"https:\/\/www.schramas.com\/winkel\/tonkin-stokken-bamboe-_-120-cm\/","name":"Lot de 25x b\u00e2tons de bambou - Environ 120 cm - \u00c9paisseur 8\/10 mm - B\u00e2tons de Tonkin - Bambou - acheter support pour plantes | Commandez facilement des plantes en ligne | Schramas.com","isPartOf":{"@id":"https:\/\/www.schramas.com\/#website"},"primaryImageOfPage":{"@id":"https:\/\/www.schramas.com\/winkel\/tonkin-stokken-bamboe-_-120-cm\/#primaryimage"},"image":{"@id":"https:\/\/www.schramas.com\/winkel\/tonkin-stokken-bamboe-_-120-cm\/#primaryimage"},"thumbnailUrl":"https:\/\/www.schramas.com\/wp-content\/uploads\/2019\/10\/Tonkintokken-25x.jpg","datePublished":"2019-10-17T13:42:28+00:00","dateModified":"2026-05-14T20:48:02+00:00","breadcrumb":{"@id":"https:\/\/www.schramas.com\/winkel\/tonkin-stokken-bamboe-_-120-cm\/#breadcrumb"},"inLanguage":"fr-FR","potentialAction":[{"@type":"ReadAction","target":["https:\/\/www.schramas.com\/winkel\/tonkin-stokken-bamboe-_-120-cm\/"]}]},{"@type":"ImageObject","inLanguage":"fr-FR","@id":"https:\/\/www.schramas.com\/winkel\/tonkin-stokken-bamboe-_-120-cm\/#primaryimage","url":"https:\/\/www.schramas.com\/wp-content\/uploads\/2019\/10\/Tonkintokken-25x.jpg","contentUrl":"https:\/\/www.schramas.com\/wp-content\/uploads\/2019\/10\/Tonkintokken-25x.jpg","width":1200,"height":1200},{"@type":"BreadcrumbList","@id":"https:\/\/www.schramas.com\/winkel\/tonkin-stokken-bamboe-_-120-cm\/#breadcrumb","itemListElement":[{"@type":"ListItem","position":1,"name":"Product","item":"https:\/\/www.schramas.com\/assortiment\/"},{"@type":"ListItem","position":2,"name":"Accessoires","item":"https:\/\/www.schramas.com\/product-category\/accessoires\/"},{"@type":"ListItem","position":3,"name":"Tuingereedschap","item":"https:\/\/www.schramas.com\/product-category\/accessoires\/gereedschap\/"},{"@type":"ListItem","position":4,"name":"Set van 25x bamboestokken &#8211; Circa 120cm &#8211; Dikte 8\/10mm &#8211; Tonkinstokken &#8211; Bamboe &#8211; plantensteun"}]},{"@type":"WebSite","@id":"https:\/\/www.schramas.com\/#website","url":"https:\/\/www.schramas.com\/","name":"Schramas.com | Plantes de jardin faciles \u00e0 commander en ligne | En direct de notre p\u00e9pini\u00e8re","description":"","alternateName":"Schramas.com - Alle planten direct van de kweker","potentialAction":[{"@type":"SearchAction","target":{"@type":"EntryPoint","urlTemplate":"https:\/\/www.schramas.com\/?s={search_term_string}"},"query-input":{"@type":"PropertyValueSpecification","valueRequired":true,"valueName":"search_term_string"}}],"inLanguage":"fr-FR"}]}},"_links":{"self":[{"href":"https:\/\/www.schramas.com\/fr\/wp-json\/wp\/v2\/product\/6125","targetHints":{"allow":["GET"]}}],"collection":[{"href":"https:\/\/www.schramas.com\/fr\/wp-json\/wp\/v2\/product"}],"about":[{"href":"https:\/\/www.schramas.com\/fr\/wp-json\/wp\/v2\/types\/product"}],"version-history":[{"count":1,"href":"https:\/\/www.schramas.com\/fr\/wp-json\/wp\/v2\/product\/6125\/revisions"}],"predecessor-version":[{"id":46525,"href":"https:\/\/www.schramas.com\/fr\/wp-json\/wp\/v2\/product\/6125\/revisions\/46525"}],"wp:featuredmedia":[{"embeddable":true,"href":"https:\/\/www.schramas.com\/fr\/wp-json\/wp\/v2\/media\/20776"}],"wp:attachment":[{"href":"https:\/\/www.schramas.com\/fr\/wp-json\/wp\/v2\/media?parent=6125"}],"wp:term":[{"taxonomy":"product_brand","embeddable":true,"href":"https:\/\/www.schramas.com\/fr\/wp-json\/wp\/v2\/product_brand?post=6125"},{"taxonomy":"product_cat","embeddable":true,"href":"https:\/\/www.schramas.com\/fr\/wp-json\/wp\/v2\/product_cat?post=6125"},{"taxonomy":"product_tag","embeddable":true,"href":"https:\/\/www.schramas.com\/fr\/wp-json\/wp\/v2\/product_tag?post=6125"}],"curies":[{"name":"wp","href":"https:\/\/api.w.org\/{rel}","templated":true}]}}