{"id":62165,"date":"2025-11-07T15:55:59","date_gmt":"2025-11-07T14:55:59","guid":{"rendered":"https:\/\/www.schramas.com\/?post_type=product&#038;p=62165"},"modified":"2026-04-19T17:14:16","modified_gmt":"2026-04-19T15:14:16","slug":"juglans-regia-fernor-noyer-pot-de-5-litres","status":"publish","type":"product","link":"https:\/\/www.schramas.com\/fr\/boutique\/juglans-regia-fernor-noyer-pot-de-5-litres\/","title":{"rendered":"Juglans regia \u2018Fernor\u2019, Noyer, Hauteur 100cm, Pot de 5 litres"},"content":{"rendered":"<p data-start=\"59\" data-end=\"545\">Le <em data-start=\"62\" data-end=\"77\">Juglans regia<\/em> \u2018Le \u2019Fernor' est un noyer fran\u00e7ais moderne connu pour son excellente qualit\u00e9 de noix, sa floraison tardive et son rendement \u00e9lev\u00e9. Cette floraison tardive le rend particuli\u00e8rement adapt\u00e9 aux climats plus frais tels que les Pays-Bas, la Belgique et l'Allemagne, o\u00f9 les gel\u00e9es nocturnes de printemps peuvent souvent causer des d\u00e9g\u00e2ts. Ce noyer sain et autogame produit tr\u00e8s t\u00f4t une r\u00e9colte abondante de grosses noix bien remplies, \u00e0 la saveur d\u00e9licieusement douce et aromatique.<\/p>\n<p data-start=\"547\" data-end=\"900\">Le \u2018Fernor\u2019 est un arbre de taille moyenne avec une couronne bien ramifi\u00e9e et des feuilles vertes fonc\u00e9es qui deviennent jaune d'or en automne. Les noix m\u00fbrissent en octobre et sont faciles \u00e0 casser gr\u00e2ce \u00e0 leur fine coquille. Le cerneau est p\u00e2le, ferme et a une saveur pleine et l\u00e9g\u00e8rement sucr\u00e9e. Il est parfait pour \u00eatre consomm\u00e9 frais, cuit au four ou s\u00e9ch\u00e9 pour une conservation \u00e0 long terme.<\/p>\n<p data-start=\"902\" data-end=\"1330\">Bien que cet arbre soit autogame, les rendements peuvent \u00eatre augment\u00e9s par l'ajout d'une deuxi\u00e8me vari\u00e9t\u00e9 telle que <strong><a class=\"decorated-link cursor-pointer\" href=\"https:\/\/www.schramas.com\/fr\/boutique\/juglans-regia-franquette-walnotenboom-5-liter-pot\/\" rel=\"noopener\" data-start=\"1010\" data-end=\"1098\">Juglans regia \u2018Franquette\u2019<\/a><\/strong> ou <a class=\"decorated-link cursor-pointer\" target=\"_new\" rel=\"noopener\" data-start=\"1106\" data-end=\"1190\">Juglans regia \u2018Lara\u2019<\/a> \u00e0 planter \u00e0 proximit\u00e9. \u2018Fernor\u2019 est \u00e9galement tr\u00e8s r\u00e9sistant aux maladies telles que la br\u00fblure bact\u00e9rienne et tol\u00e8re des hivers rigoureux jusqu'\u00e0 -25\u00b0C.<\/p>\n<p>Pour un d\u00e9marrage optimal, plantez ce noyer dans un endroit ensoleill\u00e9 et abrit\u00e9, dans un sol nutritif et calcaire. Associez-le au jardin avec notre <strong data-start=\"258\" data-end=\"343\"><a class=\"decorated-link cursor-pointer\" href=\"https:\/\/www.schramas.com\/fr\/boutique\/set-van-2-pistachia-vera-mannelijk-en-vrouwelijk-pistachenotenboom-hoogte-120cm-5-liter-pot\/\" rel=\"noopener\" data-start=\"260\" data-end=\"341\">Ensemble de pistachiers (<em data-start=\"280\" data-end=\"295\">Pistacia vera<\/em>)<\/a><\/strong> pour un aspect m\u00e9diterran\u00e9en unique et une vari\u00e9t\u00e9 encore plus riche de noix comestibles.<\/p>\n<p data-start=\"1615\" data-end=\"1946\">\u2714 Noyer fort et productif - <em data-start=\"1654\" data-end=\"1669\">Juglans regia<\/em> \u2018Fernor\u2019<br data-start=\"1680\" data-end=\"1683\" \/>\u2714 Grosses noix savoureuses \u00e0 coquille fine<br data-start=\"1725\" data-end=\"1728\" \/>\u2714 Floraison tardive - r\u00e9sistant aux gel\u00e9es nocturnes<br data-start=\"1767\" data-end=\"1770\" \/>Autopollinisation, mais rendement plus \u00e9lev\u00e9 avec \u2018Franquette\u2019 ou \u2018Fernette\u2019.\u2019<br data-start=\"1840\" data-end=\"1843\" \/>\u2714 Croissance compacte - convient aux jardins et aux vergers<br data-start=\"1897\" data-end=\"1900\" \/>\u2714 Tr\u00e8s rustique et r\u00e9sistant aux maladies<\/p>\n<p data-start=\"1948\" data-end=\"2363\"><strong data-start=\"1948\" data-end=\"1965\">Sp\u00e9cifications<\/strong><br data-start=\"1965\" data-end=\"1968\" \/>Taille du pot : 5 litres<br data-start=\"1984\" data-end=\"1987\" \/>Hauteur finale : environ 5-7 m\u00e8tres<br data-start=\"2012\" data-end=\"2015\" \/>P\u00e9riode de floraison : mai (floraison tardive)<br data-start=\"2045\" data-end=\"2048\" \/>P\u00e9riode de r\u00e9colte : octobre<br data-start=\"2066\" data-end=\"2069\" \/>Emplacement : plein soleil, abrit\u00e9<br data-start=\"2100\" data-end=\"2103\" \/>Type de sol : profond, nutritif, bien drain\u00e9, l\u00e9g\u00e8rement calcaire<br data-start=\"2165\" data-end=\"2168\" \/>Rusticit\u00e9 : jusqu'\u00e0 -25\u00b0C<br data-start=\"2193\" data-end=\"2196\" \/>Pollinisation : autogame (recommand\u00e9 : \u2018Franquette\u2019 ou \u2018Fernette\u2019)<br data-start=\"2263\" data-end=\"2266\" \/>Taille : topiaire possible en hiver, sinon peu d'entretien.<br data-start=\"2323\" data-end=\"2326\" \/>Origine : France (INRA Bordeaux)<\/p>\n<p data-start=\"2365\" data-end=\"2605\">Avec la <em data-start=\"2372\" data-end=\"2387\">Juglans regia<\/em> \u2018Fernor\u2019, vous choisissez un noyer fiable, sain, \u00e0 la r\u00e9colte abondante et \u00e0 la saveur excellente. Un choix parfait pour les jardiniers amateurs et les petits vergers - durable, productif et beau \u00e0 regarder.<\/p>","protected":false},"excerpt":{"rendered":"<p>- 1 x <em data-start=\"2913\" data-end=\"2928\">Juglans regia<\/em> \u2018Fernor\u2019 - noyer<\/p>\n<p>- Gros fruits \u00e0 coque fine, bien remplis<br data-start=\"3026\" data-end=\"3029\" \/>- Emplacement : plein soleil, abrit\u00e9<br data-start=\"3062\" data-end=\"3065\" \/>- Autof\u00e9condation, floraison tardive - r\u00e9sistant au gel<br data-start=\"3110\" data-end=\"3113\" \/>- P\u00e9riode de r\u00e9colte : octobre<br data-start=\"3133\" data-end=\"3136\" \/>- Croissance compacte et tr\u00e8s rustique<\/p>","protected":false},"featured_media":62166,"template":"","meta":{"_joinchat":[]},"product_brand":[],"product_cat":[262,233,1031,3966],"product_tag":[3976,3973,3967,3972,3970,3971,3975,3969,3968,3974],"class_list":{"0":"post-62165","1":"product","2":"type-product","3":"status-publish","4":"has-post-thumbnail","6":"product_cat-bomen-struiken","7":"product_cat-fruitbomen","8":"product_cat-notenbomen","9":"product_cat-walnotenbomen","10":"product_tag-franse-walnotenboom","11":"product_tag-juglans-fernor-nederland","12":"product_tag-juglans-regia-fernor","13":"product_tag-late-bloei-walnoot","14":"product_tag-walnoot-fernor","15":"product_tag-walnoot-zelfbestuivend","16":"product_tag-walnoten-planten","17":"product_tag-walnotenboom-5-liter-pot","18":"product_tag-walnotenboom-kopen","19":"product_tag-walnotenboom-winterhard","20":"pa_ewd_uwcf_colors-groen-2","21":"pa_groeihoogte-300-cm","22":"pa_pot-5-liter-pot","24":"first","25":"instock","26":"taxable","27":"shipping-taxable","28":"purchasable","29":"product-type-simple"},"yoast_head":"<!-- This site is optimized with the Yoast SEO plugin v24.2 - https:\/\/yoast.com\/wordpress\/plugins\/seo\/ -->\n<title>Juglans regia &#039;Fernor&#039;, Walnotenboom, Hoogte 100cm, 5 liter pot kopen | Planten eenvoudig online bestellen | Schramas.com<\/title>\n<meta name=\"robots\" content=\"index, follow, max-snippet:-1, max-image-preview:large, max-video-preview:-1\" \/>\n<link rel=\"canonical\" href=\"https:\/\/www.schramas.com\/fr\/boutique\/juglans-regia-fernor-noyer-pot-de-5-litres\/\" \/>\n<meta property=\"og:locale\" content=\"fr_FR\" \/>\n<meta property=\"og:type\" content=\"article\" \/>\n<meta property=\"og:title\" content=\"Juglans regia &#039;Fernor&#039;, Walnotenboom, Hoogte 100cm, 5 liter pot kopen | Planten eenvoudig online bestellen | Schramas.com\" \/>\n<meta property=\"og:description\" content=\"\u2022 1 x Juglans regia \u2018Fernor\u2019 \u2013 walnotenboom  \u2022 Grote, goedgevulde noten met dunne schaal\u2022 Standplaats: volle zon, beschut\u2022 Zelfbestuivend, late bloei \u2013 vorstbestendig\u2022 Oogsttijd: oktober\u2022 Compacte groei en zeer winterhard\" \/>\n<meta property=\"og:url\" content=\"https:\/\/www.schramas.com\/fr\/boutique\/juglans-regia-fernor-noyer-pot-de-5-litres\/\" \/>\n<meta property=\"og:site_name\" content=\"Planten eenvoudig online bestellen | Schramas.com\" \/>\n<meta property=\"article:publisher\" content=\"https:\/\/www.facebook.com\/Schramascom-106872874153195\/\" \/>\n<meta property=\"article:modified_time\" content=\"2026-04-19T15:14:16+00:00\" \/>\n<meta property=\"og:image\" content=\"http:\/\/www.schramas.com\/wp-content\/uploads\/2025\/11\/Walnoot-Fernor-sfeer.webp\" \/>\n\t<meta property=\"og:image:width\" content=\"1024\" \/>\n\t<meta property=\"og:image:height\" content=\"1024\" \/>\n\t<meta property=\"og:image:type\" content=\"image\/webp\" \/>\n<meta name=\"twitter:card\" content=\"summary_large_image\" \/>\n<meta name=\"twitter:label1\" content=\"Dur\u00e9e de lecture estim\u00e9e\" \/>\n\t<meta name=\"twitter:data1\" content=\"1 minute\" \/>\n<script type=\"application\/ld+json\" class=\"yoast-schema-graph\">{\"@context\":\"https:\/\/schema.org\",\"@graph\":[{\"@type\":[\"WebPage\",\"ItemPage\"],\"@id\":\"https:\/\/www.schramas.com\/winkel\/juglans-regia-fernor-walnotenboom-5-liter-pot\/\",\"url\":\"https:\/\/www.schramas.com\/winkel\/juglans-regia-fernor-walnotenboom-5-liter-pot\/\",\"name\":\"Juglans regia 'Fernor', Walnotenboom, Hoogte 100cm, 5 liter pot kopen | Planten eenvoudig online bestellen | Schramas.com\",\"isPartOf\":{\"@id\":\"https:\/\/www.schramas.com\/#website\"},\"primaryImageOfPage\":{\"@id\":\"https:\/\/www.schramas.com\/winkel\/juglans-regia-fernor-walnotenboom-5-liter-pot\/#primaryimage\"},\"image\":{\"@id\":\"https:\/\/www.schramas.com\/winkel\/juglans-regia-fernor-walnotenboom-5-liter-pot\/#primaryimage\"},\"thumbnailUrl\":\"https:\/\/www.schramas.com\/wp-content\/uploads\/2025\/11\/Walnoot-Fernor-sfeer.webp\",\"datePublished\":\"2025-11-07T14:55:59+00:00\",\"dateModified\":\"2026-04-19T15:14:16+00:00\",\"breadcrumb\":{\"@id\":\"https:\/\/www.schramas.com\/winkel\/juglans-regia-fernor-walnotenboom-5-liter-pot\/#breadcrumb\"},\"inLanguage\":\"fr-FR\",\"potentialAction\":[{\"@type\":\"ReadAction\",\"target\":[\"https:\/\/www.schramas.com\/winkel\/juglans-regia-fernor-walnotenboom-5-liter-pot\/\"]}]},{\"@type\":\"ImageObject\",\"inLanguage\":\"fr-FR\",\"@id\":\"https:\/\/www.schramas.com\/winkel\/juglans-regia-fernor-walnotenboom-5-liter-pot\/#primaryimage\",\"url\":\"https:\/\/www.schramas.com\/wp-content\/uploads\/2025\/11\/Walnoot-Fernor-sfeer.webp\",\"contentUrl\":\"https:\/\/www.schramas.com\/wp-content\/uploads\/2025\/11\/Walnoot-Fernor-sfeer.webp\",\"width\":1024,\"height\":1024},{\"@type\":\"BreadcrumbList\",\"@id\":\"https:\/\/www.schramas.com\/winkel\/juglans-regia-fernor-walnotenboom-5-liter-pot\/#breadcrumb\",\"itemListElement\":[{\"@type\":\"ListItem\",\"position\":1,\"name\":\"Product\",\"item\":\"https:\/\/www.schramas.com\/assortiment\/\"},{\"@type\":\"ListItem\",\"position\":2,\"name\":\"Bomen &amp; Struiken\",\"item\":\"https:\/\/www.schramas.com\/product-category\/bomen-struiken\/\"},{\"@type\":\"ListItem\",\"position\":3,\"name\":\"Juglans regia &#8216;Fernor&#8217;, Walnotenboom, Hoogte 100cm, 5 liter pot\"}]},{\"@type\":\"WebSite\",\"@id\":\"https:\/\/www.schramas.com\/#website\",\"url\":\"https:\/\/www.schramas.com\/\",\"name\":\"Schramas.com | Tuinplanten eenvoudig online bestellen | Direct van onze Kwekerij\",\"description\":\"\",\"alternateName\":\"Schramas.com - Alle planten direct van de kweker\",\"potentialAction\":[{\"@type\":\"SearchAction\",\"target\":{\"@type\":\"EntryPoint\",\"urlTemplate\":\"https:\/\/www.schramas.com\/?s={search_term_string}\"},\"query-input\":{\"@type\":\"PropertyValueSpecification\",\"valueRequired\":true,\"valueName\":\"search_term_string\"}}],\"inLanguage\":\"fr-FR\"}]}<\/script>\n<!-- \/ Yoast SEO plugin. -->","yoast_head_json":{"title":"Juglans regia 'Fernor', Noyer, Hauteur 100cm, acheter pot de 5 litres | Acheter des plantes facilement en ligne | Schramas.com","robots":{"index":"index","follow":"follow","max-snippet":"max-snippet:-1","max-image-preview":"max-image-preview:large","max-video-preview":"max-video-preview:-1"},"canonical":"https:\/\/www.schramas.com\/fr\/boutique\/juglans-regia-fernor-noyer-pot-de-5-litres\/","og_locale":"fr_FR","og_type":"article","og_title":"Juglans regia 'Fernor', Walnotenboom, Hoogte 100cm, 5 liter pot kopen | Planten eenvoudig online bestellen | Schramas.com","og_description":"\u2022 1 x Juglans regia \u2018Fernor\u2019 \u2013 walnotenboom  \u2022 Grote, goedgevulde noten met dunne schaal\u2022 Standplaats: volle zon, beschut\u2022 Zelfbestuivend, late bloei \u2013 vorstbestendig\u2022 Oogsttijd: oktober\u2022 Compacte groei en zeer winterhard","og_url":"https:\/\/www.schramas.com\/fr\/boutique\/juglans-regia-fernor-noyer-pot-de-5-litres\/","og_site_name":"Planten eenvoudig online bestellen | Schramas.com","article_publisher":"https:\/\/www.facebook.com\/Schramascom-106872874153195\/","article_modified_time":"2026-04-19T15:14:16+00:00","og_image":[{"width":1024,"height":1024,"url":"http:\/\/www.schramas.com\/wp-content\/uploads\/2025\/11\/Walnoot-Fernor-sfeer.webp","type":"image\/webp"}],"twitter_card":"summary_large_image","twitter_misc":{"Dur\u00e9e de lecture estim\u00e9e":"1 minute"},"schema":{"@context":"https:\/\/schema.org","@graph":[{"@type":["WebPage","ItemPage"],"@id":"https:\/\/www.schramas.com\/winkel\/juglans-regia-fernor-walnotenboom-5-liter-pot\/","url":"https:\/\/www.schramas.com\/winkel\/juglans-regia-fernor-walnotenboom-5-liter-pot\/","name":"Juglans regia 'Fernor', Noyer, Hauteur 100cm, acheter pot de 5 litres | Acheter des plantes facilement en ligne | Schramas.com","isPartOf":{"@id":"https:\/\/www.schramas.com\/#website"},"primaryImageOfPage":{"@id":"https:\/\/www.schramas.com\/winkel\/juglans-regia-fernor-walnotenboom-5-liter-pot\/#primaryimage"},"image":{"@id":"https:\/\/www.schramas.com\/winkel\/juglans-regia-fernor-walnotenboom-5-liter-pot\/#primaryimage"},"thumbnailUrl":"https:\/\/www.schramas.com\/wp-content\/uploads\/2025\/11\/Walnoot-Fernor-sfeer.webp","datePublished":"2025-11-07T14:55:59+00:00","dateModified":"2026-04-19T15:14:16+00:00","breadcrumb":{"@id":"https:\/\/www.schramas.com\/winkel\/juglans-regia-fernor-walnotenboom-5-liter-pot\/#breadcrumb"},"inLanguage":"fr-FR","potentialAction":[{"@type":"ReadAction","target":["https:\/\/www.schramas.com\/winkel\/juglans-regia-fernor-walnotenboom-5-liter-pot\/"]}]},{"@type":"ImageObject","inLanguage":"fr-FR","@id":"https:\/\/www.schramas.com\/winkel\/juglans-regia-fernor-walnotenboom-5-liter-pot\/#primaryimage","url":"https:\/\/www.schramas.com\/wp-content\/uploads\/2025\/11\/Walnoot-Fernor-sfeer.webp","contentUrl":"https:\/\/www.schramas.com\/wp-content\/uploads\/2025\/11\/Walnoot-Fernor-sfeer.webp","width":1024,"height":1024},{"@type":"BreadcrumbList","@id":"https:\/\/www.schramas.com\/winkel\/juglans-regia-fernor-walnotenboom-5-liter-pot\/#breadcrumb","itemListElement":[{"@type":"ListItem","position":1,"name":"Product","item":"https:\/\/www.schramas.com\/assortiment\/"},{"@type":"ListItem","position":2,"name":"Bomen &amp; Struiken","item":"https:\/\/www.schramas.com\/product-category\/bomen-struiken\/"},{"@type":"ListItem","position":3,"name":"Juglans regia &#8216;Fernor&#8217;, Walnotenboom, Hoogte 100cm, 5 liter pot"}]},{"@type":"WebSite","@id":"https:\/\/www.schramas.com\/#website","url":"https:\/\/www.schramas.com\/","name":"Schramas.com | Plantes de jardin faciles \u00e0 commander en ligne | En direct de notre p\u00e9pini\u00e8re","description":"","alternateName":"Schramas.com - Alle planten direct van de kweker","potentialAction":[{"@type":"SearchAction","target":{"@type":"EntryPoint","urlTemplate":"https:\/\/www.schramas.com\/?s={search_term_string}"},"query-input":{"@type":"PropertyValueSpecification","valueRequired":true,"valueName":"search_term_string"}}],"inLanguage":"fr-FR"}]}},"_links":{"self":[{"href":"https:\/\/www.schramas.com\/fr\/wp-json\/wp\/v2\/product\/62165","targetHints":{"allow":["GET"]}}],"collection":[{"href":"https:\/\/www.schramas.com\/fr\/wp-json\/wp\/v2\/product"}],"about":[{"href":"https:\/\/www.schramas.com\/fr\/wp-json\/wp\/v2\/types\/product"}],"version-history":[{"count":6,"href":"https:\/\/www.schramas.com\/fr\/wp-json\/wp\/v2\/product\/62165\/revisions"}],"predecessor-version":[{"id":62367,"href":"https:\/\/www.schramas.com\/fr\/wp-json\/wp\/v2\/product\/62165\/revisions\/62367"}],"wp:featuredmedia":[{"embeddable":true,"href":"https:\/\/www.schramas.com\/fr\/wp-json\/wp\/v2\/media\/62166"}],"wp:attachment":[{"href":"https:\/\/www.schramas.com\/fr\/wp-json\/wp\/v2\/media?parent=62165"}],"wp:term":[{"taxonomy":"product_brand","embeddable":true,"href":"https:\/\/www.schramas.com\/fr\/wp-json\/wp\/v2\/product_brand?post=62165"},{"taxonomy":"product_cat","embeddable":true,"href":"https:\/\/www.schramas.com\/fr\/wp-json\/wp\/v2\/product_cat?post=62165"},{"taxonomy":"product_tag","embeddable":true,"href":"https:\/\/www.schramas.com\/fr\/wp-json\/wp\/v2\/product_tag?post=62165"}],"curies":[{"name":"wp","href":"https:\/\/api.w.org\/{rel}","templated":true}]}}