{"id":62430,"date":"2025-11-11T14:35:30","date_gmt":"2025-11-11T13:35:30","guid":{"rendered":"https:\/\/www.schramas.com\/?post_type=product&#038;p=62430"},"modified":"2026-04-24T08:55:10","modified_gmt":"2026-04-24T06:55:10","slug":"diospyros-kaki-tone-wase-sharonfruit-pot-de-5-litres-90cm","status":"publish","type":"product","link":"https:\/\/www.schramas.com\/fr\/boutique\/diospyros-kaki-tone-wase-sharonfruit-pot-de-5-litres-90cm\/","title":{"rendered":"Diospyros kaki \u2018Tone Wase\u2019, fruit de sharon, pot de 2 litres, Hauteur 90cm"},"content":{"rendered":"<p data-start=\"88\" data-end=\"607\">Le <em data-start=\"91\" data-end=\"107\">Diospyros kaki<\/em> \u2018Le \u2019Tone Wase' est un arbre fruitier japonais (ou kaki) c\u00e9l\u00e8bre pour sa r\u00e9colte pr\u00e9coce, sa saveur douce comme le miel et son rendement \u00e9lev\u00e9. Cette vari\u00e9t\u00e9 exclusive fait partie des vari\u00e9t\u00e9s kaki les plus pr\u00e9coces et est une mutation naturelle de la vari\u00e9t\u00e9 bien connue. <em data-start=\"379\" data-end=\"394\">Hiratanenashi<\/em>. Les fruits m\u00fbrissent d\u00e8s la fin septembre, soit plus d'un mois avant de nombreuses autres vari\u00e9t\u00e9s, et ont une teneur en sucre remarquablement \u00e9lev\u00e9e (jusqu'\u00e0 18-20\u00b0 Brix), ce qui leur conf\u00e8re une saveur exceptionnellement douce et aromatique.<\/p>\n<p data-start=\"609\" data-end=\"1102\">\u2018Tone Wase\u2019 pousse vigoureusement et forme une \u00e9l\u00e9gante couronne semi-dress\u00e9e avec de grandes feuilles brillantes qui prennent une belle couleur jaune d'or \u00e0 l'automne. De petites fleurs femelles discr\u00e8tes apparaissent au printemps et se transforment en fruits sans pollinisateur ; l'arbre est donc autogame. Les fruits sont gros (jusqu'\u00e0 environ 180 g chacun), ronds ou l\u00e9g\u00e8rement aplatis et de couleur orange fonc\u00e9. La chair est ferme au moment de la r\u00e9colte, mais devient douce comme du beurre et peu sucr\u00e9e apr\u00e8s maturation compl\u00e8te.<\/p>\n<p data-start=\"1104\" data-end=\"1429\">Ce plaqueminier peut \u00eatre plant\u00e9 en pleine terre ou dans des pots spacieux. Il pousse bien dans un endroit chaud et ensoleill\u00e9, dans un sol bien drain\u00e9 et nutritif. Il pousse bien dans un endroit chaud et ensoleill\u00e9, avec un sol bien drain\u00e9 et nutritif. <em data-start=\"1266\" data-end=\"1294\">Diospyros khaki \u2018Tone Wase\u2019<\/em> est \u00e9galement \u00e9tonnamment r\u00e9sistant (jusqu'\u00e0 -15 \u00b0C) et peut donc prosp\u00e9rer dans le climat n\u00e9erlandais, en particulier dans un endroit abrit\u00e9.<\/p>\n<p data-start=\"1431\" data-end=\"1890\">Combinez cette vari\u00e9t\u00e9 de fruit japonaise avec d'autres arbres fruitiers inhabituels tels que le <strong data-start=\"1655\" data-end=\"1759\"><a class=\"decorated-link cursor-pointer\" href=\"https:\/\/www.schramas.com\/fr\/boutique\/ziziphus-jujuba-dongzao-dattier-chinois-hauteur-60cm-pot-de-2-litres\/\" rel=\"noopener\" data-start=\"1657\" data-end=\"1757\">Dattier de Chine (<em data-start=\"1677\" data-end=\"1704\">Ziziphus jujuba \u2018Dongzao\u2019<\/em>)<\/a><\/strong> ou l'une de nos autres vari\u00e9t\u00e9s de kaki telles que le <b><a href=\"https:\/\/www.schramas.com\/fr\/boutique\/kaki-sharon-fruit-rojo-brillant\/\">Diospyros Kaki (Rojo Brilliante<\/a>)<\/b>\u00a0pour un jardin unique et nourrissant.<\/p>\n<p data-start=\"1892\" data-end=\"2197\">\u2714 Arbre fruitier japonais - <em data-start=\"1922\" data-end=\"1938\">Diospyros kaki<\/em> \u2018Tone Wase\u2019<br data-start=\"1952\" data-end=\"1955\" \/>\u2714 Vari\u00e9t\u00e9 tr\u00e8s pr\u00e9coce (r\u00e9colte \u00e0 partir de fin septembre)<br data-start=\"2007\" data-end=\"2010\" \/>\u2714 Gros fruits orange fonc\u00e9 \u00e0 la saveur douce comme le miel<br data-start=\"2061\" data-end=\"2064\" \/>\u2714 Auto-pollinisant et productif<br data-start=\"2094\" data-end=\"2097\" \/>\u2714 Croissance compacte et gracieuse - convient pour le jardin ou en pot<br data-start=\"2152\" data-end=\"2155\" \/>\u2714 R\u00e9sistant jusqu'\u00e0 -15 \u00b0C et n\u00e9cessitant peu d'entretien<\/p>\n<p data-start=\"2199\" data-end=\"2644\"><strong data-start=\"2199\" data-end=\"2216\">Sp\u00e9cifications<\/strong><br data-start=\"2216\" data-end=\"2219\" \/>Taille du pot : 2 litres<br data-start=\"2235\" data-end=\"2238\" \/>Hauteur \u00e0 la livraison : environ 90 cm<br data-start=\"2268\" data-end=\"2271\" \/>Nombre : 1 arbre<br data-start=\"2285\" data-end=\"2288\" \/>Hauteur finale : environ 4-5 m\u00e8tres<br data-start=\"2313\" data-end=\"2316\" \/>P\u00e9riode de floraison : mai - juin<br data-start=\"2340\" data-end=\"2343\" \/>P\u00e9riode de r\u00e9colte : fin septembre - d\u00e9but octobre<br data-start=\"2384\" data-end=\"2387\" \/>Position : ensoleill\u00e9e, abrit\u00e9e<br data-start=\"2415\" data-end=\"2418\" \/>Type de sol : l\u00e9ger, nutritif, bien drain\u00e9<br data-start=\"2462\" data-end=\"2465\" \/>Rusticit\u00e9 : jusqu'\u00e0 -15 \u00b0C<br data-start=\"2491\" data-end=\"2494\" \/>Pollinisation : autof\u00e9condation<br data-start=\"2520\" data-end=\"2523\" \/>Taille : seulement topiaire l\u00e9g\u00e8re en hiver<br data-start=\"2565\" data-end=\"2568\" \/>Poids du fruit : environ 180 g<br data-start=\"2592\" data-end=\"2595\" \/>Go\u00fbt : doux comme le miel, aromatique, doux apr\u00e8s maturation.<\/p>\n<p data-start=\"2646\" data-end=\"2893\">Avec la <em data-start=\"2653\" data-end=\"2669\">Diospyros kaki<\/em> \u2018Avec \u2019Tone Wase', vous obtenez l'un des cockatiels les plus pr\u00e9coces et les plus savoureux de votre maison. Un bel arbre ornemental avec des fruits exotiques qui ne sont pas seulement d\u00e9licieux, mais qui font aussi briller l'automne dans votre jardin.<\/p>","protected":false},"excerpt":{"rendered":"<p>- 1 x <em data-start=\"3201\" data-end=\"3217\">Diospyros kaki<\/em>\u00a0 \u2018Tone Wase\u2019 - arbre fruitier sharon<br data-start=\"3247\" data-end=\"3250\" \/>- Gros fruits orange fonc\u00e9 \u00e0 la saveur douce comme le miel<br data-start=\"3301\" data-end=\"3304\" \/>- Hauteur de livraison, pot compris : environ 90 cm<br data-start=\"3338\" data-end=\"3341\" \/>- Taille du pot : 2 litres<br data-start=\"3359\" data-end=\"3362\" \/>- Position : ensoleill\u00e9e et abrit\u00e9e<br data-start=\"3394\" data-end=\"3397\" \/>- Autogame et r\u00e9sistant \u00e0 -15 \u00b0C<br data-start=\"3438\" data-end=\"3441\" \/>- P\u00e9riode de r\u00e9colte : fin septembre - d\u00e9but octobre<br data-start=\"3484\" data-end=\"3487\" \/>- Croissance compacte, id\u00e9ale en pot ou au jardin<\/p>","protected":false},"featured_media":62432,"template":"","meta":{"_joinchat":[]},"product_brand":[],"product_cat":[262,233,931,295,2391,294],"product_tag":[2256,2364,670,4031,3204,2356,352,3714,3705,4035,671,4033,3708,4034,3713,3710,672,3704,4032,4038,4037,351,4039,3709,3706,3702,3715,316,4036,3711],"class_list":{"0":"post-62430","1":"product","2":"type-product","3":"status-publish","4":"has-post-thumbnail","6":"product_cat-bomen-struiken","7":"product_cat-fruitbomen","8":"product_cat-kaki","9":"product_cat-maandaanbiedingen","10":"product_cat-mediterrane-en-exotische-fruitplanten","11":"product_cat-specials","12":"product_tag-compacte-fruitboom","13":"product_tag-decoratieve-fruitboom","14":"product_tag-diospyros","15":"product_tag-diospyros-kaki-tone-wase","16":"product_tag-exotische-fruitboom","17":"product_tag-fruitboom-5-liter-pot","18":"product_tag-geent","19":"product_tag-honingzoete-vrucht","20":"product_tag-japanese-kaki","21":"product_tag-japanse-kaki","22":"product_tag-kaki","23":"product_tag-kakiboom","24":"product_tag-late-herfst-fruit","25":"product_tag-persimmon-plant","26":"product_tag-potcultuur-fruit","27":"product_tag-potgroei-sharon","28":"product_tag-sharon","29":"product_tag-sharonfruit","30":"product_tag-sharonfruit-kopen","31":"product_tag-tone-wase-kaki","32":"product_tag-vroegrijpend-sharonfruit","33":"product_tag-winterhard","34":"product_tag-winterharde-kakiboom","35":"product_tag-winterharde-sharon","36":"product_tag-zaadloze-kaki","37":"product_tag-zeldzame-kaki","38":"product_tag-zeldzame-kaki-varieteit","39":"product_tag-zelfbestuivend","40":"product_tag-zelfbestuivende-kaki","41":"product_tag-zoete-persimmon","42":"pa_bloeimaanden-mei","43":"pa_bloeimaanden-juni","44":"pa_ewd_uwcf_colors-groen-2","45":"pa_ewd_uwcf_colors-oranje","46":"pa_groeihoogte-300-cm","47":"pa_pot-zonder-pot","49":"first","50":"outofstock","51":"featured","52":"taxable","53":"shipping-taxable","54":"purchasable","55":"product-type-simple"},"yoast_head":"<!-- This site is optimized with the Yoast SEO plugin v24.2 - https:\/\/yoast.com\/wordpress\/plugins\/seo\/ -->\n<title>Diospyros kaki &#039;Tone Wase&#039;, sharonfruit, 2 liter pot, Hoogte 90cm kopen | Planten eenvoudig online bestellen | Schramas.com<\/title>\n<meta name=\"robots\" content=\"index, follow, max-snippet:-1, max-image-preview:large, max-video-preview:-1\" \/>\n<link rel=\"canonical\" href=\"https:\/\/www.schramas.com\/fr\/boutique\/diospyros-kaki-tone-wase-sharonfruit-pot-de-5-litres-90cm\/\" \/>\n<meta property=\"og:locale\" content=\"fr_FR\" \/>\n<meta property=\"og:type\" content=\"article\" \/>\n<meta property=\"og:title\" content=\"Diospyros kaki &#039;Tone Wase&#039;, sharonfruit, 2 liter pot, Hoogte 90cm kopen | Planten eenvoudig online bestellen | Schramas.com\" \/>\n<meta property=\"og:description\" content=\"\u2022 1 x Diospyros kaki\u00a0 \u2018Tone Wase\u2019 \u2013 sharonfruitboom\u2022 Grote, diep oranje vruchten met honingzoete smaak\u2022 Leverhoogte incl. pot: ca. 90 cm\u2022 Potmaat: 2 liter\u2022 Standplaats: zonnig en beschut\u2022 Zelfbestuivend en winterhard tot \u201315 \u00b0C\u2022 Oogsttijd: eind september \u2013 begin oktober\u2022 Compacte groei, ideaal voor pot of tuin\" \/>\n<meta property=\"og:url\" content=\"https:\/\/www.schramas.com\/fr\/boutique\/diospyros-kaki-tone-wase-sharonfruit-pot-de-5-litres-90cm\/\" \/>\n<meta property=\"og:site_name\" content=\"Planten eenvoudig online bestellen | Schramas.com\" \/>\n<meta property=\"article:publisher\" content=\"https:\/\/www.facebook.com\/Schramascom-106872874153195\/\" \/>\n<meta property=\"article:modified_time\" content=\"2026-04-24T06:55:10+00:00\" \/>\n<meta property=\"og:image\" content=\"http:\/\/www.schramas.com\/wp-content\/uploads\/2025\/11\/diospyros-Kaki-Tone-wase-sfeer.webp\" \/>\n\t<meta property=\"og:image:width\" content=\"1024\" \/>\n\t<meta property=\"og:image:height\" content=\"1024\" \/>\n\t<meta property=\"og:image:type\" content=\"image\/webp\" \/>\n<meta name=\"twitter:card\" content=\"summary_large_image\" \/>\n<meta name=\"twitter:label1\" content=\"Dur\u00e9e de lecture estim\u00e9e\" \/>\n\t<meta name=\"twitter:data1\" content=\"2 minutes\" \/>\n<script type=\"application\/ld+json\" class=\"yoast-schema-graph\">{\"@context\":\"https:\/\/schema.org\",\"@graph\":[{\"@type\":[\"WebPage\",\"ItemPage\"],\"@id\":\"https:\/\/www.schramas.com\/winkel\/diospyros-kaki-tone-wase-sharonfruit-5-liter-pot-90cm\/\",\"url\":\"https:\/\/www.schramas.com\/winkel\/diospyros-kaki-tone-wase-sharonfruit-5-liter-pot-90cm\/\",\"name\":\"Diospyros kaki 'Tone Wase', sharonfruit, 2 liter pot, Hoogte 90cm kopen | Planten eenvoudig online bestellen | Schramas.com\",\"isPartOf\":{\"@id\":\"https:\/\/www.schramas.com\/#website\"},\"primaryImageOfPage\":{\"@id\":\"https:\/\/www.schramas.com\/winkel\/diospyros-kaki-tone-wase-sharonfruit-5-liter-pot-90cm\/#primaryimage\"},\"image\":{\"@id\":\"https:\/\/www.schramas.com\/winkel\/diospyros-kaki-tone-wase-sharonfruit-5-liter-pot-90cm\/#primaryimage\"},\"thumbnailUrl\":\"https:\/\/www.schramas.com\/wp-content\/uploads\/2025\/11\/diospyros-Kaki-Tone-wase-sfeer.webp\",\"datePublished\":\"2025-11-11T13:35:30+00:00\",\"dateModified\":\"2026-04-24T06:55:10+00:00\",\"breadcrumb\":{\"@id\":\"https:\/\/www.schramas.com\/winkel\/diospyros-kaki-tone-wase-sharonfruit-5-liter-pot-90cm\/#breadcrumb\"},\"inLanguage\":\"fr-FR\",\"potentialAction\":[{\"@type\":\"ReadAction\",\"target\":[\"https:\/\/www.schramas.com\/winkel\/diospyros-kaki-tone-wase-sharonfruit-5-liter-pot-90cm\/\"]}]},{\"@type\":\"ImageObject\",\"inLanguage\":\"fr-FR\",\"@id\":\"https:\/\/www.schramas.com\/winkel\/diospyros-kaki-tone-wase-sharonfruit-5-liter-pot-90cm\/#primaryimage\",\"url\":\"https:\/\/www.schramas.com\/wp-content\/uploads\/2025\/11\/diospyros-Kaki-Tone-wase-sfeer.webp\",\"contentUrl\":\"https:\/\/www.schramas.com\/wp-content\/uploads\/2025\/11\/diospyros-Kaki-Tone-wase-sfeer.webp\",\"width\":1024,\"height\":1024},{\"@type\":\"BreadcrumbList\",\"@id\":\"https:\/\/www.schramas.com\/winkel\/diospyros-kaki-tone-wase-sharonfruit-5-liter-pot-90cm\/#breadcrumb\",\"itemListElement\":[{\"@type\":\"ListItem\",\"position\":1,\"name\":\"Product\",\"item\":\"https:\/\/www.schramas.com\/assortiment\/\"},{\"@type\":\"ListItem\",\"position\":2,\"name\":\"Bomen &amp; Struiken\",\"item\":\"https:\/\/www.schramas.com\/product-category\/bomen-struiken\/\"},{\"@type\":\"ListItem\",\"position\":3,\"name\":\"Fruitbomen\",\"item\":\"https:\/\/www.schramas.com\/product-category\/bomen-struiken\/fruitbomen\/\"},{\"@type\":\"ListItem\",\"position\":4,\"name\":\"Kaki\",\"item\":\"https:\/\/www.schramas.com\/product-category\/bomen-struiken\/fruitbomen\/kaki\/\"},{\"@type\":\"ListItem\",\"position\":5,\"name\":\"Diospyros kaki &#8216;Tone Wase&#8217;, sharonfruit, 2 liter pot, Hoogte 90cm\"}]},{\"@type\":\"WebSite\",\"@id\":\"https:\/\/www.schramas.com\/#website\",\"url\":\"https:\/\/www.schramas.com\/\",\"name\":\"Schramas.com | Tuinplanten eenvoudig online bestellen | Direct van onze Kwekerij\",\"description\":\"\",\"alternateName\":\"Schramas.com - Alle planten direct van de kweker\",\"potentialAction\":[{\"@type\":\"SearchAction\",\"target\":{\"@type\":\"EntryPoint\",\"urlTemplate\":\"https:\/\/www.schramas.com\/?s={search_term_string}\"},\"query-input\":{\"@type\":\"PropertyValueSpecification\",\"valueRequired\":true,\"valueName\":\"search_term_string\"}}],\"inLanguage\":\"fr-FR\"}]}<\/script>\n<!-- \/ Yoast SEO plugin. -->","yoast_head_json":{"title":"Diospyros kaki 'Tone Wase', sharonfruit, Pot de 2 litres, Hauteur 90cm Acheter | Plantes commande en ligne facile | Schramas.com","robots":{"index":"index","follow":"follow","max-snippet":"max-snippet:-1","max-image-preview":"max-image-preview:large","max-video-preview":"max-video-preview:-1"},"canonical":"https:\/\/www.schramas.com\/fr\/boutique\/diospyros-kaki-tone-wase-sharonfruit-pot-de-5-litres-90cm\/","og_locale":"fr_FR","og_type":"article","og_title":"Diospyros kaki 'Tone Wase', sharonfruit, 2 liter pot, Hoogte 90cm kopen | Planten eenvoudig online bestellen | Schramas.com","og_description":"\u2022 1 x Diospyros kaki\u00a0 \u2018Tone Wase\u2019 \u2013 sharonfruitboom\u2022 Grote, diep oranje vruchten met honingzoete smaak\u2022 Leverhoogte incl. pot: ca. 90 cm\u2022 Potmaat: 2 liter\u2022 Standplaats: zonnig en beschut\u2022 Zelfbestuivend en winterhard tot \u201315 \u00b0C\u2022 Oogsttijd: eind september \u2013 begin oktober\u2022 Compacte groei, ideaal voor pot of tuin","og_url":"https:\/\/www.schramas.com\/fr\/boutique\/diospyros-kaki-tone-wase-sharonfruit-pot-de-5-litres-90cm\/","og_site_name":"Planten eenvoudig online bestellen | Schramas.com","article_publisher":"https:\/\/www.facebook.com\/Schramascom-106872874153195\/","article_modified_time":"2026-04-24T06:55:10+00:00","og_image":[{"width":1024,"height":1024,"url":"http:\/\/www.schramas.com\/wp-content\/uploads\/2025\/11\/diospyros-Kaki-Tone-wase-sfeer.webp","type":"image\/webp"}],"twitter_card":"summary_large_image","twitter_misc":{"Dur\u00e9e de lecture estim\u00e9e":"2 minutes"},"schema":{"@context":"https:\/\/schema.org","@graph":[{"@type":["WebPage","ItemPage"],"@id":"https:\/\/www.schramas.com\/winkel\/diospyros-kaki-tone-wase-sharonfruit-5-liter-pot-90cm\/","url":"https:\/\/www.schramas.com\/winkel\/diospyros-kaki-tone-wase-sharonfruit-5-liter-pot-90cm\/","name":"Diospyros kaki 'Tone Wase', sharonfruit, Pot de 2 litres, Hauteur 90cm Acheter | Plantes commande en ligne facile | Schramas.com","isPartOf":{"@id":"https:\/\/www.schramas.com\/#website"},"primaryImageOfPage":{"@id":"https:\/\/www.schramas.com\/winkel\/diospyros-kaki-tone-wase-sharonfruit-5-liter-pot-90cm\/#primaryimage"},"image":{"@id":"https:\/\/www.schramas.com\/winkel\/diospyros-kaki-tone-wase-sharonfruit-5-liter-pot-90cm\/#primaryimage"},"thumbnailUrl":"https:\/\/www.schramas.com\/wp-content\/uploads\/2025\/11\/diospyros-Kaki-Tone-wase-sfeer.webp","datePublished":"2025-11-11T13:35:30+00:00","dateModified":"2026-04-24T06:55:10+00:00","breadcrumb":{"@id":"https:\/\/www.schramas.com\/winkel\/diospyros-kaki-tone-wase-sharonfruit-5-liter-pot-90cm\/#breadcrumb"},"inLanguage":"fr-FR","potentialAction":[{"@type":"ReadAction","target":["https:\/\/www.schramas.com\/winkel\/diospyros-kaki-tone-wase-sharonfruit-5-liter-pot-90cm\/"]}]},{"@type":"ImageObject","inLanguage":"fr-FR","@id":"https:\/\/www.schramas.com\/winkel\/diospyros-kaki-tone-wase-sharonfruit-5-liter-pot-90cm\/#primaryimage","url":"https:\/\/www.schramas.com\/wp-content\/uploads\/2025\/11\/diospyros-Kaki-Tone-wase-sfeer.webp","contentUrl":"https:\/\/www.schramas.com\/wp-content\/uploads\/2025\/11\/diospyros-Kaki-Tone-wase-sfeer.webp","width":1024,"height":1024},{"@type":"BreadcrumbList","@id":"https:\/\/www.schramas.com\/winkel\/diospyros-kaki-tone-wase-sharonfruit-5-liter-pot-90cm\/#breadcrumb","itemListElement":[{"@type":"ListItem","position":1,"name":"Product","item":"https:\/\/www.schramas.com\/assortiment\/"},{"@type":"ListItem","position":2,"name":"Bomen &amp; Struiken","item":"https:\/\/www.schramas.com\/product-category\/bomen-struiken\/"},{"@type":"ListItem","position":3,"name":"Fruitbomen","item":"https:\/\/www.schramas.com\/product-category\/bomen-struiken\/fruitbomen\/"},{"@type":"ListItem","position":4,"name":"Kaki","item":"https:\/\/www.schramas.com\/product-category\/bomen-struiken\/fruitbomen\/kaki\/"},{"@type":"ListItem","position":5,"name":"Diospyros kaki &#8216;Tone Wase&#8217;, sharonfruit, 2 liter pot, Hoogte 90cm"}]},{"@type":"WebSite","@id":"https:\/\/www.schramas.com\/#website","url":"https:\/\/www.schramas.com\/","name":"Schramas.com | Plantes de jardin faciles \u00e0 commander en ligne | En direct de notre p\u00e9pini\u00e8re","description":"","alternateName":"Schramas.com - Alle planten direct van de kweker","potentialAction":[{"@type":"SearchAction","target":{"@type":"EntryPoint","urlTemplate":"https:\/\/www.schramas.com\/?s={search_term_string}"},"query-input":{"@type":"PropertyValueSpecification","valueRequired":true,"valueName":"search_term_string"}}],"inLanguage":"fr-FR"}]}},"_links":{"self":[{"href":"https:\/\/www.schramas.com\/fr\/wp-json\/wp\/v2\/product\/62430","targetHints":{"allow":["GET"]}}],"collection":[{"href":"https:\/\/www.schramas.com\/fr\/wp-json\/wp\/v2\/product"}],"about":[{"href":"https:\/\/www.schramas.com\/fr\/wp-json\/wp\/v2\/types\/product"}],"version-history":[{"count":4,"href":"https:\/\/www.schramas.com\/fr\/wp-json\/wp\/v2\/product\/62430\/revisions"}],"predecessor-version":[{"id":64402,"href":"https:\/\/www.schramas.com\/fr\/wp-json\/wp\/v2\/product\/62430\/revisions\/64402"}],"wp:featuredmedia":[{"embeddable":true,"href":"https:\/\/www.schramas.com\/fr\/wp-json\/wp\/v2\/media\/62432"}],"wp:attachment":[{"href":"https:\/\/www.schramas.com\/fr\/wp-json\/wp\/v2\/media?parent=62430"}],"wp:term":[{"taxonomy":"product_brand","embeddable":true,"href":"https:\/\/www.schramas.com\/fr\/wp-json\/wp\/v2\/product_brand?post=62430"},{"taxonomy":"product_cat","embeddable":true,"href":"https:\/\/www.schramas.com\/fr\/wp-json\/wp\/v2\/product_cat?post=62430"},{"taxonomy":"product_tag","embeddable":true,"href":"https:\/\/www.schramas.com\/fr\/wp-json\/wp\/v2\/product_tag?post=62430"}],"curies":[{"name":"wp","href":"https:\/\/api.w.org\/{rel}","templated":true}]}}