{"id":63223,"date":"2025-11-27T08:01:06","date_gmt":"2025-11-27T07:01:06","guid":{"rendered":"https:\/\/www.schramas.com\/?post_type=product&#038;p=63223"},"modified":"2026-03-26T16:38:29","modified_gmt":"2026-03-26T15:38:29","slug":"paeonia-lactiflora-shirley-temple-peony-root-stock-5-pieces","status":"publish","type":"product","link":"https:\/\/www.schramas.com\/fr\/boutique\/paeonia-lactiflora-shirley-temple-peony-root-stock-5-pieces\/","title":{"rendered":"Paeonia lactiflora \u2018Shirley Temple\u2019 - Pivoine - Porte-greffe - 5 plantes"},"content":{"rendered":"<p>Profitez de la beaut\u00e9 enchanteresse de Paeonia lactiflora &#039;Shirley Temple&#039;, mieux connue sous le nom de pivoine. Cette pivoine paysanne r\u00e9v\u00e8le de grandes fleurs bien remplies qui apparaissent d&#039;abord sous forme de boutons roses, mais qui, une fois ouvertes, prennent une belle couleur blanche avec une touche de rose. Les fleurs contrastent magnifiquement avec les tiges sombres et les feuilles vert fonc\u00e9. Apr\u00e8s la floraison, la plante d\u00e9veloppe des gousses, tandis que les feuilles restent belles jusqu&#039;\u00e0 l&#039;automne et pr\u00e9sentent parfois une coloration automnale, selon l&#039;endroit et la m\u00e9t\u00e9o.<\/p>\n<p>Cette pivoine de mi-saison est fiable et vigoureuse, avec des fleurs qui s&#039;\u00e9panouissent de la fin du printemps au d\u00e9but de l&#039;\u00e9t\u00e9. &#039;Shirley Temple&#039; prosp\u00e8re en plein soleil ou \u00e0 mi-ombre et pousse mieux dans un sol riche et fertile avec un bon drainage. La plante atteint environ 80 cm de haut et 60 \u00e0 90 cm de large, avec un feuillage vert attrayant qui dure toute la saison et devient souvent color\u00e9 en automne.<\/p>\n<p>Cette pivoine est pratiquement exempte de parasites et r\u00e9sistante aux cerfs et aux lapins, mais attire les papillons. C&#039;est une excellente fleur coup\u00e9e avec une longue dur\u00e9e de vie en vase et n\u00e9cessite peu d&#039;entretien. Id\u00e9ale en solitaire, en groupe, en bordure, massif, jardin de ville ou jardin de chalet. Profitez de la combinaison de cette charmante pivoine avec des roses, des iris barbus et d&#039;autres plantes vivaces dans des combinaisons de couleurs saisissantes. Avec une dur\u00e9e de vie allant jusqu&#039;\u00e0 50 ans, ces plantes n&#039;ont pas besoin d&#039;\u00eatre divis\u00e9es et peuvent continuer \u00e0 pousser pendant des ann\u00e9es sans \u00eatre d\u00e9rang\u00e9es dans un endroit soigneusement choisi.<\/p>","protected":false},"excerpt":{"rendered":"<p>5x Paeonia lactiflora Shirley Temple<\/p>\n<p>Pivoine blanc-rose<\/p>\n<p>Hauteur : max 1m<\/p>\n<p>M\u00e9thode de livraison : Racines<\/p>","protected":false},"featured_media":63224,"template":"","meta":{"_joinchat":[]},"product_brand":[],"product_cat":[140,305,306],"product_tag":[1747,1751,1746,1754,1490,1752,1755,1753,1743,1745,536,1442,784,520,1748,1476],"class_list":{"0":"post-63223","1":"product","2":"type-product","3":"status-publish","4":"has-post-thumbnail","6":"product_cat-pioenen","7":"product_cat-planten-heesters","8":"product_cat-vaste-planten","9":"product_tag-bloeiperiode-mei-juni","10":"product_tag-gele-meeldraden","11":"product_tag-gevulde-bloem","12":"product_tag-goede-tuingrond","13":"product_tag-herfstverkleuring","14":"product_tag-hoogte-80-90cm","15":"product_tag-lange-levensduur","16":"product_tag-licht-schaduw","17":"product_tag-paeonia-lactiflora","18":"product_tag-pioenroos","19":"product_tag-roze","20":"product_tag-snijbloem","21":"product_tag-vaste-plant","22":"product_tag-wit","23":"product_tag-wortelstekken","24":"product_tag-zon","25":"pa_ewd_uwcf_colors-roze","26":"pa_ewd_uwcf_colors-wit","27":"pa_groeihoogte-50-100-cm","28":"pa_pot-naaktwortelig","30":"first","31":"outofstock","32":"taxable","33":"shipping-taxable","34":"purchasable","35":"product-type-simple"},"yoast_head":"<!-- This site is optimized with the Yoast SEO plugin v24.2 - https:\/\/yoast.com\/wordpress\/plugins\/seo\/ -->\n<title>Paeonia lactiflora &#039;Shirley Temple&#039; - Pioenroos - Wortelgoed - 5 stuks kopen | Planten eenvoudig online bestellen | Schramas.com<\/title>\n<meta name=\"robots\" content=\"index, follow, max-snippet:-1, max-image-preview:large, max-video-preview:-1\" \/>\n<link rel=\"canonical\" href=\"https:\/\/www.schramas.com\/fr\/boutique\/paeonia-lactiflora-shirley-temple-peony-root-stock-5-pieces\/\" \/>\n<meta property=\"og:locale\" content=\"fr_FR\" \/>\n<meta property=\"og:type\" content=\"article\" \/>\n<meta property=\"og:title\" content=\"Paeonia lactiflora &#039;Shirley Temple&#039; - Pioenroos - Wortelgoed - 5 stuks kopen | Planten eenvoudig online bestellen | Schramas.com\" \/>\n<meta property=\"og:description\" content=\"5x Paeonia lactiflora Shirley Temple  Wit-roze pioenroos  Hoogte: max 1m  Leverwijze: Wortelgoed\" \/>\n<meta property=\"og:url\" content=\"https:\/\/www.schramas.com\/fr\/boutique\/paeonia-lactiflora-shirley-temple-peony-root-stock-5-pieces\/\" \/>\n<meta property=\"og:site_name\" content=\"Planten eenvoudig online bestellen | Schramas.com\" \/>\n<meta property=\"article:publisher\" content=\"https:\/\/www.facebook.com\/Schramascom-106872874153195\/\" \/>\n<meta property=\"article:modified_time\" content=\"2026-03-26T15:38:29+00:00\" \/>\n<meta property=\"og:image\" content=\"http:\/\/www.schramas.com\/wp-content\/uploads\/2025\/11\/Pioen-Shirley-Temple-Wortelgoed-sfeer.webp\" \/>\n\t<meta property=\"og:image:width\" content=\"1024\" \/>\n\t<meta property=\"og:image:height\" content=\"1024\" \/>\n\t<meta property=\"og:image:type\" content=\"image\/webp\" \/>\n<meta name=\"twitter:card\" content=\"summary_large_image\" \/>\n<meta name=\"twitter:label1\" content=\"Dur\u00e9e de lecture estim\u00e9e\" \/>\n\t<meta name=\"twitter:data1\" content=\"1 minute\" \/>\n<script type=\"application\/ld+json\" class=\"yoast-schema-graph\">{\"@context\":\"https:\/\/schema.org\",\"@graph\":[{\"@type\":[\"WebPage\",\"ItemPage\"],\"@id\":\"https:\/\/www.schramas.com\/winkel\/paeonia-lactiflora-shirley-temple-pioenroos-wortelgoed-5-stuks\/\",\"url\":\"https:\/\/www.schramas.com\/winkel\/paeonia-lactiflora-shirley-temple-pioenroos-wortelgoed-5-stuks\/\",\"name\":\"Paeonia lactiflora 'Shirley Temple' - Pioenroos - Wortelgoed - 5 stuks kopen | Planten eenvoudig online bestellen | Schramas.com\",\"isPartOf\":{\"@id\":\"https:\/\/www.schramas.com\/#website\"},\"primaryImageOfPage\":{\"@id\":\"https:\/\/www.schramas.com\/winkel\/paeonia-lactiflora-shirley-temple-pioenroos-wortelgoed-5-stuks\/#primaryimage\"},\"image\":{\"@id\":\"https:\/\/www.schramas.com\/winkel\/paeonia-lactiflora-shirley-temple-pioenroos-wortelgoed-5-stuks\/#primaryimage\"},\"thumbnailUrl\":\"https:\/\/www.schramas.com\/wp-content\/uploads\/2025\/11\/Pioen-Shirley-Temple-Wortelgoed-sfeer.webp\",\"datePublished\":\"2025-11-27T07:01:06+00:00\",\"dateModified\":\"2026-03-26T15:38:29+00:00\",\"breadcrumb\":{\"@id\":\"https:\/\/www.schramas.com\/winkel\/paeonia-lactiflora-shirley-temple-pioenroos-wortelgoed-5-stuks\/#breadcrumb\"},\"inLanguage\":\"fr-FR\",\"potentialAction\":[{\"@type\":\"ReadAction\",\"target\":[\"https:\/\/www.schramas.com\/winkel\/paeonia-lactiflora-shirley-temple-pioenroos-wortelgoed-5-stuks\/\"]}]},{\"@type\":\"ImageObject\",\"inLanguage\":\"fr-FR\",\"@id\":\"https:\/\/www.schramas.com\/winkel\/paeonia-lactiflora-shirley-temple-pioenroos-wortelgoed-5-stuks\/#primaryimage\",\"url\":\"https:\/\/www.schramas.com\/wp-content\/uploads\/2025\/11\/Pioen-Shirley-Temple-Wortelgoed-sfeer.webp\",\"contentUrl\":\"https:\/\/www.schramas.com\/wp-content\/uploads\/2025\/11\/Pioen-Shirley-Temple-Wortelgoed-sfeer.webp\",\"width\":1024,\"height\":1024},{\"@type\":\"BreadcrumbList\",\"@id\":\"https:\/\/www.schramas.com\/winkel\/paeonia-lactiflora-shirley-temple-pioenroos-wortelgoed-5-stuks\/#breadcrumb\",\"itemListElement\":[{\"@type\":\"ListItem\",\"position\":1,\"name\":\"Product\",\"item\":\"https:\/\/www.schramas.com\/assortiment\/\"},{\"@type\":\"ListItem\",\"position\":2,\"name\":\"Tuinplanten\",\"item\":\"https:\/\/www.schramas.com\/product-category\/planten-heesters\/\"},{\"@type\":\"ListItem\",\"position\":3,\"name\":\"Paeonia lactiflora &#8216;Shirley Temple&#8217; &#8211; Pioenroos &#8211; Wortelgoed &#8211; 5 stuks\"}]},{\"@type\":\"WebSite\",\"@id\":\"https:\/\/www.schramas.com\/#website\",\"url\":\"https:\/\/www.schramas.com\/\",\"name\":\"Schramas.com | Tuinplanten eenvoudig online bestellen | Direct van onze Kwekerij\",\"description\":\"\",\"alternateName\":\"Schramas.com - Alle planten direct van de kweker\",\"potentialAction\":[{\"@type\":\"SearchAction\",\"target\":{\"@type\":\"EntryPoint\",\"urlTemplate\":\"https:\/\/www.schramas.com\/?s={search_term_string}\"},\"query-input\":{\"@type\":\"PropertyValueSpecification\",\"valueRequired\":true,\"valueName\":\"search_term_string\"}}],\"inLanguage\":\"fr-FR\"}]}<\/script>\n<!-- \/ Yoast SEO plugin. -->","yoast_head_json":{"title":"Paeonia lactiflora 'Shirley Temple' - Pivoine - Acheter un porte-greffe - 5 plantes | Plantes faciles en ligne | Schramas.com","robots":{"index":"index","follow":"follow","max-snippet":"max-snippet:-1","max-image-preview":"max-image-preview:large","max-video-preview":"max-video-preview:-1"},"canonical":"https:\/\/www.schramas.com\/fr\/boutique\/paeonia-lactiflora-shirley-temple-peony-root-stock-5-pieces\/","og_locale":"fr_FR","og_type":"article","og_title":"Paeonia lactiflora 'Shirley Temple' - Pioenroos - Wortelgoed - 5 stuks kopen | Planten eenvoudig online bestellen | Schramas.com","og_description":"5x Paeonia lactiflora Shirley Temple  Wit-roze pioenroos  Hoogte: max 1m  Leverwijze: Wortelgoed","og_url":"https:\/\/www.schramas.com\/fr\/boutique\/paeonia-lactiflora-shirley-temple-peony-root-stock-5-pieces\/","og_site_name":"Planten eenvoudig online bestellen | Schramas.com","article_publisher":"https:\/\/www.facebook.com\/Schramascom-106872874153195\/","article_modified_time":"2026-03-26T15:38:29+00:00","og_image":[{"width":1024,"height":1024,"url":"http:\/\/www.schramas.com\/wp-content\/uploads\/2025\/11\/Pioen-Shirley-Temple-Wortelgoed-sfeer.webp","type":"image\/webp"}],"twitter_card":"summary_large_image","twitter_misc":{"Dur\u00e9e de lecture estim\u00e9e":"1 minute"},"schema":{"@context":"https:\/\/schema.org","@graph":[{"@type":["WebPage","ItemPage"],"@id":"https:\/\/www.schramas.com\/winkel\/paeonia-lactiflora-shirley-temple-pioenroos-wortelgoed-5-stuks\/","url":"https:\/\/www.schramas.com\/winkel\/paeonia-lactiflora-shirley-temple-pioenroos-wortelgoed-5-stuks\/","name":"Paeonia lactiflora 'Shirley Temple' - Pivoine - Acheter un porte-greffe - 5 plantes | Plantes faciles en ligne | Schramas.com","isPartOf":{"@id":"https:\/\/www.schramas.com\/#website"},"primaryImageOfPage":{"@id":"https:\/\/www.schramas.com\/winkel\/paeonia-lactiflora-shirley-temple-pioenroos-wortelgoed-5-stuks\/#primaryimage"},"image":{"@id":"https:\/\/www.schramas.com\/winkel\/paeonia-lactiflora-shirley-temple-pioenroos-wortelgoed-5-stuks\/#primaryimage"},"thumbnailUrl":"https:\/\/www.schramas.com\/wp-content\/uploads\/2025\/11\/Pioen-Shirley-Temple-Wortelgoed-sfeer.webp","datePublished":"2025-11-27T07:01:06+00:00","dateModified":"2026-03-26T15:38:29+00:00","breadcrumb":{"@id":"https:\/\/www.schramas.com\/winkel\/paeonia-lactiflora-shirley-temple-pioenroos-wortelgoed-5-stuks\/#breadcrumb"},"inLanguage":"fr-FR","potentialAction":[{"@type":"ReadAction","target":["https:\/\/www.schramas.com\/winkel\/paeonia-lactiflora-shirley-temple-pioenroos-wortelgoed-5-stuks\/"]}]},{"@type":"ImageObject","inLanguage":"fr-FR","@id":"https:\/\/www.schramas.com\/winkel\/paeonia-lactiflora-shirley-temple-pioenroos-wortelgoed-5-stuks\/#primaryimage","url":"https:\/\/www.schramas.com\/wp-content\/uploads\/2025\/11\/Pioen-Shirley-Temple-Wortelgoed-sfeer.webp","contentUrl":"https:\/\/www.schramas.com\/wp-content\/uploads\/2025\/11\/Pioen-Shirley-Temple-Wortelgoed-sfeer.webp","width":1024,"height":1024},{"@type":"BreadcrumbList","@id":"https:\/\/www.schramas.com\/winkel\/paeonia-lactiflora-shirley-temple-pioenroos-wortelgoed-5-stuks\/#breadcrumb","itemListElement":[{"@type":"ListItem","position":1,"name":"Product","item":"https:\/\/www.schramas.com\/assortiment\/"},{"@type":"ListItem","position":2,"name":"Tuinplanten","item":"https:\/\/www.schramas.com\/product-category\/planten-heesters\/"},{"@type":"ListItem","position":3,"name":"Paeonia lactiflora &#8216;Shirley Temple&#8217; &#8211; Pioenroos &#8211; Wortelgoed &#8211; 5 stuks"}]},{"@type":"WebSite","@id":"https:\/\/www.schramas.com\/#website","url":"https:\/\/www.schramas.com\/","name":"Schramas.com | Plantes de jardin faciles \u00e0 commander en ligne | En direct de notre p\u00e9pini\u00e8re","description":"","alternateName":"Schramas.com - Alle planten direct van de kweker","potentialAction":[{"@type":"SearchAction","target":{"@type":"EntryPoint","urlTemplate":"https:\/\/www.schramas.com\/?s={search_term_string}"},"query-input":{"@type":"PropertyValueSpecification","valueRequired":true,"valueName":"search_term_string"}}],"inLanguage":"fr-FR"}]}},"_links":{"self":[{"href":"https:\/\/www.schramas.com\/fr\/wp-json\/wp\/v2\/product\/63223","targetHints":{"allow":["GET"]}}],"collection":[{"href":"https:\/\/www.schramas.com\/fr\/wp-json\/wp\/v2\/product"}],"about":[{"href":"https:\/\/www.schramas.com\/fr\/wp-json\/wp\/v2\/types\/product"}],"version-history":[{"count":1,"href":"https:\/\/www.schramas.com\/fr\/wp-json\/wp\/v2\/product\/63223\/revisions"}],"predecessor-version":[{"id":63225,"href":"https:\/\/www.schramas.com\/fr\/wp-json\/wp\/v2\/product\/63223\/revisions\/63225"}],"wp:featuredmedia":[{"embeddable":true,"href":"https:\/\/www.schramas.com\/fr\/wp-json\/wp\/v2\/media\/63224"}],"wp:attachment":[{"href":"https:\/\/www.schramas.com\/fr\/wp-json\/wp\/v2\/media?parent=63223"}],"wp:term":[{"taxonomy":"product_brand","embeddable":true,"href":"https:\/\/www.schramas.com\/fr\/wp-json\/wp\/v2\/product_brand?post=63223"},{"taxonomy":"product_cat","embeddable":true,"href":"https:\/\/www.schramas.com\/fr\/wp-json\/wp\/v2\/product_cat?post=63223"},{"taxonomy":"product_tag","embeddable":true,"href":"https:\/\/www.schramas.com\/fr\/wp-json\/wp\/v2\/product_tag?post=63223"}],"curies":[{"name":"wp","href":"https:\/\/api.w.org\/{rel}","templated":true}]}}