{"id":63226,"date":"2025-11-27T08:10:55","date_gmt":"2025-11-27T07:10:55","guid":{"rendered":"https:\/\/www.schramas.com\/?post_type=product&#038;p=63226"},"modified":"2026-03-26T16:38:30","modified_gmt":"2026-03-26T15:38:30","slug":"paeonia-lactiflora-karl-rosenfield-pivoine-porte-greffe-5-pieces","status":"publish","type":"product","link":"https:\/\/www.schramas.com\/fr\/boutique\/paeonia-lactiflora-karl-rosenfield-pivoine-porte-greffe-5-pieces\/","title":{"rendered":"Paeonia lactiflora \u2018karl Rosenfield\u2019 - Pivoine - Porte-greffe - 5 pi\u00e8ces"},"content":{"rendered":"<p>Paeonia 'Karl Rosenfield', \u00e9galement connu sous le nom de Pivoine, est un ajout magnifique \u00e0 tout jardin. Pendant la p\u00e9riode de floraison, qui a lieu \u00e0 la fin du mois de mai et en juin, des fleurs cramoisies brillantes s'\u00e9panouissent sur cette plante. Au fur et \u00e0 mesure que les fleurs s'ouvrent, de plus en plus d'\u00e9tamines jaunes deviennent visibles, cr\u00e9ant un effet enchanteur.<\/p>\n<p>Paeonia lactiflora 'Karl Rosenfield' est vraiment \u00e0 couper le souffle. Comme son homologue, la pivoine 'Bowl of Beauty', cette \u00e9tonnante pivoine rouge surprend par ses fleurs luxuriantes, qui deviennent de plus en plus belles chaque ann\u00e9e. Cette incroyable beaut\u00e9 appara\u00eet en juin et juillet et atteint une hauteur d'environ 80 \u00e0 90 cm.<\/p>\n<p>Cette pivoine cramoisie est une vari\u00e9t\u00e9 qui pousse bien et qui est peu sensible aux maladies. Elle se d\u00e9veloppe mieux dans une position ensoleill\u00e9e \u00e0 l\u00e9g\u00e8rement ombrag\u00e9e et n\u00e9cessite un bon sol de jardin, de pr\u00e9f\u00e9rence pas trop humide. De plus, Paeonia lactiflora 'Karl Rosenfield' est une merveilleuse fleur coup\u00e9e, ce qui vous permet de profiter de sa beaut\u00e9 \u00e0 l'int\u00e9rieur \u00e9galement.<\/p>\n<p>Avec ses fleurs enchanteresses et sa long\u00e9vit\u00e9 - les pivoines peuvent vivre jusqu'\u00e0 50 ans - 'Karl Rosenfield' est un favori intemporel qui embellira n'importe quel jardin\".<\/p>","protected":false},"excerpt":{"rendered":"<p>5x Paeonia lactiflora karl Rosenfield<\/p>\n<p>Pivoine rouge<\/p>\n<p>Hauteur : max 1m<\/p>\n<p>M\u00e9thode de livraison : Racines<\/p>","protected":false},"featured_media":63231,"template":"","meta":{"_joinchat":[]},"product_brand":[],"product_cat":[140,305,306],"product_tag":[1747,1751,1746,1754,1490,1752,1749,1750,1755,1753,1743,1745,1442,784,1748,1476],"class_list":{"0":"post-63226","1":"product","2":"type-product","3":"status-publish","4":"has-post-thumbnail","6":"product_cat-pioenen","7":"product_cat-planten-heesters","8":"product_cat-vaste-planten","9":"product_tag-bloeiperiode-mei-juni","10":"product_tag-gele-meeldraden","11":"product_tag-gevulde-bloem","12":"product_tag-goede-tuingrond","13":"product_tag-herfstverkleuring","14":"product_tag-hoogte-80-90cm","15":"product_tag-karl-rosenfield","16":"product_tag-karmozijnrood","17":"product_tag-lange-levensduur","18":"product_tag-licht-schaduw","19":"product_tag-paeonia-lactiflora","20":"product_tag-pioenroos","21":"product_tag-snijbloem","22":"product_tag-vaste-plant","23":"product_tag-wortelstekken","24":"product_tag-zon","25":"pa_ewd_uwcf_colors-rood-2","26":"pa_groeihoogte-50-100-cm","27":"pa_pot-naaktwortelig","29":"first","30":"outofstock","31":"taxable","32":"shipping-taxable","33":"purchasable","34":"product-type-simple"},"yoast_head":"<!-- This site is optimized with the Yoast SEO plugin v24.2 - https:\/\/yoast.com\/wordpress\/plugins\/seo\/ -->\n<title>Paeonia lactiflora &#039;karl Rosenfield&#039; - Pioenroos - Wortelgoed \u2013 5 stuks kopen | Planten eenvoudig online bestellen | Schramas.com<\/title>\n<meta name=\"robots\" content=\"index, follow, max-snippet:-1, max-image-preview:large, max-video-preview:-1\" \/>\n<link rel=\"canonical\" href=\"https:\/\/www.schramas.com\/fr\/boutique\/paeonia-lactiflora-karl-rosenfield-pivoine-porte-greffe-5-pieces\/\" \/>\n<meta property=\"og:locale\" content=\"fr_FR\" \/>\n<meta property=\"og:type\" content=\"article\" \/>\n<meta property=\"og:title\" content=\"Paeonia lactiflora &#039;karl Rosenfield&#039; - Pioenroos - Wortelgoed \u2013 5 stuks kopen | Planten eenvoudig online bestellen | Schramas.com\" \/>\n<meta property=\"og:description\" content=\"5x Paeonia lactiflora karl Rosenfield  Rode pioenroos  Hoogte: max 1m  Leverwijze: Wortelgoed\" \/>\n<meta property=\"og:url\" content=\"https:\/\/www.schramas.com\/fr\/boutique\/paeonia-lactiflora-karl-rosenfield-pivoine-porte-greffe-5-pieces\/\" \/>\n<meta property=\"og:site_name\" content=\"Planten eenvoudig online bestellen | Schramas.com\" \/>\n<meta property=\"article:publisher\" content=\"https:\/\/www.facebook.com\/Schramascom-106872874153195\/\" \/>\n<meta property=\"article:modified_time\" content=\"2026-03-26T15:38:30+00:00\" \/>\n<meta property=\"og:image\" content=\"http:\/\/www.schramas.com\/wp-content\/uploads\/2025\/11\/Karl-rosenfield.webp\" \/>\n\t<meta property=\"og:image:width\" content=\"1024\" \/>\n\t<meta property=\"og:image:height\" content=\"1024\" \/>\n\t<meta property=\"og:image:type\" content=\"image\/webp\" \/>\n<meta name=\"twitter:card\" content=\"summary_large_image\" \/>\n<meta name=\"twitter:label1\" content=\"Dur\u00e9e de lecture estim\u00e9e\" \/>\n\t<meta name=\"twitter:data1\" content=\"1 minute\" \/>\n<script type=\"application\/ld+json\" class=\"yoast-schema-graph\">{\"@context\":\"https:\/\/schema.org\",\"@graph\":[{\"@type\":[\"WebPage\",\"ItemPage\"],\"@id\":\"https:\/\/www.schramas.com\/winkel\/paeonia-lactiflora-karl-rosenfield-pioenroos-wortelgoed-5-stuks\/\",\"url\":\"https:\/\/www.schramas.com\/winkel\/paeonia-lactiflora-karl-rosenfield-pioenroos-wortelgoed-5-stuks\/\",\"name\":\"Paeonia lactiflora 'karl Rosenfield' - Pioenroos - Wortelgoed \u2013 5 stuks kopen | Planten eenvoudig online bestellen | Schramas.com\",\"isPartOf\":{\"@id\":\"https:\/\/www.schramas.com\/#website\"},\"primaryImageOfPage\":{\"@id\":\"https:\/\/www.schramas.com\/winkel\/paeonia-lactiflora-karl-rosenfield-pioenroos-wortelgoed-5-stuks\/#primaryimage\"},\"image\":{\"@id\":\"https:\/\/www.schramas.com\/winkel\/paeonia-lactiflora-karl-rosenfield-pioenroos-wortelgoed-5-stuks\/#primaryimage\"},\"thumbnailUrl\":\"https:\/\/www.schramas.com\/wp-content\/uploads\/2025\/11\/Karl-rosenfield.webp\",\"datePublished\":\"2025-11-27T07:10:55+00:00\",\"dateModified\":\"2026-03-26T15:38:30+00:00\",\"breadcrumb\":{\"@id\":\"https:\/\/www.schramas.com\/winkel\/paeonia-lactiflora-karl-rosenfield-pioenroos-wortelgoed-5-stuks\/#breadcrumb\"},\"inLanguage\":\"fr-FR\",\"potentialAction\":[{\"@type\":\"ReadAction\",\"target\":[\"https:\/\/www.schramas.com\/winkel\/paeonia-lactiflora-karl-rosenfield-pioenroos-wortelgoed-5-stuks\/\"]}]},{\"@type\":\"ImageObject\",\"inLanguage\":\"fr-FR\",\"@id\":\"https:\/\/www.schramas.com\/winkel\/paeonia-lactiflora-karl-rosenfield-pioenroos-wortelgoed-5-stuks\/#primaryimage\",\"url\":\"https:\/\/www.schramas.com\/wp-content\/uploads\/2025\/11\/Karl-rosenfield.webp\",\"contentUrl\":\"https:\/\/www.schramas.com\/wp-content\/uploads\/2025\/11\/Karl-rosenfield.webp\",\"width\":1024,\"height\":1024},{\"@type\":\"BreadcrumbList\",\"@id\":\"https:\/\/www.schramas.com\/winkel\/paeonia-lactiflora-karl-rosenfield-pioenroos-wortelgoed-5-stuks\/#breadcrumb\",\"itemListElement\":[{\"@type\":\"ListItem\",\"position\":1,\"name\":\"Product\",\"item\":\"https:\/\/www.schramas.com\/assortiment\/\"},{\"@type\":\"ListItem\",\"position\":2,\"name\":\"Tuinplanten\",\"item\":\"https:\/\/www.schramas.com\/product-category\/planten-heesters\/\"},{\"@type\":\"ListItem\",\"position\":3,\"name\":\"Paeonia lactiflora &#8216;karl Rosenfield&#8217; &#8211; Pioenroos &#8211; Wortelgoed \u2013 5 stuks\"}]},{\"@type\":\"WebSite\",\"@id\":\"https:\/\/www.schramas.com\/#website\",\"url\":\"https:\/\/www.schramas.com\/\",\"name\":\"Schramas.com | Tuinplanten eenvoudig online bestellen | Direct van onze Kwekerij\",\"description\":\"\",\"alternateName\":\"Schramas.com - Alle planten direct van de kweker\",\"potentialAction\":[{\"@type\":\"SearchAction\",\"target\":{\"@type\":\"EntryPoint\",\"urlTemplate\":\"https:\/\/www.schramas.com\/?s={search_term_string}\"},\"query-input\":{\"@type\":\"PropertyValueSpecification\",\"valueRequired\":true,\"valueName\":\"search_term_string\"}}],\"inLanguage\":\"fr-FR\"}]}<\/script>\n<!-- \/ Yoast SEO plugin. -->","yoast_head_json":{"title":"Paeonia lactiflora 'karl Rosenfield' - Pivoine - Acheter porte-greffe - 5 plantes | Plantes commande en ligne facile | Schramas.com","robots":{"index":"index","follow":"follow","max-snippet":"max-snippet:-1","max-image-preview":"max-image-preview:large","max-video-preview":"max-video-preview:-1"},"canonical":"https:\/\/www.schramas.com\/fr\/boutique\/paeonia-lactiflora-karl-rosenfield-pivoine-porte-greffe-5-pieces\/","og_locale":"fr_FR","og_type":"article","og_title":"Paeonia lactiflora 'karl Rosenfield' - Pioenroos - Wortelgoed \u2013 5 stuks kopen | Planten eenvoudig online bestellen | Schramas.com","og_description":"5x Paeonia lactiflora karl Rosenfield  Rode pioenroos  Hoogte: max 1m  Leverwijze: Wortelgoed","og_url":"https:\/\/www.schramas.com\/fr\/boutique\/paeonia-lactiflora-karl-rosenfield-pivoine-porte-greffe-5-pieces\/","og_site_name":"Planten eenvoudig online bestellen | Schramas.com","article_publisher":"https:\/\/www.facebook.com\/Schramascom-106872874153195\/","article_modified_time":"2026-03-26T15:38:30+00:00","og_image":[{"width":1024,"height":1024,"url":"http:\/\/www.schramas.com\/wp-content\/uploads\/2025\/11\/Karl-rosenfield.webp","type":"image\/webp"}],"twitter_card":"summary_large_image","twitter_misc":{"Dur\u00e9e de lecture estim\u00e9e":"1 minute"},"schema":{"@context":"https:\/\/schema.org","@graph":[{"@type":["WebPage","ItemPage"],"@id":"https:\/\/www.schramas.com\/winkel\/paeonia-lactiflora-karl-rosenfield-pioenroos-wortelgoed-5-stuks\/","url":"https:\/\/www.schramas.com\/winkel\/paeonia-lactiflora-karl-rosenfield-pioenroos-wortelgoed-5-stuks\/","name":"Paeonia lactiflora 'karl Rosenfield' - Pivoine - Acheter porte-greffe - 5 plantes | Plantes commande en ligne facile | Schramas.com","isPartOf":{"@id":"https:\/\/www.schramas.com\/#website"},"primaryImageOfPage":{"@id":"https:\/\/www.schramas.com\/winkel\/paeonia-lactiflora-karl-rosenfield-pioenroos-wortelgoed-5-stuks\/#primaryimage"},"image":{"@id":"https:\/\/www.schramas.com\/winkel\/paeonia-lactiflora-karl-rosenfield-pioenroos-wortelgoed-5-stuks\/#primaryimage"},"thumbnailUrl":"https:\/\/www.schramas.com\/wp-content\/uploads\/2025\/11\/Karl-rosenfield.webp","datePublished":"2025-11-27T07:10:55+00:00","dateModified":"2026-03-26T15:38:30+00:00","breadcrumb":{"@id":"https:\/\/www.schramas.com\/winkel\/paeonia-lactiflora-karl-rosenfield-pioenroos-wortelgoed-5-stuks\/#breadcrumb"},"inLanguage":"fr-FR","potentialAction":[{"@type":"ReadAction","target":["https:\/\/www.schramas.com\/winkel\/paeonia-lactiflora-karl-rosenfield-pioenroos-wortelgoed-5-stuks\/"]}]},{"@type":"ImageObject","inLanguage":"fr-FR","@id":"https:\/\/www.schramas.com\/winkel\/paeonia-lactiflora-karl-rosenfield-pioenroos-wortelgoed-5-stuks\/#primaryimage","url":"https:\/\/www.schramas.com\/wp-content\/uploads\/2025\/11\/Karl-rosenfield.webp","contentUrl":"https:\/\/www.schramas.com\/wp-content\/uploads\/2025\/11\/Karl-rosenfield.webp","width":1024,"height":1024},{"@type":"BreadcrumbList","@id":"https:\/\/www.schramas.com\/winkel\/paeonia-lactiflora-karl-rosenfield-pioenroos-wortelgoed-5-stuks\/#breadcrumb","itemListElement":[{"@type":"ListItem","position":1,"name":"Product","item":"https:\/\/www.schramas.com\/assortiment\/"},{"@type":"ListItem","position":2,"name":"Tuinplanten","item":"https:\/\/www.schramas.com\/product-category\/planten-heesters\/"},{"@type":"ListItem","position":3,"name":"Paeonia lactiflora &#8216;karl Rosenfield&#8217; &#8211; Pioenroos &#8211; Wortelgoed \u2013 5 stuks"}]},{"@type":"WebSite","@id":"https:\/\/www.schramas.com\/#website","url":"https:\/\/www.schramas.com\/","name":"Schramas.com | Plantes de jardin faciles \u00e0 commander en ligne | En direct de notre p\u00e9pini\u00e8re","description":"","alternateName":"Schramas.com - Alle planten direct van de kweker","potentialAction":[{"@type":"SearchAction","target":{"@type":"EntryPoint","urlTemplate":"https:\/\/www.schramas.com\/?s={search_term_string}"},"query-input":{"@type":"PropertyValueSpecification","valueRequired":true,"valueName":"search_term_string"}}],"inLanguage":"fr-FR"}]}},"_links":{"self":[{"href":"https:\/\/www.schramas.com\/fr\/wp-json\/wp\/v2\/product\/63226","targetHints":{"allow":["GET"]}}],"collection":[{"href":"https:\/\/www.schramas.com\/fr\/wp-json\/wp\/v2\/product"}],"about":[{"href":"https:\/\/www.schramas.com\/fr\/wp-json\/wp\/v2\/types\/product"}],"version-history":[{"count":1,"href":"https:\/\/www.schramas.com\/fr\/wp-json\/wp\/v2\/product\/63226\/revisions"}],"predecessor-version":[{"id":63230,"href":"https:\/\/www.schramas.com\/fr\/wp-json\/wp\/v2\/product\/63226\/revisions\/63230"}],"wp:featuredmedia":[{"embeddable":true,"href":"https:\/\/www.schramas.com\/fr\/wp-json\/wp\/v2\/media\/63231"}],"wp:attachment":[{"href":"https:\/\/www.schramas.com\/fr\/wp-json\/wp\/v2\/media?parent=63226"}],"wp:term":[{"taxonomy":"product_brand","embeddable":true,"href":"https:\/\/www.schramas.com\/fr\/wp-json\/wp\/v2\/product_brand?post=63226"},{"taxonomy":"product_cat","embeddable":true,"href":"https:\/\/www.schramas.com\/fr\/wp-json\/wp\/v2\/product_cat?post=63226"},{"taxonomy":"product_tag","embeddable":true,"href":"https:\/\/www.schramas.com\/fr\/wp-json\/wp\/v2\/product_tag?post=63226"}],"curies":[{"name":"wp","href":"https:\/\/api.w.org\/{rel}","templated":true}]}}