{"id":63846,"date":"2025-12-09T10:26:30","date_gmt":"2025-12-09T09:26:30","guid":{"rendered":"https:\/\/www.schramas.com\/?post_type=product&#038;p=63846"},"modified":"2026-04-03T16:31:35","modified_gmt":"2026-04-03T14:31:35","slug":"malus-domestica-oude-appelboom-elstar-onderstam-bitterfeld-45l-pot-ca-2m","status":"publish","type":"product","link":"https:\/\/www.schramas.com\/fr\/boutique\/malus-domestica-oude-appelboom-elstar-onderstam-bitterfeld-45l-pot-ca-2m\/","title":{"rendered":"Malus domestica - Pommier ancien \u2018Elstar\u2019 - Porte-greffe Bitterfeld - Pot de 45L - environ 2m"},"content":{"rendered":"<p data-start=\"92\" data-end=\"303\">Deze \u2018oude\u2019 appelbomen leveren direct karakter, fruit en sfeer in je tuin; volwassen exemplaren in ruime pot, klaar voor aanplant. Beschikbaar in verschillende rassen met bewezen smaak- en groei-eigenschappen.<\/p>\n<p data-start=\"305\" data-end=\"785\">Le <strong data-start=\"308\" data-end=\"336\">Malus domestica 'Elstar'<\/strong> is een klassieke Nederlandse appelsoort, beroemd om zijn <strong data-start=\"394\" data-end=\"436\">friszoete smaak en sappige vruchtvlees<\/strong>. Deze <strong data-start=\"443\" data-end=\"461\">vieux pommier<\/strong> is een prachtige, volgroeide boom van circa <strong data-start=\"506\" data-end=\"522\">2 m\u00e8tres de haut<\/strong>, cultiv\u00e9 dans un <strong data-start=\"540\" data-end=\"562\">grote 45 liter pot<\/strong> \u00e0 <strong data-start=\"566\" data-end=\"590\">onderstam Bitterfeld<\/strong> \u2013 een sterke, goed vertakkende onderstam die zorgt voor een stevige groei en uitstekende vruchtkwaliteit. Dankzij zijn volwassen structuur geeft deze boom al binnen korte tijd een rijke oogst.<\/p>\n<p data-start=\"787\" data-end=\"1231\">Le <strong data-start=\"790\" data-end=\"800\">Elstar<\/strong> bloeit in het voorjaar met zachtroze tot witte bloesems die veel bijen aantrekken. In de nazomer volgt een royale oogst van <strong data-start=\"925\" data-end=\"944\">geelrode appels<\/strong> met een frisse, aromatische smaak. De vruchten zijn ideaal om vers te eten, maar ook zeer geschikt voor appelmoes, gebak en sappen. De Elstar is <strong data-start=\"1090\" data-end=\"1108\">autopollinisation<\/strong>, maar levert een nog hogere opbrengst wanneer er andere appelrassen in de buurt staan, zoals \u2018Cox Orange\u2019 of \u2018Jonagold\u2019.<\/p>\n<p data-start=\"1233\" data-end=\"1535\">L'arbre est <strong data-start=\"1244\" data-end=\"1258\">robuste<\/strong> en goed aangepast aan het Nederlandse klimaat. Hij groeit het beste op een <strong data-start=\"1334\" data-end=\"1381\">sol ensoleill\u00e9, fertile et bien drain\u00e9<\/strong>. Door zijn volwassen leeftijd en stevige onderstam is dit een ideale keuze voor wie direct een <strong data-start=\"1477\" data-end=\"1517\">volgroeide fruitboom met uitstraling<\/strong> in de tuin wil.<\/p>\n<p data-start=\"1537\" data-end=\"1655\">Om schade te voorkomen tijdens het transport worden deze zware, volgroeide bomen <strong data-start=\"1618\" data-end=\"1652\">exp\u00e9di\u00e9 en toute s\u00e9curit\u00e9 sur une palette<\/strong>.<\/p>\n<p data-start=\"1657\" data-end=\"1673\"><strong data-start=\"1657\" data-end=\"1671\">Avantages :<\/strong><\/p>\n<ul data-start=\"1674\" data-end=\"1995\">\n<li data-start=\"1674\" data-end=\"1720\">\n<p data-start=\"1676\" data-end=\"1720\">Grand pommier mature (environ 2 m de haut)<\/p>\n<\/li>\n<li data-start=\"1721\" data-end=\"1765\">\n<p data-start=\"1723\" data-end=\"1765\">Ge\u00ebnt op sterke onderstam <strong data-start=\"1749\" data-end=\"1763\">Bitterfeld<\/strong><\/p>\n<\/li>\n<li data-start=\"1766\" data-end=\"1818\">\n<p data-start=\"1768\" data-end=\"1818\">Rijke oogst van sappige, friszoete Elstar-appels<\/p>\n<\/li>\n<li data-start=\"1819\" data-end=\"1874\">\n<p data-start=\"1821\" data-end=\"1874\">Mooie voorjaarsbloei met bijenvriendelijke bloesems<\/p>\n<\/li>\n<li data-start=\"1875\" data-end=\"1915\">\n<p data-start=\"1877\" data-end=\"1915\">Winterhard en eenvoudig in onderhoud<\/p>\n<\/li>\n<li data-start=\"1916\" data-end=\"1995\">\n<p data-start=\"1918\" data-end=\"1995\">Wordt veilig op pallet geleverd voor optimale bescherming tijdens transport<\/p>\n<\/li>\n<\/ul>\n<p data-start=\"1997\" data-end=\"2339\"><strong data-start=\"1997\" data-end=\"2040\">Pourquoi choisir ce vieil arbre fruitier ?<\/strong><br data-start=\"2040\" data-end=\"2043\" \/>\u2714 Direct zichtbare grootte en volwassen structuur: geen jaren wachten op een volwassen boom<br data-start=\"2134\" data-end=\"2137\" \/>\u2714 Onderstam Bitterfeld: krachtig, duurzaam en geschikt voor verschillende gronden<br data-start=\"2218\" data-end=\"2221\" \/>\u2714 Klassiek appelras met hoge opbrengst en uitstekende smaak<br data-start=\"2280\" data-end=\"2283\" \/>\u2714 Sterk winterhard en geschikt voor gematigde klimaten<\/p>\n<p data-start=\"2341\" data-end=\"2653\"><strong data-start=\"2341\" data-end=\"2362\">Bloom &amp; Fruits :<\/strong><br data-start=\"2362\" data-end=\"2365\" \/>In het voorjaar bloeit de Elstar rijk met zachtroze tot witte bloesems. De vruchtzetting volgt in de zomer, met een oogstperiode in de <strong data-start=\"2500\" data-end=\"2549\">nazomer tot vroege herfst (september-oktober)<\/strong>. De appels zijn stevig, sappig en hebben een friszoet aroma \u2013 ideaal voor vers gebruik en verwerking.<\/p>\n<p data-start=\"2655\" data-end=\"2974\"><strong data-start=\"2655\" data-end=\"2684\">Emplacement et entretien :<\/strong><br data-start=\"2684\" data-end=\"2687\" \/>Plant de boom op een <strong data-start=\"2708\" data-end=\"2746\">zonnige tot licht beschaduwde plek<\/strong> in een goed doorlatende, voedzame bodem. Vermijd natte voeten. Geef voldoende water in het eerste groeiseizoen na aanplant. Snoei jaarlijks in de winter of vroege lente om de vorm te behouden en vruchtproductie te stimuleren.<\/p>\n<p data-start=\"2976\" data-end=\"3296\"><strong data-start=\"2976\" data-end=\"3010\">Les sp\u00e9cifications en un coup d'\u0153il<\/strong><br data-start=\"3010\" data-end=\"3013\" \/>- Hauteur \u00e0 la livraison : environ 2 m<br data-start=\"3043\" data-end=\"3046\" \/>- Taille du pot : 45 L<br data-start=\"3061\" data-end=\"3064\" \/>\u2022 Onderstam: Bitterfeld<br data-start=\"3087\" data-end=\"3090\" \/>- Port : vieille structure arborescente<br data-start=\"3122\" data-end=\"3125\" \/>\u2022 Bloei: voorjaar (april-mei)<br data-start=\"3154\" data-end=\"3157\" \/>- R\u00e9colte : septembre-octobre<br data-start=\"3183\" data-end=\"3186\" \/>\u2022 Winterhard: goed bestand tegen Nederlandse winters<br data-start=\"3238\" data-end=\"3241\" \/>\u2022 Gebruik: grote tuin, erf, boomgaard, solitaire boom<\/p>\n<p data-start=\"3298\" data-end=\"3567\" data-is-last-node=\"\" data-is-only-node=\"\">Voeg een boom toe die meteen indruk maakt, smaak levert en jarenlang meegaat. Onze <strong data-start=\"3381\" data-end=\"3431\">oude Elstar-appelbomen op Bitterfeld-onderstam<\/strong> combineren karakter, kracht en kwaliteit \u2013 rechtstreeks van de kweker naar jouw tuin. <em data-start=\"3518\" data-end=\"3567\" data-is-last-node=\"\">(L'arbre livr\u00e9 peut diff\u00e9rer l\u00e9g\u00e8rement de la photo).<\/em><\/p>","protected":false},"excerpt":{"rendered":"<p>\u2022 1 x Malus domestica \u2018Elstar\u2019 \u2013 onderstam Bitterfeld \u2013 friszoete, sappige appels<br data-start=\"222\" data-end=\"225\" \/>- Hauteur de livraison env. 2 m - taille du pot 45 litres<br data-start=\"265\" data-end=\"268\" \/>\u2022 Zelfbestuivend, hogere opbrengst met oa \u2018Jonagold\u2019<br data-start=\"333\" data-end=\"336\" \/>- R\u00e9colte en septembre-octobre<br data-start=\"364\" data-end=\"367\" \/>- Emplacement : soleil - sol fertile et bien drain\u00e9<br data-start=\"420\" data-end=\"423\" \/>- Arbre rustique et mature avec un rendement imm\u00e9diat<br data-start=\"473\" data-end=\"476\" \/>- Exp\u00e9dition : sur palette pour un transport s\u00fbr<\/p>","protected":false},"featured_media":63847,"template":"","meta":{"_joinchat":[]},"product_brand":[],"product_cat":[233,3716],"product_tag":[3725,3729,3728,3730,4173,3721,3722,3720,3732,3727,2215,3719,3724,3718,3726,3113,3731],"class_list":{"0":"post-63846","1":"product","2":"type-product","3":"status-publish","4":"has-post-thumbnail","6":"product_cat-fruitbomen","7":"product_cat-oude-en-grote-fruitbomen","8":"product_tag-appelbomen-kwekerij","9":"product_tag-appelboom-zelfplukkend","10":"product_tag-appeloogst","11":"product_tag-bestuivende-rassen","12":"product_tag-bitterfeld","13":"product_tag-bramley-appel","14":"product_tag-elstar-boom","15":"product_tag-fruitboom-45l","16":"product_tag-grote-fruitboom-kopen","17":"product_tag-hoogstam-appel","18":"product_tag-malus-domestica","19":"product_tag-nostalgische-appelrassen","20":"product_tag-notenfruitboom-alternatief","21":"product_tag-oude-appelboom","22":"product_tag-pluktuin","23":"product_tag-rode-boskoop","24":"product_tag-winterharde-appels","25":"product_shipping_class-grote-fruitbomen","26":"pa_ewd_uwcf_colors-groen-2","27":"pa_groeihoogte-300-cm","28":"pa_pot-45-liter-pot","30":"first","31":"instock","32":"taxable","33":"shipping-taxable","34":"purchasable","35":"product-type-simple"},"yoast_head":"<!-- This site is optimized with the Yoast SEO plugin v24.2 - https:\/\/yoast.com\/wordpress\/plugins\/seo\/ -->\n<title>Malus domestica - Oude Appelboom &#039;Elstar&#039; - Onderstam Bitterfeld - 45L pot - ca. 2m kopen | Planten eenvoudig online bestellen | Schramas.com<\/title>\n<meta name=\"robots\" content=\"index, follow, max-snippet:-1, max-image-preview:large, max-video-preview:-1\" \/>\n<link rel=\"canonical\" href=\"https:\/\/www.schramas.com\/fr\/boutique\/malus-domestica-oude-appelboom-elstar-onderstam-bitterfeld-45l-pot-ca-2m\/\" \/>\n<meta property=\"og:locale\" content=\"fr_FR\" \/>\n<meta property=\"og:type\" content=\"article\" \/>\n<meta property=\"og:title\" content=\"Malus domestica - Oude Appelboom &#039;Elstar&#039; - Onderstam Bitterfeld - 45L pot - ca. 2m kopen | Planten eenvoudig online bestellen | Schramas.com\" \/>\n<meta property=\"og:description\" content=\"\u2022 1 x Malus domestica \u2018Elstar\u2019 \u2013 onderstam Bitterfeld \u2013 friszoete, sappige appels\u2022 Leverhoogte ca. 2 m \u2013 potmaat 45 liter\u2022 Zelfbestuivend, hogere opbrengst met oa \u2018Jonagold\u2019\u2022 Oogst in september\u2013oktober\u2022 Standplaats: zon \u2013 voedzame, goed doorlatende grond\u2022 Winterhard, volwassen boom met directe opbrengst\u2022 Verzending: op pallet voor veilig transport\" \/>\n<meta property=\"og:url\" content=\"https:\/\/www.schramas.com\/fr\/boutique\/malus-domestica-oude-appelboom-elstar-onderstam-bitterfeld-45l-pot-ca-2m\/\" \/>\n<meta property=\"og:site_name\" content=\"Planten eenvoudig online bestellen | Schramas.com\" \/>\n<meta property=\"article:publisher\" content=\"https:\/\/www.facebook.com\/Schramascom-106872874153195\/\" \/>\n<meta property=\"article:modified_time\" content=\"2026-04-03T14:31:35+00:00\" \/>\n<meta property=\"og:image\" content=\"http:\/\/www.schramas.com\/wp-content\/uploads\/2025\/12\/IMG20250822150429-scaled.jpg\" \/>\n\t<meta property=\"og:image:width\" content=\"1920\" \/>\n\t<meta property=\"og:image:height\" content=\"2560\" \/>\n\t<meta property=\"og:image:type\" content=\"image\/jpeg\" \/>\n<meta name=\"twitter:card\" content=\"summary_large_image\" \/>\n<meta name=\"twitter:label1\" content=\"Dur\u00e9e de lecture estim\u00e9e\" \/>\n\t<meta name=\"twitter:data1\" content=\"1 minute\" \/>\n<script type=\"application\/ld+json\" class=\"yoast-schema-graph\">{\"@context\":\"https:\/\/schema.org\",\"@graph\":[{\"@type\":[\"WebPage\",\"ItemPage\"],\"@id\":\"https:\/\/www.schramas.com\/winkel\/malus-domestica-oude-appelboom-elstar-onderstam-bitterfeld-45l-pot-ca-2m\/\",\"url\":\"https:\/\/www.schramas.com\/winkel\/malus-domestica-oude-appelboom-elstar-onderstam-bitterfeld-45l-pot-ca-2m\/\",\"name\":\"Malus domestica - Oude Appelboom 'Elstar' - Onderstam Bitterfeld - 45L pot - ca. 2m kopen | Planten eenvoudig online bestellen | Schramas.com\",\"isPartOf\":{\"@id\":\"https:\/\/www.schramas.com\/#website\"},\"primaryImageOfPage\":{\"@id\":\"https:\/\/www.schramas.com\/winkel\/malus-domestica-oude-appelboom-elstar-onderstam-bitterfeld-45l-pot-ca-2m\/#primaryimage\"},\"image\":{\"@id\":\"https:\/\/www.schramas.com\/winkel\/malus-domestica-oude-appelboom-elstar-onderstam-bitterfeld-45l-pot-ca-2m\/#primaryimage\"},\"thumbnailUrl\":\"https:\/\/www.schramas.com\/wp-content\/uploads\/2025\/12\/IMG20250822150429-scaled.jpg\",\"datePublished\":\"2025-12-09T09:26:30+00:00\",\"dateModified\":\"2026-04-03T14:31:35+00:00\",\"breadcrumb\":{\"@id\":\"https:\/\/www.schramas.com\/winkel\/malus-domestica-oude-appelboom-elstar-onderstam-bitterfeld-45l-pot-ca-2m\/#breadcrumb\"},\"inLanguage\":\"fr-FR\",\"potentialAction\":[{\"@type\":\"ReadAction\",\"target\":[\"https:\/\/www.schramas.com\/winkel\/malus-domestica-oude-appelboom-elstar-onderstam-bitterfeld-45l-pot-ca-2m\/\"]}]},{\"@type\":\"ImageObject\",\"inLanguage\":\"fr-FR\",\"@id\":\"https:\/\/www.schramas.com\/winkel\/malus-domestica-oude-appelboom-elstar-onderstam-bitterfeld-45l-pot-ca-2m\/#primaryimage\",\"url\":\"https:\/\/www.schramas.com\/wp-content\/uploads\/2025\/12\/IMG20250822150429-scaled.jpg\",\"contentUrl\":\"https:\/\/www.schramas.com\/wp-content\/uploads\/2025\/12\/IMG20250822150429-scaled.jpg\",\"width\":1920,\"height\":2560,\"caption\":\"oplus_3211314\"},{\"@type\":\"BreadcrumbList\",\"@id\":\"https:\/\/www.schramas.com\/winkel\/malus-domestica-oude-appelboom-elstar-onderstam-bitterfeld-45l-pot-ca-2m\/#breadcrumb\",\"itemListElement\":[{\"@type\":\"ListItem\",\"position\":1,\"name\":\"Product\",\"item\":\"https:\/\/www.schramas.com\/assortiment\/\"},{\"@type\":\"ListItem\",\"position\":2,\"name\":\"Bomen &amp; Struiken\",\"item\":\"https:\/\/www.schramas.com\/product-category\/bomen-struiken\/\"},{\"@type\":\"ListItem\",\"position\":3,\"name\":\"Fruitbomen\",\"item\":\"https:\/\/www.schramas.com\/product-category\/bomen-struiken\/fruitbomen\/\"},{\"@type\":\"ListItem\",\"position\":4,\"name\":\"Oude\/grote fruitbomen\",\"item\":\"https:\/\/www.schramas.com\/product-category\/bomen-struiken\/fruitbomen\/oude-en-grote-fruitbomen\/\"},{\"@type\":\"ListItem\",\"position\":5,\"name\":\"Malus domestica &#8211; Oude Appelboom &#8216;Elstar&#8217; &#8211; Onderstam Bitterfeld &#8211; 45L pot &#8211; ca. 2m\"}]},{\"@type\":\"WebSite\",\"@id\":\"https:\/\/www.schramas.com\/#website\",\"url\":\"https:\/\/www.schramas.com\/\",\"name\":\"Schramas.com | Tuinplanten eenvoudig online bestellen | Direct van onze Kwekerij\",\"description\":\"\",\"alternateName\":\"Schramas.com - Alle planten direct van de kweker\",\"potentialAction\":[{\"@type\":\"SearchAction\",\"target\":{\"@type\":\"EntryPoint\",\"urlTemplate\":\"https:\/\/www.schramas.com\/?s={search_term_string}\"},\"query-input\":{\"@type\":\"PropertyValueSpecification\",\"valueRequired\":true,\"valueName\":\"search_term_string\"}}],\"inLanguage\":\"fr-FR\"}]}<\/script>\n<!-- \/ Yoast SEO plugin. -->","yoast_head_json":{"title":"Malus domestica - Oude Appelboom 'Elstar' - Onderstam Bitterfeld - 45L pot - ca. 2m kopen | Planten eenvoudig online bestellen | Schramas.com","robots":{"index":"index","follow":"follow","max-snippet":"max-snippet:-1","max-image-preview":"max-image-preview:large","max-video-preview":"max-video-preview:-1"},"canonical":"https:\/\/www.schramas.com\/fr\/boutique\/malus-domestica-oude-appelboom-elstar-onderstam-bitterfeld-45l-pot-ca-2m\/","og_locale":"fr_FR","og_type":"article","og_title":"Malus domestica - Oude Appelboom 'Elstar' - Onderstam Bitterfeld - 45L pot - ca. 2m kopen | Planten eenvoudig online bestellen | Schramas.com","og_description":"\u2022 1 x Malus domestica \u2018Elstar\u2019 \u2013 onderstam Bitterfeld \u2013 friszoete, sappige appels\u2022 Leverhoogte ca. 2 m \u2013 potmaat 45 liter\u2022 Zelfbestuivend, hogere opbrengst met oa \u2018Jonagold\u2019\u2022 Oogst in september\u2013oktober\u2022 Standplaats: zon \u2013 voedzame, goed doorlatende grond\u2022 Winterhard, volwassen boom met directe opbrengst\u2022 Verzending: op pallet voor veilig transport","og_url":"https:\/\/www.schramas.com\/fr\/boutique\/malus-domestica-oude-appelboom-elstar-onderstam-bitterfeld-45l-pot-ca-2m\/","og_site_name":"Planten eenvoudig online bestellen | Schramas.com","article_publisher":"https:\/\/www.facebook.com\/Schramascom-106872874153195\/","article_modified_time":"2026-04-03T14:31:35+00:00","og_image":[{"width":1920,"height":2560,"url":"http:\/\/www.schramas.com\/wp-content\/uploads\/2025\/12\/IMG20250822150429-scaled.jpg","type":"image\/jpeg"}],"twitter_card":"summary_large_image","twitter_misc":{"Dur\u00e9e de lecture estim\u00e9e":"1 minute"},"schema":{"@context":"https:\/\/schema.org","@graph":[{"@type":["WebPage","ItemPage"],"@id":"https:\/\/www.schramas.com\/winkel\/malus-domestica-oude-appelboom-elstar-onderstam-bitterfeld-45l-pot-ca-2m\/","url":"https:\/\/www.schramas.com\/winkel\/malus-domestica-oude-appelboom-elstar-onderstam-bitterfeld-45l-pot-ca-2m\/","name":"Malus domestica - Oude Appelboom 'Elstar' - Onderstam Bitterfeld - 45L pot - ca. 2m kopen | Planten eenvoudig online bestellen | Schramas.com","isPartOf":{"@id":"https:\/\/www.schramas.com\/#website"},"primaryImageOfPage":{"@id":"https:\/\/www.schramas.com\/winkel\/malus-domestica-oude-appelboom-elstar-onderstam-bitterfeld-45l-pot-ca-2m\/#primaryimage"},"image":{"@id":"https:\/\/www.schramas.com\/winkel\/malus-domestica-oude-appelboom-elstar-onderstam-bitterfeld-45l-pot-ca-2m\/#primaryimage"},"thumbnailUrl":"https:\/\/www.schramas.com\/wp-content\/uploads\/2025\/12\/IMG20250822150429-scaled.jpg","datePublished":"2025-12-09T09:26:30+00:00","dateModified":"2026-04-03T14:31:35+00:00","breadcrumb":{"@id":"https:\/\/www.schramas.com\/winkel\/malus-domestica-oude-appelboom-elstar-onderstam-bitterfeld-45l-pot-ca-2m\/#breadcrumb"},"inLanguage":"fr-FR","potentialAction":[{"@type":"ReadAction","target":["https:\/\/www.schramas.com\/winkel\/malus-domestica-oude-appelboom-elstar-onderstam-bitterfeld-45l-pot-ca-2m\/"]}]},{"@type":"ImageObject","inLanguage":"fr-FR","@id":"https:\/\/www.schramas.com\/winkel\/malus-domestica-oude-appelboom-elstar-onderstam-bitterfeld-45l-pot-ca-2m\/#primaryimage","url":"https:\/\/www.schramas.com\/wp-content\/uploads\/2025\/12\/IMG20250822150429-scaled.jpg","contentUrl":"https:\/\/www.schramas.com\/wp-content\/uploads\/2025\/12\/IMG20250822150429-scaled.jpg","width":1920,"height":2560,"caption":"oplus_3211314"},{"@type":"BreadcrumbList","@id":"https:\/\/www.schramas.com\/winkel\/malus-domestica-oude-appelboom-elstar-onderstam-bitterfeld-45l-pot-ca-2m\/#breadcrumb","itemListElement":[{"@type":"ListItem","position":1,"name":"Product","item":"https:\/\/www.schramas.com\/assortiment\/"},{"@type":"ListItem","position":2,"name":"Bomen &amp; Struiken","item":"https:\/\/www.schramas.com\/product-category\/bomen-struiken\/"},{"@type":"ListItem","position":3,"name":"Fruitbomen","item":"https:\/\/www.schramas.com\/product-category\/bomen-struiken\/fruitbomen\/"},{"@type":"ListItem","position":4,"name":"Oude\/grote fruitbomen","item":"https:\/\/www.schramas.com\/product-category\/bomen-struiken\/fruitbomen\/oude-en-grote-fruitbomen\/"},{"@type":"ListItem","position":5,"name":"Malus domestica &#8211; Oude Appelboom &#8216;Elstar&#8217; &#8211; Onderstam Bitterfeld &#8211; 45L pot &#8211; ca. 2m"}]},{"@type":"WebSite","@id":"https:\/\/www.schramas.com\/#website","url":"https:\/\/www.schramas.com\/","name":"Schramas.com | Plantes de jardin faciles \u00e0 commander en ligne | En direct de notre p\u00e9pini\u00e8re","description":"","alternateName":"Schramas.com - Alle planten direct van de kweker","potentialAction":[{"@type":"SearchAction","target":{"@type":"EntryPoint","urlTemplate":"https:\/\/www.schramas.com\/?s={search_term_string}"},"query-input":{"@type":"PropertyValueSpecification","valueRequired":true,"valueName":"search_term_string"}}],"inLanguage":"fr-FR"}]}},"_links":{"self":[{"href":"https:\/\/www.schramas.com\/fr\/wp-json\/wp\/v2\/product\/63846","targetHints":{"allow":["GET"]}}],"collection":[{"href":"https:\/\/www.schramas.com\/fr\/wp-json\/wp\/v2\/product"}],"about":[{"href":"https:\/\/www.schramas.com\/fr\/wp-json\/wp\/v2\/types\/product"}],"version-history":[{"count":1,"href":"https:\/\/www.schramas.com\/fr\/wp-json\/wp\/v2\/product\/63846\/revisions"}],"predecessor-version":[{"id":63851,"href":"https:\/\/www.schramas.com\/fr\/wp-json\/wp\/v2\/product\/63846\/revisions\/63851"}],"wp:featuredmedia":[{"embeddable":true,"href":"https:\/\/www.schramas.com\/fr\/wp-json\/wp\/v2\/media\/63847"}],"wp:attachment":[{"href":"https:\/\/www.schramas.com\/fr\/wp-json\/wp\/v2\/media?parent=63846"}],"wp:term":[{"taxonomy":"product_brand","embeddable":true,"href":"https:\/\/www.schramas.com\/fr\/wp-json\/wp\/v2\/product_brand?post=63846"},{"taxonomy":"product_cat","embeddable":true,"href":"https:\/\/www.schramas.com\/fr\/wp-json\/wp\/v2\/product_cat?post=63846"},{"taxonomy":"product_tag","embeddable":true,"href":"https:\/\/www.schramas.com\/fr\/wp-json\/wp\/v2\/product_tag?post=63846"}],"curies":[{"name":"wp","href":"https:\/\/api.w.org\/{rel}","templated":true}]}}