{"id":64069,"date":"2025-12-11T08:12:43","date_gmt":"2025-12-11T07:12:43","guid":{"rendered":"https:\/\/www.schramas.com\/?post_type=product&#038;p=64069"},"modified":"2026-03-26T16:38:44","modified_gmt":"2026-03-26T15:38:44","slug":"pyrus-communis-oude-perenboom-conference-onderstam-kirchensaller-45l-pot-ca-2m","status":"publish","type":"product","link":"https:\/\/www.schramas.com\/fr\/boutique\/pyrus-communis-oude-perenboom-conference-onderstam-kirchensaller-45l-pot-ca-2m\/","title":{"rendered":"Pyrus communis - Poirier ancien \u2018Conf\u00e9rence\u2019 - Porte-greffe kirchensaller - Pot de 45L - env. 2m"},"content":{"rendered":"<p data-start=\"151\" data-end=\"312\">Deze \u2018oude\u2019 perenbomen geven direct volwassen structuur, karakter en opbrengst in de tuin; volgroeide exemplaren in ruime pot, klaar om direct geplant te worden.<\/p>\n<p data-start=\"314\" data-end=\"880\">Le <strong data-start=\"317\" data-end=\"348\">Pyrus communis 'Conf\u00e9rence<\/strong> is het meest geliefde handperenras van Europa en staat bekend om zijn <strong data-start=\"419\" data-end=\"445\">lange, slanke vruchten<\/strong> met een zachtzoete, aromatische smaak. De peren hebben een fijne structuur, zijn sappig en bijzonder geschikt voor vers gebruik, maar ook veelzijdig in de keuken. Deze oude perenboom wordt geleverd op een hoogte van circa <strong data-start=\"668\" data-end=\"679\">2 m\u00e8tres<\/strong>, \u00e9lev\u00e9 dans un <strong data-start=\"699\" data-end=\"715\">Pot de 45 litres<\/strong> \u00e0 <strong data-start=\"719\" data-end=\"746\">onderstam Kirchensaller<\/strong>. Deze sterke, krachtige onderstam zorgt voor een <strong data-start=\"796\" data-end=\"815\">forte croissance<\/strong>, uitstekende droogtetolerantie en veelzijdige bodemgeschiktheid.<\/p>\n<p data-start=\"882\" data-end=\"1261\">De Conference bloeit in het voorjaar met zuiverwitte bloesems die veel bijen aantrekken. De oogst valt in de <strong data-start=\"991\" data-end=\"1020\">de la fin de l'\u00e9t\u00e9 au d\u00e9but de l'automne<\/strong>, waarbij de boom royale aantallen geelgroene, slanke peren produceert met een zachte, aromatische smaak en uitstekende bewaarkwaliteit. Het ras is <strong data-start=\"1168\" data-end=\"1186\">autopollinisation<\/strong>, waardoor het zeer geschikt is voor solitaire aanplant of kleinere tuinen.<\/p>\n<p data-start=\"1263\" data-end=\"1683\">Deze perenboom is <strong data-start=\"1281\" data-end=\"1295\">robuste<\/strong>, goed bestand tegen wisselende weersomstandigheden en groeit het beste op een <strong data-start=\"1374\" data-end=\"1421\">sol ensoleill\u00e9, fertile et bien drain\u00e9<\/strong>. Dankzij onderstam Kirchensaller ontstaat een boom met een krachtige groeikracht en een lange levensduur, ideaal voor grotere tuinen, erven en boomgaarden. Door zijn volwassen leeftijd levert de boom direct vruchten en voegt hij meteen karakter toe aan de tuin.<\/p>\n<p data-start=\"1685\" data-end=\"1759\">Pour un transport en toute s\u00e9curit\u00e9, ces arbres lourds sont <strong data-start=\"1731\" data-end=\"1758\">exp\u00e9di\u00e9 sur une palette<\/strong>.<\/p>\n<p data-start=\"1761\" data-end=\"2074\"><strong data-start=\"1761\" data-end=\"1775\">Avantages :<\/strong><br data-start=\"1775\" data-end=\"1778\" \/>Grote, volgroeide perenboom (ca. 2 m hoog)<br data-start=\"1820\" data-end=\"1823\" \/>Onderstam Kirchensaller: krachtig groeiend, droogtetolerant en duurzaam<br data-start=\"1894\" data-end=\"1897\" \/>Zoete, aromatische Conference-peren met uitstekende bewaarkwaliteit<br data-start=\"1964\" data-end=\"1967\" \/>Riche floraison printani\u00e8re, respectueuse des abeilles<br data-start=\"2005\" data-end=\"2008\" \/>Rustique et facile d'entretien<br data-start=\"2043\" data-end=\"2046\" \/>Exp\u00e9dition s\u00e9curis\u00e9e sur palette<\/p>\n<p data-start=\"2076\" data-end=\"2352\"><strong data-start=\"2076\" data-end=\"2119\">Pourquoi choisir ce vieil arbre fruitier ?<\/strong><br data-start=\"2119\" data-end=\"2122\" \/>\u2714 Europa\u2019s populairste handpeer, betrouwbaar en productief<br data-start=\"2180\" data-end=\"2183\" \/>\u2714 Krachtige groei en duurzame ontwikkeling door onderstam Kirchensaller<br data-start=\"2254\" data-end=\"2257\" \/>\u2714 Autopollinisation et donc facilit\u00e9 de mise en place<br data-start=\"2307\" data-end=\"2310\" \/>\u2714 Direct volwassen boom met snelle oogst<\/p>\n<p data-start=\"2354\" data-end=\"2488\"><strong data-start=\"2354\" data-end=\"2375\">Bloom &amp; Fruits :<\/strong><br data-start=\"2375\" data-end=\"2378\" \/>Bloei in april; oogst in <strong data-start=\"2403\" data-end=\"2424\">september\u2013oktober<\/strong>. De peren zijn lang, slank, zachtzoet en uitstekend te bewaren.<\/p>\n<p data-start=\"2490\" data-end=\"2758\"><strong data-start=\"2490\" data-end=\"2519\">Emplacement et entretien :<\/strong><br data-start=\"2519\" data-end=\"2522\" \/>Zonnige standplaats; voedzame, goed doorlatende bodem. Na aanplant regelmatig water geven. Jaarlijkse wintersnoei bevordert een open kroon en verhoogt de productie. Bestuivers kunnen de opbrengst versterken, maar zijn niet noodzakelijk.<\/p>\n<p data-start=\"2760\" data-end=\"3007\"><strong data-start=\"2760\" data-end=\"2794\">Les sp\u00e9cifications en un coup d'\u0153il<\/strong><br data-start=\"2794\" data-end=\"2797\" \/>- Hauteur \u00e0 la livraison : environ 2 m<br data-start=\"2827\" data-end=\"2830\" \/>- Taille du pot : 45 L<br data-start=\"2845\" data-end=\"2848\" \/>\u2022 Onderstam: Kirchensaller<br data-start=\"2874\" data-end=\"2877\" \/>\u2022 Bloei: april<br data-start=\"2891\" data-end=\"2894\" \/>\u2022 Oogst: september\u2013oktober<br data-start=\"2920\" data-end=\"2923\" \/>\u2022 Groeiwijze: krachtig, oude boomstructuur<br data-start=\"2965\" data-end=\"2968\" \/>- Convient \u00e0 : jardin, cour, verger<\/p>\n<p data-start=\"3009\" data-end=\"3182\">Onze Conference op Kirchensaller is een krachtige, productieve en duurzame perenboom die direct waarde toevoegt aan de tuin. (Geleverde boom kan licht afwijken van de foto.)<\/p>","protected":false},"excerpt":{"rendered":"<p>\u2022 1 x Pyrus communis \u2018Conference\u2019 \u2013 onderstam Kirchensaller \u2013 zoete, aromatische handperen<br data-start=\"3363\" data-end=\"3366\" \/>- Hauteur de livraison env. 2 m - taille du pot 45 litres<br data-start=\"3406\" data-end=\"3409\" \/>\u2022 Zelfbestuivend, hogere opbrengst met \u2018Beurr\u00e9 Hardy\u2019 of \u2018Doyenn\u00e9 du Comice\u2019<br data-start=\"3485\" data-end=\"3488\" \/>- R\u00e9colte en septembre-octobre<br data-start=\"3516\" data-end=\"3519\" \/>- Emplacement : soleil - sol fertile et bien drain\u00e9<br data-start=\"3572\" data-end=\"3575\" \/>\u2022 Winterhard, krachtige groei door Kirchensaller-onderstam<br data-start=\"3633\" data-end=\"3636\" \/>- Exp\u00e9dition : sur palette pour un transport s\u00fbr<\/p>","protected":false},"featured_media":64064,"template":"","meta":{"_joinchat":[]},"product_brand":[],"product_cat":[233,3716],"product_tag":[4213,3846,4196,4214,4202,4191,4190,4194,4192,4208,4193,4209,4207,3844,4203,4204,4189,4205,4198,4210,4199,4197,4195,4200,4206,4201,4211,4212,3312],"class_list":{"0":"post-64069","1":"product","2":"type-product","3":"status-publish","4":"has-post-thumbnail","6":"product_cat-fruitbomen","7":"product_cat-oude-en-grote-fruitbomen","8":"product_tag-conference-kopen","9":"product_tag-conference-perenboom-kopen","10":"product_tag-handperen-kopen","11":"product_tag-kirchensaller","12":"product_tag-oude-perenbomen-kwekerij","13":"product_tag-oude-perenboom-kopen","14":"product_tag-perenbomen-kopen","15":"product_tag-perenbomen-online-bestellen","16":"product_tag-perenboom-45-liter-pot","17":"product_tag-perenboom-45l-pot","18":"product_tag-perenboom-ba29","19":"product_tag-perenboom-ba29-onderstam","20":"product_tag-perenboom-boomgaard","21":"product_tag-perenboom-direct-van-de-kweker","22":"product_tag-perenboom-directe-levering","23":"product_tag-perenboom-hoge-opbrengst","24":"product_tag-perenboom-kopen","25":"product_tag-perenboom-met-zoete-peren","26":"product_tag-perenboom-planten","27":"product_tag-perenboom-rijkdragend","28":"product_tag-perenboom-snoeien","29":"product_tag-perenboom-voor-kleine-tuin","30":"product_tag-pyrus-communis-kopen","31":"product_tag-sterke-perenboom-kopen","32":"product_tag-volwassen-perenboom-in-pot","33":"product_tag-winterharde-perenboom","34":"product_tag-winterjan","35":"product_tag-winterriet-peer-bestellen","36":"product_tag-zelfbestuivende-perenboom","37":"product_shipping_class-grote-fruitbomen","38":"pa_ewd_uwcf_colors-groen-2","39":"pa_groeihoogte-300-cm","40":"pa_pot-45-liter-pot","42":"first","43":"instock","44":"taxable","45":"shipping-taxable","46":"purchasable","47":"product-type-simple"},"yoast_head":"<!-- This site is optimized with the Yoast SEO plugin v24.2 - https:\/\/yoast.com\/wordpress\/plugins\/seo\/ -->\n<title>Pyrus communis - Oude Perenboom &#039;Conference&#039; - Onderstam kirchensaller - 45L pot - ca. 2m kopen | Planten eenvoudig online bestellen | Schramas.com<\/title>\n<meta name=\"robots\" content=\"index, follow, max-snippet:-1, max-image-preview:large, max-video-preview:-1\" \/>\n<link rel=\"canonical\" href=\"https:\/\/www.schramas.com\/fr\/boutique\/pyrus-communis-oude-perenboom-conference-onderstam-kirchensaller-45l-pot-ca-2m\/\" \/>\n<meta property=\"og:locale\" content=\"fr_FR\" \/>\n<meta property=\"og:type\" content=\"article\" \/>\n<meta property=\"og:title\" content=\"Pyrus communis - Oude Perenboom &#039;Conference&#039; - Onderstam kirchensaller - 45L pot - ca. 2m kopen | Planten eenvoudig online bestellen | Schramas.com\" \/>\n<meta property=\"og:description\" content=\"\u2022 1 x Pyrus communis \u2018Conference\u2019 \u2013 onderstam Kirchensaller \u2013 zoete, aromatische handperen\u2022 Leverhoogte ca. 2 m \u2013 potmaat 45 liter\u2022 Zelfbestuivend, hogere opbrengst met \u2018Beurr\u00e9 Hardy\u2019 of \u2018Doyenn\u00e9 du Comice\u2019\u2022 Oogst in september\u2013oktober\u2022 Standplaats: zon \u2013 voedzame, goed doorlatende grond\u2022 Winterhard, krachtige groei door Kirchensaller-onderstam\u2022 Verzending: op pallet voor veilig transport\" \/>\n<meta property=\"og:url\" content=\"https:\/\/www.schramas.com\/fr\/boutique\/pyrus-communis-oude-perenboom-conference-onderstam-kirchensaller-45l-pot-ca-2m\/\" \/>\n<meta property=\"og:site_name\" content=\"Planten eenvoudig online bestellen | Schramas.com\" \/>\n<meta property=\"article:publisher\" content=\"https:\/\/www.facebook.com\/Schramascom-106872874153195\/\" \/>\n<meta property=\"article:modified_time\" content=\"2026-03-26T15:38:44+00:00\" \/>\n<meta property=\"og:image\" content=\"http:\/\/www.schramas.com\/wp-content\/uploads\/2025\/12\/IMG20250822141920-scaled.jpg\" \/>\n\t<meta property=\"og:image:width\" content=\"1920\" \/>\n\t<meta property=\"og:image:height\" content=\"2560\" \/>\n\t<meta property=\"og:image:type\" content=\"image\/jpeg\" \/>\n<meta name=\"twitter:card\" content=\"summary_large_image\" \/>\n<meta name=\"twitter:label1\" content=\"Dur\u00e9e de lecture estim\u00e9e\" \/>\n\t<meta name=\"twitter:data1\" content=\"1 minute\" \/>\n<script type=\"application\/ld+json\" class=\"yoast-schema-graph\">{\"@context\":\"https:\/\/schema.org\",\"@graph\":[{\"@type\":[\"WebPage\",\"ItemPage\"],\"@id\":\"https:\/\/www.schramas.com\/winkel\/pyrus-communis-oude-perenboom-conference-onderstam-kirchensaller-45l-pot-ca-2m\/\",\"url\":\"https:\/\/www.schramas.com\/winkel\/pyrus-communis-oude-perenboom-conference-onderstam-kirchensaller-45l-pot-ca-2m\/\",\"name\":\"Pyrus communis - Oude Perenboom 'Conference' - Onderstam kirchensaller - 45L pot - ca. 2m kopen | Planten eenvoudig online bestellen | Schramas.com\",\"isPartOf\":{\"@id\":\"https:\/\/www.schramas.com\/#website\"},\"primaryImageOfPage\":{\"@id\":\"https:\/\/www.schramas.com\/winkel\/pyrus-communis-oude-perenboom-conference-onderstam-kirchensaller-45l-pot-ca-2m\/#primaryimage\"},\"image\":{\"@id\":\"https:\/\/www.schramas.com\/winkel\/pyrus-communis-oude-perenboom-conference-onderstam-kirchensaller-45l-pot-ca-2m\/#primaryimage\"},\"thumbnailUrl\":\"https:\/\/www.schramas.com\/wp-content\/uploads\/2025\/12\/IMG20250822141920-scaled.jpg\",\"datePublished\":\"2025-12-11T07:12:43+00:00\",\"dateModified\":\"2026-03-26T15:38:44+00:00\",\"breadcrumb\":{\"@id\":\"https:\/\/www.schramas.com\/winkel\/pyrus-communis-oude-perenboom-conference-onderstam-kirchensaller-45l-pot-ca-2m\/#breadcrumb\"},\"inLanguage\":\"fr-FR\",\"potentialAction\":[{\"@type\":\"ReadAction\",\"target\":[\"https:\/\/www.schramas.com\/winkel\/pyrus-communis-oude-perenboom-conference-onderstam-kirchensaller-45l-pot-ca-2m\/\"]}]},{\"@type\":\"ImageObject\",\"inLanguage\":\"fr-FR\",\"@id\":\"https:\/\/www.schramas.com\/winkel\/pyrus-communis-oude-perenboom-conference-onderstam-kirchensaller-45l-pot-ca-2m\/#primaryimage\",\"url\":\"https:\/\/www.schramas.com\/wp-content\/uploads\/2025\/12\/IMG20250822141920-scaled.jpg\",\"contentUrl\":\"https:\/\/www.schramas.com\/wp-content\/uploads\/2025\/12\/IMG20250822141920-scaled.jpg\",\"width\":1920,\"height\":2560,\"caption\":\"oplus_3211314\"},{\"@type\":\"BreadcrumbList\",\"@id\":\"https:\/\/www.schramas.com\/winkel\/pyrus-communis-oude-perenboom-conference-onderstam-kirchensaller-45l-pot-ca-2m\/#breadcrumb\",\"itemListElement\":[{\"@type\":\"ListItem\",\"position\":1,\"name\":\"Product\",\"item\":\"https:\/\/www.schramas.com\/assortiment\/\"},{\"@type\":\"ListItem\",\"position\":2,\"name\":\"Bomen &amp; Struiken\",\"item\":\"https:\/\/www.schramas.com\/product-category\/bomen-struiken\/\"},{\"@type\":\"ListItem\",\"position\":3,\"name\":\"Fruitbomen\",\"item\":\"https:\/\/www.schramas.com\/product-category\/bomen-struiken\/fruitbomen\/\"},{\"@type\":\"ListItem\",\"position\":4,\"name\":\"Oude\/grote fruitbomen\",\"item\":\"https:\/\/www.schramas.com\/product-category\/bomen-struiken\/fruitbomen\/oude-en-grote-fruitbomen\/\"},{\"@type\":\"ListItem\",\"position\":5,\"name\":\"Pyrus communis &#8211; Oude Perenboom &#8216;Conference&#8217; &#8211; Onderstam kirchensaller &#8211; 45L pot &#8211; ca. 2m\"}]},{\"@type\":\"WebSite\",\"@id\":\"https:\/\/www.schramas.com\/#website\",\"url\":\"https:\/\/www.schramas.com\/\",\"name\":\"Schramas.com | Tuinplanten eenvoudig online bestellen | Direct van onze Kwekerij\",\"description\":\"\",\"alternateName\":\"Schramas.com - Alle planten direct van de kweker\",\"potentialAction\":[{\"@type\":\"SearchAction\",\"target\":{\"@type\":\"EntryPoint\",\"urlTemplate\":\"https:\/\/www.schramas.com\/?s={search_term_string}\"},\"query-input\":{\"@type\":\"PropertyValueSpecification\",\"valueRequired\":true,\"valueName\":\"search_term_string\"}}],\"inLanguage\":\"fr-FR\"}]}<\/script>\n<!-- \/ Yoast SEO plugin. -->","yoast_head_json":{"title":"Pyrus communis - Oude Perenboom 'Conference' - Onderstam kirchensaller - 45L pot - ca. 2m kopen | Planten eenvoudig online bestellen | Schramas.com","robots":{"index":"index","follow":"follow","max-snippet":"max-snippet:-1","max-image-preview":"max-image-preview:large","max-video-preview":"max-video-preview:-1"},"canonical":"https:\/\/www.schramas.com\/fr\/boutique\/pyrus-communis-oude-perenboom-conference-onderstam-kirchensaller-45l-pot-ca-2m\/","og_locale":"fr_FR","og_type":"article","og_title":"Pyrus communis - Oude Perenboom 'Conference' - Onderstam kirchensaller - 45L pot - ca. 2m kopen | Planten eenvoudig online bestellen | Schramas.com","og_description":"\u2022 1 x Pyrus communis \u2018Conference\u2019 \u2013 onderstam Kirchensaller \u2013 zoete, aromatische handperen\u2022 Leverhoogte ca. 2 m \u2013 potmaat 45 liter\u2022 Zelfbestuivend, hogere opbrengst met \u2018Beurr\u00e9 Hardy\u2019 of \u2018Doyenn\u00e9 du Comice\u2019\u2022 Oogst in september\u2013oktober\u2022 Standplaats: zon \u2013 voedzame, goed doorlatende grond\u2022 Winterhard, krachtige groei door Kirchensaller-onderstam\u2022 Verzending: op pallet voor veilig transport","og_url":"https:\/\/www.schramas.com\/fr\/boutique\/pyrus-communis-oude-perenboom-conference-onderstam-kirchensaller-45l-pot-ca-2m\/","og_site_name":"Planten eenvoudig online bestellen | Schramas.com","article_publisher":"https:\/\/www.facebook.com\/Schramascom-106872874153195\/","article_modified_time":"2026-03-26T15:38:44+00:00","og_image":[{"width":1920,"height":2560,"url":"http:\/\/www.schramas.com\/wp-content\/uploads\/2025\/12\/IMG20250822141920-scaled.jpg","type":"image\/jpeg"}],"twitter_card":"summary_large_image","twitter_misc":{"Dur\u00e9e de lecture estim\u00e9e":"1 minute"},"schema":{"@context":"https:\/\/schema.org","@graph":[{"@type":["WebPage","ItemPage"],"@id":"https:\/\/www.schramas.com\/winkel\/pyrus-communis-oude-perenboom-conference-onderstam-kirchensaller-45l-pot-ca-2m\/","url":"https:\/\/www.schramas.com\/winkel\/pyrus-communis-oude-perenboom-conference-onderstam-kirchensaller-45l-pot-ca-2m\/","name":"Pyrus communis - Oude Perenboom 'Conference' - Onderstam kirchensaller - 45L pot - ca. 2m kopen | Planten eenvoudig online bestellen | Schramas.com","isPartOf":{"@id":"https:\/\/www.schramas.com\/#website"},"primaryImageOfPage":{"@id":"https:\/\/www.schramas.com\/winkel\/pyrus-communis-oude-perenboom-conference-onderstam-kirchensaller-45l-pot-ca-2m\/#primaryimage"},"image":{"@id":"https:\/\/www.schramas.com\/winkel\/pyrus-communis-oude-perenboom-conference-onderstam-kirchensaller-45l-pot-ca-2m\/#primaryimage"},"thumbnailUrl":"https:\/\/www.schramas.com\/wp-content\/uploads\/2025\/12\/IMG20250822141920-scaled.jpg","datePublished":"2025-12-11T07:12:43+00:00","dateModified":"2026-03-26T15:38:44+00:00","breadcrumb":{"@id":"https:\/\/www.schramas.com\/winkel\/pyrus-communis-oude-perenboom-conference-onderstam-kirchensaller-45l-pot-ca-2m\/#breadcrumb"},"inLanguage":"fr-FR","potentialAction":[{"@type":"ReadAction","target":["https:\/\/www.schramas.com\/winkel\/pyrus-communis-oude-perenboom-conference-onderstam-kirchensaller-45l-pot-ca-2m\/"]}]},{"@type":"ImageObject","inLanguage":"fr-FR","@id":"https:\/\/www.schramas.com\/winkel\/pyrus-communis-oude-perenboom-conference-onderstam-kirchensaller-45l-pot-ca-2m\/#primaryimage","url":"https:\/\/www.schramas.com\/wp-content\/uploads\/2025\/12\/IMG20250822141920-scaled.jpg","contentUrl":"https:\/\/www.schramas.com\/wp-content\/uploads\/2025\/12\/IMG20250822141920-scaled.jpg","width":1920,"height":2560,"caption":"oplus_3211314"},{"@type":"BreadcrumbList","@id":"https:\/\/www.schramas.com\/winkel\/pyrus-communis-oude-perenboom-conference-onderstam-kirchensaller-45l-pot-ca-2m\/#breadcrumb","itemListElement":[{"@type":"ListItem","position":1,"name":"Product","item":"https:\/\/www.schramas.com\/assortiment\/"},{"@type":"ListItem","position":2,"name":"Bomen &amp; Struiken","item":"https:\/\/www.schramas.com\/product-category\/bomen-struiken\/"},{"@type":"ListItem","position":3,"name":"Fruitbomen","item":"https:\/\/www.schramas.com\/product-category\/bomen-struiken\/fruitbomen\/"},{"@type":"ListItem","position":4,"name":"Oude\/grote fruitbomen","item":"https:\/\/www.schramas.com\/product-category\/bomen-struiken\/fruitbomen\/oude-en-grote-fruitbomen\/"},{"@type":"ListItem","position":5,"name":"Pyrus communis &#8211; Oude Perenboom &#8216;Conference&#8217; &#8211; Onderstam kirchensaller &#8211; 45L pot &#8211; ca. 2m"}]},{"@type":"WebSite","@id":"https:\/\/www.schramas.com\/#website","url":"https:\/\/www.schramas.com\/","name":"Schramas.com | Plantes de jardin faciles \u00e0 commander en ligne | En direct de notre p\u00e9pini\u00e8re","description":"","alternateName":"Schramas.com - Alle planten direct van de kweker","potentialAction":[{"@type":"SearchAction","target":{"@type":"EntryPoint","urlTemplate":"https:\/\/www.schramas.com\/?s={search_term_string}"},"query-input":{"@type":"PropertyValueSpecification","valueRequired":true,"valueName":"search_term_string"}}],"inLanguage":"fr-FR"}]}},"_links":{"self":[{"href":"https:\/\/www.schramas.com\/fr\/wp-json\/wp\/v2\/product\/64069","targetHints":{"allow":["GET"]}}],"collection":[{"href":"https:\/\/www.schramas.com\/fr\/wp-json\/wp\/v2\/product"}],"about":[{"href":"https:\/\/www.schramas.com\/fr\/wp-json\/wp\/v2\/types\/product"}],"version-history":[{"count":2,"href":"https:\/\/www.schramas.com\/fr\/wp-json\/wp\/v2\/product\/64069\/revisions"}],"predecessor-version":[{"id":64071,"href":"https:\/\/www.schramas.com\/fr\/wp-json\/wp\/v2\/product\/64069\/revisions\/64071"}],"wp:featuredmedia":[{"embeddable":true,"href":"https:\/\/www.schramas.com\/fr\/wp-json\/wp\/v2\/media\/64064"}],"wp:attachment":[{"href":"https:\/\/www.schramas.com\/fr\/wp-json\/wp\/v2\/media?parent=64069"}],"wp:term":[{"taxonomy":"product_brand","embeddable":true,"href":"https:\/\/www.schramas.com\/fr\/wp-json\/wp\/v2\/product_brand?post=64069"},{"taxonomy":"product_cat","embeddable":true,"href":"https:\/\/www.schramas.com\/fr\/wp-json\/wp\/v2\/product_cat?post=64069"},{"taxonomy":"product_tag","embeddable":true,"href":"https:\/\/www.schramas.com\/fr\/wp-json\/wp\/v2\/product_tag?post=64069"}],"curies":[{"name":"wp","href":"https:\/\/api.w.org\/{rel}","templated":true}]}}