{"id":64192,"date":"2025-12-12T15:50:49","date_gmt":"2025-12-12T14:50:49","guid":{"rendered":"https:\/\/www.schramas.com\/?post_type=product&#038;p=64192"},"modified":"2026-03-26T16:38:50","modified_gmt":"2026-03-26T15:38:50","slug":"prunus-domestica-mirabelle-de-nancy-vieux-prunier-porte-greffe-st-julien-pot-de-45l-ca-1-5m","status":"publish","type":"product","link":"https:\/\/www.schramas.com\/fr\/boutique\/prunus-domestica-mirabelle-de-nancy-vieux-prunier-porte-greffe-st-julien-pot-de-45l-ca-1-5m\/","title":{"rendered":"Prunus domestica \u2018Mirabelle de Nancy\u2019 - Prunier ancien - Porte-greffe St.Julien - Pot de 45L - env. 1,5m"},"content":{"rendered":"<p data-start=\"153\" data-end=\"316\">Ces \u2018vieux\u2019 pruniers offrent instantan\u00e9ment une structure mature, du caract\u00e8re et du rendement dans le jardin ; des sp\u00e9cimens adultes dans de grands pots, pr\u00eats \u00e0 \u00eatre plant\u00e9s imm\u00e9diatement.<\/p>\n<p data-start=\"318\" data-end=\"891\">Le <strong data-start=\"321\" data-end=\"362\">Prunus domestica &#039;Mirabelle de Nancy&#039;<\/strong> est une vari\u00e9t\u00e9 de mirabelle fran\u00e7aise classique, appr\u00e9ci\u00e9e dans le monde entier pour sa qualit\u00e9. <strong data-start=\"437\" data-end=\"465\">petites prunes dor\u00e9es<\/strong> avec un niveau de qualit\u00e9 exceptionnel <strong data-start=\"488\" data-end=\"518\">go\u00fbt doux et aromatique<\/strong>. Les fruits sont parfaits pour l'usage frais, la confiture, les tartes et la fabrication de liqueurs. Ce vieux prunier atteint une hauteur d'environ <strong data-start=\"671\" data-end=\"684\">1,5 m\u00e8tre<\/strong>, \u00e9lev\u00e9 dans un <strong data-start=\"704\" data-end=\"720\">Pot de 45 litres<\/strong> \u00e0 <strong data-start=\"724\" data-end=\"748\">Porte-greffe St Julien<\/strong>. Ce porte-greffe fournit un <strong data-start=\"780\" data-end=\"802\">croissance moyenne<\/strong>, L'arbre doit \u00eatre bien entretenu, avec un bon d\u00e9veloppement des racines et un arbre qui porte bien et qui reste facile \u00e0 g\u00e9rer.<\/p>\n<p data-start=\"893\" data-end=\"1239\">La Mirabelle de Nancy fleurit abondamment au d\u00e9but du printemps avec des fleurs blanches qui attirent de nombreuses abeilles. La r\u00e9colte a lieu au cours de l'\u00e9t\u00e9. <strong data-start=\"1017\" data-end=\"1026\">\u00e9t\u00e9<\/strong>, L'arbre devient alors abondant en petites prunes rondes d'un jaune chaud et d'une saveur sucr\u00e9e intense. Cette vari\u00e9t\u00e9 est <strong data-start=\"1156\" data-end=\"1174\">autopollinisation<\/strong>, Il convient donc parfaitement \u00e0 la plantation en solitaire dans le jardin.<\/p>\n<p data-start=\"1241\" data-end=\"1655\">Ce prunier est <strong data-start=\"1261\" data-end=\"1275\">robuste<\/strong>, La plante est r\u00e9sistante au climat n\u00e9erlandais et pousse mieux sur un terrain en pente. <strong data-start=\"1347\" data-end=\"1381\">position ensoleill\u00e9e et abrit\u00e9e<\/strong> avec un sol nutritif et bien drain\u00e9. Le porte-greffe St Julien cr\u00e9e un arbre \u00e9quilibr\u00e9 avec un bon \u00e9quilibre entre la croissance et la production. En raison de son \u00e2ge m\u00fbr, l'arbre peut rapidement produire des fruits et ajoute un charme et un rendement instantan\u00e9s au jardin.<\/p>\n<p data-start=\"1657\" data-end=\"1731\">Pour un transport en toute s\u00e9curit\u00e9, ces arbres lourds sont <strong data-start=\"1703\" data-end=\"1730\">exp\u00e9di\u00e9 sur une palette<\/strong>.<\/p>\n<p data-start=\"1733\" data-end=\"2023\"><strong data-start=\"1733\" data-end=\"1747\">Avantages :<\/strong><br data-start=\"1747\" data-end=\"1750\" \/>Grand prunier mature (environ 1,5 m de haut)<br data-start=\"1796\" data-end=\"1799\" \/>Porte-greffe St Julien : croissance moyennement forte, fiable et bien contr\u00f4lable<br data-start=\"1872\" data-end=\"1875\" \/>Mirabelles tr\u00e8s douces et aromatiques<br data-start=\"1913\" data-end=\"1916\" \/>Riche floraison printani\u00e8re, respectueuse des abeilles<br data-start=\"1954\" data-end=\"1957\" \/>Rustique et facile d'entretien<br data-start=\"1992\" data-end=\"1995\" \/>Exp\u00e9dition s\u00e9curis\u00e9e sur palette<\/p>\n<p data-start=\"2025\" data-end=\"2279\"><strong data-start=\"2025\" data-end=\"2068\">Pourquoi choisir ce vieil arbre fruitier ?<\/strong><br data-start=\"2068\" data-end=\"2071\" \/>\u2714 Authentique vari\u00e9t\u00e9 de mirabelle fran\u00e7aise \u00e0 la saveur exceptionnelle<br data-start=\"2125\" data-end=\"2128\" \/>\u2714 Autopollinisation et donc facilit\u00e9 de mise en place<br data-start=\"2178\" data-end=\"2181\" \/>\u2714 Rendement fiable gr\u00e2ce au porte-greffe St Julien<br data-start=\"2230\" data-end=\"2233\" \/>\u2714 Arbre \u00e0 maturit\u00e9 imm\u00e9diate et \u00e0 production rapide<\/p>\n<p data-start=\"2281\" data-end=\"2435\"><strong data-start=\"2281\" data-end=\"2302\">Bloom &amp; Fruits :<\/strong><br data-start=\"2302\" data-end=\"2305\" \/>Floraison en mars-avril ; r\u00e9colte en <strong data-start=\"2336\" data-end=\"2348\">Ao\u00fbt<\/strong>. Les prunes sont petites, jaune d'or et tr\u00e8s sucr\u00e9es, id\u00e9ales pour la consommation fra\u00eeche et la transformation.<\/p>\n<p data-start=\"2437\" data-end=\"2638\"><strong data-start=\"2437\" data-end=\"2466\">Emplacement et entretien :<\/strong><br data-start=\"2466\" data-end=\"2469\" \/>Situation ensoleill\u00e9e et abrit\u00e9e ; sol nutritif et bien drain\u00e9. Arroser r\u00e9guli\u00e8rement apr\u00e8s la plantation. Tailler les pruniers de pr\u00e9f\u00e9rence <strong data-start=\"2598\" data-end=\"2613\">apr\u00e8s la r\u00e9colte<\/strong> Pr\u00e9venir les maladies.<\/p>\n<p data-start=\"2640\" data-end=\"2886\"><strong data-start=\"2640\" data-end=\"2674\">Les sp\u00e9cifications en un coup d'\u0153il<\/strong><br data-start=\"2674\" data-end=\"2677\" \/>- Hauteur \u00e0 la livraison : environ 1,5 m<br data-start=\"2709\" data-end=\"2712\" \/>- Taille du pot : 45 L<br data-start=\"2727\" data-end=\"2730\" \/>- Porte-greffe : St Julien<br data-start=\"2753\" data-end=\"2756\" \/>- Floraison : mars-avril<br data-start=\"2776\" data-end=\"2779\" \/>- R\u00e9colte : ao\u00fbt<br data-start=\"2796\" data-end=\"2799\" \/>- Port de la plante : moyennement fort, vieille structure arborescente<br data-start=\"2844\" data-end=\"2847\" \/>- Convient \u00e0 : jardin, cour, verger<\/p>\n<p data-start=\"2888\" data-end=\"3074\">Notre Mirabelle de Nancy sur St Julien est un prunier savoureux, productif et de caract\u00e8re qui apporte une valeur ajout\u00e9e imm\u00e9diate au jardin. (L'arbre livr\u00e9 peut diff\u00e9rer l\u00e9g\u00e8rement de la photo).<\/p>","protected":false},"excerpt":{"rendered":"<p>- 1 x Prunus domestica \u2018Mirabelle de Nancy\u2019 - porte-greffe St Julien - mirabelles sucr\u00e9es jaune d'or<br data-start=\"3270\" data-end=\"3273\" \/>- Hauteur de livraison env. 1,5 m - taille du pot 45 litres<br data-start=\"3315\" data-end=\"3318\" \/>- Vari\u00e9t\u00e9 autogame \u00e0 haut rendement<br data-start=\"3351\" data-end=\"3354\" \/>- R\u00e9colte en ao\u00fbt<br data-start=\"3373\" data-end=\"3376\" \/>- Emplacement : soleil - sol fertile et bien drain\u00e9<br data-start=\"3429\" data-end=\"3432\" \/>- Rustique, croissance moyennement forte gr\u00e2ce au porte-greffe St Julien<br data-start=\"3490\" data-end=\"3493\" \/>- Exp\u00e9dition : sur palette pour un transport s\u00fbr<\/p>","protected":false},"featured_media":64193,"template":"","meta":{"_joinchat":[]},"product_brand":[],"product_cat":[233,3716],"product_tag":[3763,4275,4259,4258,4265,3762,4260,4278,3865,4279,4263,4280,4276,3425,4266,4274,4281,4270,4271,4272,4283,4269,4273,4261,4268,4282,4277,4264,4284,4262,4267,3612,3607],"class_list":{"0":"post-64192","1":"product","2":"type-product","3":"status-publish","4":"has-post-thumbnail","6":"product_cat-fruitbomen","7":"product_cat-oude-en-grote-fruitbomen","8":"product_tag-5-meter","9":"product_tag-mirabelle-de-nancy-boom","10":"product_tag-oude-pruimenboom-kopen","11":"product_tag-pruimenbomen-kopen","12":"product_tag-pruimenbomen-online-bestellen","13":"product_tag-pruimenboom-1","14":"product_tag-pruimenboom-45-liter-pot","15":"product_tag-pruimenboom-boomgaard","16":"product_tag-pruimenboom-direct-van-de-kweker","17":"product_tag-pruimenboom-erf","18":"product_tag-pruimenboom-fruitboom","19":"product_tag-pruimenboom-grote-volwassen-boom","20":"product_tag-pruimenboom-jam-maken","21":"product_tag-pruimenboom-kopen","22":"product_tag-pruimenboom-kwekerij","23":"product_tag-pruimenboom-mirabel","24":"product_tag-pruimenboom-nederlandse-kwekerij","25":"product_tag-pruimenboom-onderhouden","26":"product_tag-pruimenboom-oogsttijd","27":"product_tag-pruimenboom-opbrengst","28":"product_tag-pruimenboom-rijkdragend","29":"product_tag-pruimenboom-snoeien","30":"product_tag-pruimenboom-soorten","31":"product_tag-pruimenboom-st-julien","32":"product_tag-pruimenboom-standplaats","33":"product_tag-pruimenboom-sterke-groei","34":"product_tag-pruimenboom-taarten","35":"product_tag-pruimenboom-voor-in-de-tuin","36":"product_tag-pruimenboom-zomerfruit","37":"product_tag-prunus-domestica-kopen","38":"product_tag-sterke-pruimenboom","39":"product_tag-winterharde-pruimenboom","40":"product_tag-zelfbestuivende-pruimenboom","41":"product_shipping_class-grote-fruitbomen","42":"pa_ewd_uwcf_colors-groen-2","43":"pa_groeihoogte-300-cm","44":"pa_pot-45-liter-pot","46":"first","47":"instock","48":"taxable","49":"shipping-taxable","50":"purchasable","51":"product-type-simple"},"yoast_head":"<!-- This site is optimized with the Yoast SEO plugin v24.2 - https:\/\/yoast.com\/wordpress\/plugins\/seo\/ -->\n<title>Prunus domestica &#039;Mirabelle de Nancy&#039; - Oude Pruimenboom - Onderstam St.Julien - 45L pot - ca. 1.5m kopen | Planten eenvoudig online bestellen | Schramas.com<\/title>\n<meta name=\"robots\" content=\"index, follow, max-snippet:-1, max-image-preview:large, max-video-preview:-1\" \/>\n<link rel=\"canonical\" href=\"https:\/\/www.schramas.com\/fr\/boutique\/prunus-domestica-mirabelle-de-nancy-vieux-prunier-porte-greffe-st-julien-pot-de-45l-ca-1-5m\/\" \/>\n<meta property=\"og:locale\" content=\"fr_FR\" \/>\n<meta property=\"og:type\" content=\"article\" \/>\n<meta property=\"og:title\" content=\"Prunus domestica &#039;Mirabelle de Nancy&#039; - Oude Pruimenboom - Onderstam St.Julien - 45L pot - ca. 1.5m kopen | Planten eenvoudig online bestellen | Schramas.com\" \/>\n<meta property=\"og:description\" content=\"\u2022 1 x Prunus domestica \u2018Mirabelle de Nancy\u2019 \u2013 onderstam St. Julien \u2013 zoete goudgele mirabelpruimen\u2022 Leverhoogte ca. 1,5 m \u2013 potmaat 45 liter\u2022 Zelfbestuivend, rijkdragend ras\u2022 Oogst in augustus\u2022 Standplaats: zon \u2013 voedzame, goed doorlatende grond\u2022 Winterhard, middelsterke groei door St. Julien-onderstam\u2022 Verzending: op pallet voor veilig transport\" \/>\n<meta property=\"og:url\" content=\"https:\/\/www.schramas.com\/fr\/boutique\/prunus-domestica-mirabelle-de-nancy-vieux-prunier-porte-greffe-st-julien-pot-de-45l-ca-1-5m\/\" \/>\n<meta property=\"og:site_name\" content=\"Planten eenvoudig online bestellen | Schramas.com\" \/>\n<meta property=\"article:publisher\" content=\"https:\/\/www.facebook.com\/Schramascom-106872874153195\/\" \/>\n<meta property=\"article:modified_time\" content=\"2026-03-26T15:38:50+00:00\" \/>\n<meta property=\"og:image\" content=\"http:\/\/www.schramas.com\/wp-content\/uploads\/2025\/12\/IMG20250822160018-scaled.jpg\" \/>\n\t<meta property=\"og:image:width\" content=\"1920\" \/>\n\t<meta property=\"og:image:height\" content=\"2560\" \/>\n\t<meta property=\"og:image:type\" content=\"image\/jpeg\" \/>\n<meta name=\"twitter:card\" content=\"summary_large_image\" \/>\n<meta name=\"twitter:label1\" content=\"Dur\u00e9e de lecture estim\u00e9e\" \/>\n\t<meta name=\"twitter:data1\" content=\"1 minute\" \/>\n<script type=\"application\/ld+json\" class=\"yoast-schema-graph\">{\"@context\":\"https:\/\/schema.org\",\"@graph\":[{\"@type\":[\"WebPage\",\"ItemPage\"],\"@id\":\"https:\/\/www.schramas.com\/winkel\/prunus-domestica-mirabelle-de-nancy-oude-pruimenboom-onderstam-st-julien-45l-pot-ca-1-5m\/\",\"url\":\"https:\/\/www.schramas.com\/winkel\/prunus-domestica-mirabelle-de-nancy-oude-pruimenboom-onderstam-st-julien-45l-pot-ca-1-5m\/\",\"name\":\"Prunus domestica 'Mirabelle de Nancy' - Oude Pruimenboom - Onderstam St.Julien - 45L pot - ca. 1.5m kopen | Planten eenvoudig online bestellen | Schramas.com\",\"isPartOf\":{\"@id\":\"https:\/\/www.schramas.com\/#website\"},\"primaryImageOfPage\":{\"@id\":\"https:\/\/www.schramas.com\/winkel\/prunus-domestica-mirabelle-de-nancy-oude-pruimenboom-onderstam-st-julien-45l-pot-ca-1-5m\/#primaryimage\"},\"image\":{\"@id\":\"https:\/\/www.schramas.com\/winkel\/prunus-domestica-mirabelle-de-nancy-oude-pruimenboom-onderstam-st-julien-45l-pot-ca-1-5m\/#primaryimage\"},\"thumbnailUrl\":\"https:\/\/www.schramas.com\/wp-content\/uploads\/2025\/12\/IMG20250822160018-scaled.jpg\",\"datePublished\":\"2025-12-12T14:50:49+00:00\",\"dateModified\":\"2026-03-26T15:38:50+00:00\",\"breadcrumb\":{\"@id\":\"https:\/\/www.schramas.com\/winkel\/prunus-domestica-mirabelle-de-nancy-oude-pruimenboom-onderstam-st-julien-45l-pot-ca-1-5m\/#breadcrumb\"},\"inLanguage\":\"fr-FR\",\"potentialAction\":[{\"@type\":\"ReadAction\",\"target\":[\"https:\/\/www.schramas.com\/winkel\/prunus-domestica-mirabelle-de-nancy-oude-pruimenboom-onderstam-st-julien-45l-pot-ca-1-5m\/\"]}]},{\"@type\":\"ImageObject\",\"inLanguage\":\"fr-FR\",\"@id\":\"https:\/\/www.schramas.com\/winkel\/prunus-domestica-mirabelle-de-nancy-oude-pruimenboom-onderstam-st-julien-45l-pot-ca-1-5m\/#primaryimage\",\"url\":\"https:\/\/www.schramas.com\/wp-content\/uploads\/2025\/12\/IMG20250822160018-scaled.jpg\",\"contentUrl\":\"https:\/\/www.schramas.com\/wp-content\/uploads\/2025\/12\/IMG20250822160018-scaled.jpg\",\"width\":1920,\"height\":2560,\"caption\":\"oplus_3211314\"},{\"@type\":\"BreadcrumbList\",\"@id\":\"https:\/\/www.schramas.com\/winkel\/prunus-domestica-mirabelle-de-nancy-oude-pruimenboom-onderstam-st-julien-45l-pot-ca-1-5m\/#breadcrumb\",\"itemListElement\":[{\"@type\":\"ListItem\",\"position\":1,\"name\":\"Product\",\"item\":\"https:\/\/www.schramas.com\/assortiment\/\"},{\"@type\":\"ListItem\",\"position\":2,\"name\":\"Bomen &amp; Struiken\",\"item\":\"https:\/\/www.schramas.com\/product-category\/bomen-struiken\/\"},{\"@type\":\"ListItem\",\"position\":3,\"name\":\"Fruitbomen\",\"item\":\"https:\/\/www.schramas.com\/product-category\/bomen-struiken\/fruitbomen\/\"},{\"@type\":\"ListItem\",\"position\":4,\"name\":\"Oude\/grote fruitbomen\",\"item\":\"https:\/\/www.schramas.com\/product-category\/bomen-struiken\/fruitbomen\/oude-en-grote-fruitbomen\/\"},{\"@type\":\"ListItem\",\"position\":5,\"name\":\"Prunus domestica &#8216;Mirabelle de Nancy&#8217; &#8211; Oude Pruimenboom &#8211; Onderstam St.Julien &#8211; 45L pot &#8211; ca. 1.5m\"}]},{\"@type\":\"WebSite\",\"@id\":\"https:\/\/www.schramas.com\/#website\",\"url\":\"https:\/\/www.schramas.com\/\",\"name\":\"Schramas.com | Tuinplanten eenvoudig online bestellen | Direct van onze Kwekerij\",\"description\":\"\",\"alternateName\":\"Schramas.com - Alle planten direct van de kweker\",\"potentialAction\":[{\"@type\":\"SearchAction\",\"target\":{\"@type\":\"EntryPoint\",\"urlTemplate\":\"https:\/\/www.schramas.com\/?s={search_term_string}\"},\"query-input\":{\"@type\":\"PropertyValueSpecification\",\"valueRequired\":true,\"valueName\":\"search_term_string\"}}],\"inLanguage\":\"fr-FR\"}]}<\/script>\n<!-- \/ Yoast SEO plugin. -->","yoast_head_json":{"title":"Acheter Prunus domestica 'Mirabelle de Nancy' - Prunier ancien - Porte-greffe St-Julien - Pot de 45L - env. 1,5m | Acheter des plantes facilement en ligne | Schramas.com","robots":{"index":"index","follow":"follow","max-snippet":"max-snippet:-1","max-image-preview":"max-image-preview:large","max-video-preview":"max-video-preview:-1"},"canonical":"https:\/\/www.schramas.com\/fr\/boutique\/prunus-domestica-mirabelle-de-nancy-vieux-prunier-porte-greffe-st-julien-pot-de-45l-ca-1-5m\/","og_locale":"fr_FR","og_type":"article","og_title":"Prunus domestica 'Mirabelle de Nancy' - Oude Pruimenboom - Onderstam St.Julien - 45L pot - ca. 1.5m kopen | Planten eenvoudig online bestellen | Schramas.com","og_description":"\u2022 1 x Prunus domestica \u2018Mirabelle de Nancy\u2019 \u2013 onderstam St. Julien \u2013 zoete goudgele mirabelpruimen\u2022 Leverhoogte ca. 1,5 m \u2013 potmaat 45 liter\u2022 Zelfbestuivend, rijkdragend ras\u2022 Oogst in augustus\u2022 Standplaats: zon \u2013 voedzame, goed doorlatende grond\u2022 Winterhard, middelsterke groei door St. Julien-onderstam\u2022 Verzending: op pallet voor veilig transport","og_url":"https:\/\/www.schramas.com\/fr\/boutique\/prunus-domestica-mirabelle-de-nancy-vieux-prunier-porte-greffe-st-julien-pot-de-45l-ca-1-5m\/","og_site_name":"Planten eenvoudig online bestellen | Schramas.com","article_publisher":"https:\/\/www.facebook.com\/Schramascom-106872874153195\/","article_modified_time":"2026-03-26T15:38:50+00:00","og_image":[{"width":1920,"height":2560,"url":"http:\/\/www.schramas.com\/wp-content\/uploads\/2025\/12\/IMG20250822160018-scaled.jpg","type":"image\/jpeg"}],"twitter_card":"summary_large_image","twitter_misc":{"Dur\u00e9e de lecture estim\u00e9e":"1 minute"},"schema":{"@context":"https:\/\/schema.org","@graph":[{"@type":["WebPage","ItemPage"],"@id":"https:\/\/www.schramas.com\/winkel\/prunus-domestica-mirabelle-de-nancy-oude-pruimenboom-onderstam-st-julien-45l-pot-ca-1-5m\/","url":"https:\/\/www.schramas.com\/winkel\/prunus-domestica-mirabelle-de-nancy-oude-pruimenboom-onderstam-st-julien-45l-pot-ca-1-5m\/","name":"Acheter Prunus domestica 'Mirabelle de Nancy' - Prunier ancien - Porte-greffe St-Julien - Pot de 45L - env. 1,5m | Acheter des plantes facilement en ligne | Schramas.com","isPartOf":{"@id":"https:\/\/www.schramas.com\/#website"},"primaryImageOfPage":{"@id":"https:\/\/www.schramas.com\/winkel\/prunus-domestica-mirabelle-de-nancy-oude-pruimenboom-onderstam-st-julien-45l-pot-ca-1-5m\/#primaryimage"},"image":{"@id":"https:\/\/www.schramas.com\/winkel\/prunus-domestica-mirabelle-de-nancy-oude-pruimenboom-onderstam-st-julien-45l-pot-ca-1-5m\/#primaryimage"},"thumbnailUrl":"https:\/\/www.schramas.com\/wp-content\/uploads\/2025\/12\/IMG20250822160018-scaled.jpg","datePublished":"2025-12-12T14:50:49+00:00","dateModified":"2026-03-26T15:38:50+00:00","breadcrumb":{"@id":"https:\/\/www.schramas.com\/winkel\/prunus-domestica-mirabelle-de-nancy-oude-pruimenboom-onderstam-st-julien-45l-pot-ca-1-5m\/#breadcrumb"},"inLanguage":"fr-FR","potentialAction":[{"@type":"ReadAction","target":["https:\/\/www.schramas.com\/winkel\/prunus-domestica-mirabelle-de-nancy-oude-pruimenboom-onderstam-st-julien-45l-pot-ca-1-5m\/"]}]},{"@type":"ImageObject","inLanguage":"fr-FR","@id":"https:\/\/www.schramas.com\/winkel\/prunus-domestica-mirabelle-de-nancy-oude-pruimenboom-onderstam-st-julien-45l-pot-ca-1-5m\/#primaryimage","url":"https:\/\/www.schramas.com\/wp-content\/uploads\/2025\/12\/IMG20250822160018-scaled.jpg","contentUrl":"https:\/\/www.schramas.com\/wp-content\/uploads\/2025\/12\/IMG20250822160018-scaled.jpg","width":1920,"height":2560,"caption":"oplus_3211314"},{"@type":"BreadcrumbList","@id":"https:\/\/www.schramas.com\/winkel\/prunus-domestica-mirabelle-de-nancy-oude-pruimenboom-onderstam-st-julien-45l-pot-ca-1-5m\/#breadcrumb","itemListElement":[{"@type":"ListItem","position":1,"name":"Product","item":"https:\/\/www.schramas.com\/assortiment\/"},{"@type":"ListItem","position":2,"name":"Bomen &amp; Struiken","item":"https:\/\/www.schramas.com\/product-category\/bomen-struiken\/"},{"@type":"ListItem","position":3,"name":"Fruitbomen","item":"https:\/\/www.schramas.com\/product-category\/bomen-struiken\/fruitbomen\/"},{"@type":"ListItem","position":4,"name":"Oude\/grote fruitbomen","item":"https:\/\/www.schramas.com\/product-category\/bomen-struiken\/fruitbomen\/oude-en-grote-fruitbomen\/"},{"@type":"ListItem","position":5,"name":"Prunus domestica &#8216;Mirabelle de Nancy&#8217; &#8211; Oude Pruimenboom &#8211; Onderstam St.Julien &#8211; 45L pot &#8211; ca. 1.5m"}]},{"@type":"WebSite","@id":"https:\/\/www.schramas.com\/#website","url":"https:\/\/www.schramas.com\/","name":"Schramas.com | Plantes de jardin faciles \u00e0 commander en ligne | En direct de notre p\u00e9pini\u00e8re","description":"","alternateName":"Schramas.com - Alle planten direct van de kweker","potentialAction":[{"@type":"SearchAction","target":{"@type":"EntryPoint","urlTemplate":"https:\/\/www.schramas.com\/?s={search_term_string}"},"query-input":{"@type":"PropertyValueSpecification","valueRequired":true,"valueName":"search_term_string"}}],"inLanguage":"fr-FR"}]}},"_links":{"self":[{"href":"https:\/\/www.schramas.com\/fr\/wp-json\/wp\/v2\/product\/64192","targetHints":{"allow":["GET"]}}],"collection":[{"href":"https:\/\/www.schramas.com\/fr\/wp-json\/wp\/v2\/product"}],"about":[{"href":"https:\/\/www.schramas.com\/fr\/wp-json\/wp\/v2\/types\/product"}],"version-history":[{"count":1,"href":"https:\/\/www.schramas.com\/fr\/wp-json\/wp\/v2\/product\/64192\/revisions"}],"predecessor-version":[{"id":64197,"href":"https:\/\/www.schramas.com\/fr\/wp-json\/wp\/v2\/product\/64192\/revisions\/64197"}],"wp:featuredmedia":[{"embeddable":true,"href":"https:\/\/www.schramas.com\/fr\/wp-json\/wp\/v2\/media\/64193"}],"wp:attachment":[{"href":"https:\/\/www.schramas.com\/fr\/wp-json\/wp\/v2\/media?parent=64192"}],"wp:term":[{"taxonomy":"product_brand","embeddable":true,"href":"https:\/\/www.schramas.com\/fr\/wp-json\/wp\/v2\/product_brand?post=64192"},{"taxonomy":"product_cat","embeddable":true,"href":"https:\/\/www.schramas.com\/fr\/wp-json\/wp\/v2\/product_cat?post=64192"},{"taxonomy":"product_tag","embeddable":true,"href":"https:\/\/www.schramas.com\/fr\/wp-json\/wp\/v2\/product_tag?post=64192"}],"curies":[{"name":"wp","href":"https:\/\/api.w.org\/{rel}","templated":true}]}}