{"id":65362,"date":"2026-01-15T11:32:26","date_gmt":"2026-01-15T10:32:26","guid":{"rendered":"https:\/\/www.schramas.com\/?post_type=product&#038;p=65362"},"modified":"2026-05-15T20:43:31","modified_gmt":"2026-05-15T18:43:31","slug":"rhus-typhina-tiger-eyes-golden-leaved-velvet-tree-hauteur-50cm-pot-de-5-litres","status":"publish","type":"product","link":"https:\/\/www.schramas.com\/fr\/boutique\/rhus-typhina-tiger-eyes-golden-leaved-velvet-tree-hauteur-50cm-pot-de-5-litres\/","title":{"rendered":"Rhus typhina \u2018Tiger Eyes\u2019, Arbre de velours \u00e0 feuilles d'or, Hauteur 50cm, Pot de 5 litres"},"content":{"rendered":"<p data-start=\"423\" data-end=\"753\">Rhus typhina \u2018Tiger Eyes\u2019 est un arbre ornemental remarquable avec une croissance compacte et une couleur de feuille distincte. Cette vari\u00e9t\u00e9 se distingue par ses feuilles finement incis\u00e9es, de couleur jaune d'or, qui restent tr\u00e8s color\u00e9es tout au long de la saison de croissance. Cela fait de l'arbre un accent de couleur \u00e9vident dans le jardin, sans pour autant devenir trop grand ou trop imposant.<\/p>\n<p data-start=\"755\" data-end=\"1103\">L'arbre de velours \u00e0 feuilles d'or devient un petit arbre ou un grand arbuste avec une couronne large et l\u00e9g\u00e8rement surplombante. Gr\u00e2ce \u00e0 sa hauteur relativement limit\u00e9e, \u2018Tiger Eyes\u2019 convient aux jardins o\u00f9 l'on souhaite disposer d'espace pour la valeur ornementale, mais o\u00f9 aucun grand arbre ne convient. La plante s'\u00e9panouit en solitaire, o\u00f9 le feuillage peut \u00eatre appr\u00e9ci\u00e9 \u00e0 sa juste valeur.<\/p>\n<p data-start=\"1105\" data-end=\"1164\">A propos de Rhus typhina \u2018Tiger Eyes\u2019 (arbre \u00e0 velours \u00e0 feuilles d'or)<\/p>\n<p data-start=\"1166\" data-end=\"1428\">Au printemps, le Rhus \u2018Tiger Eyes\u2019 pousse des feuilles fra\u00eeches jaune-vert. En \u00e9t\u00e9, les feuilles restent d'un jaune dor\u00e9 brillant, avant de prendre des tons chauds d'orange, de rouge et d'\u00e9carlate en automne. Cette coloration automnale est l'une des plus grandes valeurs ornementales de cet arbre.<\/p>\n<p data-start=\"1430\" data-end=\"1789\">L'arbre \u00e0 velours est caduc et perd ses feuilles en automne. En hiver, l'arbre est d\u00e9nud\u00e9 et bien r\u00e9sistant. Au printemps, il repousse vigoureusement. Le Rhus typhina pousse de pr\u00e9f\u00e9rence dans un endroit ensoleill\u00e9 \u00e0 semi-ombrag\u00e9, dans un sol bien drain\u00e9. La vari\u00e9t\u00e9 \u2018Tiger Eyes\u2019 pousse de mani\u00e8re plus calme et plus compacte que l'esp\u00e8ce et est donc plus facile \u00e0 g\u00e9rer.<\/p>\n<p data-start=\"1791\" data-end=\"1806\">Sp\u00e9cifications<\/p>\n<p data-start=\"1808\" data-end=\"2194\">- Taille du pot : 5 litres<br data-start=\"1826\" data-end=\"1829\" \/>- Hauteur \u00e0 la livraison : environ 50 cm<br data-start=\"1861\" data-end=\"1864\" \/>- Taille de l'adulte : environ 3 \u00e0 4 m\u00e8tres<br data-start=\"1901\" data-end=\"1904\" \/>- Port de la plante : en forme d'arbre ou de buisson<br data-start=\"1945\" data-end=\"1948\" \/>- Emplacement : soleil \u00e0 mi-ombre<br data-start=\"1982\" data-end=\"1985\" \/>- Type de sol : perm\u00e9able, normal<br data-start=\"2023\" data-end=\"2026\" \/>- Couleur des feuilles : jaune dor\u00e9<br data-start=\"2047\" data-end=\"2050\" \/>- Couleur d'automne : orange \u00e0 rouge<br data-start=\"2080\" data-end=\"2083\" \/>- Aspect hivernal : feuillage caduc<br data-start=\"2112\" data-end=\"2115\" \/>- Rusticit\u00e9 : bonne r\u00e9sistance \u00e0 l'hiver<br data-start=\"2148\" data-end=\"2151\" \/>- Convient \u00e0 : jardin, plantation solitaire<\/p>\n<p data-start=\"2196\" data-end=\"2474\">Avec Rhus typhina \u2018Tiger Eyes\u2019, vous obtenez un arbre ornemental qui se distingue surtout par la couleur de son feuillage et sa coloration automnale. Sa croissance compacte et sa bonne r\u00e9sistance \u00e0 l'hiver font de cet arbre velout\u00e9 \u00e0 feuilles d'or un arbre adapt\u00e9 \u00e0 une vari\u00e9t\u00e9 de jardins o\u00f9 un accent saisonnier distinct est souhait\u00e9.<\/p>","protected":false},"excerpt":{"rendered":"<p>- Rhus typhina \u2018Tiger Eyes\u2019 (\u0153il de tigre)\u2019<br data-start=\"75\" data-end=\"78\" \/>- Nom n\u00e9erlandais : arbre de velours \u00e0 feuilles d'or<br data-start=\"121\" data-end=\"124\" \/>- Particulier pour son jaune d'or, ses feuilles finement incis\u00e9es et sa forte coloration automnale.<br data-start=\"193\" data-end=\"196\" \/>- Taille adulte environ 300-400 cm<br data-start=\"229\" data-end=\"232\" \/>- Emplacement : soleil \u00e0 mi-ombre<br data-start=\"266\" data-end=\"269\" \/>- Rusticit\u00e9 : Bonne rusticit\u00e9<\/p>","protected":false},"featured_media":66717,"template":"","meta":{"_joinchat":[]},"product_brand":[],"product_cat":[302,262,300,3193,229,305],"product_tag":[4526,4637,4639,4636,4635,4495,4633,4638,4634,4302,4496],"class_list":{"0":"post-65362","1":"product","2":"type-product","3":"status-publish","4":"has-post-thumbnail","6":"product_cat-bladverliezende-heesters","7":"product_cat-bomen-struiken","8":"product_cat-heesters","9":"product_cat-sierbomen","10":"product_cat-sierheesters","11":"product_cat-planten-heesters","12":"product_tag-bijzondere-sierboom","13":"product_tag-boom-met-geel-blad","14":"product_tag-boom-met-opvallend-blad","15":"product_tag-fluweelboom-kopen","16":"product_tag-goudbladige-fluweelboom","17":"product_tag-herfstkleur-boom","18":"product_tag-rhus-tiger-eyes","19":"product_tag-rhus-typhina-kopen","20":"product_tag-rhus-typhina-tiger-eyes","21":"product_tag-sierboom-tuin","22":"product_tag-winterharde-sierboom","23":"pa_bloeimaanden-juni","24":"pa_bloeimaanden-juli","25":"pa_ewd_uwcf_colors-geel","26":"pa_ewd_uwcf_colors-groen-2","27":"pa_ewd_uwcf_colors-mixed","28":"pa_ewd_uwcf_colors-oranje","29":"pa_groeihoogte-300-cm","30":"pa_pot-5-liter-pot","32":"first","33":"instock","34":"taxable","35":"shipping-taxable","36":"purchasable","37":"product-type-simple"},"yoast_head":"<!-- This site is optimized with the Yoast SEO plugin v24.2 - https:\/\/yoast.com\/wordpress\/plugins\/seo\/ -->\n<title>Rhus typhina &#039;Tiger Eyes&#039;, Goudbladige fluweelboom, Hoogte 50cm, 5 liter pot kopen | Planten eenvoudig online bestellen | Schramas.com<\/title>\n<meta name=\"robots\" content=\"index, follow, max-snippet:-1, max-image-preview:large, max-video-preview:-1\" \/>\n<link rel=\"canonical\" href=\"https:\/\/www.schramas.com\/fr\/boutique\/rhus-typhina-tiger-eyes-golden-leaved-velvet-tree-hauteur-50cm-pot-de-5-litres\/\" \/>\n<meta property=\"og:locale\" content=\"fr_FR\" \/>\n<meta property=\"og:type\" content=\"article\" \/>\n<meta property=\"og:title\" content=\"Rhus typhina &#039;Tiger Eyes&#039;, Goudbladige fluweelboom, Hoogte 50cm, 5 liter pot kopen | Planten eenvoudig online bestellen | Schramas.com\" \/>\n<meta property=\"og:description\" content=\"\u2022 Rhus typhina \u2018Tiger Eyes\u2019\u2022 Nederlandse naam: goudbladige fluweelboom\u2022 Bijzonder door goudgeel, fijn ingesneden blad en sterke herfstkleur\u2022 Volwassen hoogte ca. 300\u2013400 cm\u2022 Standplaats: zon tot halfschaduw\u2022 Winterhardheid: Goed winterhard\" \/>\n<meta property=\"og:url\" content=\"https:\/\/www.schramas.com\/fr\/boutique\/rhus-typhina-tiger-eyes-golden-leaved-velvet-tree-hauteur-50cm-pot-de-5-litres\/\" \/>\n<meta property=\"og:site_name\" content=\"Planten eenvoudig online bestellen | Schramas.com\" \/>\n<meta property=\"article:publisher\" content=\"https:\/\/www.facebook.com\/Schramascom-106872874153195\/\" \/>\n<meta property=\"article:modified_time\" content=\"2026-05-15T18:43:31+00:00\" \/>\n<meta property=\"og:image\" content=\"http:\/\/www.schramas.com\/wp-content\/uploads\/2026\/01\/shutterstock_2147244521-scaled.jpg\" \/>\n\t<meta property=\"og:image:width\" content=\"2560\" \/>\n\t<meta property=\"og:image:height\" content=\"1771\" \/>\n\t<meta property=\"og:image:type\" content=\"image\/jpeg\" \/>\n<meta name=\"twitter:card\" content=\"summary_large_image\" \/>\n<meta name=\"twitter:label1\" content=\"Dur\u00e9e de lecture estim\u00e9e\" \/>\n\t<meta name=\"twitter:data1\" content=\"1 minute\" \/>\n<script type=\"application\/ld+json\" class=\"yoast-schema-graph\">{\"@context\":\"https:\/\/schema.org\",\"@graph\":[{\"@type\":[\"WebPage\",\"ItemPage\"],\"@id\":\"https:\/\/www.schramas.com\/winkel\/rhus-typhina-tiger-eyes-goudbladige-fluweelboom-hoogte-50cm-5-liter-pot\/\",\"url\":\"https:\/\/www.schramas.com\/winkel\/rhus-typhina-tiger-eyes-goudbladige-fluweelboom-hoogte-50cm-5-liter-pot\/\",\"name\":\"Rhus typhina 'Tiger Eyes', Goudbladige fluweelboom, Hoogte 50cm, 5 liter pot kopen | Planten eenvoudig online bestellen | Schramas.com\",\"isPartOf\":{\"@id\":\"https:\/\/www.schramas.com\/#website\"},\"primaryImageOfPage\":{\"@id\":\"https:\/\/www.schramas.com\/winkel\/rhus-typhina-tiger-eyes-goudbladige-fluweelboom-hoogte-50cm-5-liter-pot\/#primaryimage\"},\"image\":{\"@id\":\"https:\/\/www.schramas.com\/winkel\/rhus-typhina-tiger-eyes-goudbladige-fluweelboom-hoogte-50cm-5-liter-pot\/#primaryimage\"},\"thumbnailUrl\":\"https:\/\/www.schramas.com\/wp-content\/uploads\/2026\/01\/shutterstock_2147244521-scaled.jpg\",\"datePublished\":\"2026-01-15T10:32:26+00:00\",\"dateModified\":\"2026-05-15T18:43:31+00:00\",\"breadcrumb\":{\"@id\":\"https:\/\/www.schramas.com\/winkel\/rhus-typhina-tiger-eyes-goudbladige-fluweelboom-hoogte-50cm-5-liter-pot\/#breadcrumb\"},\"inLanguage\":\"fr-FR\",\"potentialAction\":[{\"@type\":\"ReadAction\",\"target\":[\"https:\/\/www.schramas.com\/winkel\/rhus-typhina-tiger-eyes-goudbladige-fluweelboom-hoogte-50cm-5-liter-pot\/\"]}]},{\"@type\":\"ImageObject\",\"inLanguage\":\"fr-FR\",\"@id\":\"https:\/\/www.schramas.com\/winkel\/rhus-typhina-tiger-eyes-goudbladige-fluweelboom-hoogte-50cm-5-liter-pot\/#primaryimage\",\"url\":\"https:\/\/www.schramas.com\/wp-content\/uploads\/2026\/01\/shutterstock_2147244521-scaled.jpg\",\"contentUrl\":\"https:\/\/www.schramas.com\/wp-content\/uploads\/2026\/01\/shutterstock_2147244521-scaled.jpg\",\"width\":2560,\"height\":1771},{\"@type\":\"BreadcrumbList\",\"@id\":\"https:\/\/www.schramas.com\/winkel\/rhus-typhina-tiger-eyes-goudbladige-fluweelboom-hoogte-50cm-5-liter-pot\/#breadcrumb\",\"itemListElement\":[{\"@type\":\"ListItem\",\"position\":1,\"name\":\"Product\",\"item\":\"https:\/\/www.schramas.com\/assortiment\/\"},{\"@type\":\"ListItem\",\"position\":2,\"name\":\"Bomen &amp; Struiken\",\"item\":\"https:\/\/www.schramas.com\/product-category\/bomen-struiken\/\"},{\"@type\":\"ListItem\",\"position\":3,\"name\":\"Sierbomen\",\"item\":\"https:\/\/www.schramas.com\/product-category\/bomen-struiken\/sierbomen\/\"},{\"@type\":\"ListItem\",\"position\":4,\"name\":\"Rhus typhina &#8216;Tiger Eyes&#8217;, Goudbladige fluweelboom, Hoogte 50cm, 5 liter pot\"}]},{\"@type\":\"WebSite\",\"@id\":\"https:\/\/www.schramas.com\/#website\",\"url\":\"https:\/\/www.schramas.com\/\",\"name\":\"Schramas.com | Tuinplanten eenvoudig online bestellen | Direct van onze Kwekerij\",\"description\":\"\",\"alternateName\":\"Schramas.com - Alle planten direct van de kweker\",\"potentialAction\":[{\"@type\":\"SearchAction\",\"target\":{\"@type\":\"EntryPoint\",\"urlTemplate\":\"https:\/\/www.schramas.com\/?s={search_term_string}\"},\"query-input\":{\"@type\":\"PropertyValueSpecification\",\"valueRequired\":true,\"valueName\":\"search_term_string\"}}],\"inLanguage\":\"fr-FR\"}]}<\/script>\n<!-- \/ Yoast SEO plugin. -->","yoast_head_json":{"title":"Rhus typhina 'Tiger Eyes', Arbre de velours \u00e0 feuilles d'or, Hauteur 50cm, acheter pot de 5 litres | Acheter des plantes facilement en ligne | Schramas.com","robots":{"index":"index","follow":"follow","max-snippet":"max-snippet:-1","max-image-preview":"max-image-preview:large","max-video-preview":"max-video-preview:-1"},"canonical":"https:\/\/www.schramas.com\/fr\/boutique\/rhus-typhina-tiger-eyes-golden-leaved-velvet-tree-hauteur-50cm-pot-de-5-litres\/","og_locale":"fr_FR","og_type":"article","og_title":"Rhus typhina 'Tiger Eyes', Goudbladige fluweelboom, Hoogte 50cm, 5 liter pot kopen | Planten eenvoudig online bestellen | Schramas.com","og_description":"\u2022 Rhus typhina \u2018Tiger Eyes\u2019\u2022 Nederlandse naam: goudbladige fluweelboom\u2022 Bijzonder door goudgeel, fijn ingesneden blad en sterke herfstkleur\u2022 Volwassen hoogte ca. 300\u2013400 cm\u2022 Standplaats: zon tot halfschaduw\u2022 Winterhardheid: Goed winterhard","og_url":"https:\/\/www.schramas.com\/fr\/boutique\/rhus-typhina-tiger-eyes-golden-leaved-velvet-tree-hauteur-50cm-pot-de-5-litres\/","og_site_name":"Planten eenvoudig online bestellen | Schramas.com","article_publisher":"https:\/\/www.facebook.com\/Schramascom-106872874153195\/","article_modified_time":"2026-05-15T18:43:31+00:00","og_image":[{"width":2560,"height":1771,"url":"http:\/\/www.schramas.com\/wp-content\/uploads\/2026\/01\/shutterstock_2147244521-scaled.jpg","type":"image\/jpeg"}],"twitter_card":"summary_large_image","twitter_misc":{"Dur\u00e9e de lecture estim\u00e9e":"1 minute"},"schema":{"@context":"https:\/\/schema.org","@graph":[{"@type":["WebPage","ItemPage"],"@id":"https:\/\/www.schramas.com\/winkel\/rhus-typhina-tiger-eyes-goudbladige-fluweelboom-hoogte-50cm-5-liter-pot\/","url":"https:\/\/www.schramas.com\/winkel\/rhus-typhina-tiger-eyes-goudbladige-fluweelboom-hoogte-50cm-5-liter-pot\/","name":"Rhus typhina 'Tiger Eyes', Arbre de velours \u00e0 feuilles d'or, Hauteur 50cm, acheter pot de 5 litres | Acheter des plantes facilement en ligne | Schramas.com","isPartOf":{"@id":"https:\/\/www.schramas.com\/#website"},"primaryImageOfPage":{"@id":"https:\/\/www.schramas.com\/winkel\/rhus-typhina-tiger-eyes-goudbladige-fluweelboom-hoogte-50cm-5-liter-pot\/#primaryimage"},"image":{"@id":"https:\/\/www.schramas.com\/winkel\/rhus-typhina-tiger-eyes-goudbladige-fluweelboom-hoogte-50cm-5-liter-pot\/#primaryimage"},"thumbnailUrl":"https:\/\/www.schramas.com\/wp-content\/uploads\/2026\/01\/shutterstock_2147244521-scaled.jpg","datePublished":"2026-01-15T10:32:26+00:00","dateModified":"2026-05-15T18:43:31+00:00","breadcrumb":{"@id":"https:\/\/www.schramas.com\/winkel\/rhus-typhina-tiger-eyes-goudbladige-fluweelboom-hoogte-50cm-5-liter-pot\/#breadcrumb"},"inLanguage":"fr-FR","potentialAction":[{"@type":"ReadAction","target":["https:\/\/www.schramas.com\/winkel\/rhus-typhina-tiger-eyes-goudbladige-fluweelboom-hoogte-50cm-5-liter-pot\/"]}]},{"@type":"ImageObject","inLanguage":"fr-FR","@id":"https:\/\/www.schramas.com\/winkel\/rhus-typhina-tiger-eyes-goudbladige-fluweelboom-hoogte-50cm-5-liter-pot\/#primaryimage","url":"https:\/\/www.schramas.com\/wp-content\/uploads\/2026\/01\/shutterstock_2147244521-scaled.jpg","contentUrl":"https:\/\/www.schramas.com\/wp-content\/uploads\/2026\/01\/shutterstock_2147244521-scaled.jpg","width":2560,"height":1771},{"@type":"BreadcrumbList","@id":"https:\/\/www.schramas.com\/winkel\/rhus-typhina-tiger-eyes-goudbladige-fluweelboom-hoogte-50cm-5-liter-pot\/#breadcrumb","itemListElement":[{"@type":"ListItem","position":1,"name":"Product","item":"https:\/\/www.schramas.com\/assortiment\/"},{"@type":"ListItem","position":2,"name":"Bomen &amp; Struiken","item":"https:\/\/www.schramas.com\/product-category\/bomen-struiken\/"},{"@type":"ListItem","position":3,"name":"Sierbomen","item":"https:\/\/www.schramas.com\/product-category\/bomen-struiken\/sierbomen\/"},{"@type":"ListItem","position":4,"name":"Rhus typhina &#8216;Tiger Eyes&#8217;, Goudbladige fluweelboom, Hoogte 50cm, 5 liter pot"}]},{"@type":"WebSite","@id":"https:\/\/www.schramas.com\/#website","url":"https:\/\/www.schramas.com\/","name":"Schramas.com | Plantes de jardin faciles \u00e0 commander en ligne | En direct de notre p\u00e9pini\u00e8re","description":"","alternateName":"Schramas.com - Alle planten direct van de kweker","potentialAction":[{"@type":"SearchAction","target":{"@type":"EntryPoint","urlTemplate":"https:\/\/www.schramas.com\/?s={search_term_string}"},"query-input":{"@type":"PropertyValueSpecification","valueRequired":true,"valueName":"search_term_string"}}],"inLanguage":"fr-FR"}]}},"_links":{"self":[{"href":"https:\/\/www.schramas.com\/fr\/wp-json\/wp\/v2\/product\/65362","targetHints":{"allow":["GET"]}}],"collection":[{"href":"https:\/\/www.schramas.com\/fr\/wp-json\/wp\/v2\/product"}],"about":[{"href":"https:\/\/www.schramas.com\/fr\/wp-json\/wp\/v2\/types\/product"}],"version-history":[{"count":1,"href":"https:\/\/www.schramas.com\/fr\/wp-json\/wp\/v2\/product\/65362\/revisions"}],"predecessor-version":[{"id":65364,"href":"https:\/\/www.schramas.com\/fr\/wp-json\/wp\/v2\/product\/65362\/revisions\/65364"}],"wp:featuredmedia":[{"embeddable":true,"href":"https:\/\/www.schramas.com\/fr\/wp-json\/wp\/v2\/media\/66717"}],"wp:attachment":[{"href":"https:\/\/www.schramas.com\/fr\/wp-json\/wp\/v2\/media?parent=65362"}],"wp:term":[{"taxonomy":"product_brand","embeddable":true,"href":"https:\/\/www.schramas.com\/fr\/wp-json\/wp\/v2\/product_brand?post=65362"},{"taxonomy":"product_cat","embeddable":true,"href":"https:\/\/www.schramas.com\/fr\/wp-json\/wp\/v2\/product_cat?post=65362"},{"taxonomy":"product_tag","embeddable":true,"href":"https:\/\/www.schramas.com\/fr\/wp-json\/wp\/v2\/product_tag?post=65362"}],"curies":[{"name":"wp","href":"https:\/\/api.w.org\/{rel}","templated":true}]}}