{"id":66046,"date":"2026-02-03T13:56:16","date_gmt":"2026-02-03T12:56:16","guid":{"rendered":"https:\/\/www.schramas.com\/?post_type=product&#038;p=66046"},"modified":"2026-03-26T16:39:19","modified_gmt":"2026-03-26T15:39:19","slug":"ruscus-aculeatus-muizendoorn-hoogte-ca-30cm-1-liter-pot","status":"publish","type":"product","link":"https:\/\/www.schramas.com\/fr\/boutique\/ruscus-aculeatus-muizendoorn-hoogte-ca-30cm-1-liter-pot\/","title":{"rendered":"Ruscus aculeatus, Corne de souris, hauteur env. 30cm, pot de 1 litre"},"content":{"rendered":"<p data-start=\"425\" data-end=\"750\">Le Ruscus aculeatus, plus connu sous le nom de corne de souris, est une plante \u00e0 feuilles persistantes, \u00e0 croissance lente et \u00e0 l'aspect tr\u00e8s particulier. Cette esp\u00e8ce est \u00e9troitement li\u00e9e \u00e0 l'asperge et est appr\u00e9ci\u00e9e \u00e0 la fois pour sa valeur ornementale et pour ses utilisations polyvalentes. Sa croissance lente permet \u00e0 la plante de conserver une forme compacte et calme pendant de nombreuses ann\u00e9es.<\/p>\n<p data-start=\"752\" data-end=\"1114\">Les \u201cfeuilles\u201d robustes, d'un vert profond, sont en fait des branches aplaties et sont raides au toucher. Au printemps, de petites fleurs blanches discr\u00e8tes apparaissent au milieu de ces branches feuillues. Seules les plantes femelles forment des baies. Ces baies deviennent rouge vif \u00e0 l'automne et restent souvent longtemps sur la plante, ce qui donne une image saisissante en hiver.<\/p>\n<p data-start=\"1116\" data-end=\"1154\"><strong>A propos de Ruscus aculeatus (\u00e9pine de souris)<\/strong><\/p>\n<p data-start=\"1156\" data-end=\"1413\">L'\u00e9pine \u00e0 souris est une plante dio\u00efque, c'est-\u00e0-dire qu'il y a des sp\u00e9cimens m\u00e2les et femelles. Seules les plantes femelles portent des baies. Nous livrons ces plantes non tri\u00e9es, il est donc impossible de d\u00e9terminer \u00e0 l'avance si une plante formera plus tard des baies.<\/p>\n<p data-start=\"1415\" data-end=\"1698\">Les jeunes pousses de Ruscus aculeatus sont comestibles et ont une saveur qui rappelle celle de l'asperge. En outre, la plante a une longue histoire d'utilisation : les branches \u00e9taient utilis\u00e9es pour fabriquer des balais et la racine est transform\u00e9e en extraits pour un usage m\u00e9dicinal traditionnel. Les baies ne sont pas comestibles.<\/p>\n<p data-start=\"1700\" data-end=\"1931\">La plante pousse tr\u00e8s lentement et finit par atteindre une hauteur d'environ 80 \u00e0 100 cm et une largeur similaire, souvent apr\u00e8s de nombreuses ann\u00e9es. La corne de souris peut donc \u00eatre plant\u00e9e \u00e0 long terme sans devenir dominante.<\/p>\n<p data-start=\"1933\" data-end=\"1958\">Localisation et soins<\/p>\n<p data-start=\"1960\" data-end=\"2336\">Ruscus aculeatus est tr\u00e8s tol\u00e9rant quant \u00e0 l'emplacement et pousse aussi bien au soleil qu'\u00e0 l'ombre. Il a peu d'exigences en mati\u00e8re de sol et pousse bien dans les sols sablonneux et argileux, \u00e0 condition qu'ils soient bien drain\u00e9s. En pleine terre, la plante est tout \u00e0 fait r\u00e9sistante et n'a pas besoin d'\u00eatre prot\u00e9g\u00e9e. En pot, il est important d'\u00e9viter que le pot ne g\u00e8le compl\u00e8tement.<\/p>\n<p data-start=\"2338\" data-end=\"2353\">Sp\u00e9cifications<\/p>\n<p data-start=\"2355\" data-end=\"2859\">- Taille du pot : 1 litre<br data-start=\"2373\" data-end=\"2376\" \/>- Hauteur \u00e0 la livraison : environ 30 cm<br data-start=\"2408\" data-end=\"2411\" \/>- Livraison : non tri\u00e9e (m\u00e2le ou femelle)<br data-start=\"2461\" data-end=\"2464\" \/>- Taille adulte : environ 80-100 cm<br data-start=\"2497\" data-end=\"2500\" \/>- Port de la plante : croissance lente, compact<br data-start=\"2540\" data-end=\"2543\" \/>- Position : du soleil \u00e0 l'ombre<br data-start=\"2573\" data-end=\"2576\" \/>- Type de sol : bien drain\u00e9, sable ou argile<br data-start=\"2619\" data-end=\"2622\" \/>- Floraison : printemps, petite et blanche<br data-start=\"2653\" data-end=\"2656\" \/>- Fruits : baies rouge vif (uniquement sur les plantes femelles)<br data-start=\"2715\" data-end=\"2718\" \/>- Image d'hiver : feuillage persistant<br data-start=\"2744\" data-end=\"2747\" \/>- Rusticit\u00e9 : tr\u00e8s rustique (jusqu'\u00e0 environ -20 \u00b0C, zone 6b)<br data-start=\"2806\" data-end=\"2809\" \/>- Convient \u00e0 : jardin, pot, endroits ombrag\u00e9s<\/p>\n<p data-start=\"2861\" data-end=\"3088\">Avec Ruscus aculeatus, vous introduisez dans votre maison une plante \u00e0 feuillage persistant inhabituelle, \u00e0 la croissance calme et \u00e0 l'aspect hivernal saisissant. Sa grande r\u00e9sistance \u00e0 l'hiver et ses faibles exigences font de Ruscus aculeatus un choix durable pour le jardin et la poterie.<\/p>","protected":false},"excerpt":{"rendered":"<p>- Ruscus aculeatus<br data-start=\"66\" data-end=\"69\" \/>- Nom n\u00e9erlandais : mizendoorn<br data-start=\"100\" data-end=\"103\" \/>- Sp\u00e9cialement pour son feuillage persistant, ses baies rouges (plantes femelles) et ses feuilles d\u00e9coratives.<br data-start=\"185\" data-end=\"188\" \/>- Taille adulte environ 80-100 cm<br data-start=\"220\" data-end=\"223\" \/>- Position : du soleil \u00e0 l'ombre<br data-start=\"253\" data-end=\"256\" \/>- Rusticit\u00e9 : Tr\u00e8s rustique<\/p>","protected":false},"featured_media":66959,"template":"","meta":{"_joinchat":[]},"product_brand":[],"product_cat":[262,303,300,229,305],"product_tag":[4813,4806,4814,4807,4809,4805,4811,4812,4808,4810],"class_list":{"0":"post-66046","1":"product","2":"type-product","3":"status-publish","4":"has-post-thumbnail","6":"product_cat-bomen-struiken","7":"product_cat-groenblijvende-heesters","8":"product_cat-heesters","9":"product_cat-sierheesters","10":"product_cat-planten-heesters","11":"product_tag-bijzondere-vaste-plant","12":"product_tag-muizendoorn","13":"product_tag-muizendoorn-bessen","14":"product_tag-muizendoorn-kopen","15":"product_tag-plant-met-rode-bessen","16":"product_tag-ruscus-aculeatus","17":"product_tag-ruscus-tuin","18":"product_tag-schaduwplant-wintergroen","19":"product_tag-wintergroene-plant-schaduw","20":"product_tag-winterharde-vaste-plant","21":"pa_bloeimaanden-juni","22":"pa_bloeimaanden-juli","23":"pa_bloeimaanden-augustus","24":"pa_ewd_uwcf_colors-groen-2","25":"pa_ewd_uwcf_colors-rood-2","26":"pa_groeihoogte-50-tot-100-cm","27":"pa_pot-1-liter-pot-2","29":"first","30":"instock","31":"taxable","32":"shipping-taxable","33":"purchasable","34":"product-type-simple"},"yoast_head":"<!-- This site is optimized with the Yoast SEO plugin v24.2 - https:\/\/yoast.com\/wordpress\/plugins\/seo\/ -->\n<title>Ruscus aculeatus, Muizendoorn, Hoogte ca 30cm, 1 liter pot kopen | Planten eenvoudig online bestellen | Schramas.com<\/title>\n<meta name=\"robots\" content=\"index, follow, max-snippet:-1, max-image-preview:large, max-video-preview:-1\" \/>\n<link rel=\"canonical\" href=\"https:\/\/www.schramas.com\/fr\/boutique\/ruscus-aculeatus-muizendoorn-hoogte-ca-30cm-1-liter-pot\/\" \/>\n<meta property=\"og:locale\" content=\"fr_FR\" \/>\n<meta property=\"og:type\" content=\"article\" \/>\n<meta property=\"og:title\" content=\"Ruscus aculeatus, Muizendoorn, Hoogte ca 30cm, 1 liter pot kopen | Planten eenvoudig online bestellen | Schramas.com\" \/>\n<meta property=\"og:description\" content=\"\u2022 Ruscus aculeatus\u2022 Nederlandse naam: muizendoorn\u2022 Bijzonder door wintergroen, rode bessen (vrouwelijke planten) en decoratief blad\u2022 Volwassen hoogte ca. 80\u2013100 cm\u2022 Standplaats: zon tot schaduw\u2022 Winterhardheid: Zeer winterhard\" \/>\n<meta property=\"og:url\" content=\"https:\/\/www.schramas.com\/fr\/boutique\/ruscus-aculeatus-muizendoorn-hoogte-ca-30cm-1-liter-pot\/\" \/>\n<meta property=\"og:site_name\" content=\"Planten eenvoudig online bestellen | Schramas.com\" \/>\n<meta property=\"article:publisher\" content=\"https:\/\/www.facebook.com\/Schramascom-106872874153195\/\" \/>\n<meta property=\"article:modified_time\" content=\"2026-03-26T15:39:19+00:00\" \/>\n<meta property=\"og:image\" content=\"http:\/\/www.schramas.com\/wp-content\/uploads\/2026\/02\/Ruscus-aculeatus-scaled.jpg\" \/>\n\t<meta property=\"og:image:width\" content=\"2560\" \/>\n\t<meta property=\"og:image:height\" content=\"1708\" \/>\n\t<meta property=\"og:image:type\" content=\"image\/jpeg\" \/>\n<meta name=\"twitter:card\" content=\"summary_large_image\" \/>\n<meta name=\"twitter:label1\" content=\"Dur\u00e9e de lecture estim\u00e9e\" \/>\n\t<meta name=\"twitter:data1\" content=\"1 minute\" \/>\n<script type=\"application\/ld+json\" class=\"yoast-schema-graph\">{\"@context\":\"https:\/\/schema.org\",\"@graph\":[{\"@type\":[\"WebPage\",\"ItemPage\"],\"@id\":\"https:\/\/www.schramas.com\/winkel\/ruscus-aculeatus-muizendoorn-hoogte-ca-30cm-1-liter-pot\/\",\"url\":\"https:\/\/www.schramas.com\/winkel\/ruscus-aculeatus-muizendoorn-hoogte-ca-30cm-1-liter-pot\/\",\"name\":\"Ruscus aculeatus, Muizendoorn, Hoogte ca 30cm, 1 liter pot kopen | Planten eenvoudig online bestellen | Schramas.com\",\"isPartOf\":{\"@id\":\"https:\/\/www.schramas.com\/#website\"},\"primaryImageOfPage\":{\"@id\":\"https:\/\/www.schramas.com\/winkel\/ruscus-aculeatus-muizendoorn-hoogte-ca-30cm-1-liter-pot\/#primaryimage\"},\"image\":{\"@id\":\"https:\/\/www.schramas.com\/winkel\/ruscus-aculeatus-muizendoorn-hoogte-ca-30cm-1-liter-pot\/#primaryimage\"},\"thumbnailUrl\":\"https:\/\/www.schramas.com\/wp-content\/uploads\/2026\/02\/Ruscus-aculeatus-scaled.jpg\",\"datePublished\":\"2026-02-03T12:56:16+00:00\",\"dateModified\":\"2026-03-26T15:39:19+00:00\",\"breadcrumb\":{\"@id\":\"https:\/\/www.schramas.com\/winkel\/ruscus-aculeatus-muizendoorn-hoogte-ca-30cm-1-liter-pot\/#breadcrumb\"},\"inLanguage\":\"fr-FR\",\"potentialAction\":[{\"@type\":\"ReadAction\",\"target\":[\"https:\/\/www.schramas.com\/winkel\/ruscus-aculeatus-muizendoorn-hoogte-ca-30cm-1-liter-pot\/\"]}]},{\"@type\":\"ImageObject\",\"inLanguage\":\"fr-FR\",\"@id\":\"https:\/\/www.schramas.com\/winkel\/ruscus-aculeatus-muizendoorn-hoogte-ca-30cm-1-liter-pot\/#primaryimage\",\"url\":\"https:\/\/www.schramas.com\/wp-content\/uploads\/2026\/02\/Ruscus-aculeatus-scaled.jpg\",\"contentUrl\":\"https:\/\/www.schramas.com\/wp-content\/uploads\/2026\/02\/Ruscus-aculeatus-scaled.jpg\",\"width\":2560,\"height\":1708},{\"@type\":\"BreadcrumbList\",\"@id\":\"https:\/\/www.schramas.com\/winkel\/ruscus-aculeatus-muizendoorn-hoogte-ca-30cm-1-liter-pot\/#breadcrumb\",\"itemListElement\":[{\"@type\":\"ListItem\",\"position\":1,\"name\":\"Product\",\"item\":\"https:\/\/www.schramas.com\/assortiment\/\"},{\"@type\":\"ListItem\",\"position\":2,\"name\":\"Bomen &amp; Struiken\",\"item\":\"https:\/\/www.schramas.com\/product-category\/bomen-struiken\/\"},{\"@type\":\"ListItem\",\"position\":3,\"name\":\"Ruscus aculeatus, Muizendoorn, Hoogte ca 30cm, 1 liter pot\"}]},{\"@type\":\"WebSite\",\"@id\":\"https:\/\/www.schramas.com\/#website\",\"url\":\"https:\/\/www.schramas.com\/\",\"name\":\"Schramas.com | Tuinplanten eenvoudig online bestellen | Direct van onze Kwekerij\",\"description\":\"\",\"alternateName\":\"Schramas.com - Alle planten direct van de kweker\",\"potentialAction\":[{\"@type\":\"SearchAction\",\"target\":{\"@type\":\"EntryPoint\",\"urlTemplate\":\"https:\/\/www.schramas.com\/?s={search_term_string}\"},\"query-input\":{\"@type\":\"PropertyValueSpecification\",\"valueRequired\":true,\"valueName\":\"search_term_string\"}}],\"inLanguage\":\"fr-FR\"}]}<\/script>\n<!-- \/ Yoast SEO plugin. -->","yoast_head_json":{"title":"Ruscus aculeatus, Muizendoorn, Hoogte ca 30cm, 1 liter pot kopen | Planten eenvoudig online bestellen | Schramas.com","robots":{"index":"index","follow":"follow","max-snippet":"max-snippet:-1","max-image-preview":"max-image-preview:large","max-video-preview":"max-video-preview:-1"},"canonical":"https:\/\/www.schramas.com\/fr\/boutique\/ruscus-aculeatus-muizendoorn-hoogte-ca-30cm-1-liter-pot\/","og_locale":"fr_FR","og_type":"article","og_title":"Ruscus aculeatus, Muizendoorn, Hoogte ca 30cm, 1 liter pot kopen | Planten eenvoudig online bestellen | Schramas.com","og_description":"\u2022 Ruscus aculeatus\u2022 Nederlandse naam: muizendoorn\u2022 Bijzonder door wintergroen, rode bessen (vrouwelijke planten) en decoratief blad\u2022 Volwassen hoogte ca. 80\u2013100 cm\u2022 Standplaats: zon tot schaduw\u2022 Winterhardheid: Zeer winterhard","og_url":"https:\/\/www.schramas.com\/fr\/boutique\/ruscus-aculeatus-muizendoorn-hoogte-ca-30cm-1-liter-pot\/","og_site_name":"Planten eenvoudig online bestellen | Schramas.com","article_publisher":"https:\/\/www.facebook.com\/Schramascom-106872874153195\/","article_modified_time":"2026-03-26T15:39:19+00:00","og_image":[{"width":2560,"height":1708,"url":"http:\/\/www.schramas.com\/wp-content\/uploads\/2026\/02\/Ruscus-aculeatus-scaled.jpg","type":"image\/jpeg"}],"twitter_card":"summary_large_image","twitter_misc":{"Dur\u00e9e de lecture estim\u00e9e":"1 minute"},"schema":{"@context":"https:\/\/schema.org","@graph":[{"@type":["WebPage","ItemPage"],"@id":"https:\/\/www.schramas.com\/winkel\/ruscus-aculeatus-muizendoorn-hoogte-ca-30cm-1-liter-pot\/","url":"https:\/\/www.schramas.com\/winkel\/ruscus-aculeatus-muizendoorn-hoogte-ca-30cm-1-liter-pot\/","name":"Ruscus aculeatus, Muizendoorn, Hoogte ca 30cm, 1 liter pot kopen | Planten eenvoudig online bestellen | Schramas.com","isPartOf":{"@id":"https:\/\/www.schramas.com\/#website"},"primaryImageOfPage":{"@id":"https:\/\/www.schramas.com\/winkel\/ruscus-aculeatus-muizendoorn-hoogte-ca-30cm-1-liter-pot\/#primaryimage"},"image":{"@id":"https:\/\/www.schramas.com\/winkel\/ruscus-aculeatus-muizendoorn-hoogte-ca-30cm-1-liter-pot\/#primaryimage"},"thumbnailUrl":"https:\/\/www.schramas.com\/wp-content\/uploads\/2026\/02\/Ruscus-aculeatus-scaled.jpg","datePublished":"2026-02-03T12:56:16+00:00","dateModified":"2026-03-26T15:39:19+00:00","breadcrumb":{"@id":"https:\/\/www.schramas.com\/winkel\/ruscus-aculeatus-muizendoorn-hoogte-ca-30cm-1-liter-pot\/#breadcrumb"},"inLanguage":"fr-FR","potentialAction":[{"@type":"ReadAction","target":["https:\/\/www.schramas.com\/winkel\/ruscus-aculeatus-muizendoorn-hoogte-ca-30cm-1-liter-pot\/"]}]},{"@type":"ImageObject","inLanguage":"fr-FR","@id":"https:\/\/www.schramas.com\/winkel\/ruscus-aculeatus-muizendoorn-hoogte-ca-30cm-1-liter-pot\/#primaryimage","url":"https:\/\/www.schramas.com\/wp-content\/uploads\/2026\/02\/Ruscus-aculeatus-scaled.jpg","contentUrl":"https:\/\/www.schramas.com\/wp-content\/uploads\/2026\/02\/Ruscus-aculeatus-scaled.jpg","width":2560,"height":1708},{"@type":"BreadcrumbList","@id":"https:\/\/www.schramas.com\/winkel\/ruscus-aculeatus-muizendoorn-hoogte-ca-30cm-1-liter-pot\/#breadcrumb","itemListElement":[{"@type":"ListItem","position":1,"name":"Product","item":"https:\/\/www.schramas.com\/assortiment\/"},{"@type":"ListItem","position":2,"name":"Bomen &amp; Struiken","item":"https:\/\/www.schramas.com\/product-category\/bomen-struiken\/"},{"@type":"ListItem","position":3,"name":"Ruscus aculeatus, Muizendoorn, Hoogte ca 30cm, 1 liter pot"}]},{"@type":"WebSite","@id":"https:\/\/www.schramas.com\/#website","url":"https:\/\/www.schramas.com\/","name":"Schramas.com | Plantes de jardin faciles \u00e0 commander en ligne | En direct de notre p\u00e9pini\u00e8re","description":"","alternateName":"Schramas.com - Alle planten direct van de kweker","potentialAction":[{"@type":"SearchAction","target":{"@type":"EntryPoint","urlTemplate":"https:\/\/www.schramas.com\/?s={search_term_string}"},"query-input":{"@type":"PropertyValueSpecification","valueRequired":true,"valueName":"search_term_string"}}],"inLanguage":"fr-FR"}]}},"_links":{"self":[{"href":"https:\/\/www.schramas.com\/fr\/wp-json\/wp\/v2\/product\/66046","targetHints":{"allow":["GET"]}}],"collection":[{"href":"https:\/\/www.schramas.com\/fr\/wp-json\/wp\/v2\/product"}],"about":[{"href":"https:\/\/www.schramas.com\/fr\/wp-json\/wp\/v2\/types\/product"}],"version-history":[{"count":1,"href":"https:\/\/www.schramas.com\/fr\/wp-json\/wp\/v2\/product\/66046\/revisions"}],"predecessor-version":[{"id":66050,"href":"https:\/\/www.schramas.com\/fr\/wp-json\/wp\/v2\/product\/66046\/revisions\/66050"}],"wp:featuredmedia":[{"embeddable":true,"href":"https:\/\/www.schramas.com\/fr\/wp-json\/wp\/v2\/media\/66959"}],"wp:attachment":[{"href":"https:\/\/www.schramas.com\/fr\/wp-json\/wp\/v2\/media?parent=66046"}],"wp:term":[{"taxonomy":"product_brand","embeddable":true,"href":"https:\/\/www.schramas.com\/fr\/wp-json\/wp\/v2\/product_brand?post=66046"},{"taxonomy":"product_cat","embeddable":true,"href":"https:\/\/www.schramas.com\/fr\/wp-json\/wp\/v2\/product_cat?post=66046"},{"taxonomy":"product_tag","embeddable":true,"href":"https:\/\/www.schramas.com\/fr\/wp-json\/wp\/v2\/product_tag?post=66046"}],"curies":[{"name":"wp","href":"https:\/\/api.w.org\/{rel}","templated":true}]}}