{"id":67193,"date":"2026-02-26T11:16:03","date_gmt":"2026-02-26T10:16:03","guid":{"rendered":"https:\/\/www.schramas.com\/?post_type=product&#038;p=67193"},"modified":"2026-04-24T13:21:18","modified_gmt":"2026-04-24T11:21:18","slug":"set-van-4-boerenjasmijn-philadelphus-schneesturm-witte-bloem-9cm-pot","status":"publish","type":"product","link":"https:\/\/www.schramas.com\/fr\/boutique\/set-van-4-boerenjasmijn-philadelphus-schneesturm-witte-bloem-9cm-pot\/","title":{"rendered":"Lot de 4 Jasmins paysans - Philadelphus \u2018Schneesturm\u2019 - Fleur blanche - Pot de 9cm"},"content":{"rendered":"<p data-start=\"444\" data-end=\"720\">Ce lot de 4 Philadelphus \u2018Schneesturm\u2019 se compose de jeunes plants d'un jasmin paysan richement fleuri avec des fleurs doubles d'un blanc \u00e9clatant. De la fin du printemps au d\u00e9but de l'\u00e9t\u00e9, l'arbuste est pratiquement couvert de fleurs, ce qui donne un aspect frais et exub\u00e9rant au jardin.<\/p>\n<p data-start=\"722\" data-end=\"962\">\u2018Schneesturm\u2019 est connu pour ses grappes de fleurs pleines et son parfum agr\u00e9able. La plantation de plusieurs plantes ensemble cr\u00e9e un effet de floraison puissant, convenant \u00e0 une utilisation dans les bordures, comme haie individuelle ou comme solitaire dans des groupes plus petits.<\/p>\n<p data-start=\"964\" data-end=\"1071\">Contenu de ce set<br data-start=\"983\" data-end=\"986\" \/>- 4 x Philadelphus \u2018Schneesturm\u2019 - jasmin paysan<br data-start=\"1034\" data-end=\"1037\" \/>- Nombre total de plantes : 4 pi\u00e8ces<\/p>\n<p data-start=\"1073\" data-end=\"1123\"><strong>A propos de Philadelphus \u2018Schneesturm\u2019 (jasmin paysan)<\/strong><\/p>\n<p data-start=\"1125\" data-end=\"1363\">La floraison a lieu \u00e0 la fin du printemps ou au d\u00e9but de l'\u00e9t\u00e9. Les fleurs doubles sont d'un blanc pur et d\u00e9gagent un parfum reconnaissable. Apr\u00e8s la floraison, l'arbuste forme des feuilles vertes fra\u00eeches qui restent d\u00e9coratives jusqu'\u00e0 l'automne, apr\u00e8s quoi elles tombent.<\/p>\n<p data-start=\"1365\" data-end=\"1631\">La croissance est vigoureuse mais bien contr\u00f4l\u00e9e par la taille. La taille imm\u00e9diatement apr\u00e8s la floraison permet d'obtenir une forme compacte et favorise la formation de nouvelles pousses pour la saison suivante. Le Philadelphus pousse de pr\u00e9f\u00e9rence dans un endroit ensoleill\u00e9 \u00e0 semi-ombrag\u00e9, dans un sol bien drain\u00e9.<\/p>\n<p data-start=\"1633\" data-end=\"1648\">Sp\u00e9cifications<\/p>\n<p data-start=\"1650\" data-end=\"2081\">- Taille du pot : 9 cm<br data-start=\"1665\" data-end=\"1668\" \/>- Hauteur indicative \u00e0 la livraison : environ 25 cm<br data-start=\"1709\" data-end=\"1712\" \/>- Nombre de plantes : 4<br data-start=\"1731\" data-end=\"1734\" \/>- Taille de l'adulte : environ 2 \u00e0 3 m\u00e8tres<br data-start=\"1771\" data-end=\"1774\" \/>- Port de la plante : arbustif, dress\u00e9<br data-start=\"1809\" data-end=\"1812\" \/>- Emplacement : soleil \u00e0 mi-ombre<br data-start=\"1846\" data-end=\"1849\" \/>- Type de sol : perm\u00e9able, normal<br data-start=\"1887\" data-end=\"1890\" \/>- P\u00e9riode de floraison : fin du printemps - d\u00e9but de l'\u00e9t\u00e9<br data-start=\"1928\" data-end=\"1931\" \/>- Couleur de la fleur : blanche, double<br data-start=\"1956\" data-end=\"1959\" \/>- Parfum : oui<br data-start=\"1969\" data-end=\"1972\" \/>- Aspect hivernal : feuillage caduc<br data-start=\"2001\" data-end=\"2004\" \/>- Rusticit\u00e9 : tr\u00e8s rustique<br data-start=\"2037\" data-end=\"2040\" \/>- Convient \u00e0 : bordure, haie, solitaire<\/p>\n<p data-start=\"2083\" data-end=\"2343\">Avec ce lot de 4 Philadelphus \u2018Schneesturm\u2019, vous obtenez un arbuste fiable et \u00e0 forte floraison qui offre un parfum et des fleurs blanches au printemps. Sa bonne r\u00e9sistance \u00e0 l'hiver et sa facilit\u00e9 d'entretien font du jasmin paysan un \u00e9l\u00e9ment incontournable de nombreux jardins.<\/p>\n<p data-start=\"435\" data-end=\"735\">Curieux de conna\u00eetre nos autres arbustes ornementaux ? Jetez un coup d'\u0153il ici : <a href=\"https:\/\/www.schramas.com\/fr\/categorie-de-produit\/plantation-darbustes\/arbustes\/arbustes-ornementaux\/\"><strong>Arbustes ornementaux<\/strong><\/a><\/p>","protected":false},"excerpt":{"rendered":"<p>- Lot de 4 Philadelphus \u2018Schneesturm\u2019<br data-start=\"86\" data-end=\"89\" \/>- Nom n\u00e9erlandais : boerenjasmijn<br data-start=\"122\" data-end=\"125\" \/>- Sp\u00e9cialement pour ses fleurs blanches tr\u00e8s doubles et parfum\u00e9es.<br data-start=\"178\" data-end=\"181\" \/>- Taille adulte environ 200-300 cm<br data-start=\"214\" data-end=\"217\" \/>- Emplacement : soleil \u00e0 mi-ombre<br data-start=\"251\" data-end=\"254\" \/>- Rusticit\u00e9 : Tr\u00e8s rustique<\/p>","protected":false},"featured_media":67196,"template":"","meta":{"_joinchat":[]},"product_brand":[],"product_cat":[302,262,300,867,1012,3193,229,305],"product_tag":[4876,4871,4872,4874,4880,4870,4875,4878,4879,4877,4503,4873],"class_list":{"0":"post-67193","1":"product","2":"type-product","3":"status-publish","4":"has-post-thumbnail","6":"product_cat-bladverliezende-heesters","7":"product_cat-bomen-struiken","8":"product_cat-heesters","9":"product_cat-pakket-deals","10":"product_cat-overige-deals","11":"product_cat-sierbomen","12":"product_cat-sierheesters","13":"product_cat-planten-heesters","14":"product_tag-bloeiende-haagplant","15":"product_tag-boerenjasmijn","16":"product_tag-boerenjasmijn-kopen","17":"product_tag-geurende-heester","18":"product_tag-onderhoudsarme-plant","19":"product_tag-philadelphus-schneesturm","20":"product_tag-philadelphus-set","21":"product_tag-philadelphus-tuin","22":"product_tag-rijkbloeiende-tuinplant","23":"product_tag-struik-witte-bloemen","24":"product_tag-winterharde-heester","25":"product_tag-wit-bloeiende-struik","26":"pa_bloeimaanden-juni","27":"pa_bloeimaanden-juli","28":"pa_ewd_uwcf_colors-groen-2","29":"pa_ewd_uwcf_colors-wit","30":"pa_groeihoogte-300-cm","31":"pa_pot-9-cm-pot","33":"first","34":"instock","35":"taxable","36":"shipping-taxable","37":"purchasable","38":"product-type-simple"},"yoast_head":"<!-- This site is optimized with the Yoast SEO plugin v24.2 - https:\/\/yoast.com\/wordpress\/plugins\/seo\/ -->\n<title>Set van 4 Boerenjasmijn - Philadelphus &#039;Schneesturm&#039; - Witte bloem - 9cm pot kopen | Planten eenvoudig online bestellen | Schramas.com<\/title>\n<meta name=\"robots\" content=\"index, follow, max-snippet:-1, max-image-preview:large, max-video-preview:-1\" \/>\n<link rel=\"canonical\" href=\"https:\/\/www.schramas.com\/fr\/boutique\/set-van-4-boerenjasmijn-philadelphus-schneesturm-witte-bloem-9cm-pot\/\" \/>\n<meta property=\"og:locale\" content=\"fr_FR\" \/>\n<meta property=\"og:type\" content=\"article\" \/>\n<meta property=\"og:title\" content=\"Set van 4 Boerenjasmijn - Philadelphus &#039;Schneesturm&#039; - Witte bloem - 9cm pot kopen | Planten eenvoudig online bestellen | Schramas.com\" \/>\n<meta property=\"og:description\" content=\"\u2022 Set van 4 Philadelphus \u2018Schneesturm\u2019\u2022 Nederlandse naam: boerenjasmijn\u2022 Bijzonder door rijk gevulde, geurende witte bloemen\u2022 Volwassen hoogte ca. 200\u2013300 cm\u2022 Standplaats: zon tot halfschaduw\u2022 Winterhardheid: Zeer winterhard\" \/>\n<meta property=\"og:url\" content=\"https:\/\/www.schramas.com\/fr\/boutique\/set-van-4-boerenjasmijn-philadelphus-schneesturm-witte-bloem-9cm-pot\/\" \/>\n<meta property=\"og:site_name\" content=\"Planten eenvoudig online bestellen | Schramas.com\" \/>\n<meta property=\"article:publisher\" content=\"https:\/\/www.facebook.com\/Schramascom-106872874153195\/\" \/>\n<meta property=\"article:modified_time\" content=\"2026-04-24T11:21:18+00:00\" \/>\n<meta property=\"og:image\" content=\"http:\/\/www.schramas.com\/wp-content\/uploads\/2026\/02\/Untitled-4.webp\" \/>\n\t<meta property=\"og:image:width\" content=\"800\" \/>\n\t<meta property=\"og:image:height\" content=\"800\" \/>\n\t<meta property=\"og:image:type\" content=\"image\/webp\" \/>\n<meta name=\"twitter:card\" content=\"summary_large_image\" \/>\n<meta name=\"twitter:label1\" content=\"Dur\u00e9e de lecture estim\u00e9e\" \/>\n\t<meta name=\"twitter:data1\" content=\"1 minute\" \/>\n<script type=\"application\/ld+json\" class=\"yoast-schema-graph\">{\"@context\":\"https:\/\/schema.org\",\"@graph\":[{\"@type\":[\"WebPage\",\"ItemPage\"],\"@id\":\"https:\/\/www.schramas.com\/winkel\/set-van-4-boerenjasmijn-philadelphus-schneesturm-witte-bloem-9cm-pot\/\",\"url\":\"https:\/\/www.schramas.com\/winkel\/set-van-4-boerenjasmijn-philadelphus-schneesturm-witte-bloem-9cm-pot\/\",\"name\":\"Set van 4 Boerenjasmijn - Philadelphus 'Schneesturm' - Witte bloem - 9cm pot kopen | Planten eenvoudig online bestellen | Schramas.com\",\"isPartOf\":{\"@id\":\"https:\/\/www.schramas.com\/#website\"},\"primaryImageOfPage\":{\"@id\":\"https:\/\/www.schramas.com\/winkel\/set-van-4-boerenjasmijn-philadelphus-schneesturm-witte-bloem-9cm-pot\/#primaryimage\"},\"image\":{\"@id\":\"https:\/\/www.schramas.com\/winkel\/set-van-4-boerenjasmijn-philadelphus-schneesturm-witte-bloem-9cm-pot\/#primaryimage\"},\"thumbnailUrl\":\"https:\/\/www.schramas.com\/wp-content\/uploads\/2026\/02\/Untitled-4.webp\",\"datePublished\":\"2026-02-26T10:16:03+00:00\",\"dateModified\":\"2026-04-24T11:21:18+00:00\",\"breadcrumb\":{\"@id\":\"https:\/\/www.schramas.com\/winkel\/set-van-4-boerenjasmijn-philadelphus-schneesturm-witte-bloem-9cm-pot\/#breadcrumb\"},\"inLanguage\":\"fr-FR\",\"potentialAction\":[{\"@type\":\"ReadAction\",\"target\":[\"https:\/\/www.schramas.com\/winkel\/set-van-4-boerenjasmijn-philadelphus-schneesturm-witte-bloem-9cm-pot\/\"]}]},{\"@type\":\"ImageObject\",\"inLanguage\":\"fr-FR\",\"@id\":\"https:\/\/www.schramas.com\/winkel\/set-van-4-boerenjasmijn-philadelphus-schneesturm-witte-bloem-9cm-pot\/#primaryimage\",\"url\":\"https:\/\/www.schramas.com\/wp-content\/uploads\/2026\/02\/Untitled-4.webp\",\"contentUrl\":\"https:\/\/www.schramas.com\/wp-content\/uploads\/2026\/02\/Untitled-4.webp\",\"width\":800,\"height\":800},{\"@type\":\"BreadcrumbList\",\"@id\":\"https:\/\/www.schramas.com\/winkel\/set-van-4-boerenjasmijn-philadelphus-schneesturm-witte-bloem-9cm-pot\/#breadcrumb\",\"itemListElement\":[{\"@type\":\"ListItem\",\"position\":1,\"name\":\"Product\",\"item\":\"https:\/\/www.schramas.com\/assortiment\/\"},{\"@type\":\"ListItem\",\"position\":2,\"name\":\"Pakketdeals\",\"item\":\"https:\/\/www.schramas.com\/product-category\/pakket-deals\/\"},{\"@type\":\"ListItem\",\"position\":3,\"name\":\"Set van 4 Boerenjasmijn &#8211; Philadelphus &#8216;Schneesturm&#8217; &#8211; Witte bloem &#8211; 9cm pot\"}]},{\"@type\":\"WebSite\",\"@id\":\"https:\/\/www.schramas.com\/#website\",\"url\":\"https:\/\/www.schramas.com\/\",\"name\":\"Schramas.com | Tuinplanten eenvoudig online bestellen | Direct van onze Kwekerij\",\"description\":\"\",\"alternateName\":\"Schramas.com - Alle planten direct van de kweker\",\"potentialAction\":[{\"@type\":\"SearchAction\",\"target\":{\"@type\":\"EntryPoint\",\"urlTemplate\":\"https:\/\/www.schramas.com\/?s={search_term_string}\"},\"query-input\":{\"@type\":\"PropertyValueSpecification\",\"valueRequired\":true,\"valueName\":\"search_term_string\"}}],\"inLanguage\":\"fr-FR\"}]}<\/script>\n<!-- \/ Yoast SEO plugin. -->","yoast_head_json":{"title":"Set van 4 Boerenjasmijn - Philadelphus 'Schneesturm' - Witte bloem - 9cm pot kopen | Planten eenvoudig online bestellen | Schramas.com","robots":{"index":"index","follow":"follow","max-snippet":"max-snippet:-1","max-image-preview":"max-image-preview:large","max-video-preview":"max-video-preview:-1"},"canonical":"https:\/\/www.schramas.com\/fr\/boutique\/set-van-4-boerenjasmijn-philadelphus-schneesturm-witte-bloem-9cm-pot\/","og_locale":"fr_FR","og_type":"article","og_title":"Set van 4 Boerenjasmijn - Philadelphus 'Schneesturm' - Witte bloem - 9cm pot kopen | Planten eenvoudig online bestellen | Schramas.com","og_description":"\u2022 Set van 4 Philadelphus \u2018Schneesturm\u2019\u2022 Nederlandse naam: boerenjasmijn\u2022 Bijzonder door rijk gevulde, geurende witte bloemen\u2022 Volwassen hoogte ca. 200\u2013300 cm\u2022 Standplaats: zon tot halfschaduw\u2022 Winterhardheid: Zeer winterhard","og_url":"https:\/\/www.schramas.com\/fr\/boutique\/set-van-4-boerenjasmijn-philadelphus-schneesturm-witte-bloem-9cm-pot\/","og_site_name":"Planten eenvoudig online bestellen | Schramas.com","article_publisher":"https:\/\/www.facebook.com\/Schramascom-106872874153195\/","article_modified_time":"2026-04-24T11:21:18+00:00","og_image":[{"width":800,"height":800,"url":"http:\/\/www.schramas.com\/wp-content\/uploads\/2026\/02\/Untitled-4.webp","type":"image\/webp"}],"twitter_card":"summary_large_image","twitter_misc":{"Dur\u00e9e de lecture estim\u00e9e":"1 minute"},"schema":{"@context":"https:\/\/schema.org","@graph":[{"@type":["WebPage","ItemPage"],"@id":"https:\/\/www.schramas.com\/winkel\/set-van-4-boerenjasmijn-philadelphus-schneesturm-witte-bloem-9cm-pot\/","url":"https:\/\/www.schramas.com\/winkel\/set-van-4-boerenjasmijn-philadelphus-schneesturm-witte-bloem-9cm-pot\/","name":"Set van 4 Boerenjasmijn - Philadelphus 'Schneesturm' - Witte bloem - 9cm pot kopen | Planten eenvoudig online bestellen | Schramas.com","isPartOf":{"@id":"https:\/\/www.schramas.com\/#website"},"primaryImageOfPage":{"@id":"https:\/\/www.schramas.com\/winkel\/set-van-4-boerenjasmijn-philadelphus-schneesturm-witte-bloem-9cm-pot\/#primaryimage"},"image":{"@id":"https:\/\/www.schramas.com\/winkel\/set-van-4-boerenjasmijn-philadelphus-schneesturm-witte-bloem-9cm-pot\/#primaryimage"},"thumbnailUrl":"https:\/\/www.schramas.com\/wp-content\/uploads\/2026\/02\/Untitled-4.webp","datePublished":"2026-02-26T10:16:03+00:00","dateModified":"2026-04-24T11:21:18+00:00","breadcrumb":{"@id":"https:\/\/www.schramas.com\/winkel\/set-van-4-boerenjasmijn-philadelphus-schneesturm-witte-bloem-9cm-pot\/#breadcrumb"},"inLanguage":"fr-FR","potentialAction":[{"@type":"ReadAction","target":["https:\/\/www.schramas.com\/winkel\/set-van-4-boerenjasmijn-philadelphus-schneesturm-witte-bloem-9cm-pot\/"]}]},{"@type":"ImageObject","inLanguage":"fr-FR","@id":"https:\/\/www.schramas.com\/winkel\/set-van-4-boerenjasmijn-philadelphus-schneesturm-witte-bloem-9cm-pot\/#primaryimage","url":"https:\/\/www.schramas.com\/wp-content\/uploads\/2026\/02\/Untitled-4.webp","contentUrl":"https:\/\/www.schramas.com\/wp-content\/uploads\/2026\/02\/Untitled-4.webp","width":800,"height":800},{"@type":"BreadcrumbList","@id":"https:\/\/www.schramas.com\/winkel\/set-van-4-boerenjasmijn-philadelphus-schneesturm-witte-bloem-9cm-pot\/#breadcrumb","itemListElement":[{"@type":"ListItem","position":1,"name":"Product","item":"https:\/\/www.schramas.com\/assortiment\/"},{"@type":"ListItem","position":2,"name":"Pakketdeals","item":"https:\/\/www.schramas.com\/product-category\/pakket-deals\/"},{"@type":"ListItem","position":3,"name":"Set van 4 Boerenjasmijn &#8211; Philadelphus &#8216;Schneesturm&#8217; &#8211; Witte bloem &#8211; 9cm pot"}]},{"@type":"WebSite","@id":"https:\/\/www.schramas.com\/#website","url":"https:\/\/www.schramas.com\/","name":"Schramas.com | Plantes de jardin faciles \u00e0 commander en ligne | En direct de notre p\u00e9pini\u00e8re","description":"","alternateName":"Schramas.com - Alle planten direct van de kweker","potentialAction":[{"@type":"SearchAction","target":{"@type":"EntryPoint","urlTemplate":"https:\/\/www.schramas.com\/?s={search_term_string}"},"query-input":{"@type":"PropertyValueSpecification","valueRequired":true,"valueName":"search_term_string"}}],"inLanguage":"fr-FR"}]}},"_links":{"self":[{"href":"https:\/\/www.schramas.com\/fr\/wp-json\/wp\/v2\/product\/67193","targetHints":{"allow":["GET"]}}],"collection":[{"href":"https:\/\/www.schramas.com\/fr\/wp-json\/wp\/v2\/product"}],"about":[{"href":"https:\/\/www.schramas.com\/fr\/wp-json\/wp\/v2\/types\/product"}],"version-history":[{"count":1,"href":"https:\/\/www.schramas.com\/fr\/wp-json\/wp\/v2\/product\/67193\/revisions"}],"predecessor-version":[{"id":67197,"href":"https:\/\/www.schramas.com\/fr\/wp-json\/wp\/v2\/product\/67193\/revisions\/67197"}],"wp:featuredmedia":[{"embeddable":true,"href":"https:\/\/www.schramas.com\/fr\/wp-json\/wp\/v2\/media\/67196"}],"wp:attachment":[{"href":"https:\/\/www.schramas.com\/fr\/wp-json\/wp\/v2\/media?parent=67193"}],"wp:term":[{"taxonomy":"product_brand","embeddable":true,"href":"https:\/\/www.schramas.com\/fr\/wp-json\/wp\/v2\/product_brand?post=67193"},{"taxonomy":"product_cat","embeddable":true,"href":"https:\/\/www.schramas.com\/fr\/wp-json\/wp\/v2\/product_cat?post=67193"},{"taxonomy":"product_tag","embeddable":true,"href":"https:\/\/www.schramas.com\/fr\/wp-json\/wp\/v2\/product_tag?post=67193"}],"curies":[{"name":"wp","href":"https:\/\/api.w.org\/{rel}","templated":true}]}}