{"id":6808,"date":"2019-10-31T15:02:52","date_gmt":"2019-10-31T14:02:52","guid":{"rendered":"https:\/\/www.schramas.com\/?post_type=product&#038;p=6808"},"modified":"2026-03-26T16:33:33","modified_gmt":"2026-03-26T15:33:33","slug":"ribes-uva-crispa-hinnonmaki-rod-pot-de-3-litres","status":"publish","type":"product","link":"https:\/\/www.schramas.com\/fr\/boutique\/ribes-uva-crispa-hinnonmaki-rod-pot-de-3-litres\/","title":{"rendered":"Ribes uva-crispa 'Hinnonmaki Gr?n' (pot de 3 litres), groseille \u00e0 maquereau, sarriette, cultiv\u00e9e en pot."},"content":{"rendered":"<p>Cet ami \u00e9pineux produit de d\u00e9licieuses groseilles \u00e0 maquereau rouges et sucr\u00e9es. La groseille aime les emplacements ensoleill\u00e9s. Si vous coupez le bois vieux et mort \u00e0 l\u2019automne, vous pourrez profiter de ce d\u00e9lice sain ann\u00e9e apr\u00e8s ann\u00e9e ! Cette groseille \u00e0 maquereau est livr\u00e9e dans un grand pot de 3 litres avec une hauteur de plante d&#039;environ 40 cm. Une offre de schramas.com.<\/p>","protected":false},"excerpt":{"rendered":"<p>Ribes uva-crispa &#039;Hinnonmaki Gr\u00fcn&#039;<\/p>\n<p>Groseille rouge ou groseille verte<\/p>\n<p>Go\u00fbt : doux<\/p>\n<p>Couleur du fruit : vert<\/p>\n<p>hauteur maximale : 70 - 90 cm<\/p>\n<p>Hauteur de livraison avec pot : +\/_60 cm<\/p>\n<p>Taille du pot : 3 litres.<\/p>\n<p>convient aussi bien pour les terrasses que pour les espaces verts, mais attention aux \u00e9pines !<\/p>\n<p>Autopollinisation<\/p>","protected":false},"featured_media":12661,"template":"","meta":{"_joinchat":[]},"product_brand":[],"product_cat":[16,262,480,234,43],"product_tag":[603,602,604,601,600,598,587,351],"class_list":{"0":"post-6808","1":"product","2":"type-product","3":"status-publish","4":"has-post-thumbnail","6":"product_cat-diversen","7":"product_cat-bomen-struiken","8":"product_cat-diversen-struiken","9":"product_cat-fruitstruiken","10":"product_cat-kruisbessen","11":"product_tag-bessen","12":"product_tag-heester","13":"product_tag-hinnonmaki-rod","14":"product_tag-klapbes","15":"product_tag-kruisbes","16":"product_tag-ribes","17":"product_tag-rood","18":"product_tag-winterhard","19":"pa_bloeimaanden-april","20":"pa_bloeimaanden-mei","21":"pa_ewd_uwcf_colors-rood-2","22":"pa_groeihoogte-60-150-cm","23":"pa_pot-met-pot","25":"first","26":"outofstock","27":"taxable","28":"shipping-taxable","29":"purchasable","30":"product-type-simple"},"yoast_head":"<!-- This site is optimized with the Yoast SEO plugin v24.2 - https:\/\/yoast.com\/wordpress\/plugins\/seo\/ -->\n<title>Ribes uva-crispa &#039;Hinnonmaki Gr?n&#039; (3 liter pot), kruisbes, klapbes, pot gekweekt. kopen | Planten eenvoudig online bestellen | Schramas.com<\/title>\n<meta name=\"robots\" content=\"index, follow, max-snippet:-1, max-image-preview:large, max-video-preview:-1\" \/>\n<link rel=\"canonical\" href=\"https:\/\/www.schramas.com\/fr\/boutique\/ribes-uva-crispa-hinnonmaki-rod-pot-de-3-litres\/\" \/>\n<meta property=\"og:locale\" content=\"fr_FR\" \/>\n<meta property=\"og:type\" content=\"article\" \/>\n<meta property=\"og:title\" content=\"Ribes uva-crispa &#039;Hinnonmaki Gr?n&#039; (3 liter pot), kruisbes, klapbes, pot gekweekt. kopen | Planten eenvoudig online bestellen | Schramas.com\" \/>\n<meta property=\"og:description\" content=\"Ribes uva-crispa &#039;Hinnonmaki Gr\u00fcn&#039;  Kruisbes rood of klapbes groen  Smaak: zoet  Kleur vrucht: groen  hoogte max: 70 - 90 cm  Leverhoogte incl. pot: +\/_60 cm  Pot maat: 3 liter.  geschikt voor zowel patio als volle grond maar let op voor de stekels !  Zelf bestuivend\" \/>\n<meta property=\"og:url\" content=\"https:\/\/www.schramas.com\/fr\/boutique\/ribes-uva-crispa-hinnonmaki-rod-pot-de-3-litres\/\" \/>\n<meta property=\"og:site_name\" content=\"Planten eenvoudig online bestellen | Schramas.com\" \/>\n<meta property=\"article:publisher\" content=\"https:\/\/www.facebook.com\/Schramascom-106872874153195\/\" \/>\n<meta property=\"article:modified_time\" content=\"2026-03-26T15:33:33+00:00\" \/>\n<meta property=\"og:image\" content=\"https:\/\/www.schramas.com\/wp-content\/uploads\/2020\/10\/Ribes-uva-crispa-Hinnonmaki-Gul-Schramas-met-cirkel-v2.png\" \/>\n\t<meta property=\"og:image:width\" content=\"500\" \/>\n\t<meta property=\"og:image:height\" content=\"500\" \/>\n\t<meta property=\"og:image:type\" content=\"image\/png\" \/>\n<meta name=\"twitter:card\" content=\"summary_large_image\" \/>\n<script type=\"application\/ld+json\" class=\"yoast-schema-graph\">{\"@context\":\"https:\/\/schema.org\",\"@graph\":[{\"@type\":[\"WebPage\",\"ItemPage\"],\"@id\":\"https:\/\/www.schramas.com\/winkel\/ribes-uva-crispa-hinnonmaki-rod-3-liter-pot\/\",\"url\":\"https:\/\/www.schramas.com\/winkel\/ribes-uva-crispa-hinnonmaki-rod-3-liter-pot\/\",\"name\":\"Ribes uva-crispa 'Hinnonmaki Gr?n' (3 liter pot), kruisbes, klapbes, pot gekweekt. kopen | Planten eenvoudig online bestellen | Schramas.com\",\"isPartOf\":{\"@id\":\"https:\/\/www.schramas.com\/#website\"},\"primaryImageOfPage\":{\"@id\":\"https:\/\/www.schramas.com\/winkel\/ribes-uva-crispa-hinnonmaki-rod-3-liter-pot\/#primaryimage\"},\"image\":{\"@id\":\"https:\/\/www.schramas.com\/winkel\/ribes-uva-crispa-hinnonmaki-rod-3-liter-pot\/#primaryimage\"},\"thumbnailUrl\":\"https:\/\/www.schramas.com\/wp-content\/uploads\/2020\/10\/Ribes-uva-crispa-Hinnonmaki-Gul-Schramas-met-cirkel-v2.png\",\"datePublished\":\"2019-10-31T14:02:52+00:00\",\"dateModified\":\"2026-03-26T15:33:33+00:00\",\"breadcrumb\":{\"@id\":\"https:\/\/www.schramas.com\/winkel\/ribes-uva-crispa-hinnonmaki-rod-3-liter-pot\/#breadcrumb\"},\"inLanguage\":\"fr-FR\",\"potentialAction\":[{\"@type\":\"ReadAction\",\"target\":[\"https:\/\/www.schramas.com\/winkel\/ribes-uva-crispa-hinnonmaki-rod-3-liter-pot\/\"]}]},{\"@type\":\"ImageObject\",\"inLanguage\":\"fr-FR\",\"@id\":\"https:\/\/www.schramas.com\/winkel\/ribes-uva-crispa-hinnonmaki-rod-3-liter-pot\/#primaryimage\",\"url\":\"https:\/\/www.schramas.com\/wp-content\/uploads\/2020\/10\/Ribes-uva-crispa-Hinnonmaki-Gul-Schramas-met-cirkel-v2.png\",\"contentUrl\":\"https:\/\/www.schramas.com\/wp-content\/uploads\/2020\/10\/Ribes-uva-crispa-Hinnonmaki-Gul-Schramas-met-cirkel-v2.png\",\"width\":500,\"height\":500},{\"@type\":\"BreadcrumbList\",\"@id\":\"https:\/\/www.schramas.com\/winkel\/ribes-uva-crispa-hinnonmaki-rod-3-liter-pot\/#breadcrumb\",\"itemListElement\":[{\"@type\":\"ListItem\",\"position\":1,\"name\":\"Product\",\"item\":\"https:\/\/www.schramas.com\/assortiment\/\"},{\"@type\":\"ListItem\",\"position\":2,\"name\":\"Bomen &amp; Struiken\",\"item\":\"https:\/\/www.schramas.com\/product-category\/bomen-struiken\/\"},{\"@type\":\"ListItem\",\"position\":3,\"name\":\"Fruitstruiken\",\"item\":\"https:\/\/www.schramas.com\/de\/produktkategorie\/baume-und-straucher\/obststraucher\/\"},{\"@type\":\"ListItem\",\"position\":4,\"name\":\"Kruisbessen\",\"item\":\"https:\/\/www.schramas.com\/de\/produktkategorie\/baume-und-straucher\/obststraucher\/stachelbeeren\/\"},{\"@type\":\"ListItem\",\"position\":5,\"name\":\"Ribes uva-crispa &#8216;Hinnonmaki Gr?n&#8217; (3 liter pot), kruisbes, klapbes, pot gekweekt.\"}]},{\"@type\":\"WebSite\",\"@id\":\"https:\/\/www.schramas.com\/#website\",\"url\":\"https:\/\/www.schramas.com\/\",\"name\":\"Schramas.com | Tuinplanten eenvoudig online bestellen | Direct van onze Kwekerij\",\"description\":\"\",\"alternateName\":\"Schramas.com - Alle planten direct van de kweker\",\"potentialAction\":[{\"@type\":\"SearchAction\",\"target\":{\"@type\":\"EntryPoint\",\"urlTemplate\":\"https:\/\/www.schramas.com\/?s={search_term_string}\"},\"query-input\":{\"@type\":\"PropertyValueSpecification\",\"valueRequired\":true,\"valueName\":\"search_term_string\"}}],\"inLanguage\":\"fr-FR\"}]}<\/script>\n<!-- \/ Yoast SEO plugin. -->","yoast_head_json":{"title":"Ribes uva-crispa &#039;Hinnonmaki Gr?n&#039; (pot de 3 litres), groseille \u00e0 maquereau, myrtille, cultiv\u00e9e en pot. acheter | Commandez facilement des plantes en ligne | Schramas.com","robots":{"index":"index","follow":"follow","max-snippet":"max-snippet:-1","max-image-preview":"max-image-preview:large","max-video-preview":"max-video-preview:-1"},"canonical":"https:\/\/www.schramas.com\/fr\/boutique\/ribes-uva-crispa-hinnonmaki-rod-pot-de-3-litres\/","og_locale":"fr_FR","og_type":"article","og_title":"Ribes uva-crispa 'Hinnonmaki Gr?n' (3 liter pot), kruisbes, klapbes, pot gekweekt. kopen | Planten eenvoudig online bestellen | Schramas.com","og_description":"Ribes uva-crispa 'Hinnonmaki Gr\u00fcn'  Kruisbes rood of klapbes groen  Smaak: zoet  Kleur vrucht: groen  hoogte max: 70 - 90 cm  Leverhoogte incl. pot: +\/_60 cm  Pot maat: 3 liter.  geschikt voor zowel patio als volle grond maar let op voor de stekels !  Zelf bestuivend","og_url":"https:\/\/www.schramas.com\/fr\/boutique\/ribes-uva-crispa-hinnonmaki-rod-pot-de-3-litres\/","og_site_name":"Planten eenvoudig online bestellen | Schramas.com","article_publisher":"https:\/\/www.facebook.com\/Schramascom-106872874153195\/","article_modified_time":"2026-03-26T15:33:33+00:00","og_image":[{"width":500,"height":500,"url":"https:\/\/www.schramas.com\/wp-content\/uploads\/2020\/10\/Ribes-uva-crispa-Hinnonmaki-Gul-Schramas-met-cirkel-v2.png","type":"image\/png"}],"twitter_card":"summary_large_image","schema":{"@context":"https:\/\/schema.org","@graph":[{"@type":["WebPage","ItemPage"],"@id":"https:\/\/www.schramas.com\/winkel\/ribes-uva-crispa-hinnonmaki-rod-3-liter-pot\/","url":"https:\/\/www.schramas.com\/winkel\/ribes-uva-crispa-hinnonmaki-rod-3-liter-pot\/","name":"Ribes uva-crispa &#039;Hinnonmaki Gr?n&#039; (pot de 3 litres), groseille \u00e0 maquereau, myrtille, cultiv\u00e9e en pot. acheter | Commandez facilement des plantes en ligne | Schramas.com","isPartOf":{"@id":"https:\/\/www.schramas.com\/#website"},"primaryImageOfPage":{"@id":"https:\/\/www.schramas.com\/winkel\/ribes-uva-crispa-hinnonmaki-rod-3-liter-pot\/#primaryimage"},"image":{"@id":"https:\/\/www.schramas.com\/winkel\/ribes-uva-crispa-hinnonmaki-rod-3-liter-pot\/#primaryimage"},"thumbnailUrl":"https:\/\/www.schramas.com\/wp-content\/uploads\/2020\/10\/Ribes-uva-crispa-Hinnonmaki-Gul-Schramas-met-cirkel-v2.png","datePublished":"2019-10-31T14:02:52+00:00","dateModified":"2026-03-26T15:33:33+00:00","breadcrumb":{"@id":"https:\/\/www.schramas.com\/winkel\/ribes-uva-crispa-hinnonmaki-rod-3-liter-pot\/#breadcrumb"},"inLanguage":"fr-FR","potentialAction":[{"@type":"ReadAction","target":["https:\/\/www.schramas.com\/winkel\/ribes-uva-crispa-hinnonmaki-rod-3-liter-pot\/"]}]},{"@type":"ImageObject","inLanguage":"fr-FR","@id":"https:\/\/www.schramas.com\/winkel\/ribes-uva-crispa-hinnonmaki-rod-3-liter-pot\/#primaryimage","url":"https:\/\/www.schramas.com\/wp-content\/uploads\/2020\/10\/Ribes-uva-crispa-Hinnonmaki-Gul-Schramas-met-cirkel-v2.png","contentUrl":"https:\/\/www.schramas.com\/wp-content\/uploads\/2020\/10\/Ribes-uva-crispa-Hinnonmaki-Gul-Schramas-met-cirkel-v2.png","width":500,"height":500},{"@type":"BreadcrumbList","@id":"https:\/\/www.schramas.com\/winkel\/ribes-uva-crispa-hinnonmaki-rod-3-liter-pot\/#breadcrumb","itemListElement":[{"@type":"ListItem","position":1,"name":"Product","item":"https:\/\/www.schramas.com\/assortiment\/"},{"@type":"ListItem","position":2,"name":"Bomen &amp; Struiken","item":"https:\/\/www.schramas.com\/product-category\/bomen-struiken\/"},{"@type":"ListItem","position":3,"name":"Fruitstruiken","item":"https:\/\/www.schramas.com\/de\/produktkategorie\/baume-und-straucher\/obststraucher\/"},{"@type":"ListItem","position":4,"name":"Kruisbessen","item":"https:\/\/www.schramas.com\/de\/produktkategorie\/baume-und-straucher\/obststraucher\/stachelbeeren\/"},{"@type":"ListItem","position":5,"name":"Ribes uva-crispa &#8216;Hinnonmaki Gr?n&#8217; (3 liter pot), kruisbes, klapbes, pot gekweekt."}]},{"@type":"WebSite","@id":"https:\/\/www.schramas.com\/#website","url":"https:\/\/www.schramas.com\/","name":"Schramas.com | Plantes de jardin faciles \u00e0 commander en ligne | En direct de notre p\u00e9pini\u00e8re","description":"","alternateName":"Schramas.com - Alle planten direct van de kweker","potentialAction":[{"@type":"SearchAction","target":{"@type":"EntryPoint","urlTemplate":"https:\/\/www.schramas.com\/?s={search_term_string}"},"query-input":{"@type":"PropertyValueSpecification","valueRequired":true,"valueName":"search_term_string"}}],"inLanguage":"fr-FR"}]}},"_links":{"self":[{"href":"https:\/\/www.schramas.com\/fr\/wp-json\/wp\/v2\/product\/6808","targetHints":{"allow":["GET"]}}],"collection":[{"href":"https:\/\/www.schramas.com\/fr\/wp-json\/wp\/v2\/product"}],"about":[{"href":"https:\/\/www.schramas.com\/fr\/wp-json\/wp\/v2\/types\/product"}],"version-history":[{"count":0,"href":"https:\/\/www.schramas.com\/fr\/wp-json\/wp\/v2\/product\/6808\/revisions"}],"wp:featuredmedia":[{"embeddable":true,"href":"https:\/\/www.schramas.com\/fr\/wp-json\/wp\/v2\/media\/12661"}],"wp:attachment":[{"href":"https:\/\/www.schramas.com\/fr\/wp-json\/wp\/v2\/media?parent=6808"}],"wp:term":[{"taxonomy":"product_brand","embeddable":true,"href":"https:\/\/www.schramas.com\/fr\/wp-json\/wp\/v2\/product_brand?post=6808"},{"taxonomy":"product_cat","embeddable":true,"href":"https:\/\/www.schramas.com\/fr\/wp-json\/wp\/v2\/product_cat?post=6808"},{"taxonomy":"product_tag","embeddable":true,"href":"https:\/\/www.schramas.com\/fr\/wp-json\/wp\/v2\/product_tag?post=6808"}],"curies":[{"name":"wp","href":"https:\/\/api.w.org\/{rel}","templated":true}]}}