{"id":68510,"date":"2026-03-12T10:32:32","date_gmt":"2026-03-12T09:32:32","guid":{"rendered":"https:\/\/www.schramas.com\/?post_type=product&#038;p=68510"},"modified":"2026-04-24T13:21:19","modified_gmt":"2026-04-24T11:21:19","slug":"set-de-3-lilas-syringa-vulgaris-znamya-lenina-purple-red-flower-9cm-pot","status":"publish","type":"product","link":"https:\/\/www.schramas.com\/fr\/boutique\/set-de-3-lilas-syringa-vulgaris-znamya-lenina-purple-red-flower-9cm-pot\/","title":{"rendered":"Lot de 3 Lilas - Syringa vulgaris \u2018Znamya Lenina\u2019 - Fleur rouge pourpre - Pot de 9cm"},"content":{"rendered":"<p data-start=\"328\" data-end=\"776\">Cultiv\u00e9 sp\u00e9cial du lilas commun, Syringa vulgaris \u2018Znamya Lenina\u2019 est connu pour la couleur de ses fleurs, d'un rouge pourpre profond, et pour son parfum puissant. Cet arbuste classique \u00e0 floraison printani\u00e8re forme en mai et juin de riches panicules de fleurs doubles qui r\u00e9pandent un parfum fort et agr\u00e9able dans le jardin. La couleur intense des fleurs offre un contraste frappant avec le feuillage vert frais et fait de ce lilas une v\u00e9ritable attraction dans les bordures et les grands jardins.<\/p>\n<p data-start=\"778\" data-end=\"1077\">Cette vari\u00e9t\u00e9 devient un grand arbuste ou un petit arbre et peut atteindre une hauteur d'environ 7 m\u00e8tres \u00e0 maturit\u00e9. Au bout d'une dizaine d'ann\u00e9es, la plante atteint g\u00e9n\u00e9ralement une hauteur d'environ 3 m\u00e8tres. Avec sa riche floraison et son parfum puissant, le lilas commun est une plante de jardin populaire depuis des g\u00e9n\u00e9rations.<\/p>\n<p data-start=\"1098\" data-end=\"1304\"><strong>Contenu de l'ensemble <\/strong><\/p>\n<p data-start=\"1098\" data-end=\"1304\">- 3x Syringa vulgaris \u2018Znamya Lenina\u2019<br \/>\n- Taille du pot : pot de p\u00e9pini\u00e8re de 9 cm<br \/>\n- Hauteur \u00e0 la livraison : 15-30 cm (indicatif)<\/p>\n<p data-start=\"1306\" data-end=\"1517\">Les plantes sont livr\u00e9es dans un pot de p\u00e9pini\u00e8re de 9 cm. Il s'agit de jeunes plantes qui continuent \u00e0 pousser apr\u00e8s la plantation. La hauteur \u00e0 la livraison est donc indicative et peut varier en fonction de la saison et du stade de croissance.<\/p>\n<p data-start=\"1306\" data-end=\"1517\">\n<p data-start=\"1519\" data-end=\"1532\"><strong>A propos de l'esp\u00e8ce<\/strong><\/p>\n<p data-start=\"1534\" data-end=\"1807\">Syringa vulgaris est un arbuste ornemental robuste et bien connu, originaire du sud-est de l'Europe, qui est utilis\u00e9 dans les jardins et les parcs depuis des si\u00e8cles. La plante a un port l\u00e2che et \u00e9rig\u00e9 et peut devenir un large arbuste de 1 \u00e0 1,5 m\u00e8tre de large.<\/p>\n<p data-start=\"1809\" data-end=\"2129\">Les feuilles sont de forme ovale, de couleur vert frais et mesurent en moyenne 5 \u00e0 10 cm. Au printemps, de grandes panicules florales apparaissent avec des fleurs tr\u00e8s parfum\u00e9es. Dans la vari\u00e9t\u00e9 \u2018Znamya Lenina\u2019, ces fleurs ont une couleur pourpre-rouge frappante. Apr\u00e8s la floraison, des capsules de fruits bruns peuvent appara\u00eetre, qui deviennent visibles en automne.<\/p>\n<p data-start=\"2131\" data-end=\"2275\">Le lilas est caduc et perd ses feuilles en hiver. Au printemps, il repousse vigoureusement avec de nouvelles feuilles et de nouveaux boutons floraux.<\/p>\n<p data-start=\"2131\" data-end=\"2275\">\n<p data-start=\"2277\" data-end=\"2287\"><strong>Soins<\/strong><\/p>\n<p data-start=\"2289\" data-end=\"2554\">Le lilas commun pousse mieux dans un endroit ensoleill\u00e9. Un ensoleillement important assure une floraison plus riche et un meilleur d\u00e9veloppement de la couleur des fleurs. La plante pousse de pr\u00e9f\u00e9rence dans un sol bien drain\u00e9 et calcaire, par exemple un sol argileux suffisamment structur\u00e9.<\/p>\n<p data-start=\"2556\" data-end=\"2788\">Les besoins en eau sont moyens. Au cours de la premi\u00e8re p\u00e9riode suivant la plantation, il est important d'arroser r\u00e9guli\u00e8rement la plante afin que les racines puissent se d\u00e9velopper correctement. Une fois bien \u00e9tablie, la plante n\u00e9cessite relativement peu d'entretien.<\/p>\n<p data-start=\"2556\" data-end=\"2788\">\n<p data-start=\"2790\" data-end=\"2795\"><strong>Pruneau<\/strong><\/p>\n<p data-start=\"2797\" data-end=\"3049\">Syringa vulgaris fleurit sur le bois form\u00e9 l'ann\u00e9e pr\u00e9c\u00e9dente. Il est pr\u00e9f\u00e9rable de le tailler imm\u00e9diatement apr\u00e8s la floraison. On peut alors \u00e9liminer les \u00e9pis de fleurs fan\u00e9s et, si n\u00e9cessaire, tailler l\u00e9g\u00e8rement l'arbuste pour qu'il conserve une forme compacte.<\/p>\n<p data-start=\"3051\" data-end=\"3217\">Les arbustes plus anciens peuvent \u00eatre rajeunis si n\u00e9cessaire en enlevant certaines des branches les plus vieilles jusqu'\u00e0 la base. Cela favorise l'apparition de nouvelles pousses et maintient la vitalit\u00e9 de l'arbuste.<\/p>\n<p data-start=\"3051\" data-end=\"3217\">\n<p data-start=\"3219\" data-end=\"3235\"><strong>Soins hivernaux<\/strong><\/p>\n<p data-start=\"3237\" data-end=\"3480\">Syringa vulgaris \u2018Znamya Lenina\u2019 est tr\u00e8s rustique et supporte sans probl\u00e8me les hivers rigoureux. La plante est caduque et entre en dormance en hiver. Au printemps, l'arbuste repousse avec des feuilles fra\u00eeches et des boutons floraux.<\/p>\n<p data-start=\"3237\" data-end=\"3480\">\n<p data-start=\"3482\" data-end=\"3502\"><strong>Utilisation de la plante<\/strong><\/p>\n<p data-start=\"3504\" data-end=\"3778\">Les lilas sont principalement plant\u00e9s pour leur riche floraison et leur parfum puissant. Les panicules de fleurs conviennent \u00e9galement comme fleurs coup\u00e9es pour les bouquets. Au jardin, cette plante se pla\u00eet en solitaire, dans une bordure d'arbustes ou dans le cadre d'une haie plus large.<\/p>\n<p data-start=\"3780\" data-end=\"4045\">Pour les amateurs d'arbustes ornementaux, cette plante peut \u00eatre combin\u00e9e avec d'autres arbustes \u00e0 floraison printani\u00e8re comme le forsythia, la boule de neige ou d'autres vari\u00e9t\u00e9s de lilas. La combinaison de diff\u00e9rentes vari\u00e9t\u00e9s permet d'obtenir un jardin \u00e0 la floraison longue et vari\u00e9e, voir notre gamme compl\u00e8te ici <a href=\"https:\/\/www.schramas.com\/fr\/categorie-de-produit\/plantation-darbustes\/arbustes\/arbustes-ornementaux\/\"><strong>Plantes de jardin<\/strong><\/a>.<\/p>","protected":false},"excerpt":{"rendered":"<p>- Nom botanique : Syringa vulgaris \u2018Znamya Lenina\u2019<br data-start=\"69\" data-end=\"72\" \/>- Nom n\u00e9erlandais : Common lilac<br data-start=\"105\" data-end=\"108\" \/>- Caract\u00e9ristique : fleurs pourpres-rouges fortement parfum\u00e9es<br data-start=\"191\" data-end=\"194\" \/>- Position : ensoleill\u00e9e<br data-start=\"228\" data-end=\"231\" \/>- Rusticit\u00e9 : tr\u00e8s rustique<\/p>","protected":false},"featured_media":68547,"template":"","meta":{"_joinchat":[]},"product_brand":[],"product_cat":[302,300,867,1012,290,229,305],"product_tag":[4922,4974,4976,4982,4921,4985,4975,4978,4983,4986,4987,4977,4979,4980,1448,4973,4984,4981],"class_list":{"0":"post-68510","1":"product","2":"type-product","3":"status-publish","4":"has-post-thumbnail","6":"product_cat-bladverliezende-heesters","7":"product_cat-heesters","8":"product_cat-pakket-deals","9":"product_cat-overige-deals","10":"product_cat-sierheester","11":"product_cat-sierheesters","12":"product_cat-planten-heesters","13":"product_tag-geurende-sering","14":"product_tag-gewone-sering","15":"product_tag-paarsrode-sering","16":"product_tag-sering-9-cm-pot","17":"product_tag-sering-kopen","18":"product_tag-sering-kwekerij","19":"product_tag-sering-paars","20":"product_tag-sering-plant","21":"product_tag-sering-plant-kopen","22":"product_tag-sering-plant-tuin","23":"product_tag-sering-schramas-com","24":"product_tag-sering-struik","25":"product_tag-sering-tuinplant","26":"product_tag-sierheester-tuin","27":"product_tag-syringa-vulgaris","28":"product_tag-syringa-vulgaris-znamya-lenina","29":"product_tag-syringa-vulgaris-znamya-lenina-kopen","30":"product_tag-voorjaarsbloeiende-struik","31":"pa_bloeimaanden-mei","32":"pa_bloeimaanden-juni","33":"pa_ewd_uwcf_colors-groen-2","34":"pa_ewd_uwcf_colors-paars","35":"pa_ewd_uwcf_colors-rood-2","36":"pa_groeihoogte-300-cm","37":"pa_pot-9-cm-pot","39":"first","40":"instock","41":"taxable","42":"shipping-taxable","43":"purchasable","44":"product-type-simple"},"yoast_head":"<!-- This site is optimized with the Yoast SEO plugin v24.2 - https:\/\/yoast.com\/wordpress\/plugins\/seo\/ -->\n<title>Set van 3 Seringen - Syringa vulgaris &#039;Znamya Lenina&#039; - Paarsrode bloem - 9cm pot kopen | Planten eenvoudig online bestellen | Schramas.com<\/title>\n<meta name=\"robots\" content=\"index, follow, max-snippet:-1, max-image-preview:large, max-video-preview:-1\" \/>\n<link rel=\"canonical\" href=\"https:\/\/www.schramas.com\/fr\/boutique\/set-de-3-lilas-syringa-vulgaris-znamya-lenina-purple-red-flower-9cm-pot\/\" \/>\n<meta property=\"og:locale\" content=\"fr_FR\" \/>\n<meta property=\"og:type\" content=\"article\" \/>\n<meta property=\"og:title\" content=\"Set van 3 Seringen - Syringa vulgaris &#039;Znamya Lenina&#039; - Paarsrode bloem - 9cm pot kopen | Planten eenvoudig online bestellen | Schramas.com\" \/>\n<meta property=\"og:description\" content=\"\u2022 Botanische naam: Syringa vulgaris &#039;Znamya Lenina&#039;\u2022 Nederlandse naam: Gewone sering\u2022 Kenmerk: sterk geurende paarsrode bloemen\u2022 Standplaats: zonnige standplaats\u2022 Winterhardheid: zeer winterhard\" \/>\n<meta property=\"og:url\" content=\"https:\/\/www.schramas.com\/fr\/boutique\/set-de-3-lilas-syringa-vulgaris-znamya-lenina-purple-red-flower-9cm-pot\/\" \/>\n<meta property=\"og:site_name\" content=\"Planten eenvoudig online bestellen | Schramas.com\" \/>\n<meta property=\"article:publisher\" content=\"https:\/\/www.facebook.com\/Schramascom-106872874153195\/\" \/>\n<meta property=\"article:modified_time\" content=\"2026-04-24T11:21:19+00:00\" \/>\n<meta property=\"og:image\" content=\"http:\/\/www.schramas.com\/wp-content\/uploads\/2026\/03\/Untitled1.webp\" \/>\n\t<meta property=\"og:image:width\" content=\"800\" \/>\n\t<meta property=\"og:image:height\" content=\"800\" \/>\n\t<meta property=\"og:image:type\" content=\"image\/webp\" \/>\n<meta name=\"twitter:card\" content=\"summary_large_image\" \/>\n<meta name=\"twitter:label1\" content=\"Dur\u00e9e de lecture estim\u00e9e\" \/>\n\t<meta name=\"twitter:data1\" content=\"1 minute\" \/>\n<script type=\"application\/ld+json\" class=\"yoast-schema-graph\">{\"@context\":\"https:\/\/schema.org\",\"@graph\":[{\"@type\":[\"WebPage\",\"ItemPage\"],\"@id\":\"https:\/\/www.schramas.com\/winkel\/set-van-3-seringen-syringa-vulgaris-znamya-lenina-paarsrode-bloem-9cm-pot\/\",\"url\":\"https:\/\/www.schramas.com\/winkel\/set-van-3-seringen-syringa-vulgaris-znamya-lenina-paarsrode-bloem-9cm-pot\/\",\"name\":\"Set van 3 Seringen - Syringa vulgaris 'Znamya Lenina' - Paarsrode bloem - 9cm pot kopen | Planten eenvoudig online bestellen | Schramas.com\",\"isPartOf\":{\"@id\":\"https:\/\/www.schramas.com\/#website\"},\"primaryImageOfPage\":{\"@id\":\"https:\/\/www.schramas.com\/winkel\/set-van-3-seringen-syringa-vulgaris-znamya-lenina-paarsrode-bloem-9cm-pot\/#primaryimage\"},\"image\":{\"@id\":\"https:\/\/www.schramas.com\/winkel\/set-van-3-seringen-syringa-vulgaris-znamya-lenina-paarsrode-bloem-9cm-pot\/#primaryimage\"},\"thumbnailUrl\":\"https:\/\/www.schramas.com\/wp-content\/uploads\/2026\/03\/Untitled1.webp\",\"datePublished\":\"2026-03-12T09:32:32+00:00\",\"dateModified\":\"2026-04-24T11:21:19+00:00\",\"breadcrumb\":{\"@id\":\"https:\/\/www.schramas.com\/winkel\/set-van-3-seringen-syringa-vulgaris-znamya-lenina-paarsrode-bloem-9cm-pot\/#breadcrumb\"},\"inLanguage\":\"fr-FR\",\"potentialAction\":[{\"@type\":\"ReadAction\",\"target\":[\"https:\/\/www.schramas.com\/winkel\/set-van-3-seringen-syringa-vulgaris-znamya-lenina-paarsrode-bloem-9cm-pot\/\"]}]},{\"@type\":\"ImageObject\",\"inLanguage\":\"fr-FR\",\"@id\":\"https:\/\/www.schramas.com\/winkel\/set-van-3-seringen-syringa-vulgaris-znamya-lenina-paarsrode-bloem-9cm-pot\/#primaryimage\",\"url\":\"https:\/\/www.schramas.com\/wp-content\/uploads\/2026\/03\/Untitled1.webp\",\"contentUrl\":\"https:\/\/www.schramas.com\/wp-content\/uploads\/2026\/03\/Untitled1.webp\",\"width\":800,\"height\":800},{\"@type\":\"BreadcrumbList\",\"@id\":\"https:\/\/www.schramas.com\/winkel\/set-van-3-seringen-syringa-vulgaris-znamya-lenina-paarsrode-bloem-9cm-pot\/#breadcrumb\",\"itemListElement\":[{\"@type\":\"ListItem\",\"position\":1,\"name\":\"Product\",\"item\":\"https:\/\/www.schramas.com\/assortiment\/\"},{\"@type\":\"ListItem\",\"position\":2,\"name\":\"Pakketdeals\",\"item\":\"https:\/\/www.schramas.com\/product-category\/pakket-deals\/\"},{\"@type\":\"ListItem\",\"position\":3,\"name\":\"Set van 3 Seringen &#8211; Syringa vulgaris &#8216;Znamya Lenina&#8217; &#8211; Paarsrode bloem &#8211; 9cm pot\"}]},{\"@type\":\"WebSite\",\"@id\":\"https:\/\/www.schramas.com\/#website\",\"url\":\"https:\/\/www.schramas.com\/\",\"name\":\"Schramas.com | Tuinplanten eenvoudig online bestellen | Direct van onze Kwekerij\",\"description\":\"\",\"alternateName\":\"Schramas.com - Alle planten direct van de kweker\",\"potentialAction\":[{\"@type\":\"SearchAction\",\"target\":{\"@type\":\"EntryPoint\",\"urlTemplate\":\"https:\/\/www.schramas.com\/?s={search_term_string}\"},\"query-input\":{\"@type\":\"PropertyValueSpecification\",\"valueRequired\":true,\"valueName\":\"search_term_string\"}}],\"inLanguage\":\"fr-FR\"}]}<\/script>\n<!-- \/ Yoast SEO plugin. -->","yoast_head_json":{"title":"Lot de 3 Lilas - Syringa vulgaris 'Znamya Lenina' - Acheter fleur rouge pourpre - Pot de 9cm | Acheter des plantes facilement en ligne | Schramas.com","robots":{"index":"index","follow":"follow","max-snippet":"max-snippet:-1","max-image-preview":"max-image-preview:large","max-video-preview":"max-video-preview:-1"},"canonical":"https:\/\/www.schramas.com\/fr\/boutique\/set-de-3-lilas-syringa-vulgaris-znamya-lenina-purple-red-flower-9cm-pot\/","og_locale":"fr_FR","og_type":"article","og_title":"Set van 3 Seringen - Syringa vulgaris 'Znamya Lenina' - Paarsrode bloem - 9cm pot kopen | Planten eenvoudig online bestellen | Schramas.com","og_description":"\u2022 Botanische naam: Syringa vulgaris 'Znamya Lenina'\u2022 Nederlandse naam: Gewone sering\u2022 Kenmerk: sterk geurende paarsrode bloemen\u2022 Standplaats: zonnige standplaats\u2022 Winterhardheid: zeer winterhard","og_url":"https:\/\/www.schramas.com\/fr\/boutique\/set-de-3-lilas-syringa-vulgaris-znamya-lenina-purple-red-flower-9cm-pot\/","og_site_name":"Planten eenvoudig online bestellen | Schramas.com","article_publisher":"https:\/\/www.facebook.com\/Schramascom-106872874153195\/","article_modified_time":"2026-04-24T11:21:19+00:00","og_image":[{"width":800,"height":800,"url":"http:\/\/www.schramas.com\/wp-content\/uploads\/2026\/03\/Untitled1.webp","type":"image\/webp"}],"twitter_card":"summary_large_image","twitter_misc":{"Dur\u00e9e de lecture estim\u00e9e":"1 minute"},"schema":{"@context":"https:\/\/schema.org","@graph":[{"@type":["WebPage","ItemPage"],"@id":"https:\/\/www.schramas.com\/winkel\/set-van-3-seringen-syringa-vulgaris-znamya-lenina-paarsrode-bloem-9cm-pot\/","url":"https:\/\/www.schramas.com\/winkel\/set-van-3-seringen-syringa-vulgaris-znamya-lenina-paarsrode-bloem-9cm-pot\/","name":"Lot de 3 Lilas - Syringa vulgaris 'Znamya Lenina' - Acheter fleur rouge pourpre - Pot de 9cm | Acheter des plantes facilement en ligne | Schramas.com","isPartOf":{"@id":"https:\/\/www.schramas.com\/#website"},"primaryImageOfPage":{"@id":"https:\/\/www.schramas.com\/winkel\/set-van-3-seringen-syringa-vulgaris-znamya-lenina-paarsrode-bloem-9cm-pot\/#primaryimage"},"image":{"@id":"https:\/\/www.schramas.com\/winkel\/set-van-3-seringen-syringa-vulgaris-znamya-lenina-paarsrode-bloem-9cm-pot\/#primaryimage"},"thumbnailUrl":"https:\/\/www.schramas.com\/wp-content\/uploads\/2026\/03\/Untitled1.webp","datePublished":"2026-03-12T09:32:32+00:00","dateModified":"2026-04-24T11:21:19+00:00","breadcrumb":{"@id":"https:\/\/www.schramas.com\/winkel\/set-van-3-seringen-syringa-vulgaris-znamya-lenina-paarsrode-bloem-9cm-pot\/#breadcrumb"},"inLanguage":"fr-FR","potentialAction":[{"@type":"ReadAction","target":["https:\/\/www.schramas.com\/winkel\/set-van-3-seringen-syringa-vulgaris-znamya-lenina-paarsrode-bloem-9cm-pot\/"]}]},{"@type":"ImageObject","inLanguage":"fr-FR","@id":"https:\/\/www.schramas.com\/winkel\/set-van-3-seringen-syringa-vulgaris-znamya-lenina-paarsrode-bloem-9cm-pot\/#primaryimage","url":"https:\/\/www.schramas.com\/wp-content\/uploads\/2026\/03\/Untitled1.webp","contentUrl":"https:\/\/www.schramas.com\/wp-content\/uploads\/2026\/03\/Untitled1.webp","width":800,"height":800},{"@type":"BreadcrumbList","@id":"https:\/\/www.schramas.com\/winkel\/set-van-3-seringen-syringa-vulgaris-znamya-lenina-paarsrode-bloem-9cm-pot\/#breadcrumb","itemListElement":[{"@type":"ListItem","position":1,"name":"Product","item":"https:\/\/www.schramas.com\/assortiment\/"},{"@type":"ListItem","position":2,"name":"Pakketdeals","item":"https:\/\/www.schramas.com\/product-category\/pakket-deals\/"},{"@type":"ListItem","position":3,"name":"Set van 3 Seringen &#8211; Syringa vulgaris &#8216;Znamya Lenina&#8217; &#8211; Paarsrode bloem &#8211; 9cm pot"}]},{"@type":"WebSite","@id":"https:\/\/www.schramas.com\/#website","url":"https:\/\/www.schramas.com\/","name":"Schramas.com | Plantes de jardin faciles \u00e0 commander en ligne | En direct de notre p\u00e9pini\u00e8re","description":"","alternateName":"Schramas.com - Alle planten direct van de kweker","potentialAction":[{"@type":"SearchAction","target":{"@type":"EntryPoint","urlTemplate":"https:\/\/www.schramas.com\/?s={search_term_string}"},"query-input":{"@type":"PropertyValueSpecification","valueRequired":true,"valueName":"search_term_string"}}],"inLanguage":"fr-FR"}]}},"_links":{"self":[{"href":"https:\/\/www.schramas.com\/fr\/wp-json\/wp\/v2\/product\/68510","targetHints":{"allow":["GET"]}}],"collection":[{"href":"https:\/\/www.schramas.com\/fr\/wp-json\/wp\/v2\/product"}],"about":[{"href":"https:\/\/www.schramas.com\/fr\/wp-json\/wp\/v2\/types\/product"}],"version-history":[{"count":2,"href":"https:\/\/www.schramas.com\/fr\/wp-json\/wp\/v2\/product\/68510\/revisions"}],"predecessor-version":[{"id":68548,"href":"https:\/\/www.schramas.com\/fr\/wp-json\/wp\/v2\/product\/68510\/revisions\/68548"}],"wp:featuredmedia":[{"embeddable":true,"href":"https:\/\/www.schramas.com\/fr\/wp-json\/wp\/v2\/media\/68547"}],"wp:attachment":[{"href":"https:\/\/www.schramas.com\/fr\/wp-json\/wp\/v2\/media?parent=68510"}],"wp:term":[{"taxonomy":"product_brand","embeddable":true,"href":"https:\/\/www.schramas.com\/fr\/wp-json\/wp\/v2\/product_brand?post=68510"},{"taxonomy":"product_cat","embeddable":true,"href":"https:\/\/www.schramas.com\/fr\/wp-json\/wp\/v2\/product_cat?post=68510"},{"taxonomy":"product_tag","embeddable":true,"href":"https:\/\/www.schramas.com\/fr\/wp-json\/wp\/v2\/product_tag?post=68510"}],"curies":[{"name":"wp","href":"https:\/\/api.w.org\/{rel}","templated":true}]}}