{"id":8031,"date":"2019-11-15T19:10:22","date_gmt":"2019-11-15T18:10:22","guid":{"rendered":"https:\/\/www.schramas.com\/?post_type=product&#038;p=8031"},"modified":"2026-02-19T10:34:34","modified_gmt":"2026-02-19T09:34:34","slug":"cydonia-oblonga-coing-adams-greffable","status":"publish","type":"product","link":"https:\/\/www.schramas.com\/fr\/boutique\/cydonia-oblonga-coing-adams-greffable\/","title":{"rendered":"Cydonia oblonga Kwee Adams 8mm+ greffable"},"content":{"rendered":"<p>Cydonia oblonga 'Kwee Adams' est un porte-greffe de cognassier nain l\u00e9g\u00e8rement plus vigoureux que le porte-greffe MC. Ce porte-greffe polyvalent offre un excellent \u00e9quilibre entre vigueur et productivit\u00e9, ce qui en fait un choix populaire parmi les producteurs de poires europ\u00e9ennes.<\/p>\n<p>Caract\u00e9ristiques principales :<br \/>\nCroissance : Semi-naine, plus vigoureuse que MC mais plus faible que MA.<br \/>\nTaille et rendement des fruits : Bonne efficacit\u00e9 de la r\u00e9colte avec des fruits gros et uniformes.<br \/>\nCompatibilit\u00e9 : Meilleure compatibilit\u00e9 avec les vari\u00e9t\u00e9s de poires europ\u00e9ennes qu'avec Quince A. Non compatible avec 'Williams'.<br \/>\nApplications :<br \/>\nTypes de sols : Donne de bons r\u00e9sultats sur les sols fertiles, mais ne convient pas aux sols calcaires lourds.<br \/>\nConditions de culture : Id\u00e9al pour les vergers de poires o\u00f9 l'on recherche un \u00e9quilibre entre des arbres compacts et une productivit\u00e9 \u00e9lev\u00e9e.<br \/>\nUtilisations : Convient aux syst\u00e8mes de culture intensive et aux formes de ponte plus petites.<br \/>\nAvantages :<br \/>\nRendements pr\u00e9coces : Produit rapidement, avec des rendements constants et \u00e9lev\u00e9s.<br \/>\nAdaptabilit\u00e9 : Fonctionnellement similaire \u00e0 Quince C, mais avec un peu plus de vigueur.<br \/>\nLargement applicable : Convient aux cultures commerciales et aux applications sp\u00e9cialis\u00e9es.<br \/>\nConclusion :<br \/>\nKwee Adams est un choix fiable pour les producteurs qui recherchent des arbres productifs et vigoureux avec une bonne qualit\u00e9 de fruits. Ce porte-greffe allie efficacit\u00e9 et polyvalence et constitue une excellente option pour une vari\u00e9t\u00e9 de conditions de culture.<\/p>","protected":false},"excerpt":{"rendered":"<p>Porte-greffe rustique \u00e0 croissance faible pour demi-tige et haute-tige.<\/p>","protected":false},"featured_media":8080,"template":"","meta":{"_joinchat":[]},"product_brand":[],"product_cat":[266],"product_tag":[568,572,1015,571],"class_list":{"0":"post-8031","1":"product","2":"type-product","3":"status-publish","4":"has-post-thumbnail","6":"product_cat-pyrus","7":"product_tag-onderstam","8":"product_tag-peer","9":"product_tag-rootstock","10":"product_tag-zwak-groeiend","12":"first","13":"outofstock","14":"taxable","15":"shipping-taxable","16":"purchasable","17":"product-type-simple"},"yoast_head":"<!-- This site is optimized with the Yoast SEO plugin v24.2 - https:\/\/yoast.com\/wordpress\/plugins\/seo\/ -->\n<title>Cydonia oblonga Kwee Adams 8mm+ entbaar kopen | Planten eenvoudig online bestellen | Schramas.com<\/title>\n<meta name=\"robots\" content=\"index, follow, max-snippet:-1, max-image-preview:large, max-video-preview:-1\" \/>\n<link rel=\"canonical\" href=\"https:\/\/www.schramas.com\/fr\/boutique\/cydonia-oblonga-coing-adams-greffable\/\" \/>\n<meta property=\"og:locale\" content=\"fr_FR\" \/>\n<meta property=\"og:type\" content=\"article\" \/>\n<meta property=\"og:title\" content=\"Cydonia oblonga Kwee Adams 8mm+ entbaar kopen | Planten eenvoudig online bestellen | Schramas.com\" \/>\n<meta property=\"og:description\" content=\"Zwakgroeiende winterharde onderstam voor half en hoogstam.\" \/>\n<meta property=\"og:url\" content=\"https:\/\/www.schramas.com\/fr\/boutique\/cydonia-oblonga-coing-adams-greffable\/\" \/>\n<meta property=\"og:site_name\" content=\"Planten eenvoudig online bestellen | Schramas.com\" \/>\n<meta property=\"article:publisher\" content=\"https:\/\/www.facebook.com\/Schramascom-106872874153195\/\" \/>\n<meta property=\"article:modified_time\" content=\"2026-02-19T09:34:34+00:00\" \/>\n<meta property=\"og:image\" content=\"http:\/\/www.schramas.com\/wp-content\/uploads\/2019\/11\/Quince-Mcp2-scaled.jpg\" \/>\n\t<meta property=\"og:image:width\" content=\"2560\" \/>\n\t<meta property=\"og:image:height\" content=\"1920\" \/>\n\t<meta property=\"og:image:type\" content=\"image\/jpeg\" \/>\n<meta name=\"twitter:card\" content=\"summary_large_image\" \/>\n<meta name=\"twitter:label1\" content=\"Dur\u00e9e de lecture estim\u00e9e\" \/>\n\t<meta name=\"twitter:data1\" content=\"1 minute\" \/>\n<script type=\"application\/ld+json\" class=\"yoast-schema-graph\">{\"@context\":\"https:\/\/schema.org\",\"@graph\":[{\"@type\":[\"WebPage\",\"ItemPage\"],\"@id\":\"https:\/\/www.schramas.com\/winkel\/cydonia-oblonga-kwee-adams-entbaar\/\",\"url\":\"https:\/\/www.schramas.com\/winkel\/cydonia-oblonga-kwee-adams-entbaar\/\",\"name\":\"Cydonia oblonga Kwee Adams 8mm+ entbaar kopen | Planten eenvoudig online bestellen | Schramas.com\",\"isPartOf\":{\"@id\":\"https:\/\/www.schramas.com\/#website\"},\"primaryImageOfPage\":{\"@id\":\"https:\/\/www.schramas.com\/winkel\/cydonia-oblonga-kwee-adams-entbaar\/#primaryimage\"},\"image\":{\"@id\":\"https:\/\/www.schramas.com\/winkel\/cydonia-oblonga-kwee-adams-entbaar\/#primaryimage\"},\"thumbnailUrl\":\"https:\/\/www.schramas.com\/wp-content\/uploads\/2019\/11\/Quince-Mcp2-scaled.jpg\",\"datePublished\":\"2019-11-15T18:10:22+00:00\",\"dateModified\":\"2026-02-19T09:34:34+00:00\",\"breadcrumb\":{\"@id\":\"https:\/\/www.schramas.com\/winkel\/cydonia-oblonga-kwee-adams-entbaar\/#breadcrumb\"},\"inLanguage\":\"fr-FR\",\"potentialAction\":[{\"@type\":\"ReadAction\",\"target\":[\"https:\/\/www.schramas.com\/winkel\/cydonia-oblonga-kwee-adams-entbaar\/\"]}]},{\"@type\":\"ImageObject\",\"inLanguage\":\"fr-FR\",\"@id\":\"https:\/\/www.schramas.com\/winkel\/cydonia-oblonga-kwee-adams-entbaar\/#primaryimage\",\"url\":\"https:\/\/www.schramas.com\/wp-content\/uploads\/2019\/11\/Quince-Mcp2-scaled.jpg\",\"contentUrl\":\"https:\/\/www.schramas.com\/wp-content\/uploads\/2019\/11\/Quince-Mcp2-scaled.jpg\",\"width\":2560,\"height\":1920},{\"@type\":\"BreadcrumbList\",\"@id\":\"https:\/\/www.schramas.com\/winkel\/cydonia-oblonga-kwee-adams-entbaar\/#breadcrumb\",\"itemListElement\":[{\"@type\":\"ListItem\",\"position\":1,\"name\":\"Product\",\"item\":\"https:\/\/www.schramas.com\/assortiment\/\"},{\"@type\":\"ListItem\",\"position\":2,\"name\":\"Zelf kweken \/ Onderstammen\",\"item\":\"https:\/\/www.schramas.com\/product-category\/zelf-kweken\/\"},{\"@type\":\"ListItem\",\"position\":3,\"name\":\"Onderstammen voor Peren\",\"item\":\"https:\/\/www.schramas.com\/product-category\/zelf-kweken\/pyrus\/\"},{\"@type\":\"ListItem\",\"position\":4,\"name\":\"Cydonia oblonga Kwee Adams 8mm+ entbaar\"}]},{\"@type\":\"WebSite\",\"@id\":\"https:\/\/www.schramas.com\/#website\",\"url\":\"https:\/\/www.schramas.com\/\",\"name\":\"Schramas.com | Tuinplanten eenvoudig online bestellen | Direct van onze Kwekerij\",\"description\":\"\",\"alternateName\":\"Schramas.com - Alle planten direct van de kweker\",\"potentialAction\":[{\"@type\":\"SearchAction\",\"target\":{\"@type\":\"EntryPoint\",\"urlTemplate\":\"https:\/\/www.schramas.com\/?s={search_term_string}\"},\"query-input\":{\"@type\":\"PropertyValueSpecification\",\"valueRequired\":true,\"valueName\":\"search_term_string\"}}],\"inLanguage\":\"fr-FR\"}]}<\/script>\n<!-- \/ Yoast SEO plugin. -->","yoast_head_json":{"title":"Acheter Cydonia oblonga Quince Adams 8mm+ greffable | Commandez facilement des plantes en ligne | Schramas.com","robots":{"index":"index","follow":"follow","max-snippet":"max-snippet:-1","max-image-preview":"max-image-preview:large","max-video-preview":"max-video-preview:-1"},"canonical":"https:\/\/www.schramas.com\/fr\/boutique\/cydonia-oblonga-coing-adams-greffable\/","og_locale":"fr_FR","og_type":"article","og_title":"Cydonia oblonga Kwee Adams 8mm+ entbaar kopen | Planten eenvoudig online bestellen | Schramas.com","og_description":"Zwakgroeiende winterharde onderstam voor half en hoogstam.","og_url":"https:\/\/www.schramas.com\/fr\/boutique\/cydonia-oblonga-coing-adams-greffable\/","og_site_name":"Planten eenvoudig online bestellen | Schramas.com","article_publisher":"https:\/\/www.facebook.com\/Schramascom-106872874153195\/","article_modified_time":"2026-02-19T09:34:34+00:00","og_image":[{"width":2560,"height":1920,"url":"http:\/\/www.schramas.com\/wp-content\/uploads\/2019\/11\/Quince-Mcp2-scaled.jpg","type":"image\/jpeg"}],"twitter_card":"summary_large_image","twitter_misc":{"Dur\u00e9e de lecture estim\u00e9e":"1 minute"},"schema":{"@context":"https:\/\/schema.org","@graph":[{"@type":["WebPage","ItemPage"],"@id":"https:\/\/www.schramas.com\/winkel\/cydonia-oblonga-kwee-adams-entbaar\/","url":"https:\/\/www.schramas.com\/winkel\/cydonia-oblonga-kwee-adams-entbaar\/","name":"Acheter Cydonia oblonga Quince Adams 8mm+ greffable | Commandez facilement des plantes en ligne | Schramas.com","isPartOf":{"@id":"https:\/\/www.schramas.com\/#website"},"primaryImageOfPage":{"@id":"https:\/\/www.schramas.com\/winkel\/cydonia-oblonga-kwee-adams-entbaar\/#primaryimage"},"image":{"@id":"https:\/\/www.schramas.com\/winkel\/cydonia-oblonga-kwee-adams-entbaar\/#primaryimage"},"thumbnailUrl":"https:\/\/www.schramas.com\/wp-content\/uploads\/2019\/11\/Quince-Mcp2-scaled.jpg","datePublished":"2019-11-15T18:10:22+00:00","dateModified":"2026-02-19T09:34:34+00:00","breadcrumb":{"@id":"https:\/\/www.schramas.com\/winkel\/cydonia-oblonga-kwee-adams-entbaar\/#breadcrumb"},"inLanguage":"fr-FR","potentialAction":[{"@type":"ReadAction","target":["https:\/\/www.schramas.com\/winkel\/cydonia-oblonga-kwee-adams-entbaar\/"]}]},{"@type":"ImageObject","inLanguage":"fr-FR","@id":"https:\/\/www.schramas.com\/winkel\/cydonia-oblonga-kwee-adams-entbaar\/#primaryimage","url":"https:\/\/www.schramas.com\/wp-content\/uploads\/2019\/11\/Quince-Mcp2-scaled.jpg","contentUrl":"https:\/\/www.schramas.com\/wp-content\/uploads\/2019\/11\/Quince-Mcp2-scaled.jpg","width":2560,"height":1920},{"@type":"BreadcrumbList","@id":"https:\/\/www.schramas.com\/winkel\/cydonia-oblonga-kwee-adams-entbaar\/#breadcrumb","itemListElement":[{"@type":"ListItem","position":1,"name":"Product","item":"https:\/\/www.schramas.com\/assortiment\/"},{"@type":"ListItem","position":2,"name":"Zelf kweken \/ Onderstammen","item":"https:\/\/www.schramas.com\/product-category\/zelf-kweken\/"},{"@type":"ListItem","position":3,"name":"Onderstammen voor Peren","item":"https:\/\/www.schramas.com\/product-category\/zelf-kweken\/pyrus\/"},{"@type":"ListItem","position":4,"name":"Cydonia oblonga Kwee Adams 8mm+ entbaar"}]},{"@type":"WebSite","@id":"https:\/\/www.schramas.com\/#website","url":"https:\/\/www.schramas.com\/","name":"Schramas.com | Plantes de jardin faciles \u00e0 commander en ligne | En direct de notre p\u00e9pini\u00e8re","description":"","alternateName":"Schramas.com - Alle planten direct van de kweker","potentialAction":[{"@type":"SearchAction","target":{"@type":"EntryPoint","urlTemplate":"https:\/\/www.schramas.com\/?s={search_term_string}"},"query-input":{"@type":"PropertyValueSpecification","valueRequired":true,"valueName":"search_term_string"}}],"inLanguage":"fr-FR"}]}},"_links":{"self":[{"href":"https:\/\/www.schramas.com\/fr\/wp-json\/wp\/v2\/product\/8031","targetHints":{"allow":["GET"]}}],"collection":[{"href":"https:\/\/www.schramas.com\/fr\/wp-json\/wp\/v2\/product"}],"about":[{"href":"https:\/\/www.schramas.com\/fr\/wp-json\/wp\/v2\/types\/product"}],"version-history":[{"count":1,"href":"https:\/\/www.schramas.com\/fr\/wp-json\/wp\/v2\/product\/8031\/revisions"}],"predecessor-version":[{"id":45127,"href":"https:\/\/www.schramas.com\/fr\/wp-json\/wp\/v2\/product\/8031\/revisions\/45127"}],"wp:featuredmedia":[{"embeddable":true,"href":"https:\/\/www.schramas.com\/fr\/wp-json\/wp\/v2\/media\/8080"}],"wp:attachment":[{"href":"https:\/\/www.schramas.com\/fr\/wp-json\/wp\/v2\/media?parent=8031"}],"wp:term":[{"taxonomy":"product_brand","embeddable":true,"href":"https:\/\/www.schramas.com\/fr\/wp-json\/wp\/v2\/product_brand?post=8031"},{"taxonomy":"product_cat","embeddable":true,"href":"https:\/\/www.schramas.com\/fr\/wp-json\/wp\/v2\/product_cat?post=8031"},{"taxonomy":"product_tag","embeddable":true,"href":"https:\/\/www.schramas.com\/fr\/wp-json\/wp\/v2\/product_tag?post=8031"}],"curies":[{"name":"wp","href":"https:\/\/api.w.org\/{rel}","templated":true}]}}