{"id":8040,"date":"2019-11-15T19:19:04","date_gmt":"2019-11-15T18:19:04","guid":{"rendered":"https:\/\/www.schramas.com\/?post_type=product&#038;p=8040"},"modified":"2026-02-19T10:34:34","modified_gmt":"2026-02-19T09:34:34","slug":"pyrus-communis-plantule-greffable","status":"publish","type":"product","link":"https:\/\/www.schramas.com\/fr\/boutique\/pyrus-communis-plantule-greffable\/","title":{"rendered":"Pyrus communis plantule 8mm+ greffable"},"content":{"rendered":"<p>Le plant de Pyrus communis est un porte-greffe tr\u00e8s vigoureux id\u00e9al pour la production de gros sp\u00e9cimens de poiriers. Ce semis a une vigueur permanente et produit des arbres qui peuvent souvent atteindre plus de 6 m\u00e8tres de hauteur, ce qui les rend particuli\u00e8rement adapt\u00e9s aux applications telles que la plantation de parcs et d&#039;avenues. Il s\u2019agit de la mani\u00e8re traditionnelle de cultiver des poiriers sur leurs propres racines, ce qui donne des arbres \u00e0 longue dur\u00e9e de vie et \u00e0 la structure robuste.<\/p>\n<p>Caract\u00e9ristiques principales :<br \/>\nCroissance : Le plant de Pyrus communis est un porte-greffe tr\u00e8s vital qui favorise une croissance intensive, conduisant \u00e0 de grands poiriers. Ce plant pousse de mani\u00e8re moins homog\u00e8ne que les porte-greffes \u00e0 multiplication v\u00e9g\u00e9tative (comme la s\u00e9rie Quince), mais donne quand m\u00eame d&#039;excellents r\u00e9sultats.<br \/>\nPr\u00e9f\u00e9rence du sol et du climat\u00a0: Convient \u00e0 un large \u00e9ventail de types de sols, y compris les sols calcaires, et tol\u00e8re une vari\u00e9t\u00e9 de conditions climatiques. Cela rend le plant polyvalent et adapt\u00e9 \u00e0 diverses conditions de croissance.<br \/>\nCompatibilit\u00e9 : Le plant est compatible avec toutes les vari\u00e9t\u00e9s de poires europ\u00e9ennes et est id\u00e9al pour les vari\u00e9t\u00e9s autogames et crois\u00e9es.<br \/>\nUtilisation : Souvent utilis\u00e9 pour faire pousser de grands poiriers dans les jardins, les parcs et les plantations d\u2019avenues. Les arbres ont une structure solide et robuste, ce qui les rend parfaits pour des applications d\u00e9coratives et commerciales.<br \/>\nLong\u00e9vit\u00e9 : Les arbres poussant sur ce semis ont une longue dur\u00e9e de vie, ce qui signifie qu\u2019ils peuvent produire pendant des d\u00e9cennies et bien s\u2019adapter aux conditions exigeantes.<br \/>\nApplication et pertinence\u00a0:<br \/>\nLe plant de Pyrus communis est id\u00e9al pour la culture de grands poiriers qui prosp\u00e8rent dans un large \u00e9ventail de types de sols et de conditions climatiques. Les arbres sont bien adapt\u00e9s \u00e0 la culture sur leurs propres racines et constituent un excellent choix pour les parcs, la plantation d\u2019avenues et la culture de poiriers \u00e0 grande \u00e9chelle.<\/p>","protected":false},"excerpt":{"rendered":"<p>Porte-greffe \u00e0 tr\u00e8s forte croissance et r\u00e9sistant \u00e0 l&#039;hiver pour poires, demi-tiges et tiges standard.<\/p>","protected":false},"featured_media":8087,"template":"","meta":{"_joinchat":[]},"product_brand":[],"product_cat":[266],"product_tag":[568,572,1015,570],"class_list":{"0":"post-8040","1":"product","2":"type-product","3":"status-publish","4":"has-post-thumbnail","6":"product_cat-pyrus","7":"product_tag-onderstam","8":"product_tag-peer","9":"product_tag-rootstock","10":"product_tag-sterk-groeiend","12":"first","13":"outofstock","14":"taxable","15":"shipping-taxable","16":"purchasable","17":"product-type-simple"},"yoast_head":"<!-- This site is optimized with the Yoast SEO plugin v24.2 - https:\/\/yoast.com\/wordpress\/plugins\/seo\/ -->\n<title>Pyrus communis zaailing 8mm+ entbaar kopen | Planten eenvoudig online bestellen | Schramas.com<\/title>\n<meta name=\"robots\" content=\"index, follow, max-snippet:-1, max-image-preview:large, max-video-preview:-1\" \/>\n<link rel=\"canonical\" href=\"https:\/\/www.schramas.com\/fr\/boutique\/pyrus-communis-plantule-greffable\/\" \/>\n<meta property=\"og:locale\" content=\"fr_FR\" \/>\n<meta property=\"og:type\" content=\"article\" \/>\n<meta property=\"og:title\" content=\"Pyrus communis zaailing 8mm+ entbaar kopen | Planten eenvoudig online bestellen | Schramas.com\" \/>\n<meta property=\"og:description\" content=\"Zeer sterkgroeiende winterharde onderstam voor\u00a0 peer,half en hoogstam.\" \/>\n<meta property=\"og:url\" content=\"https:\/\/www.schramas.com\/fr\/boutique\/pyrus-communis-plantule-greffable\/\" \/>\n<meta property=\"og:site_name\" content=\"Planten eenvoudig online bestellen | Schramas.com\" \/>\n<meta property=\"article:publisher\" content=\"https:\/\/www.facebook.com\/Schramascom-106872874153195\/\" \/>\n<meta property=\"article:modified_time\" content=\"2026-02-19T09:34:34+00:00\" \/>\n<meta property=\"og:image\" content=\"http:\/\/www.schramas.com\/wp-content\/uploads\/2019\/11\/20190925_1532311-e1573988562741-scaled.jpg\" \/>\n\t<meta property=\"og:image:width\" content=\"1920\" \/>\n\t<meta property=\"og:image:height\" content=\"2560\" \/>\n\t<meta property=\"og:image:type\" content=\"image\/jpeg\" \/>\n<meta name=\"twitter:card\" content=\"summary_large_image\" \/>\n<meta name=\"twitter:label1\" content=\"Dur\u00e9e de lecture estim\u00e9e\" \/>\n\t<meta name=\"twitter:data1\" content=\"1 minute\" \/>\n<script type=\"application\/ld+json\" class=\"yoast-schema-graph\">{\"@context\":\"https:\/\/schema.org\",\"@graph\":[{\"@type\":[\"WebPage\",\"ItemPage\"],\"@id\":\"https:\/\/www.schramas.com\/winkel\/pyrus-communis-zaailing-entbaar\/\",\"url\":\"https:\/\/www.schramas.com\/winkel\/pyrus-communis-zaailing-entbaar\/\",\"name\":\"Pyrus communis zaailing 8mm+ entbaar kopen | Planten eenvoudig online bestellen | Schramas.com\",\"isPartOf\":{\"@id\":\"https:\/\/www.schramas.com\/#website\"},\"primaryImageOfPage\":{\"@id\":\"https:\/\/www.schramas.com\/winkel\/pyrus-communis-zaailing-entbaar\/#primaryimage\"},\"image\":{\"@id\":\"https:\/\/www.schramas.com\/winkel\/pyrus-communis-zaailing-entbaar\/#primaryimage\"},\"thumbnailUrl\":\"https:\/\/www.schramas.com\/wp-content\/uploads\/2019\/11\/20190925_1532311-e1573988562741-scaled.jpg\",\"datePublished\":\"2019-11-15T18:19:04+00:00\",\"dateModified\":\"2026-02-19T09:34:34+00:00\",\"breadcrumb\":{\"@id\":\"https:\/\/www.schramas.com\/winkel\/pyrus-communis-zaailing-entbaar\/#breadcrumb\"},\"inLanguage\":\"fr-FR\",\"potentialAction\":[{\"@type\":\"ReadAction\",\"target\":[\"https:\/\/www.schramas.com\/winkel\/pyrus-communis-zaailing-entbaar\/\"]}]},{\"@type\":\"ImageObject\",\"inLanguage\":\"fr-FR\",\"@id\":\"https:\/\/www.schramas.com\/winkel\/pyrus-communis-zaailing-entbaar\/#primaryimage\",\"url\":\"https:\/\/www.schramas.com\/wp-content\/uploads\/2019\/11\/20190925_1532311-e1573988562741-scaled.jpg\",\"contentUrl\":\"https:\/\/www.schramas.com\/wp-content\/uploads\/2019\/11\/20190925_1532311-e1573988562741-scaled.jpg\",\"width\":1920,\"height\":2560},{\"@type\":\"BreadcrumbList\",\"@id\":\"https:\/\/www.schramas.com\/winkel\/pyrus-communis-zaailing-entbaar\/#breadcrumb\",\"itemListElement\":[{\"@type\":\"ListItem\",\"position\":1,\"name\":\"Product\",\"item\":\"https:\/\/www.schramas.com\/assortiment\/\"},{\"@type\":\"ListItem\",\"position\":2,\"name\":\"Zelf kweken \/ Onderstammen\",\"item\":\"https:\/\/www.schramas.com\/product-category\/zelf-kweken\/\"},{\"@type\":\"ListItem\",\"position\":3,\"name\":\"Onderstammen voor Peren\",\"item\":\"https:\/\/www.schramas.com\/product-category\/zelf-kweken\/pyrus\/\"},{\"@type\":\"ListItem\",\"position\":4,\"name\":\"Pyrus communis zaailing 8mm+ entbaar\"}]},{\"@type\":\"WebSite\",\"@id\":\"https:\/\/www.schramas.com\/#website\",\"url\":\"https:\/\/www.schramas.com\/\",\"name\":\"Schramas.com | Tuinplanten eenvoudig online bestellen | Direct van onze Kwekerij\",\"description\":\"\",\"alternateName\":\"Schramas.com - Alle planten direct van de kweker\",\"potentialAction\":[{\"@type\":\"SearchAction\",\"target\":{\"@type\":\"EntryPoint\",\"urlTemplate\":\"https:\/\/www.schramas.com\/?s={search_term_string}\"},\"query-input\":{\"@type\":\"PropertyValueSpecification\",\"valueRequired\":true,\"valueName\":\"search_term_string\"}}],\"inLanguage\":\"fr-FR\"}]}<\/script>\n<!-- \/ Yoast SEO plugin. -->","yoast_head_json":{"title":"Acheter Semis de Pyrus communis 8mm+ greffable | Commandez facilement des plantes en ligne | Schramas.com","robots":{"index":"index","follow":"follow","max-snippet":"max-snippet:-1","max-image-preview":"max-image-preview:large","max-video-preview":"max-video-preview:-1"},"canonical":"https:\/\/www.schramas.com\/fr\/boutique\/pyrus-communis-plantule-greffable\/","og_locale":"fr_FR","og_type":"article","og_title":"Pyrus communis zaailing 8mm+ entbaar kopen | Planten eenvoudig online bestellen | Schramas.com","og_description":"Zeer sterkgroeiende winterharde onderstam voor\u00a0 peer,half en hoogstam.","og_url":"https:\/\/www.schramas.com\/fr\/boutique\/pyrus-communis-plantule-greffable\/","og_site_name":"Planten eenvoudig online bestellen | Schramas.com","article_publisher":"https:\/\/www.facebook.com\/Schramascom-106872874153195\/","article_modified_time":"2026-02-19T09:34:34+00:00","og_image":[{"width":1920,"height":2560,"url":"http:\/\/www.schramas.com\/wp-content\/uploads\/2019\/11\/20190925_1532311-e1573988562741-scaled.jpg","type":"image\/jpeg"}],"twitter_card":"summary_large_image","twitter_misc":{"Dur\u00e9e de lecture estim\u00e9e":"1 minute"},"schema":{"@context":"https:\/\/schema.org","@graph":[{"@type":["WebPage","ItemPage"],"@id":"https:\/\/www.schramas.com\/winkel\/pyrus-communis-zaailing-entbaar\/","url":"https:\/\/www.schramas.com\/winkel\/pyrus-communis-zaailing-entbaar\/","name":"Acheter Semis de Pyrus communis 8mm+ greffable | Commandez facilement des plantes en ligne | Schramas.com","isPartOf":{"@id":"https:\/\/www.schramas.com\/#website"},"primaryImageOfPage":{"@id":"https:\/\/www.schramas.com\/winkel\/pyrus-communis-zaailing-entbaar\/#primaryimage"},"image":{"@id":"https:\/\/www.schramas.com\/winkel\/pyrus-communis-zaailing-entbaar\/#primaryimage"},"thumbnailUrl":"https:\/\/www.schramas.com\/wp-content\/uploads\/2019\/11\/20190925_1532311-e1573988562741-scaled.jpg","datePublished":"2019-11-15T18:19:04+00:00","dateModified":"2026-02-19T09:34:34+00:00","breadcrumb":{"@id":"https:\/\/www.schramas.com\/winkel\/pyrus-communis-zaailing-entbaar\/#breadcrumb"},"inLanguage":"fr-FR","potentialAction":[{"@type":"ReadAction","target":["https:\/\/www.schramas.com\/winkel\/pyrus-communis-zaailing-entbaar\/"]}]},{"@type":"ImageObject","inLanguage":"fr-FR","@id":"https:\/\/www.schramas.com\/winkel\/pyrus-communis-zaailing-entbaar\/#primaryimage","url":"https:\/\/www.schramas.com\/wp-content\/uploads\/2019\/11\/20190925_1532311-e1573988562741-scaled.jpg","contentUrl":"https:\/\/www.schramas.com\/wp-content\/uploads\/2019\/11\/20190925_1532311-e1573988562741-scaled.jpg","width":1920,"height":2560},{"@type":"BreadcrumbList","@id":"https:\/\/www.schramas.com\/winkel\/pyrus-communis-zaailing-entbaar\/#breadcrumb","itemListElement":[{"@type":"ListItem","position":1,"name":"Product","item":"https:\/\/www.schramas.com\/assortiment\/"},{"@type":"ListItem","position":2,"name":"Zelf kweken \/ Onderstammen","item":"https:\/\/www.schramas.com\/product-category\/zelf-kweken\/"},{"@type":"ListItem","position":3,"name":"Onderstammen voor Peren","item":"https:\/\/www.schramas.com\/product-category\/zelf-kweken\/pyrus\/"},{"@type":"ListItem","position":4,"name":"Pyrus communis zaailing 8mm+ entbaar"}]},{"@type":"WebSite","@id":"https:\/\/www.schramas.com\/#website","url":"https:\/\/www.schramas.com\/","name":"Schramas.com | Plantes de jardin faciles \u00e0 commander en ligne | En direct de notre p\u00e9pini\u00e8re","description":"","alternateName":"Schramas.com - Alle planten direct van de kweker","potentialAction":[{"@type":"SearchAction","target":{"@type":"EntryPoint","urlTemplate":"https:\/\/www.schramas.com\/?s={search_term_string}"},"query-input":{"@type":"PropertyValueSpecification","valueRequired":true,"valueName":"search_term_string"}}],"inLanguage":"fr-FR"}]}},"_links":{"self":[{"href":"https:\/\/www.schramas.com\/fr\/wp-json\/wp\/v2\/product\/8040","targetHints":{"allow":["GET"]}}],"collection":[{"href":"https:\/\/www.schramas.com\/fr\/wp-json\/wp\/v2\/product"}],"about":[{"href":"https:\/\/www.schramas.com\/fr\/wp-json\/wp\/v2\/types\/product"}],"version-history":[{"count":1,"href":"https:\/\/www.schramas.com\/fr\/wp-json\/wp\/v2\/product\/8040\/revisions"}],"predecessor-version":[{"id":45129,"href":"https:\/\/www.schramas.com\/fr\/wp-json\/wp\/v2\/product\/8040\/revisions\/45129"}],"wp:featuredmedia":[{"embeddable":true,"href":"https:\/\/www.schramas.com\/fr\/wp-json\/wp\/v2\/media\/8087"}],"wp:attachment":[{"href":"https:\/\/www.schramas.com\/fr\/wp-json\/wp\/v2\/media?parent=8040"}],"wp:term":[{"taxonomy":"product_brand","embeddable":true,"href":"https:\/\/www.schramas.com\/fr\/wp-json\/wp\/v2\/product_brand?post=8040"},{"taxonomy":"product_cat","embeddable":true,"href":"https:\/\/www.schramas.com\/fr\/wp-json\/wp\/v2\/product_cat?post=8040"},{"taxonomy":"product_tag","embeddable":true,"href":"https:\/\/www.schramas.com\/fr\/wp-json\/wp\/v2\/product_tag?post=8040"}],"curies":[{"name":"wp","href":"https:\/\/api.w.org\/{rel}","templated":true}]}}