{"id":8067,"date":"2019-11-15T20:28:24","date_gmt":"2019-11-15T19:28:24","guid":{"rendered":"https:\/\/www.schramas.com\/?post_type=product&#038;p=8067"},"modified":"2026-04-01T17:51:18","modified_gmt":"2026-04-01T15:51:18","slug":"prunus","status":"publish","type":"product","link":"https:\/\/www.schramas.com\/fr\/boutique\/prunus\/","title":{"rendered":"Prunus avium plantule 8mm+ greffable"},"content":{"rendered":"<p>Le plant de Prunus avium est un porte-greffe tr\u00e8s vital, id\u00e9al pour la culture de grands cerisiers productifs. Ce plant est le porte-greffe traditionnel des cerises douces et produit des arbres qui atteignent de grandes hauteurs (jusqu&#039;\u00e0 6 m\u00e8tres ou plus) et produisent d&#039;excellents rendements. En raison de son caract\u00e8re de croissance vigoureuse, le plant de Prunus avium est moins adapt\u00e9 aux vergers intensifs, mais excellent pour les applications urbaines telles que les espaliers le long des rues, des b\u00e2timents publics et dans les parcs.<\/p>\n<p>Caract\u00e9ristiques principales :<br \/>\nCroissance et productivit\u00e9 : Le plant de Prunus avium favorise une croissance vigoureuse, donnant lieu \u00e0 de grands arbres d&#039;une hauteur impressionnante de plus de 6 m\u00e8tres \u00e0 maturit\u00e9. Cela en fait le choix id\u00e9al pour les cerisiers standards en culture commerciale et pour les applications d\u00e9coratives.<br \/>\nCompatibilit\u00e9\u00a0: ce porte-greffe est compatible avec pratiquement toutes les vari\u00e9t\u00e9s de cerises douces, ce qui le rend polyvalent dans une vari\u00e9t\u00e9 de conditions de croissance et d&#039;applications. C&#039;est un excellent choix pour les vari\u00e9t\u00e9s de cerises autogames et crois\u00e9es.<br \/>\nApplication\u00a0: Le plant de Prunus avium est largement utilis\u00e9 pour la plantation d&#039;espaliers et d&#039;avenues le long des routes, des parcs et des b\u00e2timents publics. Il s\u2019agit d\u2019un choix traditionnel et \u00e9prouv\u00e9 pour la production commerciale de cerises et \u00e0 des fins d\u00e9coratives.<br \/>\nR\u00e9sistance au froid : Le plant est assez r\u00e9sistant au froid, bien qu\u2019il ne soit pas aussi r\u00e9sistant au froid que les porte-greffes s\u00e9rieux Gisela. Cela le rend adapt\u00e9 aux climats temp\u00e9r\u00e9s et en particulier aux r\u00e9gions aux hivers doux.<br \/>\nLong\u00e9vit\u00e9 : La longue dur\u00e9e de vie des arbres rend ce porte-greffe id\u00e9al pour les plantations \u00e0 long terme qui souhaitent faire pousser des cerisiers productifs et robustes pour les ann\u00e9es \u00e0 venir.<br \/>\nApplication et pertinence\u00a0:<br \/>\nLe semis Prunus avium est le choix parfait pour la culture de grands cerisiers dans les vergers commerciaux, en milieu urbain, ainsi que pour la plantation dans les parcs et le long des voies publiques. Sa croissance vigoureuse et sa capacit\u00e9 \u00e0 produire de grands arbres rendent ce semis id\u00e9al pour les applications n\u00e9cessitant long\u00e9vit\u00e9 et productivit\u00e9 \u00e9lev\u00e9e.<\/p>","protected":false},"excerpt":{"rendered":"<p>Porte-greffe rustique \u00e0 forte croissance convenant aux cerises.<\/p>","protected":false},"featured_media":8090,"template":"","meta":{"_joinchat":[]},"product_brand":[],"product_cat":[264],"product_tag":[575,568,1015,570],"class_list":{"0":"post-8067","1":"product","2":"type-product","3":"status-publish","4":"has-post-thumbnail","6":"product_cat-prunus","7":"product_tag-kers","8":"product_tag-onderstam","9":"product_tag-rootstock","10":"product_tag-sterk-groeiend","12":"first","13":"outofstock","14":"taxable","15":"shipping-taxable","16":"purchasable","17":"product-type-simple"},"yoast_head":"<!-- This site is optimized with the Yoast SEO plugin v24.2 - https:\/\/yoast.com\/wordpress\/plugins\/seo\/ -->\n<title>Prunus avium zaailing 8mm+ entbaar kopen | Planten eenvoudig online bestellen | Schramas.com<\/title>\n<meta name=\"robots\" content=\"index, follow, max-snippet:-1, max-image-preview:large, max-video-preview:-1\" \/>\n<link rel=\"canonical\" href=\"https:\/\/www.schramas.com\/fr\/boutique\/prunus\/\" \/>\n<meta property=\"og:locale\" content=\"fr_FR\" \/>\n<meta property=\"og:type\" content=\"article\" \/>\n<meta property=\"og:title\" content=\"Prunus avium zaailing 8mm+ entbaar kopen | Planten eenvoudig online bestellen | Schramas.com\" \/>\n<meta property=\"og:description\" content=\"Sterkgroeiende winterharde onderstam geschikt voor kersen.\" \/>\n<meta property=\"og:url\" content=\"https:\/\/www.schramas.com\/fr\/boutique\/prunus\/\" \/>\n<meta property=\"og:site_name\" content=\"Planten eenvoudig online bestellen | Schramas.com\" \/>\n<meta property=\"article:publisher\" content=\"https:\/\/www.facebook.com\/Schramascom-106872874153195\/\" \/>\n<meta property=\"article:modified_time\" content=\"2026-04-01T15:51:18+00:00\" \/>\n<meta property=\"og:image\" content=\"http:\/\/www.schramas.com\/wp-content\/uploads\/2019\/11\/weigi-1-scaled.jpg\" \/>\n\t<meta property=\"og:image:width\" content=\"1920\" \/>\n\t<meta property=\"og:image:height\" content=\"2560\" \/>\n\t<meta property=\"og:image:type\" content=\"image\/jpeg\" \/>\n<meta name=\"twitter:card\" content=\"summary_large_image\" \/>\n<meta name=\"twitter:label1\" content=\"Dur\u00e9e de lecture estim\u00e9e\" \/>\n\t<meta name=\"twitter:data1\" content=\"1 minute\" \/>\n<script type=\"application\/ld+json\" class=\"yoast-schema-graph\">{\"@context\":\"https:\/\/schema.org\",\"@graph\":[{\"@type\":[\"WebPage\",\"ItemPage\"],\"@id\":\"https:\/\/www.schramas.com\/winkel\/prunus\/\",\"url\":\"https:\/\/www.schramas.com\/winkel\/prunus\/\",\"name\":\"Prunus avium zaailing 8mm+ entbaar kopen | Planten eenvoudig online bestellen | Schramas.com\",\"isPartOf\":{\"@id\":\"https:\/\/www.schramas.com\/#website\"},\"primaryImageOfPage\":{\"@id\":\"https:\/\/www.schramas.com\/winkel\/prunus\/#primaryimage\"},\"image\":{\"@id\":\"https:\/\/www.schramas.com\/winkel\/prunus\/#primaryimage\"},\"thumbnailUrl\":\"https:\/\/www.schramas.com\/wp-content\/uploads\/2019\/11\/weigi-1-scaled.jpg\",\"datePublished\":\"2019-11-15T19:28:24+00:00\",\"dateModified\":\"2026-04-01T15:51:18+00:00\",\"breadcrumb\":{\"@id\":\"https:\/\/www.schramas.com\/winkel\/prunus\/#breadcrumb\"},\"inLanguage\":\"fr-FR\",\"potentialAction\":[{\"@type\":\"ReadAction\",\"target\":[\"https:\/\/www.schramas.com\/winkel\/prunus\/\"]}]},{\"@type\":\"ImageObject\",\"inLanguage\":\"fr-FR\",\"@id\":\"https:\/\/www.schramas.com\/winkel\/prunus\/#primaryimage\",\"url\":\"https:\/\/www.schramas.com\/wp-content\/uploads\/2019\/11\/weigi-1-scaled.jpg\",\"contentUrl\":\"https:\/\/www.schramas.com\/wp-content\/uploads\/2019\/11\/weigi-1-scaled.jpg\",\"width\":1920,\"height\":2560},{\"@type\":\"BreadcrumbList\",\"@id\":\"https:\/\/www.schramas.com\/winkel\/prunus\/#breadcrumb\",\"itemListElement\":[{\"@type\":\"ListItem\",\"position\":1,\"name\":\"Product\",\"item\":\"https:\/\/www.schramas.com\/assortiment\/\"},{\"@type\":\"ListItem\",\"position\":2,\"name\":\"Zelf kweken \/ Onderstammen\",\"item\":\"https:\/\/www.schramas.com\/product-category\/zelf-kweken\/\"},{\"@type\":\"ListItem\",\"position\":3,\"name\":\"Onderstammen voor pruimen, kersen, abrikozen, nectarines en perziken\",\"item\":\"https:\/\/www.schramas.com\/product-category\/zelf-kweken\/prunus\/\"},{\"@type\":\"ListItem\",\"position\":4,\"name\":\"Prunus avium zaailing 8mm+ entbaar\"}]},{\"@type\":\"WebSite\",\"@id\":\"https:\/\/www.schramas.com\/#website\",\"url\":\"https:\/\/www.schramas.com\/\",\"name\":\"Schramas.com | Tuinplanten eenvoudig online bestellen | Direct van onze Kwekerij\",\"description\":\"\",\"alternateName\":\"Schramas.com - Alle planten direct van de kweker\",\"potentialAction\":[{\"@type\":\"SearchAction\",\"target\":{\"@type\":\"EntryPoint\",\"urlTemplate\":\"https:\/\/www.schramas.com\/?s={search_term_string}\"},\"query-input\":{\"@type\":\"PropertyValueSpecification\",\"valueRequired\":true,\"valueName\":\"search_term_string\"}}],\"inLanguage\":\"fr-FR\"}]}<\/script>\n<!-- \/ Yoast SEO plugin. -->","yoast_head_json":{"title":"Acheter Prunus avium semis 8mm+ greffable | Commandez facilement des plantes en ligne | Schramas.com","robots":{"index":"index","follow":"follow","max-snippet":"max-snippet:-1","max-image-preview":"max-image-preview:large","max-video-preview":"max-video-preview:-1"},"canonical":"https:\/\/www.schramas.com\/fr\/boutique\/prunus\/","og_locale":"fr_FR","og_type":"article","og_title":"Prunus avium zaailing 8mm+ entbaar kopen | Planten eenvoudig online bestellen | Schramas.com","og_description":"Sterkgroeiende winterharde onderstam geschikt voor kersen.","og_url":"https:\/\/www.schramas.com\/fr\/boutique\/prunus\/","og_site_name":"Planten eenvoudig online bestellen | Schramas.com","article_publisher":"https:\/\/www.facebook.com\/Schramascom-106872874153195\/","article_modified_time":"2026-04-01T15:51:18+00:00","og_image":[{"width":1920,"height":2560,"url":"http:\/\/www.schramas.com\/wp-content\/uploads\/2019\/11\/weigi-1-scaled.jpg","type":"image\/jpeg"}],"twitter_card":"summary_large_image","twitter_misc":{"Dur\u00e9e de lecture estim\u00e9e":"1 minute"},"schema":{"@context":"https:\/\/schema.org","@graph":[{"@type":["WebPage","ItemPage"],"@id":"https:\/\/www.schramas.com\/winkel\/prunus\/","url":"https:\/\/www.schramas.com\/winkel\/prunus\/","name":"Acheter Prunus avium semis 8mm+ greffable | Commandez facilement des plantes en ligne | Schramas.com","isPartOf":{"@id":"https:\/\/www.schramas.com\/#website"},"primaryImageOfPage":{"@id":"https:\/\/www.schramas.com\/winkel\/prunus\/#primaryimage"},"image":{"@id":"https:\/\/www.schramas.com\/winkel\/prunus\/#primaryimage"},"thumbnailUrl":"https:\/\/www.schramas.com\/wp-content\/uploads\/2019\/11\/weigi-1-scaled.jpg","datePublished":"2019-11-15T19:28:24+00:00","dateModified":"2026-04-01T15:51:18+00:00","breadcrumb":{"@id":"https:\/\/www.schramas.com\/winkel\/prunus\/#breadcrumb"},"inLanguage":"fr-FR","potentialAction":[{"@type":"ReadAction","target":["https:\/\/www.schramas.com\/winkel\/prunus\/"]}]},{"@type":"ImageObject","inLanguage":"fr-FR","@id":"https:\/\/www.schramas.com\/winkel\/prunus\/#primaryimage","url":"https:\/\/www.schramas.com\/wp-content\/uploads\/2019\/11\/weigi-1-scaled.jpg","contentUrl":"https:\/\/www.schramas.com\/wp-content\/uploads\/2019\/11\/weigi-1-scaled.jpg","width":1920,"height":2560},{"@type":"BreadcrumbList","@id":"https:\/\/www.schramas.com\/winkel\/prunus\/#breadcrumb","itemListElement":[{"@type":"ListItem","position":1,"name":"Product","item":"https:\/\/www.schramas.com\/assortiment\/"},{"@type":"ListItem","position":2,"name":"Zelf kweken \/ Onderstammen","item":"https:\/\/www.schramas.com\/product-category\/zelf-kweken\/"},{"@type":"ListItem","position":3,"name":"Onderstammen voor pruimen, kersen, abrikozen, nectarines en perziken","item":"https:\/\/www.schramas.com\/product-category\/zelf-kweken\/prunus\/"},{"@type":"ListItem","position":4,"name":"Prunus avium zaailing 8mm+ entbaar"}]},{"@type":"WebSite","@id":"https:\/\/www.schramas.com\/#website","url":"https:\/\/www.schramas.com\/","name":"Schramas.com | Plantes de jardin faciles \u00e0 commander en ligne | En direct de notre p\u00e9pini\u00e8re","description":"","alternateName":"Schramas.com - Alle planten direct van de kweker","potentialAction":[{"@type":"SearchAction","target":{"@type":"EntryPoint","urlTemplate":"https:\/\/www.schramas.com\/?s={search_term_string}"},"query-input":{"@type":"PropertyValueSpecification","valueRequired":true,"valueName":"search_term_string"}}],"inLanguage":"fr-FR"}]}},"_links":{"self":[{"href":"https:\/\/www.schramas.com\/fr\/wp-json\/wp\/v2\/product\/8067","targetHints":{"allow":["GET"]}}],"collection":[{"href":"https:\/\/www.schramas.com\/fr\/wp-json\/wp\/v2\/product"}],"about":[{"href":"https:\/\/www.schramas.com\/fr\/wp-json\/wp\/v2\/types\/product"}],"version-history":[{"count":1,"href":"https:\/\/www.schramas.com\/fr\/wp-json\/wp\/v2\/product\/8067\/revisions"}],"predecessor-version":[{"id":45139,"href":"https:\/\/www.schramas.com\/fr\/wp-json\/wp\/v2\/product\/8067\/revisions\/45139"}],"wp:featuredmedia":[{"embeddable":true,"href":"https:\/\/www.schramas.com\/fr\/wp-json\/wp\/v2\/media\/8090"}],"wp:attachment":[{"href":"https:\/\/www.schramas.com\/fr\/wp-json\/wp\/v2\/media?parent=8067"}],"wp:term":[{"taxonomy":"product_brand","embeddable":true,"href":"https:\/\/www.schramas.com\/fr\/wp-json\/wp\/v2\/product_brand?post=8067"},{"taxonomy":"product_cat","embeddable":true,"href":"https:\/\/www.schramas.com\/fr\/wp-json\/wp\/v2\/product_cat?post=8067"},{"taxonomy":"product_tag","embeddable":true,"href":"https:\/\/www.schramas.com\/fr\/wp-json\/wp\/v2\/product_tag?post=8067"}],"curies":[{"name":"wp","href":"https:\/\/api.w.org\/{rel}","templated":true}]}}