{"id":8201,"date":"2019-11-18T16:44:46","date_gmt":"2019-11-18T15:44:46","guid":{"rendered":"https:\/\/www.schramas.com\/?post_type=product&#038;p=8201"},"modified":"2026-05-01T12:25:17","modified_gmt":"2026-05-01T10:25:17","slug":"materiau-de-reliure","status":"publish","type":"product","link":"https:\/\/www.schramas.com\/fr\/boutique\/materiau-de-reliure\/","title":{"rendered":"Ruban pour greffage d'arbres fruitiers - largeur 30mm - autocollant - longueur 100m - ruban pour greffage et oculage"},"content":{"rendered":"<p><strong>Ruban autocollant \u00e0 utiliser pour la finition \u00e0 la main, aussi bien \u00e0 l&#039;int\u00e9rieur qu&#039;\u00e0 l&#039;ext\u00e9rieur.<\/strong><\/p>\n<p>Ruban de greffage \u2013 la solution parfaite pour greffer et inoculer des arbres fruitiers. Ce ruban de haute qualit\u00e9 est sp\u00e9cialement con\u00e7u pour faciliter l&#039;adh\u00e9sion des boutures de greffage et du greffon, afin que vous puissiez greffer sans soucis et favoriser le processus de croissance.<\/p>\n<p>Fabriqu\u00e9 \u00e0 partir d&#039;un mat\u00e9riau doux et \u00e9lastique, ce ruban de greffage assure une \u00e9tanch\u00e9it\u00e9 ferme et \u00e9tanche, emp\u00eachant le dess\u00e8chement et l&#039;infection du joint de greffage. De plus, le ruban est facile \u00e0 utiliser et \u00e0 appliquer sur les surfaces coupantes des boutures.<\/p>\n<p>Investissez dans la meilleure qualit\u00e9 pour vos arbres fruitiers et commandez d\u00e8s maintenant notre ruban de greffage. Id\u00e9al pour les jardiniers professionnels et amateurs.<\/p>\n<p>Dimensions : 100mx30mm<\/p>","protected":false},"excerpt":{"rendered":"<p>Ruban autocollant \u00e0 utiliser pour la finition \u00e0 la main, aussi bien \u00e0 l&#039;int\u00e9rieur qu&#039;\u00e0 l&#039;ext\u00e9rieur.<\/p>\n<p>Dimensions : 100mx30mm<\/p>","protected":false},"featured_media":44680,"template":"","meta":{"_joinchat":[]},"product_brand":[],"product_cat":[137,144],"product_tag":[560,567,566,563],"class_list":{"0":"post-8201","1":"product","2":"type-product","3":"status-publish","4":"has-post-thumbnail","6":"product_cat-accessoires","7":"product_cat-bindmateriaal","8":"product_tag-enten","9":"product_tag-enttape","10":"product_tag-tape","11":"product_tag-veredelen","13":"first","14":"instock","15":"taxable","16":"shipping-taxable","17":"purchasable","18":"product-type-simple"},"yoast_head":"<!-- This site is optimized with the Yoast SEO plugin v24.2 - https:\/\/yoast.com\/wordpress\/plugins\/seo\/ -->\n<title>Fruitbomen enttape - 30mm breed - Zelfklevend - 100m lengte - tape voor enten en oculeren kopen | Planten eenvoudig online bestellen | Schramas.com<\/title>\n<meta name=\"robots\" content=\"index, follow, max-snippet:-1, max-image-preview:large, max-video-preview:-1\" \/>\n<link rel=\"canonical\" href=\"https:\/\/www.schramas.com\/fr\/boutique\/materiau-de-reliure\/\" \/>\n<meta property=\"og:locale\" content=\"fr_FR\" \/>\n<meta property=\"og:type\" content=\"article\" \/>\n<meta property=\"og:title\" content=\"Fruitbomen enttape - 30mm breed - Zelfklevend - 100m lengte - tape voor enten en oculeren kopen | Planten eenvoudig online bestellen | Schramas.com\" \/>\n<meta property=\"og:description\" content=\"Zelfklevende tape te gebruiken voor handveredelingen, zowel buiten als binnen.  Afmetingen: 100mx30mm\" \/>\n<meta property=\"og:url\" content=\"https:\/\/www.schramas.com\/fr\/boutique\/materiau-de-reliure\/\" \/>\n<meta property=\"og:site_name\" content=\"Planten eenvoudig online bestellen | Schramas.com\" \/>\n<meta property=\"article:publisher\" content=\"https:\/\/www.facebook.com\/Schramascom-106872874153195\/\" \/>\n<meta property=\"article:modified_time\" content=\"2026-05-01T10:25:17+00:00\" \/>\n<meta property=\"og:image\" content=\"http:\/\/www.schramas.com\/wp-content\/uploads\/2019\/11\/enttapesfeer2.jpg\" \/>\n\t<meta property=\"og:image:width\" content=\"1200\" \/>\n\t<meta property=\"og:image:height\" content=\"1200\" \/>\n\t<meta property=\"og:image:type\" content=\"image\/jpeg\" \/>\n<meta name=\"twitter:card\" content=\"summary_large_image\" \/>\n<meta name=\"twitter:label1\" content=\"Dur\u00e9e de lecture estim\u00e9e\" \/>\n\t<meta name=\"twitter:data1\" content=\"1 minute\" \/>\n<script type=\"application\/ld+json\" class=\"yoast-schema-graph\">{\"@context\":\"https:\/\/schema.org\",\"@graph\":[{\"@type\":[\"WebPage\",\"ItemPage\"],\"@id\":\"https:\/\/www.schramas.com\/winkel\/bindmateriaal\/\",\"url\":\"https:\/\/www.schramas.com\/winkel\/bindmateriaal\/\",\"name\":\"Fruitbomen enttape - 30mm breed - Zelfklevend - 100m lengte - tape voor enten en oculeren kopen | Planten eenvoudig online bestellen | Schramas.com\",\"isPartOf\":{\"@id\":\"https:\/\/www.schramas.com\/#website\"},\"primaryImageOfPage\":{\"@id\":\"https:\/\/www.schramas.com\/winkel\/bindmateriaal\/#primaryimage\"},\"image\":{\"@id\":\"https:\/\/www.schramas.com\/winkel\/bindmateriaal\/#primaryimage\"},\"thumbnailUrl\":\"https:\/\/www.schramas.com\/wp-content\/uploads\/2019\/11\/enttapesfeer2.jpg\",\"datePublished\":\"2019-11-18T15:44:46+00:00\",\"dateModified\":\"2026-05-01T10:25:17+00:00\",\"breadcrumb\":{\"@id\":\"https:\/\/www.schramas.com\/winkel\/bindmateriaal\/#breadcrumb\"},\"inLanguage\":\"fr-FR\",\"potentialAction\":[{\"@type\":\"ReadAction\",\"target\":[\"https:\/\/www.schramas.com\/winkel\/bindmateriaal\/\"]}]},{\"@type\":\"ImageObject\",\"inLanguage\":\"fr-FR\",\"@id\":\"https:\/\/www.schramas.com\/winkel\/bindmateriaal\/#primaryimage\",\"url\":\"https:\/\/www.schramas.com\/wp-content\/uploads\/2019\/11\/enttapesfeer2.jpg\",\"contentUrl\":\"https:\/\/www.schramas.com\/wp-content\/uploads\/2019\/11\/enttapesfeer2.jpg\",\"width\":1200,\"height\":1200},{\"@type\":\"BreadcrumbList\",\"@id\":\"https:\/\/www.schramas.com\/winkel\/bindmateriaal\/#breadcrumb\",\"itemListElement\":[{\"@type\":\"ListItem\",\"position\":1,\"name\":\"Product\",\"item\":\"https:\/\/www.schramas.com\/assortiment\/\"},{\"@type\":\"ListItem\",\"position\":2,\"name\":\"Accessoires\",\"item\":\"https:\/\/www.schramas.com\/product-category\/accessoires\/\"},{\"@type\":\"ListItem\",\"position\":3,\"name\":\"Bindmateriaal\",\"item\":\"https:\/\/www.schramas.com\/product-category\/accessoires\/bindmateriaal\/\"},{\"@type\":\"ListItem\",\"position\":4,\"name\":\"Fruitbomen enttape &#8211; 30mm breed &#8211; Zelfklevend &#8211; 100m lengte &#8211; tape voor enten en oculeren\"}]},{\"@type\":\"WebSite\",\"@id\":\"https:\/\/www.schramas.com\/#website\",\"url\":\"https:\/\/www.schramas.com\/\",\"name\":\"Schramas.com | Tuinplanten eenvoudig online bestellen | Direct van onze Kwekerij\",\"description\":\"\",\"alternateName\":\"Schramas.com - Alle planten direct van de kweker\",\"potentialAction\":[{\"@type\":\"SearchAction\",\"target\":{\"@type\":\"EntryPoint\",\"urlTemplate\":\"https:\/\/www.schramas.com\/?s={search_term_string}\"},\"query-input\":{\"@type\":\"PropertyValueSpecification\",\"valueRequired\":true,\"valueName\":\"search_term_string\"}}],\"inLanguage\":\"fr-FR\"}]}<\/script>\n<!-- \/ Yoast SEO plugin. -->","yoast_head_json":{"title":"Ruban de greffage pour arbres fruitiers - 30 mm de large - Autocollant - Longueur 100 m - acheter du ruban pour greffage et greffage | Commandez facilement des plantes en ligne | Schramas.com","robots":{"index":"index","follow":"follow","max-snippet":"max-snippet:-1","max-image-preview":"max-image-preview:large","max-video-preview":"max-video-preview:-1"},"canonical":"https:\/\/www.schramas.com\/fr\/boutique\/materiau-de-reliure\/","og_locale":"fr_FR","og_type":"article","og_title":"Fruitbomen enttape - 30mm breed - Zelfklevend - 100m lengte - tape voor enten en oculeren kopen | Planten eenvoudig online bestellen | Schramas.com","og_description":"Zelfklevende tape te gebruiken voor handveredelingen, zowel buiten als binnen.  Afmetingen: 100mx30mm","og_url":"https:\/\/www.schramas.com\/fr\/boutique\/materiau-de-reliure\/","og_site_name":"Planten eenvoudig online bestellen | Schramas.com","article_publisher":"https:\/\/www.facebook.com\/Schramascom-106872874153195\/","article_modified_time":"2026-05-01T10:25:17+00:00","og_image":[{"width":1200,"height":1200,"url":"http:\/\/www.schramas.com\/wp-content\/uploads\/2019\/11\/enttapesfeer2.jpg","type":"image\/jpeg"}],"twitter_card":"summary_large_image","twitter_misc":{"Dur\u00e9e de lecture estim\u00e9e":"1 minute"},"schema":{"@context":"https:\/\/schema.org","@graph":[{"@type":["WebPage","ItemPage"],"@id":"https:\/\/www.schramas.com\/winkel\/bindmateriaal\/","url":"https:\/\/www.schramas.com\/winkel\/bindmateriaal\/","name":"Ruban de greffage pour arbres fruitiers - 30 mm de large - Autocollant - Longueur 100 m - acheter du ruban pour greffage et greffage | Commandez facilement des plantes en ligne | Schramas.com","isPartOf":{"@id":"https:\/\/www.schramas.com\/#website"},"primaryImageOfPage":{"@id":"https:\/\/www.schramas.com\/winkel\/bindmateriaal\/#primaryimage"},"image":{"@id":"https:\/\/www.schramas.com\/winkel\/bindmateriaal\/#primaryimage"},"thumbnailUrl":"https:\/\/www.schramas.com\/wp-content\/uploads\/2019\/11\/enttapesfeer2.jpg","datePublished":"2019-11-18T15:44:46+00:00","dateModified":"2026-05-01T10:25:17+00:00","breadcrumb":{"@id":"https:\/\/www.schramas.com\/winkel\/bindmateriaal\/#breadcrumb"},"inLanguage":"fr-FR","potentialAction":[{"@type":"ReadAction","target":["https:\/\/www.schramas.com\/winkel\/bindmateriaal\/"]}]},{"@type":"ImageObject","inLanguage":"fr-FR","@id":"https:\/\/www.schramas.com\/winkel\/bindmateriaal\/#primaryimage","url":"https:\/\/www.schramas.com\/wp-content\/uploads\/2019\/11\/enttapesfeer2.jpg","contentUrl":"https:\/\/www.schramas.com\/wp-content\/uploads\/2019\/11\/enttapesfeer2.jpg","width":1200,"height":1200},{"@type":"BreadcrumbList","@id":"https:\/\/www.schramas.com\/winkel\/bindmateriaal\/#breadcrumb","itemListElement":[{"@type":"ListItem","position":1,"name":"Product","item":"https:\/\/www.schramas.com\/assortiment\/"},{"@type":"ListItem","position":2,"name":"Accessoires","item":"https:\/\/www.schramas.com\/product-category\/accessoires\/"},{"@type":"ListItem","position":3,"name":"Bindmateriaal","item":"https:\/\/www.schramas.com\/product-category\/accessoires\/bindmateriaal\/"},{"@type":"ListItem","position":4,"name":"Fruitbomen enttape &#8211; 30mm breed &#8211; Zelfklevend &#8211; 100m lengte &#8211; tape voor enten en oculeren"}]},{"@type":"WebSite","@id":"https:\/\/www.schramas.com\/#website","url":"https:\/\/www.schramas.com\/","name":"Schramas.com | Plantes de jardin faciles \u00e0 commander en ligne | En direct de notre p\u00e9pini\u00e8re","description":"","alternateName":"Schramas.com - Alle planten direct van de kweker","potentialAction":[{"@type":"SearchAction","target":{"@type":"EntryPoint","urlTemplate":"https:\/\/www.schramas.com\/?s={search_term_string}"},"query-input":{"@type":"PropertyValueSpecification","valueRequired":true,"valueName":"search_term_string"}}],"inLanguage":"fr-FR"}]}},"_links":{"self":[{"href":"https:\/\/www.schramas.com\/fr\/wp-json\/wp\/v2\/product\/8201","targetHints":{"allow":["GET"]}}],"collection":[{"href":"https:\/\/www.schramas.com\/fr\/wp-json\/wp\/v2\/product"}],"about":[{"href":"https:\/\/www.schramas.com\/fr\/wp-json\/wp\/v2\/types\/product"}],"version-history":[{"count":1,"href":"https:\/\/www.schramas.com\/fr\/wp-json\/wp\/v2\/product\/8201\/revisions"}],"predecessor-version":[{"id":42983,"href":"https:\/\/www.schramas.com\/fr\/wp-json\/wp\/v2\/product\/8201\/revisions\/42983"}],"wp:featuredmedia":[{"embeddable":true,"href":"https:\/\/www.schramas.com\/fr\/wp-json\/wp\/v2\/media\/44680"}],"wp:attachment":[{"href":"https:\/\/www.schramas.com\/fr\/wp-json\/wp\/v2\/media?parent=8201"}],"wp:term":[{"taxonomy":"product_brand","embeddable":true,"href":"https:\/\/www.schramas.com\/fr\/wp-json\/wp\/v2\/product_brand?post=8201"},{"taxonomy":"product_cat","embeddable":true,"href":"https:\/\/www.schramas.com\/fr\/wp-json\/wp\/v2\/product_cat?post=8201"},{"taxonomy":"product_tag","embeddable":true,"href":"https:\/\/www.schramas.com\/fr\/wp-json\/wp\/v2\/product_tag?post=8201"}],"curies":[{"name":"wp","href":"https:\/\/api.w.org\/{rel}","templated":true}]}}