{"id":83,"date":"2013-06-07T11:33:05","date_gmt":"2013-06-07T09:33:05","guid":{"rendered":"http:\/\/demo2.woothemes.com\/woocommerce\/?post_type=product&#038;p=83"},"modified":"2026-04-16T18:52:04","modified_gmt":"2026-04-16T16:52:04","slug":"riche-en-or","status":"publish","type":"product","link":"https:\/\/www.schramas.com\/fr\/boutique\/riche-en-or\/","title":{"rendered":"Prunus armeniaca 'Goldrich' abricot, pot de 5 litres"},"content":{"rendered":"<p>Le Prunus Armenica Goldrich est un abricotier aux gros fruits sucr\u00e9s de beaux fruits jaune orang\u00e9. Cet arbre est peu sensible aux maladies et fleurit \u00e0 la mi-mars. En raison de la floraison pr\u00e9coce des abricots, il est conseill\u00e9 de prot\u00e9ger les fleurs des gel\u00e9es nocturnes et de planter l&#039;arbre dans un endroit abrit\u00e9 et ensoleill\u00e9. Cet abricot vous est propos\u00e9 par schramas.com avec une hauteur de plante de 70 cm dans un grand pot de 3 litres.<\/p>","protected":false},"excerpt":{"rendered":"<p>Prunus Armenica &#039;Goldrich&#039;<\/p>\n<p>Abricot<\/p>\n<p>Go\u00fbt : doux<\/p>\n<p>Couleur du fruit : jaune orang\u00e9<\/p>\n<p>Hauteur maximale : environ 3,5 \u00e0 4 m\u00e8tres en pleine terre selon la taille et le porte-greffe<\/p>\n<p>Autopollinisation<\/p>\n<p>Hauteur de livraison, pot compris : environ 70 cm<\/p>\n<p>Taille du pot : 3 litres<\/p>\n<p>Convient aussi bien pour les terrasses que pour les espaces verts (dans un endroit abrit\u00e9 et ensoleill\u00e9).<\/p>","protected":false},"featured_media":53442,"template":"","meta":{"_joinchat":[]},"product_brand":[],"product_cat":[21,262,233],"product_tag":[309,327,719,312,351,316,328],"class_list":{"0":"post-83","1":"product","2":"type-product","3":"status-publish","4":"has-post-thumbnail","6":"product_cat-abrikozen","7":"product_cat-bomen-struiken","8":"product_cat-fruitbomen","9":"product_tag-abrikoos","10":"product_tag-goldrich","11":"product_tag-oranje-geel","12":"product_tag-steenvrucht","13":"product_tag-winterhard","14":"product_tag-zelfbestuivend","15":"product_tag-zoet","16":"pa_bloeimaanden-maart","17":"pa_ewd_uwcf_colors-oranje","18":"pa_groeihoogte-300-cm","19":"pa_pot-met-pot","21":"first","22":"outofstock","23":"downloadable","24":"taxable","25":"shipping-taxable","26":"purchasable","27":"product-type-simple"},"yoast_head":"<!-- This site is optimized with the Yoast SEO plugin v24.2 - https:\/\/yoast.com\/wordpress\/plugins\/seo\/ -->\n<title>Prunus armeniaca &#039;Goldrich&#039; abrikoos, 5 liter pot kopen | Planten eenvoudig online bestellen | Schramas.com<\/title>\n<meta name=\"robots\" content=\"index, follow, max-snippet:-1, max-image-preview:large, max-video-preview:-1\" \/>\n<link rel=\"canonical\" href=\"https:\/\/www.schramas.com\/fr\/boutique\/riche-en-or\/\" \/>\n<meta property=\"og:locale\" content=\"fr_FR\" \/>\n<meta property=\"og:type\" content=\"article\" \/>\n<meta property=\"og:title\" content=\"Prunus armeniaca &#039;Goldrich&#039; abrikoos, 5 liter pot kopen | Planten eenvoudig online bestellen | Schramas.com\" \/>\n<meta property=\"og:description\" content=\"Prunus Armeniaca &#039;Goldrich&#039;  Abrikoos  Smaak: zoet  Kleur vrucht: oranje geel  Hoogte max: ca. 3,5 -4 meter in volle grond afhankelijk van snoei en onderstam  Zelfbestuivend  Leverhoogte incl. pot: ca. 70 cm  Potmaat: 3 liter  Geschikt voor zowel patio als volle grond (op beschutte en zonnige plek)\" \/>\n<meta property=\"og:url\" content=\"https:\/\/www.schramas.com\/fr\/boutique\/riche-en-or\/\" \/>\n<meta property=\"og:site_name\" content=\"Planten eenvoudig online bestellen | Schramas.com\" \/>\n<meta property=\"article:publisher\" content=\"https:\/\/www.facebook.com\/Schramascom-106872874153195\/\" \/>\n<meta property=\"article:modified_time\" content=\"2026-04-16T16:52:04+00:00\" \/>\n<meta property=\"og:image\" content=\"http:\/\/www.schramas.com\/wp-content\/uploads\/2013\/06\/Goldrich-sfeer.webp\" \/>\n\t<meta property=\"og:image:width\" content=\"800\" \/>\n\t<meta property=\"og:image:height\" content=\"800\" \/>\n\t<meta property=\"og:image:type\" content=\"image\/webp\" \/>\n<meta name=\"twitter:card\" content=\"summary_large_image\" \/>\n<script type=\"application\/ld+json\" class=\"yoast-schema-graph\">{\"@context\":\"https:\/\/schema.org\",\"@graph\":[{\"@type\":[\"WebPage\",\"ItemPage\"],\"@id\":\"https:\/\/www.schramas.com\/winkel\/goldrich\/\",\"url\":\"https:\/\/www.schramas.com\/winkel\/goldrich\/\",\"name\":\"Prunus armeniaca 'Goldrich' abrikoos, 5 liter pot kopen | Planten eenvoudig online bestellen | Schramas.com\",\"isPartOf\":{\"@id\":\"https:\/\/www.schramas.com\/#website\"},\"primaryImageOfPage\":{\"@id\":\"https:\/\/www.schramas.com\/winkel\/goldrich\/#primaryimage\"},\"image\":{\"@id\":\"https:\/\/www.schramas.com\/winkel\/goldrich\/#primaryimage\"},\"thumbnailUrl\":\"https:\/\/www.schramas.com\/wp-content\/uploads\/2013\/06\/Goldrich-sfeer.webp\",\"datePublished\":\"2013-06-07T09:33:05+00:00\",\"dateModified\":\"2026-04-16T16:52:04+00:00\",\"breadcrumb\":{\"@id\":\"https:\/\/www.schramas.com\/winkel\/goldrich\/#breadcrumb\"},\"inLanguage\":\"fr-FR\",\"potentialAction\":[{\"@type\":\"ReadAction\",\"target\":[\"https:\/\/www.schramas.com\/winkel\/goldrich\/\"]}]},{\"@type\":\"ImageObject\",\"inLanguage\":\"fr-FR\",\"@id\":\"https:\/\/www.schramas.com\/winkel\/goldrich\/#primaryimage\",\"url\":\"https:\/\/www.schramas.com\/wp-content\/uploads\/2013\/06\/Goldrich-sfeer.webp\",\"contentUrl\":\"https:\/\/www.schramas.com\/wp-content\/uploads\/2013\/06\/Goldrich-sfeer.webp\",\"width\":800,\"height\":800},{\"@type\":\"BreadcrumbList\",\"@id\":\"https:\/\/www.schramas.com\/winkel\/goldrich\/#breadcrumb\",\"itemListElement\":[{\"@type\":\"ListItem\",\"position\":1,\"name\":\"Product\",\"item\":\"https:\/\/www.schramas.com\/assortiment\/\"},{\"@type\":\"ListItem\",\"position\":2,\"name\":\"Bomen &amp; Struiken\",\"item\":\"https:\/\/www.schramas.com\/product-category\/bomen-struiken\/\"},{\"@type\":\"ListItem\",\"position\":3,\"name\":\"Fruitbomen\",\"item\":\"https:\/\/www.schramas.com\/product-category\/bomen-struiken\/fruitbomen\/\"},{\"@type\":\"ListItem\",\"position\":4,\"name\":\"Prunus armeniaca &#8216;Goldrich&#8217; abrikoos, 5 liter pot\"}]},{\"@type\":\"WebSite\",\"@id\":\"https:\/\/www.schramas.com\/#website\",\"url\":\"https:\/\/www.schramas.com\/\",\"name\":\"Schramas.com | Tuinplanten eenvoudig online bestellen | Direct van onze Kwekerij\",\"description\":\"\",\"alternateName\":\"Schramas.com - Alle planten direct van de kweker\",\"potentialAction\":[{\"@type\":\"SearchAction\",\"target\":{\"@type\":\"EntryPoint\",\"urlTemplate\":\"https:\/\/www.schramas.com\/?s={search_term_string}\"},\"query-input\":{\"@type\":\"PropertyValueSpecification\",\"valueRequired\":true,\"valueName\":\"search_term_string\"}}],\"inLanguage\":\"fr-FR\"}]}<\/script>\n<!-- \/ Yoast SEO plugin. -->","yoast_head_json":{"title":"Prunus armeniaca 'Goldrich' abrikoos, 5 liter pot kopen | Planten eenvoudig online bestellen | Schramas.com","robots":{"index":"index","follow":"follow","max-snippet":"max-snippet:-1","max-image-preview":"max-image-preview:large","max-video-preview":"max-video-preview:-1"},"canonical":"https:\/\/www.schramas.com\/fr\/boutique\/riche-en-or\/","og_locale":"fr_FR","og_type":"article","og_title":"Prunus armeniaca 'Goldrich' abrikoos, 5 liter pot kopen | Planten eenvoudig online bestellen | Schramas.com","og_description":"Prunus Armeniaca 'Goldrich'  Abrikoos  Smaak: zoet  Kleur vrucht: oranje geel  Hoogte max: ca. 3,5 -4 meter in volle grond afhankelijk van snoei en onderstam  Zelfbestuivend  Leverhoogte incl. pot: ca. 70 cm  Potmaat: 3 liter  Geschikt voor zowel patio als volle grond (op beschutte en zonnige plek)","og_url":"https:\/\/www.schramas.com\/fr\/boutique\/riche-en-or\/","og_site_name":"Planten eenvoudig online bestellen | Schramas.com","article_publisher":"https:\/\/www.facebook.com\/Schramascom-106872874153195\/","article_modified_time":"2026-04-16T16:52:04+00:00","og_image":[{"width":800,"height":800,"url":"http:\/\/www.schramas.com\/wp-content\/uploads\/2013\/06\/Goldrich-sfeer.webp","type":"image\/webp"}],"twitter_card":"summary_large_image","schema":{"@context":"https:\/\/schema.org","@graph":[{"@type":["WebPage","ItemPage"],"@id":"https:\/\/www.schramas.com\/winkel\/goldrich\/","url":"https:\/\/www.schramas.com\/winkel\/goldrich\/","name":"Prunus armeniaca 'Goldrich' abrikoos, 5 liter pot kopen | Planten eenvoudig online bestellen | Schramas.com","isPartOf":{"@id":"https:\/\/www.schramas.com\/#website"},"primaryImageOfPage":{"@id":"https:\/\/www.schramas.com\/winkel\/goldrich\/#primaryimage"},"image":{"@id":"https:\/\/www.schramas.com\/winkel\/goldrich\/#primaryimage"},"thumbnailUrl":"https:\/\/www.schramas.com\/wp-content\/uploads\/2013\/06\/Goldrich-sfeer.webp","datePublished":"2013-06-07T09:33:05+00:00","dateModified":"2026-04-16T16:52:04+00:00","breadcrumb":{"@id":"https:\/\/www.schramas.com\/winkel\/goldrich\/#breadcrumb"},"inLanguage":"fr-FR","potentialAction":[{"@type":"ReadAction","target":["https:\/\/www.schramas.com\/winkel\/goldrich\/"]}]},{"@type":"ImageObject","inLanguage":"fr-FR","@id":"https:\/\/www.schramas.com\/winkel\/goldrich\/#primaryimage","url":"https:\/\/www.schramas.com\/wp-content\/uploads\/2013\/06\/Goldrich-sfeer.webp","contentUrl":"https:\/\/www.schramas.com\/wp-content\/uploads\/2013\/06\/Goldrich-sfeer.webp","width":800,"height":800},{"@type":"BreadcrumbList","@id":"https:\/\/www.schramas.com\/winkel\/goldrich\/#breadcrumb","itemListElement":[{"@type":"ListItem","position":1,"name":"Product","item":"https:\/\/www.schramas.com\/assortiment\/"},{"@type":"ListItem","position":2,"name":"Bomen &amp; Struiken","item":"https:\/\/www.schramas.com\/product-category\/bomen-struiken\/"},{"@type":"ListItem","position":3,"name":"Fruitbomen","item":"https:\/\/www.schramas.com\/product-category\/bomen-struiken\/fruitbomen\/"},{"@type":"ListItem","position":4,"name":"Prunus armeniaca &#8216;Goldrich&#8217; abrikoos, 5 liter pot"}]},{"@type":"WebSite","@id":"https:\/\/www.schramas.com\/#website","url":"https:\/\/www.schramas.com\/","name":"Schramas.com | Plantes de jardin faciles \u00e0 commander en ligne | En direct de notre p\u00e9pini\u00e8re","description":"","alternateName":"Schramas.com - Alle planten direct van de kweker","potentialAction":[{"@type":"SearchAction","target":{"@type":"EntryPoint","urlTemplate":"https:\/\/www.schramas.com\/?s={search_term_string}"},"query-input":{"@type":"PropertyValueSpecification","valueRequired":true,"valueName":"search_term_string"}}],"inLanguage":"fr-FR"}]}},"_links":{"self":[{"href":"https:\/\/www.schramas.com\/fr\/wp-json\/wp\/v2\/product\/83","targetHints":{"allow":["GET"]}}],"collection":[{"href":"https:\/\/www.schramas.com\/fr\/wp-json\/wp\/v2\/product"}],"about":[{"href":"https:\/\/www.schramas.com\/fr\/wp-json\/wp\/v2\/types\/product"}],"version-history":[{"count":1,"href":"https:\/\/www.schramas.com\/fr\/wp-json\/wp\/v2\/product\/83\/revisions"}],"predecessor-version":[{"id":50679,"href":"https:\/\/www.schramas.com\/fr\/wp-json\/wp\/v2\/product\/83\/revisions\/50679"}],"wp:featuredmedia":[{"embeddable":true,"href":"https:\/\/www.schramas.com\/fr\/wp-json\/wp\/v2\/media\/53442"}],"wp:attachment":[{"href":"https:\/\/www.schramas.com\/fr\/wp-json\/wp\/v2\/media?parent=83"}],"wp:term":[{"taxonomy":"product_brand","embeddable":true,"href":"https:\/\/www.schramas.com\/fr\/wp-json\/wp\/v2\/product_brand?post=83"},{"taxonomy":"product_cat","embeddable":true,"href":"https:\/\/www.schramas.com\/fr\/wp-json\/wp\/v2\/product_cat?post=83"},{"taxonomy":"product_tag","embeddable":true,"href":"https:\/\/www.schramas.com\/fr\/wp-json\/wp\/v2\/product_tag?post=83"}],"curies":[{"name":"wp","href":"https:\/\/api.w.org\/{rel}","templated":true}]}}