{"id":8420,"date":"2019-11-29T17:01:34","date_gmt":"2019-11-29T16:01:34","guid":{"rendered":"https:\/\/www.schramas.com\/?post_type=product&#038;p=8420"},"modified":"2026-04-14T15:24:50","modified_gmt":"2026-04-14T13:24:50","slug":"ceanothus-impressus-sky-lark-pot-de-2-litres","status":"publish","type":"product","link":"https:\/\/www.schramas.com\/fr\/boutique\/ceanothus-impressus-sky-lark-pot-de-2-litres\/","title":{"rendered":"Ceanothus impressus 'Skylark' Lilas d'Am\u00e9rique, pot de 2 litres"},"content":{"rendered":"<p>Cette plante donne une mer de fleurs bleues dans le jardin et est \u00e9galement persistante en hiver ! C'est une bonne plante porteuse pour les insectes b\u00e9n\u00e9fiques comme les abeilles et les papillons.<\/p>","protected":false},"excerpt":{"rendered":"<p>Ceanothus impressus 'Skylark' (alouette)<\/p>\n<p>Lilas d'Am\u00e9rique.<\/p>\n<p>Inflorescence : Fleur bleue\/pourpre. Juin\/Ao\u00fbt.<\/p>\n<p>Hauteur maximale 100 - 200 cm<\/p>\n<p>Rester vert.<\/p>\n<p>R\u00e9sistant jusqu'\u00e0 -15<\/p>\n<p>Hauteur de livraison, pot compris : 40-50 cm<\/p>\n<p>Taille du pot : pot de 2 litres<\/p>","protected":false},"featured_media":51177,"template":"","meta":{"_joinchat":[]},"product_brand":[],"product_cat":[303,300,229,305],"product_tag":[502,503,505,501,499,495,504,351],"class_list":{"0":"post-8420","1":"product","2":"type-product","3":"status-publish","4":"has-post-thumbnail","6":"product_cat-groenblijvende-heesters","7":"product_cat-heesters","8":"product_cat-sierheesters","9":"product_cat-planten-heesters","10":"product_tag-amerikaanse-sering","11":"product_tag-bijenplant","12":"product_tag-blauw-paars","13":"product_tag-ceanothus","14":"product_tag-groenblijvend","15":"product_tag-sierheester","16":"product_tag-vlinderplant","17":"product_tag-winterhard","18":"pa_bloeimaanden-juni","19":"pa_bloeimaanden-augustus","20":"pa_groeihoogte-150-200-cm","21":"pa_pot-zonder-pot","23":"first","24":"instock","25":"taxable","26":"shipping-taxable","27":"purchasable","28":"product-type-simple"},"yoast_head":"<!-- This site is optimized with the Yoast SEO plugin v24.2 - https:\/\/yoast.com\/wordpress\/plugins\/seo\/ -->\n<title>Ceanothus impressus &#039;Skylark&#039; Amerikaanse sering, 2 liter pot kopen | Planten eenvoudig online bestellen | Schramas.com<\/title>\n<meta name=\"robots\" content=\"index, follow, max-snippet:-1, max-image-preview:large, max-video-preview:-1\" \/>\n<link rel=\"canonical\" href=\"https:\/\/www.schramas.com\/fr\/boutique\/ceanothus-impressus-sky-lark-pot-de-2-litres\/\" \/>\n<meta property=\"og:locale\" content=\"fr_FR\" \/>\n<meta property=\"og:type\" content=\"article\" \/>\n<meta property=\"og:title\" content=\"Ceanothus impressus &#039;Skylark&#039; Amerikaanse sering, 2 liter pot kopen | Planten eenvoudig online bestellen | Schramas.com\" \/>\n<meta property=\"og:description\" content=\"Ceanothus impressus &#039;Skylark&#039;  Amerikaanse sering.  Bloeiwijze: Blauw\/paarse bloem. Juni\/ Aug.  Max. hoogte 100 - 200 cm  Groen blijvend.  Winterhard tot -15  Leverhoogte incl. pot: 40- 50 cm  Potmaat: 2 liter pot\" \/>\n<meta property=\"og:url\" content=\"https:\/\/www.schramas.com\/fr\/boutique\/ceanothus-impressus-sky-lark-pot-de-2-litres\/\" \/>\n<meta property=\"og:site_name\" content=\"Planten eenvoudig online bestellen | Schramas.com\" \/>\n<meta property=\"article:publisher\" content=\"https:\/\/www.facebook.com\/Schramascom-106872874153195\/\" \/>\n<meta property=\"article:modified_time\" content=\"2026-04-14T13:24:50+00:00\" \/>\n<meta property=\"og:image\" content=\"http:\/\/www.schramas.com\/wp-content\/uploads\/2019\/11\/Ceanothus-skylark-sfeer.webp\" \/>\n\t<meta property=\"og:image:width\" content=\"800\" \/>\n\t<meta property=\"og:image:height\" content=\"800\" \/>\n\t<meta property=\"og:image:type\" content=\"image\/webp\" \/>\n<meta name=\"twitter:card\" content=\"summary_large_image\" \/>\n<script type=\"application\/ld+json\" class=\"yoast-schema-graph\">{\"@context\":\"https:\/\/schema.org\",\"@graph\":[{\"@type\":[\"WebPage\",\"ItemPage\"],\"@id\":\"https:\/\/www.schramas.com\/winkel\/ceanothus-impressus-sky-lark-2-liter-pot\/\",\"url\":\"https:\/\/www.schramas.com\/winkel\/ceanothus-impressus-sky-lark-2-liter-pot\/\",\"name\":\"Ceanothus impressus 'Skylark' Amerikaanse sering, 2 liter pot kopen | Planten eenvoudig online bestellen | Schramas.com\",\"isPartOf\":{\"@id\":\"https:\/\/www.schramas.com\/#website\"},\"primaryImageOfPage\":{\"@id\":\"https:\/\/www.schramas.com\/winkel\/ceanothus-impressus-sky-lark-2-liter-pot\/#primaryimage\"},\"image\":{\"@id\":\"https:\/\/www.schramas.com\/winkel\/ceanothus-impressus-sky-lark-2-liter-pot\/#primaryimage\"},\"thumbnailUrl\":\"https:\/\/www.schramas.com\/wp-content\/uploads\/2019\/11\/Ceanothus-skylark-sfeer.webp\",\"datePublished\":\"2019-11-29T16:01:34+00:00\",\"dateModified\":\"2026-04-14T13:24:50+00:00\",\"breadcrumb\":{\"@id\":\"https:\/\/www.schramas.com\/winkel\/ceanothus-impressus-sky-lark-2-liter-pot\/#breadcrumb\"},\"inLanguage\":\"fr-FR\",\"potentialAction\":[{\"@type\":\"ReadAction\",\"target\":[\"https:\/\/www.schramas.com\/winkel\/ceanothus-impressus-sky-lark-2-liter-pot\/\"]}]},{\"@type\":\"ImageObject\",\"inLanguage\":\"fr-FR\",\"@id\":\"https:\/\/www.schramas.com\/winkel\/ceanothus-impressus-sky-lark-2-liter-pot\/#primaryimage\",\"url\":\"https:\/\/www.schramas.com\/wp-content\/uploads\/2019\/11\/Ceanothus-skylark-sfeer.webp\",\"contentUrl\":\"https:\/\/www.schramas.com\/wp-content\/uploads\/2019\/11\/Ceanothus-skylark-sfeer.webp\",\"width\":800,\"height\":800},{\"@type\":\"BreadcrumbList\",\"@id\":\"https:\/\/www.schramas.com\/winkel\/ceanothus-impressus-sky-lark-2-liter-pot\/#breadcrumb\",\"itemListElement\":[{\"@type\":\"ListItem\",\"position\":1,\"name\":\"Product\",\"item\":\"https:\/\/www.schramas.com\/assortiment\/\"},{\"@type\":\"ListItem\",\"position\":2,\"name\":\"Tuinplanten\",\"item\":\"https:\/\/www.schramas.com\/product-category\/planten-heesters\/\"},{\"@type\":\"ListItem\",\"position\":3,\"name\":\"Heesters\",\"item\":\"https:\/\/www.schramas.com\/product-category\/planten-heesters\/heesters\/\"},{\"@type\":\"ListItem\",\"position\":4,\"name\":\"Sierheesters\",\"item\":\"https:\/\/www.schramas.com\/product-category\/planten-heesters\/heesters\/sierheesters\/\"},{\"@type\":\"ListItem\",\"position\":5,\"name\":\"Ceanothus impressus &#8216;Skylark&#8217; Amerikaanse sering, 2 liter pot\"}]},{\"@type\":\"WebSite\",\"@id\":\"https:\/\/www.schramas.com\/#website\",\"url\":\"https:\/\/www.schramas.com\/\",\"name\":\"Schramas.com | Tuinplanten eenvoudig online bestellen | Direct van onze Kwekerij\",\"description\":\"\",\"alternateName\":\"Schramas.com - Alle planten direct van de kweker\",\"potentialAction\":[{\"@type\":\"SearchAction\",\"target\":{\"@type\":\"EntryPoint\",\"urlTemplate\":\"https:\/\/www.schramas.com\/?s={search_term_string}\"},\"query-input\":{\"@type\":\"PropertyValueSpecification\",\"valueRequired\":true,\"valueName\":\"search_term_string\"}}],\"inLanguage\":\"fr-FR\"}]}<\/script>\n<!-- \/ Yoast SEO plugin. -->","yoast_head_json":{"title":"Ceanothus impressus 'Skylark' lilas d'Am\u00e9rique, pot de 2 litres acheter | Plantes commande en ligne facile | Schramas.com","robots":{"index":"index","follow":"follow","max-snippet":"max-snippet:-1","max-image-preview":"max-image-preview:large","max-video-preview":"max-video-preview:-1"},"canonical":"https:\/\/www.schramas.com\/fr\/boutique\/ceanothus-impressus-sky-lark-pot-de-2-litres\/","og_locale":"fr_FR","og_type":"article","og_title":"Ceanothus impressus 'Skylark' Amerikaanse sering, 2 liter pot kopen | Planten eenvoudig online bestellen | Schramas.com","og_description":"Ceanothus impressus 'Skylark'  Amerikaanse sering.  Bloeiwijze: Blauw\/paarse bloem. Juni\/ Aug.  Max. hoogte 100 - 200 cm  Groen blijvend.  Winterhard tot -15  Leverhoogte incl. pot: 40- 50 cm  Potmaat: 2 liter pot","og_url":"https:\/\/www.schramas.com\/fr\/boutique\/ceanothus-impressus-sky-lark-pot-de-2-litres\/","og_site_name":"Planten eenvoudig online bestellen | Schramas.com","article_publisher":"https:\/\/www.facebook.com\/Schramascom-106872874153195\/","article_modified_time":"2026-04-14T13:24:50+00:00","og_image":[{"width":800,"height":800,"url":"http:\/\/www.schramas.com\/wp-content\/uploads\/2019\/11\/Ceanothus-skylark-sfeer.webp","type":"image\/webp"}],"twitter_card":"summary_large_image","schema":{"@context":"https:\/\/schema.org","@graph":[{"@type":["WebPage","ItemPage"],"@id":"https:\/\/www.schramas.com\/winkel\/ceanothus-impressus-sky-lark-2-liter-pot\/","url":"https:\/\/www.schramas.com\/winkel\/ceanothus-impressus-sky-lark-2-liter-pot\/","name":"Ceanothus impressus 'Skylark' lilas d'Am\u00e9rique, pot de 2 litres acheter | Plantes commande en ligne facile | Schramas.com","isPartOf":{"@id":"https:\/\/www.schramas.com\/#website"},"primaryImageOfPage":{"@id":"https:\/\/www.schramas.com\/winkel\/ceanothus-impressus-sky-lark-2-liter-pot\/#primaryimage"},"image":{"@id":"https:\/\/www.schramas.com\/winkel\/ceanothus-impressus-sky-lark-2-liter-pot\/#primaryimage"},"thumbnailUrl":"https:\/\/www.schramas.com\/wp-content\/uploads\/2019\/11\/Ceanothus-skylark-sfeer.webp","datePublished":"2019-11-29T16:01:34+00:00","dateModified":"2026-04-14T13:24:50+00:00","breadcrumb":{"@id":"https:\/\/www.schramas.com\/winkel\/ceanothus-impressus-sky-lark-2-liter-pot\/#breadcrumb"},"inLanguage":"fr-FR","potentialAction":[{"@type":"ReadAction","target":["https:\/\/www.schramas.com\/winkel\/ceanothus-impressus-sky-lark-2-liter-pot\/"]}]},{"@type":"ImageObject","inLanguage":"fr-FR","@id":"https:\/\/www.schramas.com\/winkel\/ceanothus-impressus-sky-lark-2-liter-pot\/#primaryimage","url":"https:\/\/www.schramas.com\/wp-content\/uploads\/2019\/11\/Ceanothus-skylark-sfeer.webp","contentUrl":"https:\/\/www.schramas.com\/wp-content\/uploads\/2019\/11\/Ceanothus-skylark-sfeer.webp","width":800,"height":800},{"@type":"BreadcrumbList","@id":"https:\/\/www.schramas.com\/winkel\/ceanothus-impressus-sky-lark-2-liter-pot\/#breadcrumb","itemListElement":[{"@type":"ListItem","position":1,"name":"Product","item":"https:\/\/www.schramas.com\/assortiment\/"},{"@type":"ListItem","position":2,"name":"Tuinplanten","item":"https:\/\/www.schramas.com\/product-category\/planten-heesters\/"},{"@type":"ListItem","position":3,"name":"Heesters","item":"https:\/\/www.schramas.com\/product-category\/planten-heesters\/heesters\/"},{"@type":"ListItem","position":4,"name":"Sierheesters","item":"https:\/\/www.schramas.com\/product-category\/planten-heesters\/heesters\/sierheesters\/"},{"@type":"ListItem","position":5,"name":"Ceanothus impressus &#8216;Skylark&#8217; Amerikaanse sering, 2 liter pot"}]},{"@type":"WebSite","@id":"https:\/\/www.schramas.com\/#website","url":"https:\/\/www.schramas.com\/","name":"Schramas.com | Plantes de jardin faciles \u00e0 commander en ligne | En direct de notre p\u00e9pini\u00e8re","description":"","alternateName":"Schramas.com - Alle planten direct van de kweker","potentialAction":[{"@type":"SearchAction","target":{"@type":"EntryPoint","urlTemplate":"https:\/\/www.schramas.com\/?s={search_term_string}"},"query-input":{"@type":"PropertyValueSpecification","valueRequired":true,"valueName":"search_term_string"}}],"inLanguage":"fr-FR"}]}},"_links":{"self":[{"href":"https:\/\/www.schramas.com\/fr\/wp-json\/wp\/v2\/product\/8420","targetHints":{"allow":["GET"]}}],"collection":[{"href":"https:\/\/www.schramas.com\/fr\/wp-json\/wp\/v2\/product"}],"about":[{"href":"https:\/\/www.schramas.com\/fr\/wp-json\/wp\/v2\/types\/product"}],"version-history":[{"count":1,"href":"https:\/\/www.schramas.com\/fr\/wp-json\/wp\/v2\/product\/8420\/revisions"}],"predecessor-version":[{"id":49978,"href":"https:\/\/www.schramas.com\/fr\/wp-json\/wp\/v2\/product\/8420\/revisions\/49978"}],"wp:featuredmedia":[{"embeddable":true,"href":"https:\/\/www.schramas.com\/fr\/wp-json\/wp\/v2\/media\/51177"}],"wp:attachment":[{"href":"https:\/\/www.schramas.com\/fr\/wp-json\/wp\/v2\/media?parent=8420"}],"wp:term":[{"taxonomy":"product_brand","embeddable":true,"href":"https:\/\/www.schramas.com\/fr\/wp-json\/wp\/v2\/product_brand?post=8420"},{"taxonomy":"product_cat","embeddable":true,"href":"https:\/\/www.schramas.com\/fr\/wp-json\/wp\/v2\/product_cat?post=8420"},{"taxonomy":"product_tag","embeddable":true,"href":"https:\/\/www.schramas.com\/fr\/wp-json\/wp\/v2\/product_tag?post=8420"}],"curies":[{"name":"wp","href":"https:\/\/api.w.org\/{rel}","templated":true}]}}