{"id":8675,"date":"2019-12-11T11:19:48","date_gmt":"2019-12-11T10:19:48","guid":{"rendered":"https:\/\/www.schramas.com\/?post_type=product&#038;p=8675"},"modified":"2025-07-10T12:16:53","modified_gmt":"2025-07-10T10:16:53","slug":"materiel-racinaire-de-smallanthus-sonchifolius-yacon","status":"publish","type":"product","link":"https:\/\/www.schramas.com\/fr\/boutique\/materiel-racinaire-de-smallanthus-sonchifolius-yacon\/","title":{"rendered":"Smallanthus sonchifolius &#039;Yacon&#039; racine de pomme\/pomme moulue, porte-greffe"},"content":{"rendered":"<p>Le Yacon vient d\u2019Am\u00e9rique du Sud et y \u00e9tait cultiv\u00e9 bien avant l\u2019\u00e9poque inca. C&#039;est une plante gracieuse avec de belles feuilles velues en forme de fl\u00e8che. On l&#039;appelle aussi racine de pomme moulue ou racine de soleil. Les tubercules racines peuvent \u00eatre r\u00e9colt\u00e9s \u00e0 l\u2019automne et dureront des mois s\u2019ils sont stock\u00e9s dans un endroit frais. Ils ont un go\u00fbt sucr\u00e9 et ne contiennent pas de sucre mais de l&#039;inuline, un tubercule sucr\u00e9 id\u00e9al pour tout le monde, mais aussi pour les patients diab\u00e9tiques car le tubercule n&#039;a aucune influence sur le taux de sucre. Il est pr\u00e9f\u00e9rable de planter la plante au d\u00e9but du printemps et de la conserver \u00e0 l\u2019abri du gel. Plantez apr\u00e8s la mi-mai et \u00e0 l&#039;automne juste avant ou pendant les premi\u00e8res gel\u00e9es, \u00e9tendez la plante jusqu&#039;au sol et utilisez des tubercules pendants pour la consommation. La plante ne devrait pas avoir de gel.<\/p>","protected":false},"excerpt":{"rendered":"<p>Smallanthus sonchifolius Yacon<\/p>\n<p>Yacon, racine de pomme, pomme moulue, racine de soleil<\/p>\n<p>Couleur de la carotte : marron, blanc \u00e0 l&#039;int\u00e9rieur<\/p>\n<p>Max. hauteur 100-150 cm<\/p>\n<p>Tubercule de carotte sucr\u00e9 sans sucres.<\/p>\n<p>Retirer du sol juste avant ou pendant les premi\u00e8res gel\u00e9es nocturnes et conserver la plante dans un endroit sec et \u00e0 l&#039;abri du gel.<\/p>\n<p>Livr\u00e9 comme mat\u00e9riau de racine.<\/p>\n<p>Il est pr\u00e9f\u00e9rable de cueillir au printemps et de replanter apr\u00e8s la mi-mai.<\/p>","protected":false},"featured_media":8672,"template":"","meta":{"_joinchat":[]},"product_brand":[],"product_cat":[297],"product_tag":[487,491,488,493,492,486,490,489],"class_list":{"0":"post-8675","1":"product","2":"type-product","3":"status-publish","4":"has-post-thumbnail","6":"product_cat-yacon","7":"product_tag-appelwortel","8":"product_tag-diabetes","9":"product_tag-grondappel","10":"product_tag-innuline","11":"product_tag-suikervrij","12":"product_tag-yacon","13":"product_tag-zoete-knol","14":"product_tag-zonnewortel","15":"pa_ewd_uwcf_colors-groen-2","16":"pa_ewd_uwcf_colors-wit","17":"pa_groeihoogte-60-150-cm","18":"pa_pot-naaktwortelig","20":"first","21":"outofstock","22":"taxable","23":"shipping-taxable","24":"purchasable","25":"product-type-simple"},"yoast_head":"<!-- This site is optimized with the Yoast SEO plugin v24.2 - https:\/\/yoast.com\/wordpress\/plugins\/seo\/ -->\n<title>Smallanthus sonchifolius &#039;Yacon&#039; appelwortel\/grondappel, wortelgoed kopen | Planten eenvoudig online bestellen | Schramas.com<\/title>\n<meta name=\"robots\" content=\"index, follow, max-snippet:-1, max-image-preview:large, max-video-preview:-1\" \/>\n<link rel=\"canonical\" href=\"https:\/\/www.schramas.com\/fr\/boutique\/materiel-racinaire-de-smallanthus-sonchifolius-yacon\/\" \/>\n<meta property=\"og:locale\" content=\"fr_FR\" \/>\n<meta property=\"og:type\" content=\"article\" \/>\n<meta property=\"og:title\" content=\"Smallanthus sonchifolius &#039;Yacon&#039; appelwortel\/grondappel, wortelgoed kopen | Planten eenvoudig online bestellen | Schramas.com\" \/>\n<meta property=\"og:description\" content=\"Smallanthus sonchifolius Yacon Yacon, appelwortel, grondappel, zonnewortel Kleur wortel: bruin, wit aan de binnenzijde Max. hoogte 100- 150 cm Zoete wortelknol zonder suikers. Vlak voor of tijdens de eerste nachtvorst uit de grond haken en plant droog en vorstvrij bewaren. Als wortelgoed geleverd. Het beste in het voorjaar voortrekken en uitplanten na half Mei\" \/>\n<meta property=\"og:url\" content=\"https:\/\/www.schramas.com\/fr\/boutique\/materiel-racinaire-de-smallanthus-sonchifolius-yacon\/\" \/>\n<meta property=\"og:site_name\" content=\"Planten eenvoudig online bestellen | Schramas.com\" \/>\n<meta property=\"article:publisher\" content=\"https:\/\/www.facebook.com\/Schramascom-106872874153195\/\" \/>\n<meta property=\"article:modified_time\" content=\"2025-07-10T10:16:53+00:00\" \/>\n<meta property=\"og:image\" content=\"https:\/\/www.schramas.com\/wp-content\/uploads\/2019\/12\/Yacon_rootstock_Smallanthus_sonchifolius-scaled.jpg\" \/>\n\t<meta property=\"og:image:width\" content=\"2560\" \/>\n\t<meta property=\"og:image:height\" content=\"1680\" \/>\n\t<meta property=\"og:image:type\" content=\"image\/jpeg\" \/>\n<meta name=\"twitter:card\" content=\"summary_large_image\" \/>\n<meta name=\"twitter:label1\" content=\"Dur\u00e9e de lecture estim\u00e9e\" \/>\n\t<meta name=\"twitter:data1\" content=\"1 minute\" \/>\n<script type=\"application\/ld+json\" class=\"yoast-schema-graph\">{\"@context\":\"https:\/\/schema.org\",\"@graph\":[{\"@type\":[\"WebPage\",\"ItemPage\"],\"@id\":\"https:\/\/www.schramas.com\/winkel\/smallanthus-sonchifolius-yacon-wortelgoed\/\",\"url\":\"https:\/\/www.schramas.com\/winkel\/smallanthus-sonchifolius-yacon-wortelgoed\/\",\"name\":\"Smallanthus sonchifolius 'Yacon' appelwortel\/grondappel, wortelgoed kopen | Planten eenvoudig online bestellen | Schramas.com\",\"isPartOf\":{\"@id\":\"https:\/\/www.schramas.com\/#website\"},\"primaryImageOfPage\":{\"@id\":\"https:\/\/www.schramas.com\/winkel\/smallanthus-sonchifolius-yacon-wortelgoed\/#primaryimage\"},\"image\":{\"@id\":\"https:\/\/www.schramas.com\/winkel\/smallanthus-sonchifolius-yacon-wortelgoed\/#primaryimage\"},\"thumbnailUrl\":\"https:\/\/www.schramas.com\/wp-content\/uploads\/2019\/12\/Yacon_rootstock_Smallanthus_sonchifolius-scaled.jpg\",\"datePublished\":\"2019-12-11T10:19:48+00:00\",\"dateModified\":\"2025-07-10T10:16:53+00:00\",\"breadcrumb\":{\"@id\":\"https:\/\/www.schramas.com\/winkel\/smallanthus-sonchifolius-yacon-wortelgoed\/#breadcrumb\"},\"inLanguage\":\"fr-FR\",\"potentialAction\":[{\"@type\":\"ReadAction\",\"target\":[\"https:\/\/www.schramas.com\/winkel\/smallanthus-sonchifolius-yacon-wortelgoed\/\"]}]},{\"@type\":\"ImageObject\",\"inLanguage\":\"fr-FR\",\"@id\":\"https:\/\/www.schramas.com\/winkel\/smallanthus-sonchifolius-yacon-wortelgoed\/#primaryimage\",\"url\":\"https:\/\/www.schramas.com\/wp-content\/uploads\/2019\/12\/Yacon_rootstock_Smallanthus_sonchifolius-scaled.jpg\",\"contentUrl\":\"https:\/\/www.schramas.com\/wp-content\/uploads\/2019\/12\/Yacon_rootstock_Smallanthus_sonchifolius-scaled.jpg\",\"width\":2560,\"height\":1680},{\"@type\":\"BreadcrumbList\",\"@id\":\"https:\/\/www.schramas.com\/winkel\/smallanthus-sonchifolius-yacon-wortelgoed\/#breadcrumb\",\"itemListElement\":[{\"@type\":\"ListItem\",\"position\":1,\"name\":\"Product\",\"item\":\"https:\/\/www.schramas.com\/assortiment\/\"},{\"@type\":\"ListItem\",\"position\":2,\"name\":\"Yacon\",\"item\":\"https:\/\/www.schramas.com\/product-category\/yacon\/\"},{\"@type\":\"ListItem\",\"position\":3,\"name\":\"Smallanthus sonchifolius &#8216;Yacon&#8217; appelwortel\/grondappel, wortelgoed\"}]},{\"@type\":\"WebSite\",\"@id\":\"https:\/\/www.schramas.com\/#website\",\"url\":\"https:\/\/www.schramas.com\/\",\"name\":\"Schramas.com | Tuinplanten eenvoudig online bestellen | Direct van onze Kwekerij\",\"description\":\"\",\"alternateName\":\"Schramas.com - Alle planten direct van de kweker\",\"potentialAction\":[{\"@type\":\"SearchAction\",\"target\":{\"@type\":\"EntryPoint\",\"urlTemplate\":\"https:\/\/www.schramas.com\/?s={search_term_string}\"},\"query-input\":{\"@type\":\"PropertyValueSpecification\",\"valueRequired\":true,\"valueName\":\"search_term_string\"}}],\"inLanguage\":\"fr-FR\"}]}<\/script>\n<!-- \/ Yoast SEO plugin. -->","yoast_head_json":{"title":"Acheter Smallanthus sonchifolius &#039;Yacon&#039; racine de pomme\/pomme moulue, porte-greffe | Commandez facilement des plantes en ligne | Schramas.com","robots":{"index":"index","follow":"follow","max-snippet":"max-snippet:-1","max-image-preview":"max-image-preview:large","max-video-preview":"max-video-preview:-1"},"canonical":"https:\/\/www.schramas.com\/fr\/boutique\/materiel-racinaire-de-smallanthus-sonchifolius-yacon\/","og_locale":"fr_FR","og_type":"article","og_title":"Smallanthus sonchifolius 'Yacon' appelwortel\/grondappel, wortelgoed kopen | Planten eenvoudig online bestellen | Schramas.com","og_description":"Smallanthus sonchifolius Yacon Yacon, appelwortel, grondappel, zonnewortel Kleur wortel: bruin, wit aan de binnenzijde Max. hoogte 100- 150 cm Zoete wortelknol zonder suikers. Vlak voor of tijdens de eerste nachtvorst uit de grond haken en plant droog en vorstvrij bewaren. Als wortelgoed geleverd. Het beste in het voorjaar voortrekken en uitplanten na half Mei","og_url":"https:\/\/www.schramas.com\/fr\/boutique\/materiel-racinaire-de-smallanthus-sonchifolius-yacon\/","og_site_name":"Planten eenvoudig online bestellen | Schramas.com","article_publisher":"https:\/\/www.facebook.com\/Schramascom-106872874153195\/","article_modified_time":"2025-07-10T10:16:53+00:00","og_image":[{"width":2560,"height":1680,"url":"https:\/\/www.schramas.com\/wp-content\/uploads\/2019\/12\/Yacon_rootstock_Smallanthus_sonchifolius-scaled.jpg","type":"image\/jpeg"}],"twitter_card":"summary_large_image","twitter_misc":{"Dur\u00e9e de lecture estim\u00e9e":"1 minute"},"schema":{"@context":"https:\/\/schema.org","@graph":[{"@type":["WebPage","ItemPage"],"@id":"https:\/\/www.schramas.com\/winkel\/smallanthus-sonchifolius-yacon-wortelgoed\/","url":"https:\/\/www.schramas.com\/winkel\/smallanthus-sonchifolius-yacon-wortelgoed\/","name":"Acheter Smallanthus sonchifolius &#039;Yacon&#039; racine de pomme\/pomme moulue, porte-greffe | Commandez facilement des plantes en ligne | Schramas.com","isPartOf":{"@id":"https:\/\/www.schramas.com\/#website"},"primaryImageOfPage":{"@id":"https:\/\/www.schramas.com\/winkel\/smallanthus-sonchifolius-yacon-wortelgoed\/#primaryimage"},"image":{"@id":"https:\/\/www.schramas.com\/winkel\/smallanthus-sonchifolius-yacon-wortelgoed\/#primaryimage"},"thumbnailUrl":"https:\/\/www.schramas.com\/wp-content\/uploads\/2019\/12\/Yacon_rootstock_Smallanthus_sonchifolius-scaled.jpg","datePublished":"2019-12-11T10:19:48+00:00","dateModified":"2025-07-10T10:16:53+00:00","breadcrumb":{"@id":"https:\/\/www.schramas.com\/winkel\/smallanthus-sonchifolius-yacon-wortelgoed\/#breadcrumb"},"inLanguage":"fr-FR","potentialAction":[{"@type":"ReadAction","target":["https:\/\/www.schramas.com\/winkel\/smallanthus-sonchifolius-yacon-wortelgoed\/"]}]},{"@type":"ImageObject","inLanguage":"fr-FR","@id":"https:\/\/www.schramas.com\/winkel\/smallanthus-sonchifolius-yacon-wortelgoed\/#primaryimage","url":"https:\/\/www.schramas.com\/wp-content\/uploads\/2019\/12\/Yacon_rootstock_Smallanthus_sonchifolius-scaled.jpg","contentUrl":"https:\/\/www.schramas.com\/wp-content\/uploads\/2019\/12\/Yacon_rootstock_Smallanthus_sonchifolius-scaled.jpg","width":2560,"height":1680},{"@type":"BreadcrumbList","@id":"https:\/\/www.schramas.com\/winkel\/smallanthus-sonchifolius-yacon-wortelgoed\/#breadcrumb","itemListElement":[{"@type":"ListItem","position":1,"name":"Product","item":"https:\/\/www.schramas.com\/assortiment\/"},{"@type":"ListItem","position":2,"name":"Yacon","item":"https:\/\/www.schramas.com\/product-category\/yacon\/"},{"@type":"ListItem","position":3,"name":"Smallanthus sonchifolius &#8216;Yacon&#8217; appelwortel\/grondappel, wortelgoed"}]},{"@type":"WebSite","@id":"https:\/\/www.schramas.com\/#website","url":"https:\/\/www.schramas.com\/","name":"Schramas.com | Plantes de jardin faciles \u00e0 commander en ligne | En direct de notre p\u00e9pini\u00e8re","description":"","alternateName":"Schramas.com - Alle planten direct van de kweker","potentialAction":[{"@type":"SearchAction","target":{"@type":"EntryPoint","urlTemplate":"https:\/\/www.schramas.com\/?s={search_term_string}"},"query-input":{"@type":"PropertyValueSpecification","valueRequired":true,"valueName":"search_term_string"}}],"inLanguage":"fr-FR"}]}},"_links":{"self":[{"href":"https:\/\/www.schramas.com\/fr\/wp-json\/wp\/v2\/product\/8675","targetHints":{"allow":["GET"]}}],"collection":[{"href":"https:\/\/www.schramas.com\/fr\/wp-json\/wp\/v2\/product"}],"about":[{"href":"https:\/\/www.schramas.com\/fr\/wp-json\/wp\/v2\/types\/product"}],"version-history":[{"count":0,"href":"https:\/\/www.schramas.com\/fr\/wp-json\/wp\/v2\/product\/8675\/revisions"}],"wp:featuredmedia":[{"embeddable":true,"href":"https:\/\/www.schramas.com\/fr\/wp-json\/wp\/v2\/media\/8672"}],"wp:attachment":[{"href":"https:\/\/www.schramas.com\/fr\/wp-json\/wp\/v2\/media?parent=8675"}],"wp:term":[{"taxonomy":"product_brand","embeddable":true,"href":"https:\/\/www.schramas.com\/fr\/wp-json\/wp\/v2\/product_brand?post=8675"},{"taxonomy":"product_cat","embeddable":true,"href":"https:\/\/www.schramas.com\/fr\/wp-json\/wp\/v2\/product_cat?post=8675"},{"taxonomy":"product_tag","embeddable":true,"href":"https:\/\/www.schramas.com\/fr\/wp-json\/wp\/v2\/product_tag?post=8675"}],"curies":[{"name":"wp","href":"https:\/\/api.w.org\/{rel}","templated":true}]}}