{"id":9157,"date":"2020-03-02T10:56:58","date_gmt":"2020-03-02T09:56:58","guid":{"rendered":"https:\/\/www.schramas.com\/?post_type=product&#038;p=9157"},"modified":"2025-07-10T12:16:53","modified_gmt":"2025-07-10T10:16:53","slug":"asparagus-officinalis-erasmus-pot-de-2-litres","status":"publish","type":"product","link":"https:\/\/www.schramas.com\/fr\/boutique\/asparagus-officinalis-erasmus-pot-de-2-litres\/","title":{"rendered":"Asparagus officinalis 'Erasmus' asperges violettes, pot de 2 litres"},"content":{"rendered":"<p>Il s&#039;agit de la premi\u00e8re asperge violette m\u00e2le 100%. Convient pour la culture en Europe du Nord, Centrale et du Sud. Vari\u00e9t\u00e9 pr\u00e9coce \u00e0 tr\u00e8s haut rendement. Tiges \u00e9paisses de couleur pourpre intense, de bon go\u00fbt et de bonne qualit\u00e9. Culture haute et dress\u00e9e. Ces asperges sucr\u00e9es peuvent \u00eatre utilis\u00e9es non pel\u00e9es dans des saut\u00e9s ou dans des salades. Plante d\u00e9corative pour votre jardin, potager ou balcon et une f\u00eate color\u00e9e dans votre assiette au go\u00fbt d\u00e9licieux ! Hauteur du produit +\/- 70 cm<\/p>","protected":false},"excerpt":{"rendered":"<p>Asperge officinale &#039;Erasmus&#039;<\/p>\n<p>L&#039;asperge violette, un comestible sucr\u00e9<\/p>\n<p>Couleur : violet<\/p>\n<p>L\u00e9gume. C\u00e8de d\u00e9j\u00e0 la 2\u00e8me ann\u00e9e<\/p>\n<p>Vari\u00e9t\u00e9 tr\u00e8s pr\u00e9coce au go\u00fbt excellent<\/p>\n<p>Max. hauteur environ 150-200 cm<\/p>\n<p>Hauteur de livraison avec pot : 20 cm<\/p>\n<p>Plante en pot de 2 litres<\/p>","protected":false},"featured_media":13018,"template":"","meta":{"_joinchat":[]},"product_brand":[],"product_cat":[760,761],"product_tag":[722,723,724,725,726],"class_list":{"0":"post-9157","1":"product","2":"type-product","3":"status-publish","4":"has-post-thumbnail","6":"product_cat-asperges","7":"product_cat-lente","8":"product_tag-aspagus","9":"product_tag-asperge","10":"product_tag-groente","11":"product_tag-paars","12":"product_tag-zelf-kweken","14":"first","15":"outofstock","16":"taxable","17":"shipping-taxable","18":"purchasable","19":"product-type-simple"},"yoast_head":"<!-- This site is optimized with the Yoast SEO plugin v24.2 - https:\/\/yoast.com\/wordpress\/plugins\/seo\/ -->\n<title>Asparagus officinalis &#039;Erasmus&#039; paarse asperge, 2 liter pot kopen | Planten eenvoudig online bestellen | Schramas.com<\/title>\n<meta name=\"robots\" content=\"index, follow, max-snippet:-1, max-image-preview:large, max-video-preview:-1\" \/>\n<link rel=\"canonical\" href=\"https:\/\/www.schramas.com\/fr\/boutique\/asparagus-officinalis-erasmus-pot-de-2-litres\/\" \/>\n<meta property=\"og:locale\" content=\"fr_FR\" \/>\n<meta property=\"og:type\" content=\"article\" \/>\n<meta property=\"og:title\" content=\"Asparagus officinalis &#039;Erasmus&#039; paarse asperge, 2 liter pot kopen | Planten eenvoudig online bestellen | Schramas.com\" \/>\n<meta property=\"og:description\" content=\"Asparagus officinalis &#039;Erasmus&#039;  Paarse asperge, een zoete eetbare  Kleur: paars  Groente. In het 2e jaar al opbrengst  Zeer vroege soort met uitstekende smaak  Max. hoogte ca. 150-200 cm  Leverhoogte incl. pot: 20 cm  Plant wordt geleverd in 2 liter pot\" \/>\n<meta property=\"og:url\" content=\"https:\/\/www.schramas.com\/fr\/boutique\/asparagus-officinalis-erasmus-pot-de-2-litres\/\" \/>\n<meta property=\"og:site_name\" content=\"Planten eenvoudig online bestellen | Schramas.com\" \/>\n<meta property=\"article:publisher\" content=\"https:\/\/www.facebook.com\/Schramascom-106872874153195\/\" \/>\n<meta property=\"article:modified_time\" content=\"2025-07-10T10:16:53+00:00\" \/>\n<meta property=\"og:image\" content=\"https:\/\/www.schramas.com\/wp-content\/uploads\/2020\/11\/Asparagus-Erasmus-Schramas-met-cirkel.png\" \/>\n\t<meta property=\"og:image:width\" content=\"500\" \/>\n\t<meta property=\"og:image:height\" content=\"500\" \/>\n\t<meta property=\"og:image:type\" content=\"image\/png\" \/>\n<meta name=\"twitter:card\" content=\"summary_large_image\" \/>\n<script type=\"application\/ld+json\" class=\"yoast-schema-graph\">{\"@context\":\"https:\/\/schema.org\",\"@graph\":[{\"@type\":[\"WebPage\",\"ItemPage\"],\"@id\":\"https:\/\/www.schramas.com\/en\/shop\/asparagus-officinalis-erasmus-2-litre-pot\/\",\"url\":\"https:\/\/www.schramas.com\/en\/shop\/asparagus-officinalis-erasmus-2-litre-pot\/\",\"name\":\"Asparagus officinalis 'Erasmus' paarse asperge, 2 liter pot kopen | Planten eenvoudig online bestellen | Schramas.com\",\"isPartOf\":{\"@id\":\"https:\/\/www.schramas.com\/#website\"},\"primaryImageOfPage\":{\"@id\":\"https:\/\/www.schramas.com\/en\/shop\/asparagus-officinalis-erasmus-2-litre-pot\/#primaryimage\"},\"image\":{\"@id\":\"https:\/\/www.schramas.com\/en\/shop\/asparagus-officinalis-erasmus-2-litre-pot\/#primaryimage\"},\"thumbnailUrl\":\"https:\/\/www.schramas.com\/wp-content\/uploads\/2020\/11\/Asparagus-Erasmus-Schramas-met-cirkel.png\",\"datePublished\":\"2020-03-02T09:56:58+00:00\",\"dateModified\":\"2025-07-10T10:16:53+00:00\",\"breadcrumb\":{\"@id\":\"https:\/\/www.schramas.com\/en\/shop\/asparagus-officinalis-erasmus-2-litre-pot\/#breadcrumb\"},\"inLanguage\":\"fr-FR\",\"potentialAction\":[{\"@type\":\"ReadAction\",\"target\":[\"https:\/\/www.schramas.com\/en\/shop\/asparagus-officinalis-erasmus-2-litre-pot\/\"]}]},{\"@type\":\"ImageObject\",\"inLanguage\":\"fr-FR\",\"@id\":\"https:\/\/www.schramas.com\/en\/shop\/asparagus-officinalis-erasmus-2-litre-pot\/#primaryimage\",\"url\":\"https:\/\/www.schramas.com\/wp-content\/uploads\/2020\/11\/Asparagus-Erasmus-Schramas-met-cirkel.png\",\"contentUrl\":\"https:\/\/www.schramas.com\/wp-content\/uploads\/2020\/11\/Asparagus-Erasmus-Schramas-met-cirkel.png\",\"width\":500,\"height\":500},{\"@type\":\"BreadcrumbList\",\"@id\":\"https:\/\/www.schramas.com\/en\/shop\/asparagus-officinalis-erasmus-2-litre-pot\/#breadcrumb\",\"itemListElement\":[{\"@type\":\"ListItem\",\"position\":1,\"name\":\"Product\",\"item\":\"https:\/\/www.schramas.com\/assortiment\/\"},{\"@type\":\"ListItem\",\"position\":2,\"name\":\"Asperges\",\"item\":\"https:\/\/www.schramas.com\/sv\/produktkategori\/sparris\/\"},{\"@type\":\"ListItem\",\"position\":3,\"name\":\"Asparagus officinalis &#8216;Erasmus&#8217; paarse asperge, 2 liter pot\"}]},{\"@type\":\"WebSite\",\"@id\":\"https:\/\/www.schramas.com\/#website\",\"url\":\"https:\/\/www.schramas.com\/\",\"name\":\"Schramas.com | Tuinplanten eenvoudig online bestellen | Direct van onze Kwekerij\",\"description\":\"\",\"alternateName\":\"Schramas.com - Alle planten direct van de kweker\",\"potentialAction\":[{\"@type\":\"SearchAction\",\"target\":{\"@type\":\"EntryPoint\",\"urlTemplate\":\"https:\/\/www.schramas.com\/?s={search_term_string}\"},\"query-input\":{\"@type\":\"PropertyValueSpecification\",\"valueRequired\":true,\"valueName\":\"search_term_string\"}}],\"inLanguage\":\"fr-FR\"}]}<\/script>\n<!-- \/ Yoast SEO plugin. -->","yoast_head_json":{"title":"Achetez Asparagus officinalis asperges violettes &#039;Erasmus&#039;, pot de 2 litres | Commandez facilement des plantes en ligne | Schramas.com","robots":{"index":"index","follow":"follow","max-snippet":"max-snippet:-1","max-image-preview":"max-image-preview:large","max-video-preview":"max-video-preview:-1"},"canonical":"https:\/\/www.schramas.com\/fr\/boutique\/asparagus-officinalis-erasmus-pot-de-2-litres\/","og_locale":"fr_FR","og_type":"article","og_title":"Asparagus officinalis 'Erasmus' paarse asperge, 2 liter pot kopen | Planten eenvoudig online bestellen | Schramas.com","og_description":"Asparagus officinalis 'Erasmus'  Paarse asperge, een zoete eetbare  Kleur: paars  Groente. In het 2e jaar al opbrengst  Zeer vroege soort met uitstekende smaak  Max. hoogte ca. 150-200 cm  Leverhoogte incl. pot: 20 cm  Plant wordt geleverd in 2 liter pot","og_url":"https:\/\/www.schramas.com\/fr\/boutique\/asparagus-officinalis-erasmus-pot-de-2-litres\/","og_site_name":"Planten eenvoudig online bestellen | Schramas.com","article_publisher":"https:\/\/www.facebook.com\/Schramascom-106872874153195\/","article_modified_time":"2025-07-10T10:16:53+00:00","og_image":[{"width":500,"height":500,"url":"https:\/\/www.schramas.com\/wp-content\/uploads\/2020\/11\/Asparagus-Erasmus-Schramas-met-cirkel.png","type":"image\/png"}],"twitter_card":"summary_large_image","schema":{"@context":"https:\/\/schema.org","@graph":[{"@type":["WebPage","ItemPage"],"@id":"https:\/\/www.schramas.com\/en\/shop\/asparagus-officinalis-erasmus-2-litre-pot\/","url":"https:\/\/www.schramas.com\/en\/shop\/asparagus-officinalis-erasmus-2-litre-pot\/","name":"Achetez Asparagus officinalis asperges violettes &#039;Erasmus&#039;, pot de 2 litres | Commandez facilement des plantes en ligne | Schramas.com","isPartOf":{"@id":"https:\/\/www.schramas.com\/#website"},"primaryImageOfPage":{"@id":"https:\/\/www.schramas.com\/en\/shop\/asparagus-officinalis-erasmus-2-litre-pot\/#primaryimage"},"image":{"@id":"https:\/\/www.schramas.com\/en\/shop\/asparagus-officinalis-erasmus-2-litre-pot\/#primaryimage"},"thumbnailUrl":"https:\/\/www.schramas.com\/wp-content\/uploads\/2020\/11\/Asparagus-Erasmus-Schramas-met-cirkel.png","datePublished":"2020-03-02T09:56:58+00:00","dateModified":"2025-07-10T10:16:53+00:00","breadcrumb":{"@id":"https:\/\/www.schramas.com\/en\/shop\/asparagus-officinalis-erasmus-2-litre-pot\/#breadcrumb"},"inLanguage":"fr-FR","potentialAction":[{"@type":"ReadAction","target":["https:\/\/www.schramas.com\/en\/shop\/asparagus-officinalis-erasmus-2-litre-pot\/"]}]},{"@type":"ImageObject","inLanguage":"fr-FR","@id":"https:\/\/www.schramas.com\/en\/shop\/asparagus-officinalis-erasmus-2-litre-pot\/#primaryimage","url":"https:\/\/www.schramas.com\/wp-content\/uploads\/2020\/11\/Asparagus-Erasmus-Schramas-met-cirkel.png","contentUrl":"https:\/\/www.schramas.com\/wp-content\/uploads\/2020\/11\/Asparagus-Erasmus-Schramas-met-cirkel.png","width":500,"height":500},{"@type":"BreadcrumbList","@id":"https:\/\/www.schramas.com\/en\/shop\/asparagus-officinalis-erasmus-2-litre-pot\/#breadcrumb","itemListElement":[{"@type":"ListItem","position":1,"name":"Product","item":"https:\/\/www.schramas.com\/assortiment\/"},{"@type":"ListItem","position":2,"name":"Asperges","item":"https:\/\/www.schramas.com\/sv\/produktkategori\/sparris\/"},{"@type":"ListItem","position":3,"name":"Asparagus officinalis &#8216;Erasmus&#8217; paarse asperge, 2 liter pot"}]},{"@type":"WebSite","@id":"https:\/\/www.schramas.com\/#website","url":"https:\/\/www.schramas.com\/","name":"Schramas.com | Plantes de jardin faciles \u00e0 commander en ligne | En direct de notre p\u00e9pini\u00e8re","description":"","alternateName":"Schramas.com - Alle planten direct van de kweker","potentialAction":[{"@type":"SearchAction","target":{"@type":"EntryPoint","urlTemplate":"https:\/\/www.schramas.com\/?s={search_term_string}"},"query-input":{"@type":"PropertyValueSpecification","valueRequired":true,"valueName":"search_term_string"}}],"inLanguage":"fr-FR"}]}},"_links":{"self":[{"href":"https:\/\/www.schramas.com\/fr\/wp-json\/wp\/v2\/product\/9157","targetHints":{"allow":["GET"]}}],"collection":[{"href":"https:\/\/www.schramas.com\/fr\/wp-json\/wp\/v2\/product"}],"about":[{"href":"https:\/\/www.schramas.com\/fr\/wp-json\/wp\/v2\/types\/product"}],"version-history":[{"count":0,"href":"https:\/\/www.schramas.com\/fr\/wp-json\/wp\/v2\/product\/9157\/revisions"}],"wp:featuredmedia":[{"embeddable":true,"href":"https:\/\/www.schramas.com\/fr\/wp-json\/wp\/v2\/media\/13018"}],"wp:attachment":[{"href":"https:\/\/www.schramas.com\/fr\/wp-json\/wp\/v2\/media?parent=9157"}],"wp:term":[{"taxonomy":"product_brand","embeddable":true,"href":"https:\/\/www.schramas.com\/fr\/wp-json\/wp\/v2\/product_brand?post=9157"},{"taxonomy":"product_cat","embeddable":true,"href":"https:\/\/www.schramas.com\/fr\/wp-json\/wp\/v2\/product_cat?post=9157"},{"taxonomy":"product_tag","embeddable":true,"href":"https:\/\/www.schramas.com\/fr\/wp-json\/wp\/v2\/product_tag?post=9157"}],"curies":[{"name":"wp","href":"https:\/\/api.w.org\/{rel}","templated":true}]}}