{"id":9188,"date":"2020-03-02T13:50:16","date_gmt":"2020-03-02T12:50:16","guid":{"rendered":"https:\/\/www.schramas.com\/?post_type=product&#038;p=9188"},"modified":"2026-03-26T16:33:47","modified_gmt":"2026-03-26T15:33:47","slug":"rubus-fruticosus-loch-tay-pot-de-2-litres","status":"publish","type":"product","link":"https:\/\/www.schramas.com\/fr\/boutique\/rubus-fruticosus-loch-tay-pot-de-2-litres\/","title":{"rendered":"Rubus fruticosus ' Loch Tay' m\u00fbrier sans \u00e9pines, pot de 2 litres"},"content":{"rendered":"<p>Rubus fruticosus 'Loch Tay' est une m\u00fbre sans \u00e9pines qui produit de petites m\u00fbres merveilleusement juteuses au go\u00fbt d\u00e9licieux (semblable \u00e0 la m\u00fbre sauvage). C'est un buisson de m\u00fbres \u00e0 haut rendement qui aime une position ensoleill\u00e9e. Il produit des fruits \u00e0 partir de juillet.<\/p>","protected":false},"excerpt":{"rendered":"<p>Rubus fruticosus 'Loch Tay'<\/p>\n<p>Ronce sans \u00e9pines<\/p>\n<p>Couleur : noir<\/p>\n<p>Hauteur maximale 150 - 200 cm<\/p>\n<p>Fruits sucr\u00e9s.<\/p>\n<p>Arbuste sans \u00e9pines<\/p>\n<p>Plante fournie dans un pot de 2 litres.<\/p>\n<p>Hardy .<\/p>","protected":false},"featured_media":9189,"template":"","meta":{"_joinchat":[]},"product_brand":[],"product_cat":[234],"product_tag":[731,730,351,595,316],"class_list":{"0":"post-9188","1":"product","2":"type-product","3":"status-publish","4":"has-post-thumbnail","6":"product_cat-fruitstruiken","7":"product_tag-braam","8":"product_tag-doornloos","9":"product_tag-winterhard","10":"product_tag-zacht-fruit","11":"product_tag-zelfbestuivend","13":"first","14":"outofstock","15":"taxable","16":"shipping-taxable","17":"purchasable","18":"product-type-simple"},"yoast_head":"<!-- This site is optimized with the Yoast SEO plugin v24.2 - https:\/\/yoast.com\/wordpress\/plugins\/seo\/ -->\n<title>Rubus fruticosus &#039; Loch Tay&#039; doornloze bramenstruik, 2 liter pot kopen | Planten eenvoudig online bestellen | Schramas.com<\/title>\n<meta name=\"robots\" content=\"index, follow, max-snippet:-1, max-image-preview:large, max-video-preview:-1\" \/>\n<link rel=\"canonical\" href=\"https:\/\/www.schramas.com\/fr\/boutique\/rubus-fruticosus-loch-tay-pot-de-2-litres\/\" \/>\n<meta property=\"og:locale\" content=\"fr_FR\" \/>\n<meta property=\"og:type\" content=\"article\" \/>\n<meta property=\"og:title\" content=\"Rubus fruticosus &#039; Loch Tay&#039; doornloze bramenstruik, 2 liter pot kopen | Planten eenvoudig online bestellen | Schramas.com\" \/>\n<meta property=\"og:description\" content=\"Rubus fruticosus &#039;Loch Tay&#039;  Doornloze braam  Kleur: zwart  Max. hoogte 150 - 200 cm  Zoete vruchten.  Doornloze struik  Plant geleverd in 2 liter pot.  Winterhard .\" \/>\n<meta property=\"og:url\" content=\"https:\/\/www.schramas.com\/fr\/boutique\/rubus-fruticosus-loch-tay-pot-de-2-litres\/\" \/>\n<meta property=\"og:site_name\" content=\"Planten eenvoudig online bestellen | Schramas.com\" \/>\n<meta property=\"article:publisher\" content=\"https:\/\/www.facebook.com\/Schramascom-106872874153195\/\" \/>\n<meta property=\"article:modified_time\" content=\"2026-03-26T15:33:47+00:00\" \/>\n<meta property=\"og:image\" content=\"https:\/\/www.schramas.com\/wp-content\/uploads\/2020\/03\/braam-1-.jpg\" \/>\n\t<meta property=\"og:image:width\" content=\"259\" \/>\n\t<meta property=\"og:image:height\" content=\"194\" \/>\n\t<meta property=\"og:image:type\" content=\"image\/jpeg\" \/>\n<meta name=\"twitter:card\" content=\"summary_large_image\" \/>\n<script type=\"application\/ld+json\" class=\"yoast-schema-graph\">{\"@context\":\"https:\/\/schema.org\",\"@graph\":[{\"@type\":[\"WebPage\",\"ItemPage\"],\"@id\":\"https:\/\/www.schramas.com\/winkel\/rubus-fruticosus-loch-tay-2-liter-pot\/\",\"url\":\"https:\/\/www.schramas.com\/winkel\/rubus-fruticosus-loch-tay-2-liter-pot\/\",\"name\":\"Rubus fruticosus ' Loch Tay' doornloze bramenstruik, 2 liter pot kopen | Planten eenvoudig online bestellen | Schramas.com\",\"isPartOf\":{\"@id\":\"https:\/\/www.schramas.com\/#website\"},\"primaryImageOfPage\":{\"@id\":\"https:\/\/www.schramas.com\/winkel\/rubus-fruticosus-loch-tay-2-liter-pot\/#primaryimage\"},\"image\":{\"@id\":\"https:\/\/www.schramas.com\/winkel\/rubus-fruticosus-loch-tay-2-liter-pot\/#primaryimage\"},\"thumbnailUrl\":\"https:\/\/www.schramas.com\/wp-content\/uploads\/2020\/03\/braam-1-.jpg\",\"datePublished\":\"2020-03-02T12:50:16+00:00\",\"dateModified\":\"2026-03-26T15:33:47+00:00\",\"breadcrumb\":{\"@id\":\"https:\/\/www.schramas.com\/winkel\/rubus-fruticosus-loch-tay-2-liter-pot\/#breadcrumb\"},\"inLanguage\":\"fr-FR\",\"potentialAction\":[{\"@type\":\"ReadAction\",\"target\":[\"https:\/\/www.schramas.com\/winkel\/rubus-fruticosus-loch-tay-2-liter-pot\/\"]}]},{\"@type\":\"ImageObject\",\"inLanguage\":\"fr-FR\",\"@id\":\"https:\/\/www.schramas.com\/winkel\/rubus-fruticosus-loch-tay-2-liter-pot\/#primaryimage\",\"url\":\"https:\/\/www.schramas.com\/wp-content\/uploads\/2020\/03\/braam-1-.jpg\",\"contentUrl\":\"https:\/\/www.schramas.com\/wp-content\/uploads\/2020\/03\/braam-1-.jpg\",\"width\":259,\"height\":194},{\"@type\":\"BreadcrumbList\",\"@id\":\"https:\/\/www.schramas.com\/winkel\/rubus-fruticosus-loch-tay-2-liter-pot\/#breadcrumb\",\"itemListElement\":[{\"@type\":\"ListItem\",\"position\":1,\"name\":\"Product\",\"item\":\"https:\/\/www.schramas.com\/assortiment\/\"},{\"@type\":\"ListItem\",\"position\":2,\"name\":\"Bomen &amp; Struiken\",\"item\":\"https:\/\/www.schramas.com\/product-category\/bomen-struiken\/\"},{\"@type\":\"ListItem\",\"position\":3,\"name\":\"Fruitstruiken\",\"item\":\"https:\/\/www.schramas.com\/de\/produktkategorie\/baume-und-straucher\/obststraucher\/\"},{\"@type\":\"ListItem\",\"position\":4,\"name\":\"Rubus fruticosus &#8216; Loch Tay&#8217; doornloze bramenstruik, 2 liter pot\"}]},{\"@type\":\"WebSite\",\"@id\":\"https:\/\/www.schramas.com\/#website\",\"url\":\"https:\/\/www.schramas.com\/\",\"name\":\"Schramas.com | Tuinplanten eenvoudig online bestellen | Direct van onze Kwekerij\",\"description\":\"\",\"alternateName\":\"Schramas.com - Alle planten direct van de kweker\",\"potentialAction\":[{\"@type\":\"SearchAction\",\"target\":{\"@type\":\"EntryPoint\",\"urlTemplate\":\"https:\/\/www.schramas.com\/?s={search_term_string}\"},\"query-input\":{\"@type\":\"PropertyValueSpecification\",\"valueRequired\":true,\"valueName\":\"search_term_string\"}}],\"inLanguage\":\"fr-FR\"}]}<\/script>\n<!-- \/ Yoast SEO plugin. -->","yoast_head_json":{"title":"Rubus fruticosus ' Loch Tay' m\u00fbrier sans \u00e9pines, pot de 2 litres acheter | Plantes commande en ligne facile | Schramas.com","robots":{"index":"index","follow":"follow","max-snippet":"max-snippet:-1","max-image-preview":"max-image-preview:large","max-video-preview":"max-video-preview:-1"},"canonical":"https:\/\/www.schramas.com\/fr\/boutique\/rubus-fruticosus-loch-tay-pot-de-2-litres\/","og_locale":"fr_FR","og_type":"article","og_title":"Rubus fruticosus ' Loch Tay' doornloze bramenstruik, 2 liter pot kopen | Planten eenvoudig online bestellen | Schramas.com","og_description":"Rubus fruticosus 'Loch Tay'  Doornloze braam  Kleur: zwart  Max. hoogte 150 - 200 cm  Zoete vruchten.  Doornloze struik  Plant geleverd in 2 liter pot.  Winterhard .","og_url":"https:\/\/www.schramas.com\/fr\/boutique\/rubus-fruticosus-loch-tay-pot-de-2-litres\/","og_site_name":"Planten eenvoudig online bestellen | Schramas.com","article_publisher":"https:\/\/www.facebook.com\/Schramascom-106872874153195\/","article_modified_time":"2026-03-26T15:33:47+00:00","og_image":[{"width":259,"height":194,"url":"https:\/\/www.schramas.com\/wp-content\/uploads\/2020\/03\/braam-1-.jpg","type":"image\/jpeg"}],"twitter_card":"summary_large_image","schema":{"@context":"https:\/\/schema.org","@graph":[{"@type":["WebPage","ItemPage"],"@id":"https:\/\/www.schramas.com\/winkel\/rubus-fruticosus-loch-tay-2-liter-pot\/","url":"https:\/\/www.schramas.com\/winkel\/rubus-fruticosus-loch-tay-2-liter-pot\/","name":"Rubus fruticosus ' Loch Tay' m\u00fbrier sans \u00e9pines, pot de 2 litres acheter | Plantes commande en ligne facile | Schramas.com","isPartOf":{"@id":"https:\/\/www.schramas.com\/#website"},"primaryImageOfPage":{"@id":"https:\/\/www.schramas.com\/winkel\/rubus-fruticosus-loch-tay-2-liter-pot\/#primaryimage"},"image":{"@id":"https:\/\/www.schramas.com\/winkel\/rubus-fruticosus-loch-tay-2-liter-pot\/#primaryimage"},"thumbnailUrl":"https:\/\/www.schramas.com\/wp-content\/uploads\/2020\/03\/braam-1-.jpg","datePublished":"2020-03-02T12:50:16+00:00","dateModified":"2026-03-26T15:33:47+00:00","breadcrumb":{"@id":"https:\/\/www.schramas.com\/winkel\/rubus-fruticosus-loch-tay-2-liter-pot\/#breadcrumb"},"inLanguage":"fr-FR","potentialAction":[{"@type":"ReadAction","target":["https:\/\/www.schramas.com\/winkel\/rubus-fruticosus-loch-tay-2-liter-pot\/"]}]},{"@type":"ImageObject","inLanguage":"fr-FR","@id":"https:\/\/www.schramas.com\/winkel\/rubus-fruticosus-loch-tay-2-liter-pot\/#primaryimage","url":"https:\/\/www.schramas.com\/wp-content\/uploads\/2020\/03\/braam-1-.jpg","contentUrl":"https:\/\/www.schramas.com\/wp-content\/uploads\/2020\/03\/braam-1-.jpg","width":259,"height":194},{"@type":"BreadcrumbList","@id":"https:\/\/www.schramas.com\/winkel\/rubus-fruticosus-loch-tay-2-liter-pot\/#breadcrumb","itemListElement":[{"@type":"ListItem","position":1,"name":"Product","item":"https:\/\/www.schramas.com\/assortiment\/"},{"@type":"ListItem","position":2,"name":"Bomen &amp; Struiken","item":"https:\/\/www.schramas.com\/product-category\/bomen-struiken\/"},{"@type":"ListItem","position":3,"name":"Fruitstruiken","item":"https:\/\/www.schramas.com\/de\/produktkategorie\/baume-und-straucher\/obststraucher\/"},{"@type":"ListItem","position":4,"name":"Rubus fruticosus &#8216; Loch Tay&#8217; doornloze bramenstruik, 2 liter pot"}]},{"@type":"WebSite","@id":"https:\/\/www.schramas.com\/#website","url":"https:\/\/www.schramas.com\/","name":"Schramas.com | Plantes de jardin faciles \u00e0 commander en ligne | En direct de notre p\u00e9pini\u00e8re","description":"","alternateName":"Schramas.com - Alle planten direct van de kweker","potentialAction":[{"@type":"SearchAction","target":{"@type":"EntryPoint","urlTemplate":"https:\/\/www.schramas.com\/?s={search_term_string}"},"query-input":{"@type":"PropertyValueSpecification","valueRequired":true,"valueName":"search_term_string"}}],"inLanguage":"fr-FR"}]}},"_links":{"self":[{"href":"https:\/\/www.schramas.com\/fr\/wp-json\/wp\/v2\/product\/9188","targetHints":{"allow":["GET"]}}],"collection":[{"href":"https:\/\/www.schramas.com\/fr\/wp-json\/wp\/v2\/product"}],"about":[{"href":"https:\/\/www.schramas.com\/fr\/wp-json\/wp\/v2\/types\/product"}],"version-history":[{"count":0,"href":"https:\/\/www.schramas.com\/fr\/wp-json\/wp\/v2\/product\/9188\/revisions"}],"wp:featuredmedia":[{"embeddable":true,"href":"https:\/\/www.schramas.com\/fr\/wp-json\/wp\/v2\/media\/9189"}],"wp:attachment":[{"href":"https:\/\/www.schramas.com\/fr\/wp-json\/wp\/v2\/media?parent=9188"}],"wp:term":[{"taxonomy":"product_brand","embeddable":true,"href":"https:\/\/www.schramas.com\/fr\/wp-json\/wp\/v2\/product_brand?post=9188"},{"taxonomy":"product_cat","embeddable":true,"href":"https:\/\/www.schramas.com\/fr\/wp-json\/wp\/v2\/product_cat?post=9188"},{"taxonomy":"product_tag","embeddable":true,"href":"https:\/\/www.schramas.com\/fr\/wp-json\/wp\/v2\/product_tag?post=9188"}],"curies":[{"name":"wp","href":"https:\/\/api.w.org\/{rel}","templated":true}]}}