{"id":9324,"date":"2020-03-24T13:25:31","date_gmt":"2020-03-24T12:25:31","guid":{"rendered":"https:\/\/www.schramas.com\/?post_type=product&#038;p=9324"},"modified":"2026-03-26T16:33:54","modified_gmt":"2026-03-26T15:33:54","slug":"actinidia-arguta-issai-pot-de-2-litres","status":"publish","type":"product","link":"https:\/\/www.schramas.com\/fr\/boutique\/actinidia-arguta-issai-pot-de-2-litres\/","title":{"rendered":"Actinidia arguta Issai mini kiwi, baie de kiwi, pot de 2 litres"},"content":{"rendered":"<p>[vc_row][vc_column][vc_column_text]<b><\/b><\/p>\n<p>Ce mini kiwi \u2013 \u00e9galement appel\u00e9 baie de kiwi \u2013 est une plante autogame qui produit des fruits relativement rapidement. C&#039;est une plante grimpante \u00e0 croissance lente et compacte qui se pla\u00eet dans un endroit abrit\u00e9 et bien ensoleill\u00e9, comme un balcon ou une terrasse. Nous vous recommandons de prot\u00e9ger ce mini kiwi du gel pendant les premiers hivers en pla\u00e7ant du jute ou du plastique autour de la plante.[\/vc_column_text][\/vc_column][\/vc_row]<\/p>","protected":false},"excerpt":{"rendered":"<p>Actinidia arguta &#039;Issa\u00ef&#039;<\/p>\n<p>Mini kiwi, baie de kiwi, plante grimpante autogame<\/p>\n<p>Go\u00fbt : frais et sucr\u00e9<\/p>\n<p>Couleur du fruit : vert<\/p>\n<p>Hauteur maximale de la plante : 1,5 \u00e0 3 m\u00e8tres.<\/p>\n<p>Hauteur de livraison, pot compris : 25-30 cm<\/p>\n<p>Taille du pot : 2 litres<\/p>\n<p>Convient \u00e0 l'ext\u00e9rieur (jardin) et \u00e0 la terrasse\/au jardin<\/p>","protected":false},"featured_media":13021,"template":"","meta":{"_joinchat":[]},"product_brand":[],"product_cat":[234,803,36,304,761,835,805],"product_tag":[752,500,754,753,755],"class_list":{"0":"post-9324","1":"product","2":"type-product","3":"status-publish","4":"has-post-thumbnail","6":"product_cat-fruitstruiken","7":"product_cat-herfst","8":"product_cat-kiwis","9":"product_cat-klimplanten","10":"product_cat-lente","11":"product_cat-hardlopers","12":"product_cat-winter","13":"product_tag-actinidia-arguta-issai","14":"product_tag-beperkt-winterhard","15":"product_tag-kiwibes","16":"product_tag-mini-kiwi","17":"product_tag-zelfbestuivend-winterhard","18":"pa_bloeimaanden-mei","19":"pa_ewd_uwcf_colors-groen-2","20":"pa_groeihoogte-300-cm","21":"pa_pot-9-cm-pot","23":"first","24":"outofstock","25":"taxable","26":"shipping-taxable","27":"purchasable","28":"product-type-simple"},"yoast_head":"<!-- This site is optimized with the Yoast SEO plugin v24.2 - https:\/\/yoast.com\/wordpress\/plugins\/seo\/ -->\n<title>Actinidia arguta Issai mini kiwi, kiwibes, 2 liter pot kopen | Planten eenvoudig online bestellen | Schramas.com<\/title>\n<meta name=\"robots\" content=\"index, follow, max-snippet:-1, max-image-preview:large, max-video-preview:-1\" \/>\n<link rel=\"canonical\" href=\"https:\/\/www.schramas.com\/fr\/boutique\/actinidia-arguta-issai-pot-de-2-litres\/\" \/>\n<meta property=\"og:locale\" content=\"fr_FR\" \/>\n<meta property=\"og:type\" content=\"article\" \/>\n<meta property=\"og:title\" content=\"Actinidia arguta Issai mini kiwi, kiwibes, 2 liter pot kopen | Planten eenvoudig online bestellen | Schramas.com\" \/>\n<meta property=\"og:description\" content=\"Actinidia arguta &#039;Issai&#039;  Mini-kiwi, kiwibes, een zelfbestuivende klimplant  Smaak: fris zoet  Kleur vrucht: groen  Maximale hoogte plant: 1,5-3 meter.  Leverhoogte incl. pot: 25 \u00e0 30 cm  Potmaat: 2 liter  Geschikt voor in volle grond (tuin) en op patio\/binnenplaats\" \/>\n<meta property=\"og:url\" content=\"https:\/\/www.schramas.com\/fr\/boutique\/actinidia-arguta-issai-pot-de-2-litres\/\" \/>\n<meta property=\"og:site_name\" content=\"Planten eenvoudig online bestellen | Schramas.com\" \/>\n<meta property=\"article:publisher\" content=\"https:\/\/www.facebook.com\/Schramascom-106872874153195\/\" \/>\n<meta property=\"article:modified_time\" content=\"2026-03-26T15:33:54+00:00\" \/>\n<meta property=\"og:image\" content=\"https:\/\/www.schramas.com\/wp-content\/uploads\/2020\/11\/Actinidia-Arguta-Issai-Schramas-met-cirkel.png\" \/>\n\t<meta property=\"og:image:width\" content=\"500\" \/>\n\t<meta property=\"og:image:height\" content=\"500\" \/>\n\t<meta property=\"og:image:type\" content=\"image\/png\" \/>\n<meta name=\"twitter:card\" content=\"summary_large_image\" \/>\n<script type=\"application\/ld+json\" class=\"yoast-schema-graph\">{\"@context\":\"https:\/\/schema.org\",\"@graph\":[{\"@type\":[\"WebPage\",\"ItemPage\"],\"@id\":\"https:\/\/www.schramas.com\/winkel\/actinidia-arguta-issai-2-liter-pot\/\",\"url\":\"https:\/\/www.schramas.com\/winkel\/actinidia-arguta-issai-2-liter-pot\/\",\"name\":\"Actinidia arguta Issai mini kiwi, kiwibes, 2 liter pot kopen | Planten eenvoudig online bestellen | Schramas.com\",\"isPartOf\":{\"@id\":\"https:\/\/www.schramas.com\/#website\"},\"primaryImageOfPage\":{\"@id\":\"https:\/\/www.schramas.com\/winkel\/actinidia-arguta-issai-2-liter-pot\/#primaryimage\"},\"image\":{\"@id\":\"https:\/\/www.schramas.com\/winkel\/actinidia-arguta-issai-2-liter-pot\/#primaryimage\"},\"thumbnailUrl\":\"https:\/\/www.schramas.com\/wp-content\/uploads\/2020\/11\/Actinidia-Arguta-Issai-Schramas-met-cirkel.png\",\"datePublished\":\"2020-03-24T12:25:31+00:00\",\"dateModified\":\"2026-03-26T15:33:54+00:00\",\"breadcrumb\":{\"@id\":\"https:\/\/www.schramas.com\/winkel\/actinidia-arguta-issai-2-liter-pot\/#breadcrumb\"},\"inLanguage\":\"fr-FR\",\"potentialAction\":[{\"@type\":\"ReadAction\",\"target\":[\"https:\/\/www.schramas.com\/winkel\/actinidia-arguta-issai-2-liter-pot\/\"]}]},{\"@type\":\"ImageObject\",\"inLanguage\":\"fr-FR\",\"@id\":\"https:\/\/www.schramas.com\/winkel\/actinidia-arguta-issai-2-liter-pot\/#primaryimage\",\"url\":\"https:\/\/www.schramas.com\/wp-content\/uploads\/2020\/11\/Actinidia-Arguta-Issai-Schramas-met-cirkel.png\",\"contentUrl\":\"https:\/\/www.schramas.com\/wp-content\/uploads\/2020\/11\/Actinidia-Arguta-Issai-Schramas-met-cirkel.png\",\"width\":500,\"height\":500},{\"@type\":\"BreadcrumbList\",\"@id\":\"https:\/\/www.schramas.com\/winkel\/actinidia-arguta-issai-2-liter-pot\/#breadcrumb\",\"itemListElement\":[{\"@type\":\"ListItem\",\"position\":1,\"name\":\"Product\",\"item\":\"https:\/\/www.schramas.com\/assortiment\/\"},{\"@type\":\"ListItem\",\"position\":2,\"name\":\"Bomen &amp; Struiken\",\"item\":\"https:\/\/www.schramas.com\/product-category\/bomen-struiken\/\"},{\"@type\":\"ListItem\",\"position\":3,\"name\":\"Fruitstruiken\",\"item\":\"https:\/\/www.schramas.com\/de\/produktkategorie\/baume-und-straucher\/obststraucher\/\"},{\"@type\":\"ListItem\",\"position\":4,\"name\":\"Kiwi's\",\"item\":\"https:\/\/www.schramas.com\/product-category\/bomen-struiken\/fruitstruiken\/kiwis\/\"},{\"@type\":\"ListItem\",\"position\":5,\"name\":\"Actinidia arguta Issai mini kiwi, kiwibes, 2 liter pot\"}]},{\"@type\":\"WebSite\",\"@id\":\"https:\/\/www.schramas.com\/#website\",\"url\":\"https:\/\/www.schramas.com\/\",\"name\":\"Schramas.com | Tuinplanten eenvoudig online bestellen | Direct van onze Kwekerij\",\"description\":\"\",\"alternateName\":\"Schramas.com - Alle planten direct van de kweker\",\"potentialAction\":[{\"@type\":\"SearchAction\",\"target\":{\"@type\":\"EntryPoint\",\"urlTemplate\":\"https:\/\/www.schramas.com\/?s={search_term_string}\"},\"query-input\":{\"@type\":\"PropertyValueSpecification\",\"valueRequired\":true,\"valueName\":\"search_term_string\"}}],\"inLanguage\":\"fr-FR\"}]}<\/script>\n<!-- \/ Yoast SEO plugin. -->","yoast_head_json":{"title":"Achetez Actinidia arguta Issai mini kiwi, baie de kiwi, pot de 2 litres | Commandez facilement des plantes en ligne | Schramas.com","robots":{"index":"index","follow":"follow","max-snippet":"max-snippet:-1","max-image-preview":"max-image-preview:large","max-video-preview":"max-video-preview:-1"},"canonical":"https:\/\/www.schramas.com\/fr\/boutique\/actinidia-arguta-issai-pot-de-2-litres\/","og_locale":"fr_FR","og_type":"article","og_title":"Actinidia arguta Issai mini kiwi, kiwibes, 2 liter pot kopen | Planten eenvoudig online bestellen | Schramas.com","og_description":"Actinidia arguta 'Issai'  Mini-kiwi, kiwibes, een zelfbestuivende klimplant  Smaak: fris zoet  Kleur vrucht: groen  Maximale hoogte plant: 1,5-3 meter.  Leverhoogte incl. pot: 25 \u00e0 30 cm  Potmaat: 2 liter  Geschikt voor in volle grond (tuin) en op patio\/binnenplaats","og_url":"https:\/\/www.schramas.com\/fr\/boutique\/actinidia-arguta-issai-pot-de-2-litres\/","og_site_name":"Planten eenvoudig online bestellen | Schramas.com","article_publisher":"https:\/\/www.facebook.com\/Schramascom-106872874153195\/","article_modified_time":"2026-03-26T15:33:54+00:00","og_image":[{"width":500,"height":500,"url":"https:\/\/www.schramas.com\/wp-content\/uploads\/2020\/11\/Actinidia-Arguta-Issai-Schramas-met-cirkel.png","type":"image\/png"}],"twitter_card":"summary_large_image","schema":{"@context":"https:\/\/schema.org","@graph":[{"@type":["WebPage","ItemPage"],"@id":"https:\/\/www.schramas.com\/winkel\/actinidia-arguta-issai-2-liter-pot\/","url":"https:\/\/www.schramas.com\/winkel\/actinidia-arguta-issai-2-liter-pot\/","name":"Achetez Actinidia arguta Issai mini kiwi, baie de kiwi, pot de 2 litres | Commandez facilement des plantes en ligne | Schramas.com","isPartOf":{"@id":"https:\/\/www.schramas.com\/#website"},"primaryImageOfPage":{"@id":"https:\/\/www.schramas.com\/winkel\/actinidia-arguta-issai-2-liter-pot\/#primaryimage"},"image":{"@id":"https:\/\/www.schramas.com\/winkel\/actinidia-arguta-issai-2-liter-pot\/#primaryimage"},"thumbnailUrl":"https:\/\/www.schramas.com\/wp-content\/uploads\/2020\/11\/Actinidia-Arguta-Issai-Schramas-met-cirkel.png","datePublished":"2020-03-24T12:25:31+00:00","dateModified":"2026-03-26T15:33:54+00:00","breadcrumb":{"@id":"https:\/\/www.schramas.com\/winkel\/actinidia-arguta-issai-2-liter-pot\/#breadcrumb"},"inLanguage":"fr-FR","potentialAction":[{"@type":"ReadAction","target":["https:\/\/www.schramas.com\/winkel\/actinidia-arguta-issai-2-liter-pot\/"]}]},{"@type":"ImageObject","inLanguage":"fr-FR","@id":"https:\/\/www.schramas.com\/winkel\/actinidia-arguta-issai-2-liter-pot\/#primaryimage","url":"https:\/\/www.schramas.com\/wp-content\/uploads\/2020\/11\/Actinidia-Arguta-Issai-Schramas-met-cirkel.png","contentUrl":"https:\/\/www.schramas.com\/wp-content\/uploads\/2020\/11\/Actinidia-Arguta-Issai-Schramas-met-cirkel.png","width":500,"height":500},{"@type":"BreadcrumbList","@id":"https:\/\/www.schramas.com\/winkel\/actinidia-arguta-issai-2-liter-pot\/#breadcrumb","itemListElement":[{"@type":"ListItem","position":1,"name":"Product","item":"https:\/\/www.schramas.com\/assortiment\/"},{"@type":"ListItem","position":2,"name":"Bomen &amp; Struiken","item":"https:\/\/www.schramas.com\/product-category\/bomen-struiken\/"},{"@type":"ListItem","position":3,"name":"Fruitstruiken","item":"https:\/\/www.schramas.com\/de\/produktkategorie\/baume-und-straucher\/obststraucher\/"},{"@type":"ListItem","position":4,"name":"Kiwi's","item":"https:\/\/www.schramas.com\/product-category\/bomen-struiken\/fruitstruiken\/kiwis\/"},{"@type":"ListItem","position":5,"name":"Actinidia arguta Issai mini kiwi, kiwibes, 2 liter pot"}]},{"@type":"WebSite","@id":"https:\/\/www.schramas.com\/#website","url":"https:\/\/www.schramas.com\/","name":"Schramas.com | Plantes de jardin faciles \u00e0 commander en ligne | En direct de notre p\u00e9pini\u00e8re","description":"","alternateName":"Schramas.com - Alle planten direct van de kweker","potentialAction":[{"@type":"SearchAction","target":{"@type":"EntryPoint","urlTemplate":"https:\/\/www.schramas.com\/?s={search_term_string}"},"query-input":{"@type":"PropertyValueSpecification","valueRequired":true,"valueName":"search_term_string"}}],"inLanguage":"fr-FR"}]}},"_links":{"self":[{"href":"https:\/\/www.schramas.com\/fr\/wp-json\/wp\/v2\/product\/9324","targetHints":{"allow":["GET"]}}],"collection":[{"href":"https:\/\/www.schramas.com\/fr\/wp-json\/wp\/v2\/product"}],"about":[{"href":"https:\/\/www.schramas.com\/fr\/wp-json\/wp\/v2\/types\/product"}],"version-history":[{"count":0,"href":"https:\/\/www.schramas.com\/fr\/wp-json\/wp\/v2\/product\/9324\/revisions"}],"wp:featuredmedia":[{"embeddable":true,"href":"https:\/\/www.schramas.com\/fr\/wp-json\/wp\/v2\/media\/13021"}],"wp:attachment":[{"href":"https:\/\/www.schramas.com\/fr\/wp-json\/wp\/v2\/media?parent=9324"}],"wp:term":[{"taxonomy":"product_brand","embeddable":true,"href":"https:\/\/www.schramas.com\/fr\/wp-json\/wp\/v2\/product_brand?post=9324"},{"taxonomy":"product_cat","embeddable":true,"href":"https:\/\/www.schramas.com\/fr\/wp-json\/wp\/v2\/product_cat?post=9324"},{"taxonomy":"product_tag","embeddable":true,"href":"https:\/\/www.schramas.com\/fr\/wp-json\/wp\/v2\/product_tag?post=9324"}],"curies":[{"name":"wp","href":"https:\/\/api.w.org\/{rel}","templated":true}]}}