{"id":9329,"date":"2020-03-24T14:15:20","date_gmt":"2020-03-24T13:15:20","guid":{"rendered":"https:\/\/www.schramas.com\/?post_type=product&#038;p=9329"},"modified":"2026-03-26T16:33:54","modified_gmt":"2026-03-26T15:33:54","slug":"fete-des-asperges-pot-de-2-litres","status":"publish","type":"product","link":"https:\/\/www.schramas.com\/fr\/boutique\/fete-des-asperges-pot-de-2-litres\/","title":{"rendered":"Lot de 2 Asparagus officinalis - \u2018Vegalim\u2019, \u2018Vitalim\u2019 - Vert et blanc - Pot de 2 litres"},"content":{"rendered":"<p data-start=\"525\" data-end=\"835\">Ce lot de 2 plants d'Asparagus officinalis se compose de deux vari\u00e9t\u00e9s d'asperges robustes et largement utilis\u00e9es : l'asperge verte \u2018Vegalim\u2019 et l'asperge blanche \u2018Vitalim\u2019. Cette combinaison vous permet d'introduire l'asperge verte et l'asperge blanche dans votre maison et de jeter les bases d'une parcelle d'asperges polyvalente et productive dans le jardin potager.<\/p>\n<p data-start=\"837\" data-end=\"1105\">Les asperges sont des plantes potag\u00e8res vivaces qui durent plusieurs ann\u00e9es apr\u00e8s la plantation et peuvent \u00eatre r\u00e9colt\u00e9es chaque ann\u00e9e. En plantant de jeunes plants dans des pots, ils poussent rapidement et peuvent se d\u00e9velopper pour devenir des asperges robustes aux rendements fiables.<\/p>\n<p data-start=\"1107\" data-end=\"1276\">Contenu de ce set<br data-start=\"1126\" data-end=\"1129\" \/>- 1 x Asparagus officinalis \u2018Vegalim\u2019 - asperge verte<br data-start=\"1183\" data-end=\"1186\" \/>- 1 x Asparagus officinalis \u2018Vitalim\u2019 - asperges blanches<br data-start=\"1239\" data-end=\"1242\" \/>- Nombre total de plantes : 2<\/p>\n<p data-start=\"1278\" data-end=\"1329\">A propos de l'Asparagus officinalis \u2018Vegalim\u2019 &amp; \u2018Vitalim\u2019<\/p>\n<p data-start=\"1331\" data-end=\"1596\">\u2018La vari\u00e9t\u00e9 \u2019Vegalim' est particuli\u00e8rement adapt\u00e9e \u00e0 la culture de l'asperge verte. Les turions poussent au-dessus du sol et verdissent \u00e0 la lumi\u00e8re. L'asperge verte a une saveur forte et aromatique et est facile \u00e0 r\u00e9colter sans mise \u00e0 la terre.<\/p>\n<p data-start=\"1598\" data-end=\"1834\">\u2018Vitalim\u2019 est une vari\u00e9t\u00e9 d'asperges blanches. Les turions poussent sous terre et restent blancs car ils ne re\u00e7oivent pas de lumi\u00e8re. Cette vari\u00e9t\u00e9 n\u00e9cessite un buttage pour r\u00e9colter de belles asperges blanches \u00e0 la saveur douce et d\u00e9licate.<\/p>\n<p data-start=\"1836\" data-end=\"2160\">Les asperges forment en \u00e9t\u00e9 un feuillage fin, semblable \u00e0 une foug\u00e8re, qui emmagasine de l'\u00e9nergie pour la saison suivante. En automne, ce feuillage a\u00e9rien meurt compl\u00e8tement. En hiver, la plante n'est plus visible au-dessus du sol, avant de germer \u00e0 nouveau au printemps. Il s'agit d'une \u00e9tape normale et importante du cycle de croissance.<\/p>\n<p data-start=\"2162\" data-end=\"2531\">Sp\u00e9cifications<br data-start=\"2175\" data-end=\"2178\" \/>- Taille du pot : 2 litres<br data-start=\"2196\" data-end=\"2199\" \/>- Nombre de plantes : 2<br data-start=\"2218\" data-end=\"2221\" \/>- Port de la plante : en forme de p\u00f4le<br data-start=\"2245\" data-end=\"2248\" \/>- Position : plein soleil<br data-start=\"2272\" data-end=\"2275\" \/>- Type de sol : perm\u00e9able, riche en humus<br data-start=\"2315\" data-end=\"2318\" \/>- R\u00e9colte : printemps (apr\u00e8s la p\u00e9riode d'\u00e9tablissement)<br data-start=\"2358\" data-end=\"2361\" \/>- Feuille : fine, verte, estivale<br data-start=\"2388\" data-end=\"2391\" \/>- Aspect hivernal : pas de feuillage a\u00e9rien<br data-start=\"2427\" data-end=\"2430\" \/>- Rusticit\u00e9 : bonne r\u00e9sistance \u00e0 l'hiver<br data-start=\"2463\" data-end=\"2466\" data-is-only-node=\"\" \/>- Dur\u00e9e de vie : pluriannuelle<br data-start=\"2489\" data-end=\"2492\" \/>- Convient \u00e0 : jardin potager, plate-bande d'asperges<\/p>\n<p data-start=\"2533\" data-end=\"2775\">Avec ce lot de 2 plants d'asperges, vous ramenez \u00e0 la maison une plante potag\u00e8re durable et savoureuse qui peut fournir des rendements pendant des ann\u00e9es. La combinaison d'une vari\u00e9t\u00e9 verte et d'une vari\u00e9t\u00e9 blanche vous permet de varier votre r\u00e9colte et votre pr\u00e9paration, directement depuis votre propre jardin.<\/p>\n<p data-start=\"2777\" data-end=\"2887\">Combinez ces asperges avec d'autres plantes potag\u00e8res vivaces pour obtenir un potager productif et ordonn\u00e9.<\/p>","protected":false},"excerpt":{"rendered":"<p>- Lot de 2 plants d'asperges (Asparagus officinalis)<br data-start=\"98\" data-end=\"101\" \/>- Vari\u00e9t\u00e9s : \u2018Vegalim\u2019 (asperges vertes) et \u2018Vitalim\u2019 (asperges blanches).<br data-start=\"166\" data-end=\"169\" \/>- Taille du pot : 2 litres<br data-start=\"187\" data-end=\"190\" \/>- Plante potag\u00e8re vivace comestible<br data-start=\"224\" data-end=\"227\" \/>- Rendement \u00e9lev\u00e9 et excellente saveur<br data-start=\"308\" data-end=\"311\" \/>- S'\u00e9puise \u00e0 nouveau au printemps<br data-start=\"346\" data-end=\"349\" \/>- Position : plein soleil<br data-start=\"373\" data-end=\"376\" \/>- Bonne r\u00e9sistance \u00e0 l'hiver<\/p>","protected":false},"featured_media":65058,"template":"","meta":{"_joinchat":[]},"product_brand":[],"product_cat":[760,4391,867,1012,305,306],"product_tag":[722,4383,723,4387,4390,4389,4382,4386,4374,589,4384,724,4388,725,733,520,4385,726],"class_list":{"0":"post-9329","1":"product","2":"type-product","3":"status-publish","4":"has-post-thumbnail","6":"product_cat-asperges","7":"product_cat-eetbaar","8":"product_cat-pakket-deals","9":"product_cat-overige-deals","10":"product_cat-planten-heesters","11":"product_cat-vaste-planten","12":"product_tag-aspagus","13":"product_tag-asparagus-officinalis","14":"product_tag-asperge","15":"product_tag-asperge-moestuin","16":"product_tag-asperge-plant-pot","17":"product_tag-asperge-teelt-tuin","18":"product_tag-aspergeplant-kopen","19":"product_tag-aspergeplanten-set","20":"product_tag-eetbare-vaste-plant","21":"product_tag-groen","22":"product_tag-groene-asperge-vegalim","23":"product_tag-groente","24":"product_tag-meerjarige-groenteplant","25":"product_tag-paars","26":"product_tag-speciale-aanbieding","27":"product_tag-wit","28":"product_tag-witte-asperge-vitalim","29":"product_tag-zelf-kweken","30":"pa_groeihoogte-100-200-cm","31":"pa_pot-zonder-pot","33":"first","34":"outofstock","35":"taxable","36":"shipping-taxable","37":"purchasable","38":"product-type-simple"},"yoast_head":"<!-- This site is optimized with the Yoast SEO plugin v24.2 - https:\/\/yoast.com\/wordpress\/plugins\/seo\/ -->\n<title>Set van 2 Asparagus officinalis - &#039;Vegalim&#039;, &#039;Vitalim&#039; - Groen en wit - 2 liter pot kopen | Planten eenvoudig online bestellen | Schramas.com<\/title>\n<meta name=\"robots\" content=\"index, follow, max-snippet:-1, max-image-preview:large, max-video-preview:-1\" \/>\n<link rel=\"canonical\" href=\"https:\/\/www.schramas.com\/fr\/boutique\/fete-des-asperges-pot-de-2-litres\/\" \/>\n<meta property=\"og:locale\" content=\"fr_FR\" \/>\n<meta property=\"og:type\" content=\"article\" \/>\n<meta property=\"og:title\" content=\"Set van 2 Asparagus officinalis - &#039;Vegalim&#039;, &#039;Vitalim&#039; - Groen en wit - 2 liter pot kopen | Planten eenvoudig online bestellen | Schramas.com\" \/>\n<meta property=\"og:description\" content=\"\u2022 Set van 2 aspergeplanten (Asparagus officinalis)\u2022 Rassen: \u2018Vegalim\u2019 (groene asperge) en \u2018Vitalim\u2019 (witte asperge)\u2022 Potmaat: 2 liter\u2022 Meerjarige, eetbare groenteplant\u2022 Hoge opbrengst en uitstekende smaak\u2022 Loopt in het voorjaar opnieuw uit\u2022 Standplaats: volle zon\u2022 Goed winterhard\" \/>\n<meta property=\"og:url\" content=\"https:\/\/www.schramas.com\/fr\/boutique\/fete-des-asperges-pot-de-2-litres\/\" \/>\n<meta property=\"og:site_name\" content=\"Planten eenvoudig online bestellen | Schramas.com\" \/>\n<meta property=\"article:publisher\" content=\"https:\/\/www.facebook.com\/Schramascom-106872874153195\/\" \/>\n<meta property=\"article:modified_time\" content=\"2026-03-26T15:33:54+00:00\" \/>\n<meta property=\"og:image\" content=\"http:\/\/www.schramas.com\/wp-content\/uploads\/2026\/01\/Geen-foto-beschikbaar-6-low.webp\" \/>\n\t<meta property=\"og:image:width\" content=\"1024\" \/>\n\t<meta property=\"og:image:height\" content=\"1024\" \/>\n\t<meta property=\"og:image:type\" content=\"image\/webp\" \/>\n<meta name=\"twitter:card\" content=\"summary_large_image\" \/>\n<meta name=\"twitter:label1\" content=\"Dur\u00e9e de lecture estim\u00e9e\" \/>\n\t<meta name=\"twitter:data1\" content=\"2 minutes\" \/>\n<script type=\"application\/ld+json\" class=\"yoast-schema-graph\">{\"@context\":\"https:\/\/schema.org\",\"@graph\":[{\"@type\":[\"WebPage\",\"ItemPage\"],\"@id\":\"https:\/\/www.schramas.com\/winkel\/asperge-festival-2-liter-pot\/\",\"url\":\"https:\/\/www.schramas.com\/winkel\/asperge-festival-2-liter-pot\/\",\"name\":\"Set van 2 Asparagus officinalis - 'Vegalim', 'Vitalim' - Groen en wit - 2 liter pot kopen | Planten eenvoudig online bestellen | Schramas.com\",\"isPartOf\":{\"@id\":\"https:\/\/www.schramas.com\/#website\"},\"primaryImageOfPage\":{\"@id\":\"https:\/\/www.schramas.com\/winkel\/asperge-festival-2-liter-pot\/#primaryimage\"},\"image\":{\"@id\":\"https:\/\/www.schramas.com\/winkel\/asperge-festival-2-liter-pot\/#primaryimage\"},\"thumbnailUrl\":\"https:\/\/www.schramas.com\/wp-content\/uploads\/2026\/01\/Geen-foto-beschikbaar-6-low.webp\",\"datePublished\":\"2020-03-24T13:15:20+00:00\",\"dateModified\":\"2026-03-26T15:33:54+00:00\",\"breadcrumb\":{\"@id\":\"https:\/\/www.schramas.com\/winkel\/asperge-festival-2-liter-pot\/#breadcrumb\"},\"inLanguage\":\"fr-FR\",\"potentialAction\":[{\"@type\":\"ReadAction\",\"target\":[\"https:\/\/www.schramas.com\/winkel\/asperge-festival-2-liter-pot\/\"]}]},{\"@type\":\"ImageObject\",\"inLanguage\":\"fr-FR\",\"@id\":\"https:\/\/www.schramas.com\/winkel\/asperge-festival-2-liter-pot\/#primaryimage\",\"url\":\"https:\/\/www.schramas.com\/wp-content\/uploads\/2026\/01\/Geen-foto-beschikbaar-6-low.webp\",\"contentUrl\":\"https:\/\/www.schramas.com\/wp-content\/uploads\/2026\/01\/Geen-foto-beschikbaar-6-low.webp\",\"width\":1024,\"height\":1024},{\"@type\":\"BreadcrumbList\",\"@id\":\"https:\/\/www.schramas.com\/winkel\/asperge-festival-2-liter-pot\/#breadcrumb\",\"itemListElement\":[{\"@type\":\"ListItem\",\"position\":1,\"name\":\"Product\",\"item\":\"https:\/\/www.schramas.com\/assortiment\/\"},{\"@type\":\"ListItem\",\"position\":2,\"name\":\"Asperges\",\"item\":\"https:\/\/www.schramas.com\/sv\/produktkategori\/sparris\/\"},{\"@type\":\"ListItem\",\"position\":3,\"name\":\"Set van 2 Asparagus officinalis &#8211; &#8216;Vegalim&#8217;, &#8216;Vitalim&#8217; &#8211; Groen en wit &#8211; 2 liter pot\"}]},{\"@type\":\"WebSite\",\"@id\":\"https:\/\/www.schramas.com\/#website\",\"url\":\"https:\/\/www.schramas.com\/\",\"name\":\"Schramas.com | Tuinplanten eenvoudig online bestellen | Direct van onze Kwekerij\",\"description\":\"\",\"alternateName\":\"Schramas.com - Alle planten direct van de kweker\",\"potentialAction\":[{\"@type\":\"SearchAction\",\"target\":{\"@type\":\"EntryPoint\",\"urlTemplate\":\"https:\/\/www.schramas.com\/?s={search_term_string}\"},\"query-input\":{\"@type\":\"PropertyValueSpecification\",\"valueRequired\":true,\"valueName\":\"search_term_string\"}}],\"inLanguage\":\"fr-FR\"}]}<\/script>\n<!-- \/ Yoast SEO plugin. -->","yoast_head_json":{"title":"Lot de 2 Asparagus officinalis - 'Vegalim', 'Vitalim' - Vert et blanc - Acheter pot de 2 litres | Acheter des plantes facilement en ligne | Schramas.com","robots":{"index":"index","follow":"follow","max-snippet":"max-snippet:-1","max-image-preview":"max-image-preview:large","max-video-preview":"max-video-preview:-1"},"canonical":"https:\/\/www.schramas.com\/fr\/boutique\/fete-des-asperges-pot-de-2-litres\/","og_locale":"fr_FR","og_type":"article","og_title":"Set van 2 Asparagus officinalis - 'Vegalim', 'Vitalim' - Groen en wit - 2 liter pot kopen | Planten eenvoudig online bestellen | Schramas.com","og_description":"\u2022 Set van 2 aspergeplanten (Asparagus officinalis)\u2022 Rassen: \u2018Vegalim\u2019 (groene asperge) en \u2018Vitalim\u2019 (witte asperge)\u2022 Potmaat: 2 liter\u2022 Meerjarige, eetbare groenteplant\u2022 Hoge opbrengst en uitstekende smaak\u2022 Loopt in het voorjaar opnieuw uit\u2022 Standplaats: volle zon\u2022 Goed winterhard","og_url":"https:\/\/www.schramas.com\/fr\/boutique\/fete-des-asperges-pot-de-2-litres\/","og_site_name":"Planten eenvoudig online bestellen | Schramas.com","article_publisher":"https:\/\/www.facebook.com\/Schramascom-106872874153195\/","article_modified_time":"2026-03-26T15:33:54+00:00","og_image":[{"width":1024,"height":1024,"url":"http:\/\/www.schramas.com\/wp-content\/uploads\/2026\/01\/Geen-foto-beschikbaar-6-low.webp","type":"image\/webp"}],"twitter_card":"summary_large_image","twitter_misc":{"Dur\u00e9e de lecture estim\u00e9e":"2 minutes"},"schema":{"@context":"https:\/\/schema.org","@graph":[{"@type":["WebPage","ItemPage"],"@id":"https:\/\/www.schramas.com\/winkel\/asperge-festival-2-liter-pot\/","url":"https:\/\/www.schramas.com\/winkel\/asperge-festival-2-liter-pot\/","name":"Lot de 2 Asparagus officinalis - 'Vegalim', 'Vitalim' - Vert et blanc - Acheter pot de 2 litres | Acheter des plantes facilement en ligne | Schramas.com","isPartOf":{"@id":"https:\/\/www.schramas.com\/#website"},"primaryImageOfPage":{"@id":"https:\/\/www.schramas.com\/winkel\/asperge-festival-2-liter-pot\/#primaryimage"},"image":{"@id":"https:\/\/www.schramas.com\/winkel\/asperge-festival-2-liter-pot\/#primaryimage"},"thumbnailUrl":"https:\/\/www.schramas.com\/wp-content\/uploads\/2026\/01\/Geen-foto-beschikbaar-6-low.webp","datePublished":"2020-03-24T13:15:20+00:00","dateModified":"2026-03-26T15:33:54+00:00","breadcrumb":{"@id":"https:\/\/www.schramas.com\/winkel\/asperge-festival-2-liter-pot\/#breadcrumb"},"inLanguage":"fr-FR","potentialAction":[{"@type":"ReadAction","target":["https:\/\/www.schramas.com\/winkel\/asperge-festival-2-liter-pot\/"]}]},{"@type":"ImageObject","inLanguage":"fr-FR","@id":"https:\/\/www.schramas.com\/winkel\/asperge-festival-2-liter-pot\/#primaryimage","url":"https:\/\/www.schramas.com\/wp-content\/uploads\/2026\/01\/Geen-foto-beschikbaar-6-low.webp","contentUrl":"https:\/\/www.schramas.com\/wp-content\/uploads\/2026\/01\/Geen-foto-beschikbaar-6-low.webp","width":1024,"height":1024},{"@type":"BreadcrumbList","@id":"https:\/\/www.schramas.com\/winkel\/asperge-festival-2-liter-pot\/#breadcrumb","itemListElement":[{"@type":"ListItem","position":1,"name":"Product","item":"https:\/\/www.schramas.com\/assortiment\/"},{"@type":"ListItem","position":2,"name":"Asperges","item":"https:\/\/www.schramas.com\/sv\/produktkategori\/sparris\/"},{"@type":"ListItem","position":3,"name":"Set van 2 Asparagus officinalis &#8211; &#8216;Vegalim&#8217;, &#8216;Vitalim&#8217; &#8211; Groen en wit &#8211; 2 liter pot"}]},{"@type":"WebSite","@id":"https:\/\/www.schramas.com\/#website","url":"https:\/\/www.schramas.com\/","name":"Schramas.com | Plantes de jardin faciles \u00e0 commander en ligne | En direct de notre p\u00e9pini\u00e8re","description":"","alternateName":"Schramas.com - Alle planten direct van de kweker","potentialAction":[{"@type":"SearchAction","target":{"@type":"EntryPoint","urlTemplate":"https:\/\/www.schramas.com\/?s={search_term_string}"},"query-input":{"@type":"PropertyValueSpecification","valueRequired":true,"valueName":"search_term_string"}}],"inLanguage":"fr-FR"}]}},"_links":{"self":[{"href":"https:\/\/www.schramas.com\/fr\/wp-json\/wp\/v2\/product\/9329","targetHints":{"allow":["GET"]}}],"collection":[{"href":"https:\/\/www.schramas.com\/fr\/wp-json\/wp\/v2\/product"}],"about":[{"href":"https:\/\/www.schramas.com\/fr\/wp-json\/wp\/v2\/types\/product"}],"version-history":[{"count":1,"href":"https:\/\/www.schramas.com\/fr\/wp-json\/wp\/v2\/product\/9329\/revisions"}],"predecessor-version":[{"id":65074,"href":"https:\/\/www.schramas.com\/fr\/wp-json\/wp\/v2\/product\/9329\/revisions\/65074"}],"wp:featuredmedia":[{"embeddable":true,"href":"https:\/\/www.schramas.com\/fr\/wp-json\/wp\/v2\/media\/65058"}],"wp:attachment":[{"href":"https:\/\/www.schramas.com\/fr\/wp-json\/wp\/v2\/media?parent=9329"}],"wp:term":[{"taxonomy":"product_brand","embeddable":true,"href":"https:\/\/www.schramas.com\/fr\/wp-json\/wp\/v2\/product_brand?post=9329"},{"taxonomy":"product_cat","embeddable":true,"href":"https:\/\/www.schramas.com\/fr\/wp-json\/wp\/v2\/product_cat?post=9329"},{"taxonomy":"product_tag","embeddable":true,"href":"https:\/\/www.schramas.com\/fr\/wp-json\/wp\/v2\/product_tag?post=9329"}],"curies":[{"name":"wp","href":"https:\/\/api.w.org\/{rel}","templated":true}]}}