{"id":9479,"date":"2020-04-03T15:42:05","date_gmt":"2020-04-03T13:42:05","guid":{"rendered":"https:\/\/www.schramas.com\/?post_type=product&#038;p=9479"},"modified":"2026-03-26T16:33:58","modified_gmt":"2026-03-26T15:33:58","slug":"malus-domestica-ballerina-charlotte-pot-de-7-litres","status":"publish","type":"product","link":"https:\/\/www.schramas.com\/fr\/boutique\/malus-domestica-ballerina-charlotte-pot-de-7-litres\/","title":{"rendered":"Malus domestica Ballerina 'Charlotte' pommier colonnaire, pot de 7 litres, 120cm"},"content":{"rendered":"<p>Un vrai pommier colonnaire, c'est-\u00e0-dire que ce pommier ne pousse que perpendiculairement comme une colonne et donne les pommes directement sur le tronc.<\/p>\n<p>Gr\u00e2ce \u00e0 leur port tr\u00e8s compact, vous pouvez m\u00eame les planter assez pr\u00e8s les uns des autres et les utiliser pour cr\u00e9er une cloison de pommiers, par exemple. De quoi attirer les regards dans tous les jardins !<\/p>","protected":false},"excerpt":{"rendered":"<p>Malus domestica 'Charlotte'<\/p>\n<p>V\u00e9ritable pilier de la pomme<\/p>\n<p>Go\u00fbt : doux<\/p>\n<p>Couleur du fruit : rouge<\/p>\n<p>Hauteur maximale : environ 2,5 \u00e0 3 m\u00e8tres<\/p>\n<p>Hauteur de livraison, pot compris : 80-120cm<\/p>\n<p>Taille du pot : 5-7 litres<\/p>\n<p>Bien que cette ballerine soit autogame, nous recommandons toujours de placer une pomme crabe malus \u00e0 moins de 10 m\u00e8tres de l'arbre pour une meilleure pollinisation crois\u00e9e.<\/p>\n<p>Convient aussi bien pour les terrasses que pour les terrains en plein air<\/p>","protected":false},"featured_media":20026,"template":"","meta":{"_joinchat":[]},"product_brand":[],"product_cat":[20,262,233,803,152],"product_tag":[569,705,709,584,352,587,351,316,706],"class_list":{"0":"post-9479","1":"product","2":"type-product","3":"status-publish","4":"has-post-thumbnail","6":"product_cat-appels","7":"product_cat-bomen-struiken","8":"product_cat-fruitbomen","9":"product_cat-herfst","10":"product_cat-zuilfruit","11":"product_tag-appel","12":"product_tag-ballerina","13":"product_tag-flamenco","14":"product_tag-fris-zoet","15":"product_tag-geent","16":"product_tag-rood","17":"product_tag-winterhard","18":"product_tag-zelfbestuivend","19":"product_tag-zuilvorm","20":"pa_bloeimaanden-maart","21":"pa_bloeimaanden-april","22":"pa_ewd_uwcf_colors-rood-2","23":"pa_groeihoogte-200-300-cm","24":"pa_pot-7-liter-pot","26":"first","27":"outofstock","28":"taxable","29":"shipping-taxable","30":"purchasable","31":"product-type-simple"},"yoast_head":"<!-- This site is optimized with the Yoast SEO plugin v24.2 - https:\/\/yoast.com\/wordpress\/plugins\/seo\/ -->\n<title>Malus domestica Ballerina &#039;Charlotte&#039; zuilappelboom, 7 liter pot, 120cm kopen | Planten eenvoudig online bestellen | Schramas.com<\/title>\n<meta name=\"robots\" content=\"index, follow, max-snippet:-1, max-image-preview:large, max-video-preview:-1\" \/>\n<link rel=\"canonical\" href=\"https:\/\/www.schramas.com\/fr\/boutique\/malus-domestica-ballerina-charlotte-pot-de-7-litres\/\" \/>\n<meta property=\"og:locale\" content=\"fr_FR\" \/>\n<meta property=\"og:type\" content=\"article\" \/>\n<meta property=\"og:title\" content=\"Malus domestica Ballerina &#039;Charlotte&#039; zuilappelboom, 7 liter pot, 120cm kopen | Planten eenvoudig online bestellen | Schramas.com\" \/>\n<meta property=\"og:description\" content=\"Malus domestica &#039;Charlotte&#039;  Echte zuilappel  Smaak: zoet  Kleur vrucht: rood  Hoogte maximaal: ca. 2,5- 3 meter  Leverhoogte incl. pot: 80-120cm  Potmaat: 5-7 liter  Hoewel deze ballerina zelf bestuivend is raden wij altijd aan een malus sierappel binnen 10 meter van de boom te plaatsen voor meer kruisbestuiving.  Geschikt voor zowel patio als volle grond\" \/>\n<meta property=\"og:url\" content=\"https:\/\/www.schramas.com\/fr\/boutique\/malus-domestica-ballerina-charlotte-pot-de-7-litres\/\" \/>\n<meta property=\"og:site_name\" content=\"Planten eenvoudig online bestellen | Schramas.com\" \/>\n<meta property=\"article:publisher\" content=\"https:\/\/www.facebook.com\/Schramascom-106872874153195\/\" \/>\n<meta property=\"article:modified_time\" content=\"2026-03-26T15:33:58+00:00\" \/>\n<meta property=\"og:image\" content=\"https:\/\/www.schramas.com\/wp-content\/uploads\/2020\/04\/210623_9502295946762_Malus-domestica-Ballerina-Charlotte-5-of-7-liter-pot-bewerkt-vooraanzicht.png\" \/>\n\t<meta property=\"og:image:width\" content=\"1200\" \/>\n\t<meta property=\"og:image:height\" content=\"1200\" \/>\n\t<meta property=\"og:image:type\" content=\"image\/png\" \/>\n<meta name=\"twitter:card\" content=\"summary_large_image\" \/>\n<script type=\"application\/ld+json\" class=\"yoast-schema-graph\">{\"@context\":\"https:\/\/schema.org\",\"@graph\":[{\"@type\":[\"WebPage\",\"ItemPage\"],\"@id\":\"https:\/\/www.schramas.com\/winkel\/malus-domestica-ballerina-charlotte-7-liter-pot\/\",\"url\":\"https:\/\/www.schramas.com\/winkel\/malus-domestica-ballerina-charlotte-7-liter-pot\/\",\"name\":\"Malus domestica Ballerina 'Charlotte' zuilappelboom, 7 liter pot, 120cm kopen | Planten eenvoudig online bestellen | Schramas.com\",\"isPartOf\":{\"@id\":\"https:\/\/www.schramas.com\/#website\"},\"primaryImageOfPage\":{\"@id\":\"https:\/\/www.schramas.com\/winkel\/malus-domestica-ballerina-charlotte-7-liter-pot\/#primaryimage\"},\"image\":{\"@id\":\"https:\/\/www.schramas.com\/winkel\/malus-domestica-ballerina-charlotte-7-liter-pot\/#primaryimage\"},\"thumbnailUrl\":\"https:\/\/www.schramas.com\/wp-content\/uploads\/2020\/04\/210623_9502295946762_Malus-domestica-Ballerina-Charlotte-5-of-7-liter-pot-bewerkt-vooraanzicht.png\",\"datePublished\":\"2020-04-03T13:42:05+00:00\",\"dateModified\":\"2026-03-26T15:33:58+00:00\",\"breadcrumb\":{\"@id\":\"https:\/\/www.schramas.com\/winkel\/malus-domestica-ballerina-charlotte-7-liter-pot\/#breadcrumb\"},\"inLanguage\":\"fr-FR\",\"potentialAction\":[{\"@type\":\"ReadAction\",\"target\":[\"https:\/\/www.schramas.com\/winkel\/malus-domestica-ballerina-charlotte-7-liter-pot\/\"]}]},{\"@type\":\"ImageObject\",\"inLanguage\":\"fr-FR\",\"@id\":\"https:\/\/www.schramas.com\/winkel\/malus-domestica-ballerina-charlotte-7-liter-pot\/#primaryimage\",\"url\":\"https:\/\/www.schramas.com\/wp-content\/uploads\/2020\/04\/210623_9502295946762_Malus-domestica-Ballerina-Charlotte-5-of-7-liter-pot-bewerkt-vooraanzicht.png\",\"contentUrl\":\"https:\/\/www.schramas.com\/wp-content\/uploads\/2020\/04\/210623_9502295946762_Malus-domestica-Ballerina-Charlotte-5-of-7-liter-pot-bewerkt-vooraanzicht.png\",\"width\":1200,\"height\":1200},{\"@type\":\"BreadcrumbList\",\"@id\":\"https:\/\/www.schramas.com\/winkel\/malus-domestica-ballerina-charlotte-7-liter-pot\/#breadcrumb\",\"itemListElement\":[{\"@type\":\"ListItem\",\"position\":1,\"name\":\"Product\",\"item\":\"https:\/\/www.schramas.com\/assortiment\/\"},{\"@type\":\"ListItem\",\"position\":2,\"name\":\"Bomen &amp; Struiken\",\"item\":\"https:\/\/www.schramas.com\/product-category\/bomen-struiken\/\"},{\"@type\":\"ListItem\",\"position\":3,\"name\":\"Specials\",\"item\":\"https:\/\/www.schramas.com\/product-category\/bomen-struiken\/specials\/\"},{\"@type\":\"ListItem\",\"position\":4,\"name\":\"Pilaar\/zuil fruit\",\"item\":\"https:\/\/www.schramas.com\/product-category\/bomen-struiken\/specials\/zuilfruit\/\"},{\"@type\":\"ListItem\",\"position\":5,\"name\":\"Malus domestica Ballerina &#8216;Charlotte&#8217; zuilappelboom, 7 liter pot, 120cm\"}]},{\"@type\":\"WebSite\",\"@id\":\"https:\/\/www.schramas.com\/#website\",\"url\":\"https:\/\/www.schramas.com\/\",\"name\":\"Schramas.com | Tuinplanten eenvoudig online bestellen | Direct van onze Kwekerij\",\"description\":\"\",\"alternateName\":\"Schramas.com - Alle planten direct van de kweker\",\"potentialAction\":[{\"@type\":\"SearchAction\",\"target\":{\"@type\":\"EntryPoint\",\"urlTemplate\":\"https:\/\/www.schramas.com\/?s={search_term_string}\"},\"query-input\":{\"@type\":\"PropertyValueSpecification\",\"valueRequired\":true,\"valueName\":\"search_term_string\"}}],\"inLanguage\":\"fr-FR\"}]}<\/script>\n<!-- \/ Yoast SEO plugin. -->","yoast_head_json":{"title":"Malus domestica Ballerina 'Charlotte' pommier colonnaire, pot de 7 litres, 120cm achat | Plantes commande en ligne facile | Schramas.com","robots":{"index":"index","follow":"follow","max-snippet":"max-snippet:-1","max-image-preview":"max-image-preview:large","max-video-preview":"max-video-preview:-1"},"canonical":"https:\/\/www.schramas.com\/fr\/boutique\/malus-domestica-ballerina-charlotte-pot-de-7-litres\/","og_locale":"fr_FR","og_type":"article","og_title":"Malus domestica Ballerina 'Charlotte' zuilappelboom, 7 liter pot, 120cm kopen | Planten eenvoudig online bestellen | Schramas.com","og_description":"Malus domestica 'Charlotte'  Echte zuilappel  Smaak: zoet  Kleur vrucht: rood  Hoogte maximaal: ca. 2,5- 3 meter  Leverhoogte incl. pot: 80-120cm  Potmaat: 5-7 liter  Hoewel deze ballerina zelf bestuivend is raden wij altijd aan een malus sierappel binnen 10 meter van de boom te plaatsen voor meer kruisbestuiving.  Geschikt voor zowel patio als volle grond","og_url":"https:\/\/www.schramas.com\/fr\/boutique\/malus-domestica-ballerina-charlotte-pot-de-7-litres\/","og_site_name":"Planten eenvoudig online bestellen | Schramas.com","article_publisher":"https:\/\/www.facebook.com\/Schramascom-106872874153195\/","article_modified_time":"2026-03-26T15:33:58+00:00","og_image":[{"width":1200,"height":1200,"url":"https:\/\/www.schramas.com\/wp-content\/uploads\/2020\/04\/210623_9502295946762_Malus-domestica-Ballerina-Charlotte-5-of-7-liter-pot-bewerkt-vooraanzicht.png","type":"image\/png"}],"twitter_card":"summary_large_image","schema":{"@context":"https:\/\/schema.org","@graph":[{"@type":["WebPage","ItemPage"],"@id":"https:\/\/www.schramas.com\/winkel\/malus-domestica-ballerina-charlotte-7-liter-pot\/","url":"https:\/\/www.schramas.com\/winkel\/malus-domestica-ballerina-charlotte-7-liter-pot\/","name":"Malus domestica Ballerina 'Charlotte' pommier colonnaire, pot de 7 litres, 120cm achat | Plantes commande en ligne facile | Schramas.com","isPartOf":{"@id":"https:\/\/www.schramas.com\/#website"},"primaryImageOfPage":{"@id":"https:\/\/www.schramas.com\/winkel\/malus-domestica-ballerina-charlotte-7-liter-pot\/#primaryimage"},"image":{"@id":"https:\/\/www.schramas.com\/winkel\/malus-domestica-ballerina-charlotte-7-liter-pot\/#primaryimage"},"thumbnailUrl":"https:\/\/www.schramas.com\/wp-content\/uploads\/2020\/04\/210623_9502295946762_Malus-domestica-Ballerina-Charlotte-5-of-7-liter-pot-bewerkt-vooraanzicht.png","datePublished":"2020-04-03T13:42:05+00:00","dateModified":"2026-03-26T15:33:58+00:00","breadcrumb":{"@id":"https:\/\/www.schramas.com\/winkel\/malus-domestica-ballerina-charlotte-7-liter-pot\/#breadcrumb"},"inLanguage":"fr-FR","potentialAction":[{"@type":"ReadAction","target":["https:\/\/www.schramas.com\/winkel\/malus-domestica-ballerina-charlotte-7-liter-pot\/"]}]},{"@type":"ImageObject","inLanguage":"fr-FR","@id":"https:\/\/www.schramas.com\/winkel\/malus-domestica-ballerina-charlotte-7-liter-pot\/#primaryimage","url":"https:\/\/www.schramas.com\/wp-content\/uploads\/2020\/04\/210623_9502295946762_Malus-domestica-Ballerina-Charlotte-5-of-7-liter-pot-bewerkt-vooraanzicht.png","contentUrl":"https:\/\/www.schramas.com\/wp-content\/uploads\/2020\/04\/210623_9502295946762_Malus-domestica-Ballerina-Charlotte-5-of-7-liter-pot-bewerkt-vooraanzicht.png","width":1200,"height":1200},{"@type":"BreadcrumbList","@id":"https:\/\/www.schramas.com\/winkel\/malus-domestica-ballerina-charlotte-7-liter-pot\/#breadcrumb","itemListElement":[{"@type":"ListItem","position":1,"name":"Product","item":"https:\/\/www.schramas.com\/assortiment\/"},{"@type":"ListItem","position":2,"name":"Bomen &amp; Struiken","item":"https:\/\/www.schramas.com\/product-category\/bomen-struiken\/"},{"@type":"ListItem","position":3,"name":"Specials","item":"https:\/\/www.schramas.com\/product-category\/bomen-struiken\/specials\/"},{"@type":"ListItem","position":4,"name":"Pilaar\/zuil fruit","item":"https:\/\/www.schramas.com\/product-category\/bomen-struiken\/specials\/zuilfruit\/"},{"@type":"ListItem","position":5,"name":"Malus domestica Ballerina &#8216;Charlotte&#8217; zuilappelboom, 7 liter pot, 120cm"}]},{"@type":"WebSite","@id":"https:\/\/www.schramas.com\/#website","url":"https:\/\/www.schramas.com\/","name":"Schramas.com | Plantes de jardin faciles \u00e0 commander en ligne | En direct de notre p\u00e9pini\u00e8re","description":"","alternateName":"Schramas.com - Alle planten direct van de kweker","potentialAction":[{"@type":"SearchAction","target":{"@type":"EntryPoint","urlTemplate":"https:\/\/www.schramas.com\/?s={search_term_string}"},"query-input":{"@type":"PropertyValueSpecification","valueRequired":true,"valueName":"search_term_string"}}],"inLanguage":"fr-FR"}]}},"_links":{"self":[{"href":"https:\/\/www.schramas.com\/fr\/wp-json\/wp\/v2\/product\/9479","targetHints":{"allow":["GET"]}}],"collection":[{"href":"https:\/\/www.schramas.com\/fr\/wp-json\/wp\/v2\/product"}],"about":[{"href":"https:\/\/www.schramas.com\/fr\/wp-json\/wp\/v2\/types\/product"}],"version-history":[{"count":0,"href":"https:\/\/www.schramas.com\/fr\/wp-json\/wp\/v2\/product\/9479\/revisions"}],"wp:featuredmedia":[{"embeddable":true,"href":"https:\/\/www.schramas.com\/fr\/wp-json\/wp\/v2\/media\/20026"}],"wp:attachment":[{"href":"https:\/\/www.schramas.com\/fr\/wp-json\/wp\/v2\/media?parent=9479"}],"wp:term":[{"taxonomy":"product_brand","embeddable":true,"href":"https:\/\/www.schramas.com\/fr\/wp-json\/wp\/v2\/product_brand?post=9479"},{"taxonomy":"product_cat","embeddable":true,"href":"https:\/\/www.schramas.com\/fr\/wp-json\/wp\/v2\/product_cat?post=9479"},{"taxonomy":"product_tag","embeddable":true,"href":"https:\/\/www.schramas.com\/fr\/wp-json\/wp\/v2\/product_tag?post=9479"}],"curies":[{"name":"wp","href":"https:\/\/api.w.org\/{rel}","templated":true}]}}