{"id":9484,"date":"2020-04-03T15:57:42","date_gmt":"2020-04-03T13:57:42","guid":{"rendered":"https:\/\/www.schramas.com\/?post_type=product&#038;p=9484"},"modified":"2026-03-26T16:33:58","modified_gmt":"2026-03-26T15:33:58","slug":"ribes-rubrum-rovada-propose-5-morceaux-de-materiel-racinaire","status":"publish","type":"product","link":"https:\/\/www.schramas.com\/fr\/boutique\/ribes-rubrum-rovada-propose-5-morceaux-de-materiel-racinaire\/","title":{"rendered":"Ribes rubrum 'Rovada' groseille rouge, porte-greffe, 5 plantes"},"content":{"rendered":"<p>Rovada&#039; est l&#039;une des meilleures vari\u00e9t\u00e9s de groseilles du moment. Le Rovada m\u00fbrit tardivement (fin juillet\/d\u00e9but ao\u00fbt) et produit de longues grappes de baies rouges brillantes. Cet arbuste porte du bois \u00e2g\u00e9 de 1 \u00e0 2 ans. Nous vous recommandons de prot\u00e9ger les plantes des oiseaux lorsque les baies sont m\u00fbres. Ces plantes sont fournies sous forme de mat\u00e9riel racinaire, donc sans pot.<\/p>","protected":false},"excerpt":{"rendered":"<p>Ribes rubrum &#039;Rovada&#039;<\/p>\n<p>Groseille rouge<\/p>\n<p>Go\u00fbt : aigre-doux aromatique<\/p>\n<p>Couleur du fruit : rouge<\/p>\n<p>Hauteur maximale : 1,75 - 2 m\u00e8tres<\/p>\n<p>Convient aussi bien pour les terrasses que pour les terrains en plein air.<\/p>\n<p>Autopollinisation<\/p>\n<p>R\u00e9sistant au gel<\/p>\n<p>Hauteur de livraison avec racines +\/-30 cm<\/p>\n<p>Taille du pot : Ce produit est livr\u00e9 en tant que porte-greffe sans pot.<\/p>","protected":false},"featured_media":12663,"template":"","meta":{"_joinchat":[]},"product_brand":[],"product_cat":[41,262,234],"product_tag":[646,603,598,647,660,351,316],"class_list":{"0":"post-9484","1":"product","2":"type-product","3":"status-publish","4":"has-post-thumbnail","6":"product_cat-aalbessen","7":"product_cat-bomen-struiken","8":"product_cat-fruitstruiken","9":"product_tag-aalbes","10":"product_tag-bessen","11":"product_tag-ribes","12":"product_tag-rode-bes","13":"product_tag-rolan","14":"product_tag-winterhard","15":"product_tag-zelfbestuivend","16":"pa_bloeimaanden-mei","17":"pa_ewd_uwcf_colors-rood-2","18":"pa_groeihoogte-150-200-cm","19":"pa_pot-9-cm-pot","21":"first","22":"outofstock","23":"taxable","24":"shipping-taxable","25":"purchasable","26":"product-type-simple"},"yoast_head":"<!-- This site is optimized with the Yoast SEO plugin v24.2 - https:\/\/yoast.com\/wordpress\/plugins\/seo\/ -->\n<title>Ribes rubrum &#039;Rovada&#039; rode aalbes, wortelgoed, 5 planten kopen | Planten eenvoudig online bestellen | Schramas.com<\/title>\n<meta name=\"robots\" content=\"index, follow, max-snippet:-1, max-image-preview:large, max-video-preview:-1\" \/>\n<link rel=\"canonical\" href=\"https:\/\/www.schramas.com\/fr\/boutique\/ribes-rubrum-rovada-propose-5-morceaux-de-materiel-racinaire\/\" \/>\n<meta property=\"og:locale\" content=\"fr_FR\" \/>\n<meta property=\"og:type\" content=\"article\" \/>\n<meta property=\"og:title\" content=\"Ribes rubrum &#039;Rovada&#039; rode aalbes, wortelgoed, 5 planten kopen | Planten eenvoudig online bestellen | Schramas.com\" \/>\n<meta property=\"og:description\" content=\"Ribes rubrum &#039;Rovada&#039;  Rode aalbes  Smaak: zoet-zuur aromatisch  Kleur vrucht: rood  Hoogte max: 1.75 - 2 meter  Geschikt voor zowel patio als volle grond.  Zelf bestuivend  Vorst bestending  Leverhoogte incl. wortels\u00a0 +\/_30 cm  Pot maat: Dit product woord aangeleverd als wortelgoed zonder pot.\" \/>\n<meta property=\"og:url\" content=\"https:\/\/www.schramas.com\/fr\/boutique\/ribes-rubrum-rovada-propose-5-morceaux-de-materiel-racinaire\/\" \/>\n<meta property=\"og:site_name\" content=\"Planten eenvoudig online bestellen | Schramas.com\" \/>\n<meta property=\"article:publisher\" content=\"https:\/\/www.facebook.com\/Schramascom-106872874153195\/\" \/>\n<meta property=\"article:modified_time\" content=\"2026-03-26T15:33:58+00:00\" \/>\n<meta property=\"og:image\" content=\"http:\/\/www.schramas.com\/wp-content\/uploads\/2020\/10\/Ribes-Rubrum-Rovada-wortelgoed.png\" \/>\n\t<meta property=\"og:image:width\" content=\"500\" \/>\n\t<meta property=\"og:image:height\" content=\"500\" \/>\n\t<meta property=\"og:image:type\" content=\"image\/png\" \/>\n<meta name=\"twitter:card\" content=\"summary_large_image\" \/>\n<script type=\"application\/ld+json\" class=\"yoast-schema-graph\">{\"@context\":\"https:\/\/schema.org\",\"@graph\":[{\"@type\":[\"WebPage\",\"ItemPage\"],\"@id\":\"https:\/\/www.schramas.com\/winkel\/ribes-rubrum-rovada-aanbieding-5-stuks-wortelgoed\/\",\"url\":\"https:\/\/www.schramas.com\/winkel\/ribes-rubrum-rovada-aanbieding-5-stuks-wortelgoed\/\",\"name\":\"Ribes rubrum 'Rovada' rode aalbes, wortelgoed, 5 planten kopen | Planten eenvoudig online bestellen | Schramas.com\",\"isPartOf\":{\"@id\":\"https:\/\/www.schramas.com\/#website\"},\"primaryImageOfPage\":{\"@id\":\"https:\/\/www.schramas.com\/winkel\/ribes-rubrum-rovada-aanbieding-5-stuks-wortelgoed\/#primaryimage\"},\"image\":{\"@id\":\"https:\/\/www.schramas.com\/winkel\/ribes-rubrum-rovada-aanbieding-5-stuks-wortelgoed\/#primaryimage\"},\"thumbnailUrl\":\"https:\/\/www.schramas.com\/wp-content\/uploads\/2020\/10\/Ribes-Rubrum-Rovada-wortelgoed.png\",\"datePublished\":\"2020-04-03T13:57:42+00:00\",\"dateModified\":\"2026-03-26T15:33:58+00:00\",\"breadcrumb\":{\"@id\":\"https:\/\/www.schramas.com\/winkel\/ribes-rubrum-rovada-aanbieding-5-stuks-wortelgoed\/#breadcrumb\"},\"inLanguage\":\"fr-FR\",\"potentialAction\":[{\"@type\":\"ReadAction\",\"target\":[\"https:\/\/www.schramas.com\/winkel\/ribes-rubrum-rovada-aanbieding-5-stuks-wortelgoed\/\"]}]},{\"@type\":\"ImageObject\",\"inLanguage\":\"fr-FR\",\"@id\":\"https:\/\/www.schramas.com\/winkel\/ribes-rubrum-rovada-aanbieding-5-stuks-wortelgoed\/#primaryimage\",\"url\":\"https:\/\/www.schramas.com\/wp-content\/uploads\/2020\/10\/Ribes-Rubrum-Rovada-wortelgoed.png\",\"contentUrl\":\"https:\/\/www.schramas.com\/wp-content\/uploads\/2020\/10\/Ribes-Rubrum-Rovada-wortelgoed.png\",\"width\":500,\"height\":500},{\"@type\":\"BreadcrumbList\",\"@id\":\"https:\/\/www.schramas.com\/winkel\/ribes-rubrum-rovada-aanbieding-5-stuks-wortelgoed\/#breadcrumb\",\"itemListElement\":[{\"@type\":\"ListItem\",\"position\":1,\"name\":\"Product\",\"item\":\"https:\/\/www.schramas.com\/assortiment\/\"},{\"@type\":\"ListItem\",\"position\":2,\"name\":\"Bomen &amp; Struiken\",\"item\":\"https:\/\/www.schramas.com\/product-category\/bomen-struiken\/\"},{\"@type\":\"ListItem\",\"position\":3,\"name\":\"Fruitstruiken\",\"item\":\"https:\/\/www.schramas.com\/de\/produktkategorie\/baume-und-straucher\/obststraucher\/\"},{\"@type\":\"ListItem\",\"position\":4,\"name\":\"Aalbessen\",\"item\":\"https:\/\/www.schramas.com\/product-category\/bomen-struiken\/fruitstruiken\/aalbessen\/\"},{\"@type\":\"ListItem\",\"position\":5,\"name\":\"Ribes rubrum &#8216;Rovada&#8217; rode aalbes, wortelgoed, 5 planten\"}]},{\"@type\":\"WebSite\",\"@id\":\"https:\/\/www.schramas.com\/#website\",\"url\":\"https:\/\/www.schramas.com\/\",\"name\":\"Schramas.com | Tuinplanten eenvoudig online bestellen | Direct van onze Kwekerij\",\"description\":\"\",\"alternateName\":\"Schramas.com - Alle planten direct van de kweker\",\"potentialAction\":[{\"@type\":\"SearchAction\",\"target\":{\"@type\":\"EntryPoint\",\"urlTemplate\":\"https:\/\/www.schramas.com\/?s={search_term_string}\"},\"query-input\":{\"@type\":\"PropertyValueSpecification\",\"valueRequired\":true,\"valueName\":\"search_term_string\"}}],\"inLanguage\":\"fr-FR\"}]}<\/script>\n<!-- \/ Yoast SEO plugin. -->","yoast_head_json":{"title":"Acheter Ribes rubrum &#039;Rovada&#039; groseille rouge, porte-greffe, 5 plantes | Commandez facilement des plantes en ligne | Schramas.com","robots":{"index":"index","follow":"follow","max-snippet":"max-snippet:-1","max-image-preview":"max-image-preview:large","max-video-preview":"max-video-preview:-1"},"canonical":"https:\/\/www.schramas.com\/fr\/boutique\/ribes-rubrum-rovada-propose-5-morceaux-de-materiel-racinaire\/","og_locale":"fr_FR","og_type":"article","og_title":"Ribes rubrum 'Rovada' rode aalbes, wortelgoed, 5 planten kopen | Planten eenvoudig online bestellen | Schramas.com","og_description":"Ribes rubrum 'Rovada'  Rode aalbes  Smaak: zoet-zuur aromatisch  Kleur vrucht: rood  Hoogte max: 1.75 - 2 meter  Geschikt voor zowel patio als volle grond.  Zelf bestuivend  Vorst bestending  Leverhoogte incl. wortels\u00a0 +\/_30 cm  Pot maat: Dit product woord aangeleverd als wortelgoed zonder pot.","og_url":"https:\/\/www.schramas.com\/fr\/boutique\/ribes-rubrum-rovada-propose-5-morceaux-de-materiel-racinaire\/","og_site_name":"Planten eenvoudig online bestellen | Schramas.com","article_publisher":"https:\/\/www.facebook.com\/Schramascom-106872874153195\/","article_modified_time":"2026-03-26T15:33:58+00:00","og_image":[{"width":500,"height":500,"url":"http:\/\/www.schramas.com\/wp-content\/uploads\/2020\/10\/Ribes-Rubrum-Rovada-wortelgoed.png","type":"image\/png"}],"twitter_card":"summary_large_image","schema":{"@context":"https:\/\/schema.org","@graph":[{"@type":["WebPage","ItemPage"],"@id":"https:\/\/www.schramas.com\/winkel\/ribes-rubrum-rovada-aanbieding-5-stuks-wortelgoed\/","url":"https:\/\/www.schramas.com\/winkel\/ribes-rubrum-rovada-aanbieding-5-stuks-wortelgoed\/","name":"Acheter Ribes rubrum &#039;Rovada&#039; groseille rouge, porte-greffe, 5 plantes | Commandez facilement des plantes en ligne | Schramas.com","isPartOf":{"@id":"https:\/\/www.schramas.com\/#website"},"primaryImageOfPage":{"@id":"https:\/\/www.schramas.com\/winkel\/ribes-rubrum-rovada-aanbieding-5-stuks-wortelgoed\/#primaryimage"},"image":{"@id":"https:\/\/www.schramas.com\/winkel\/ribes-rubrum-rovada-aanbieding-5-stuks-wortelgoed\/#primaryimage"},"thumbnailUrl":"https:\/\/www.schramas.com\/wp-content\/uploads\/2020\/10\/Ribes-Rubrum-Rovada-wortelgoed.png","datePublished":"2020-04-03T13:57:42+00:00","dateModified":"2026-03-26T15:33:58+00:00","breadcrumb":{"@id":"https:\/\/www.schramas.com\/winkel\/ribes-rubrum-rovada-aanbieding-5-stuks-wortelgoed\/#breadcrumb"},"inLanguage":"fr-FR","potentialAction":[{"@type":"ReadAction","target":["https:\/\/www.schramas.com\/winkel\/ribes-rubrum-rovada-aanbieding-5-stuks-wortelgoed\/"]}]},{"@type":"ImageObject","inLanguage":"fr-FR","@id":"https:\/\/www.schramas.com\/winkel\/ribes-rubrum-rovada-aanbieding-5-stuks-wortelgoed\/#primaryimage","url":"https:\/\/www.schramas.com\/wp-content\/uploads\/2020\/10\/Ribes-Rubrum-Rovada-wortelgoed.png","contentUrl":"https:\/\/www.schramas.com\/wp-content\/uploads\/2020\/10\/Ribes-Rubrum-Rovada-wortelgoed.png","width":500,"height":500},{"@type":"BreadcrumbList","@id":"https:\/\/www.schramas.com\/winkel\/ribes-rubrum-rovada-aanbieding-5-stuks-wortelgoed\/#breadcrumb","itemListElement":[{"@type":"ListItem","position":1,"name":"Product","item":"https:\/\/www.schramas.com\/assortiment\/"},{"@type":"ListItem","position":2,"name":"Bomen &amp; Struiken","item":"https:\/\/www.schramas.com\/product-category\/bomen-struiken\/"},{"@type":"ListItem","position":3,"name":"Fruitstruiken","item":"https:\/\/www.schramas.com\/de\/produktkategorie\/baume-und-straucher\/obststraucher\/"},{"@type":"ListItem","position":4,"name":"Aalbessen","item":"https:\/\/www.schramas.com\/product-category\/bomen-struiken\/fruitstruiken\/aalbessen\/"},{"@type":"ListItem","position":5,"name":"Ribes rubrum &#8216;Rovada&#8217; rode aalbes, wortelgoed, 5 planten"}]},{"@type":"WebSite","@id":"https:\/\/www.schramas.com\/#website","url":"https:\/\/www.schramas.com\/","name":"Schramas.com | Plantes de jardin faciles \u00e0 commander en ligne | En direct de notre p\u00e9pini\u00e8re","description":"","alternateName":"Schramas.com - Alle planten direct van de kweker","potentialAction":[{"@type":"SearchAction","target":{"@type":"EntryPoint","urlTemplate":"https:\/\/www.schramas.com\/?s={search_term_string}"},"query-input":{"@type":"PropertyValueSpecification","valueRequired":true,"valueName":"search_term_string"}}],"inLanguage":"fr-FR"}]}},"_links":{"self":[{"href":"https:\/\/www.schramas.com\/fr\/wp-json\/wp\/v2\/product\/9484","targetHints":{"allow":["GET"]}}],"collection":[{"href":"https:\/\/www.schramas.com\/fr\/wp-json\/wp\/v2\/product"}],"about":[{"href":"https:\/\/www.schramas.com\/fr\/wp-json\/wp\/v2\/types\/product"}],"version-history":[{"count":1,"href":"https:\/\/www.schramas.com\/fr\/wp-json\/wp\/v2\/product\/9484\/revisions"}],"predecessor-version":[{"id":57383,"href":"https:\/\/www.schramas.com\/fr\/wp-json\/wp\/v2\/product\/9484\/revisions\/57383"}],"wp:featuredmedia":[{"embeddable":true,"href":"https:\/\/www.schramas.com\/fr\/wp-json\/wp\/v2\/media\/12663"}],"wp:attachment":[{"href":"https:\/\/www.schramas.com\/fr\/wp-json\/wp\/v2\/media?parent=9484"}],"wp:term":[{"taxonomy":"product_brand","embeddable":true,"href":"https:\/\/www.schramas.com\/fr\/wp-json\/wp\/v2\/product_brand?post=9484"},{"taxonomy":"product_cat","embeddable":true,"href":"https:\/\/www.schramas.com\/fr\/wp-json\/wp\/v2\/product_cat?post=9484"},{"taxonomy":"product_tag","embeddable":true,"href":"https:\/\/www.schramas.com\/fr\/wp-json\/wp\/v2\/product_tag?post=9484"}],"curies":[{"name":"wp","href":"https:\/\/api.w.org\/{rel}","templated":true}]}}