{"id":9820,"date":"2020-04-09T08:58:39","date_gmt":"2020-04-09T06:58:39","guid":{"rendered":"https:\/\/www.schramas.com\/?post_type=product&#038;p=9820"},"modified":"2026-03-26T16:34:05","modified_gmt":"2026-03-26T15:34:05","slug":"crinodendron-hookerianum-alf-robbins-pot-de-2-litres-lanterne-chilienne-arbre-blanc-fleur-ressemblant-a-une-lanterne-pot-a-feuilles-persistantes-cultive-pour-jardin-terrasse-ou-balcon","status":"publish","type":"product","link":"https:\/\/www.schramas.com\/fr\/boutique\/crinodendron-hookerianum-alf-robbins-pot-de-2-litres-lanterne-chilienne-arbre-blanc-fleur-ressemblant-a-une-lanterne-pot-a-feuilles-persistantes-cultive-pour-jardin-terrasse-ou-balcon\/","title":{"rendered":"Crinodendron hookerianum Alf Robbins, arbre \u00e0 lanternes chilien blanc, pot de 2 litres"},"content":{"rendered":"<p>Cette belle plante est \u00e9galement appel\u00e9e arbre lanterne chilien, originaire du Chili o\u00f9 elle pousse principalement pr\u00e8s des ruisseaux et des environnements humides et fleurit avec de belles fleurs blanches ressemblant \u00e0 des lanternes. C&#039;est une croissance lente et donc id\u00e9ale pour une plante en pot ou une jardini\u00e8re, mais \u00e9tant donn\u00e9 le texte pr\u00e9c\u00e9dent, c&#039;est aussi une super plante \u00e0 placer pr\u00e8s de votre \u00e9tang ! La plante aime un environnement ombrag\u00e9 et n\u2019est rustique que jusqu\u2019\u00e0 -10 degr\u00e9s.<\/p>","protected":false},"excerpt":{"rendered":"<p>Crinodendron hookerianum\u00c1lf Robbins&#039;<\/p>\n<p>Arbre \u00e0 lanternes AChileen<\/p>\n<p>Inflorescence : Fleur bleue\/violette. Mai\/ao\u00fbt.<\/p>\n<p>Hauteur maximale 100 - 200 cm<\/p>\n<p>Rester vert.<\/p>\n<p>R\u00e9sistant jusqu'\u00e0 -10<\/p>\n<p>Hauteur de livraison, pot compris : 40 cm<\/p>\n<p>Taille du pot : pot de 2 litres<\/p>","protected":false},"featured_media":12986,"template":"","meta":{"_joinchat":[]},"product_brand":[],"product_cat":[228,303,229],"product_tag":[502,503,505,501,499,495,504,351],"class_list":{"0":"post-9820","1":"product","2":"type-product","3":"status-publish","4":"has-post-thumbnail","6":"product_cat-drachtplant","7":"product_cat-groenblijvende-heesters","8":"product_cat-sierheesters","9":"product_tag-amerikaanse-sering","10":"product_tag-bijenplant","11":"product_tag-blauw-paars","12":"product_tag-ceanothus","13":"product_tag-groenblijvend","14":"product_tag-sierheester","15":"product_tag-vlinderplant","16":"product_tag-winterhard","17":"pa_bloeimaanden-juni","18":"pa_bloeimaanden-augustus","19":"pa_groeihoogte-150-200-cm","20":"pa_pot-zonder-pot","22":"first","23":"outofstock","24":"taxable","25":"shipping-taxable","26":"purchasable","27":"product-type-simple"},"yoast_head":"<!-- This site is optimized with the Yoast SEO plugin v24.2 - https:\/\/yoast.com\/wordpress\/plugins\/seo\/ -->\n<title>Crinodendron hookerianum Alf Robbins, witte Chileense lantaarnboom, 2 liter pot kopen | Planten eenvoudig online bestellen | Schramas.com<\/title>\n<meta name=\"robots\" content=\"index, follow, max-snippet:-1, max-image-preview:large, max-video-preview:-1\" \/>\n<link rel=\"canonical\" href=\"https:\/\/www.schramas.com\/fr\/boutique\/crinodendron-hookerianum-alf-robbins-pot-de-2-litres-lanterne-chilienne-arbre-blanc-fleur-ressemblant-a-une-lanterne-pot-a-feuilles-persistantes-cultive-pour-jardin-terrasse-ou-balcon\/\" \/>\n<meta property=\"og:locale\" content=\"fr_FR\" \/>\n<meta property=\"og:type\" content=\"article\" \/>\n<meta property=\"og:title\" content=\"Crinodendron hookerianum Alf Robbins, witte Chileense lantaarnboom, 2 liter pot kopen | Planten eenvoudig online bestellen | Schramas.com\" \/>\n<meta property=\"og:description\" content=\"Crinodendron hookerianum\u00c1lf Robbins&#039;  AChileense lantaarnboom  Bloeiwijze: Blauw\/paarse bloem. Mei\/ Aug.  Max. hoogte 100 - 200 cm  Groen blijvend.  Winterhard tot -10  Leverhoogte incl. pot: 40- cm  Potmaat: 2 liter pot\" \/>\n<meta property=\"og:url\" content=\"https:\/\/www.schramas.com\/fr\/boutique\/crinodendron-hookerianum-alf-robbins-pot-de-2-litres-lanterne-chilienne-arbre-blanc-fleur-ressemblant-a-une-lanterne-pot-a-feuilles-persistantes-cultive-pour-jardin-terrasse-ou-balcon\/\" \/>\n<meta property=\"og:site_name\" content=\"Planten eenvoudig online bestellen | Schramas.com\" \/>\n<meta property=\"article:publisher\" content=\"https:\/\/www.facebook.com\/Schramascom-106872874153195\/\" \/>\n<meta property=\"article:modified_time\" content=\"2026-03-26T15:34:05+00:00\" \/>\n<meta property=\"og:image\" content=\"https:\/\/www.schramas.com\/wp-content\/uploads\/2020\/11\/Crinodendron-hookerianum-Alf-Robbins-Schramas-met-cirkel.png\" \/>\n\t<meta property=\"og:image:width\" content=\"500\" \/>\n\t<meta property=\"og:image:height\" content=\"500\" \/>\n\t<meta property=\"og:image:type\" content=\"image\/png\" \/>\n<meta name=\"twitter:card\" content=\"summary_large_image\" \/>\n<script type=\"application\/ld+json\" class=\"yoast-schema-graph\">{\"@context\":\"https:\/\/schema.org\",\"@graph\":[{\"@type\":[\"WebPage\",\"ItemPage\"],\"@id\":\"https:\/\/www.schramas.com\/winkel\/crinodendron-hookerianum-alf-robbins-2-liter-pot-chileense-lantaarnboomwitte-lantaarnachtige-bloem-groenblijvend-pot-gekweekt-voor-tuin-terras-of-balkon\/\",\"url\":\"https:\/\/www.schramas.com\/winkel\/crinodendron-hookerianum-alf-robbins-2-liter-pot-chileense-lantaarnboomwitte-lantaarnachtige-bloem-groenblijvend-pot-gekweekt-voor-tuin-terras-of-balkon\/\",\"name\":\"Crinodendron hookerianum Alf Robbins, witte Chileense lantaarnboom, 2 liter pot kopen | Planten eenvoudig online bestellen | Schramas.com\",\"isPartOf\":{\"@id\":\"https:\/\/www.schramas.com\/#website\"},\"primaryImageOfPage\":{\"@id\":\"https:\/\/www.schramas.com\/winkel\/crinodendron-hookerianum-alf-robbins-2-liter-pot-chileense-lantaarnboomwitte-lantaarnachtige-bloem-groenblijvend-pot-gekweekt-voor-tuin-terras-of-balkon\/#primaryimage\"},\"image\":{\"@id\":\"https:\/\/www.schramas.com\/winkel\/crinodendron-hookerianum-alf-robbins-2-liter-pot-chileense-lantaarnboomwitte-lantaarnachtige-bloem-groenblijvend-pot-gekweekt-voor-tuin-terras-of-balkon\/#primaryimage\"},\"thumbnailUrl\":\"https:\/\/www.schramas.com\/wp-content\/uploads\/2020\/11\/Crinodendron-hookerianum-Alf-Robbins-Schramas-met-cirkel.png\",\"datePublished\":\"2020-04-09T06:58:39+00:00\",\"dateModified\":\"2026-03-26T15:34:05+00:00\",\"breadcrumb\":{\"@id\":\"https:\/\/www.schramas.com\/winkel\/crinodendron-hookerianum-alf-robbins-2-liter-pot-chileense-lantaarnboomwitte-lantaarnachtige-bloem-groenblijvend-pot-gekweekt-voor-tuin-terras-of-balkon\/#breadcrumb\"},\"inLanguage\":\"fr-FR\",\"potentialAction\":[{\"@type\":\"ReadAction\",\"target\":[\"https:\/\/www.schramas.com\/winkel\/crinodendron-hookerianum-alf-robbins-2-liter-pot-chileense-lantaarnboomwitte-lantaarnachtige-bloem-groenblijvend-pot-gekweekt-voor-tuin-terras-of-balkon\/\"]}]},{\"@type\":\"ImageObject\",\"inLanguage\":\"fr-FR\",\"@id\":\"https:\/\/www.schramas.com\/winkel\/crinodendron-hookerianum-alf-robbins-2-liter-pot-chileense-lantaarnboomwitte-lantaarnachtige-bloem-groenblijvend-pot-gekweekt-voor-tuin-terras-of-balkon\/#primaryimage\",\"url\":\"https:\/\/www.schramas.com\/wp-content\/uploads\/2020\/11\/Crinodendron-hookerianum-Alf-Robbins-Schramas-met-cirkel.png\",\"contentUrl\":\"https:\/\/www.schramas.com\/wp-content\/uploads\/2020\/11\/Crinodendron-hookerianum-Alf-Robbins-Schramas-met-cirkel.png\",\"width\":500,\"height\":500},{\"@type\":\"BreadcrumbList\",\"@id\":\"https:\/\/www.schramas.com\/winkel\/crinodendron-hookerianum-alf-robbins-2-liter-pot-chileense-lantaarnboomwitte-lantaarnachtige-bloem-groenblijvend-pot-gekweekt-voor-tuin-terras-of-balkon\/#breadcrumb\",\"itemListElement\":[{\"@type\":\"ListItem\",\"position\":1,\"name\":\"Product\",\"item\":\"https:\/\/www.schramas.com\/assortiment\/\"},{\"@type\":\"ListItem\",\"position\":2,\"name\":\"Tuinplanten\",\"item\":\"https:\/\/www.schramas.com\/product-category\/planten-heesters\/\"},{\"@type\":\"ListItem\",\"position\":3,\"name\":\"Heesters\",\"item\":\"https:\/\/www.schramas.com\/product-category\/planten-heesters\/heesters\/\"},{\"@type\":\"ListItem\",\"position\":4,\"name\":\"Sierheesters\",\"item\":\"https:\/\/www.schramas.com\/product-category\/planten-heesters\/heesters\/sierheesters\/\"},{\"@type\":\"ListItem\",\"position\":5,\"name\":\"Crinodendron hookerianum Alf Robbins, witte Chileense lantaarnboom, 2 liter pot\"}]},{\"@type\":\"WebSite\",\"@id\":\"https:\/\/www.schramas.com\/#website\",\"url\":\"https:\/\/www.schramas.com\/\",\"name\":\"Schramas.com | Tuinplanten eenvoudig online bestellen | Direct van onze Kwekerij\",\"description\":\"\",\"alternateName\":\"Schramas.com - Alle planten direct van de kweker\",\"potentialAction\":[{\"@type\":\"SearchAction\",\"target\":{\"@type\":\"EntryPoint\",\"urlTemplate\":\"https:\/\/www.schramas.com\/?s={search_term_string}\"},\"query-input\":{\"@type\":\"PropertyValueSpecification\",\"valueRequired\":true,\"valueName\":\"search_term_string\"}}],\"inLanguage\":\"fr-FR\"}]}<\/script>\n<!-- \/ Yoast SEO plugin. -->","yoast_head_json":{"title":"Achetez Crinodendron hookerianum Alf Robbins, lanterne chilienne blanche, pot de 2 litres | Commandez facilement des plantes en ligne | Schramas.com","robots":{"index":"index","follow":"follow","max-snippet":"max-snippet:-1","max-image-preview":"max-image-preview:large","max-video-preview":"max-video-preview:-1"},"canonical":"https:\/\/www.schramas.com\/fr\/boutique\/crinodendron-hookerianum-alf-robbins-pot-de-2-litres-lanterne-chilienne-arbre-blanc-fleur-ressemblant-a-une-lanterne-pot-a-feuilles-persistantes-cultive-pour-jardin-terrasse-ou-balcon\/","og_locale":"fr_FR","og_type":"article","og_title":"Crinodendron hookerianum Alf Robbins, witte Chileense lantaarnboom, 2 liter pot kopen | Planten eenvoudig online bestellen | Schramas.com","og_description":"Crinodendron hookerianum\u00c1lf Robbins'  AChileense lantaarnboom  Bloeiwijze: Blauw\/paarse bloem. Mei\/ Aug.  Max. hoogte 100 - 200 cm  Groen blijvend.  Winterhard tot -10  Leverhoogte incl. pot: 40- cm  Potmaat: 2 liter pot","og_url":"https:\/\/www.schramas.com\/fr\/boutique\/crinodendron-hookerianum-alf-robbins-pot-de-2-litres-lanterne-chilienne-arbre-blanc-fleur-ressemblant-a-une-lanterne-pot-a-feuilles-persistantes-cultive-pour-jardin-terrasse-ou-balcon\/","og_site_name":"Planten eenvoudig online bestellen | Schramas.com","article_publisher":"https:\/\/www.facebook.com\/Schramascom-106872874153195\/","article_modified_time":"2026-03-26T15:34:05+00:00","og_image":[{"width":500,"height":500,"url":"https:\/\/www.schramas.com\/wp-content\/uploads\/2020\/11\/Crinodendron-hookerianum-Alf-Robbins-Schramas-met-cirkel.png","type":"image\/png"}],"twitter_card":"summary_large_image","schema":{"@context":"https:\/\/schema.org","@graph":[{"@type":["WebPage","ItemPage"],"@id":"https:\/\/www.schramas.com\/winkel\/crinodendron-hookerianum-alf-robbins-2-liter-pot-chileense-lantaarnboomwitte-lantaarnachtige-bloem-groenblijvend-pot-gekweekt-voor-tuin-terras-of-balkon\/","url":"https:\/\/www.schramas.com\/winkel\/crinodendron-hookerianum-alf-robbins-2-liter-pot-chileense-lantaarnboomwitte-lantaarnachtige-bloem-groenblijvend-pot-gekweekt-voor-tuin-terras-of-balkon\/","name":"Achetez Crinodendron hookerianum Alf Robbins, lanterne chilienne blanche, pot de 2 litres | Commandez facilement des plantes en ligne | Schramas.com","isPartOf":{"@id":"https:\/\/www.schramas.com\/#website"},"primaryImageOfPage":{"@id":"https:\/\/www.schramas.com\/winkel\/crinodendron-hookerianum-alf-robbins-2-liter-pot-chileense-lantaarnboomwitte-lantaarnachtige-bloem-groenblijvend-pot-gekweekt-voor-tuin-terras-of-balkon\/#primaryimage"},"image":{"@id":"https:\/\/www.schramas.com\/winkel\/crinodendron-hookerianum-alf-robbins-2-liter-pot-chileense-lantaarnboomwitte-lantaarnachtige-bloem-groenblijvend-pot-gekweekt-voor-tuin-terras-of-balkon\/#primaryimage"},"thumbnailUrl":"https:\/\/www.schramas.com\/wp-content\/uploads\/2020\/11\/Crinodendron-hookerianum-Alf-Robbins-Schramas-met-cirkel.png","datePublished":"2020-04-09T06:58:39+00:00","dateModified":"2026-03-26T15:34:05+00:00","breadcrumb":{"@id":"https:\/\/www.schramas.com\/winkel\/crinodendron-hookerianum-alf-robbins-2-liter-pot-chileense-lantaarnboomwitte-lantaarnachtige-bloem-groenblijvend-pot-gekweekt-voor-tuin-terras-of-balkon\/#breadcrumb"},"inLanguage":"fr-FR","potentialAction":[{"@type":"ReadAction","target":["https:\/\/www.schramas.com\/winkel\/crinodendron-hookerianum-alf-robbins-2-liter-pot-chileense-lantaarnboomwitte-lantaarnachtige-bloem-groenblijvend-pot-gekweekt-voor-tuin-terras-of-balkon\/"]}]},{"@type":"ImageObject","inLanguage":"fr-FR","@id":"https:\/\/www.schramas.com\/winkel\/crinodendron-hookerianum-alf-robbins-2-liter-pot-chileense-lantaarnboomwitte-lantaarnachtige-bloem-groenblijvend-pot-gekweekt-voor-tuin-terras-of-balkon\/#primaryimage","url":"https:\/\/www.schramas.com\/wp-content\/uploads\/2020\/11\/Crinodendron-hookerianum-Alf-Robbins-Schramas-met-cirkel.png","contentUrl":"https:\/\/www.schramas.com\/wp-content\/uploads\/2020\/11\/Crinodendron-hookerianum-Alf-Robbins-Schramas-met-cirkel.png","width":500,"height":500},{"@type":"BreadcrumbList","@id":"https:\/\/www.schramas.com\/winkel\/crinodendron-hookerianum-alf-robbins-2-liter-pot-chileense-lantaarnboomwitte-lantaarnachtige-bloem-groenblijvend-pot-gekweekt-voor-tuin-terras-of-balkon\/#breadcrumb","itemListElement":[{"@type":"ListItem","position":1,"name":"Product","item":"https:\/\/www.schramas.com\/assortiment\/"},{"@type":"ListItem","position":2,"name":"Tuinplanten","item":"https:\/\/www.schramas.com\/product-category\/planten-heesters\/"},{"@type":"ListItem","position":3,"name":"Heesters","item":"https:\/\/www.schramas.com\/product-category\/planten-heesters\/heesters\/"},{"@type":"ListItem","position":4,"name":"Sierheesters","item":"https:\/\/www.schramas.com\/product-category\/planten-heesters\/heesters\/sierheesters\/"},{"@type":"ListItem","position":5,"name":"Crinodendron hookerianum Alf Robbins, witte Chileense lantaarnboom, 2 liter pot"}]},{"@type":"WebSite","@id":"https:\/\/www.schramas.com\/#website","url":"https:\/\/www.schramas.com\/","name":"Schramas.com | Plantes de jardin faciles \u00e0 commander en ligne | En direct de notre p\u00e9pini\u00e8re","description":"","alternateName":"Schramas.com - Alle planten direct van de kweker","potentialAction":[{"@type":"SearchAction","target":{"@type":"EntryPoint","urlTemplate":"https:\/\/www.schramas.com\/?s={search_term_string}"},"query-input":{"@type":"PropertyValueSpecification","valueRequired":true,"valueName":"search_term_string"}}],"inLanguage":"fr-FR"}]}},"_links":{"self":[{"href":"https:\/\/www.schramas.com\/fr\/wp-json\/wp\/v2\/product\/9820","targetHints":{"allow":["GET"]}}],"collection":[{"href":"https:\/\/www.schramas.com\/fr\/wp-json\/wp\/v2\/product"}],"about":[{"href":"https:\/\/www.schramas.com\/fr\/wp-json\/wp\/v2\/types\/product"}],"version-history":[{"count":0,"href":"https:\/\/www.schramas.com\/fr\/wp-json\/wp\/v2\/product\/9820\/revisions"}],"wp:featuredmedia":[{"embeddable":true,"href":"https:\/\/www.schramas.com\/fr\/wp-json\/wp\/v2\/media\/12986"}],"wp:attachment":[{"href":"https:\/\/www.schramas.com\/fr\/wp-json\/wp\/v2\/media?parent=9820"}],"wp:term":[{"taxonomy":"product_brand","embeddable":true,"href":"https:\/\/www.schramas.com\/fr\/wp-json\/wp\/v2\/product_brand?post=9820"},{"taxonomy":"product_cat","embeddable":true,"href":"https:\/\/www.schramas.com\/fr\/wp-json\/wp\/v2\/product_cat?post=9820"},{"taxonomy":"product_tag","embeddable":true,"href":"https:\/\/www.schramas.com\/fr\/wp-json\/wp\/v2\/product_tag?post=9820"}],"curies":[{"name":"wp","href":"https:\/\/api.w.org\/{rel}","templated":true}]}}