{"id":9969,"date":"2020-04-11T10:40:29","date_gmt":"2020-04-11T08:40:29","guid":{"rendered":"https:\/\/www.schramas.com\/?post_type=product&#038;p=9969"},"modified":"2026-03-26T16:34:06","modified_gmt":"2026-03-26T15:34:06","slug":"corylus-avelana-contorta-noisetier-tire-bouchon-pot-de-15-litres-pot-de-13-cm-cultive-pour-jardin-terrasse-ou-balcon","status":"publish","type":"product","link":"https:\/\/www.schramas.com\/fr\/boutique\/corylus-avelana-contorta-noisetier-tire-bouchon-pot-de-15-litres-pot-de-13-cm-cultive-pour-jardin-terrasse-ou-balcon\/","title":{"rendered":"Corylus Avellana 'Contorta' noisetier sinueux - Pot de 1,5 litre"},"content":{"rendered":"<table width=\"276\">\n<tbody>\n<tr>\n<td width=\"276\">\n<table width=\"276\">\n<tbody>\n<tr>\n<td width=\"276\">Corylus avelana &#039;Cortana&#039; Le noisetier fris\u00e9 ou noisetier tire-bouchon est un noisetier fris\u00e9 d\u00e9coratif qui, m\u00eame en hiver, avec ses formes inhabituelles, reste une plante d\u00e9corative pour tout jardin, terrasse ou balcon. Livr\u00e9 dans un pot de 13 cm.<\/td>\n<\/tr>\n<\/tbody>\n<\/table>\n<\/td>\n<\/tr>\n<\/tbody>\n<\/table>","protected":false},"excerpt":{"rendered":"<p>Corylus avelana &#039;Contorta&#039;<\/p>\n<p>Noisetier torsad\u00e9, noisetier tire-bouchon<\/p>\n<p>Inflorescence\u00a0: branches sinueuses irr\u00e9guli\u00e8res<\/p>\n<p>Max. hauteur environ 250 cm<\/p>\n<p>Feuilles caduques<\/p>\n<p>Hardy<\/p>\n<p>Hauteur de livraison, pot compris : environ 40 cm<\/p>\n<p>Taille du pot : pot de 1,5 litre (13 cm)<\/p>","protected":false},"featured_media":13024,"template":"","meta":{"_joinchat":[]},"product_brand":[],"product_cat":[262,1033,1031,3193,805],"product_tag":[502,503,505,501,499,495,504,351],"class_list":{"0":"post-9969","1":"product","2":"type-product","3":"status-publish","4":"has-post-thumbnail","6":"product_cat-bomen-struiken","7":"product_cat-hazelnoten","8":"product_cat-notenbomen","9":"product_cat-sierbomen","10":"product_cat-winter","11":"product_tag-amerikaanse-sering","12":"product_tag-bijenplant","13":"product_tag-blauw-paars","14":"product_tag-ceanothus","15":"product_tag-groenblijvend","16":"product_tag-sierheester","17":"product_tag-vlinderplant","18":"product_tag-winterhard","19":"pa_bloeimaanden-juni","20":"pa_bloeimaanden-augustus","21":"pa_groeihoogte-150-200-cm","22":"pa_pot-zonder-pot","24":"first","25":"outofstock","26":"taxable","27":"shipping-taxable","28":"purchasable","29":"product-type-simple"},"yoast_head":"<!-- This site is optimized with the Yoast SEO plugin v24.2 - https:\/\/yoast.com\/wordpress\/plugins\/seo\/ -->\n<title>Corylus Avellana &#039;Contorta&#039; kronkelhazelaar - 1,5 liter pot kopen | Planten eenvoudig online bestellen | Schramas.com<\/title>\n<meta name=\"robots\" content=\"index, follow, max-snippet:-1, max-image-preview:large, max-video-preview:-1\" \/>\n<link rel=\"canonical\" href=\"https:\/\/www.schramas.com\/fr\/boutique\/corylus-avelana-contorta-noisetier-tire-bouchon-pot-de-15-litres-pot-de-13-cm-cultive-pour-jardin-terrasse-ou-balcon\/\" \/>\n<meta property=\"og:locale\" content=\"fr_FR\" \/>\n<meta property=\"og:type\" content=\"article\" \/>\n<meta property=\"og:title\" content=\"Corylus Avellana &#039;Contorta&#039; kronkelhazelaar - 1,5 liter pot kopen | Planten eenvoudig online bestellen | Schramas.com\" \/>\n<meta property=\"og:description\" content=\"Corylus avelana &#039;Contorta&#039;  Kronkel hazelaar, kurkentrekkerhazelaar  Bloeiwijze: grillige kronkeltakken  Max. hoogte ca. 250 cm  Bladverliezend  Winterhard  Leverhoogte incl. pot: ca. 40 cm  Potmaat: 1.5 liter pot (13 cm)\" \/>\n<meta property=\"og:url\" content=\"https:\/\/www.schramas.com\/fr\/boutique\/corylus-avelana-contorta-noisetier-tire-bouchon-pot-de-15-litres-pot-de-13-cm-cultive-pour-jardin-terrasse-ou-balcon\/\" \/>\n<meta property=\"og:site_name\" content=\"Planten eenvoudig online bestellen | Schramas.com\" \/>\n<meta property=\"article:publisher\" content=\"https:\/\/www.facebook.com\/Schramascom-106872874153195\/\" \/>\n<meta property=\"article:modified_time\" content=\"2026-03-26T15:34:06+00:00\" \/>\n<meta property=\"og:image\" content=\"http:\/\/www.schramas.com\/wp-content\/uploads\/2020\/11\/Corylus-Avellana-contorta-Schramas-met-cirkel.png\" \/>\n\t<meta property=\"og:image:width\" content=\"500\" \/>\n\t<meta property=\"og:image:height\" content=\"500\" \/>\n\t<meta property=\"og:image:type\" content=\"image\/png\" \/>\n<meta name=\"twitter:card\" content=\"summary_large_image\" \/>\n<script type=\"application\/ld+json\" class=\"yoast-schema-graph\">{\"@context\":\"https:\/\/schema.org\",\"@graph\":[{\"@type\":[\"WebPage\",\"ItemPage\"],\"@id\":\"https:\/\/www.schramas.com\/winkel\/corylus-avelana-contorta-kronkel-hazelaar-kurkentrekker-hazelaar-15-liter-pot-13-cm-pot-gekweekt-voor-tuin-terras-of-balkon\/\",\"url\":\"https:\/\/www.schramas.com\/winkel\/corylus-avelana-contorta-kronkel-hazelaar-kurkentrekker-hazelaar-15-liter-pot-13-cm-pot-gekweekt-voor-tuin-terras-of-balkon\/\",\"name\":\"Corylus Avellana 'Contorta' kronkelhazelaar - 1,5 liter pot kopen | Planten eenvoudig online bestellen | Schramas.com\",\"isPartOf\":{\"@id\":\"https:\/\/www.schramas.com\/#website\"},\"primaryImageOfPage\":{\"@id\":\"https:\/\/www.schramas.com\/winkel\/corylus-avelana-contorta-kronkel-hazelaar-kurkentrekker-hazelaar-15-liter-pot-13-cm-pot-gekweekt-voor-tuin-terras-of-balkon\/#primaryimage\"},\"image\":{\"@id\":\"https:\/\/www.schramas.com\/winkel\/corylus-avelana-contorta-kronkel-hazelaar-kurkentrekker-hazelaar-15-liter-pot-13-cm-pot-gekweekt-voor-tuin-terras-of-balkon\/#primaryimage\"},\"thumbnailUrl\":\"https:\/\/www.schramas.com\/wp-content\/uploads\/2020\/11\/Corylus-Avellana-contorta-Schramas-met-cirkel.png\",\"datePublished\":\"2020-04-11T08:40:29+00:00\",\"dateModified\":\"2026-03-26T15:34:06+00:00\",\"breadcrumb\":{\"@id\":\"https:\/\/www.schramas.com\/winkel\/corylus-avelana-contorta-kronkel-hazelaar-kurkentrekker-hazelaar-15-liter-pot-13-cm-pot-gekweekt-voor-tuin-terras-of-balkon\/#breadcrumb\"},\"inLanguage\":\"fr-FR\",\"potentialAction\":[{\"@type\":\"ReadAction\",\"target\":[\"https:\/\/www.schramas.com\/winkel\/corylus-avelana-contorta-kronkel-hazelaar-kurkentrekker-hazelaar-15-liter-pot-13-cm-pot-gekweekt-voor-tuin-terras-of-balkon\/\"]}]},{\"@type\":\"ImageObject\",\"inLanguage\":\"fr-FR\",\"@id\":\"https:\/\/www.schramas.com\/winkel\/corylus-avelana-contorta-kronkel-hazelaar-kurkentrekker-hazelaar-15-liter-pot-13-cm-pot-gekweekt-voor-tuin-terras-of-balkon\/#primaryimage\",\"url\":\"https:\/\/www.schramas.com\/wp-content\/uploads\/2020\/11\/Corylus-Avellana-contorta-Schramas-met-cirkel.png\",\"contentUrl\":\"https:\/\/www.schramas.com\/wp-content\/uploads\/2020\/11\/Corylus-Avellana-contorta-Schramas-met-cirkel.png\",\"width\":500,\"height\":500},{\"@type\":\"BreadcrumbList\",\"@id\":\"https:\/\/www.schramas.com\/winkel\/corylus-avelana-contorta-kronkel-hazelaar-kurkentrekker-hazelaar-15-liter-pot-13-cm-pot-gekweekt-voor-tuin-terras-of-balkon\/#breadcrumb\",\"itemListElement\":[{\"@type\":\"ListItem\",\"position\":1,\"name\":\"Product\",\"item\":\"https:\/\/www.schramas.com\/assortiment\/\"},{\"@type\":\"ListItem\",\"position\":2,\"name\":\"Bomen &amp; Struiken\",\"item\":\"https:\/\/www.schramas.com\/product-category\/bomen-struiken\/\"},{\"@type\":\"ListItem\",\"position\":3,\"name\":\"Notenbomen\",\"item\":\"https:\/\/www.schramas.com\/product-category\/bomen-struiken\/notenbomen\/\"},{\"@type\":\"ListItem\",\"position\":4,\"name\":\"Hazelnoten\",\"item\":\"https:\/\/www.schramas.com\/product-category\/bomen-struiken\/notenbomen\/hazelnoten\/\"},{\"@type\":\"ListItem\",\"position\":5,\"name\":\"Corylus Avellana &#8216;Contorta&#8217; kronkelhazelaar &#8211; 1,5 liter pot\"}]},{\"@type\":\"WebSite\",\"@id\":\"https:\/\/www.schramas.com\/#website\",\"url\":\"https:\/\/www.schramas.com\/\",\"name\":\"Schramas.com | Tuinplanten eenvoudig online bestellen | Direct van onze Kwekerij\",\"description\":\"\",\"alternateName\":\"Schramas.com - Alle planten direct van de kweker\",\"potentialAction\":[{\"@type\":\"SearchAction\",\"target\":{\"@type\":\"EntryPoint\",\"urlTemplate\":\"https:\/\/www.schramas.com\/?s={search_term_string}\"},\"query-input\":{\"@type\":\"PropertyValueSpecification\",\"valueRequired\":true,\"valueName\":\"search_term_string\"}}],\"inLanguage\":\"fr-FR\"}]}<\/script>\n<!-- \/ Yoast SEO plugin. -->","yoast_head_json":{"title":"Acheter Noisetier Corylus Avellana &#039;Contorta&#039; - pot de 1,5 litre | Commandez facilement des plantes en ligne | Schramas.com","robots":{"index":"index","follow":"follow","max-snippet":"max-snippet:-1","max-image-preview":"max-image-preview:large","max-video-preview":"max-video-preview:-1"},"canonical":"https:\/\/www.schramas.com\/fr\/boutique\/corylus-avelana-contorta-noisetier-tire-bouchon-pot-de-15-litres-pot-de-13-cm-cultive-pour-jardin-terrasse-ou-balcon\/","og_locale":"fr_FR","og_type":"article","og_title":"Corylus Avellana 'Contorta' kronkelhazelaar - 1,5 liter pot kopen | Planten eenvoudig online bestellen | Schramas.com","og_description":"Corylus avelana 'Contorta'  Kronkel hazelaar, kurkentrekkerhazelaar  Bloeiwijze: grillige kronkeltakken  Max. hoogte ca. 250 cm  Bladverliezend  Winterhard  Leverhoogte incl. pot: ca. 40 cm  Potmaat: 1.5 liter pot (13 cm)","og_url":"https:\/\/www.schramas.com\/fr\/boutique\/corylus-avelana-contorta-noisetier-tire-bouchon-pot-de-15-litres-pot-de-13-cm-cultive-pour-jardin-terrasse-ou-balcon\/","og_site_name":"Planten eenvoudig online bestellen | Schramas.com","article_publisher":"https:\/\/www.facebook.com\/Schramascom-106872874153195\/","article_modified_time":"2026-03-26T15:34:06+00:00","og_image":[{"width":500,"height":500,"url":"http:\/\/www.schramas.com\/wp-content\/uploads\/2020\/11\/Corylus-Avellana-contorta-Schramas-met-cirkel.png","type":"image\/png"}],"twitter_card":"summary_large_image","schema":{"@context":"https:\/\/schema.org","@graph":[{"@type":["WebPage","ItemPage"],"@id":"https:\/\/www.schramas.com\/winkel\/corylus-avelana-contorta-kronkel-hazelaar-kurkentrekker-hazelaar-15-liter-pot-13-cm-pot-gekweekt-voor-tuin-terras-of-balkon\/","url":"https:\/\/www.schramas.com\/winkel\/corylus-avelana-contorta-kronkel-hazelaar-kurkentrekker-hazelaar-15-liter-pot-13-cm-pot-gekweekt-voor-tuin-terras-of-balkon\/","name":"Acheter Noisetier Corylus Avellana &#039;Contorta&#039; - pot de 1,5 litre | Commandez facilement des plantes en ligne | Schramas.com","isPartOf":{"@id":"https:\/\/www.schramas.com\/#website"},"primaryImageOfPage":{"@id":"https:\/\/www.schramas.com\/winkel\/corylus-avelana-contorta-kronkel-hazelaar-kurkentrekker-hazelaar-15-liter-pot-13-cm-pot-gekweekt-voor-tuin-terras-of-balkon\/#primaryimage"},"image":{"@id":"https:\/\/www.schramas.com\/winkel\/corylus-avelana-contorta-kronkel-hazelaar-kurkentrekker-hazelaar-15-liter-pot-13-cm-pot-gekweekt-voor-tuin-terras-of-balkon\/#primaryimage"},"thumbnailUrl":"https:\/\/www.schramas.com\/wp-content\/uploads\/2020\/11\/Corylus-Avellana-contorta-Schramas-met-cirkel.png","datePublished":"2020-04-11T08:40:29+00:00","dateModified":"2026-03-26T15:34:06+00:00","breadcrumb":{"@id":"https:\/\/www.schramas.com\/winkel\/corylus-avelana-contorta-kronkel-hazelaar-kurkentrekker-hazelaar-15-liter-pot-13-cm-pot-gekweekt-voor-tuin-terras-of-balkon\/#breadcrumb"},"inLanguage":"fr-FR","potentialAction":[{"@type":"ReadAction","target":["https:\/\/www.schramas.com\/winkel\/corylus-avelana-contorta-kronkel-hazelaar-kurkentrekker-hazelaar-15-liter-pot-13-cm-pot-gekweekt-voor-tuin-terras-of-balkon\/"]}]},{"@type":"ImageObject","inLanguage":"fr-FR","@id":"https:\/\/www.schramas.com\/winkel\/corylus-avelana-contorta-kronkel-hazelaar-kurkentrekker-hazelaar-15-liter-pot-13-cm-pot-gekweekt-voor-tuin-terras-of-balkon\/#primaryimage","url":"https:\/\/www.schramas.com\/wp-content\/uploads\/2020\/11\/Corylus-Avellana-contorta-Schramas-met-cirkel.png","contentUrl":"https:\/\/www.schramas.com\/wp-content\/uploads\/2020\/11\/Corylus-Avellana-contorta-Schramas-met-cirkel.png","width":500,"height":500},{"@type":"BreadcrumbList","@id":"https:\/\/www.schramas.com\/winkel\/corylus-avelana-contorta-kronkel-hazelaar-kurkentrekker-hazelaar-15-liter-pot-13-cm-pot-gekweekt-voor-tuin-terras-of-balkon\/#breadcrumb","itemListElement":[{"@type":"ListItem","position":1,"name":"Product","item":"https:\/\/www.schramas.com\/assortiment\/"},{"@type":"ListItem","position":2,"name":"Bomen &amp; Struiken","item":"https:\/\/www.schramas.com\/product-category\/bomen-struiken\/"},{"@type":"ListItem","position":3,"name":"Notenbomen","item":"https:\/\/www.schramas.com\/product-category\/bomen-struiken\/notenbomen\/"},{"@type":"ListItem","position":4,"name":"Hazelnoten","item":"https:\/\/www.schramas.com\/product-category\/bomen-struiken\/notenbomen\/hazelnoten\/"},{"@type":"ListItem","position":5,"name":"Corylus Avellana &#8216;Contorta&#8217; kronkelhazelaar &#8211; 1,5 liter pot"}]},{"@type":"WebSite","@id":"https:\/\/www.schramas.com\/#website","url":"https:\/\/www.schramas.com\/","name":"Schramas.com | Plantes de jardin faciles \u00e0 commander en ligne | En direct de notre p\u00e9pini\u00e8re","description":"","alternateName":"Schramas.com - Alle planten direct van de kweker","potentialAction":[{"@type":"SearchAction","target":{"@type":"EntryPoint","urlTemplate":"https:\/\/www.schramas.com\/?s={search_term_string}"},"query-input":{"@type":"PropertyValueSpecification","valueRequired":true,"valueName":"search_term_string"}}],"inLanguage":"fr-FR"}]}},"_links":{"self":[{"href":"https:\/\/www.schramas.com\/fr\/wp-json\/wp\/v2\/product\/9969","targetHints":{"allow":["GET"]}}],"collection":[{"href":"https:\/\/www.schramas.com\/fr\/wp-json\/wp\/v2\/product"}],"about":[{"href":"https:\/\/www.schramas.com\/fr\/wp-json\/wp\/v2\/types\/product"}],"version-history":[{"count":1,"href":"https:\/\/www.schramas.com\/fr\/wp-json\/wp\/v2\/product\/9969\/revisions"}],"predecessor-version":[{"id":54323,"href":"https:\/\/www.schramas.com\/fr\/wp-json\/wp\/v2\/product\/9969\/revisions\/54323"}],"wp:featuredmedia":[{"embeddable":true,"href":"https:\/\/www.schramas.com\/fr\/wp-json\/wp\/v2\/media\/13024"}],"wp:attachment":[{"href":"https:\/\/www.schramas.com\/fr\/wp-json\/wp\/v2\/media?parent=9969"}],"wp:term":[{"taxonomy":"product_brand","embeddable":true,"href":"https:\/\/www.schramas.com\/fr\/wp-json\/wp\/v2\/product_brand?post=9969"},{"taxonomy":"product_cat","embeddable":true,"href":"https:\/\/www.schramas.com\/fr\/wp-json\/wp\/v2\/product_cat?post=9969"},{"taxonomy":"product_tag","embeddable":true,"href":"https:\/\/www.schramas.com\/fr\/wp-json\/wp\/v2\/product_tag?post=9969"}],"curies":[{"name":"wp","href":"https:\/\/api.w.org\/{rel}","templated":true}]}}