{"id":10987,"date":"2020-05-04T16:29:56","date_gmt":"2020-05-04T14:29:56","guid":{"rendered":"https:\/\/www.schramas.com\/?post_type=product&#038;p=10987"},"modified":"2026-03-26T16:34:17","modified_gmt":"2026-03-26T15:34:17","slug":"acer-palmatum-apelsin-drom-japansk-lonn-3-liters-kruka-orange-gul-blad-special-acer-kruka-odlad-for-tradgardsterrass-och-balkong","status":"publish","type":"product","link":"https:\/\/www.schramas.com\/se\/butik\/acer-palmatum-apelsin-drom-japansk-lonn-3-liters-kruka-orange-gul-blad-special-acer-kruka-odlad-for-tradgardsterrass-och-balkong\/","title":{"rendered":"Acer palmatum 'Orange Dream', japansk l\u00f6nn, 3-literskruka"},"content":{"rendered":"<p>Denna japanska l\u00f6nn \u00e4r en l\u00e5ngsam odlare och \u00e4r d\u00e4rf\u00f6r idealisk f\u00f6r tr\u00e4dg\u00e5rden eller p\u00e5 terrassen eller balkongen. Ett fullvuxet tr\u00e4d \u00e4r inte h\u00f6gre \u00e4n cirka 1,5 till 2 meter. Placera tr\u00e4det p\u00e5 en skyddad, halvskuggig plats f\u00f6r att beh\u00e5lla f\u00e4rgen p\u00e5 bladen som b\u00e4st. Detta tr\u00e4d b\u00f6rjar p\u00e5 v\u00e5ren med djupt inskurna, vackra orange l\u00f6v som \u00e4ndrar f\u00e4rg till gula blad med orange kanter och bladspetsar p\u00e5 sommaren. P\u00e5 h\u00f6sten blir l\u00f6ven gula. Produktens h\u00f6jd \u00e4r ca 50 cm. Kort sagt: aldrig en tr\u00e5kig tr\u00e4dg\u00e5rd med denna Acer palmatum &#039;Orange Dream&#039;. Ett f\u00e4rgglatt erbjudande fr\u00e5n schramas.com.<\/p>","protected":false},"excerpt":{"rendered":"<p>Acer palmatum &#039;Orange Dream&#039;<\/p>\n<p>Japansk l\u00f6nn<\/p>\n<p>Blomst\u00e4llning: framv\u00e4xande blad f\u00e4rsk orange senare gula blad orange kant<\/p>\n<p>L\u00f6vf\u00e4llande<\/p>\n<p>Max. h\u00f6jd ca 200 cm<\/p>\n<p>Hardy<\/p>\n<p>Leveransh\u00f6jd inkl. kruka: ca 50 cm<\/p>\n<p>Krukstorlek: 3 liter<\/p>","protected":false},"featured_media":16623,"template":"","meta":{"_joinchat":[]},"product_brand":[],"product_cat":[302,262,300,3193,290,229,305],"product_tag":[786,794,796],"class_list":{"0":"post-10987","1":"product","2":"type-product","3":"status-publish","4":"has-post-thumbnail","6":"product_cat-bladverliezende-heesters","7":"product_cat-bomen-struiken","8":"product_cat-heesters","9":"product_cat-sierbomen","10":"product_cat-sierheester","11":"product_cat-sierheesters","12":"product_cat-planten-heesters","13":"product_tag-japanse-esdoorn","14":"product_tag-kleinblijvende-japanse-esdoorn","15":"product_tag-oranje-geel-blad","16":"pa_bloeimaanden-juni","17":"pa_bloeimaanden-augustus","18":"pa_groeihoogte-150-200-cm","19":"pa_pot-zonder-pot","21":"first","22":"outofstock","23":"taxable","24":"shipping-taxable","25":"purchasable","26":"product-type-simple"},"yoast_head":"<!-- This site is optimized with the Yoast SEO plugin v24.2 - https:\/\/yoast.com\/wordpress\/plugins\/seo\/ -->\n<title>Acer palmatum &#039;Orange Dream&#039;, Japanse esdoorn, 3 liter pot kopen | Planten eenvoudig online bestellen | Schramas.com<\/title>\n<meta name=\"robots\" content=\"index, follow, max-snippet:-1, max-image-preview:large, max-video-preview:-1\" \/>\n<link rel=\"canonical\" href=\"https:\/\/www.schramas.com\/se\/butik\/acer-palmatum-apelsin-drom-japansk-lonn-3-liters-kruka-orange-gul-blad-special-acer-kruka-odlad-for-tradgardsterrass-och-balkong\/\" \/>\n<meta property=\"og:locale\" content=\"sv_SE\" \/>\n<meta property=\"og:type\" content=\"article\" \/>\n<meta property=\"og:title\" content=\"Acer palmatum &#039;Orange Dream&#039;, Japanse esdoorn, 3 liter pot kopen | Planten eenvoudig online bestellen | Schramas.com\" \/>\n<meta property=\"og:description\" content=\"Acer palmatum&#039; Orange Dream&#039;  Japanse esdoorn  Bloeiwijze: uitlopend blad fris oranje later geel blad oranje rand  Bladverliezend  Max. hoogte ca. 200 cm  Winterhard  Leverhoogte incl. pot: ca. 50 cm  Potmaat: 3 liter\" \/>\n<meta property=\"og:url\" content=\"https:\/\/www.schramas.com\/se\/butik\/acer-palmatum-apelsin-drom-japansk-lonn-3-liters-kruka-orange-gul-blad-special-acer-kruka-odlad-for-tradgardsterrass-och-balkong\/\" \/>\n<meta property=\"og:site_name\" content=\"Planten eenvoudig online bestellen | Schramas.com\" \/>\n<meta property=\"article:publisher\" content=\"https:\/\/www.facebook.com\/Schramascom-106872874153195\/\" \/>\n<meta property=\"article:modified_time\" content=\"2026-03-26T15:34:17+00:00\" \/>\n<meta property=\"og:image\" content=\"http:\/\/www.schramas.com\/wp-content\/uploads\/2021\/07\/210629_9509441998583_Acer-palmatum-Orange-Dream-bewerkt-vooraanzicht.png\" \/>\n\t<meta property=\"og:image:width\" content=\"1200\" \/>\n\t<meta property=\"og:image:height\" content=\"1200\" \/>\n\t<meta property=\"og:image:type\" content=\"image\/png\" \/>\n<meta name=\"twitter:card\" content=\"summary_large_image\" \/>\n<meta name=\"twitter:label1\" content=\"Ber\u00e4knad l\u00e4stid\" \/>\n\t<meta name=\"twitter:data1\" content=\"1 minut\" \/>\n<script type=\"application\/ld+json\" class=\"yoast-schema-graph\">{\"@context\":\"https:\/\/schema.org\",\"@graph\":[{\"@type\":[\"WebPage\",\"ItemPage\"],\"@id\":\"https:\/\/www.schramas.com\/winkel\/acer-palmatum-orange-dream-japanse-esdoorn-3-liter-pot-oranje-geel-blad-bijzondere-acer-pot-gekweekt-voor-tuin-terras-en-balkon\/\",\"url\":\"https:\/\/www.schramas.com\/winkel\/acer-palmatum-orange-dream-japanse-esdoorn-3-liter-pot-oranje-geel-blad-bijzondere-acer-pot-gekweekt-voor-tuin-terras-en-balkon\/\",\"name\":\"Acer palmatum 'Orange Dream', Japanse esdoorn, 3 liter pot kopen | Planten eenvoudig online bestellen | Schramas.com\",\"isPartOf\":{\"@id\":\"https:\/\/www.schramas.com\/#website\"},\"primaryImageOfPage\":{\"@id\":\"https:\/\/www.schramas.com\/winkel\/acer-palmatum-orange-dream-japanse-esdoorn-3-liter-pot-oranje-geel-blad-bijzondere-acer-pot-gekweekt-voor-tuin-terras-en-balkon\/#primaryimage\"},\"image\":{\"@id\":\"https:\/\/www.schramas.com\/winkel\/acer-palmatum-orange-dream-japanse-esdoorn-3-liter-pot-oranje-geel-blad-bijzondere-acer-pot-gekweekt-voor-tuin-terras-en-balkon\/#primaryimage\"},\"thumbnailUrl\":\"https:\/\/www.schramas.com\/wp-content\/uploads\/2021\/07\/210629_9509441998583_Acer-palmatum-Orange-Dream-bewerkt-vooraanzicht.png\",\"datePublished\":\"2020-05-04T14:29:56+00:00\",\"dateModified\":\"2026-03-26T15:34:17+00:00\",\"breadcrumb\":{\"@id\":\"https:\/\/www.schramas.com\/winkel\/acer-palmatum-orange-dream-japanse-esdoorn-3-liter-pot-oranje-geel-blad-bijzondere-acer-pot-gekweekt-voor-tuin-terras-en-balkon\/#breadcrumb\"},\"inLanguage\":\"sv-SE\",\"potentialAction\":[{\"@type\":\"ReadAction\",\"target\":[\"https:\/\/www.schramas.com\/winkel\/acer-palmatum-orange-dream-japanse-esdoorn-3-liter-pot-oranje-geel-blad-bijzondere-acer-pot-gekweekt-voor-tuin-terras-en-balkon\/\"]}]},{\"@type\":\"ImageObject\",\"inLanguage\":\"sv-SE\",\"@id\":\"https:\/\/www.schramas.com\/winkel\/acer-palmatum-orange-dream-japanse-esdoorn-3-liter-pot-oranje-geel-blad-bijzondere-acer-pot-gekweekt-voor-tuin-terras-en-balkon\/#primaryimage\",\"url\":\"https:\/\/www.schramas.com\/wp-content\/uploads\/2021\/07\/210629_9509441998583_Acer-palmatum-Orange-Dream-bewerkt-vooraanzicht.png\",\"contentUrl\":\"https:\/\/www.schramas.com\/wp-content\/uploads\/2021\/07\/210629_9509441998583_Acer-palmatum-Orange-Dream-bewerkt-vooraanzicht.png\",\"width\":1200,\"height\":1200},{\"@type\":\"BreadcrumbList\",\"@id\":\"https:\/\/www.schramas.com\/winkel\/acer-palmatum-orange-dream-japanse-esdoorn-3-liter-pot-oranje-geel-blad-bijzondere-acer-pot-gekweekt-voor-tuin-terras-en-balkon\/#breadcrumb\",\"itemListElement\":[{\"@type\":\"ListItem\",\"position\":1,\"name\":\"Product\",\"item\":\"https:\/\/www.schramas.com\/assortiment\/\"},{\"@type\":\"ListItem\",\"position\":2,\"name\":\"Tuinplanten\",\"item\":\"https:\/\/www.schramas.com\/product-category\/planten-heesters\/\"},{\"@type\":\"ListItem\",\"position\":3,\"name\":\"Heesters\",\"item\":\"https:\/\/www.schramas.com\/product-category\/planten-heesters\/heesters\/\"},{\"@type\":\"ListItem\",\"position\":4,\"name\":\"Sierheesters\",\"item\":\"https:\/\/www.schramas.com\/product-category\/planten-heesters\/heesters\/sierheesters\/\"},{\"@type\":\"ListItem\",\"position\":5,\"name\":\"Acer palmatum &#8216;Orange Dream&#8217;, Japanse esdoorn, 3 liter pot\"}]},{\"@type\":\"WebSite\",\"@id\":\"https:\/\/www.schramas.com\/#website\",\"url\":\"https:\/\/www.schramas.com\/\",\"name\":\"Schramas.com | Tuinplanten eenvoudig online bestellen | Direct van onze Kwekerij\",\"description\":\"\",\"alternateName\":\"Schramas.com - Alle planten direct van de kweker\",\"potentialAction\":[{\"@type\":\"SearchAction\",\"target\":{\"@type\":\"EntryPoint\",\"urlTemplate\":\"https:\/\/www.schramas.com\/?s={search_term_string}\"},\"query-input\":{\"@type\":\"PropertyValueSpecification\",\"valueRequired\":true,\"valueName\":\"search_term_string\"}}],\"inLanguage\":\"sv-SE\"}]}<\/script>\n<!-- \/ Yoast SEO plugin. -->","yoast_head_json":{"title":"K\u00f6p Acer palmatum &#039;Orange Dream&#039;, japansk l\u00f6nn, 3 liters kastrull | Best\u00e4ll enkelt v\u00e4xter online | Schramas.com","robots":{"index":"index","follow":"follow","max-snippet":"max-snippet:-1","max-image-preview":"max-image-preview:large","max-video-preview":"max-video-preview:-1"},"canonical":"https:\/\/www.schramas.com\/se\/butik\/acer-palmatum-apelsin-drom-japansk-lonn-3-liters-kruka-orange-gul-blad-special-acer-kruka-odlad-for-tradgardsterrass-och-balkong\/","og_locale":"sv_SE","og_type":"article","og_title":"Acer palmatum 'Orange Dream', Japanse esdoorn, 3 liter pot kopen | Planten eenvoudig online bestellen | Schramas.com","og_description":"Acer palmatum' Orange Dream'  Japanse esdoorn  Bloeiwijze: uitlopend blad fris oranje later geel blad oranje rand  Bladverliezend  Max. hoogte ca. 200 cm  Winterhard  Leverhoogte incl. pot: ca. 50 cm  Potmaat: 3 liter","og_url":"https:\/\/www.schramas.com\/se\/butik\/acer-palmatum-apelsin-drom-japansk-lonn-3-liters-kruka-orange-gul-blad-special-acer-kruka-odlad-for-tradgardsterrass-och-balkong\/","og_site_name":"Planten eenvoudig online bestellen | Schramas.com","article_publisher":"https:\/\/www.facebook.com\/Schramascom-106872874153195\/","article_modified_time":"2026-03-26T15:34:17+00:00","og_image":[{"width":1200,"height":1200,"url":"http:\/\/www.schramas.com\/wp-content\/uploads\/2021\/07\/210629_9509441998583_Acer-palmatum-Orange-Dream-bewerkt-vooraanzicht.png","type":"image\/png"}],"twitter_card":"summary_large_image","twitter_misc":{"Ber\u00e4knad l\u00e4stid":"1 minut"},"schema":{"@context":"https:\/\/schema.org","@graph":[{"@type":["WebPage","ItemPage"],"@id":"https:\/\/www.schramas.com\/winkel\/acer-palmatum-orange-dream-japanse-esdoorn-3-liter-pot-oranje-geel-blad-bijzondere-acer-pot-gekweekt-voor-tuin-terras-en-balkon\/","url":"https:\/\/www.schramas.com\/winkel\/acer-palmatum-orange-dream-japanse-esdoorn-3-liter-pot-oranje-geel-blad-bijzondere-acer-pot-gekweekt-voor-tuin-terras-en-balkon\/","name":"K\u00f6p Acer palmatum &#039;Orange Dream&#039;, japansk l\u00f6nn, 3 liters kastrull | Best\u00e4ll enkelt v\u00e4xter online | Schramas.com","isPartOf":{"@id":"https:\/\/www.schramas.com\/#website"},"primaryImageOfPage":{"@id":"https:\/\/www.schramas.com\/winkel\/acer-palmatum-orange-dream-japanse-esdoorn-3-liter-pot-oranje-geel-blad-bijzondere-acer-pot-gekweekt-voor-tuin-terras-en-balkon\/#primaryimage"},"image":{"@id":"https:\/\/www.schramas.com\/winkel\/acer-palmatum-orange-dream-japanse-esdoorn-3-liter-pot-oranje-geel-blad-bijzondere-acer-pot-gekweekt-voor-tuin-terras-en-balkon\/#primaryimage"},"thumbnailUrl":"https:\/\/www.schramas.com\/wp-content\/uploads\/2021\/07\/210629_9509441998583_Acer-palmatum-Orange-Dream-bewerkt-vooraanzicht.png","datePublished":"2020-05-04T14:29:56+00:00","dateModified":"2026-03-26T15:34:17+00:00","breadcrumb":{"@id":"https:\/\/www.schramas.com\/winkel\/acer-palmatum-orange-dream-japanse-esdoorn-3-liter-pot-oranje-geel-blad-bijzondere-acer-pot-gekweekt-voor-tuin-terras-en-balkon\/#breadcrumb"},"inLanguage":"sv-SE","potentialAction":[{"@type":"ReadAction","target":["https:\/\/www.schramas.com\/winkel\/acer-palmatum-orange-dream-japanse-esdoorn-3-liter-pot-oranje-geel-blad-bijzondere-acer-pot-gekweekt-voor-tuin-terras-en-balkon\/"]}]},{"@type":"ImageObject","inLanguage":"sv-SE","@id":"https:\/\/www.schramas.com\/winkel\/acer-palmatum-orange-dream-japanse-esdoorn-3-liter-pot-oranje-geel-blad-bijzondere-acer-pot-gekweekt-voor-tuin-terras-en-balkon\/#primaryimage","url":"https:\/\/www.schramas.com\/wp-content\/uploads\/2021\/07\/210629_9509441998583_Acer-palmatum-Orange-Dream-bewerkt-vooraanzicht.png","contentUrl":"https:\/\/www.schramas.com\/wp-content\/uploads\/2021\/07\/210629_9509441998583_Acer-palmatum-Orange-Dream-bewerkt-vooraanzicht.png","width":1200,"height":1200},{"@type":"BreadcrumbList","@id":"https:\/\/www.schramas.com\/winkel\/acer-palmatum-orange-dream-japanse-esdoorn-3-liter-pot-oranje-geel-blad-bijzondere-acer-pot-gekweekt-voor-tuin-terras-en-balkon\/#breadcrumb","itemListElement":[{"@type":"ListItem","position":1,"name":"Product","item":"https:\/\/www.schramas.com\/assortiment\/"},{"@type":"ListItem","position":2,"name":"Tuinplanten","item":"https:\/\/www.schramas.com\/product-category\/planten-heesters\/"},{"@type":"ListItem","position":3,"name":"Heesters","item":"https:\/\/www.schramas.com\/product-category\/planten-heesters\/heesters\/"},{"@type":"ListItem","position":4,"name":"Sierheesters","item":"https:\/\/www.schramas.com\/product-category\/planten-heesters\/heesters\/sierheesters\/"},{"@type":"ListItem","position":5,"name":"Acer palmatum &#8216;Orange Dream&#8217;, Japanse esdoorn, 3 liter pot"}]},{"@type":"WebSite","@id":"https:\/\/www.schramas.com\/#website","url":"https:\/\/www.schramas.com\/","name":"Schramas.com | Tr\u00e4dg\u00e5rdsv\u00e4xter som enkelt kan best\u00e4llas online | Direkt fr\u00e5n v\u00e5r plantskola","description":"","alternateName":"Schramas.com - Alle planten direct van de kweker","potentialAction":[{"@type":"SearchAction","target":{"@type":"EntryPoint","urlTemplate":"https:\/\/www.schramas.com\/?s={search_term_string}"},"query-input":{"@type":"PropertyValueSpecification","valueRequired":true,"valueName":"search_term_string"}}],"inLanguage":"sv-SE"}]}},"_links":{"self":[{"href":"https:\/\/www.schramas.com\/se\/wp-json\/wp\/v2\/product\/10987","targetHints":{"allow":["GET"]}}],"collection":[{"href":"https:\/\/www.schramas.com\/se\/wp-json\/wp\/v2\/product"}],"about":[{"href":"https:\/\/www.schramas.com\/se\/wp-json\/wp\/v2\/types\/product"}],"version-history":[{"count":1,"href":"https:\/\/www.schramas.com\/se\/wp-json\/wp\/v2\/product\/10987\/revisions"}],"predecessor-version":[{"id":54295,"href":"https:\/\/www.schramas.com\/se\/wp-json\/wp\/v2\/product\/10987\/revisions\/54295"}],"wp:featuredmedia":[{"embeddable":true,"href":"https:\/\/www.schramas.com\/se\/wp-json\/wp\/v2\/media\/16623"}],"wp:attachment":[{"href":"https:\/\/www.schramas.com\/se\/wp-json\/wp\/v2\/media?parent=10987"}],"wp:term":[{"taxonomy":"product_brand","embeddable":true,"href":"https:\/\/www.schramas.com\/se\/wp-json\/wp\/v2\/product_brand?post=10987"},{"taxonomy":"product_cat","embeddable":true,"href":"https:\/\/www.schramas.com\/se\/wp-json\/wp\/v2\/product_cat?post=10987"},{"taxonomy":"product_tag","embeddable":true,"href":"https:\/\/www.schramas.com\/se\/wp-json\/wp\/v2\/product_tag?post=10987"}],"curies":[{"name":"wp","href":"https:\/\/api.w.org\/{rel}","templated":true}]}}