{"id":11037,"date":"2020-05-06T13:39:30","date_gmt":"2020-05-06T11:39:30","guid":{"rendered":"https:\/\/www.schramas.com\/?post_type=product&#038;p=11037"},"modified":"2026-03-26T16:34:18","modified_gmt":"2026-03-26T15:34:18","slug":"acer-palmatum-summer-gold-japansk-lonn-3-liter-kruka-gulgron-orange-blad-speciell-acer-krukodlad-for-tradgard-terrass-och-balkong","status":"publish","type":"product","link":"https:\/\/www.schramas.com\/se\/butik\/acer-palmatum-summer-gold-japansk-lonn-3-liter-kruka-gulgron-orange-blad-speciell-acer-krukodlad-for-tradgard-terrass-och-balkong\/","title":{"rendered":"Acer palmatum 'Summer Gold', japansk l\u00f6nn, 3-literskruka"},"content":{"rendered":"<p>Denna japanska l\u00f6nn v\u00e4xer l\u00e5ngsamt och g\u00f6r sig d\u00e4rf\u00f6r mycket bra i tr\u00e4dg\u00e5rden eller p\u00e5 uteplatsen och balkongen. Ett fullvuxet tr\u00e4d \u00e4r inte h\u00f6gre \u00e4n 1,5 till 2,5 meter. Placera tr\u00e4det i ett skyddat halvskuggigt l\u00e4ge f\u00f6r att h\u00e5lla bladf\u00e4rgen p\u00e5 topp. Tr\u00e4det b\u00f6rjar p\u00e5 v\u00e5ren med djupt inskurna vackra gula blad som blir gulgr\u00f6na p\u00e5 sommaren. P\u00e5 h\u00f6sten blir bladen orange. Kort sagt: aldrig en tr\u00e5kig tr\u00e4dg\u00e5rd med denna Acer palmatum 'Orange Dream'. Produktens h\u00f6jd \u00e4r ca 50 cm. Ett f\u00e4rgstarkt erbjudande fr\u00e5n schramas.com.<\/p>","protected":false},"excerpt":{"rendered":"<p>Acer palmatum 'Sommarguld'<\/p>\n<p>Japansk l\u00f6nn<\/p>\n<p>Blomst\u00e4llning: utrullande blad f\u00e4rska gula och senare gr\u00f6ngula och p\u00e5 h\u00f6sten orange blad<\/p>\n<p>L\u00f6vf\u00e4llande<\/p>\n<p>Hardy<\/p>\n<p>Max. h\u00f6jd ca 300 cm<\/p>\n<p>Leveransh\u00f6jd inkl. kruka: ca 50 cm<\/p>\n<p>Krukstorlek: 3 liter<\/p>","protected":false},"featured_media":11038,"template":"","meta":{"_joinchat":[]},"product_brand":[],"product_cat":[302,262,300,3193,229,305],"product_tag":[795,786,794],"class_list":{"0":"post-11037","1":"product","2":"type-product","3":"status-publish","4":"has-post-thumbnail","6":"product_cat-bladverliezende-heesters","7":"product_cat-bomen-struiken","8":"product_cat-heesters","9":"product_cat-sierbomen","10":"product_cat-sierheesters","11":"product_cat-planten-heesters","12":"product_tag-geel-groen-oranje-blad","13":"product_tag-japanse-esdoorn","14":"product_tag-kleinblijvende-japanse-esdoorn","15":"pa_bloeimaanden-juni","16":"pa_bloeimaanden-augustus","17":"pa_groeihoogte-150-200-cm","18":"pa_pot-zonder-pot","20":"first","21":"outofstock","22":"taxable","23":"shipping-taxable","24":"purchasable","25":"product-type-simple"},"yoast_head":"<!-- This site is optimized with the Yoast SEO plugin v24.2 - https:\/\/yoast.com\/wordpress\/plugins\/seo\/ -->\n<title>Acer palmatum &#039;Summer Gold&#039;, Japanse esdoorn, 3 liter pot kopen | Planten eenvoudig online bestellen | Schramas.com<\/title>\n<meta name=\"robots\" content=\"index, follow, max-snippet:-1, max-image-preview:large, max-video-preview:-1\" \/>\n<link rel=\"canonical\" href=\"https:\/\/www.schramas.com\/se\/butik\/acer-palmatum-summer-gold-japansk-lonn-3-liter-kruka-gulgron-orange-blad-speciell-acer-krukodlad-for-tradgard-terrass-och-balkong\/\" \/>\n<meta property=\"og:locale\" content=\"sv_SE\" \/>\n<meta property=\"og:type\" content=\"article\" \/>\n<meta property=\"og:title\" content=\"Acer palmatum &#039;Summer Gold&#039;, Japanse esdoorn, 3 liter pot kopen | Planten eenvoudig online bestellen | Schramas.com\" \/>\n<meta property=\"og:description\" content=\"Acer palmatum&#039; Summer Gold&#039;  Japanse esdoorn  Bloeiwijze: uitlopend blad fris geel en later groengeel en in de herfst oranje blad  Bladverliezend  Winterhard  Max. hoogte circa 300 cm  Leverhoogte incl. pot: ca. 50cm  Potmaat: 3 liter\" \/>\n<meta property=\"og:url\" content=\"https:\/\/www.schramas.com\/se\/butik\/acer-palmatum-summer-gold-japansk-lonn-3-liter-kruka-gulgron-orange-blad-speciell-acer-krukodlad-for-tradgard-terrass-och-balkong\/\" \/>\n<meta property=\"og:site_name\" content=\"Planten eenvoudig online bestellen | Schramas.com\" \/>\n<meta property=\"article:publisher\" content=\"https:\/\/www.facebook.com\/Schramascom-106872874153195\/\" \/>\n<meta property=\"article:modified_time\" content=\"2026-03-26T15:34:18+00:00\" \/>\n<meta property=\"og:image\" content=\"http:\/\/www.schramas.com\/wp-content\/uploads\/2020\/05\/summergold.jpg\" \/>\n\t<meta property=\"og:image:width\" content=\"284\" \/>\n\t<meta property=\"og:image:height\" content=\"177\" \/>\n\t<meta property=\"og:image:type\" content=\"image\/jpeg\" \/>\n<meta name=\"twitter:card\" content=\"summary_large_image\" \/>\n<script type=\"application\/ld+json\" class=\"yoast-schema-graph\">{\"@context\":\"https:\/\/schema.org\",\"@graph\":[{\"@type\":[\"WebPage\",\"ItemPage\"],\"@id\":\"https:\/\/www.schramas.com\/winkel\/acer-palmatum-summer-gold-japanse-esdoorn-3-liter-pot-geel-groen-oranje-blad-bijzondere-acer-pot-gekweekt-voor-tuin-terras-en-balkon\/\",\"url\":\"https:\/\/www.schramas.com\/winkel\/acer-palmatum-summer-gold-japanse-esdoorn-3-liter-pot-geel-groen-oranje-blad-bijzondere-acer-pot-gekweekt-voor-tuin-terras-en-balkon\/\",\"name\":\"Acer palmatum 'Summer Gold', Japanse esdoorn, 3 liter pot kopen | Planten eenvoudig online bestellen | Schramas.com\",\"isPartOf\":{\"@id\":\"https:\/\/www.schramas.com\/#website\"},\"primaryImageOfPage\":{\"@id\":\"https:\/\/www.schramas.com\/winkel\/acer-palmatum-summer-gold-japanse-esdoorn-3-liter-pot-geel-groen-oranje-blad-bijzondere-acer-pot-gekweekt-voor-tuin-terras-en-balkon\/#primaryimage\"},\"image\":{\"@id\":\"https:\/\/www.schramas.com\/winkel\/acer-palmatum-summer-gold-japanse-esdoorn-3-liter-pot-geel-groen-oranje-blad-bijzondere-acer-pot-gekweekt-voor-tuin-terras-en-balkon\/#primaryimage\"},\"thumbnailUrl\":\"https:\/\/www.schramas.com\/wp-content\/uploads\/2020\/05\/summergold.jpg\",\"datePublished\":\"2020-05-06T11:39:30+00:00\",\"dateModified\":\"2026-03-26T15:34:18+00:00\",\"breadcrumb\":{\"@id\":\"https:\/\/www.schramas.com\/winkel\/acer-palmatum-summer-gold-japanse-esdoorn-3-liter-pot-geel-groen-oranje-blad-bijzondere-acer-pot-gekweekt-voor-tuin-terras-en-balkon\/#breadcrumb\"},\"inLanguage\":\"sv-SE\",\"potentialAction\":[{\"@type\":\"ReadAction\",\"target\":[\"https:\/\/www.schramas.com\/winkel\/acer-palmatum-summer-gold-japanse-esdoorn-3-liter-pot-geel-groen-oranje-blad-bijzondere-acer-pot-gekweekt-voor-tuin-terras-en-balkon\/\"]}]},{\"@type\":\"ImageObject\",\"inLanguage\":\"sv-SE\",\"@id\":\"https:\/\/www.schramas.com\/winkel\/acer-palmatum-summer-gold-japanse-esdoorn-3-liter-pot-geel-groen-oranje-blad-bijzondere-acer-pot-gekweekt-voor-tuin-terras-en-balkon\/#primaryimage\",\"url\":\"https:\/\/www.schramas.com\/wp-content\/uploads\/2020\/05\/summergold.jpg\",\"contentUrl\":\"https:\/\/www.schramas.com\/wp-content\/uploads\/2020\/05\/summergold.jpg\",\"width\":284,\"height\":177},{\"@type\":\"BreadcrumbList\",\"@id\":\"https:\/\/www.schramas.com\/winkel\/acer-palmatum-summer-gold-japanse-esdoorn-3-liter-pot-geel-groen-oranje-blad-bijzondere-acer-pot-gekweekt-voor-tuin-terras-en-balkon\/#breadcrumb\",\"itemListElement\":[{\"@type\":\"ListItem\",\"position\":1,\"name\":\"Product\",\"item\":\"https:\/\/www.schramas.com\/assortiment\/\"},{\"@type\":\"ListItem\",\"position\":2,\"name\":\"Tuinplanten\",\"item\":\"https:\/\/www.schramas.com\/product-category\/planten-heesters\/\"},{\"@type\":\"ListItem\",\"position\":3,\"name\":\"Heesters\",\"item\":\"https:\/\/www.schramas.com\/product-category\/planten-heesters\/heesters\/\"},{\"@type\":\"ListItem\",\"position\":4,\"name\":\"Sierheesters\",\"item\":\"https:\/\/www.schramas.com\/product-category\/planten-heesters\/heesters\/sierheesters\/\"},{\"@type\":\"ListItem\",\"position\":5,\"name\":\"Acer palmatum &#8216;Summer Gold&#8217;, Japanse esdoorn, 3 liter pot\"}]},{\"@type\":\"WebSite\",\"@id\":\"https:\/\/www.schramas.com\/#website\",\"url\":\"https:\/\/www.schramas.com\/\",\"name\":\"Schramas.com | Tuinplanten eenvoudig online bestellen | Direct van onze Kwekerij\",\"description\":\"\",\"alternateName\":\"Schramas.com - Alle planten direct van de kweker\",\"potentialAction\":[{\"@type\":\"SearchAction\",\"target\":{\"@type\":\"EntryPoint\",\"urlTemplate\":\"https:\/\/www.schramas.com\/?s={search_term_string}\"},\"query-input\":{\"@type\":\"PropertyValueSpecification\",\"valueRequired\":true,\"valueName\":\"search_term_string\"}}],\"inLanguage\":\"sv-SE\"}]}<\/script>\n<!-- \/ Yoast SEO plugin. -->","yoast_head_json":{"title":"Acer palmatum 'Summer Gold', japansk l\u00f6nn, k\u00f6p 3 liters kruka | K\u00f6p v\u00e4xter enkelt online | Schramas.com","robots":{"index":"index","follow":"follow","max-snippet":"max-snippet:-1","max-image-preview":"max-image-preview:large","max-video-preview":"max-video-preview:-1"},"canonical":"https:\/\/www.schramas.com\/se\/butik\/acer-palmatum-summer-gold-japansk-lonn-3-liter-kruka-gulgron-orange-blad-speciell-acer-krukodlad-for-tradgard-terrass-och-balkong\/","og_locale":"sv_SE","og_type":"article","og_title":"Acer palmatum 'Summer Gold', Japanse esdoorn, 3 liter pot kopen | Planten eenvoudig online bestellen | Schramas.com","og_description":"Acer palmatum' Summer Gold'  Japanse esdoorn  Bloeiwijze: uitlopend blad fris geel en later groengeel en in de herfst oranje blad  Bladverliezend  Winterhard  Max. hoogte circa 300 cm  Leverhoogte incl. pot: ca. 50cm  Potmaat: 3 liter","og_url":"https:\/\/www.schramas.com\/se\/butik\/acer-palmatum-summer-gold-japansk-lonn-3-liter-kruka-gulgron-orange-blad-speciell-acer-krukodlad-for-tradgard-terrass-och-balkong\/","og_site_name":"Planten eenvoudig online bestellen | Schramas.com","article_publisher":"https:\/\/www.facebook.com\/Schramascom-106872874153195\/","article_modified_time":"2026-03-26T15:34:18+00:00","og_image":[{"width":284,"height":177,"url":"http:\/\/www.schramas.com\/wp-content\/uploads\/2020\/05\/summergold.jpg","type":"image\/jpeg"}],"twitter_card":"summary_large_image","schema":{"@context":"https:\/\/schema.org","@graph":[{"@type":["WebPage","ItemPage"],"@id":"https:\/\/www.schramas.com\/winkel\/acer-palmatum-summer-gold-japanse-esdoorn-3-liter-pot-geel-groen-oranje-blad-bijzondere-acer-pot-gekweekt-voor-tuin-terras-en-balkon\/","url":"https:\/\/www.schramas.com\/winkel\/acer-palmatum-summer-gold-japanse-esdoorn-3-liter-pot-geel-groen-oranje-blad-bijzondere-acer-pot-gekweekt-voor-tuin-terras-en-balkon\/","name":"Acer palmatum 'Summer Gold', japansk l\u00f6nn, k\u00f6p 3 liters kruka | K\u00f6p v\u00e4xter enkelt online | Schramas.com","isPartOf":{"@id":"https:\/\/www.schramas.com\/#website"},"primaryImageOfPage":{"@id":"https:\/\/www.schramas.com\/winkel\/acer-palmatum-summer-gold-japanse-esdoorn-3-liter-pot-geel-groen-oranje-blad-bijzondere-acer-pot-gekweekt-voor-tuin-terras-en-balkon\/#primaryimage"},"image":{"@id":"https:\/\/www.schramas.com\/winkel\/acer-palmatum-summer-gold-japanse-esdoorn-3-liter-pot-geel-groen-oranje-blad-bijzondere-acer-pot-gekweekt-voor-tuin-terras-en-balkon\/#primaryimage"},"thumbnailUrl":"https:\/\/www.schramas.com\/wp-content\/uploads\/2020\/05\/summergold.jpg","datePublished":"2020-05-06T11:39:30+00:00","dateModified":"2026-03-26T15:34:18+00:00","breadcrumb":{"@id":"https:\/\/www.schramas.com\/winkel\/acer-palmatum-summer-gold-japanse-esdoorn-3-liter-pot-geel-groen-oranje-blad-bijzondere-acer-pot-gekweekt-voor-tuin-terras-en-balkon\/#breadcrumb"},"inLanguage":"sv-SE","potentialAction":[{"@type":"ReadAction","target":["https:\/\/www.schramas.com\/winkel\/acer-palmatum-summer-gold-japanse-esdoorn-3-liter-pot-geel-groen-oranje-blad-bijzondere-acer-pot-gekweekt-voor-tuin-terras-en-balkon\/"]}]},{"@type":"ImageObject","inLanguage":"sv-SE","@id":"https:\/\/www.schramas.com\/winkel\/acer-palmatum-summer-gold-japanse-esdoorn-3-liter-pot-geel-groen-oranje-blad-bijzondere-acer-pot-gekweekt-voor-tuin-terras-en-balkon\/#primaryimage","url":"https:\/\/www.schramas.com\/wp-content\/uploads\/2020\/05\/summergold.jpg","contentUrl":"https:\/\/www.schramas.com\/wp-content\/uploads\/2020\/05\/summergold.jpg","width":284,"height":177},{"@type":"BreadcrumbList","@id":"https:\/\/www.schramas.com\/winkel\/acer-palmatum-summer-gold-japanse-esdoorn-3-liter-pot-geel-groen-oranje-blad-bijzondere-acer-pot-gekweekt-voor-tuin-terras-en-balkon\/#breadcrumb","itemListElement":[{"@type":"ListItem","position":1,"name":"Product","item":"https:\/\/www.schramas.com\/assortiment\/"},{"@type":"ListItem","position":2,"name":"Tuinplanten","item":"https:\/\/www.schramas.com\/product-category\/planten-heesters\/"},{"@type":"ListItem","position":3,"name":"Heesters","item":"https:\/\/www.schramas.com\/product-category\/planten-heesters\/heesters\/"},{"@type":"ListItem","position":4,"name":"Sierheesters","item":"https:\/\/www.schramas.com\/product-category\/planten-heesters\/heesters\/sierheesters\/"},{"@type":"ListItem","position":5,"name":"Acer palmatum &#8216;Summer Gold&#8217;, Japanse esdoorn, 3 liter pot"}]},{"@type":"WebSite","@id":"https:\/\/www.schramas.com\/#website","url":"https:\/\/www.schramas.com\/","name":"Schramas.com | Tr\u00e4dg\u00e5rdsv\u00e4xter som enkelt kan best\u00e4llas online | Direkt fr\u00e5n v\u00e5r plantskola","description":"","alternateName":"Schramas.com - Alle planten direct van de kweker","potentialAction":[{"@type":"SearchAction","target":{"@type":"EntryPoint","urlTemplate":"https:\/\/www.schramas.com\/?s={search_term_string}"},"query-input":{"@type":"PropertyValueSpecification","valueRequired":true,"valueName":"search_term_string"}}],"inLanguage":"sv-SE"}]}},"_links":{"self":[{"href":"https:\/\/www.schramas.com\/se\/wp-json\/wp\/v2\/product\/11037","targetHints":{"allow":["GET"]}}],"collection":[{"href":"https:\/\/www.schramas.com\/se\/wp-json\/wp\/v2\/product"}],"about":[{"href":"https:\/\/www.schramas.com\/se\/wp-json\/wp\/v2\/types\/product"}],"version-history":[{"count":1,"href":"https:\/\/www.schramas.com\/se\/wp-json\/wp\/v2\/product\/11037\/revisions"}],"predecessor-version":[{"id":54294,"href":"https:\/\/www.schramas.com\/se\/wp-json\/wp\/v2\/product\/11037\/revisions\/54294"}],"wp:featuredmedia":[{"embeddable":true,"href":"https:\/\/www.schramas.com\/se\/wp-json\/wp\/v2\/media\/11038"}],"wp:attachment":[{"href":"https:\/\/www.schramas.com\/se\/wp-json\/wp\/v2\/media?parent=11037"}],"wp:term":[{"taxonomy":"product_brand","embeddable":true,"href":"https:\/\/www.schramas.com\/se\/wp-json\/wp\/v2\/product_brand?post=11037"},{"taxonomy":"product_cat","embeddable":true,"href":"https:\/\/www.schramas.com\/se\/wp-json\/wp\/v2\/product_cat?post=11037"},{"taxonomy":"product_tag","embeddable":true,"href":"https:\/\/www.schramas.com\/se\/wp-json\/wp\/v2\/product_tag?post=11037"}],"curies":[{"name":"wp","href":"https:\/\/api.w.org\/{rel}","templated":true}]}}