{"id":11481,"date":"2012-05-26T13:16:04","date_gmt":"2012-05-26T11:16:04","guid":{"rendered":"https:\/\/www.schramas.com\/?post_type=product&#038;p=11481"},"modified":"2026-04-10T10:19:41","modified_gmt":"2026-04-10T08:19:41","slug":"choisiya-aztec-pearl2-liter-kruka-gron-doftande-kruka-odlad-for-tradgard-terrass-och-balkong","status":"publish","type":"product","link":"https:\/\/www.schramas.com\/se\/butik\/choisiya-aztec-pearl2-liter-kruka-gron-doftande-kruka-odlad-for-tradgard-terrass-och-balkong\/","title":{"rendered":"Choisya Aztec Pearl, mexikansk vitblommig, kompakt buske, 2 liter kruka"},"content":{"rendered":"<p>Denna kompakta buske kommer ursprungligen fr\u00e5n Mexiko och \u00e4r sl\u00e4kt med citrusfrukter och f\u00f6rblir gr\u00f6n p\u00e5 vintern.<\/p>\n<p>De smala, djupt inskurna bladen \u00e4r mycket dekorativa och doftar lite kryddigt. Fr\u00e5n juni blommar denna buske med vita, stj\u00e4rnformade blommor som doftar ljuvligt s\u00f6tt.<\/p>\n<p>V\u00e4xten b\u00f6r skyddas fr\u00e5n sv\u00e5r frost p\u00e5 vintern. Choisya \u00e4r mycket l\u00e4mplig som krukv\u00e4xt p\u00e5 terrassen, i vintertr\u00e4dg\u00e5rden och p\u00e5 balkongen. I full jord kan denna vackra buske bli ca tv\u00e5 meter h\u00f6g. Choisya Aztec Pearl levereras i en tv\u00e5liters kruka. Ett doftande erbjudande fr\u00e5n schramas.com. Produktens h\u00f6jd \u00e4r cirka 30 cm.<\/p>","protected":false},"excerpt":{"rendered":"<p>Choisya 'Aztec Pearl'<\/p>\n<p>Choisya<\/p>\n<p>Blomst\u00e4llning: vit, doftande, stj\u00e4rnformad blomma<\/p>\n<p>Evergreen<\/p>\n<p>Max. h\u00f6jd ca 200 cm i \u00f6ppen terr\u00e4ng<\/p>\n<p>Begr\u00e4nsad h\u00e4rdighet<\/p>\n<p>Leveransh\u00f6jd inkl. kruka: ca 40 cm<\/p>\n<p>Krukstorlek: 2 liter<\/p>","protected":false},"featured_media":21085,"template":"","meta":{"_joinchat":[]},"product_brand":[],"product_cat":[16,480,303,300,290,229,305,805],"product_tag":[802,525,499],"class_list":{"0":"post-11481","1":"product","2":"type-product","3":"status-publish","4":"has-post-thumbnail","6":"product_cat-diversen","7":"product_cat-diversen-struiken","8":"product_cat-groenblijvende-heesters","9":"product_cat-heesters","10":"product_cat-sierheester","11":"product_cat-sierheesters","12":"product_cat-planten-heesters","13":"product_cat-winter","14":"product_tag-choisya-aztec-pearl","15":"product_tag-geurend","16":"product_tag-groenblijvend","17":"pa_bloeimaanden-juni","18":"pa_bloeimaanden-augustus","19":"pa_groeihoogte-150-200-cm","20":"pa_pot-zonder-pot","22":"first","23":"outofstock","24":"taxable","25":"shipping-taxable","26":"purchasable","27":"product-type-simple"},"yoast_head":"<!-- This site is optimized with the Yoast SEO plugin v24.2 - https:\/\/yoast.com\/wordpress\/plugins\/seo\/ -->\n<title>Choisya Aztec Pearl, mexicaanse witte bloesem, compacte heester, 2 liter pot kopen | Planten eenvoudig online bestellen | Schramas.com<\/title>\n<meta name=\"robots\" content=\"index, follow, max-snippet:-1, max-image-preview:large, max-video-preview:-1\" \/>\n<link rel=\"canonical\" href=\"https:\/\/www.schramas.com\/se\/butik\/choisiya-aztec-pearl2-liter-kruka-gron-doftande-kruka-odlad-for-tradgard-terrass-och-balkong\/\" \/>\n<meta property=\"og:locale\" content=\"sv_SE\" \/>\n<meta property=\"og:type\" content=\"article\" \/>\n<meta property=\"og:title\" content=\"Choisya Aztec Pearl, mexicaanse witte bloesem, compacte heester, 2 liter pot kopen | Planten eenvoudig online bestellen | Schramas.com\" \/>\n<meta property=\"og:description\" content=\"Choisya &#039;Aztec Pearl&#039;  Choisya  Bloeiwijze: witte, zoet geurende, stervormige bloem  Groenblijvend  Max. hoogte circa 200 cm in de volle grond  Beperkt winterhard  Leverhoogte incl. pot: ca. 40 cm  Potmaat: 2 liter\" \/>\n<meta property=\"og:url\" content=\"https:\/\/www.schramas.com\/se\/butik\/choisiya-aztec-pearl2-liter-kruka-gron-doftande-kruka-odlad-for-tradgard-terrass-och-balkong\/\" \/>\n<meta property=\"og:site_name\" content=\"Planten eenvoudig online bestellen | Schramas.com\" \/>\n<meta property=\"article:publisher\" content=\"https:\/\/www.facebook.com\/Schramascom-106872874153195\/\" \/>\n<meta property=\"article:modified_time\" content=\"2026-04-10T08:19:41+00:00\" \/>\n<meta property=\"og:image\" content=\"http:\/\/www.schramas.com\/wp-content\/uploads\/2020\/05\/choisya-aztec-pearl-sfeer.jpg\" \/>\n\t<meta property=\"og:image:width\" content=\"1200\" \/>\n\t<meta property=\"og:image:height\" content=\"1200\" \/>\n\t<meta property=\"og:image:type\" content=\"image\/jpeg\" \/>\n<meta name=\"twitter:card\" content=\"summary_large_image\" \/>\n<meta name=\"twitter:label1\" content=\"Ber\u00e4knad l\u00e4stid\" \/>\n\t<meta name=\"twitter:data1\" content=\"1 minut\" \/>\n<script type=\"application\/ld+json\" class=\"yoast-schema-graph\">{\"@context\":\"https:\/\/schema.org\",\"@graph\":[{\"@type\":[\"WebPage\",\"ItemPage\"],\"@id\":\"https:\/\/www.schramas.com\/winkel\/choisiya-aztec-pearl2-liter-potgroenblijvend-heerlijk-geurend-pot-gekweekt-voor-tuin-terras-en-balkon\/\",\"url\":\"https:\/\/www.schramas.com\/winkel\/choisiya-aztec-pearl2-liter-potgroenblijvend-heerlijk-geurend-pot-gekweekt-voor-tuin-terras-en-balkon\/\",\"name\":\"Choisya Aztec Pearl, mexicaanse witte bloesem, compacte heester, 2 liter pot kopen | Planten eenvoudig online bestellen | Schramas.com\",\"isPartOf\":{\"@id\":\"https:\/\/www.schramas.com\/#website\"},\"primaryImageOfPage\":{\"@id\":\"https:\/\/www.schramas.com\/winkel\/choisiya-aztec-pearl2-liter-potgroenblijvend-heerlijk-geurend-pot-gekweekt-voor-tuin-terras-en-balkon\/#primaryimage\"},\"image\":{\"@id\":\"https:\/\/www.schramas.com\/winkel\/choisiya-aztec-pearl2-liter-potgroenblijvend-heerlijk-geurend-pot-gekweekt-voor-tuin-terras-en-balkon\/#primaryimage\"},\"thumbnailUrl\":\"https:\/\/www.schramas.com\/wp-content\/uploads\/2020\/05\/choisya-aztec-pearl-sfeer.jpg\",\"datePublished\":\"2012-05-26T11:16:04+00:00\",\"dateModified\":\"2026-04-10T08:19:41+00:00\",\"breadcrumb\":{\"@id\":\"https:\/\/www.schramas.com\/winkel\/choisiya-aztec-pearl2-liter-potgroenblijvend-heerlijk-geurend-pot-gekweekt-voor-tuin-terras-en-balkon\/#breadcrumb\"},\"inLanguage\":\"sv-SE\",\"potentialAction\":[{\"@type\":\"ReadAction\",\"target\":[\"https:\/\/www.schramas.com\/winkel\/choisiya-aztec-pearl2-liter-potgroenblijvend-heerlijk-geurend-pot-gekweekt-voor-tuin-terras-en-balkon\/\"]}]},{\"@type\":\"ImageObject\",\"inLanguage\":\"sv-SE\",\"@id\":\"https:\/\/www.schramas.com\/winkel\/choisiya-aztec-pearl2-liter-potgroenblijvend-heerlijk-geurend-pot-gekweekt-voor-tuin-terras-en-balkon\/#primaryimage\",\"url\":\"https:\/\/www.schramas.com\/wp-content\/uploads\/2020\/05\/choisya-aztec-pearl-sfeer.jpg\",\"contentUrl\":\"https:\/\/www.schramas.com\/wp-content\/uploads\/2020\/05\/choisya-aztec-pearl-sfeer.jpg\",\"width\":1200,\"height\":1200},{\"@type\":\"BreadcrumbList\",\"@id\":\"https:\/\/www.schramas.com\/winkel\/choisiya-aztec-pearl2-liter-potgroenblijvend-heerlijk-geurend-pot-gekweekt-voor-tuin-terras-en-balkon\/#breadcrumb\",\"itemListElement\":[{\"@type\":\"ListItem\",\"position\":1,\"name\":\"Product\",\"item\":\"https:\/\/www.schramas.com\/assortiment\/\"},{\"@type\":\"ListItem\",\"position\":2,\"name\":\"Tuinplanten\",\"item\":\"https:\/\/www.schramas.com\/product-category\/planten-heesters\/\"},{\"@type\":\"ListItem\",\"position\":3,\"name\":\"Heesters\",\"item\":\"https:\/\/www.schramas.com\/product-category\/planten-heesters\/heesters\/\"},{\"@type\":\"ListItem\",\"position\":4,\"name\":\"Sierheesters\",\"item\":\"https:\/\/www.schramas.com\/product-category\/planten-heesters\/heesters\/sierheesters\/\"},{\"@type\":\"ListItem\",\"position\":5,\"name\":\"Choisya Aztec Pearl, mexicaanse witte bloesem, compacte heester, 2 liter pot\"}]},{\"@type\":\"WebSite\",\"@id\":\"https:\/\/www.schramas.com\/#website\",\"url\":\"https:\/\/www.schramas.com\/\",\"name\":\"Schramas.com | Tuinplanten eenvoudig online bestellen | Direct van onze Kwekerij\",\"description\":\"\",\"alternateName\":\"Schramas.com - Alle planten direct van de kweker\",\"potentialAction\":[{\"@type\":\"SearchAction\",\"target\":{\"@type\":\"EntryPoint\",\"urlTemplate\":\"https:\/\/www.schramas.com\/?s={search_term_string}\"},\"query-input\":{\"@type\":\"PropertyValueSpecification\",\"valueRequired\":true,\"valueName\":\"search_term_string\"}}],\"inLanguage\":\"sv-SE\"}]}<\/script>\n<!-- \/ Yoast SEO plugin. -->","yoast_head_json":{"title":"Choisya Aztec Pearl, mexikansk vit blomning, kompakt buske, k\u00f6p 2 liters kruka | K\u00f6p v\u00e4xter enkelt online | Schramas.com","robots":{"index":"index","follow":"follow","max-snippet":"max-snippet:-1","max-image-preview":"max-image-preview:large","max-video-preview":"max-video-preview:-1"},"canonical":"https:\/\/www.schramas.com\/se\/butik\/choisiya-aztec-pearl2-liter-kruka-gron-doftande-kruka-odlad-for-tradgard-terrass-och-balkong\/","og_locale":"sv_SE","og_type":"article","og_title":"Choisya Aztec Pearl, mexicaanse witte bloesem, compacte heester, 2 liter pot kopen | Planten eenvoudig online bestellen | Schramas.com","og_description":"Choisya 'Aztec Pearl'  Choisya  Bloeiwijze: witte, zoet geurende, stervormige bloem  Groenblijvend  Max. hoogte circa 200 cm in de volle grond  Beperkt winterhard  Leverhoogte incl. pot: ca. 40 cm  Potmaat: 2 liter","og_url":"https:\/\/www.schramas.com\/se\/butik\/choisiya-aztec-pearl2-liter-kruka-gron-doftande-kruka-odlad-for-tradgard-terrass-och-balkong\/","og_site_name":"Planten eenvoudig online bestellen | Schramas.com","article_publisher":"https:\/\/www.facebook.com\/Schramascom-106872874153195\/","article_modified_time":"2026-04-10T08:19:41+00:00","og_image":[{"width":1200,"height":1200,"url":"http:\/\/www.schramas.com\/wp-content\/uploads\/2020\/05\/choisya-aztec-pearl-sfeer.jpg","type":"image\/jpeg"}],"twitter_card":"summary_large_image","twitter_misc":{"Ber\u00e4knad l\u00e4stid":"1 minut"},"schema":{"@context":"https:\/\/schema.org","@graph":[{"@type":["WebPage","ItemPage"],"@id":"https:\/\/www.schramas.com\/winkel\/choisiya-aztec-pearl2-liter-potgroenblijvend-heerlijk-geurend-pot-gekweekt-voor-tuin-terras-en-balkon\/","url":"https:\/\/www.schramas.com\/winkel\/choisiya-aztec-pearl2-liter-potgroenblijvend-heerlijk-geurend-pot-gekweekt-voor-tuin-terras-en-balkon\/","name":"Choisya Aztec Pearl, mexikansk vit blomning, kompakt buske, k\u00f6p 2 liters kruka | K\u00f6p v\u00e4xter enkelt online | Schramas.com","isPartOf":{"@id":"https:\/\/www.schramas.com\/#website"},"primaryImageOfPage":{"@id":"https:\/\/www.schramas.com\/winkel\/choisiya-aztec-pearl2-liter-potgroenblijvend-heerlijk-geurend-pot-gekweekt-voor-tuin-terras-en-balkon\/#primaryimage"},"image":{"@id":"https:\/\/www.schramas.com\/winkel\/choisiya-aztec-pearl2-liter-potgroenblijvend-heerlijk-geurend-pot-gekweekt-voor-tuin-terras-en-balkon\/#primaryimage"},"thumbnailUrl":"https:\/\/www.schramas.com\/wp-content\/uploads\/2020\/05\/choisya-aztec-pearl-sfeer.jpg","datePublished":"2012-05-26T11:16:04+00:00","dateModified":"2026-04-10T08:19:41+00:00","breadcrumb":{"@id":"https:\/\/www.schramas.com\/winkel\/choisiya-aztec-pearl2-liter-potgroenblijvend-heerlijk-geurend-pot-gekweekt-voor-tuin-terras-en-balkon\/#breadcrumb"},"inLanguage":"sv-SE","potentialAction":[{"@type":"ReadAction","target":["https:\/\/www.schramas.com\/winkel\/choisiya-aztec-pearl2-liter-potgroenblijvend-heerlijk-geurend-pot-gekweekt-voor-tuin-terras-en-balkon\/"]}]},{"@type":"ImageObject","inLanguage":"sv-SE","@id":"https:\/\/www.schramas.com\/winkel\/choisiya-aztec-pearl2-liter-potgroenblijvend-heerlijk-geurend-pot-gekweekt-voor-tuin-terras-en-balkon\/#primaryimage","url":"https:\/\/www.schramas.com\/wp-content\/uploads\/2020\/05\/choisya-aztec-pearl-sfeer.jpg","contentUrl":"https:\/\/www.schramas.com\/wp-content\/uploads\/2020\/05\/choisya-aztec-pearl-sfeer.jpg","width":1200,"height":1200},{"@type":"BreadcrumbList","@id":"https:\/\/www.schramas.com\/winkel\/choisiya-aztec-pearl2-liter-potgroenblijvend-heerlijk-geurend-pot-gekweekt-voor-tuin-terras-en-balkon\/#breadcrumb","itemListElement":[{"@type":"ListItem","position":1,"name":"Product","item":"https:\/\/www.schramas.com\/assortiment\/"},{"@type":"ListItem","position":2,"name":"Tuinplanten","item":"https:\/\/www.schramas.com\/product-category\/planten-heesters\/"},{"@type":"ListItem","position":3,"name":"Heesters","item":"https:\/\/www.schramas.com\/product-category\/planten-heesters\/heesters\/"},{"@type":"ListItem","position":4,"name":"Sierheesters","item":"https:\/\/www.schramas.com\/product-category\/planten-heesters\/heesters\/sierheesters\/"},{"@type":"ListItem","position":5,"name":"Choisya Aztec Pearl, mexicaanse witte bloesem, compacte heester, 2 liter pot"}]},{"@type":"WebSite","@id":"https:\/\/www.schramas.com\/#website","url":"https:\/\/www.schramas.com\/","name":"Schramas.com | Tr\u00e4dg\u00e5rdsv\u00e4xter som enkelt kan best\u00e4llas online | Direkt fr\u00e5n v\u00e5r plantskola","description":"","alternateName":"Schramas.com - Alle planten direct van de kweker","potentialAction":[{"@type":"SearchAction","target":{"@type":"EntryPoint","urlTemplate":"https:\/\/www.schramas.com\/?s={search_term_string}"},"query-input":{"@type":"PropertyValueSpecification","valueRequired":true,"valueName":"search_term_string"}}],"inLanguage":"sv-SE"}]}},"_links":{"self":[{"href":"https:\/\/www.schramas.com\/se\/wp-json\/wp\/v2\/product\/11481","targetHints":{"allow":["GET"]}}],"collection":[{"href":"https:\/\/www.schramas.com\/se\/wp-json\/wp\/v2\/product"}],"about":[{"href":"https:\/\/www.schramas.com\/se\/wp-json\/wp\/v2\/types\/product"}],"version-history":[{"count":1,"href":"https:\/\/www.schramas.com\/se\/wp-json\/wp\/v2\/product\/11481\/revisions"}],"predecessor-version":[{"id":49979,"href":"https:\/\/www.schramas.com\/se\/wp-json\/wp\/v2\/product\/11481\/revisions\/49979"}],"wp:featuredmedia":[{"embeddable":true,"href":"https:\/\/www.schramas.com\/se\/wp-json\/wp\/v2\/media\/21085"}],"wp:attachment":[{"href":"https:\/\/www.schramas.com\/se\/wp-json\/wp\/v2\/media?parent=11481"}],"wp:term":[{"taxonomy":"product_brand","embeddable":true,"href":"https:\/\/www.schramas.com\/se\/wp-json\/wp\/v2\/product_brand?post=11481"},{"taxonomy":"product_cat","embeddable":true,"href":"https:\/\/www.schramas.com\/se\/wp-json\/wp\/v2\/product_cat?post=11481"},{"taxonomy":"product_tag","embeddable":true,"href":"https:\/\/www.schramas.com\/se\/wp-json\/wp\/v2\/product_tag?post=11481"}],"curies":[{"name":"wp","href":"https:\/\/api.w.org\/{rel}","templated":true}]}}