{"id":13626,"date":"2021-01-30T10:43:01","date_gmt":"2021-01-30T09:43:01","guid":{"rendered":"https:\/\/www.schramas.com\/?post_type=product&#038;p=13626"},"modified":"2026-03-26T16:34:22","modified_gmt":"2026-03-26T15:34:22","slug":"rubus-fruticosus-waldo-rotad-taggfri-bjornbarsbuske","status":"publish","type":"product","link":"https:\/\/www.schramas.com\/se\/butik\/rubus-fruticosus-waldo-rotad-taggfri-bjornbarsbuske\/","title":{"rendered":"Rubus fruticosus 'Waldo' taggfri bj\u00f6rnb\u00e4rsbuske, rotstock"},"content":{"rendered":"<p>Waldo \u00e4r en tung sk\u00f6rdare av fast, attraktiv frukt med ett glansigt utseende. B\u00e4ren \u00e4r extremt stora och har en exceptionell smak. Waldo \u00e4r en tidigblommande taggfri sort. F\u00f6r b\u00e4sta resultat beh\u00f6ver v\u00e4xten halvskugga eller fullt solljus. Denna produkt levereras som rotmaterial!<\/p>","protected":false},"excerpt":{"rendered":"<p>Rubus fruticosus Waldo<\/p>\n<p>Smak: s\u00f6t<\/p>\n<p>Max. h\u00f6jd: 150-200 cm<\/p>\n<p>Skydda mot frost under det f\u00f6rsta \u00e5ret<\/p>\n<p>Denna buske levereras som rotstock, allts\u00e5 utan kruka.<\/p>","protected":false},"featured_media":13627,"template":"","meta":{"_joinchat":[]},"product_brand":[],"product_cat":[262,44,234],"product_tag":[731,807,806,730],"class_list":{"0":"post-13626","1":"product","2":"type-product","3":"status-publish","4":"has-post-thumbnail","6":"product_cat-bomen-struiken","7":"product_cat-bramen","8":"product_cat-fruitstruiken","9":"product_tag-braam","10":"product_tag-bramen","11":"product_tag-bramenstruik","12":"product_tag-doornloos","13":"pa_groeihoogte-150-200-cm","14":"pa_pot-naaktwortelig","16":"first","17":"outofstock","18":"taxable","19":"shipping-taxable","20":"purchasable","21":"product-type-simple"},"yoast_head":"<!-- This site is optimized with the Yoast SEO plugin v24.2 - https:\/\/yoast.com\/wordpress\/plugins\/seo\/ -->\n<title>Rubus fruticosus &#039;Waldo&#039; doornloze bramenstruik, wortelgoed kopen | Planten eenvoudig online bestellen | Schramas.com<\/title>\n<meta name=\"robots\" content=\"index, follow, max-snippet:-1, max-image-preview:large, max-video-preview:-1\" \/>\n<link rel=\"canonical\" href=\"https:\/\/www.schramas.com\/se\/butik\/rubus-fruticosus-waldo-rotad-taggfri-bjornbarsbuske\/\" \/>\n<meta property=\"og:locale\" content=\"sv_SE\" \/>\n<meta property=\"og:type\" content=\"article\" \/>\n<meta property=\"og:title\" content=\"Rubus fruticosus &#039;Waldo&#039; doornloze bramenstruik, wortelgoed kopen | Planten eenvoudig online bestellen | Schramas.com\" \/>\n<meta property=\"og:description\" content=\"Rubus fruticosus Waldo Smaak: zoet Max. hoogte: 150-200 cm Eerste jaar beschermen tegen vorst Deze struik wordt als wortelgoed geleverd dus zonder pot.\" \/>\n<meta property=\"og:url\" content=\"https:\/\/www.schramas.com\/se\/butik\/rubus-fruticosus-waldo-rotad-taggfri-bjornbarsbuske\/\" \/>\n<meta property=\"og:site_name\" content=\"Planten eenvoudig online bestellen | Schramas.com\" \/>\n<meta property=\"article:publisher\" content=\"https:\/\/www.facebook.com\/Schramascom-106872874153195\/\" \/>\n<meta property=\"article:modified_time\" content=\"2026-03-26T15:34:22+00:00\" \/>\n<meta property=\"og:image\" content=\"https:\/\/www.schramas.com\/wp-content\/uploads\/2021\/01\/Rubus-fruticosus-Waldo-wortelgoed.png\" \/>\n\t<meta property=\"og:image:width\" content=\"500\" \/>\n\t<meta property=\"og:image:height\" content=\"500\" \/>\n\t<meta property=\"og:image:type\" content=\"image\/png\" \/>\n<meta name=\"twitter:card\" content=\"summary_large_image\" \/>\n<script type=\"application\/ld+json\" class=\"yoast-schema-graph\">{\"@context\":\"https:\/\/schema.org\",\"@graph\":[{\"@type\":[\"WebPage\",\"ItemPage\"],\"@id\":\"https:\/\/www.schramas.com\/en\/shop\/rubus-fruticosus-waldo-bare-root-stock-thornless-blackberry-bush\/\",\"url\":\"https:\/\/www.schramas.com\/en\/shop\/rubus-fruticosus-waldo-bare-root-stock-thornless-blackberry-bush\/\",\"name\":\"Rubus fruticosus 'Waldo' doornloze bramenstruik, wortelgoed kopen | Planten eenvoudig online bestellen | Schramas.com\",\"isPartOf\":{\"@id\":\"https:\/\/www.schramas.com\/#website\"},\"primaryImageOfPage\":{\"@id\":\"https:\/\/www.schramas.com\/en\/shop\/rubus-fruticosus-waldo-bare-root-stock-thornless-blackberry-bush\/#primaryimage\"},\"image\":{\"@id\":\"https:\/\/www.schramas.com\/en\/shop\/rubus-fruticosus-waldo-bare-root-stock-thornless-blackberry-bush\/#primaryimage\"},\"thumbnailUrl\":\"https:\/\/www.schramas.com\/wp-content\/uploads\/2021\/01\/Rubus-fruticosus-Waldo-wortelgoed.png\",\"datePublished\":\"2021-01-30T09:43:01+00:00\",\"dateModified\":\"2026-03-26T15:34:22+00:00\",\"breadcrumb\":{\"@id\":\"https:\/\/www.schramas.com\/en\/shop\/rubus-fruticosus-waldo-bare-root-stock-thornless-blackberry-bush\/#breadcrumb\"},\"inLanguage\":\"sv-SE\",\"potentialAction\":[{\"@type\":\"ReadAction\",\"target\":[\"https:\/\/www.schramas.com\/en\/shop\/rubus-fruticosus-waldo-bare-root-stock-thornless-blackberry-bush\/\"]}]},{\"@type\":\"ImageObject\",\"inLanguage\":\"sv-SE\",\"@id\":\"https:\/\/www.schramas.com\/en\/shop\/rubus-fruticosus-waldo-bare-root-stock-thornless-blackberry-bush\/#primaryimage\",\"url\":\"https:\/\/www.schramas.com\/wp-content\/uploads\/2021\/01\/Rubus-fruticosus-Waldo-wortelgoed.png\",\"contentUrl\":\"https:\/\/www.schramas.com\/wp-content\/uploads\/2021\/01\/Rubus-fruticosus-Waldo-wortelgoed.png\",\"width\":500,\"height\":500},{\"@type\":\"BreadcrumbList\",\"@id\":\"https:\/\/www.schramas.com\/en\/shop\/rubus-fruticosus-waldo-bare-root-stock-thornless-blackberry-bush\/#breadcrumb\",\"itemListElement\":[{\"@type\":\"ListItem\",\"position\":1,\"name\":\"Product\",\"item\":\"https:\/\/www.schramas.com\/assortiment\/\"},{\"@type\":\"ListItem\",\"position\":2,\"name\":\"Bomen &amp; Struiken\",\"item\":\"https:\/\/www.schramas.com\/product-category\/bomen-struiken\/\"},{\"@type\":\"ListItem\",\"position\":3,\"name\":\"Fruitstruiken\",\"item\":\"https:\/\/www.schramas.com\/de\/produktkategorie\/baume-und-straucher\/obststraucher\/\"},{\"@type\":\"ListItem\",\"position\":4,\"name\":\"Bramen\",\"item\":\"https:\/\/www.schramas.com\/product-category\/bomen-struiken\/fruitstruiken\/bramen\/\"},{\"@type\":\"ListItem\",\"position\":5,\"name\":\"Rubus fruticosus &#8216;Waldo&#8217; doornloze bramenstruik, wortelgoed\"}]},{\"@type\":\"WebSite\",\"@id\":\"https:\/\/www.schramas.com\/#website\",\"url\":\"https:\/\/www.schramas.com\/\",\"name\":\"Schramas.com | Tuinplanten eenvoudig online bestellen | Direct van onze Kwekerij\",\"description\":\"\",\"alternateName\":\"Schramas.com - Alle planten direct van de kweker\",\"potentialAction\":[{\"@type\":\"SearchAction\",\"target\":{\"@type\":\"EntryPoint\",\"urlTemplate\":\"https:\/\/www.schramas.com\/?s={search_term_string}\"},\"query-input\":{\"@type\":\"PropertyValueSpecification\",\"valueRequired\":true,\"valueName\":\"search_term_string\"}}],\"inLanguage\":\"sv-SE\"}]}<\/script>\n<!-- \/ Yoast SEO plugin. -->","yoast_head_json":{"title":"K\u00f6p Rubus fruticosus &#039;Waldo&#039; taggl\u00f6s bj\u00f6rnb\u00e4rsbuske, rotstock | Best\u00e4ll enkelt v\u00e4xter online | Schramas.com","robots":{"index":"index","follow":"follow","max-snippet":"max-snippet:-1","max-image-preview":"max-image-preview:large","max-video-preview":"max-video-preview:-1"},"canonical":"https:\/\/www.schramas.com\/se\/butik\/rubus-fruticosus-waldo-rotad-taggfri-bjornbarsbuske\/","og_locale":"sv_SE","og_type":"article","og_title":"Rubus fruticosus 'Waldo' doornloze bramenstruik, wortelgoed kopen | Planten eenvoudig online bestellen | Schramas.com","og_description":"Rubus fruticosus Waldo Smaak: zoet Max. hoogte: 150-200 cm Eerste jaar beschermen tegen vorst Deze struik wordt als wortelgoed geleverd dus zonder pot.","og_url":"https:\/\/www.schramas.com\/se\/butik\/rubus-fruticosus-waldo-rotad-taggfri-bjornbarsbuske\/","og_site_name":"Planten eenvoudig online bestellen | Schramas.com","article_publisher":"https:\/\/www.facebook.com\/Schramascom-106872874153195\/","article_modified_time":"2026-03-26T15:34:22+00:00","og_image":[{"width":500,"height":500,"url":"https:\/\/www.schramas.com\/wp-content\/uploads\/2021\/01\/Rubus-fruticosus-Waldo-wortelgoed.png","type":"image\/png"}],"twitter_card":"summary_large_image","schema":{"@context":"https:\/\/schema.org","@graph":[{"@type":["WebPage","ItemPage"],"@id":"https:\/\/www.schramas.com\/en\/shop\/rubus-fruticosus-waldo-bare-root-stock-thornless-blackberry-bush\/","url":"https:\/\/www.schramas.com\/en\/shop\/rubus-fruticosus-waldo-bare-root-stock-thornless-blackberry-bush\/","name":"K\u00f6p Rubus fruticosus &#039;Waldo&#039; taggl\u00f6s bj\u00f6rnb\u00e4rsbuske, rotstock | Best\u00e4ll enkelt v\u00e4xter online | Schramas.com","isPartOf":{"@id":"https:\/\/www.schramas.com\/#website"},"primaryImageOfPage":{"@id":"https:\/\/www.schramas.com\/en\/shop\/rubus-fruticosus-waldo-bare-root-stock-thornless-blackberry-bush\/#primaryimage"},"image":{"@id":"https:\/\/www.schramas.com\/en\/shop\/rubus-fruticosus-waldo-bare-root-stock-thornless-blackberry-bush\/#primaryimage"},"thumbnailUrl":"https:\/\/www.schramas.com\/wp-content\/uploads\/2021\/01\/Rubus-fruticosus-Waldo-wortelgoed.png","datePublished":"2021-01-30T09:43:01+00:00","dateModified":"2026-03-26T15:34:22+00:00","breadcrumb":{"@id":"https:\/\/www.schramas.com\/en\/shop\/rubus-fruticosus-waldo-bare-root-stock-thornless-blackberry-bush\/#breadcrumb"},"inLanguage":"sv-SE","potentialAction":[{"@type":"ReadAction","target":["https:\/\/www.schramas.com\/en\/shop\/rubus-fruticosus-waldo-bare-root-stock-thornless-blackberry-bush\/"]}]},{"@type":"ImageObject","inLanguage":"sv-SE","@id":"https:\/\/www.schramas.com\/en\/shop\/rubus-fruticosus-waldo-bare-root-stock-thornless-blackberry-bush\/#primaryimage","url":"https:\/\/www.schramas.com\/wp-content\/uploads\/2021\/01\/Rubus-fruticosus-Waldo-wortelgoed.png","contentUrl":"https:\/\/www.schramas.com\/wp-content\/uploads\/2021\/01\/Rubus-fruticosus-Waldo-wortelgoed.png","width":500,"height":500},{"@type":"BreadcrumbList","@id":"https:\/\/www.schramas.com\/en\/shop\/rubus-fruticosus-waldo-bare-root-stock-thornless-blackberry-bush\/#breadcrumb","itemListElement":[{"@type":"ListItem","position":1,"name":"Product","item":"https:\/\/www.schramas.com\/assortiment\/"},{"@type":"ListItem","position":2,"name":"Bomen &amp; Struiken","item":"https:\/\/www.schramas.com\/product-category\/bomen-struiken\/"},{"@type":"ListItem","position":3,"name":"Fruitstruiken","item":"https:\/\/www.schramas.com\/de\/produktkategorie\/baume-und-straucher\/obststraucher\/"},{"@type":"ListItem","position":4,"name":"Bramen","item":"https:\/\/www.schramas.com\/product-category\/bomen-struiken\/fruitstruiken\/bramen\/"},{"@type":"ListItem","position":5,"name":"Rubus fruticosus &#8216;Waldo&#8217; doornloze bramenstruik, wortelgoed"}]},{"@type":"WebSite","@id":"https:\/\/www.schramas.com\/#website","url":"https:\/\/www.schramas.com\/","name":"Schramas.com | Tr\u00e4dg\u00e5rdsv\u00e4xter som enkelt kan best\u00e4llas online | Direkt fr\u00e5n v\u00e5r plantskola","description":"","alternateName":"Schramas.com - Alle planten direct van de kweker","potentialAction":[{"@type":"SearchAction","target":{"@type":"EntryPoint","urlTemplate":"https:\/\/www.schramas.com\/?s={search_term_string}"},"query-input":{"@type":"PropertyValueSpecification","valueRequired":true,"valueName":"search_term_string"}}],"inLanguage":"sv-SE"}]}},"_links":{"self":[{"href":"https:\/\/www.schramas.com\/se\/wp-json\/wp\/v2\/product\/13626","targetHints":{"allow":["GET"]}}],"collection":[{"href":"https:\/\/www.schramas.com\/se\/wp-json\/wp\/v2\/product"}],"about":[{"href":"https:\/\/www.schramas.com\/se\/wp-json\/wp\/v2\/types\/product"}],"version-history":[{"count":0,"href":"https:\/\/www.schramas.com\/se\/wp-json\/wp\/v2\/product\/13626\/revisions"}],"wp:featuredmedia":[{"embeddable":true,"href":"https:\/\/www.schramas.com\/se\/wp-json\/wp\/v2\/media\/13627"}],"wp:attachment":[{"href":"https:\/\/www.schramas.com\/se\/wp-json\/wp\/v2\/media?parent=13626"}],"wp:term":[{"taxonomy":"product_brand","embeddable":true,"href":"https:\/\/www.schramas.com\/se\/wp-json\/wp\/v2\/product_brand?post=13626"},{"taxonomy":"product_cat","embeddable":true,"href":"https:\/\/www.schramas.com\/se\/wp-json\/wp\/v2\/product_cat?post=13626"},{"taxonomy":"product_tag","embeddable":true,"href":"https:\/\/www.schramas.com\/se\/wp-json\/wp\/v2\/product_tag?post=13626"}],"curies":[{"name":"wp","href":"https:\/\/api.w.org\/{rel}","templated":true}]}}