{"id":16402,"date":"2021-07-01T11:56:19","date_gmt":"2021-07-01T09:56:19","guid":{"rendered":"https:\/\/www.schramas.com\/?post_type=product&#038;p=16402"},"modified":"2026-04-18T14:36:57","modified_gmt":"2026-04-18T12:36:57","slug":"aronia-prunifolia-viking-chokeberry-barbuske-2-liter-kruka","status":"publish","type":"product","link":"https:\/\/www.schramas.com\/se\/butik\/aronia-prunifolia-viking-chokeberry-barbuske-2-liter-kruka\/","title":{"rendered":"Aronia prunifolia Brilliant, aronia, b\u00e4rbuske, 2-liters kruka"},"content":{"rendered":"<p>Aronia prunifolia Brilliant, ett aronia.<br \/>\nK\u00f6p Aronia prunifolia 'Brilliant' chokeberry i en 2 liters kruka nu! Denna l\u00f6vf\u00e4llande buske fr\u00e5n rosfamiljen har ett unikt prydnadsv\u00e4rde tack vare sin vita blomning i april-maj, friska m\u00f6rkgr\u00f6na blad och \u00e4tliga r\u00f6da eller svarta b\u00e4r. Aronia v\u00e4xer bra i n\u00e4stan alla jordtyper, utom tung lera och t\u00e4t sandjord, och passar b\u00e4st i l\u00e4tt fuktig sandjord. Det \u00e4r minst mottagligt f\u00f6r eldbr\u00e4nna och vanligtvis friskt, vilket g\u00f6r det idealiskt f\u00f6r integrerad eller organisk fruktodling. Denna v\u00e4xt \u00e4r ocks\u00e5 l\u00e4mplig f\u00f6r plantering i l\u00e5dor i offentliga gr\u00f6nomr\u00e5den med l\u00e5gt underh\u00e5ll, plantering under tr\u00e4d, v\u00e4gkanter och f\u00e5gellundar. Aronia \u00e4r \u00e4tbar f\u00f6r m\u00e4nniskor och djur och \u00e4r idealisk f\u00f6r honungsbin. Plantera om den h\u00e4r v\u00e4xten f\u00f6re eller efter vintern och klipp den g\u00e4rna, den klarar det!<\/p>","protected":false},"excerpt":{"rendered":"<p>Aronia prunifolia 'Brilliant'<\/p>\n<p>\u00c4ppelb\u00e4r<\/p>\n<p>Smak: frisk syrlig smak.<\/p>\n<p>Fruktens f\u00e4rg: r\u00f6d<\/p>\n<p>H\u00f6jd max: 2 meter<\/p>\n<p>Buske l\u00e4mplig som avskiljande h\u00e4ck eller solit\u00e4r.<\/p>\n<p>Sj\u00e4lvpollinerande<\/p>\n<p>L\u00e4mplig f\u00f6r b\u00e5de uteplats och \u00f6ppen mark.<\/p>\n<p>Leveransh\u00f6jd inkl. kruka: 50 cm<\/p>\n<p>Krukstorlek: 2-liters kruka 14 cm.<\/p>","protected":false},"featured_media":22229,"template":"","meta":{"_joinchat":[]},"product_brand":[],"product_cat":[48,262,234],"product_tag":[550,548,551,495,549,351,552],"class_list":{"0":"post-16402","1":"product","2":"type-product","3":"status-publish","4":"has-post-thumbnail","6":"product_cat-appelbes","7":"product_cat-bomen-struiken","8":"product_cat-fruitstruiken","9":"product_tag-appelbes","10":"product_tag-aronia","11":"product_tag-eetbaar-fruit","12":"product_tag-sierheester","13":"product_tag-viking","14":"product_tag-winterhard","15":"product_tag-wrang","16":"pa_bloeimaanden-mei","17":"pa_groeihoogte-150-200-cm","18":"pa_pot-9-cm-pot","20":"first","21":"instock","22":"taxable","23":"shipping-taxable","24":"purchasable","25":"product-type-simple"},"yoast_head":"<!-- This site is optimized with the Yoast SEO plugin v24.2 - https:\/\/yoast.com\/wordpress\/plugins\/seo\/ -->\n<title>Aronia prunifolia Brilliant, appelbes, bessenstruik, 2 liter pot kopen | Planten eenvoudig online bestellen | Schramas.com<\/title>\n<meta name=\"robots\" content=\"index, follow, max-snippet:-1, max-image-preview:large, max-video-preview:-1\" \/>\n<link rel=\"canonical\" href=\"https:\/\/www.schramas.com\/se\/butik\/aronia-prunifolia-viking-chokeberry-barbuske-2-liter-kruka\/\" \/>\n<meta property=\"og:locale\" content=\"sv_SE\" \/>\n<meta property=\"og:type\" content=\"article\" \/>\n<meta property=\"og:title\" content=\"Aronia prunifolia Brilliant, appelbes, bessenstruik, 2 liter pot kopen | Planten eenvoudig online bestellen | Schramas.com\" \/>\n<meta property=\"og:description\" content=\"Aronia prunifolia &#039;Brilliant&#039;  Appelbes  Smaak: frisse wrange smaak.  Kleur vrucht: rood  Hoogte max: 2 meter  Struik geschikt als afscheidingshaag of solitair.  Zelf bestuivend  Geschikt voor zowel patio als volle grond.  Leverhoogte incl. pot: 50 cm  Pot maat: 2 liter pot 14 cm.\" \/>\n<meta property=\"og:url\" content=\"https:\/\/www.schramas.com\/se\/butik\/aronia-prunifolia-viking-chokeberry-barbuske-2-liter-kruka\/\" \/>\n<meta property=\"og:site_name\" content=\"Planten eenvoudig online bestellen | Schramas.com\" \/>\n<meta property=\"article:publisher\" content=\"https:\/\/www.facebook.com\/Schramascom-106872874153195\/\" \/>\n<meta property=\"article:modified_time\" content=\"2026-04-18T12:36:57+00:00\" \/>\n<meta property=\"og:image\" content=\"http:\/\/www.schramas.com\/wp-content\/uploads\/2021\/07\/aronia-brilliant-sfeer.jpg\" \/>\n\t<meta property=\"og:image:width\" content=\"1200\" \/>\n\t<meta property=\"og:image:height\" content=\"1200\" \/>\n\t<meta property=\"og:image:type\" content=\"image\/jpeg\" \/>\n<meta name=\"twitter:card\" content=\"summary_large_image\" \/>\n<meta name=\"twitter:label1\" content=\"Ber\u00e4knad l\u00e4stid\" \/>\n\t<meta name=\"twitter:data1\" content=\"1 minut\" \/>\n<script type=\"application\/ld+json\" class=\"yoast-schema-graph\">{\"@context\":\"https:\/\/schema.org\",\"@graph\":[{\"@type\":[\"WebPage\",\"ItemPage\"],\"@id\":\"https:\/\/www.schramas.com\/winkel\/aronia-prunifolia-viking-appelbes-bessenstruik-2-liter-pot\/\",\"url\":\"https:\/\/www.schramas.com\/winkel\/aronia-prunifolia-viking-appelbes-bessenstruik-2-liter-pot\/\",\"name\":\"Aronia prunifolia Brilliant, appelbes, bessenstruik, 2 liter pot kopen | Planten eenvoudig online bestellen | Schramas.com\",\"isPartOf\":{\"@id\":\"https:\/\/www.schramas.com\/#website\"},\"primaryImageOfPage\":{\"@id\":\"https:\/\/www.schramas.com\/winkel\/aronia-prunifolia-viking-appelbes-bessenstruik-2-liter-pot\/#primaryimage\"},\"image\":{\"@id\":\"https:\/\/www.schramas.com\/winkel\/aronia-prunifolia-viking-appelbes-bessenstruik-2-liter-pot\/#primaryimage\"},\"thumbnailUrl\":\"https:\/\/www.schramas.com\/wp-content\/uploads\/2021\/07\/aronia-brilliant-sfeer.jpg\",\"datePublished\":\"2021-07-01T09:56:19+00:00\",\"dateModified\":\"2026-04-18T12:36:57+00:00\",\"breadcrumb\":{\"@id\":\"https:\/\/www.schramas.com\/winkel\/aronia-prunifolia-viking-appelbes-bessenstruik-2-liter-pot\/#breadcrumb\"},\"inLanguage\":\"sv-SE\",\"potentialAction\":[{\"@type\":\"ReadAction\",\"target\":[\"https:\/\/www.schramas.com\/winkel\/aronia-prunifolia-viking-appelbes-bessenstruik-2-liter-pot\/\"]}]},{\"@type\":\"ImageObject\",\"inLanguage\":\"sv-SE\",\"@id\":\"https:\/\/www.schramas.com\/winkel\/aronia-prunifolia-viking-appelbes-bessenstruik-2-liter-pot\/#primaryimage\",\"url\":\"https:\/\/www.schramas.com\/wp-content\/uploads\/2021\/07\/aronia-brilliant-sfeer.jpg\",\"contentUrl\":\"https:\/\/www.schramas.com\/wp-content\/uploads\/2021\/07\/aronia-brilliant-sfeer.jpg\",\"width\":1200,\"height\":1200},{\"@type\":\"BreadcrumbList\",\"@id\":\"https:\/\/www.schramas.com\/winkel\/aronia-prunifolia-viking-appelbes-bessenstruik-2-liter-pot\/#breadcrumb\",\"itemListElement\":[{\"@type\":\"ListItem\",\"position\":1,\"name\":\"Product\",\"item\":\"https:\/\/www.schramas.com\/assortiment\/\"},{\"@type\":\"ListItem\",\"position\":2,\"name\":\"Bomen &amp; Struiken\",\"item\":\"https:\/\/www.schramas.com\/product-category\/bomen-struiken\/\"},{\"@type\":\"ListItem\",\"position\":3,\"name\":\"Aronia prunifolia Brilliant, appelbes, bessenstruik, 2 liter pot\"}]},{\"@type\":\"WebSite\",\"@id\":\"https:\/\/www.schramas.com\/#website\",\"url\":\"https:\/\/www.schramas.com\/\",\"name\":\"Schramas.com | Tuinplanten eenvoudig online bestellen | Direct van onze Kwekerij\",\"description\":\"\",\"alternateName\":\"Schramas.com - Alle planten direct van de kweker\",\"potentialAction\":[{\"@type\":\"SearchAction\",\"target\":{\"@type\":\"EntryPoint\",\"urlTemplate\":\"https:\/\/www.schramas.com\/?s={search_term_string}\"},\"query-input\":{\"@type\":\"PropertyValueSpecification\",\"valueRequired\":true,\"valueName\":\"search_term_string\"}}],\"inLanguage\":\"sv-SE\"}]}<\/script>\n<!-- \/ Yoast SEO plugin. -->","yoast_head_json":{"title":"K\u00f6p Aronia prunifolia Brilliant, chokeberry, b\u00e4rbuske, 2 liters kruka | K\u00f6p v\u00e4xter enkelt online | Schramas.com","robots":{"index":"index","follow":"follow","max-snippet":"max-snippet:-1","max-image-preview":"max-image-preview:large","max-video-preview":"max-video-preview:-1"},"canonical":"https:\/\/www.schramas.com\/se\/butik\/aronia-prunifolia-viking-chokeberry-barbuske-2-liter-kruka\/","og_locale":"sv_SE","og_type":"article","og_title":"Aronia prunifolia Brilliant, appelbes, bessenstruik, 2 liter pot kopen | Planten eenvoudig online bestellen | Schramas.com","og_description":"Aronia prunifolia 'Brilliant'  Appelbes  Smaak: frisse wrange smaak.  Kleur vrucht: rood  Hoogte max: 2 meter  Struik geschikt als afscheidingshaag of solitair.  Zelf bestuivend  Geschikt voor zowel patio als volle grond.  Leverhoogte incl. pot: 50 cm  Pot maat: 2 liter pot 14 cm.","og_url":"https:\/\/www.schramas.com\/se\/butik\/aronia-prunifolia-viking-chokeberry-barbuske-2-liter-kruka\/","og_site_name":"Planten eenvoudig online bestellen | Schramas.com","article_publisher":"https:\/\/www.facebook.com\/Schramascom-106872874153195\/","article_modified_time":"2026-04-18T12:36:57+00:00","og_image":[{"width":1200,"height":1200,"url":"http:\/\/www.schramas.com\/wp-content\/uploads\/2021\/07\/aronia-brilliant-sfeer.jpg","type":"image\/jpeg"}],"twitter_card":"summary_large_image","twitter_misc":{"Ber\u00e4knad l\u00e4stid":"1 minut"},"schema":{"@context":"https:\/\/schema.org","@graph":[{"@type":["WebPage","ItemPage"],"@id":"https:\/\/www.schramas.com\/winkel\/aronia-prunifolia-viking-appelbes-bessenstruik-2-liter-pot\/","url":"https:\/\/www.schramas.com\/winkel\/aronia-prunifolia-viking-appelbes-bessenstruik-2-liter-pot\/","name":"K\u00f6p Aronia prunifolia Brilliant, chokeberry, b\u00e4rbuske, 2 liters kruka | K\u00f6p v\u00e4xter enkelt online | Schramas.com","isPartOf":{"@id":"https:\/\/www.schramas.com\/#website"},"primaryImageOfPage":{"@id":"https:\/\/www.schramas.com\/winkel\/aronia-prunifolia-viking-appelbes-bessenstruik-2-liter-pot\/#primaryimage"},"image":{"@id":"https:\/\/www.schramas.com\/winkel\/aronia-prunifolia-viking-appelbes-bessenstruik-2-liter-pot\/#primaryimage"},"thumbnailUrl":"https:\/\/www.schramas.com\/wp-content\/uploads\/2021\/07\/aronia-brilliant-sfeer.jpg","datePublished":"2021-07-01T09:56:19+00:00","dateModified":"2026-04-18T12:36:57+00:00","breadcrumb":{"@id":"https:\/\/www.schramas.com\/winkel\/aronia-prunifolia-viking-appelbes-bessenstruik-2-liter-pot\/#breadcrumb"},"inLanguage":"sv-SE","potentialAction":[{"@type":"ReadAction","target":["https:\/\/www.schramas.com\/winkel\/aronia-prunifolia-viking-appelbes-bessenstruik-2-liter-pot\/"]}]},{"@type":"ImageObject","inLanguage":"sv-SE","@id":"https:\/\/www.schramas.com\/winkel\/aronia-prunifolia-viking-appelbes-bessenstruik-2-liter-pot\/#primaryimage","url":"https:\/\/www.schramas.com\/wp-content\/uploads\/2021\/07\/aronia-brilliant-sfeer.jpg","contentUrl":"https:\/\/www.schramas.com\/wp-content\/uploads\/2021\/07\/aronia-brilliant-sfeer.jpg","width":1200,"height":1200},{"@type":"BreadcrumbList","@id":"https:\/\/www.schramas.com\/winkel\/aronia-prunifolia-viking-appelbes-bessenstruik-2-liter-pot\/#breadcrumb","itemListElement":[{"@type":"ListItem","position":1,"name":"Product","item":"https:\/\/www.schramas.com\/assortiment\/"},{"@type":"ListItem","position":2,"name":"Bomen &amp; Struiken","item":"https:\/\/www.schramas.com\/product-category\/bomen-struiken\/"},{"@type":"ListItem","position":3,"name":"Aronia prunifolia Brilliant, appelbes, bessenstruik, 2 liter pot"}]},{"@type":"WebSite","@id":"https:\/\/www.schramas.com\/#website","url":"https:\/\/www.schramas.com\/","name":"Schramas.com | Tr\u00e4dg\u00e5rdsv\u00e4xter som enkelt kan best\u00e4llas online | Direkt fr\u00e5n v\u00e5r plantskola","description":"","alternateName":"Schramas.com - Alle planten direct van de kweker","potentialAction":[{"@type":"SearchAction","target":{"@type":"EntryPoint","urlTemplate":"https:\/\/www.schramas.com\/?s={search_term_string}"},"query-input":{"@type":"PropertyValueSpecification","valueRequired":true,"valueName":"search_term_string"}}],"inLanguage":"sv-SE"}]}},"_links":{"self":[{"href":"https:\/\/www.schramas.com\/se\/wp-json\/wp\/v2\/product\/16402","targetHints":{"allow":["GET"]}}],"collection":[{"href":"https:\/\/www.schramas.com\/se\/wp-json\/wp\/v2\/product"}],"about":[{"href":"https:\/\/www.schramas.com\/se\/wp-json\/wp\/v2\/types\/product"}],"version-history":[{"count":1,"href":"https:\/\/www.schramas.com\/se\/wp-json\/wp\/v2\/product\/16402\/revisions"}],"predecessor-version":[{"id":59200,"href":"https:\/\/www.schramas.com\/se\/wp-json\/wp\/v2\/product\/16402\/revisions\/59200"}],"wp:featuredmedia":[{"embeddable":true,"href":"https:\/\/www.schramas.com\/se\/wp-json\/wp\/v2\/media\/22229"}],"wp:attachment":[{"href":"https:\/\/www.schramas.com\/se\/wp-json\/wp\/v2\/media?parent=16402"}],"wp:term":[{"taxonomy":"product_brand","embeddable":true,"href":"https:\/\/www.schramas.com\/se\/wp-json\/wp\/v2\/product_brand?post=16402"},{"taxonomy":"product_cat","embeddable":true,"href":"https:\/\/www.schramas.com\/se\/wp-json\/wp\/v2\/product_cat?post=16402"},{"taxonomy":"product_tag","embeddable":true,"href":"https:\/\/www.schramas.com\/se\/wp-json\/wp\/v2\/product_tag?post=16402"}],"curies":[{"name":"wp","href":"https:\/\/api.w.org\/{rel}","templated":true}]}}