{"id":16495,"date":"2021-07-05T12:10:46","date_gmt":"2021-07-05T10:10:46","guid":{"rendered":"https:\/\/www.schramas.com\/?post_type=product&#038;p=16495"},"modified":"2026-03-26T16:34:32","modified_gmt":"2026-03-26T15:34:32","slug":"fragaria-ananassa-framberry-jordgubbe-3-stycken-i-9-cm-kruka","status":"publish","type":"product","link":"https:\/\/www.schramas.com\/se\/butik\/fragaria-ananassa-framberry-jordgubbe-3-stycken-i-9-cm-kruka\/","title":{"rendered":"Fragaria Ananassa 'Framberry', jordgubbe, 3 st i 9 cm kruka"},"content":{"rendered":"<p>Uppt\u00e4ck den unika och speciella smaken hos Fragaria Ananassa &#039;Framberry\u00ae&#039;. Denna patenterade nya sort ser ut som en korsning mellan ett hallon och en jordgubbe. Frukterna \u00e4r sm\u00e5 och fasta med en kn\u00f6lig struktur p\u00e5 grund av de djupt sittande fr\u00f6na, vilket ger dem ett hallonutseende och en l\u00e4tt hallonsmak. Den saftiga och mjuka smaken inbjuder dig att njuta av den. Denna jordgubbsfrukt ger en rik sk\u00f6rd i veckor fr\u00e5n juli\/augusti.<\/p>\n<p>Framberry\u00ae \u00e4r ett smart val f\u00f6r tr\u00e4dg\u00e5rdsentusiaster som letar efter n\u00e5got nytt och unikt. Med sin unika smak och utseende kommer den s\u00e4kert att imponera p\u00e5 dina g\u00e4ster. Denna frukt \u00e4r inte bara l\u00e4cker att \u00e4ta, utan ocks\u00e5 att anv\u00e4nda i olika recept.<\/p>","protected":false},"excerpt":{"rendered":"<p>Fragaria Ananassa &#039;Framberry&#039;<\/p>\n<p>Utbyte: s\u00f6t frukt<\/p>\n<p>F\u00e4rg: r\u00f6d frukt<\/p>\n<p>Hardy<\/p>\n<p>Max. h\u00f6jd: ca 30 cm i \u00f6ppen mark<\/p>\n<p>Plantan levereras i en kruka p\u00e5 cirka 9 cm<\/p>\n<p>L\u00e4mplig f\u00f6r b\u00e5de uteplats och \u00f6ppen mark<\/p>","protected":false},"featured_media":19123,"template":"","meta":{"_joinchat":[]},"product_brand":[],"product_cat":[16,1028,262,480,42,234,761,306],"product_tag":[769,771,351],"class_list":{"0":"post-16495","1":"product","2":"type-product","3":"status-publish","4":"has-post-thumbnail","6":"product_cat-diversen","7":"product_cat-aardbeien","8":"product_cat-bomen-struiken","9":"product_cat-diversen-struiken","10":"product_cat-frambozen","11":"product_cat-fruitstruiken","12":"product_cat-lente","13":"product_cat-vaste-planten","14":"product_tag-annanasaardbei","15":"product_tag-fruit","16":"product_tag-winterhard","18":"first","19":"outofstock","20":"taxable","21":"shipping-taxable","22":"purchasable","23":"product-type-simple"},"yoast_head":"<!-- This site is optimized with the Yoast SEO plugin v24.2 - https:\/\/yoast.com\/wordpress\/plugins\/seo\/ -->\n<title>Fragaria Ananassa &#039;Framberry&#039;, aardbei, 3 stuks in 9 cm pot kopen | Planten eenvoudig online bestellen | Schramas.com<\/title>\n<meta name=\"robots\" content=\"index, follow, max-snippet:-1, max-image-preview:large, max-video-preview:-1\" \/>\n<link rel=\"canonical\" href=\"https:\/\/www.schramas.com\/se\/butik\/fragaria-ananassa-framberry-jordgubbe-3-stycken-i-9-cm-kruka\/\" \/>\n<meta property=\"og:locale\" content=\"sv_SE\" \/>\n<meta property=\"og:type\" content=\"article\" \/>\n<meta property=\"og:title\" content=\"Fragaria Ananassa &#039;Framberry&#039;, aardbei, 3 stuks in 9 cm pot kopen | Planten eenvoudig online bestellen | Schramas.com\" \/>\n<meta property=\"og:description\" content=\"Fragaria Ananassa &#039;Framberry&#039;  Opbrengst: zoet fruit  Kleur: rood fruit  Winterhard  Max. hoogte: circa 30 cm in de volle grond  Plant wordt geleverd in pot van circa 9 cm  Geschikt voor zowel patio als volle grond\" \/>\n<meta property=\"og:url\" content=\"https:\/\/www.schramas.com\/se\/butik\/fragaria-ananassa-framberry-jordgubbe-3-stycken-i-9-cm-kruka\/\" \/>\n<meta property=\"og:site_name\" content=\"Planten eenvoudig online bestellen | Schramas.com\" \/>\n<meta property=\"article:publisher\" content=\"https:\/\/www.facebook.com\/Schramascom-106872874153195\/\" \/>\n<meta property=\"article:modified_time\" content=\"2026-03-26T15:34:32+00:00\" \/>\n<meta property=\"og:image\" content=\"http:\/\/www.schramas.com\/wp-content\/uploads\/2021\/07\/210623_Fragaria-Ananassa-Framberry-bewerkt-vooraanzicht-met-cirkel.jpg\" \/>\n\t<meta property=\"og:image:width\" content=\"1200\" \/>\n\t<meta property=\"og:image:height\" content=\"1200\" \/>\n\t<meta property=\"og:image:type\" content=\"image\/jpeg\" \/>\n<meta name=\"twitter:card\" content=\"summary_large_image\" \/>\n<meta name=\"twitter:label1\" content=\"Ber\u00e4knad l\u00e4stid\" \/>\n\t<meta name=\"twitter:data1\" content=\"1 minut\" \/>\n<script type=\"application\/ld+json\" class=\"yoast-schema-graph\">{\"@context\":\"https:\/\/schema.org\",\"@graph\":[{\"@type\":[\"WebPage\",\"ItemPage\"],\"@id\":\"https:\/\/www.schramas.com\/winkel\/fragaria-ananassa-framberry-aardbei-3-stuks-in-9-cm-pot\/\",\"url\":\"https:\/\/www.schramas.com\/winkel\/fragaria-ananassa-framberry-aardbei-3-stuks-in-9-cm-pot\/\",\"name\":\"Fragaria Ananassa 'Framberry', aardbei, 3 stuks in 9 cm pot kopen | Planten eenvoudig online bestellen | Schramas.com\",\"isPartOf\":{\"@id\":\"https:\/\/www.schramas.com\/#website\"},\"primaryImageOfPage\":{\"@id\":\"https:\/\/www.schramas.com\/winkel\/fragaria-ananassa-framberry-aardbei-3-stuks-in-9-cm-pot\/#primaryimage\"},\"image\":{\"@id\":\"https:\/\/www.schramas.com\/winkel\/fragaria-ananassa-framberry-aardbei-3-stuks-in-9-cm-pot\/#primaryimage\"},\"thumbnailUrl\":\"https:\/\/www.schramas.com\/wp-content\/uploads\/2021\/07\/210623_Fragaria-Ananassa-Framberry-bewerkt-vooraanzicht-met-cirkel.jpg\",\"datePublished\":\"2021-07-05T10:10:46+00:00\",\"dateModified\":\"2026-03-26T15:34:32+00:00\",\"breadcrumb\":{\"@id\":\"https:\/\/www.schramas.com\/winkel\/fragaria-ananassa-framberry-aardbei-3-stuks-in-9-cm-pot\/#breadcrumb\"},\"inLanguage\":\"sv-SE\",\"potentialAction\":[{\"@type\":\"ReadAction\",\"target\":[\"https:\/\/www.schramas.com\/winkel\/fragaria-ananassa-framberry-aardbei-3-stuks-in-9-cm-pot\/\"]}]},{\"@type\":\"ImageObject\",\"inLanguage\":\"sv-SE\",\"@id\":\"https:\/\/www.schramas.com\/winkel\/fragaria-ananassa-framberry-aardbei-3-stuks-in-9-cm-pot\/#primaryimage\",\"url\":\"https:\/\/www.schramas.com\/wp-content\/uploads\/2021\/07\/210623_Fragaria-Ananassa-Framberry-bewerkt-vooraanzicht-met-cirkel.jpg\",\"contentUrl\":\"https:\/\/www.schramas.com\/wp-content\/uploads\/2021\/07\/210623_Fragaria-Ananassa-Framberry-bewerkt-vooraanzicht-met-cirkel.jpg\",\"width\":1200,\"height\":1200},{\"@type\":\"BreadcrumbList\",\"@id\":\"https:\/\/www.schramas.com\/winkel\/fragaria-ananassa-framberry-aardbei-3-stuks-in-9-cm-pot\/#breadcrumb\",\"itemListElement\":[{\"@type\":\"ListItem\",\"position\":1,\"name\":\"Product\",\"item\":\"https:\/\/www.schramas.com\/assortiment\/\"},{\"@type\":\"ListItem\",\"position\":2,\"name\":\"Bomen &amp; Struiken\",\"item\":\"https:\/\/www.schramas.com\/product-category\/bomen-struiken\/\"},{\"@type\":\"ListItem\",\"position\":3,\"name\":\"Fruitstruiken\",\"item\":\"https:\/\/www.schramas.com\/de\/produktkategorie\/baume-und-straucher\/obststraucher\/\"},{\"@type\":\"ListItem\",\"position\":4,\"name\":\"Fragaria Ananassa &#8216;Framberry&#8217;, aardbei, 3 stuks in 9 cm pot\"}]},{\"@type\":\"WebSite\",\"@id\":\"https:\/\/www.schramas.com\/#website\",\"url\":\"https:\/\/www.schramas.com\/\",\"name\":\"Schramas.com | Tuinplanten eenvoudig online bestellen | Direct van onze Kwekerij\",\"description\":\"\",\"alternateName\":\"Schramas.com - Alle planten direct van de kweker\",\"potentialAction\":[{\"@type\":\"SearchAction\",\"target\":{\"@type\":\"EntryPoint\",\"urlTemplate\":\"https:\/\/www.schramas.com\/?s={search_term_string}\"},\"query-input\":{\"@type\":\"PropertyValueSpecification\",\"valueRequired\":true,\"valueName\":\"search_term_string\"}}],\"inLanguage\":\"sv-SE\"}]}<\/script>\n<!-- \/ Yoast SEO plugin. -->","yoast_head_json":{"title":"K\u00f6p Fragaria Ananassa &#039;Framberry&#039;, jordgubb, 3 stycken i 9 cm kruka | Best\u00e4ll enkelt v\u00e4xter online | Schramas.com","robots":{"index":"index","follow":"follow","max-snippet":"max-snippet:-1","max-image-preview":"max-image-preview:large","max-video-preview":"max-video-preview:-1"},"canonical":"https:\/\/www.schramas.com\/se\/butik\/fragaria-ananassa-framberry-jordgubbe-3-stycken-i-9-cm-kruka\/","og_locale":"sv_SE","og_type":"article","og_title":"Fragaria Ananassa 'Framberry', aardbei, 3 stuks in 9 cm pot kopen | Planten eenvoudig online bestellen | Schramas.com","og_description":"Fragaria Ananassa 'Framberry'  Opbrengst: zoet fruit  Kleur: rood fruit  Winterhard  Max. hoogte: circa 30 cm in de volle grond  Plant wordt geleverd in pot van circa 9 cm  Geschikt voor zowel patio als volle grond","og_url":"https:\/\/www.schramas.com\/se\/butik\/fragaria-ananassa-framberry-jordgubbe-3-stycken-i-9-cm-kruka\/","og_site_name":"Planten eenvoudig online bestellen | Schramas.com","article_publisher":"https:\/\/www.facebook.com\/Schramascom-106872874153195\/","article_modified_time":"2026-03-26T15:34:32+00:00","og_image":[{"width":1200,"height":1200,"url":"http:\/\/www.schramas.com\/wp-content\/uploads\/2021\/07\/210623_Fragaria-Ananassa-Framberry-bewerkt-vooraanzicht-met-cirkel.jpg","type":"image\/jpeg"}],"twitter_card":"summary_large_image","twitter_misc":{"Ber\u00e4knad l\u00e4stid":"1 minut"},"schema":{"@context":"https:\/\/schema.org","@graph":[{"@type":["WebPage","ItemPage"],"@id":"https:\/\/www.schramas.com\/winkel\/fragaria-ananassa-framberry-aardbei-3-stuks-in-9-cm-pot\/","url":"https:\/\/www.schramas.com\/winkel\/fragaria-ananassa-framberry-aardbei-3-stuks-in-9-cm-pot\/","name":"K\u00f6p Fragaria Ananassa &#039;Framberry&#039;, jordgubb, 3 stycken i 9 cm kruka | Best\u00e4ll enkelt v\u00e4xter online | Schramas.com","isPartOf":{"@id":"https:\/\/www.schramas.com\/#website"},"primaryImageOfPage":{"@id":"https:\/\/www.schramas.com\/winkel\/fragaria-ananassa-framberry-aardbei-3-stuks-in-9-cm-pot\/#primaryimage"},"image":{"@id":"https:\/\/www.schramas.com\/winkel\/fragaria-ananassa-framberry-aardbei-3-stuks-in-9-cm-pot\/#primaryimage"},"thumbnailUrl":"https:\/\/www.schramas.com\/wp-content\/uploads\/2021\/07\/210623_Fragaria-Ananassa-Framberry-bewerkt-vooraanzicht-met-cirkel.jpg","datePublished":"2021-07-05T10:10:46+00:00","dateModified":"2026-03-26T15:34:32+00:00","breadcrumb":{"@id":"https:\/\/www.schramas.com\/winkel\/fragaria-ananassa-framberry-aardbei-3-stuks-in-9-cm-pot\/#breadcrumb"},"inLanguage":"sv-SE","potentialAction":[{"@type":"ReadAction","target":["https:\/\/www.schramas.com\/winkel\/fragaria-ananassa-framberry-aardbei-3-stuks-in-9-cm-pot\/"]}]},{"@type":"ImageObject","inLanguage":"sv-SE","@id":"https:\/\/www.schramas.com\/winkel\/fragaria-ananassa-framberry-aardbei-3-stuks-in-9-cm-pot\/#primaryimage","url":"https:\/\/www.schramas.com\/wp-content\/uploads\/2021\/07\/210623_Fragaria-Ananassa-Framberry-bewerkt-vooraanzicht-met-cirkel.jpg","contentUrl":"https:\/\/www.schramas.com\/wp-content\/uploads\/2021\/07\/210623_Fragaria-Ananassa-Framberry-bewerkt-vooraanzicht-met-cirkel.jpg","width":1200,"height":1200},{"@type":"BreadcrumbList","@id":"https:\/\/www.schramas.com\/winkel\/fragaria-ananassa-framberry-aardbei-3-stuks-in-9-cm-pot\/#breadcrumb","itemListElement":[{"@type":"ListItem","position":1,"name":"Product","item":"https:\/\/www.schramas.com\/assortiment\/"},{"@type":"ListItem","position":2,"name":"Bomen &amp; Struiken","item":"https:\/\/www.schramas.com\/product-category\/bomen-struiken\/"},{"@type":"ListItem","position":3,"name":"Fruitstruiken","item":"https:\/\/www.schramas.com\/de\/produktkategorie\/baume-und-straucher\/obststraucher\/"},{"@type":"ListItem","position":4,"name":"Fragaria Ananassa &#8216;Framberry&#8217;, aardbei, 3 stuks in 9 cm pot"}]},{"@type":"WebSite","@id":"https:\/\/www.schramas.com\/#website","url":"https:\/\/www.schramas.com\/","name":"Schramas.com | Tr\u00e4dg\u00e5rdsv\u00e4xter som enkelt kan best\u00e4llas online | Direkt fr\u00e5n v\u00e5r plantskola","description":"","alternateName":"Schramas.com - Alle planten direct van de kweker","potentialAction":[{"@type":"SearchAction","target":{"@type":"EntryPoint","urlTemplate":"https:\/\/www.schramas.com\/?s={search_term_string}"},"query-input":{"@type":"PropertyValueSpecification","valueRequired":true,"valueName":"search_term_string"}}],"inLanguage":"sv-SE"}]}},"_links":{"self":[{"href":"https:\/\/www.schramas.com\/se\/wp-json\/wp\/v2\/product\/16495","targetHints":{"allow":["GET"]}}],"collection":[{"href":"https:\/\/www.schramas.com\/se\/wp-json\/wp\/v2\/product"}],"about":[{"href":"https:\/\/www.schramas.com\/se\/wp-json\/wp\/v2\/types\/product"}],"version-history":[{"count":1,"href":"https:\/\/www.schramas.com\/se\/wp-json\/wp\/v2\/product\/16495\/revisions"}],"predecessor-version":[{"id":51025,"href":"https:\/\/www.schramas.com\/se\/wp-json\/wp\/v2\/product\/16495\/revisions\/51025"}],"wp:featuredmedia":[{"embeddable":true,"href":"https:\/\/www.schramas.com\/se\/wp-json\/wp\/v2\/media\/19123"}],"wp:attachment":[{"href":"https:\/\/www.schramas.com\/se\/wp-json\/wp\/v2\/media?parent=16495"}],"wp:term":[{"taxonomy":"product_brand","embeddable":true,"href":"https:\/\/www.schramas.com\/se\/wp-json\/wp\/v2\/product_brand?post=16495"},{"taxonomy":"product_cat","embeddable":true,"href":"https:\/\/www.schramas.com\/se\/wp-json\/wp\/v2\/product_cat?post=16495"},{"taxonomy":"product_tag","embeddable":true,"href":"https:\/\/www.schramas.com\/se\/wp-json\/wp\/v2\/product_tag?post=16495"}],"curies":[{"name":"wp","href":"https:\/\/api.w.org\/{rel}","templated":true}]}}