{"id":17023,"date":"2021-08-31T12:11:25","date_gmt":"2021-08-31T10:11:25","guid":{"rendered":"https:\/\/www.schramas.com\/?post_type=product&#038;p=17023"},"modified":"2026-03-26T16:34:34","modified_gmt":"2026-03-26T15:34:34","slug":"prunus-domestica-valor-plommontrad-5l-kruka","status":"publish","type":"product","link":"https:\/\/www.schramas.com\/se\/butik\/prunus-domestica-valor-plommontrad-5l-kruka\/","title":{"rendered":"Prunus domestica 'Valor' plommontr\u00e4d, 5-liters kruka"},"content":{"rendered":"<p>Den <strong>Prunus domestica &#039;Valour&#039;<\/strong> \u00e4r ett vackert, b\u00f6rdigt plommontr\u00e4d som \u00e4r \u00e4lskat f\u00f6r sina stora, saftiga och smakrika plommon med en intensiv m\u00f6rkbl\u00e5 f\u00e4rg och underbart s\u00f6t arom. Denna relativt unga sort, som kommer fr\u00e5n Kanada, \u00e4r idealisk f\u00f6r \u00e4lskare av s\u00f6ta, nyplockade handplommon och erbjuder en riklig sk\u00f6rd under sens\u00e4songen.<\/p>\n<h3>Funktioner:<\/h3>\n<ul>\n<li><strong>Frukt<\/strong>: &#039;Valor&#039; plommonen \u00e4r stora och saftiga, med fast orangegult fruktk\u00f6tt som har en s\u00e4rskilt god smak. De rika soltimmarna under s\u00e4songen ger dessa plommon sin karakteristiska s\u00f6ta smak. De \u00e4r perfekta att \u00e4ta f\u00e4rska fr\u00e5n tr\u00e4det, men passar \u00e4ven till sylt eller bakverk.<\/li>\n<li><strong>Sk\u00f6rdetid<\/strong>: &#039;Valor&#039; plommonen kan plockas under andra h\u00e4lften av september, n\u00e4r de \u00e4r som s\u00f6tast och saftigast.<\/li>\n<li><strong>Pollinering<\/strong>: Detta plommontr\u00e4d \u00e4r inte sj\u00e4lvpollinerande. F\u00f6r bra frukts\u00e4ttning \u00e4r korspollinering med ett annat plommontr\u00e4d inom en radie av 10 meter n\u00f6dv\u00e4ndig. Bra pollinat\u00f6rer f\u00f6r &quot;Valor&quot; inkluderar Prunus &quot;Anna Spath&quot;, &quot;Early Prolific&quot;, &quot;Ontario&quot; och &quot;Vroege Tolse&quot;.<\/li>\n<\/ul>\n<h3>Pitch och sk\u00f6tsel:<\/h3>\n<ul>\n<li><strong>Plats<\/strong>: &#039;Valor&#039; v\u00e4xer b\u00e4st p\u00e5 en solig plats i v\u00e4ldr\u00e4nerad jord.<\/li>\n<li><strong>V\u00e5rd<\/strong>: Det \u00e4r tillr\u00e5dligt att vattna tr\u00e4det regelbundet, s\u00e4rskilt i torra perioder, och att l\u00e4tt g\u00f6dsla jorden f\u00f6r att fr\u00e4mja sund tillv\u00e4xt och optimal fruktavkastning.<\/li>\n<li><strong>Besk\u00e4rning<\/strong>: \u00c5rlig besk\u00e4rning fr\u00e4mjar en \u00f6ppen krona och b\u00e4ttre ljus, vilket f\u00f6rb\u00e4ttrar fruktkvaliteten.<\/li>\n<\/ul>","protected":false},"excerpt":{"rendered":"<p>Prunus domestica &#039;Valour&#039;<\/p>\n<p>Smak: s\u00f6t<\/p>\n<p>Fruktens f\u00e4rg: bl\u00e5<\/p>\n<p>H\u00f6jd max: 4-6 meter i \u00f6ppen mark och beroende p\u00e5 typ av grundstam<\/p>\n<p>Inte sj\u00e4lvpollinerande<\/p>\n<p>Leveransh\u00f6jd: ca 90 cm<\/p>","protected":false},"featured_media":20377,"template":"","meta":{"_joinchat":[]},"product_brand":[],"product_cat":[262,233,33],"product_tag":[352,573,587,312,586,351,316,328],"class_list":{"0":"post-17023","1":"product","2":"type-product","3":"status-publish","4":"has-post-thumbnail","6":"product_cat-bomen-struiken","7":"product_cat-fruitbomen","8":"product_cat-pruimen","9":"product_tag-geent","10":"product_tag-pruim","11":"product_tag-rood","12":"product_tag-steenvrucht","13":"product_tag-victoria","14":"product_tag-winterhard","15":"product_tag-zelfbestuivend","16":"product_tag-zoet","17":"pa_bloeimaanden-april","18":"pa_bloeimaanden-mei","19":"pa_groeihoogte-300-cm","20":"pa_pot-naaktwortelig","22":"first","23":"outofstock","24":"taxable","25":"shipping-taxable","26":"purchasable","27":"product-type-simple"},"yoast_head":"<!-- This site is optimized with the Yoast SEO plugin v24.2 - https:\/\/yoast.com\/wordpress\/plugins\/seo\/ -->\n<title>Prunus domestica &#039;Valor&#039; pruimenboom, 5 liter pot kopen | Planten eenvoudig online bestellen | Schramas.com<\/title>\n<meta name=\"robots\" content=\"index, follow, max-snippet:-1, max-image-preview:large, max-video-preview:-1\" \/>\n<link rel=\"canonical\" href=\"https:\/\/www.schramas.com\/se\/butik\/prunus-domestica-valor-plommontrad-5l-kruka\/\" \/>\n<meta property=\"og:locale\" content=\"sv_SE\" \/>\n<meta property=\"og:type\" content=\"article\" \/>\n<meta property=\"og:title\" content=\"Prunus domestica &#039;Valor&#039; pruimenboom, 5 liter pot kopen | Planten eenvoudig online bestellen | Schramas.com\" \/>\n<meta property=\"og:description\" content=\"Prunus domestica &#039;Valor&#039;  Smaak: zoet  Kleur vrucht: blauw  Hoogte max:4-6 meter in de volle grond en afhankelijk van het type onderstam  Niet zelfbestuivend  Leverhoogte : circa 90 cm\" \/>\n<meta property=\"og:url\" content=\"https:\/\/www.schramas.com\/se\/butik\/prunus-domestica-valor-plommontrad-5l-kruka\/\" \/>\n<meta property=\"og:site_name\" content=\"Planten eenvoudig online bestellen | Schramas.com\" \/>\n<meta property=\"article:publisher\" content=\"https:\/\/www.facebook.com\/Schramascom-106872874153195\/\" \/>\n<meta property=\"article:modified_time\" content=\"2026-03-26T15:34:34+00:00\" \/>\n<meta property=\"og:image\" content=\"https:\/\/www.schramas.com\/wp-content\/uploads\/2021\/08\/Valor-sfeer.jpg\" \/>\n\t<meta property=\"og:image:width\" content=\"1200\" \/>\n\t<meta property=\"og:image:height\" content=\"1200\" \/>\n\t<meta property=\"og:image:type\" content=\"image\/jpeg\" \/>\n<meta name=\"twitter:card\" content=\"summary_large_image\" \/>\n<meta name=\"twitter:label1\" content=\"Ber\u00e4knad l\u00e4stid\" \/>\n\t<meta name=\"twitter:data1\" content=\"1 minut\" \/>\n<script type=\"application\/ld+json\" class=\"yoast-schema-graph\">{\"@context\":\"https:\/\/schema.org\",\"@graph\":[{\"@type\":[\"WebPage\",\"ItemPage\"],\"@id\":\"https:\/\/www.schramas.com\/de\/shop\/prunus-domestica-valor-pflaumenbaum-5l-topf\/\",\"url\":\"https:\/\/www.schramas.com\/de\/shop\/prunus-domestica-valor-pflaumenbaum-5l-topf\/\",\"name\":\"Prunus domestica 'Valor' pruimenboom, 5 liter pot kopen | Planten eenvoudig online bestellen | Schramas.com\",\"isPartOf\":{\"@id\":\"https:\/\/www.schramas.com\/#website\"},\"primaryImageOfPage\":{\"@id\":\"https:\/\/www.schramas.com\/de\/shop\/prunus-domestica-valor-pflaumenbaum-5l-topf\/#primaryimage\"},\"image\":{\"@id\":\"https:\/\/www.schramas.com\/de\/shop\/prunus-domestica-valor-pflaumenbaum-5l-topf\/#primaryimage\"},\"thumbnailUrl\":\"https:\/\/www.schramas.com\/wp-content\/uploads\/2021\/08\/Valor-sfeer.jpg\",\"datePublished\":\"2021-08-31T10:11:25+00:00\",\"dateModified\":\"2026-03-26T15:34:34+00:00\",\"breadcrumb\":{\"@id\":\"https:\/\/www.schramas.com\/de\/shop\/prunus-domestica-valor-pflaumenbaum-5l-topf\/#breadcrumb\"},\"inLanguage\":\"sv-SE\",\"potentialAction\":[{\"@type\":\"ReadAction\",\"target\":[\"https:\/\/www.schramas.com\/de\/shop\/prunus-domestica-valor-pflaumenbaum-5l-topf\/\"]}]},{\"@type\":\"ImageObject\",\"inLanguage\":\"sv-SE\",\"@id\":\"https:\/\/www.schramas.com\/de\/shop\/prunus-domestica-valor-pflaumenbaum-5l-topf\/#primaryimage\",\"url\":\"https:\/\/www.schramas.com\/wp-content\/uploads\/2021\/08\/Valor-sfeer.jpg\",\"contentUrl\":\"https:\/\/www.schramas.com\/wp-content\/uploads\/2021\/08\/Valor-sfeer.jpg\",\"width\":1200,\"height\":1200},{\"@type\":\"BreadcrumbList\",\"@id\":\"https:\/\/www.schramas.com\/de\/shop\/prunus-domestica-valor-pflaumenbaum-5l-topf\/#breadcrumb\",\"itemListElement\":[{\"@type\":\"ListItem\",\"position\":1,\"name\":\"Product\",\"item\":\"https:\/\/www.schramas.com\/assortiment\/\"},{\"@type\":\"ListItem\",\"position\":2,\"name\":\"Bomen &amp; Struiken\",\"item\":\"https:\/\/www.schramas.com\/product-category\/bomen-struiken\/\"},{\"@type\":\"ListItem\",\"position\":3,\"name\":\"Fruitbomen\",\"item\":\"https:\/\/www.schramas.com\/product-category\/bomen-struiken\/fruitbomen\/\"},{\"@type\":\"ListItem\",\"position\":4,\"name\":\"Pruimen\",\"item\":\"https:\/\/www.schramas.com\/product-category\/bomen-struiken\/fruitbomen\/pruimen\/\"},{\"@type\":\"ListItem\",\"position\":5,\"name\":\"Prunus domestica &#8216;Valor&#8217; pruimenboom, 5 liter pot\"}]},{\"@type\":\"WebSite\",\"@id\":\"https:\/\/www.schramas.com\/#website\",\"url\":\"https:\/\/www.schramas.com\/\",\"name\":\"Schramas.com | Tuinplanten eenvoudig online bestellen | Direct van onze Kwekerij\",\"description\":\"\",\"alternateName\":\"Schramas.com - Alle planten direct van de kweker\",\"potentialAction\":[{\"@type\":\"SearchAction\",\"target\":{\"@type\":\"EntryPoint\",\"urlTemplate\":\"https:\/\/www.schramas.com\/?s={search_term_string}\"},\"query-input\":{\"@type\":\"PropertyValueSpecification\",\"valueRequired\":true,\"valueName\":\"search_term_string\"}}],\"inLanguage\":\"sv-SE\"}]}<\/script>\n<!-- \/ Yoast SEO plugin. -->","yoast_head_json":{"title":"K\u00f6p Prunus domestica &#039;Valor&#039; plommontr\u00e4d, 5 liters kruka | Best\u00e4ll enkelt v\u00e4xter online | Schramas.com","robots":{"index":"index","follow":"follow","max-snippet":"max-snippet:-1","max-image-preview":"max-image-preview:large","max-video-preview":"max-video-preview:-1"},"canonical":"https:\/\/www.schramas.com\/se\/butik\/prunus-domestica-valor-plommontrad-5l-kruka\/","og_locale":"sv_SE","og_type":"article","og_title":"Prunus domestica 'Valor' pruimenboom, 5 liter pot kopen | Planten eenvoudig online bestellen | Schramas.com","og_description":"Prunus domestica 'Valor'  Smaak: zoet  Kleur vrucht: blauw  Hoogte max:4-6 meter in de volle grond en afhankelijk van het type onderstam  Niet zelfbestuivend  Leverhoogte : circa 90 cm","og_url":"https:\/\/www.schramas.com\/se\/butik\/prunus-domestica-valor-plommontrad-5l-kruka\/","og_site_name":"Planten eenvoudig online bestellen | Schramas.com","article_publisher":"https:\/\/www.facebook.com\/Schramascom-106872874153195\/","article_modified_time":"2026-03-26T15:34:34+00:00","og_image":[{"width":1200,"height":1200,"url":"https:\/\/www.schramas.com\/wp-content\/uploads\/2021\/08\/Valor-sfeer.jpg","type":"image\/jpeg"}],"twitter_card":"summary_large_image","twitter_misc":{"Ber\u00e4knad l\u00e4stid":"1 minut"},"schema":{"@context":"https:\/\/schema.org","@graph":[{"@type":["WebPage","ItemPage"],"@id":"https:\/\/www.schramas.com\/de\/shop\/prunus-domestica-valor-pflaumenbaum-5l-topf\/","url":"https:\/\/www.schramas.com\/de\/shop\/prunus-domestica-valor-pflaumenbaum-5l-topf\/","name":"K\u00f6p Prunus domestica &#039;Valor&#039; plommontr\u00e4d, 5 liters kruka | Best\u00e4ll enkelt v\u00e4xter online | Schramas.com","isPartOf":{"@id":"https:\/\/www.schramas.com\/#website"},"primaryImageOfPage":{"@id":"https:\/\/www.schramas.com\/de\/shop\/prunus-domestica-valor-pflaumenbaum-5l-topf\/#primaryimage"},"image":{"@id":"https:\/\/www.schramas.com\/de\/shop\/prunus-domestica-valor-pflaumenbaum-5l-topf\/#primaryimage"},"thumbnailUrl":"https:\/\/www.schramas.com\/wp-content\/uploads\/2021\/08\/Valor-sfeer.jpg","datePublished":"2021-08-31T10:11:25+00:00","dateModified":"2026-03-26T15:34:34+00:00","breadcrumb":{"@id":"https:\/\/www.schramas.com\/de\/shop\/prunus-domestica-valor-pflaumenbaum-5l-topf\/#breadcrumb"},"inLanguage":"sv-SE","potentialAction":[{"@type":"ReadAction","target":["https:\/\/www.schramas.com\/de\/shop\/prunus-domestica-valor-pflaumenbaum-5l-topf\/"]}]},{"@type":"ImageObject","inLanguage":"sv-SE","@id":"https:\/\/www.schramas.com\/de\/shop\/prunus-domestica-valor-pflaumenbaum-5l-topf\/#primaryimage","url":"https:\/\/www.schramas.com\/wp-content\/uploads\/2021\/08\/Valor-sfeer.jpg","contentUrl":"https:\/\/www.schramas.com\/wp-content\/uploads\/2021\/08\/Valor-sfeer.jpg","width":1200,"height":1200},{"@type":"BreadcrumbList","@id":"https:\/\/www.schramas.com\/de\/shop\/prunus-domestica-valor-pflaumenbaum-5l-topf\/#breadcrumb","itemListElement":[{"@type":"ListItem","position":1,"name":"Product","item":"https:\/\/www.schramas.com\/assortiment\/"},{"@type":"ListItem","position":2,"name":"Bomen &amp; Struiken","item":"https:\/\/www.schramas.com\/product-category\/bomen-struiken\/"},{"@type":"ListItem","position":3,"name":"Fruitbomen","item":"https:\/\/www.schramas.com\/product-category\/bomen-struiken\/fruitbomen\/"},{"@type":"ListItem","position":4,"name":"Pruimen","item":"https:\/\/www.schramas.com\/product-category\/bomen-struiken\/fruitbomen\/pruimen\/"},{"@type":"ListItem","position":5,"name":"Prunus domestica &#8216;Valor&#8217; pruimenboom, 5 liter pot"}]},{"@type":"WebSite","@id":"https:\/\/www.schramas.com\/#website","url":"https:\/\/www.schramas.com\/","name":"Schramas.com | Tr\u00e4dg\u00e5rdsv\u00e4xter som enkelt kan best\u00e4llas online | Direkt fr\u00e5n v\u00e5r plantskola","description":"","alternateName":"Schramas.com - Alle planten direct van de kweker","potentialAction":[{"@type":"SearchAction","target":{"@type":"EntryPoint","urlTemplate":"https:\/\/www.schramas.com\/?s={search_term_string}"},"query-input":{"@type":"PropertyValueSpecification","valueRequired":true,"valueName":"search_term_string"}}],"inLanguage":"sv-SE"}]}},"_links":{"self":[{"href":"https:\/\/www.schramas.com\/se\/wp-json\/wp\/v2\/product\/17023","targetHints":{"allow":["GET"]}}],"collection":[{"href":"https:\/\/www.schramas.com\/se\/wp-json\/wp\/v2\/product"}],"about":[{"href":"https:\/\/www.schramas.com\/se\/wp-json\/wp\/v2\/types\/product"}],"version-history":[{"count":2,"href":"https:\/\/www.schramas.com\/se\/wp-json\/wp\/v2\/product\/17023\/revisions"}],"predecessor-version":[{"id":44760,"href":"https:\/\/www.schramas.com\/se\/wp-json\/wp\/v2\/product\/17023\/revisions\/44760"}],"wp:featuredmedia":[{"embeddable":true,"href":"https:\/\/www.schramas.com\/se\/wp-json\/wp\/v2\/media\/20377"}],"wp:attachment":[{"href":"https:\/\/www.schramas.com\/se\/wp-json\/wp\/v2\/media?parent=17023"}],"wp:term":[{"taxonomy":"product_brand","embeddable":true,"href":"https:\/\/www.schramas.com\/se\/wp-json\/wp\/v2\/product_brand?post=17023"},{"taxonomy":"product_cat","embeddable":true,"href":"https:\/\/www.schramas.com\/se\/wp-json\/wp\/v2\/product_cat?post=17023"},{"taxonomy":"product_tag","embeddable":true,"href":"https:\/\/www.schramas.com\/se\/wp-json\/wp\/v2\/product_tag?post=17023"}],"curies":[{"name":"wp","href":"https:\/\/api.w.org\/{rel}","templated":true}]}}