{"id":17309,"date":"2012-10-04T16:56:04","date_gmt":"2012-10-04T14:56:04","guid":{"rendered":"https:\/\/www.schramas.com\/?post_type=product&#038;p=17309"},"modified":"2026-03-26T16:34:39","modified_gmt":"2026-03-26T15:34:39","slug":"clematis-rod-woodland-vine-marktackare-2-liter-kruka","status":"publish","type":"product","link":"https:\/\/www.schramas.com\/se\/butik\/clematis-rod-woodland-vine-marktackare-2-liter-kruka\/","title":{"rendered":"Clematis 'Red', skogsvin, markt\u00e4ckare, 2-liters kruka"},"content":{"rendered":"<p>Detta \u00e4r en buskig kl\u00e4ttrande klematis, perfekt f\u00f6r tr\u00e4dg\u00e5rdsrabatten men ocks\u00e5 som uteplatsv\u00e4xt eller i en stentr\u00e4dg\u00e5rd. Blommar rikligt i juni till september med r\u00f6df\u00e4rgade blommor och blir 3 meter h\u00f6g. Placering: sol\/halvskugga. V\u00e4ldr\u00e4nerad, b\u00f6rdig jord. H\u00e4rdig. Clematis 'Red' \u00e4r en icke-aggressiv kl\u00e4tterv\u00e4xt. Du kan placera den h\u00e4r klematisen mot en v\u00e4gg eller \u00f6ver en pergola eller t.ex. mot ett stabilt staket eller en kl\u00e4tterst\u00e4llning.<\/p>","protected":false},"excerpt":{"rendered":"<p>Klematis 'R\u00f6d'<\/p>\n<p>Blomst\u00e4llning: R\u00f6df\u00e4rgad blomma<\/p>\n<p>Max. h\u00f6jd 50 cm<\/p>\n<p>Jord eller markt\u00e4ckning.<\/p>\n<p>Hardy<\/p>\n<p>Leveransh\u00f6jd inkl. kruka: 40 cm<\/p>\n<p>Krukstorlek: 2-liters kruka<\/p>","protected":false},"featured_media":21210,"template":"","meta":{"_joinchat":[]},"product_brand":[],"product_cat":[302,301,300,229,305],"product_tag":[497,998,587,495,351],"class_list":{"0":"post-17309","1":"product","2":"type-product","3":"status-publish","4":"has-post-thumbnail","6":"product_cat-bladverliezende-heesters","7":"product_cat-bodembedekkers","8":"product_cat-heesters","9":"product_cat-sierheesters","10":"product_cat-planten-heesters","11":"product_tag-bodem-bedekker","12":"product_tag-clematis","13":"product_tag-rood","14":"product_tag-sierheester","15":"product_tag-winterhard","16":"pa_bloeimaanden-april","17":"pa_bloeimaanden-mei","18":"pa_ewd_uwcf_colors-groen-2","19":"pa_ewd_uwcf_colors-wit","20":"pa_groeihoogte-30-60-cm","21":"pa_pot-zonder-pot","23":"first","24":"outofstock","25":"taxable","26":"shipping-taxable","27":"purchasable","28":"product-type-simple"},"yoast_head":"<!-- This site is optimized with the Yoast SEO plugin v24.2 - https:\/\/yoast.com\/wordpress\/plugins\/seo\/ -->\n<title>Clematis &#039;Rood&#039;, bosrank, bodembedekker, 2 liter pot kopen | Planten eenvoudig online bestellen | Schramas.com<\/title>\n<meta name=\"robots\" content=\"index, follow, max-snippet:-1, max-image-preview:large, max-video-preview:-1\" \/>\n<link rel=\"canonical\" href=\"https:\/\/www.schramas.com\/se\/butik\/clematis-rod-woodland-vine-marktackare-2-liter-kruka\/\" \/>\n<meta property=\"og:locale\" content=\"sv_SE\" \/>\n<meta property=\"og:type\" content=\"article\" \/>\n<meta property=\"og:title\" content=\"Clematis &#039;Rood&#039;, bosrank, bodembedekker, 2 liter pot kopen | Planten eenvoudig online bestellen | Schramas.com\" \/>\n<meta property=\"og:description\" content=\"Clematis &#039;Rood&#039;  Bloeiwijze: Rood gekleurde bloem  Max. hoogte 50 cm  Grond of bodembedekker.  Winterhard  Leverhoogte incl. pot: 40 cm  Potmaat: 2 Liter pot\" \/>\n<meta property=\"og:url\" content=\"https:\/\/www.schramas.com\/se\/butik\/clematis-rod-woodland-vine-marktackare-2-liter-kruka\/\" \/>\n<meta property=\"og:site_name\" content=\"Planten eenvoudig online bestellen | Schramas.com\" \/>\n<meta property=\"article:publisher\" content=\"https:\/\/www.facebook.com\/Schramascom-106872874153195\/\" \/>\n<meta property=\"article:modified_time\" content=\"2026-03-26T15:34:39+00:00\" \/>\n<meta property=\"og:image\" content=\"https:\/\/www.schramas.com\/wp-content\/uploads\/2021\/10\/Clematis-rood-sfeer.jpg\" \/>\n\t<meta property=\"og:image:width\" content=\"1200\" \/>\n\t<meta property=\"og:image:height\" content=\"1200\" \/>\n\t<meta property=\"og:image:type\" content=\"image\/jpeg\" \/>\n<meta name=\"twitter:card\" content=\"summary_large_image\" \/>\n<meta name=\"twitter:label1\" content=\"Ber\u00e4knad l\u00e4stid\" \/>\n\t<meta name=\"twitter:data1\" content=\"1 minut\" \/>\n<script type=\"application\/ld+json\" class=\"yoast-schema-graph\">{\"@context\":\"https:\/\/schema.org\",\"@graph\":[{\"@type\":[\"WebPage\",\"ItemPage\"],\"@id\":\"https:\/\/www.schramas.com\/winkel\/clematis-rood-bosrank-bodembedekker-2-liter-pot\/\",\"url\":\"https:\/\/www.schramas.com\/winkel\/clematis-rood-bosrank-bodembedekker-2-liter-pot\/\",\"name\":\"Clematis 'Rood', bosrank, bodembedekker, 2 liter pot kopen | Planten eenvoudig online bestellen | Schramas.com\",\"isPartOf\":{\"@id\":\"https:\/\/www.schramas.com\/#website\"},\"primaryImageOfPage\":{\"@id\":\"https:\/\/www.schramas.com\/winkel\/clematis-rood-bosrank-bodembedekker-2-liter-pot\/#primaryimage\"},\"image\":{\"@id\":\"https:\/\/www.schramas.com\/winkel\/clematis-rood-bosrank-bodembedekker-2-liter-pot\/#primaryimage\"},\"thumbnailUrl\":\"https:\/\/www.schramas.com\/wp-content\/uploads\/2021\/10\/Clematis-rood-sfeer.jpg\",\"datePublished\":\"2012-10-04T14:56:04+00:00\",\"dateModified\":\"2026-03-26T15:34:39+00:00\",\"breadcrumb\":{\"@id\":\"https:\/\/www.schramas.com\/winkel\/clematis-rood-bosrank-bodembedekker-2-liter-pot\/#breadcrumb\"},\"inLanguage\":\"sv-SE\",\"potentialAction\":[{\"@type\":\"ReadAction\",\"target\":[\"https:\/\/www.schramas.com\/winkel\/clematis-rood-bosrank-bodembedekker-2-liter-pot\/\"]}]},{\"@type\":\"ImageObject\",\"inLanguage\":\"sv-SE\",\"@id\":\"https:\/\/www.schramas.com\/winkel\/clematis-rood-bosrank-bodembedekker-2-liter-pot\/#primaryimage\",\"url\":\"https:\/\/www.schramas.com\/wp-content\/uploads\/2021\/10\/Clematis-rood-sfeer.jpg\",\"contentUrl\":\"https:\/\/www.schramas.com\/wp-content\/uploads\/2021\/10\/Clematis-rood-sfeer.jpg\",\"width\":1200,\"height\":1200},{\"@type\":\"BreadcrumbList\",\"@id\":\"https:\/\/www.schramas.com\/winkel\/clematis-rood-bosrank-bodembedekker-2-liter-pot\/#breadcrumb\",\"itemListElement\":[{\"@type\":\"ListItem\",\"position\":1,\"name\":\"Product\",\"item\":\"https:\/\/www.schramas.com\/assortiment\/\"},{\"@type\":\"ListItem\",\"position\":2,\"name\":\"Tuinplanten\",\"item\":\"https:\/\/www.schramas.com\/product-category\/planten-heesters\/\"},{\"@type\":\"ListItem\",\"position\":3,\"name\":\"Heesters\",\"item\":\"https:\/\/www.schramas.com\/product-category\/planten-heesters\/heesters\/\"},{\"@type\":\"ListItem\",\"position\":4,\"name\":\"Sierheesters\",\"item\":\"https:\/\/www.schramas.com\/product-category\/planten-heesters\/heesters\/sierheesters\/\"},{\"@type\":\"ListItem\",\"position\":5,\"name\":\"Clematis &#8216;Rood&#8217;, bosrank, bodembedekker, 2 liter pot\"}]},{\"@type\":\"WebSite\",\"@id\":\"https:\/\/www.schramas.com\/#website\",\"url\":\"https:\/\/www.schramas.com\/\",\"name\":\"Schramas.com | Tuinplanten eenvoudig online bestellen | Direct van onze Kwekerij\",\"description\":\"\",\"alternateName\":\"Schramas.com - Alle planten direct van de kweker\",\"potentialAction\":[{\"@type\":\"SearchAction\",\"target\":{\"@type\":\"EntryPoint\",\"urlTemplate\":\"https:\/\/www.schramas.com\/?s={search_term_string}\"},\"query-input\":{\"@type\":\"PropertyValueSpecification\",\"valueRequired\":true,\"valueName\":\"search_term_string\"}}],\"inLanguage\":\"sv-SE\"}]}<\/script>\n<!-- \/ Yoast SEO plugin. -->","yoast_head_json":{"title":"Clematis 'Red', skogsvin, markt\u00e4ckare, k\u00f6p 2 liters kruka | K\u00f6p v\u00e4xter enkelt online | Schramas.com","robots":{"index":"index","follow":"follow","max-snippet":"max-snippet:-1","max-image-preview":"max-image-preview:large","max-video-preview":"max-video-preview:-1"},"canonical":"https:\/\/www.schramas.com\/se\/butik\/clematis-rod-woodland-vine-marktackare-2-liter-kruka\/","og_locale":"sv_SE","og_type":"article","og_title":"Clematis 'Rood', bosrank, bodembedekker, 2 liter pot kopen | Planten eenvoudig online bestellen | Schramas.com","og_description":"Clematis 'Rood'  Bloeiwijze: Rood gekleurde bloem  Max. hoogte 50 cm  Grond of bodembedekker.  Winterhard  Leverhoogte incl. pot: 40 cm  Potmaat: 2 Liter pot","og_url":"https:\/\/www.schramas.com\/se\/butik\/clematis-rod-woodland-vine-marktackare-2-liter-kruka\/","og_site_name":"Planten eenvoudig online bestellen | Schramas.com","article_publisher":"https:\/\/www.facebook.com\/Schramascom-106872874153195\/","article_modified_time":"2026-03-26T15:34:39+00:00","og_image":[{"width":1200,"height":1200,"url":"https:\/\/www.schramas.com\/wp-content\/uploads\/2021\/10\/Clematis-rood-sfeer.jpg","type":"image\/jpeg"}],"twitter_card":"summary_large_image","twitter_misc":{"Ber\u00e4knad l\u00e4stid":"1 minut"},"schema":{"@context":"https:\/\/schema.org","@graph":[{"@type":["WebPage","ItemPage"],"@id":"https:\/\/www.schramas.com\/winkel\/clematis-rood-bosrank-bodembedekker-2-liter-pot\/","url":"https:\/\/www.schramas.com\/winkel\/clematis-rood-bosrank-bodembedekker-2-liter-pot\/","name":"Clematis 'Red', skogsvin, markt\u00e4ckare, k\u00f6p 2 liters kruka | K\u00f6p v\u00e4xter enkelt online | Schramas.com","isPartOf":{"@id":"https:\/\/www.schramas.com\/#website"},"primaryImageOfPage":{"@id":"https:\/\/www.schramas.com\/winkel\/clematis-rood-bosrank-bodembedekker-2-liter-pot\/#primaryimage"},"image":{"@id":"https:\/\/www.schramas.com\/winkel\/clematis-rood-bosrank-bodembedekker-2-liter-pot\/#primaryimage"},"thumbnailUrl":"https:\/\/www.schramas.com\/wp-content\/uploads\/2021\/10\/Clematis-rood-sfeer.jpg","datePublished":"2012-10-04T14:56:04+00:00","dateModified":"2026-03-26T15:34:39+00:00","breadcrumb":{"@id":"https:\/\/www.schramas.com\/winkel\/clematis-rood-bosrank-bodembedekker-2-liter-pot\/#breadcrumb"},"inLanguage":"sv-SE","potentialAction":[{"@type":"ReadAction","target":["https:\/\/www.schramas.com\/winkel\/clematis-rood-bosrank-bodembedekker-2-liter-pot\/"]}]},{"@type":"ImageObject","inLanguage":"sv-SE","@id":"https:\/\/www.schramas.com\/winkel\/clematis-rood-bosrank-bodembedekker-2-liter-pot\/#primaryimage","url":"https:\/\/www.schramas.com\/wp-content\/uploads\/2021\/10\/Clematis-rood-sfeer.jpg","contentUrl":"https:\/\/www.schramas.com\/wp-content\/uploads\/2021\/10\/Clematis-rood-sfeer.jpg","width":1200,"height":1200},{"@type":"BreadcrumbList","@id":"https:\/\/www.schramas.com\/winkel\/clematis-rood-bosrank-bodembedekker-2-liter-pot\/#breadcrumb","itemListElement":[{"@type":"ListItem","position":1,"name":"Product","item":"https:\/\/www.schramas.com\/assortiment\/"},{"@type":"ListItem","position":2,"name":"Tuinplanten","item":"https:\/\/www.schramas.com\/product-category\/planten-heesters\/"},{"@type":"ListItem","position":3,"name":"Heesters","item":"https:\/\/www.schramas.com\/product-category\/planten-heesters\/heesters\/"},{"@type":"ListItem","position":4,"name":"Sierheesters","item":"https:\/\/www.schramas.com\/product-category\/planten-heesters\/heesters\/sierheesters\/"},{"@type":"ListItem","position":5,"name":"Clematis &#8216;Rood&#8217;, bosrank, bodembedekker, 2 liter pot"}]},{"@type":"WebSite","@id":"https:\/\/www.schramas.com\/#website","url":"https:\/\/www.schramas.com\/","name":"Schramas.com | Tr\u00e4dg\u00e5rdsv\u00e4xter som enkelt kan best\u00e4llas online | Direkt fr\u00e5n v\u00e5r plantskola","description":"","alternateName":"Schramas.com - Alle planten direct van de kweker","potentialAction":[{"@type":"SearchAction","target":{"@type":"EntryPoint","urlTemplate":"https:\/\/www.schramas.com\/?s={search_term_string}"},"query-input":{"@type":"PropertyValueSpecification","valueRequired":true,"valueName":"search_term_string"}}],"inLanguage":"sv-SE"}]}},"_links":{"self":[{"href":"https:\/\/www.schramas.com\/se\/wp-json\/wp\/v2\/product\/17309","targetHints":{"allow":["GET"]}}],"collection":[{"href":"https:\/\/www.schramas.com\/se\/wp-json\/wp\/v2\/product"}],"about":[{"href":"https:\/\/www.schramas.com\/se\/wp-json\/wp\/v2\/types\/product"}],"version-history":[{"count":0,"href":"https:\/\/www.schramas.com\/se\/wp-json\/wp\/v2\/product\/17309\/revisions"}],"wp:featuredmedia":[{"embeddable":true,"href":"https:\/\/www.schramas.com\/se\/wp-json\/wp\/v2\/media\/21210"}],"wp:attachment":[{"href":"https:\/\/www.schramas.com\/se\/wp-json\/wp\/v2\/media?parent=17309"}],"wp:term":[{"taxonomy":"product_brand","embeddable":true,"href":"https:\/\/www.schramas.com\/se\/wp-json\/wp\/v2\/product_brand?post=17309"},{"taxonomy":"product_cat","embeddable":true,"href":"https:\/\/www.schramas.com\/se\/wp-json\/wp\/v2\/product_cat?post=17309"},{"taxonomy":"product_tag","embeddable":true,"href":"https:\/\/www.schramas.com\/se\/wp-json\/wp\/v2\/product_tag?post=17309"}],"curies":[{"name":"wp","href":"https:\/\/api.w.org\/{rel}","templated":true}]}}