{"id":17316,"date":"2021-10-05T09:02:42","date_gmt":"2021-10-05T07:02:42","guid":{"rendered":"https:\/\/www.schramas.com\/?post_type=product&#038;p=17316"},"modified":"2026-03-26T16:34:40","modified_gmt":"2026-03-26T15:34:40","slug":"clematis-bi-colour-woodland-vine-marktackare-2-liter-kruka","status":"publish","type":"product","link":"https:\/\/www.schramas.com\/se\/butik\/clematis-bi-colour-woodland-vine-marktackare-2-liter-kruka\/","title":{"rendered":"Clematis Bi-color, skogsvin, markt\u00e4ckare, 2-liters kruka"},"content":{"rendered":"<p>Klematis kallas ocks\u00e5 f\u00f6r skogsranka. Snabbv\u00e4xande kl\u00e4tterv\u00e4xt med m\u00e5nga blommor i m\u00e5nga f\u00e4rger.<\/p>\n<p>Klematisen Bi-Color blir rosa och vit.<\/p>\n<p>Den levereras i en 2L kruka och en l\u00e4ngd p\u00e5 30 cm.<\/p>","protected":false},"excerpt":{"rendered":"<p>Clematis &#039;Emerald Dream&#039;<\/p>\n<p>Dv\u00e4rgklematis.<\/p>\n<p>Blomst\u00e4llning: gr\u00f6n\/vit blomma.<\/p>\n<p>Max. h\u00f6jd 50 cm<\/p>\n<p>Mark eller markt\u00e4ckare.<\/p>\n<p>Hardy<\/p>\n<p>Leveransh\u00f6jd inkl kruka: 15-25 cm<\/p>\n<p>Krukstorlek: 2-liters kruka<\/p>","protected":false},"featured_media":17369,"template":"","meta":{"_joinchat":[]},"product_brand":[],"product_cat":[302,300,229,305],"product_tag":[497,510,509,495,351],"class_list":{"0":"post-17316","1":"product","2":"type-product","3":"status-publish","4":"has-post-thumbnail","6":"product_cat-bladverliezende-heesters","7":"product_cat-heesters","8":"product_cat-sierheesters","9":"product_cat-planten-heesters","10":"product_tag-bodem-bedekker","11":"product_tag-dwerg-clematis","12":"product_tag-emerald-dream","13":"product_tag-sierheester","14":"product_tag-winterhard","15":"pa_bloeimaanden-april","16":"pa_bloeimaanden-mei","17":"pa_ewd_uwcf_colors-groen-2","18":"pa_ewd_uwcf_colors-wit","19":"pa_groeihoogte-30-60-cm","20":"pa_pot-zonder-pot","22":"first","23":"outofstock","24":"taxable","25":"shipping-taxable","26":"purchasable","27":"product-type-simple"},"yoast_head":"<!-- This site is optimized with the Yoast SEO plugin v24.2 - https:\/\/yoast.com\/wordpress\/plugins\/seo\/ -->\n<title>Clematis Bi-color, bosrank, bodembedekker, 2 liter pot kopen | Planten eenvoudig online bestellen | Schramas.com<\/title>\n<meta name=\"robots\" content=\"index, follow, max-snippet:-1, max-image-preview:large, max-video-preview:-1\" \/>\n<link rel=\"canonical\" href=\"https:\/\/www.schramas.com\/se\/butik\/clematis-bi-colour-woodland-vine-marktackare-2-liter-kruka\/\" \/>\n<meta property=\"og:locale\" content=\"sv_SE\" \/>\n<meta property=\"og:type\" content=\"article\" \/>\n<meta property=\"og:title\" content=\"Clematis Bi-color, bosrank, bodembedekker, 2 liter pot kopen | Planten eenvoudig online bestellen | Schramas.com\" \/>\n<meta property=\"og:description\" content=\"Clematis &#039;Emerald Dream&#039;  Dwerg Clematis.  Bloeiwijze: groen\/ witte bloem.April\/ Mei.  Max. hoogte 50 cm  Grond of bodem bedekker.  Winterhard  Leverhoogte incl. pot: 15- 25 cm  Potmaat: 2 Liter pot\" \/>\n<meta property=\"og:url\" content=\"https:\/\/www.schramas.com\/se\/butik\/clematis-bi-colour-woodland-vine-marktackare-2-liter-kruka\/\" \/>\n<meta property=\"og:site_name\" content=\"Planten eenvoudig online bestellen | Schramas.com\" \/>\n<meta property=\"article:publisher\" content=\"https:\/\/www.facebook.com\/Schramascom-106872874153195\/\" \/>\n<meta property=\"article:modified_time\" content=\"2026-03-26T15:34:40+00:00\" \/>\n<meta property=\"og:image\" content=\"https:\/\/www.schramas.com\/wp-content\/uploads\/2021\/10\/elin-gann-b96nUqrd5-Q-unsplash-e1634300916859.jpg\" \/>\n\t<meta property=\"og:image:width\" content=\"1965\" \/>\n\t<meta property=\"og:image:height\" content=\"1830\" \/>\n\t<meta property=\"og:image:type\" content=\"image\/jpeg\" \/>\n<meta name=\"twitter:card\" content=\"summary_large_image\" \/>\n<script type=\"application\/ld+json\" class=\"yoast-schema-graph\">{\"@context\":\"https:\/\/schema.org\",\"@graph\":[{\"@type\":[\"WebPage\",\"ItemPage\"],\"@id\":\"https:\/\/www.schramas.com\/winkel\/clematis-bi-color-bosrank-bodembedekker-2-liter-pot\/\",\"url\":\"https:\/\/www.schramas.com\/winkel\/clematis-bi-color-bosrank-bodembedekker-2-liter-pot\/\",\"name\":\"Clematis Bi-color, bosrank, bodembedekker, 2 liter pot kopen | Planten eenvoudig online bestellen | Schramas.com\",\"isPartOf\":{\"@id\":\"https:\/\/www.schramas.com\/#website\"},\"primaryImageOfPage\":{\"@id\":\"https:\/\/www.schramas.com\/winkel\/clematis-bi-color-bosrank-bodembedekker-2-liter-pot\/#primaryimage\"},\"image\":{\"@id\":\"https:\/\/www.schramas.com\/winkel\/clematis-bi-color-bosrank-bodembedekker-2-liter-pot\/#primaryimage\"},\"thumbnailUrl\":\"https:\/\/www.schramas.com\/wp-content\/uploads\/2021\/10\/elin-gann-b96nUqrd5-Q-unsplash-e1634300916859.jpg\",\"datePublished\":\"2021-10-05T07:02:42+00:00\",\"dateModified\":\"2026-03-26T15:34:40+00:00\",\"breadcrumb\":{\"@id\":\"https:\/\/www.schramas.com\/winkel\/clematis-bi-color-bosrank-bodembedekker-2-liter-pot\/#breadcrumb\"},\"inLanguage\":\"sv-SE\",\"potentialAction\":[{\"@type\":\"ReadAction\",\"target\":[\"https:\/\/www.schramas.com\/winkel\/clematis-bi-color-bosrank-bodembedekker-2-liter-pot\/\"]}]},{\"@type\":\"ImageObject\",\"inLanguage\":\"sv-SE\",\"@id\":\"https:\/\/www.schramas.com\/winkel\/clematis-bi-color-bosrank-bodembedekker-2-liter-pot\/#primaryimage\",\"url\":\"https:\/\/www.schramas.com\/wp-content\/uploads\/2021\/10\/elin-gann-b96nUqrd5-Q-unsplash-e1634300916859.jpg\",\"contentUrl\":\"https:\/\/www.schramas.com\/wp-content\/uploads\/2021\/10\/elin-gann-b96nUqrd5-Q-unsplash-e1634300916859.jpg\",\"width\":1965,\"height\":1830},{\"@type\":\"BreadcrumbList\",\"@id\":\"https:\/\/www.schramas.com\/winkel\/clematis-bi-color-bosrank-bodembedekker-2-liter-pot\/#breadcrumb\",\"itemListElement\":[{\"@type\":\"ListItem\",\"position\":1,\"name\":\"Product\",\"item\":\"https:\/\/www.schramas.com\/assortiment\/\"},{\"@type\":\"ListItem\",\"position\":2,\"name\":\"Tuinplanten\",\"item\":\"https:\/\/www.schramas.com\/product-category\/planten-heesters\/\"},{\"@type\":\"ListItem\",\"position\":3,\"name\":\"Heesters\",\"item\":\"https:\/\/www.schramas.com\/product-category\/planten-heesters\/heesters\/\"},{\"@type\":\"ListItem\",\"position\":4,\"name\":\"Sierheesters\",\"item\":\"https:\/\/www.schramas.com\/product-category\/planten-heesters\/heesters\/sierheesters\/\"},{\"@type\":\"ListItem\",\"position\":5,\"name\":\"Clematis Bi-color, bosrank, bodembedekker, 2 liter pot\"}]},{\"@type\":\"WebSite\",\"@id\":\"https:\/\/www.schramas.com\/#website\",\"url\":\"https:\/\/www.schramas.com\/\",\"name\":\"Schramas.com | Tuinplanten eenvoudig online bestellen | Direct van onze Kwekerij\",\"description\":\"\",\"alternateName\":\"Schramas.com - Alle planten direct van de kweker\",\"potentialAction\":[{\"@type\":\"SearchAction\",\"target\":{\"@type\":\"EntryPoint\",\"urlTemplate\":\"https:\/\/www.schramas.com\/?s={search_term_string}\"},\"query-input\":{\"@type\":\"PropertyValueSpecification\",\"valueRequired\":true,\"valueName\":\"search_term_string\"}}],\"inLanguage\":\"sv-SE\"}]}<\/script>\n<!-- \/ Yoast SEO plugin. -->","yoast_head_json":{"title":"K\u00f6p Clematis Bi-color, skogsranka, markt\u00e4ckare, 2 liters kruka | Best\u00e4ll enkelt v\u00e4xter online | Schramas.com","robots":{"index":"index","follow":"follow","max-snippet":"max-snippet:-1","max-image-preview":"max-image-preview:large","max-video-preview":"max-video-preview:-1"},"canonical":"https:\/\/www.schramas.com\/se\/butik\/clematis-bi-colour-woodland-vine-marktackare-2-liter-kruka\/","og_locale":"sv_SE","og_type":"article","og_title":"Clematis Bi-color, bosrank, bodembedekker, 2 liter pot kopen | Planten eenvoudig online bestellen | Schramas.com","og_description":"Clematis 'Emerald Dream'  Dwerg Clematis.  Bloeiwijze: groen\/ witte bloem.April\/ Mei.  Max. hoogte 50 cm  Grond of bodem bedekker.  Winterhard  Leverhoogte incl. pot: 15- 25 cm  Potmaat: 2 Liter pot","og_url":"https:\/\/www.schramas.com\/se\/butik\/clematis-bi-colour-woodland-vine-marktackare-2-liter-kruka\/","og_site_name":"Planten eenvoudig online bestellen | Schramas.com","article_publisher":"https:\/\/www.facebook.com\/Schramascom-106872874153195\/","article_modified_time":"2026-03-26T15:34:40+00:00","og_image":[{"width":1965,"height":1830,"url":"https:\/\/www.schramas.com\/wp-content\/uploads\/2021\/10\/elin-gann-b96nUqrd5-Q-unsplash-e1634300916859.jpg","type":"image\/jpeg"}],"twitter_card":"summary_large_image","schema":{"@context":"https:\/\/schema.org","@graph":[{"@type":["WebPage","ItemPage"],"@id":"https:\/\/www.schramas.com\/winkel\/clematis-bi-color-bosrank-bodembedekker-2-liter-pot\/","url":"https:\/\/www.schramas.com\/winkel\/clematis-bi-color-bosrank-bodembedekker-2-liter-pot\/","name":"K\u00f6p Clematis Bi-color, skogsranka, markt\u00e4ckare, 2 liters kruka | Best\u00e4ll enkelt v\u00e4xter online | Schramas.com","isPartOf":{"@id":"https:\/\/www.schramas.com\/#website"},"primaryImageOfPage":{"@id":"https:\/\/www.schramas.com\/winkel\/clematis-bi-color-bosrank-bodembedekker-2-liter-pot\/#primaryimage"},"image":{"@id":"https:\/\/www.schramas.com\/winkel\/clematis-bi-color-bosrank-bodembedekker-2-liter-pot\/#primaryimage"},"thumbnailUrl":"https:\/\/www.schramas.com\/wp-content\/uploads\/2021\/10\/elin-gann-b96nUqrd5-Q-unsplash-e1634300916859.jpg","datePublished":"2021-10-05T07:02:42+00:00","dateModified":"2026-03-26T15:34:40+00:00","breadcrumb":{"@id":"https:\/\/www.schramas.com\/winkel\/clematis-bi-color-bosrank-bodembedekker-2-liter-pot\/#breadcrumb"},"inLanguage":"sv-SE","potentialAction":[{"@type":"ReadAction","target":["https:\/\/www.schramas.com\/winkel\/clematis-bi-color-bosrank-bodembedekker-2-liter-pot\/"]}]},{"@type":"ImageObject","inLanguage":"sv-SE","@id":"https:\/\/www.schramas.com\/winkel\/clematis-bi-color-bosrank-bodembedekker-2-liter-pot\/#primaryimage","url":"https:\/\/www.schramas.com\/wp-content\/uploads\/2021\/10\/elin-gann-b96nUqrd5-Q-unsplash-e1634300916859.jpg","contentUrl":"https:\/\/www.schramas.com\/wp-content\/uploads\/2021\/10\/elin-gann-b96nUqrd5-Q-unsplash-e1634300916859.jpg","width":1965,"height":1830},{"@type":"BreadcrumbList","@id":"https:\/\/www.schramas.com\/winkel\/clematis-bi-color-bosrank-bodembedekker-2-liter-pot\/#breadcrumb","itemListElement":[{"@type":"ListItem","position":1,"name":"Product","item":"https:\/\/www.schramas.com\/assortiment\/"},{"@type":"ListItem","position":2,"name":"Tuinplanten","item":"https:\/\/www.schramas.com\/product-category\/planten-heesters\/"},{"@type":"ListItem","position":3,"name":"Heesters","item":"https:\/\/www.schramas.com\/product-category\/planten-heesters\/heesters\/"},{"@type":"ListItem","position":4,"name":"Sierheesters","item":"https:\/\/www.schramas.com\/product-category\/planten-heesters\/heesters\/sierheesters\/"},{"@type":"ListItem","position":5,"name":"Clematis Bi-color, bosrank, bodembedekker, 2 liter pot"}]},{"@type":"WebSite","@id":"https:\/\/www.schramas.com\/#website","url":"https:\/\/www.schramas.com\/","name":"Schramas.com | Tr\u00e4dg\u00e5rdsv\u00e4xter som enkelt kan best\u00e4llas online | Direkt fr\u00e5n v\u00e5r plantskola","description":"","alternateName":"Schramas.com - Alle planten direct van de kweker","potentialAction":[{"@type":"SearchAction","target":{"@type":"EntryPoint","urlTemplate":"https:\/\/www.schramas.com\/?s={search_term_string}"},"query-input":{"@type":"PropertyValueSpecification","valueRequired":true,"valueName":"search_term_string"}}],"inLanguage":"sv-SE"}]}},"_links":{"self":[{"href":"https:\/\/www.schramas.com\/se\/wp-json\/wp\/v2\/product\/17316","targetHints":{"allow":["GET"]}}],"collection":[{"href":"https:\/\/www.schramas.com\/se\/wp-json\/wp\/v2\/product"}],"about":[{"href":"https:\/\/www.schramas.com\/se\/wp-json\/wp\/v2\/types\/product"}],"version-history":[{"count":1,"href":"https:\/\/www.schramas.com\/se\/wp-json\/wp\/v2\/product\/17316\/revisions"}],"predecessor-version":[{"id":44912,"href":"https:\/\/www.schramas.com\/se\/wp-json\/wp\/v2\/product\/17316\/revisions\/44912"}],"wp:featuredmedia":[{"embeddable":true,"href":"https:\/\/www.schramas.com\/se\/wp-json\/wp\/v2\/media\/17369"}],"wp:attachment":[{"href":"https:\/\/www.schramas.com\/se\/wp-json\/wp\/v2\/media?parent=17316"}],"wp:term":[{"taxonomy":"product_brand","embeddable":true,"href":"https:\/\/www.schramas.com\/se\/wp-json\/wp\/v2\/product_brand?post=17316"},{"taxonomy":"product_cat","embeddable":true,"href":"https:\/\/www.schramas.com\/se\/wp-json\/wp\/v2\/product_cat?post=17316"},{"taxonomy":"product_tag","embeddable":true,"href":"https:\/\/www.schramas.com\/se\/wp-json\/wp\/v2\/product_tag?post=17316"}],"curies":[{"name":"wp","href":"https:\/\/api.w.org\/{rel}","templated":true}]}}