{"id":18202,"date":"2022-02-23T13:50:37","date_gmt":"2022-02-23T12:50:37","guid":{"rendered":"https:\/\/www.schramas.com\/?post_type=product&#038;p=18202"},"modified":"2026-03-26T16:34:48","modified_gmt":"2026-03-26T15:34:48","slug":"khaki-sharon-frukt-lotus-diospirus-tipo","status":"publish","type":"product","link":"https:\/\/www.schramas.com\/se\/butik\/khaki-sharon-frukt-lotus-diospirus-tipo\/","title":{"rendered":"Diospyros kaki 'Tipo' - sharonfrukt - 5-liters kruka - 100cm"},"content":{"rendered":"<p>Diospyros kaki, japansk persimon,<\/p>\n<p>Fruktk\u00f6ttet \u00e4r uts\u00f6kt s\u00f6tt med toner av aprikos utan n\u00e5gon syrlig eftersmak. Frukterna \u00e4r stora, runda och har ett orange skal. Dessa vackra frukter mognar n\u00e4r alla blad redan har fallit av tr\u00e4det. Frukten mognar p\u00e5 h\u00f6sten, \u00e4ven nattfrost \u00f6ver frukten p\u00e5skyndar mognadsprocessen. Ju mognare desto s\u00f6tare. Som regel kan de plockas i november - december<\/p>\n<p>Denna Tipo-sort har medelstark v\u00e4xtkraft, rak tillv\u00e4xt och god produktion.<\/p>\n<p>Delvis h\u00e4rdigt exotiskt frukttr\u00e4d, de unga skotten fryser ibland efter en h\u00e5rd frost, sj\u00e4lva tr\u00e4det t\u00e5l dock vintern bra.<\/p>\n<p>Leveransh\u00f6jd: ca 100 cm h\u00f6g<\/p>","protected":false},"excerpt":{"rendered":"<p>Khaki (Sharonfrukt), Lotus diospirus Tipo<\/p>\n<p>Smak: s\u00f6t<\/p>\n<p>Fruktens f\u00e4rg: Orange<\/p>\n<p>H\u00f6jd max: 3,5 - 4 meter<\/p>\n<p>Hardy<\/p>\n<p>Leveransh\u00f6jd inkl. kruka: +\/_100 cm<\/p>\n<p>Krukstorlek: 5 liter<\/p>","protected":false},"featured_media":20215,"template":"","meta":{"_joinchat":[]},"product_brand":[],"product_cat":[262,233,931,2391,3193,294],"product_tag":[670,352,671,672,351,316],"class_list":{"0":"post-18202","1":"product","2":"type-product","3":"status-publish","4":"has-post-thumbnail","6":"product_cat-bomen-struiken","7":"product_cat-fruitbomen","8":"product_cat-kaki","9":"product_cat-mediterrane-en-exotische-fruitplanten","10":"product_cat-sierbomen","11":"product_cat-specials","12":"product_tag-diospyros","13":"product_tag-geent","14":"product_tag-kaki","15":"product_tag-sharon","16":"product_tag-winterhard","17":"product_tag-zelfbestuivend","18":"pa_bloeimaanden-mei","19":"pa_ewd_uwcf_colors-oranje","20":"pa_groeihoogte-300-cm","21":"pa_pot-zonder-pot","23":"first","24":"outofstock","25":"taxable","26":"shipping-taxable","27":"purchasable","28":"product-type-simple"},"yoast_head":"<!-- This site is optimized with the Yoast SEO plugin v24.2 - https:\/\/yoast.com\/wordpress\/plugins\/seo\/ -->\n<title>Diospyros kaki &#039;Tipo&#039; - sharonfruit - 5 liter pot - 100cm kopen | Planten eenvoudig online bestellen | Schramas.com<\/title>\n<meta name=\"robots\" content=\"index, follow, max-snippet:-1, max-image-preview:large, max-video-preview:-1\" \/>\n<link rel=\"canonical\" href=\"https:\/\/www.schramas.com\/se\/butik\/khaki-sharon-frukt-lotus-diospirus-tipo\/\" \/>\n<meta property=\"og:locale\" content=\"sv_SE\" \/>\n<meta property=\"og:type\" content=\"article\" \/>\n<meta property=\"og:title\" content=\"Diospyros kaki &#039;Tipo&#039; - sharonfruit - 5 liter pot - 100cm kopen | Planten eenvoudig online bestellen | Schramas.com\" \/>\n<meta property=\"og:description\" content=\"Kaki (Sharon Fruit), Lotus diospirus Tipo  Smaak: zoet  Kleur vrucht: Oranje  Hoogte max: 3,5 - 4 meter  Winterhard  Leverhoogte incl. pot: +\/_100 cm  Potmaat: 5 liter\" \/>\n<meta property=\"og:url\" content=\"https:\/\/www.schramas.com\/se\/butik\/khaki-sharon-frukt-lotus-diospirus-tipo\/\" \/>\n<meta property=\"og:site_name\" content=\"Planten eenvoudig online bestellen | Schramas.com\" \/>\n<meta property=\"article:publisher\" content=\"https:\/\/www.facebook.com\/Schramascom-106872874153195\/\" \/>\n<meta property=\"article:modified_time\" content=\"2026-03-26T15:34:48+00:00\" \/>\n<meta property=\"og:image\" content=\"http:\/\/www.schramas.com\/wp-content\/uploads\/2022\/02\/Kaki-tipo-sfeer.jpg\" \/>\n\t<meta property=\"og:image:width\" content=\"1200\" \/>\n\t<meta property=\"og:image:height\" content=\"1200\" \/>\n\t<meta property=\"og:image:type\" content=\"image\/jpeg\" \/>\n<meta name=\"twitter:card\" content=\"summary_large_image\" \/>\n<meta name=\"twitter:label1\" content=\"Ber\u00e4knad l\u00e4stid\" \/>\n\t<meta name=\"twitter:data1\" content=\"1 minut\" \/>\n<script type=\"application\/ld+json\" class=\"yoast-schema-graph\">{\"@context\":\"https:\/\/schema.org\",\"@graph\":[{\"@type\":[\"WebPage\",\"ItemPage\"],\"@id\":\"https:\/\/www.schramas.com\/winkel\/kaki-sharon-fruit-lotus-diospirus-tipo\/\",\"url\":\"https:\/\/www.schramas.com\/winkel\/kaki-sharon-fruit-lotus-diospirus-tipo\/\",\"name\":\"Diospyros kaki 'Tipo' - sharonfruit - 5 liter pot - 100cm kopen | Planten eenvoudig online bestellen | Schramas.com\",\"isPartOf\":{\"@id\":\"https:\/\/www.schramas.com\/#website\"},\"primaryImageOfPage\":{\"@id\":\"https:\/\/www.schramas.com\/winkel\/kaki-sharon-fruit-lotus-diospirus-tipo\/#primaryimage\"},\"image\":{\"@id\":\"https:\/\/www.schramas.com\/winkel\/kaki-sharon-fruit-lotus-diospirus-tipo\/#primaryimage\"},\"thumbnailUrl\":\"https:\/\/www.schramas.com\/wp-content\/uploads\/2022\/02\/Kaki-tipo-sfeer.jpg\",\"datePublished\":\"2022-02-23T12:50:37+00:00\",\"dateModified\":\"2026-03-26T15:34:48+00:00\",\"breadcrumb\":{\"@id\":\"https:\/\/www.schramas.com\/winkel\/kaki-sharon-fruit-lotus-diospirus-tipo\/#breadcrumb\"},\"inLanguage\":\"sv-SE\",\"potentialAction\":[{\"@type\":\"ReadAction\",\"target\":[\"https:\/\/www.schramas.com\/winkel\/kaki-sharon-fruit-lotus-diospirus-tipo\/\"]}]},{\"@type\":\"ImageObject\",\"inLanguage\":\"sv-SE\",\"@id\":\"https:\/\/www.schramas.com\/winkel\/kaki-sharon-fruit-lotus-diospirus-tipo\/#primaryimage\",\"url\":\"https:\/\/www.schramas.com\/wp-content\/uploads\/2022\/02\/Kaki-tipo-sfeer.jpg\",\"contentUrl\":\"https:\/\/www.schramas.com\/wp-content\/uploads\/2022\/02\/Kaki-tipo-sfeer.jpg\",\"width\":1200,\"height\":1200},{\"@type\":\"BreadcrumbList\",\"@id\":\"https:\/\/www.schramas.com\/winkel\/kaki-sharon-fruit-lotus-diospirus-tipo\/#breadcrumb\",\"itemListElement\":[{\"@type\":\"ListItem\",\"position\":1,\"name\":\"Product\",\"item\":\"https:\/\/www.schramas.com\/assortiment\/\"},{\"@type\":\"ListItem\",\"position\":2,\"name\":\"Bomen &amp; Struiken\",\"item\":\"https:\/\/www.schramas.com\/product-category\/bomen-struiken\/\"},{\"@type\":\"ListItem\",\"position\":3,\"name\":\"Fruitbomen\",\"item\":\"https:\/\/www.schramas.com\/product-category\/bomen-struiken\/fruitbomen\/\"},{\"@type\":\"ListItem\",\"position\":4,\"name\":\"Kaki\",\"item\":\"https:\/\/www.schramas.com\/product-category\/bomen-struiken\/fruitbomen\/kaki\/\"},{\"@type\":\"ListItem\",\"position\":5,\"name\":\"Diospyros kaki &#8216;Tipo&#8217; &#8211; sharonfruit &#8211; 5 liter pot &#8211; 100cm\"}]},{\"@type\":\"WebSite\",\"@id\":\"https:\/\/www.schramas.com\/#website\",\"url\":\"https:\/\/www.schramas.com\/\",\"name\":\"Schramas.com | Tuinplanten eenvoudig online bestellen | Direct van onze Kwekerij\",\"description\":\"\",\"alternateName\":\"Schramas.com - Alle planten direct van de kweker\",\"potentialAction\":[{\"@type\":\"SearchAction\",\"target\":{\"@type\":\"EntryPoint\",\"urlTemplate\":\"https:\/\/www.schramas.com\/?s={search_term_string}\"},\"query-input\":{\"@type\":\"PropertyValueSpecification\",\"valueRequired\":true,\"valueName\":\"search_term_string\"}}],\"inLanguage\":\"sv-SE\"}]}<\/script>\n<!-- \/ Yoast SEO plugin. -->","yoast_head_json":{"title":"Diospyros kaki 'Tipo' - sharonfrukt - k\u00f6p 5 liters kruka - 100cm | K\u00f6p v\u00e4xter enkelt online | Schramas.com","robots":{"index":"index","follow":"follow","max-snippet":"max-snippet:-1","max-image-preview":"max-image-preview:large","max-video-preview":"max-video-preview:-1"},"canonical":"https:\/\/www.schramas.com\/se\/butik\/khaki-sharon-frukt-lotus-diospirus-tipo\/","og_locale":"sv_SE","og_type":"article","og_title":"Diospyros kaki 'Tipo' - sharonfruit - 5 liter pot - 100cm kopen | Planten eenvoudig online bestellen | Schramas.com","og_description":"Kaki (Sharon Fruit), Lotus diospirus Tipo  Smaak: zoet  Kleur vrucht: Oranje  Hoogte max: 3,5 - 4 meter  Winterhard  Leverhoogte incl. pot: +\/_100 cm  Potmaat: 5 liter","og_url":"https:\/\/www.schramas.com\/se\/butik\/khaki-sharon-frukt-lotus-diospirus-tipo\/","og_site_name":"Planten eenvoudig online bestellen | Schramas.com","article_publisher":"https:\/\/www.facebook.com\/Schramascom-106872874153195\/","article_modified_time":"2026-03-26T15:34:48+00:00","og_image":[{"width":1200,"height":1200,"url":"http:\/\/www.schramas.com\/wp-content\/uploads\/2022\/02\/Kaki-tipo-sfeer.jpg","type":"image\/jpeg"}],"twitter_card":"summary_large_image","twitter_misc":{"Ber\u00e4knad l\u00e4stid":"1 minut"},"schema":{"@context":"https:\/\/schema.org","@graph":[{"@type":["WebPage","ItemPage"],"@id":"https:\/\/www.schramas.com\/winkel\/kaki-sharon-fruit-lotus-diospirus-tipo\/","url":"https:\/\/www.schramas.com\/winkel\/kaki-sharon-fruit-lotus-diospirus-tipo\/","name":"Diospyros kaki 'Tipo' - sharonfrukt - k\u00f6p 5 liters kruka - 100cm | K\u00f6p v\u00e4xter enkelt online | Schramas.com","isPartOf":{"@id":"https:\/\/www.schramas.com\/#website"},"primaryImageOfPage":{"@id":"https:\/\/www.schramas.com\/winkel\/kaki-sharon-fruit-lotus-diospirus-tipo\/#primaryimage"},"image":{"@id":"https:\/\/www.schramas.com\/winkel\/kaki-sharon-fruit-lotus-diospirus-tipo\/#primaryimage"},"thumbnailUrl":"https:\/\/www.schramas.com\/wp-content\/uploads\/2022\/02\/Kaki-tipo-sfeer.jpg","datePublished":"2022-02-23T12:50:37+00:00","dateModified":"2026-03-26T15:34:48+00:00","breadcrumb":{"@id":"https:\/\/www.schramas.com\/winkel\/kaki-sharon-fruit-lotus-diospirus-tipo\/#breadcrumb"},"inLanguage":"sv-SE","potentialAction":[{"@type":"ReadAction","target":["https:\/\/www.schramas.com\/winkel\/kaki-sharon-fruit-lotus-diospirus-tipo\/"]}]},{"@type":"ImageObject","inLanguage":"sv-SE","@id":"https:\/\/www.schramas.com\/winkel\/kaki-sharon-fruit-lotus-diospirus-tipo\/#primaryimage","url":"https:\/\/www.schramas.com\/wp-content\/uploads\/2022\/02\/Kaki-tipo-sfeer.jpg","contentUrl":"https:\/\/www.schramas.com\/wp-content\/uploads\/2022\/02\/Kaki-tipo-sfeer.jpg","width":1200,"height":1200},{"@type":"BreadcrumbList","@id":"https:\/\/www.schramas.com\/winkel\/kaki-sharon-fruit-lotus-diospirus-tipo\/#breadcrumb","itemListElement":[{"@type":"ListItem","position":1,"name":"Product","item":"https:\/\/www.schramas.com\/assortiment\/"},{"@type":"ListItem","position":2,"name":"Bomen &amp; Struiken","item":"https:\/\/www.schramas.com\/product-category\/bomen-struiken\/"},{"@type":"ListItem","position":3,"name":"Fruitbomen","item":"https:\/\/www.schramas.com\/product-category\/bomen-struiken\/fruitbomen\/"},{"@type":"ListItem","position":4,"name":"Kaki","item":"https:\/\/www.schramas.com\/product-category\/bomen-struiken\/fruitbomen\/kaki\/"},{"@type":"ListItem","position":5,"name":"Diospyros kaki &#8216;Tipo&#8217; &#8211; sharonfruit &#8211; 5 liter pot &#8211; 100cm"}]},{"@type":"WebSite","@id":"https:\/\/www.schramas.com\/#website","url":"https:\/\/www.schramas.com\/","name":"Schramas.com | Tr\u00e4dg\u00e5rdsv\u00e4xter som enkelt kan best\u00e4llas online | Direkt fr\u00e5n v\u00e5r plantskola","description":"","alternateName":"Schramas.com - Alle planten direct van de kweker","potentialAction":[{"@type":"SearchAction","target":{"@type":"EntryPoint","urlTemplate":"https:\/\/www.schramas.com\/?s={search_term_string}"},"query-input":{"@type":"PropertyValueSpecification","valueRequired":true,"valueName":"search_term_string"}}],"inLanguage":"sv-SE"}]}},"_links":{"self":[{"href":"https:\/\/www.schramas.com\/se\/wp-json\/wp\/v2\/product\/18202","targetHints":{"allow":["GET"]}}],"collection":[{"href":"https:\/\/www.schramas.com\/se\/wp-json\/wp\/v2\/product"}],"about":[{"href":"https:\/\/www.schramas.com\/se\/wp-json\/wp\/v2\/types\/product"}],"version-history":[{"count":1,"href":"https:\/\/www.schramas.com\/se\/wp-json\/wp\/v2\/product\/18202\/revisions"}],"predecessor-version":[{"id":42014,"href":"https:\/\/www.schramas.com\/se\/wp-json\/wp\/v2\/product\/18202\/revisions\/42014"}],"wp:featuredmedia":[{"embeddable":true,"href":"https:\/\/www.schramas.com\/se\/wp-json\/wp\/v2\/media\/20215"}],"wp:attachment":[{"href":"https:\/\/www.schramas.com\/se\/wp-json\/wp\/v2\/media?parent=18202"}],"wp:term":[{"taxonomy":"product_brand","embeddable":true,"href":"https:\/\/www.schramas.com\/se\/wp-json\/wp\/v2\/product_brand?post=18202"},{"taxonomy":"product_cat","embeddable":true,"href":"https:\/\/www.schramas.com\/se\/wp-json\/wp\/v2\/product_cat?post=18202"},{"taxonomy":"product_tag","embeddable":true,"href":"https:\/\/www.schramas.com\/se\/wp-json\/wp\/v2\/product_tag?post=18202"}],"curies":[{"name":"wp","href":"https:\/\/api.w.org\/{rel}","templated":true}]}}