{"id":19638,"date":"2022-07-05T11:46:16","date_gmt":"2022-07-05T09:46:16","guid":{"rendered":"https:\/\/www.schramas.com\/?post_type=product&#038;p=19638"},"modified":"2026-03-26T16:34:54","modified_gmt":"2026-03-26T15:34:54","slug":"prunus-laurocerasus-rotundifolia-2-liters-kruka","status":"publish","type":"product","link":"https:\/\/www.schramas.com\/se\/butik\/prunus-laurocerasus-rotundifolia-2-liters-kruka\/","title":{"rendered":"Prunus laurocerasus 'Rotundifolia' 2-liters kruka"},"content":{"rendered":"<p>Prunus laurocerasus &#039;Rotundifolia&#039;, eller k\u00f6rsb\u00e4rslager, \u00e4r en starkv\u00e4xande v\u00e4xt som \u00e4r s\u00e4rskilt l\u00e4mplig f\u00f6r att skapa en t\u00e4t h\u00e4ck. Denna h\u00e4ck ger sedan ett vackert utseende och ger vackra vita blommor under blomningsperioden och b\u00e4r sedan m\u00f6rkbl\u00e5 b\u00e4r.<\/p>","protected":false},"excerpt":{"rendered":"<p>Prunus laurocerasus &#039;Rotundifolia&#039;<\/p>\n<p>L\u00e4mplig f\u00f6r b\u00e5de uteplats och \u00f6ppen mark.<\/p>\n<p>Blomst\u00e4llning: vita blommor<\/p>\n<p>Blomningstid: maj, juni<\/p>\n<p>Leveransh\u00f6jd inkl. kruka: 40+ cm<\/p>\n<p>Max. h\u00f6jd: ca 400 cm<\/p>","protected":false},"featured_media":19787,"template":"","meta":{"_joinchat":[]},"product_brand":[],"product_cat":[262,303,762,305],"product_tag":[603,499,855,856,857,351,520],"class_list":{"0":"post-19638","1":"product","2":"type-product","3":"status-publish","4":"has-post-thumbnail","6":"product_cat-bomen-struiken","7":"product_cat-groenblijvende-heesters","8":"product_cat-hagen","9":"product_cat-planten-heesters","10":"product_tag-bessen","11":"product_tag-groenblijvend","12":"product_tag-haag","13":"product_tag-laurier","14":"product_tag-laurierkers","15":"product_tag-winterhard","16":"product_tag-wit","17":"pa_bloeimaanden-mei","18":"pa_bloeimaanden-juni","19":"pa_ewd_uwcf_colors-groen-2","20":"pa_ewd_uwcf_colors-mixed","21":"pa_ewd_uwcf_colors-wit","22":"pa_groeihoogte-300-cm","23":"pa_pot-zonder-pot","25":"first","26":"outofstock","27":"taxable","28":"shipping-taxable","29":"purchasable","30":"product-type-simple"},"yoast_head":"<!-- This site is optimized with the Yoast SEO plugin v24.2 - https:\/\/yoast.com\/wordpress\/plugins\/seo\/ -->\n<title>Prunus laurocerasus &#039;Rotundifolia&#039; 2 liter pot kopen | Planten eenvoudig online bestellen | Schramas.com<\/title>\n<meta name=\"robots\" content=\"index, follow, max-snippet:-1, max-image-preview:large, max-video-preview:-1\" \/>\n<link rel=\"canonical\" href=\"https:\/\/www.schramas.com\/se\/butik\/prunus-laurocerasus-rotundifolia-2-liters-kruka\/\" \/>\n<meta property=\"og:locale\" content=\"sv_SE\" \/>\n<meta property=\"og:type\" content=\"article\" \/>\n<meta property=\"og:title\" content=\"Prunus laurocerasus &#039;Rotundifolia&#039; 2 liter pot kopen | Planten eenvoudig online bestellen | Schramas.com\" \/>\n<meta property=\"og:description\" content=\"Prunus laurocerasus &#039;Rotundifolia&#039;  Geschikt voor zowel patio als volle grond.  Bloeiwijze: witte bloemetjes  Bloeitijd: mei, juni  Leverhoogte incl. pot: 40+ cm  Max. hoogte: circa 400 cm\" \/>\n<meta property=\"og:url\" content=\"https:\/\/www.schramas.com\/se\/butik\/prunus-laurocerasus-rotundifolia-2-liters-kruka\/\" \/>\n<meta property=\"og:site_name\" content=\"Planten eenvoudig online bestellen | Schramas.com\" \/>\n<meta property=\"article:publisher\" content=\"https:\/\/www.facebook.com\/Schramascom-106872874153195\/\" \/>\n<meta property=\"article:modified_time\" content=\"2026-03-26T15:34:54+00:00\" \/>\n<meta property=\"og:image\" content=\"https:\/\/www.schramas.com\/wp-content\/uploads\/2022\/07\/rotundifolia-sfeer.jpg\" \/>\n\t<meta property=\"og:image:width\" content=\"1200\" \/>\n\t<meta property=\"og:image:height\" content=\"1200\" \/>\n\t<meta property=\"og:image:type\" content=\"image\/jpeg\" \/>\n<meta name=\"twitter:card\" content=\"summary_large_image\" \/>\n<meta name=\"twitter:label1\" content=\"Ber\u00e4knad l\u00e4stid\" \/>\n\t<meta name=\"twitter:data1\" content=\"1 minut\" \/>\n<script type=\"application\/ld+json\" class=\"yoast-schema-graph\">{\"@context\":\"https:\/\/schema.org\",\"@graph\":[{\"@type\":[\"WebPage\",\"ItemPage\"],\"@id\":\"https:\/\/www.schramas.com\/winkel\/prunus-laurocerasus-rotundifolia-2-liter-pot\/\",\"url\":\"https:\/\/www.schramas.com\/winkel\/prunus-laurocerasus-rotundifolia-2-liter-pot\/\",\"name\":\"Prunus laurocerasus 'Rotundifolia' 2 liter pot kopen | Planten eenvoudig online bestellen | Schramas.com\",\"isPartOf\":{\"@id\":\"https:\/\/www.schramas.com\/#website\"},\"primaryImageOfPage\":{\"@id\":\"https:\/\/www.schramas.com\/winkel\/prunus-laurocerasus-rotundifolia-2-liter-pot\/#primaryimage\"},\"image\":{\"@id\":\"https:\/\/www.schramas.com\/winkel\/prunus-laurocerasus-rotundifolia-2-liter-pot\/#primaryimage\"},\"thumbnailUrl\":\"https:\/\/www.schramas.com\/wp-content\/uploads\/2022\/07\/rotundifolia-sfeer.jpg\",\"datePublished\":\"2022-07-05T09:46:16+00:00\",\"dateModified\":\"2026-03-26T15:34:54+00:00\",\"breadcrumb\":{\"@id\":\"https:\/\/www.schramas.com\/winkel\/prunus-laurocerasus-rotundifolia-2-liter-pot\/#breadcrumb\"},\"inLanguage\":\"sv-SE\",\"potentialAction\":[{\"@type\":\"ReadAction\",\"target\":[\"https:\/\/www.schramas.com\/winkel\/prunus-laurocerasus-rotundifolia-2-liter-pot\/\"]}]},{\"@type\":\"ImageObject\",\"inLanguage\":\"sv-SE\",\"@id\":\"https:\/\/www.schramas.com\/winkel\/prunus-laurocerasus-rotundifolia-2-liter-pot\/#primaryimage\",\"url\":\"https:\/\/www.schramas.com\/wp-content\/uploads\/2022\/07\/rotundifolia-sfeer.jpg\",\"contentUrl\":\"https:\/\/www.schramas.com\/wp-content\/uploads\/2022\/07\/rotundifolia-sfeer.jpg\",\"width\":1200,\"height\":1200},{\"@type\":\"BreadcrumbList\",\"@id\":\"https:\/\/www.schramas.com\/winkel\/prunus-laurocerasus-rotundifolia-2-liter-pot\/#breadcrumb\",\"itemListElement\":[{\"@type\":\"ListItem\",\"position\":1,\"name\":\"Product\",\"item\":\"https:\/\/www.schramas.com\/assortiment\/\"},{\"@type\":\"ListItem\",\"position\":2,\"name\":\"Bomen &amp; Struiken\",\"item\":\"https:\/\/www.schramas.com\/product-category\/bomen-struiken\/\"},{\"@type\":\"ListItem\",\"position\":3,\"name\":\"Prunus laurocerasus &#8216;Rotundifolia&#8217; 2 liter pot\"}]},{\"@type\":\"WebSite\",\"@id\":\"https:\/\/www.schramas.com\/#website\",\"url\":\"https:\/\/www.schramas.com\/\",\"name\":\"Schramas.com | Tuinplanten eenvoudig online bestellen | Direct van onze Kwekerij\",\"description\":\"\",\"alternateName\":\"Schramas.com - Alle planten direct van de kweker\",\"potentialAction\":[{\"@type\":\"SearchAction\",\"target\":{\"@type\":\"EntryPoint\",\"urlTemplate\":\"https:\/\/www.schramas.com\/?s={search_term_string}\"},\"query-input\":{\"@type\":\"PropertyValueSpecification\",\"valueRequired\":true,\"valueName\":\"search_term_string\"}}],\"inLanguage\":\"sv-SE\"}]}<\/script>\n<!-- \/ Yoast SEO plugin. -->","yoast_head_json":{"title":"K\u00f6p Prunus laurocerasus &#039;Rotundifolia&#039; 2 liters kruka | Best\u00e4ll enkelt v\u00e4xter online | Schramas.com","robots":{"index":"index","follow":"follow","max-snippet":"max-snippet:-1","max-image-preview":"max-image-preview:large","max-video-preview":"max-video-preview:-1"},"canonical":"https:\/\/www.schramas.com\/se\/butik\/prunus-laurocerasus-rotundifolia-2-liters-kruka\/","og_locale":"sv_SE","og_type":"article","og_title":"Prunus laurocerasus 'Rotundifolia' 2 liter pot kopen | Planten eenvoudig online bestellen | Schramas.com","og_description":"Prunus laurocerasus 'Rotundifolia'  Geschikt voor zowel patio als volle grond.  Bloeiwijze: witte bloemetjes  Bloeitijd: mei, juni  Leverhoogte incl. pot: 40+ cm  Max. hoogte: circa 400 cm","og_url":"https:\/\/www.schramas.com\/se\/butik\/prunus-laurocerasus-rotundifolia-2-liters-kruka\/","og_site_name":"Planten eenvoudig online bestellen | Schramas.com","article_publisher":"https:\/\/www.facebook.com\/Schramascom-106872874153195\/","article_modified_time":"2026-03-26T15:34:54+00:00","og_image":[{"width":1200,"height":1200,"url":"https:\/\/www.schramas.com\/wp-content\/uploads\/2022\/07\/rotundifolia-sfeer.jpg","type":"image\/jpeg"}],"twitter_card":"summary_large_image","twitter_misc":{"Ber\u00e4knad l\u00e4stid":"1 minut"},"schema":{"@context":"https:\/\/schema.org","@graph":[{"@type":["WebPage","ItemPage"],"@id":"https:\/\/www.schramas.com\/winkel\/prunus-laurocerasus-rotundifolia-2-liter-pot\/","url":"https:\/\/www.schramas.com\/winkel\/prunus-laurocerasus-rotundifolia-2-liter-pot\/","name":"K\u00f6p Prunus laurocerasus &#039;Rotundifolia&#039; 2 liters kruka | Best\u00e4ll enkelt v\u00e4xter online | Schramas.com","isPartOf":{"@id":"https:\/\/www.schramas.com\/#website"},"primaryImageOfPage":{"@id":"https:\/\/www.schramas.com\/winkel\/prunus-laurocerasus-rotundifolia-2-liter-pot\/#primaryimage"},"image":{"@id":"https:\/\/www.schramas.com\/winkel\/prunus-laurocerasus-rotundifolia-2-liter-pot\/#primaryimage"},"thumbnailUrl":"https:\/\/www.schramas.com\/wp-content\/uploads\/2022\/07\/rotundifolia-sfeer.jpg","datePublished":"2022-07-05T09:46:16+00:00","dateModified":"2026-03-26T15:34:54+00:00","breadcrumb":{"@id":"https:\/\/www.schramas.com\/winkel\/prunus-laurocerasus-rotundifolia-2-liter-pot\/#breadcrumb"},"inLanguage":"sv-SE","potentialAction":[{"@type":"ReadAction","target":["https:\/\/www.schramas.com\/winkel\/prunus-laurocerasus-rotundifolia-2-liter-pot\/"]}]},{"@type":"ImageObject","inLanguage":"sv-SE","@id":"https:\/\/www.schramas.com\/winkel\/prunus-laurocerasus-rotundifolia-2-liter-pot\/#primaryimage","url":"https:\/\/www.schramas.com\/wp-content\/uploads\/2022\/07\/rotundifolia-sfeer.jpg","contentUrl":"https:\/\/www.schramas.com\/wp-content\/uploads\/2022\/07\/rotundifolia-sfeer.jpg","width":1200,"height":1200},{"@type":"BreadcrumbList","@id":"https:\/\/www.schramas.com\/winkel\/prunus-laurocerasus-rotundifolia-2-liter-pot\/#breadcrumb","itemListElement":[{"@type":"ListItem","position":1,"name":"Product","item":"https:\/\/www.schramas.com\/assortiment\/"},{"@type":"ListItem","position":2,"name":"Bomen &amp; Struiken","item":"https:\/\/www.schramas.com\/product-category\/bomen-struiken\/"},{"@type":"ListItem","position":3,"name":"Prunus laurocerasus &#8216;Rotundifolia&#8217; 2 liter pot"}]},{"@type":"WebSite","@id":"https:\/\/www.schramas.com\/#website","url":"https:\/\/www.schramas.com\/","name":"Schramas.com | Tr\u00e4dg\u00e5rdsv\u00e4xter som enkelt kan best\u00e4llas online | Direkt fr\u00e5n v\u00e5r plantskola","description":"","alternateName":"Schramas.com - Alle planten direct van de kweker","potentialAction":[{"@type":"SearchAction","target":{"@type":"EntryPoint","urlTemplate":"https:\/\/www.schramas.com\/?s={search_term_string}"},"query-input":{"@type":"PropertyValueSpecification","valueRequired":true,"valueName":"search_term_string"}}],"inLanguage":"sv-SE"}]}},"_links":{"self":[{"href":"https:\/\/www.schramas.com\/se\/wp-json\/wp\/v2\/product\/19638","targetHints":{"allow":["GET"]}}],"collection":[{"href":"https:\/\/www.schramas.com\/se\/wp-json\/wp\/v2\/product"}],"about":[{"href":"https:\/\/www.schramas.com\/se\/wp-json\/wp\/v2\/types\/product"}],"version-history":[{"count":0,"href":"https:\/\/www.schramas.com\/se\/wp-json\/wp\/v2\/product\/19638\/revisions"}],"wp:featuredmedia":[{"embeddable":true,"href":"https:\/\/www.schramas.com\/se\/wp-json\/wp\/v2\/media\/19787"}],"wp:attachment":[{"href":"https:\/\/www.schramas.com\/se\/wp-json\/wp\/v2\/media?parent=19638"}],"wp:term":[{"taxonomy":"product_brand","embeddable":true,"href":"https:\/\/www.schramas.com\/se\/wp-json\/wp\/v2\/product_brand?post=19638"},{"taxonomy":"product_cat","embeddable":true,"href":"https:\/\/www.schramas.com\/se\/wp-json\/wp\/v2\/product_cat?post=19638"},{"taxonomy":"product_tag","embeddable":true,"href":"https:\/\/www.schramas.com\/se\/wp-json\/wp\/v2\/product_tag?post=19638"}],"curies":[{"name":"wp","href":"https:\/\/api.w.org\/{rel}","templated":true}]}}