{"id":19712,"date":"2022-07-06T16:08:56","date_gmt":"2022-07-06T14:08:56","guid":{"rendered":"https:\/\/www.schramas.com\/?post_type=product&#038;p=19712"},"modified":"2026-03-26T16:34:56","modified_gmt":"2026-03-26T15:34:56","slug":"set-med-2-klattervaxter-atlas-jasminoides-%e2%86%95-30-cm-2-liters-kruka","status":"publish","type":"product","link":"https:\/\/www.schramas.com\/se\/butik\/set-med-2-klattervaxter-atlas-jasminoides-%e2%86%95-30-cm-2-liters-kruka\/","title":{"rendered":"Set med 2 kl\u00e4tterv\u00e4xter - Atlas &amp; jasminoides - H30 cm - 2-liters kruka"},"content":{"rendered":"<p>Actinidia deliciosa &#039;Atlas&#039; \u00e4r en manlig kiwisort som kan anv\u00e4ndas som en vacker kl\u00e4tterv\u00e4xt. Denna v\u00e4xt producerar inte kiwi, men den producerar bra pollen, som anv\u00e4nds f\u00f6r att pollinera kvinnliga kiwisorter som Actinidia deliciosa &#039;Jenny&#039; (finns \u00e4ven p\u00e5 v\u00e5r hemsida). V\u00e4xten producerar sm\u00e5 vita blommor precis som den andra kl\u00e4tterv\u00e4xten i detta set.<\/p>\n<p>Trachelospermum Jasminoides, \u00e4ven k\u00e4nd som stj\u00e4rnjasmin eller toskansk jasmin, har sm\u00e5 vita blommor och gl\u00e4nsande gr\u00f6na blad.<\/p>\n<p>B\u00e5da popul\u00e4ra kl\u00e4tterv\u00e4xterna blommar vackert mot ett staket i tr\u00e4dg\u00e5rden.<\/p>\n<p>&nbsp;<\/p>","protected":false},"excerpt":{"rendered":"<p>L\u00e4mplig f\u00f6r b\u00e5de uteplats och \u00f6ppen mark.<\/p>\n<p>Blomst\u00e4llning: b\u00e5da vita blommor<\/p>\n<p>Blomningstid: maj, juni, juli, augusti, september<\/p>\n<p>Leveransh\u00f6jd inkl. kruka: 30+ cm<\/p>\n<p>Max. h\u00f6jd: ca 300 cm<\/p>","protected":false},"featured_media":19714,"template":"","meta":{"_joinchat":[]},"product_brand":[],"product_cat":[867,1012],"product_tag":[868,529,872,870,871,876],"class_list":{"0":"post-19712","1":"product","2":"type-product","3":"status-publish","4":"has-post-thumbnail","6":"product_cat-pakket-deals","7":"product_cat-overige-deals","8":"product_tag-combi","9":"product_tag-klimplant","10":"product_tag-mix","11":"product_tag-pakket","12":"product_tag-set","13":"product_tag-witte-bloemen","15":"first","16":"outofstock","17":"taxable","18":"shipping-taxable","19":"purchasable","20":"product-type-simple"},"yoast_head":"<!-- This site is optimized with the Yoast SEO plugin v24.2 - https:\/\/yoast.com\/wordpress\/plugins\/seo\/ -->\n<title>Set van 2 klimplanten - Atlas &amp; jasminoides - H30 cm - 2 liter pot kopen | Planten eenvoudig online bestellen | Schramas.com<\/title>\n<meta name=\"robots\" content=\"index, follow, max-snippet:-1, max-image-preview:large, max-video-preview:-1\" \/>\n<link rel=\"canonical\" href=\"https:\/\/www.schramas.com\/se\/butik\/set-med-2-klattervaxter-atlas-jasminoides-\u2195-30-cm-2-liters-kruka\/\" \/>\n<meta property=\"og:locale\" content=\"sv_SE\" \/>\n<meta property=\"og:type\" content=\"article\" \/>\n<meta property=\"og:title\" content=\"Set van 2 klimplanten - Atlas &amp; jasminoides - H30 cm - 2 liter pot kopen | Planten eenvoudig online bestellen | Schramas.com\" \/>\n<meta property=\"og:description\" content=\"Geschikt voor zowel patio als volle grond.  Bloeiwijze: beide witte bloemen  Bloeitijd: mei, juni, juli, augustus, september  Leverhoogte incl. pot: 30+ cm  Max. hoogte: circa 300 cm\" \/>\n<meta property=\"og:url\" content=\"https:\/\/www.schramas.com\/se\/butik\/set-med-2-klattervaxter-atlas-jasminoides-\u2195-30-cm-2-liters-kruka\/\" \/>\n<meta property=\"og:site_name\" content=\"Planten eenvoudig online bestellen | Schramas.com\" \/>\n<meta property=\"article:publisher\" content=\"https:\/\/www.facebook.com\/Schramascom-106872874153195\/\" \/>\n<meta property=\"article:modified_time\" content=\"2026-03-26T15:34:56+00:00\" \/>\n<meta property=\"og:image\" content=\"https:\/\/www.schramas.com\/wp-content\/uploads\/2022\/07\/210921_Prunus_Porthos-bewerkt-vooraanzicht-Zomer.jpg\" \/>\n\t<meta property=\"og:image:width\" content=\"1200\" \/>\n\t<meta property=\"og:image:height\" content=\"1200\" \/>\n\t<meta property=\"og:image:type\" content=\"image\/jpeg\" \/>\n<meta name=\"twitter:card\" content=\"summary_large_image\" \/>\n<meta name=\"twitter:label1\" content=\"Ber\u00e4knad l\u00e4stid\" \/>\n\t<meta name=\"twitter:data1\" content=\"1 minut\" \/>\n<script type=\"application\/ld+json\" class=\"yoast-schema-graph\">{\"@context\":\"https:\/\/schema.org\",\"@graph\":[{\"@type\":[\"WebPage\",\"ItemPage\"],\"@id\":\"https:\/\/www.schramas.com\/winkel\/set-van-2-klimplanten-atlas-jasminoides-%e2%86%95-30-cm-2-liter-pot\/\",\"url\":\"https:\/\/www.schramas.com\/winkel\/set-van-2-klimplanten-atlas-jasminoides-%e2%86%95-30-cm-2-liter-pot\/\",\"name\":\"Set van 2 klimplanten - Atlas & jasminoides - H30 cm - 2 liter pot kopen | Planten eenvoudig online bestellen | Schramas.com\",\"isPartOf\":{\"@id\":\"https:\/\/www.schramas.com\/#website\"},\"primaryImageOfPage\":{\"@id\":\"https:\/\/www.schramas.com\/winkel\/set-van-2-klimplanten-atlas-jasminoides-%e2%86%95-30-cm-2-liter-pot\/#primaryimage\"},\"image\":{\"@id\":\"https:\/\/www.schramas.com\/winkel\/set-van-2-klimplanten-atlas-jasminoides-%e2%86%95-30-cm-2-liter-pot\/#primaryimage\"},\"thumbnailUrl\":\"https:\/\/www.schramas.com\/wp-content\/uploads\/2022\/07\/210921_Prunus_Porthos-bewerkt-vooraanzicht-Zomer.jpg\",\"datePublished\":\"2022-07-06T14:08:56+00:00\",\"dateModified\":\"2026-03-26T15:34:56+00:00\",\"breadcrumb\":{\"@id\":\"https:\/\/www.schramas.com\/winkel\/set-van-2-klimplanten-atlas-jasminoides-%e2%86%95-30-cm-2-liter-pot\/#breadcrumb\"},\"inLanguage\":\"sv-SE\",\"potentialAction\":[{\"@type\":\"ReadAction\",\"target\":[\"https:\/\/www.schramas.com\/winkel\/set-van-2-klimplanten-atlas-jasminoides-%e2%86%95-30-cm-2-liter-pot\/\"]}]},{\"@type\":\"ImageObject\",\"inLanguage\":\"sv-SE\",\"@id\":\"https:\/\/www.schramas.com\/winkel\/set-van-2-klimplanten-atlas-jasminoides-%e2%86%95-30-cm-2-liter-pot\/#primaryimage\",\"url\":\"https:\/\/www.schramas.com\/wp-content\/uploads\/2022\/07\/210921_Prunus_Porthos-bewerkt-vooraanzicht-Zomer.jpg\",\"contentUrl\":\"https:\/\/www.schramas.com\/wp-content\/uploads\/2022\/07\/210921_Prunus_Porthos-bewerkt-vooraanzicht-Zomer.jpg\",\"width\":1200,\"height\":1200},{\"@type\":\"BreadcrumbList\",\"@id\":\"https:\/\/www.schramas.com\/winkel\/set-van-2-klimplanten-atlas-jasminoides-%e2%86%95-30-cm-2-liter-pot\/#breadcrumb\",\"itemListElement\":[{\"@type\":\"ListItem\",\"position\":1,\"name\":\"Product\",\"item\":\"https:\/\/www.schramas.com\/assortiment\/\"},{\"@type\":\"ListItem\",\"position\":2,\"name\":\"Pakketdeals\",\"item\":\"https:\/\/www.schramas.com\/product-category\/pakket-deals\/\"},{\"@type\":\"ListItem\",\"position\":3,\"name\":\"Set van 2 klimplanten &#8211; Atlas &#038; jasminoides &#8211; H30 cm &#8211; 2 liter pot\"}]},{\"@type\":\"WebSite\",\"@id\":\"https:\/\/www.schramas.com\/#website\",\"url\":\"https:\/\/www.schramas.com\/\",\"name\":\"Schramas.com | Tuinplanten eenvoudig online bestellen | Direct van onze Kwekerij\",\"description\":\"\",\"alternateName\":\"Schramas.com - Alle planten direct van de kweker\",\"potentialAction\":[{\"@type\":\"SearchAction\",\"target\":{\"@type\":\"EntryPoint\",\"urlTemplate\":\"https:\/\/www.schramas.com\/?s={search_term_string}\"},\"query-input\":{\"@type\":\"PropertyValueSpecification\",\"valueRequired\":true,\"valueName\":\"search_term_string\"}}],\"inLanguage\":\"sv-SE\"}]}<\/script>\n<!-- \/ Yoast SEO plugin. -->","yoast_head_json":{"title":"K\u00f6p set med 2 kl\u00e4tterv\u00e4xter - Atlas &amp; jasminoides - H30 cm - 2 liters kruka | Best\u00e4ll enkelt v\u00e4xter online | Schramas.com","robots":{"index":"index","follow":"follow","max-snippet":"max-snippet:-1","max-image-preview":"max-image-preview:large","max-video-preview":"max-video-preview:-1"},"canonical":"https:\/\/www.schramas.com\/se\/butik\/set-med-2-klattervaxter-atlas-jasminoides-\u2195-30-cm-2-liters-kruka\/","og_locale":"sv_SE","og_type":"article","og_title":"Set van 2 klimplanten - Atlas & jasminoides - H30 cm - 2 liter pot kopen | Planten eenvoudig online bestellen | Schramas.com","og_description":"Geschikt voor zowel patio als volle grond.  Bloeiwijze: beide witte bloemen  Bloeitijd: mei, juni, juli, augustus, september  Leverhoogte incl. pot: 30+ cm  Max. hoogte: circa 300 cm","og_url":"https:\/\/www.schramas.com\/se\/butik\/set-med-2-klattervaxter-atlas-jasminoides-\u2195-30-cm-2-liters-kruka\/","og_site_name":"Planten eenvoudig online bestellen | Schramas.com","article_publisher":"https:\/\/www.facebook.com\/Schramascom-106872874153195\/","article_modified_time":"2026-03-26T15:34:56+00:00","og_image":[{"width":1200,"height":1200,"url":"https:\/\/www.schramas.com\/wp-content\/uploads\/2022\/07\/210921_Prunus_Porthos-bewerkt-vooraanzicht-Zomer.jpg","type":"image\/jpeg"}],"twitter_card":"summary_large_image","twitter_misc":{"Ber\u00e4knad l\u00e4stid":"1 minut"},"schema":{"@context":"https:\/\/schema.org","@graph":[{"@type":["WebPage","ItemPage"],"@id":"https:\/\/www.schramas.com\/winkel\/set-van-2-klimplanten-atlas-jasminoides-%e2%86%95-30-cm-2-liter-pot\/","url":"https:\/\/www.schramas.com\/winkel\/set-van-2-klimplanten-atlas-jasminoides-%e2%86%95-30-cm-2-liter-pot\/","name":"K\u00f6p set med 2 kl\u00e4tterv\u00e4xter - Atlas &amp; jasminoides - H30 cm - 2 liters kruka | Best\u00e4ll enkelt v\u00e4xter online | Schramas.com","isPartOf":{"@id":"https:\/\/www.schramas.com\/#website"},"primaryImageOfPage":{"@id":"https:\/\/www.schramas.com\/winkel\/set-van-2-klimplanten-atlas-jasminoides-%e2%86%95-30-cm-2-liter-pot\/#primaryimage"},"image":{"@id":"https:\/\/www.schramas.com\/winkel\/set-van-2-klimplanten-atlas-jasminoides-%e2%86%95-30-cm-2-liter-pot\/#primaryimage"},"thumbnailUrl":"https:\/\/www.schramas.com\/wp-content\/uploads\/2022\/07\/210921_Prunus_Porthos-bewerkt-vooraanzicht-Zomer.jpg","datePublished":"2022-07-06T14:08:56+00:00","dateModified":"2026-03-26T15:34:56+00:00","breadcrumb":{"@id":"https:\/\/www.schramas.com\/winkel\/set-van-2-klimplanten-atlas-jasminoides-%e2%86%95-30-cm-2-liter-pot\/#breadcrumb"},"inLanguage":"sv-SE","potentialAction":[{"@type":"ReadAction","target":["https:\/\/www.schramas.com\/winkel\/set-van-2-klimplanten-atlas-jasminoides-%e2%86%95-30-cm-2-liter-pot\/"]}]},{"@type":"ImageObject","inLanguage":"sv-SE","@id":"https:\/\/www.schramas.com\/winkel\/set-van-2-klimplanten-atlas-jasminoides-%e2%86%95-30-cm-2-liter-pot\/#primaryimage","url":"https:\/\/www.schramas.com\/wp-content\/uploads\/2022\/07\/210921_Prunus_Porthos-bewerkt-vooraanzicht-Zomer.jpg","contentUrl":"https:\/\/www.schramas.com\/wp-content\/uploads\/2022\/07\/210921_Prunus_Porthos-bewerkt-vooraanzicht-Zomer.jpg","width":1200,"height":1200},{"@type":"BreadcrumbList","@id":"https:\/\/www.schramas.com\/winkel\/set-van-2-klimplanten-atlas-jasminoides-%e2%86%95-30-cm-2-liter-pot\/#breadcrumb","itemListElement":[{"@type":"ListItem","position":1,"name":"Product","item":"https:\/\/www.schramas.com\/assortiment\/"},{"@type":"ListItem","position":2,"name":"Pakketdeals","item":"https:\/\/www.schramas.com\/product-category\/pakket-deals\/"},{"@type":"ListItem","position":3,"name":"Set van 2 klimplanten &#8211; Atlas &#038; jasminoides &#8211; H30 cm &#8211; 2 liter pot"}]},{"@type":"WebSite","@id":"https:\/\/www.schramas.com\/#website","url":"https:\/\/www.schramas.com\/","name":"Schramas.com | Tr\u00e4dg\u00e5rdsv\u00e4xter som enkelt kan best\u00e4llas online | Direkt fr\u00e5n v\u00e5r plantskola","description":"","alternateName":"Schramas.com - Alle planten direct van de kweker","potentialAction":[{"@type":"SearchAction","target":{"@type":"EntryPoint","urlTemplate":"https:\/\/www.schramas.com\/?s={search_term_string}"},"query-input":{"@type":"PropertyValueSpecification","valueRequired":true,"valueName":"search_term_string"}}],"inLanguage":"sv-SE"}]}},"_links":{"self":[{"href":"https:\/\/www.schramas.com\/se\/wp-json\/wp\/v2\/product\/19712","targetHints":{"allow":["GET"]}}],"collection":[{"href":"https:\/\/www.schramas.com\/se\/wp-json\/wp\/v2\/product"}],"about":[{"href":"https:\/\/www.schramas.com\/se\/wp-json\/wp\/v2\/types\/product"}],"version-history":[{"count":0,"href":"https:\/\/www.schramas.com\/se\/wp-json\/wp\/v2\/product\/19712\/revisions"}],"wp:featuredmedia":[{"embeddable":true,"href":"https:\/\/www.schramas.com\/se\/wp-json\/wp\/v2\/media\/19714"}],"wp:attachment":[{"href":"https:\/\/www.schramas.com\/se\/wp-json\/wp\/v2\/media?parent=19712"}],"wp:term":[{"taxonomy":"product_brand","embeddable":true,"href":"https:\/\/www.schramas.com\/se\/wp-json\/wp\/v2\/product_brand?post=19712"},{"taxonomy":"product_cat","embeddable":true,"href":"https:\/\/www.schramas.com\/se\/wp-json\/wp\/v2\/product_cat?post=19712"},{"taxonomy":"product_tag","embeddable":true,"href":"https:\/\/www.schramas.com\/se\/wp-json\/wp\/v2\/product_tag?post=19712"}],"curies":[{"name":"wp","href":"https:\/\/api.w.org\/{rel}","templated":true}]}}