{"id":19868,"date":"2022-07-14T10:43:25","date_gmt":"2022-07-14T08:43:25","guid":{"rendered":"https:\/\/www.schramas.com\/?post_type=product&#038;p=19868"},"modified":"2026-03-26T16:35:01","modified_gmt":"2026-03-26T15:35:01","slug":"vaccinium-vitis-idaea-koralle-lingon-2-liters-kruka","status":"publish","type":"product","link":"https:\/\/www.schramas.com\/se\/butik\/vaccinium-vitis-idaea-koralle-lingon-2-liters-kruka\/","title":{"rendered":"Vaccinium vitis-idaea 'Koralle' r\u00e4vb\u00e4r, 2-liters kruka"},"content":{"rendered":"<p>Vaccinium vitis-idaea &#039;Koralle&#039; \u00e4r ett lingon med sm\u00e5 vita b\u00e4r som blir allt r\u00f6dare i takt med att mognadsprocessen sker. Denna buske blommar med klasar av vita blommor och \u00e4r idealisk att anv\u00e4nda som markt\u00e4ckare. P\u00e5 vintern beh\u00e5ller detta lingon sina blad och \u00e4r frostbest\u00e4ndigt. B\u00e4ren \u00e4r \u00e4tbara fr\u00e5n september och anv\u00e4nds fr\u00e4mst i fruktpur\u00e9 och sylt. De passar bra till viltr\u00e4tter Det \u00e4r en v\u00e4xt med h\u00f6gt prydnadsv\u00e4rde och anv\u00e4nds d\u00e4rf\u00f6r ofta som krukv\u00e4xt.<\/p>\n<p>&nbsp;<\/p>","protected":false},"excerpt":{"rendered":"<p>Vaccinium vitis-idaea 'Koralle' r\u00e4vb\u00e4r<\/p>\n<p>Smak: aromatisk syrlig syrlig eller bitter<\/p>\n<p>Fruktens f\u00e4rg: r\u00f6d<\/p>\n<p>H\u00f6jd: 10 - 30 cm<\/p>\n<p>L\u00e4mplig f\u00f6r b\u00e5de uteplats och \u00f6ppen mark<\/p>\n<p>Hardy.<\/p>\n<p>Leveransh\u00f6jd inkl. kruka: 30 cm<\/p>\n<p>Krukstorlek: 2 liter<\/p>","protected":false},"featured_media":19996,"template":"","meta":{"_joinchat":[]},"product_brand":[],"product_cat":[40,301,262,234,300,229,305],"product_tag":[603,659,906,484,658,351],"class_list":{"0":"post-19868","1":"product","2":"type-product","3":"status-publish","4":"has-post-thumbnail","6":"product_cat-blauwe-bessen","7":"product_cat-bodembedekkers","8":"product_cat-bomen-struiken","9":"product_cat-fruitstruiken","10":"product_cat-heesters","11":"product_cat-sierheesters","12":"product_cat-planten-heesters","13":"product_tag-bessen","14":"product_tag-bodembedekker","15":"product_tag-koralle","16":"product_tag-struik","17":"product_tag-vossenbes","18":"product_tag-winterhard","19":"pa_bloeimaanden-mei","20":"pa_bloeimaanden-juni","21":"pa_bloeimaanden-juli","22":"pa_ewd_uwcf_colors-mixed","23":"pa_ewd_uwcf_colors-rood-2","24":"pa_ewd_uwcf_colors-wit","25":"pa_groeihoogte-30-60-cm","26":"pa_pot-zonder-pot","28":"first","29":"outofstock","30":"taxable","31":"shipping-taxable","32":"purchasable","33":"product-type-simple"},"yoast_head":"<!-- This site is optimized with the Yoast SEO plugin v24.2 - https:\/\/yoast.com\/wordpress\/plugins\/seo\/ -->\n<title>Vaccinium vitis-idaea &#039;Koralle&#039; vossenbes, 2 liter pot kopen | Planten eenvoudig online bestellen | Schramas.com<\/title>\n<meta name=\"robots\" content=\"index, follow, max-snippet:-1, max-image-preview:large, max-video-preview:-1\" \/>\n<link rel=\"canonical\" href=\"https:\/\/www.schramas.com\/se\/butik\/vaccinium-vitis-idaea-koralle-lingon-2-liters-kruka\/\" \/>\n<meta property=\"og:locale\" content=\"sv_SE\" \/>\n<meta property=\"og:type\" content=\"article\" \/>\n<meta property=\"og:title\" content=\"Vaccinium vitis-idaea &#039;Koralle&#039; vossenbes, 2 liter pot kopen | Planten eenvoudig online bestellen | Schramas.com\" \/>\n<meta property=\"og:description\" content=\"Vaccinium vitis-idaea \u2018Koralle\u2019 vossenbes  Smaak: aromatisch wrang zuur of bitter  Kleur vrucht: rood  Hoogte: 10 - 30 cm  Geschikt voor zowel patio als volle grond  Winterhard.  Leverhoogte incl. pot: 30 cm  Pot maat: 2 liter\" \/>\n<meta property=\"og:url\" content=\"https:\/\/www.schramas.com\/se\/butik\/vaccinium-vitis-idaea-koralle-lingon-2-liters-kruka\/\" \/>\n<meta property=\"og:site_name\" content=\"Planten eenvoudig online bestellen | Schramas.com\" \/>\n<meta property=\"article:publisher\" content=\"https:\/\/www.facebook.com\/Schramascom-106872874153195\/\" \/>\n<meta property=\"article:modified_time\" content=\"2026-03-26T15:35:01+00:00\" \/>\n<meta property=\"og:image\" content=\"https:\/\/www.schramas.com\/wp-content\/uploads\/2022\/07\/vaccinium-koralle-sfeer.jpg\" \/>\n\t<meta property=\"og:image:width\" content=\"1200\" \/>\n\t<meta property=\"og:image:height\" content=\"1200\" \/>\n\t<meta property=\"og:image:type\" content=\"image\/jpeg\" \/>\n<meta name=\"twitter:card\" content=\"summary_large_image\" \/>\n<meta name=\"twitter:label1\" content=\"Ber\u00e4knad l\u00e4stid\" \/>\n\t<meta name=\"twitter:data1\" content=\"1 minut\" \/>\n<script type=\"application\/ld+json\" class=\"yoast-schema-graph\">{\"@context\":\"https:\/\/schema.org\",\"@graph\":[{\"@type\":[\"WebPage\",\"ItemPage\"],\"@id\":\"https:\/\/www.schramas.com\/winkel\/vaccinium-vitis-idaea-koralle-vossenbes-2-liter-pot\/\",\"url\":\"https:\/\/www.schramas.com\/winkel\/vaccinium-vitis-idaea-koralle-vossenbes-2-liter-pot\/\",\"name\":\"Vaccinium vitis-idaea 'Koralle' vossenbes, 2 liter pot kopen | Planten eenvoudig online bestellen | Schramas.com\",\"isPartOf\":{\"@id\":\"https:\/\/www.schramas.com\/#website\"},\"primaryImageOfPage\":{\"@id\":\"https:\/\/www.schramas.com\/winkel\/vaccinium-vitis-idaea-koralle-vossenbes-2-liter-pot\/#primaryimage\"},\"image\":{\"@id\":\"https:\/\/www.schramas.com\/winkel\/vaccinium-vitis-idaea-koralle-vossenbes-2-liter-pot\/#primaryimage\"},\"thumbnailUrl\":\"https:\/\/www.schramas.com\/wp-content\/uploads\/2022\/07\/vaccinium-koralle-sfeer.jpg\",\"datePublished\":\"2022-07-14T08:43:25+00:00\",\"dateModified\":\"2026-03-26T15:35:01+00:00\",\"breadcrumb\":{\"@id\":\"https:\/\/www.schramas.com\/winkel\/vaccinium-vitis-idaea-koralle-vossenbes-2-liter-pot\/#breadcrumb\"},\"inLanguage\":\"sv-SE\",\"potentialAction\":[{\"@type\":\"ReadAction\",\"target\":[\"https:\/\/www.schramas.com\/winkel\/vaccinium-vitis-idaea-koralle-vossenbes-2-liter-pot\/\"]}]},{\"@type\":\"ImageObject\",\"inLanguage\":\"sv-SE\",\"@id\":\"https:\/\/www.schramas.com\/winkel\/vaccinium-vitis-idaea-koralle-vossenbes-2-liter-pot\/#primaryimage\",\"url\":\"https:\/\/www.schramas.com\/wp-content\/uploads\/2022\/07\/vaccinium-koralle-sfeer.jpg\",\"contentUrl\":\"https:\/\/www.schramas.com\/wp-content\/uploads\/2022\/07\/vaccinium-koralle-sfeer.jpg\",\"width\":1200,\"height\":1200},{\"@type\":\"BreadcrumbList\",\"@id\":\"https:\/\/www.schramas.com\/winkel\/vaccinium-vitis-idaea-koralle-vossenbes-2-liter-pot\/#breadcrumb\",\"itemListElement\":[{\"@type\":\"ListItem\",\"position\":1,\"name\":\"Product\",\"item\":\"https:\/\/www.schramas.com\/assortiment\/\"},{\"@type\":\"ListItem\",\"position\":2,\"name\":\"Bomen &amp; Struiken\",\"item\":\"https:\/\/www.schramas.com\/product-category\/bomen-struiken\/\"},{\"@type\":\"ListItem\",\"position\":3,\"name\":\"Vaccinium vitis-idaea &#8216;Koralle&#8217; vossenbes, 2 liter pot\"}]},{\"@type\":\"WebSite\",\"@id\":\"https:\/\/www.schramas.com\/#website\",\"url\":\"https:\/\/www.schramas.com\/\",\"name\":\"Schramas.com | Tuinplanten eenvoudig online bestellen | Direct van onze Kwekerij\",\"description\":\"\",\"alternateName\":\"Schramas.com - Alle planten direct van de kweker\",\"potentialAction\":[{\"@type\":\"SearchAction\",\"target\":{\"@type\":\"EntryPoint\",\"urlTemplate\":\"https:\/\/www.schramas.com\/?s={search_term_string}\"},\"query-input\":{\"@type\":\"PropertyValueSpecification\",\"valueRequired\":true,\"valueName\":\"search_term_string\"}}],\"inLanguage\":\"sv-SE\"}]}<\/script>\n<!-- \/ Yoast SEO plugin. -->","yoast_head_json":{"title":"K\u00f6p Vaccinium vitis-idaea &#039;Koralle&#039; lingon, 2 liters kruka | Best\u00e4ll enkelt v\u00e4xter online | Schramas.com","robots":{"index":"index","follow":"follow","max-snippet":"max-snippet:-1","max-image-preview":"max-image-preview:large","max-video-preview":"max-video-preview:-1"},"canonical":"https:\/\/www.schramas.com\/se\/butik\/vaccinium-vitis-idaea-koralle-lingon-2-liters-kruka\/","og_locale":"sv_SE","og_type":"article","og_title":"Vaccinium vitis-idaea 'Koralle' vossenbes, 2 liter pot kopen | Planten eenvoudig online bestellen | Schramas.com","og_description":"Vaccinium vitis-idaea \u2018Koralle\u2019 vossenbes  Smaak: aromatisch wrang zuur of bitter  Kleur vrucht: rood  Hoogte: 10 - 30 cm  Geschikt voor zowel patio als volle grond  Winterhard.  Leverhoogte incl. pot: 30 cm  Pot maat: 2 liter","og_url":"https:\/\/www.schramas.com\/se\/butik\/vaccinium-vitis-idaea-koralle-lingon-2-liters-kruka\/","og_site_name":"Planten eenvoudig online bestellen | Schramas.com","article_publisher":"https:\/\/www.facebook.com\/Schramascom-106872874153195\/","article_modified_time":"2026-03-26T15:35:01+00:00","og_image":[{"width":1200,"height":1200,"url":"https:\/\/www.schramas.com\/wp-content\/uploads\/2022\/07\/vaccinium-koralle-sfeer.jpg","type":"image\/jpeg"}],"twitter_card":"summary_large_image","twitter_misc":{"Ber\u00e4knad l\u00e4stid":"1 minut"},"schema":{"@context":"https:\/\/schema.org","@graph":[{"@type":["WebPage","ItemPage"],"@id":"https:\/\/www.schramas.com\/winkel\/vaccinium-vitis-idaea-koralle-vossenbes-2-liter-pot\/","url":"https:\/\/www.schramas.com\/winkel\/vaccinium-vitis-idaea-koralle-vossenbes-2-liter-pot\/","name":"K\u00f6p Vaccinium vitis-idaea &#039;Koralle&#039; lingon, 2 liters kruka | Best\u00e4ll enkelt v\u00e4xter online | Schramas.com","isPartOf":{"@id":"https:\/\/www.schramas.com\/#website"},"primaryImageOfPage":{"@id":"https:\/\/www.schramas.com\/winkel\/vaccinium-vitis-idaea-koralle-vossenbes-2-liter-pot\/#primaryimage"},"image":{"@id":"https:\/\/www.schramas.com\/winkel\/vaccinium-vitis-idaea-koralle-vossenbes-2-liter-pot\/#primaryimage"},"thumbnailUrl":"https:\/\/www.schramas.com\/wp-content\/uploads\/2022\/07\/vaccinium-koralle-sfeer.jpg","datePublished":"2022-07-14T08:43:25+00:00","dateModified":"2026-03-26T15:35:01+00:00","breadcrumb":{"@id":"https:\/\/www.schramas.com\/winkel\/vaccinium-vitis-idaea-koralle-vossenbes-2-liter-pot\/#breadcrumb"},"inLanguage":"sv-SE","potentialAction":[{"@type":"ReadAction","target":["https:\/\/www.schramas.com\/winkel\/vaccinium-vitis-idaea-koralle-vossenbes-2-liter-pot\/"]}]},{"@type":"ImageObject","inLanguage":"sv-SE","@id":"https:\/\/www.schramas.com\/winkel\/vaccinium-vitis-idaea-koralle-vossenbes-2-liter-pot\/#primaryimage","url":"https:\/\/www.schramas.com\/wp-content\/uploads\/2022\/07\/vaccinium-koralle-sfeer.jpg","contentUrl":"https:\/\/www.schramas.com\/wp-content\/uploads\/2022\/07\/vaccinium-koralle-sfeer.jpg","width":1200,"height":1200},{"@type":"BreadcrumbList","@id":"https:\/\/www.schramas.com\/winkel\/vaccinium-vitis-idaea-koralle-vossenbes-2-liter-pot\/#breadcrumb","itemListElement":[{"@type":"ListItem","position":1,"name":"Product","item":"https:\/\/www.schramas.com\/assortiment\/"},{"@type":"ListItem","position":2,"name":"Bomen &amp; Struiken","item":"https:\/\/www.schramas.com\/product-category\/bomen-struiken\/"},{"@type":"ListItem","position":3,"name":"Vaccinium vitis-idaea &#8216;Koralle&#8217; vossenbes, 2 liter pot"}]},{"@type":"WebSite","@id":"https:\/\/www.schramas.com\/#website","url":"https:\/\/www.schramas.com\/","name":"Schramas.com | Tr\u00e4dg\u00e5rdsv\u00e4xter som enkelt kan best\u00e4llas online | Direkt fr\u00e5n v\u00e5r plantskola","description":"","alternateName":"Schramas.com - Alle planten direct van de kweker","potentialAction":[{"@type":"SearchAction","target":{"@type":"EntryPoint","urlTemplate":"https:\/\/www.schramas.com\/?s={search_term_string}"},"query-input":{"@type":"PropertyValueSpecification","valueRequired":true,"valueName":"search_term_string"}}],"inLanguage":"sv-SE"}]}},"_links":{"self":[{"href":"https:\/\/www.schramas.com\/se\/wp-json\/wp\/v2\/product\/19868","targetHints":{"allow":["GET"]}}],"collection":[{"href":"https:\/\/www.schramas.com\/se\/wp-json\/wp\/v2\/product"}],"about":[{"href":"https:\/\/www.schramas.com\/se\/wp-json\/wp\/v2\/types\/product"}],"version-history":[{"count":0,"href":"https:\/\/www.schramas.com\/se\/wp-json\/wp\/v2\/product\/19868\/revisions"}],"wp:featuredmedia":[{"embeddable":true,"href":"https:\/\/www.schramas.com\/se\/wp-json\/wp\/v2\/media\/19996"}],"wp:attachment":[{"href":"https:\/\/www.schramas.com\/se\/wp-json\/wp\/v2\/media?parent=19868"}],"wp:term":[{"taxonomy":"product_brand","embeddable":true,"href":"https:\/\/www.schramas.com\/se\/wp-json\/wp\/v2\/product_brand?post=19868"},{"taxonomy":"product_cat","embeddable":true,"href":"https:\/\/www.schramas.com\/se\/wp-json\/wp\/v2\/product_cat?post=19868"},{"taxonomy":"product_tag","embeddable":true,"href":"https:\/\/www.schramas.com\/se\/wp-json\/wp\/v2\/product_tag?post=19868"}],"curies":[{"name":"wp","href":"https:\/\/api.w.org\/{rel}","templated":true}]}}