{"id":20419,"date":"2022-09-08T10:47:46","date_gmt":"2022-09-08T08:47:46","guid":{"rendered":"https:\/\/www.schramas.com\/?post_type=product&#038;p=20419"},"modified":"2026-03-26T16:35:10","modified_gmt":"2026-03-26T15:35:10","slug":"set-om-2-citrusvaxter-lime-citron-hojd-60cm-2-liter-kruka","status":"publish","type":"product","link":"https:\/\/www.schramas.com\/se\/butik\/set-om-2-citrusvaxter-lime-citron-hojd-60cm-2-liter-kruka\/","title":{"rendered":"Set med 2 citrusv\u00e4xter - Lime &amp; Lemon - H\u00f6jd +60cm - 2 liters kruka"},"content":{"rendered":"<p>Eftersom dessa Citrus-v\u00e4xter odlas i krukor kan de planteras eller omplanteras \u00e5ret runt.<\/p>\n<p>&nbsp;<\/p>\n<p><b>sort ett: Citrus auratifolia 'Lime'<\/b><\/p>\n<p>Citrus auratifolia 'lime', \u00e4ven kallad lind, ger en ljuvligt s\u00f6t doft under blomningen p\u00e5 uteplatsen eller balkongen. Det \u00e4r en l\u00e4ttodlad v\u00e4xt som ger bra frukt. Behandla limen som en riktig krukv\u00e4xt, vilket inneb\u00e4r att den b\u00f6r flyttas inomhus p\u00e5 vintern i ett v\u00e4xthus eller frostfritt utomhusv\u00e4xthus. I ett v\u00e4xthus blommar denna v\u00e4xt n\u00e4stan \u00e5ret runt. Den kan besk\u00e4ras tillbaka i september och l\u00e4mna 1\/3 av skotten kvar f\u00f6r att h\u00e5lla plantan full.<\/p>\n<p><strong>Produktspecifikationer<\/strong><\/p>\n<ul>\n<li>Citrus auratifolia 'Lime'<\/li>\n<li>Fruktens f\u00e4rg: gr\u00f6n<\/li>\n<li>Max. h\u00f6jd +\/_ 200 cm<\/li>\n<li>Tubv\u00e4xt med vackra blad<\/li>\n<li>Inte h\u00e4rdig, frostk\u00e4nslig.<\/li>\n<\/ul>\n<p>&nbsp;<\/p>\n<p><b>sort tv\u00e5: Citrus limon 'Citronplanta<\/b><\/p>\n<p>Citrus limon 'Lemon', \u00e4ven kallat citrontr\u00e4d, ger ocks\u00e5 en h\u00e4rlig s\u00f6t doft under blomningen. Det \u00e4r en l\u00e4ttodlad v\u00e4xt som ger bra frukt. Behandla citronen som en riktig krukv\u00e4xt, vilket inneb\u00e4r att den b\u00f6r flyttas inomhus p\u00e5 vintern i ett v\u00e4xthus eller frostfritt utomhusv\u00e4xthus. I ett v\u00e4xthus blommar den h\u00e4r v\u00e4xten n\u00e4stan \u00e5ret runt. Den kan besk\u00e4ras tillbaka i september och l\u00e4mna 1\/3 av skotten kvar f\u00f6r att h\u00e5lla plantan full.<\/p>\n<p><strong>Produktspecifikationer<\/strong><\/p>\n<ul>\n<li>Citrus limon 'Citron<\/li>\n<li>Citrontr\u00e4d.<\/li>\n<li>Fruktens f\u00e4rg: gul<\/li>\n<li>Max. h\u00f6jd +\/_ 200 cm<\/li>\n<li>Tubv\u00e4xt med doftande blad<\/li>\n<li>Inte h\u00e4rdig, frostk\u00e4nslig.<\/li>\n<li><\/li>\n<\/ul>","protected":false},"excerpt":{"rendered":"<p>Ett: Citrus auratifolia 'Lime'<\/p>\n<p>Tv\u00e5: Citrus limon 'Citronv\u00e4xt'<\/p>\n<p>Leveransh\u00f6jd inkl. kruka: ca 60 cm<\/p>\n<p>Krukstorlek: 2 liter<\/p>","protected":false},"featured_media":27105,"template":"","meta":{"_joinchat":[]},"product_brand":[],"product_cat":[262,946,1011,233,867],"product_tag":[948,782,832,879],"class_list":{"0":"post-20419","1":"product","2":"type-product","3":"status-publish","4":"has-post-thumbnail","6":"product_cat-bomen-struiken","7":"product_cat-citrus","8":"product_cat-fruit-deals","9":"product_cat-fruitbomen","10":"product_cat-pakket-deals","11":"product_tag-citroen","12":"product_tag-citrus","13":"product_tag-limoen","14":"product_tag-pakketdeal","16":"first","17":"outofstock","18":"taxable","19":"shipping-taxable","20":"purchasable","21":"product-type-simple"},"yoast_head":"<!-- This site is optimized with the Yoast SEO plugin v24.2 - https:\/\/yoast.com\/wordpress\/plugins\/seo\/ -->\n<title>Set van 2 Citrus planten- Limoen &amp; Citroen - Hoogte +60cm - 2 Liter pot kopen | Planten eenvoudig online bestellen | Schramas.com<\/title>\n<meta name=\"robots\" content=\"index, follow, max-snippet:-1, max-image-preview:large, max-video-preview:-1\" \/>\n<link rel=\"canonical\" href=\"https:\/\/www.schramas.com\/se\/butik\/set-om-2-citrusvaxter-lime-citron-hojd-60cm-2-liter-kruka\/\" \/>\n<meta property=\"og:locale\" content=\"sv_SE\" \/>\n<meta property=\"og:type\" content=\"article\" \/>\n<meta property=\"og:title\" content=\"Set van 2 Citrus planten- Limoen &amp; Citroen - Hoogte +60cm - 2 Liter pot kopen | Planten eenvoudig online bestellen | Schramas.com\" \/>\n<meta property=\"og:description\" content=\"\u00c9\u00e9n: Citrus auratifolia \u2018Limoen\u2019  Twee: Citrus limon &#039;Citroenplant&#039;  Leverhoogte incl. pot: ca. 60 cm  Potmaat: 2 liter\" \/>\n<meta property=\"og:url\" content=\"https:\/\/www.schramas.com\/se\/butik\/set-om-2-citrusvaxter-lime-citron-hojd-60cm-2-liter-kruka\/\" \/>\n<meta property=\"og:site_name\" content=\"Planten eenvoudig online bestellen | Schramas.com\" \/>\n<meta property=\"article:publisher\" content=\"https:\/\/www.facebook.com\/Schramascom-106872874153195\/\" \/>\n<meta property=\"article:modified_time\" content=\"2026-03-26T15:35:10+00:00\" \/>\n<meta property=\"og:image\" content=\"https:\/\/www.schramas.com\/wp-content\/uploads\/2022\/09\/Pakketdeal-set-Limoen-Citroen-2L.jpg\" \/>\n\t<meta property=\"og:image:width\" content=\"1600\" \/>\n\t<meta property=\"og:image:height\" content=\"1600\" \/>\n\t<meta property=\"og:image:type\" content=\"image\/jpeg\" \/>\n<meta name=\"twitter:card\" content=\"summary_large_image\" \/>\n<meta name=\"twitter:label1\" content=\"Ber\u00e4knad l\u00e4stid\" \/>\n\t<meta name=\"twitter:data1\" content=\"2 minuter\" \/>\n<script type=\"application\/ld+json\" class=\"yoast-schema-graph\">{\"@context\":\"https:\/\/schema.org\",\"@graph\":[{\"@type\":[\"WebPage\",\"ItemPage\"],\"@id\":\"https:\/\/www.schramas.com\/winkel\/set-van-2-citrus-planten-limoen-citroen-hoogte-60cm-2-liter-pot\/\",\"url\":\"https:\/\/www.schramas.com\/winkel\/set-van-2-citrus-planten-limoen-citroen-hoogte-60cm-2-liter-pot\/\",\"name\":\"Set van 2 Citrus planten- Limoen &amp; Citroen - Hoogte +60cm - 2 Liter pot kopen | Planten eenvoudig online bestellen | Schramas.com\",\"isPartOf\":{\"@id\":\"https:\/\/www.schramas.com\/#website\"},\"primaryImageOfPage\":{\"@id\":\"https:\/\/www.schramas.com\/winkel\/set-van-2-citrus-planten-limoen-citroen-hoogte-60cm-2-liter-pot\/#primaryimage\"},\"image\":{\"@id\":\"https:\/\/www.schramas.com\/winkel\/set-van-2-citrus-planten-limoen-citroen-hoogte-60cm-2-liter-pot\/#primaryimage\"},\"thumbnailUrl\":\"https:\/\/www.schramas.com\/wp-content\/uploads\/2022\/09\/Pakketdeal-set-Limoen-Citroen-2L.jpg\",\"datePublished\":\"2022-09-08T08:47:46+00:00\",\"dateModified\":\"2026-03-26T15:35:10+00:00\",\"breadcrumb\":{\"@id\":\"https:\/\/www.schramas.com\/winkel\/set-van-2-citrus-planten-limoen-citroen-hoogte-60cm-2-liter-pot\/#breadcrumb\"},\"inLanguage\":\"sv-SE\",\"potentialAction\":[{\"@type\":\"ReadAction\",\"target\":[\"https:\/\/www.schramas.com\/winkel\/set-van-2-citrus-planten-limoen-citroen-hoogte-60cm-2-liter-pot\/\"]}]},{\"@type\":\"ImageObject\",\"inLanguage\":\"sv-SE\",\"@id\":\"https:\/\/www.schramas.com\/winkel\/set-van-2-citrus-planten-limoen-citroen-hoogte-60cm-2-liter-pot\/#primaryimage\",\"url\":\"https:\/\/www.schramas.com\/wp-content\/uploads\/2022\/09\/Pakketdeal-set-Limoen-Citroen-2L.jpg\",\"contentUrl\":\"https:\/\/www.schramas.com\/wp-content\/uploads\/2022\/09\/Pakketdeal-set-Limoen-Citroen-2L.jpg\",\"width\":1600,\"height\":1600},{\"@type\":\"BreadcrumbList\",\"@id\":\"https:\/\/www.schramas.com\/winkel\/set-van-2-citrus-planten-limoen-citroen-hoogte-60cm-2-liter-pot\/#breadcrumb\",\"itemListElement\":[{\"@type\":\"ListItem\",\"position\":1,\"name\":\"Product\",\"item\":\"https:\/\/www.schramas.com\/assortiment\/\"},{\"@type\":\"ListItem\",\"position\":2,\"name\":\"Pakketdeals\",\"item\":\"https:\/\/www.schramas.com\/product-category\/pakket-deals\/\"},{\"@type\":\"ListItem\",\"position\":3,\"name\":\"Set van 2 Citrus planten- Limoen &amp; Citroen &#8211; Hoogte +60cm &#8211; 2 Liter pot\"}]},{\"@type\":\"WebSite\",\"@id\":\"https:\/\/www.schramas.com\/#website\",\"url\":\"https:\/\/www.schramas.com\/\",\"name\":\"Schramas.com | Tuinplanten eenvoudig online bestellen | Direct van onze Kwekerij\",\"description\":\"\",\"alternateName\":\"Schramas.com - Alle planten direct van de kweker\",\"potentialAction\":[{\"@type\":\"SearchAction\",\"target\":{\"@type\":\"EntryPoint\",\"urlTemplate\":\"https:\/\/www.schramas.com\/?s={search_term_string}\"},\"query-input\":{\"@type\":\"PropertyValueSpecification\",\"valueRequired\":true,\"valueName\":\"search_term_string\"}}],\"inLanguage\":\"sv-SE\"}]}<\/script>\n<!-- \/ Yoast SEO plugin. -->","yoast_head_json":{"title":"Set med 2 Citrusv\u00e4xter - Lime &amp; Lemon - H\u00f6jd +60cm - K\u00f6p 2 liters kruka | K\u00f6p v\u00e4xter enkelt online | Schramas.com","robots":{"index":"index","follow":"follow","max-snippet":"max-snippet:-1","max-image-preview":"max-image-preview:large","max-video-preview":"max-video-preview:-1"},"canonical":"https:\/\/www.schramas.com\/se\/butik\/set-om-2-citrusvaxter-lime-citron-hojd-60cm-2-liter-kruka\/","og_locale":"sv_SE","og_type":"article","og_title":"Set van 2 Citrus planten- Limoen &amp; Citroen - Hoogte +60cm - 2 Liter pot kopen | Planten eenvoudig online bestellen | Schramas.com","og_description":"\u00c9\u00e9n: Citrus auratifolia \u2018Limoen\u2019  Twee: Citrus limon 'Citroenplant'  Leverhoogte incl. pot: ca. 60 cm  Potmaat: 2 liter","og_url":"https:\/\/www.schramas.com\/se\/butik\/set-om-2-citrusvaxter-lime-citron-hojd-60cm-2-liter-kruka\/","og_site_name":"Planten eenvoudig online bestellen | Schramas.com","article_publisher":"https:\/\/www.facebook.com\/Schramascom-106872874153195\/","article_modified_time":"2026-03-26T15:35:10+00:00","og_image":[{"width":1600,"height":1600,"url":"https:\/\/www.schramas.com\/wp-content\/uploads\/2022\/09\/Pakketdeal-set-Limoen-Citroen-2L.jpg","type":"image\/jpeg"}],"twitter_card":"summary_large_image","twitter_misc":{"Ber\u00e4knad l\u00e4stid":"2 minuter"},"schema":{"@context":"https:\/\/schema.org","@graph":[{"@type":["WebPage","ItemPage"],"@id":"https:\/\/www.schramas.com\/winkel\/set-van-2-citrus-planten-limoen-citroen-hoogte-60cm-2-liter-pot\/","url":"https:\/\/www.schramas.com\/winkel\/set-van-2-citrus-planten-limoen-citroen-hoogte-60cm-2-liter-pot\/","name":"Set med 2 Citrusv\u00e4xter - Lime &amp; Lemon - H\u00f6jd +60cm - K\u00f6p 2 liters kruka | K\u00f6p v\u00e4xter enkelt online | Schramas.com","isPartOf":{"@id":"https:\/\/www.schramas.com\/#website"},"primaryImageOfPage":{"@id":"https:\/\/www.schramas.com\/winkel\/set-van-2-citrus-planten-limoen-citroen-hoogte-60cm-2-liter-pot\/#primaryimage"},"image":{"@id":"https:\/\/www.schramas.com\/winkel\/set-van-2-citrus-planten-limoen-citroen-hoogte-60cm-2-liter-pot\/#primaryimage"},"thumbnailUrl":"https:\/\/www.schramas.com\/wp-content\/uploads\/2022\/09\/Pakketdeal-set-Limoen-Citroen-2L.jpg","datePublished":"2022-09-08T08:47:46+00:00","dateModified":"2026-03-26T15:35:10+00:00","breadcrumb":{"@id":"https:\/\/www.schramas.com\/winkel\/set-van-2-citrus-planten-limoen-citroen-hoogte-60cm-2-liter-pot\/#breadcrumb"},"inLanguage":"sv-SE","potentialAction":[{"@type":"ReadAction","target":["https:\/\/www.schramas.com\/winkel\/set-van-2-citrus-planten-limoen-citroen-hoogte-60cm-2-liter-pot\/"]}]},{"@type":"ImageObject","inLanguage":"sv-SE","@id":"https:\/\/www.schramas.com\/winkel\/set-van-2-citrus-planten-limoen-citroen-hoogte-60cm-2-liter-pot\/#primaryimage","url":"https:\/\/www.schramas.com\/wp-content\/uploads\/2022\/09\/Pakketdeal-set-Limoen-Citroen-2L.jpg","contentUrl":"https:\/\/www.schramas.com\/wp-content\/uploads\/2022\/09\/Pakketdeal-set-Limoen-Citroen-2L.jpg","width":1600,"height":1600},{"@type":"BreadcrumbList","@id":"https:\/\/www.schramas.com\/winkel\/set-van-2-citrus-planten-limoen-citroen-hoogte-60cm-2-liter-pot\/#breadcrumb","itemListElement":[{"@type":"ListItem","position":1,"name":"Product","item":"https:\/\/www.schramas.com\/assortiment\/"},{"@type":"ListItem","position":2,"name":"Pakketdeals","item":"https:\/\/www.schramas.com\/product-category\/pakket-deals\/"},{"@type":"ListItem","position":3,"name":"Set van 2 Citrus planten- Limoen &amp; Citroen &#8211; Hoogte +60cm &#8211; 2 Liter pot"}]},{"@type":"WebSite","@id":"https:\/\/www.schramas.com\/#website","url":"https:\/\/www.schramas.com\/","name":"Schramas.com | Tr\u00e4dg\u00e5rdsv\u00e4xter som enkelt kan best\u00e4llas online | Direkt fr\u00e5n v\u00e5r plantskola","description":"","alternateName":"Schramas.com - Alle planten direct van de kweker","potentialAction":[{"@type":"SearchAction","target":{"@type":"EntryPoint","urlTemplate":"https:\/\/www.schramas.com\/?s={search_term_string}"},"query-input":{"@type":"PropertyValueSpecification","valueRequired":true,"valueName":"search_term_string"}}],"inLanguage":"sv-SE"}]}},"_links":{"self":[{"href":"https:\/\/www.schramas.com\/se\/wp-json\/wp\/v2\/product\/20419","targetHints":{"allow":["GET"]}}],"collection":[{"href":"https:\/\/www.schramas.com\/se\/wp-json\/wp\/v2\/product"}],"about":[{"href":"https:\/\/www.schramas.com\/se\/wp-json\/wp\/v2\/types\/product"}],"version-history":[{"count":1,"href":"https:\/\/www.schramas.com\/se\/wp-json\/wp\/v2\/product\/20419\/revisions"}],"predecessor-version":[{"id":38209,"href":"https:\/\/www.schramas.com\/se\/wp-json\/wp\/v2\/product\/20419\/revisions\/38209"}],"wp:featuredmedia":[{"embeddable":true,"href":"https:\/\/www.schramas.com\/se\/wp-json\/wp\/v2\/media\/27105"}],"wp:attachment":[{"href":"https:\/\/www.schramas.com\/se\/wp-json\/wp\/v2\/media?parent=20419"}],"wp:term":[{"taxonomy":"product_brand","embeddable":true,"href":"https:\/\/www.schramas.com\/se\/wp-json\/wp\/v2\/product_brand?post=20419"},{"taxonomy":"product_cat","embeddable":true,"href":"https:\/\/www.schramas.com\/se\/wp-json\/wp\/v2\/product_cat?post=20419"},{"taxonomy":"product_tag","embeddable":true,"href":"https:\/\/www.schramas.com\/se\/wp-json\/wp\/v2\/product_tag?post=20419"}],"curies":[{"name":"wp","href":"https:\/\/api.w.org\/{rel}","templated":true}]}}