{"id":20544,"date":"2022-09-19T11:29:48","date_gmt":"2022-09-19T09:29:48","guid":{"rendered":"https:\/\/www.schramas.com\/?post_type=product&#038;p=20544"},"modified":"2026-03-26T16:35:12","modified_gmt":"2026-03-26T15:35:12","slug":"vaccinium-corymbosum-blue-crop-blabar-9cm-kruka","status":"publish","type":"product","link":"https:\/\/www.schramas.com\/se\/butik\/vaccinium-corymbosum-blue-crop-blabar-9cm-kruka\/","title":{"rendered":"Vaccinium corymbosum 'Blue crop' bl\u00e5b\u00e4r, 9cm kruka"},"content":{"rendered":"<p>Vaccinium corymbosum 'Blue crop' har medelstora, m\u00f6rkbl\u00e5, friskt s\u00f6ta b\u00e4r.<\/p>\n<p>Plantan levereras med en planth\u00f6jd p\u00e5 ca 30 cm inklusive kruka.<\/p>","protected":false},"excerpt":{"rendered":"<p>Vaainium corymbosum 'Bl\u00e5 gr\u00f6da<\/p>\n<p>Bl\u00e5b\u00e4r<\/p>\n<p>Smak: frisk s\u00f6t<\/p>\n<p>F\u00e4rg frukt m\u00f6rkbl\u00e5.<\/p>\n<p>Max h\u00f6jd: 1,75 meter<\/p>\n<p>L\u00e4mplig f\u00f6r b\u00e5de uteplats och \u00f6ppen mark<\/p>\n<p>Sj\u00e4lvpollinerande.<\/p>\n<p>Hardy.<\/p>\n<p>Leveransh\u00f6jd inkl. kruka: +\/_30 cm<\/p>\n<p>Krukstorlek: 9cm kruka<\/p>","protected":false},"featured_media":20545,"template":"","meta":{"_joinchat":[]},"product_brand":[],"product_cat":[40,262,234],"product_tag":[640,669,663,656,351,316],"class_list":{"0":"post-20544","1":"product","2":"type-product","3":"status-publish","4":"has-post-thumbnail","6":"product_cat-blauwe-bessen","7":"product_cat-bomen-struiken","8":"product_cat-fruitstruiken","9":"product_tag-blauwe-bes","10":"product_tag-middel-laat","11":"product_tag-vaccinium","12":"product_tag-vitamine","13":"product_tag-winterhard","14":"product_tag-zelfbestuivend","15":"pa_bloeimaanden-mei","16":"pa_groeihoogte-150-200-cm","17":"pa_pot-9-cm-pot","19":"first","20":"instock","21":"taxable","22":"shipping-taxable","23":"purchasable","24":"product-type-simple"},"yoast_head":"<!-- This site is optimized with the Yoast SEO plugin v24.2 - https:\/\/yoast.com\/wordpress\/plugins\/seo\/ -->\n<title>Vaccinium corymbosum &#039;Blue crop&#039; blauwe bes, 9cm pot kopen | Planten eenvoudig online bestellen | Schramas.com<\/title>\n<meta name=\"robots\" content=\"index, follow, max-snippet:-1, max-image-preview:large, max-video-preview:-1\" \/>\n<link rel=\"canonical\" href=\"https:\/\/www.schramas.com\/se\/butik\/vaccinium-corymbosum-blue-crop-blabar-9cm-kruka\/\" \/>\n<meta property=\"og:locale\" content=\"sv_SE\" \/>\n<meta property=\"og:type\" content=\"article\" \/>\n<meta property=\"og:title\" content=\"Vaccinium corymbosum &#039;Blue crop&#039; blauwe bes, 9cm pot kopen | Planten eenvoudig online bestellen | Schramas.com\" \/>\n<meta property=\"og:description\" content=\"Vaainium corymbosum &#039;Blue crop&#039;  Blauwe bes  Smaak: fris zoet  Kleur vrucht donker blauw.  Hoogte max: 1,75 meter  Geschikt voor zowel patio als volle grond  Zelf bestuivend.  Winterhard.  Leverhoogte incl. pot: +\/_30 cm  Pot maat: 9cm pot\" \/>\n<meta property=\"og:url\" content=\"https:\/\/www.schramas.com\/se\/butik\/vaccinium-corymbosum-blue-crop-blabar-9cm-kruka\/\" \/>\n<meta property=\"og:site_name\" content=\"Planten eenvoudig online bestellen | Schramas.com\" \/>\n<meta property=\"article:publisher\" content=\"https:\/\/www.facebook.com\/Schramascom-106872874153195\/\" \/>\n<meta property=\"article:modified_time\" content=\"2026-03-26T15:35:12+00:00\" \/>\n<meta property=\"og:image\" content=\"https:\/\/www.schramas.com\/wp-content\/uploads\/2022\/09\/bluecrop-sfeer-9cm.jpg\" \/>\n\t<meta property=\"og:image:width\" content=\"1200\" \/>\n\t<meta property=\"og:image:height\" content=\"1200\" \/>\n\t<meta property=\"og:image:type\" content=\"image\/jpeg\" \/>\n<meta name=\"twitter:card\" content=\"summary_large_image\" \/>\n<meta name=\"twitter:label1\" content=\"Ber\u00e4knad l\u00e4stid\" \/>\n\t<meta name=\"twitter:data1\" content=\"1 minut\" \/>\n<script type=\"application\/ld+json\" class=\"yoast-schema-graph\">{\"@context\":\"https:\/\/schema.org\",\"@graph\":[{\"@type\":[\"WebPage\",\"ItemPage\"],\"@id\":\"https:\/\/www.schramas.com\/winkel\/vaccinium-corymbosum-blue-crop-blauwe-bes-9cm-pot\/\",\"url\":\"https:\/\/www.schramas.com\/winkel\/vaccinium-corymbosum-blue-crop-blauwe-bes-9cm-pot\/\",\"name\":\"Vaccinium corymbosum 'Blue crop' blauwe bes, 9cm pot kopen | Planten eenvoudig online bestellen | Schramas.com\",\"isPartOf\":{\"@id\":\"https:\/\/www.schramas.com\/#website\"},\"primaryImageOfPage\":{\"@id\":\"https:\/\/www.schramas.com\/winkel\/vaccinium-corymbosum-blue-crop-blauwe-bes-9cm-pot\/#primaryimage\"},\"image\":{\"@id\":\"https:\/\/www.schramas.com\/winkel\/vaccinium-corymbosum-blue-crop-blauwe-bes-9cm-pot\/#primaryimage\"},\"thumbnailUrl\":\"https:\/\/www.schramas.com\/wp-content\/uploads\/2022\/09\/bluecrop-sfeer-9cm.jpg\",\"datePublished\":\"2022-09-19T09:29:48+00:00\",\"dateModified\":\"2026-03-26T15:35:12+00:00\",\"breadcrumb\":{\"@id\":\"https:\/\/www.schramas.com\/winkel\/vaccinium-corymbosum-blue-crop-blauwe-bes-9cm-pot\/#breadcrumb\"},\"inLanguage\":\"sv-SE\",\"potentialAction\":[{\"@type\":\"ReadAction\",\"target\":[\"https:\/\/www.schramas.com\/winkel\/vaccinium-corymbosum-blue-crop-blauwe-bes-9cm-pot\/\"]}]},{\"@type\":\"ImageObject\",\"inLanguage\":\"sv-SE\",\"@id\":\"https:\/\/www.schramas.com\/winkel\/vaccinium-corymbosum-blue-crop-blauwe-bes-9cm-pot\/#primaryimage\",\"url\":\"https:\/\/www.schramas.com\/wp-content\/uploads\/2022\/09\/bluecrop-sfeer-9cm.jpg\",\"contentUrl\":\"https:\/\/www.schramas.com\/wp-content\/uploads\/2022\/09\/bluecrop-sfeer-9cm.jpg\",\"width\":1200,\"height\":1200},{\"@type\":\"BreadcrumbList\",\"@id\":\"https:\/\/www.schramas.com\/winkel\/vaccinium-corymbosum-blue-crop-blauwe-bes-9cm-pot\/#breadcrumb\",\"itemListElement\":[{\"@type\":\"ListItem\",\"position\":1,\"name\":\"Product\",\"item\":\"https:\/\/www.schramas.com\/assortiment\/\"},{\"@type\":\"ListItem\",\"position\":2,\"name\":\"Bomen &amp; Struiken\",\"item\":\"https:\/\/www.schramas.com\/product-category\/bomen-struiken\/\"},{\"@type\":\"ListItem\",\"position\":3,\"name\":\"Fruitstruiken\",\"item\":\"https:\/\/www.schramas.com\/de\/produktkategorie\/baume-und-straucher\/obststraucher\/\"},{\"@type\":\"ListItem\",\"position\":4,\"name\":\"Blauwe bessen\",\"item\":\"https:\/\/www.schramas.com\/de\/produktkategorie\/baume-und-straucher\/obststraucher\/blaubeeren\/\"},{\"@type\":\"ListItem\",\"position\":5,\"name\":\"Vaccinium corymbosum &#8216;Blue crop&#8217; blauwe bes, 9cm pot\"}]},{\"@type\":\"WebSite\",\"@id\":\"https:\/\/www.schramas.com\/#website\",\"url\":\"https:\/\/www.schramas.com\/\",\"name\":\"Schramas.com | Tuinplanten eenvoudig online bestellen | Direct van onze Kwekerij\",\"description\":\"\",\"alternateName\":\"Schramas.com - Alle planten direct van de kweker\",\"potentialAction\":[{\"@type\":\"SearchAction\",\"target\":{\"@type\":\"EntryPoint\",\"urlTemplate\":\"https:\/\/www.schramas.com\/?s={search_term_string}\"},\"query-input\":{\"@type\":\"PropertyValueSpecification\",\"valueRequired\":true,\"valueName\":\"search_term_string\"}}],\"inLanguage\":\"sv-SE\"}]}<\/script>\n<!-- \/ Yoast SEO plugin. -->","yoast_head_json":{"title":"K\u00f6p Vaccinium corymbosum 'Blue crop' bl\u00e5b\u00e4r, 9cm kruka | K\u00f6p v\u00e4xter enkelt online | Schramas.com","robots":{"index":"index","follow":"follow","max-snippet":"max-snippet:-1","max-image-preview":"max-image-preview:large","max-video-preview":"max-video-preview:-1"},"canonical":"https:\/\/www.schramas.com\/se\/butik\/vaccinium-corymbosum-blue-crop-blabar-9cm-kruka\/","og_locale":"sv_SE","og_type":"article","og_title":"Vaccinium corymbosum 'Blue crop' blauwe bes, 9cm pot kopen | Planten eenvoudig online bestellen | Schramas.com","og_description":"Vaainium corymbosum 'Blue crop'  Blauwe bes  Smaak: fris zoet  Kleur vrucht donker blauw.  Hoogte max: 1,75 meter  Geschikt voor zowel patio als volle grond  Zelf bestuivend.  Winterhard.  Leverhoogte incl. pot: +\/_30 cm  Pot maat: 9cm pot","og_url":"https:\/\/www.schramas.com\/se\/butik\/vaccinium-corymbosum-blue-crop-blabar-9cm-kruka\/","og_site_name":"Planten eenvoudig online bestellen | Schramas.com","article_publisher":"https:\/\/www.facebook.com\/Schramascom-106872874153195\/","article_modified_time":"2026-03-26T15:35:12+00:00","og_image":[{"width":1200,"height":1200,"url":"https:\/\/www.schramas.com\/wp-content\/uploads\/2022\/09\/bluecrop-sfeer-9cm.jpg","type":"image\/jpeg"}],"twitter_card":"summary_large_image","twitter_misc":{"Ber\u00e4knad l\u00e4stid":"1 minut"},"schema":{"@context":"https:\/\/schema.org","@graph":[{"@type":["WebPage","ItemPage"],"@id":"https:\/\/www.schramas.com\/winkel\/vaccinium-corymbosum-blue-crop-blauwe-bes-9cm-pot\/","url":"https:\/\/www.schramas.com\/winkel\/vaccinium-corymbosum-blue-crop-blauwe-bes-9cm-pot\/","name":"K\u00f6p Vaccinium corymbosum 'Blue crop' bl\u00e5b\u00e4r, 9cm kruka | K\u00f6p v\u00e4xter enkelt online | Schramas.com","isPartOf":{"@id":"https:\/\/www.schramas.com\/#website"},"primaryImageOfPage":{"@id":"https:\/\/www.schramas.com\/winkel\/vaccinium-corymbosum-blue-crop-blauwe-bes-9cm-pot\/#primaryimage"},"image":{"@id":"https:\/\/www.schramas.com\/winkel\/vaccinium-corymbosum-blue-crop-blauwe-bes-9cm-pot\/#primaryimage"},"thumbnailUrl":"https:\/\/www.schramas.com\/wp-content\/uploads\/2022\/09\/bluecrop-sfeer-9cm.jpg","datePublished":"2022-09-19T09:29:48+00:00","dateModified":"2026-03-26T15:35:12+00:00","breadcrumb":{"@id":"https:\/\/www.schramas.com\/winkel\/vaccinium-corymbosum-blue-crop-blauwe-bes-9cm-pot\/#breadcrumb"},"inLanguage":"sv-SE","potentialAction":[{"@type":"ReadAction","target":["https:\/\/www.schramas.com\/winkel\/vaccinium-corymbosum-blue-crop-blauwe-bes-9cm-pot\/"]}]},{"@type":"ImageObject","inLanguage":"sv-SE","@id":"https:\/\/www.schramas.com\/winkel\/vaccinium-corymbosum-blue-crop-blauwe-bes-9cm-pot\/#primaryimage","url":"https:\/\/www.schramas.com\/wp-content\/uploads\/2022\/09\/bluecrop-sfeer-9cm.jpg","contentUrl":"https:\/\/www.schramas.com\/wp-content\/uploads\/2022\/09\/bluecrop-sfeer-9cm.jpg","width":1200,"height":1200},{"@type":"BreadcrumbList","@id":"https:\/\/www.schramas.com\/winkel\/vaccinium-corymbosum-blue-crop-blauwe-bes-9cm-pot\/#breadcrumb","itemListElement":[{"@type":"ListItem","position":1,"name":"Product","item":"https:\/\/www.schramas.com\/assortiment\/"},{"@type":"ListItem","position":2,"name":"Bomen &amp; Struiken","item":"https:\/\/www.schramas.com\/product-category\/bomen-struiken\/"},{"@type":"ListItem","position":3,"name":"Fruitstruiken","item":"https:\/\/www.schramas.com\/de\/produktkategorie\/baume-und-straucher\/obststraucher\/"},{"@type":"ListItem","position":4,"name":"Blauwe bessen","item":"https:\/\/www.schramas.com\/de\/produktkategorie\/baume-und-straucher\/obststraucher\/blaubeeren\/"},{"@type":"ListItem","position":5,"name":"Vaccinium corymbosum &#8216;Blue crop&#8217; blauwe bes, 9cm pot"}]},{"@type":"WebSite","@id":"https:\/\/www.schramas.com\/#website","url":"https:\/\/www.schramas.com\/","name":"Schramas.com | Tr\u00e4dg\u00e5rdsv\u00e4xter som enkelt kan best\u00e4llas online | Direkt fr\u00e5n v\u00e5r plantskola","description":"","alternateName":"Schramas.com - Alle planten direct van de kweker","potentialAction":[{"@type":"SearchAction","target":{"@type":"EntryPoint","urlTemplate":"https:\/\/www.schramas.com\/?s={search_term_string}"},"query-input":{"@type":"PropertyValueSpecification","valueRequired":true,"valueName":"search_term_string"}}],"inLanguage":"sv-SE"}]}},"_links":{"self":[{"href":"https:\/\/www.schramas.com\/se\/wp-json\/wp\/v2\/product\/20544","targetHints":{"allow":["GET"]}}],"collection":[{"href":"https:\/\/www.schramas.com\/se\/wp-json\/wp\/v2\/product"}],"about":[{"href":"https:\/\/www.schramas.com\/se\/wp-json\/wp\/v2\/types\/product"}],"version-history":[{"count":0,"href":"https:\/\/www.schramas.com\/se\/wp-json\/wp\/v2\/product\/20544\/revisions"}],"wp:featuredmedia":[{"embeddable":true,"href":"https:\/\/www.schramas.com\/se\/wp-json\/wp\/v2\/media\/20545"}],"wp:attachment":[{"href":"https:\/\/www.schramas.com\/se\/wp-json\/wp\/v2\/media?parent=20544"}],"wp:term":[{"taxonomy":"product_brand","embeddable":true,"href":"https:\/\/www.schramas.com\/se\/wp-json\/wp\/v2\/product_brand?post=20544"},{"taxonomy":"product_cat","embeddable":true,"href":"https:\/\/www.schramas.com\/se\/wp-json\/wp\/v2\/product_cat?post=20544"},{"taxonomy":"product_tag","embeddable":true,"href":"https:\/\/www.schramas.com\/se\/wp-json\/wp\/v2\/product_tag?post=20544"}],"curies":[{"name":"wp","href":"https:\/\/api.w.org\/{rel}","templated":true}]}}