{"id":20871,"date":"2012-10-11T15:07:47","date_gmt":"2012-10-11T13:07:47","guid":{"rendered":"https:\/\/www.schramas.com\/?post_type=product&#038;p=20871"},"modified":"2026-03-26T16:35:17","modified_gmt":"2026-03-26T15:35:17","slug":"camellia-japonica-dr-king-japansk-ros-110cm-2-liter-kruka","status":"publish","type":"product","link":"https:\/\/www.schramas.com\/se\/butik\/camellia-japonica-dr-king-japansk-ros-110cm-2-liter-kruka\/","title":{"rendered":"Camellia japonica 'Dr King' Japansk ros, 110cm+, 2 liter kruka"},"content":{"rendered":"<p>Camellia japonica \u00e4r ocks\u00e5 k\u00e4nd som vinterros eller japansk ros. V\u00e4xten ger vackra r\u00f6drosa blommor och \u00e4r dessutom h\u00e4rdig och bladbevarande. V\u00e4xten blommar tidigt, vilket g\u00f6r att du kan njuta av en f\u00e4rgstark tr\u00e4dg\u00e5rd tidigt p\u00e5 \u00e5ret!<\/p>","protected":false},"excerpt":{"rendered":"<p>Camellia japonica Dr. King<\/p>\n<p>Japansk ros<\/p>\n<p>Blomf\u00e4rg: rosa\/r\u00f6d<\/p>\n<p>H\u00e4rdig, vintergr\u00f6n<\/p>\n<p>H\u00f6jd: 120+ cm<\/p>\n<p>Krukstorlek: 2-liters kruka<\/p>","protected":false},"featured_media":20872,"template":"","meta":{"_joinchat":[]},"product_brand":[],"product_cat":[228,303,300,295,296,305],"product_tag":[826,830,814,827,587,829,536,828],"class_list":{"0":"post-20871","1":"product","2":"type-product","3":"status-publish","4":"has-post-thumbnail","6":"product_cat-drachtplant","7":"product_cat-groenblijvende-heesters","8":"product_cat-heesters","9":"product_cat-maandaanbiedingen","10":"product_cat-seizoensaanbiedingen","11":"product_cat-planten-heesters","12":"product_tag-camellia","13":"product_tag-dr-king","14":"product_tag-japanse","15":"product_tag-japonica","16":"product_tag-rood","17":"product_tag-roos","18":"product_tag-roze","19":"product_tag-theeroos","20":"pa_bloeimaanden-maart","21":"pa_bloeimaanden-april","22":"pa_ewd_uwcf_colors-rood-2","23":"pa_ewd_uwcf_colors-roze","24":"pa_groeihoogte-150-200-cm","25":"pa_pot-zonder-pot","27":"first","28":"outofstock","29":"taxable","30":"shipping-taxable","31":"purchasable","32":"product-type-simple"},"yoast_head":"<!-- This site is optimized with the Yoast SEO plugin v24.2 - https:\/\/yoast.com\/wordpress\/plugins\/seo\/ -->\n<title>Camellia japonica &#039;Dr King&#039; japanse roos, 110cm+, 2 liter pot kopen | Planten eenvoudig online bestellen | Schramas.com<\/title>\n<meta name=\"robots\" content=\"index, follow, max-snippet:-1, max-image-preview:large, max-video-preview:-1\" \/>\n<link rel=\"canonical\" href=\"https:\/\/www.schramas.com\/se\/butik\/camellia-japonica-dr-king-japansk-ros-110cm-2-liter-kruka\/\" \/>\n<meta property=\"og:locale\" content=\"sv_SE\" \/>\n<meta property=\"og:type\" content=\"article\" \/>\n<meta property=\"og:title\" content=\"Camellia japonica &#039;Dr King&#039; japanse roos, 110cm+, 2 liter pot kopen | Planten eenvoudig online bestellen | Schramas.com\" \/>\n<meta property=\"og:description\" content=\"Camellia japonica Dr. King  Japanse roos  Kleur bloem: roze\/rood  Winterhard, groenblijvend  Hoogte: 120+ cm  Potmaat: 2 liter pot\" \/>\n<meta property=\"og:url\" content=\"https:\/\/www.schramas.com\/se\/butik\/camellia-japonica-dr-king-japansk-ros-110cm-2-liter-kruka\/\" \/>\n<meta property=\"og:site_name\" content=\"Planten eenvoudig online bestellen | Schramas.com\" \/>\n<meta property=\"article:publisher\" content=\"https:\/\/www.facebook.com\/Schramascom-106872874153195\/\" \/>\n<meta property=\"article:modified_time\" content=\"2026-03-26T15:35:17+00:00\" \/>\n<meta property=\"og:image\" content=\"https:\/\/www.schramas.com\/wp-content\/uploads\/2022\/10\/Dr-King-sfeer-groot.jpg\" \/>\n\t<meta property=\"og:image:width\" content=\"1200\" \/>\n\t<meta property=\"og:image:height\" content=\"1200\" \/>\n\t<meta property=\"og:image:type\" content=\"image\/jpeg\" \/>\n<meta name=\"twitter:card\" content=\"summary_large_image\" \/>\n<script type=\"application\/ld+json\" class=\"yoast-schema-graph\">{\"@context\":\"https:\/\/schema.org\",\"@graph\":[{\"@type\":[\"WebPage\",\"ItemPage\"],\"@id\":\"https:\/\/www.schramas.com\/winkel\/camellia-japonica-dr-king-japanse-roos-110cm-2-liter-pot\/\",\"url\":\"https:\/\/www.schramas.com\/winkel\/camellia-japonica-dr-king-japanse-roos-110cm-2-liter-pot\/\",\"name\":\"Camellia japonica 'Dr King' japanse roos, 110cm+, 2 liter pot kopen | Planten eenvoudig online bestellen | Schramas.com\",\"isPartOf\":{\"@id\":\"https:\/\/www.schramas.com\/#website\"},\"primaryImageOfPage\":{\"@id\":\"https:\/\/www.schramas.com\/winkel\/camellia-japonica-dr-king-japanse-roos-110cm-2-liter-pot\/#primaryimage\"},\"image\":{\"@id\":\"https:\/\/www.schramas.com\/winkel\/camellia-japonica-dr-king-japanse-roos-110cm-2-liter-pot\/#primaryimage\"},\"thumbnailUrl\":\"https:\/\/www.schramas.com\/wp-content\/uploads\/2022\/10\/Dr-King-sfeer-groot.jpg\",\"datePublished\":\"2012-10-11T13:07:47+00:00\",\"dateModified\":\"2026-03-26T15:35:17+00:00\",\"breadcrumb\":{\"@id\":\"https:\/\/www.schramas.com\/winkel\/camellia-japonica-dr-king-japanse-roos-110cm-2-liter-pot\/#breadcrumb\"},\"inLanguage\":\"sv-SE\",\"potentialAction\":[{\"@type\":\"ReadAction\",\"target\":[\"https:\/\/www.schramas.com\/winkel\/camellia-japonica-dr-king-japanse-roos-110cm-2-liter-pot\/\"]}]},{\"@type\":\"ImageObject\",\"inLanguage\":\"sv-SE\",\"@id\":\"https:\/\/www.schramas.com\/winkel\/camellia-japonica-dr-king-japanse-roos-110cm-2-liter-pot\/#primaryimage\",\"url\":\"https:\/\/www.schramas.com\/wp-content\/uploads\/2022\/10\/Dr-King-sfeer-groot.jpg\",\"contentUrl\":\"https:\/\/www.schramas.com\/wp-content\/uploads\/2022\/10\/Dr-King-sfeer-groot.jpg\",\"width\":1200,\"height\":1200},{\"@type\":\"BreadcrumbList\",\"@id\":\"https:\/\/www.schramas.com\/winkel\/camellia-japonica-dr-king-japanse-roos-110cm-2-liter-pot\/#breadcrumb\",\"itemListElement\":[{\"@type\":\"ListItem\",\"position\":1,\"name\":\"Product\",\"item\":\"https:\/\/www.schramas.com\/assortiment\/\"},{\"@type\":\"ListItem\",\"position\":2,\"name\":\"Tuinplanten\",\"item\":\"https:\/\/www.schramas.com\/product-category\/planten-heesters\/\"},{\"@type\":\"ListItem\",\"position\":3,\"name\":\"Heesters\",\"item\":\"https:\/\/www.schramas.com\/product-category\/planten-heesters\/heesters\/\"},{\"@type\":\"ListItem\",\"position\":4,\"name\":\"Groenblijvende heesters\",\"item\":\"https:\/\/www.schramas.com\/product-category\/planten-heesters\/heesters\/groenblijvende-heesters\/\"},{\"@type\":\"ListItem\",\"position\":5,\"name\":\"Camellia japonica &#8216;Dr King&#8217; japanse roos, 110cm+, 2 liter pot\"}]},{\"@type\":\"WebSite\",\"@id\":\"https:\/\/www.schramas.com\/#website\",\"url\":\"https:\/\/www.schramas.com\/\",\"name\":\"Schramas.com | Tuinplanten eenvoudig online bestellen | Direct van onze Kwekerij\",\"description\":\"\",\"alternateName\":\"Schramas.com - Alle planten direct van de kweker\",\"potentialAction\":[{\"@type\":\"SearchAction\",\"target\":{\"@type\":\"EntryPoint\",\"urlTemplate\":\"https:\/\/www.schramas.com\/?s={search_term_string}\"},\"query-input\":{\"@type\":\"PropertyValueSpecification\",\"valueRequired\":true,\"valueName\":\"search_term_string\"}}],\"inLanguage\":\"sv-SE\"}]}<\/script>\n<!-- \/ Yoast SEO plugin. -->","yoast_head_json":{"title":"K\u00f6p Camellia japonica 'Dr King' Japansk ros, 110cm+, 2 liters kruka | K\u00f6p v\u00e4xter enkelt online | Schramas.com","robots":{"index":"index","follow":"follow","max-snippet":"max-snippet:-1","max-image-preview":"max-image-preview:large","max-video-preview":"max-video-preview:-1"},"canonical":"https:\/\/www.schramas.com\/se\/butik\/camellia-japonica-dr-king-japansk-ros-110cm-2-liter-kruka\/","og_locale":"sv_SE","og_type":"article","og_title":"Camellia japonica 'Dr King' japanse roos, 110cm+, 2 liter pot kopen | Planten eenvoudig online bestellen | Schramas.com","og_description":"Camellia japonica Dr. King  Japanse roos  Kleur bloem: roze\/rood  Winterhard, groenblijvend  Hoogte: 120+ cm  Potmaat: 2 liter pot","og_url":"https:\/\/www.schramas.com\/se\/butik\/camellia-japonica-dr-king-japansk-ros-110cm-2-liter-kruka\/","og_site_name":"Planten eenvoudig online bestellen | Schramas.com","article_publisher":"https:\/\/www.facebook.com\/Schramascom-106872874153195\/","article_modified_time":"2026-03-26T15:35:17+00:00","og_image":[{"width":1200,"height":1200,"url":"https:\/\/www.schramas.com\/wp-content\/uploads\/2022\/10\/Dr-King-sfeer-groot.jpg","type":"image\/jpeg"}],"twitter_card":"summary_large_image","schema":{"@context":"https:\/\/schema.org","@graph":[{"@type":["WebPage","ItemPage"],"@id":"https:\/\/www.schramas.com\/winkel\/camellia-japonica-dr-king-japanse-roos-110cm-2-liter-pot\/","url":"https:\/\/www.schramas.com\/winkel\/camellia-japonica-dr-king-japanse-roos-110cm-2-liter-pot\/","name":"K\u00f6p Camellia japonica 'Dr King' Japansk ros, 110cm+, 2 liters kruka | K\u00f6p v\u00e4xter enkelt online | Schramas.com","isPartOf":{"@id":"https:\/\/www.schramas.com\/#website"},"primaryImageOfPage":{"@id":"https:\/\/www.schramas.com\/winkel\/camellia-japonica-dr-king-japanse-roos-110cm-2-liter-pot\/#primaryimage"},"image":{"@id":"https:\/\/www.schramas.com\/winkel\/camellia-japonica-dr-king-japanse-roos-110cm-2-liter-pot\/#primaryimage"},"thumbnailUrl":"https:\/\/www.schramas.com\/wp-content\/uploads\/2022\/10\/Dr-King-sfeer-groot.jpg","datePublished":"2012-10-11T13:07:47+00:00","dateModified":"2026-03-26T15:35:17+00:00","breadcrumb":{"@id":"https:\/\/www.schramas.com\/winkel\/camellia-japonica-dr-king-japanse-roos-110cm-2-liter-pot\/#breadcrumb"},"inLanguage":"sv-SE","potentialAction":[{"@type":"ReadAction","target":["https:\/\/www.schramas.com\/winkel\/camellia-japonica-dr-king-japanse-roos-110cm-2-liter-pot\/"]}]},{"@type":"ImageObject","inLanguage":"sv-SE","@id":"https:\/\/www.schramas.com\/winkel\/camellia-japonica-dr-king-japanse-roos-110cm-2-liter-pot\/#primaryimage","url":"https:\/\/www.schramas.com\/wp-content\/uploads\/2022\/10\/Dr-King-sfeer-groot.jpg","contentUrl":"https:\/\/www.schramas.com\/wp-content\/uploads\/2022\/10\/Dr-King-sfeer-groot.jpg","width":1200,"height":1200},{"@type":"BreadcrumbList","@id":"https:\/\/www.schramas.com\/winkel\/camellia-japonica-dr-king-japanse-roos-110cm-2-liter-pot\/#breadcrumb","itemListElement":[{"@type":"ListItem","position":1,"name":"Product","item":"https:\/\/www.schramas.com\/assortiment\/"},{"@type":"ListItem","position":2,"name":"Tuinplanten","item":"https:\/\/www.schramas.com\/product-category\/planten-heesters\/"},{"@type":"ListItem","position":3,"name":"Heesters","item":"https:\/\/www.schramas.com\/product-category\/planten-heesters\/heesters\/"},{"@type":"ListItem","position":4,"name":"Groenblijvende heesters","item":"https:\/\/www.schramas.com\/product-category\/planten-heesters\/heesters\/groenblijvende-heesters\/"},{"@type":"ListItem","position":5,"name":"Camellia japonica &#8216;Dr King&#8217; japanse roos, 110cm+, 2 liter pot"}]},{"@type":"WebSite","@id":"https:\/\/www.schramas.com\/#website","url":"https:\/\/www.schramas.com\/","name":"Schramas.com | Tr\u00e4dg\u00e5rdsv\u00e4xter som enkelt kan best\u00e4llas online | Direkt fr\u00e5n v\u00e5r plantskola","description":"","alternateName":"Schramas.com - Alle planten direct van de kweker","potentialAction":[{"@type":"SearchAction","target":{"@type":"EntryPoint","urlTemplate":"https:\/\/www.schramas.com\/?s={search_term_string}"},"query-input":{"@type":"PropertyValueSpecification","valueRequired":true,"valueName":"search_term_string"}}],"inLanguage":"sv-SE"}]}},"_links":{"self":[{"href":"https:\/\/www.schramas.com\/se\/wp-json\/wp\/v2\/product\/20871","targetHints":{"allow":["GET"]}}],"collection":[{"href":"https:\/\/www.schramas.com\/se\/wp-json\/wp\/v2\/product"}],"about":[{"href":"https:\/\/www.schramas.com\/se\/wp-json\/wp\/v2\/types\/product"}],"version-history":[{"count":1,"href":"https:\/\/www.schramas.com\/se\/wp-json\/wp\/v2\/product\/20871\/revisions"}],"predecessor-version":[{"id":45822,"href":"https:\/\/www.schramas.com\/se\/wp-json\/wp\/v2\/product\/20871\/revisions\/45822"}],"wp:featuredmedia":[{"embeddable":true,"href":"https:\/\/www.schramas.com\/se\/wp-json\/wp\/v2\/media\/20872"}],"wp:attachment":[{"href":"https:\/\/www.schramas.com\/se\/wp-json\/wp\/v2\/media?parent=20871"}],"wp:term":[{"taxonomy":"product_brand","embeddable":true,"href":"https:\/\/www.schramas.com\/se\/wp-json\/wp\/v2\/product_brand?post=20871"},{"taxonomy":"product_cat","embeddable":true,"href":"https:\/\/www.schramas.com\/se\/wp-json\/wp\/v2\/product_cat?post=20871"},{"taxonomy":"product_tag","embeddable":true,"href":"https:\/\/www.schramas.com\/se\/wp-json\/wp\/v2\/product_tag?post=20871"}],"curies":[{"name":"wp","href":"https:\/\/api.w.org\/{rel}","templated":true}]}}