{"id":20895,"date":"2022-10-13T08:26:13","date_gmt":"2022-10-13T06:26:13","guid":{"rendered":"https:\/\/www.schramas.com\/?post_type=product&#038;p=20895"},"modified":"2026-03-26T16:35:17","modified_gmt":"2026-03-26T15:35:17","slug":"tonkin-sticks-bambu-ca-150-cm","status":"publish","type":"product","link":"https:\/\/www.schramas.com\/se\/butik\/tonkin-sticks-bambu-ca-150-cm\/","title":{"rendered":"Set med 25x bambupinnar - Cirka 150cm - Tjocklek 10\/12mm - Tonka pinnar - Bambu - v\u00e4xtst\u00f6d"},"content":{"rendered":"<p>En h\u00f6gkvalitativ naturprodukt som k\u00e4nnetecknas av sin gula f\u00e4rg och sin smidiga kvalitet,<br \/>\nutan bladrester eller sidoskott. Bambupinne Tonkin med 10-12 mm diameter anv\u00e4nds mest f\u00f6r att st\u00f6dja tr\u00e4d, v\u00e4xter och blommor, men ocks\u00e5 f\u00f6r kreativa \u00e4ndam\u00e5l i skolor, f\u00f6reningar, f\u00f6retag eller i hemmet. Tonkin bambupinne \u00e4r vackert rak och formstabil, s\u00e5 den har knappast n\u00e5gon lutning l\u00e4ngs hela pinnens l\u00e4ngd. Tonkinbambu \u00e4r tjockv\u00e4ggig och d\u00e4rf\u00f6r l\u00e4mplig f\u00f6r utomhusbruk, \u00e4ven i kontakt med marken. J\u00e4mf\u00f6rt med den andra kinesiska bambuarten Moso \u00e4r bambur\u00f6ren fr\u00e5n Tonkin n\u00e5got blekare (vitare) i f\u00e4rgen.<\/p>\n<p><strong>Produktspecifikationer:<\/strong><br \/>\nTonkinpinnar (bambu) Sats om 25 st.<\/p>\n<ul>\n<li>l\u00e4ngd +\/_ 150 cm<\/li>\n<li>Tjocklek 10-12 mm<\/li>\n<\/ul>\n<p><strong>ARBETA MED BAMBU<br \/>\n<\/strong>Bambuk\u00e4ppar kan sammanfogas p\u00e5 m\u00e5nga olika s\u00e4tt. De flesta tekniker anv\u00e4nder rep och\/eller g\u00e4ngade stavar, men mer avancerade metoder som fiskmynningsanslutning eller pinnh\u00e5lsanslutning \u00e4r ocks\u00e5 m\u00f6jliga. Om du vill anv\u00e4nda skruvar f\u00f6r att montera bambukanor \u00e4r det b\u00e4st att f\u00f6rborra dem f\u00f6r att undvika sprickor. Att sk\u00e4ra bambu g\u00f6rs b\u00e4st med en japansk s\u00e5g. Den h\u00e4r speciella bambus\u00e5gen har hybridt\u00e4nder f\u00f6r enkel, snabb och exakt trimning och geringss\u00e5gning. Om du vill placera bambuk\u00e4ppar i marken rekommenderar vi att du applicerar Bamboo Soil Protector p\u00e5 den del som g\u00e5r ner i marken. Denna speciella svarta bel\u00e4ggning bevarar bambun och skyddar mot tr\u00e4r\u00f6ta.<\/p>","protected":false},"excerpt":{"rendered":"<p>Tonkinpinne av bambu, set om 25 delar<\/p>\n<p>L\u00e4ngd ca 150 cm<\/p>\n<p>Tjocklek: 10-12 mm<\/p>","protected":false},"featured_media":20776,"template":"","meta":{"_joinchat":[]},"product_brand":[],"product_cat":[137,1076,142],"product_tag":[540,637,636,635],"class_list":{"0":"post-20895","1":"product","2":"type-product","3":"status-publish","4":"has-post-thumbnail","6":"product_cat-accessoires","7":"product_cat-plantensteunen","8":"product_cat-gereedschap","9":"product_tag-bamboe","10":"product_tag-geleiden","11":"product_tag-ondersteuning-plant","12":"product_tag-tonkingstokken","14":"first","15":"outofstock","16":"taxable","17":"shipping-taxable","18":"purchasable","19":"product-type-simple"},"yoast_head":"<!-- This site is optimized with the Yoast SEO plugin v24.2 - https:\/\/yoast.com\/wordpress\/plugins\/seo\/ -->\n<title>Set van 25x bamboestokken - Circa 150cm - Dikte 10\/12mm - Tonkinstokken - Bamboe - plantensteun kopen | Planten eenvoudig online bestellen | Schramas.com<\/title>\n<meta name=\"robots\" content=\"index, follow, max-snippet:-1, max-image-preview:large, max-video-preview:-1\" \/>\n<link rel=\"canonical\" href=\"https:\/\/www.schramas.com\/se\/butik\/tonkin-sticks-bambu-ca-150-cm\/\" \/>\n<meta property=\"og:locale\" content=\"sv_SE\" \/>\n<meta property=\"og:type\" content=\"article\" \/>\n<meta property=\"og:title\" content=\"Set van 25x bamboestokken - Circa 150cm - Dikte 10\/12mm - Tonkinstokken - Bamboe - plantensteun kopen | Planten eenvoudig online bestellen | Schramas.com\" \/>\n<meta property=\"og:description\" content=\"Tonkin-stok van bamboe, set van 25 stuks  Lengte circa 150 cm  Dikte: 10-12 mm\" \/>\n<meta property=\"og:url\" content=\"https:\/\/www.schramas.com\/se\/butik\/tonkin-sticks-bambu-ca-150-cm\/\" \/>\n<meta property=\"og:site_name\" content=\"Planten eenvoudig online bestellen | Schramas.com\" \/>\n<meta property=\"article:publisher\" content=\"https:\/\/www.facebook.com\/Schramascom-106872874153195\/\" \/>\n<meta property=\"article:modified_time\" content=\"2026-03-26T15:35:17+00:00\" \/>\n<meta property=\"og:image\" content=\"http:\/\/www.schramas.com\/wp-content\/uploads\/2019\/10\/Tonkintokken-25x.jpg\" \/>\n\t<meta property=\"og:image:width\" content=\"1200\" \/>\n\t<meta property=\"og:image:height\" content=\"1200\" \/>\n\t<meta property=\"og:image:type\" content=\"image\/jpeg\" \/>\n<meta name=\"twitter:card\" content=\"summary_large_image\" \/>\n<meta name=\"twitter:label1\" content=\"Ber\u00e4knad l\u00e4stid\" \/>\n\t<meta name=\"twitter:data1\" content=\"1 minut\" \/>\n<script type=\"application\/ld+json\" class=\"yoast-schema-graph\">{\"@context\":\"https:\/\/schema.org\",\"@graph\":[{\"@type\":[\"WebPage\",\"ItemPage\"],\"@id\":\"https:\/\/www.schramas.com\/winkel\/tonkin-stokken-bamboe-circa-150-cm\/\",\"url\":\"https:\/\/www.schramas.com\/winkel\/tonkin-stokken-bamboe-circa-150-cm\/\",\"name\":\"Set van 25x bamboestokken - Circa 150cm - Dikte 10\/12mm - Tonkinstokken - Bamboe - plantensteun kopen | Planten eenvoudig online bestellen | Schramas.com\",\"isPartOf\":{\"@id\":\"https:\/\/www.schramas.com\/#website\"},\"primaryImageOfPage\":{\"@id\":\"https:\/\/www.schramas.com\/winkel\/tonkin-stokken-bamboe-circa-150-cm\/#primaryimage\"},\"image\":{\"@id\":\"https:\/\/www.schramas.com\/winkel\/tonkin-stokken-bamboe-circa-150-cm\/#primaryimage\"},\"thumbnailUrl\":\"https:\/\/www.schramas.com\/wp-content\/uploads\/2019\/10\/Tonkintokken-25x.jpg\",\"datePublished\":\"2022-10-13T06:26:13+00:00\",\"dateModified\":\"2026-03-26T15:35:17+00:00\",\"breadcrumb\":{\"@id\":\"https:\/\/www.schramas.com\/winkel\/tonkin-stokken-bamboe-circa-150-cm\/#breadcrumb\"},\"inLanguage\":\"sv-SE\",\"potentialAction\":[{\"@type\":\"ReadAction\",\"target\":[\"https:\/\/www.schramas.com\/winkel\/tonkin-stokken-bamboe-circa-150-cm\/\"]}]},{\"@type\":\"ImageObject\",\"inLanguage\":\"sv-SE\",\"@id\":\"https:\/\/www.schramas.com\/winkel\/tonkin-stokken-bamboe-circa-150-cm\/#primaryimage\",\"url\":\"https:\/\/www.schramas.com\/wp-content\/uploads\/2019\/10\/Tonkintokken-25x.jpg\",\"contentUrl\":\"https:\/\/www.schramas.com\/wp-content\/uploads\/2019\/10\/Tonkintokken-25x.jpg\",\"width\":1200,\"height\":1200},{\"@type\":\"BreadcrumbList\",\"@id\":\"https:\/\/www.schramas.com\/winkel\/tonkin-stokken-bamboe-circa-150-cm\/#breadcrumb\",\"itemListElement\":[{\"@type\":\"ListItem\",\"position\":1,\"name\":\"Product\",\"item\":\"https:\/\/www.schramas.com\/assortiment\/\"},{\"@type\":\"ListItem\",\"position\":2,\"name\":\"Accessoires\",\"item\":\"https:\/\/www.schramas.com\/product-category\/accessoires\/\"},{\"@type\":\"ListItem\",\"position\":3,\"name\":\"Tuingereedschap\",\"item\":\"https:\/\/www.schramas.com\/product-category\/accessoires\/gereedschap\/\"},{\"@type\":\"ListItem\",\"position\":4,\"name\":\"Set van 25x bamboestokken &#8211; Circa 150cm &#8211; Dikte 10\/12mm &#8211; Tonkinstokken &#8211; Bamboe &#8211; plantensteun\"}]},{\"@type\":\"WebSite\",\"@id\":\"https:\/\/www.schramas.com\/#website\",\"url\":\"https:\/\/www.schramas.com\/\",\"name\":\"Schramas.com | Tuinplanten eenvoudig online bestellen | Direct van onze Kwekerij\",\"description\":\"\",\"alternateName\":\"Schramas.com - Alle planten direct van de kweker\",\"potentialAction\":[{\"@type\":\"SearchAction\",\"target\":{\"@type\":\"EntryPoint\",\"urlTemplate\":\"https:\/\/www.schramas.com\/?s={search_term_string}\"},\"query-input\":{\"@type\":\"PropertyValueSpecification\",\"valueRequired\":true,\"valueName\":\"search_term_string\"}}],\"inLanguage\":\"sv-SE\"}]}<\/script>\n<!-- \/ Yoast SEO plugin. -->","yoast_head_json":{"title":"Set med 25x bambupinnar - Ca 150cm - Tjocklek 10\/12mm - Tonkin pinnar - Bambu - k\u00f6p v\u00e4xtst\u00f6d | Best\u00e4ll enkelt plantor online | Schramas.com","robots":{"index":"index","follow":"follow","max-snippet":"max-snippet:-1","max-image-preview":"max-image-preview:large","max-video-preview":"max-video-preview:-1"},"canonical":"https:\/\/www.schramas.com\/se\/butik\/tonkin-sticks-bambu-ca-150-cm\/","og_locale":"sv_SE","og_type":"article","og_title":"Set van 25x bamboestokken - Circa 150cm - Dikte 10\/12mm - Tonkinstokken - Bamboe - plantensteun kopen | Planten eenvoudig online bestellen | Schramas.com","og_description":"Tonkin-stok van bamboe, set van 25 stuks  Lengte circa 150 cm  Dikte: 10-12 mm","og_url":"https:\/\/www.schramas.com\/se\/butik\/tonkin-sticks-bambu-ca-150-cm\/","og_site_name":"Planten eenvoudig online bestellen | Schramas.com","article_publisher":"https:\/\/www.facebook.com\/Schramascom-106872874153195\/","article_modified_time":"2026-03-26T15:35:17+00:00","og_image":[{"width":1200,"height":1200,"url":"http:\/\/www.schramas.com\/wp-content\/uploads\/2019\/10\/Tonkintokken-25x.jpg","type":"image\/jpeg"}],"twitter_card":"summary_large_image","twitter_misc":{"Ber\u00e4knad l\u00e4stid":"1 minut"},"schema":{"@context":"https:\/\/schema.org","@graph":[{"@type":["WebPage","ItemPage"],"@id":"https:\/\/www.schramas.com\/winkel\/tonkin-stokken-bamboe-circa-150-cm\/","url":"https:\/\/www.schramas.com\/winkel\/tonkin-stokken-bamboe-circa-150-cm\/","name":"Set med 25x bambupinnar - Ca 150cm - Tjocklek 10\/12mm - Tonkin pinnar - Bambu - k\u00f6p v\u00e4xtst\u00f6d | Best\u00e4ll enkelt plantor online | Schramas.com","isPartOf":{"@id":"https:\/\/www.schramas.com\/#website"},"primaryImageOfPage":{"@id":"https:\/\/www.schramas.com\/winkel\/tonkin-stokken-bamboe-circa-150-cm\/#primaryimage"},"image":{"@id":"https:\/\/www.schramas.com\/winkel\/tonkin-stokken-bamboe-circa-150-cm\/#primaryimage"},"thumbnailUrl":"https:\/\/www.schramas.com\/wp-content\/uploads\/2019\/10\/Tonkintokken-25x.jpg","datePublished":"2022-10-13T06:26:13+00:00","dateModified":"2026-03-26T15:35:17+00:00","breadcrumb":{"@id":"https:\/\/www.schramas.com\/winkel\/tonkin-stokken-bamboe-circa-150-cm\/#breadcrumb"},"inLanguage":"sv-SE","potentialAction":[{"@type":"ReadAction","target":["https:\/\/www.schramas.com\/winkel\/tonkin-stokken-bamboe-circa-150-cm\/"]}]},{"@type":"ImageObject","inLanguage":"sv-SE","@id":"https:\/\/www.schramas.com\/winkel\/tonkin-stokken-bamboe-circa-150-cm\/#primaryimage","url":"https:\/\/www.schramas.com\/wp-content\/uploads\/2019\/10\/Tonkintokken-25x.jpg","contentUrl":"https:\/\/www.schramas.com\/wp-content\/uploads\/2019\/10\/Tonkintokken-25x.jpg","width":1200,"height":1200},{"@type":"BreadcrumbList","@id":"https:\/\/www.schramas.com\/winkel\/tonkin-stokken-bamboe-circa-150-cm\/#breadcrumb","itemListElement":[{"@type":"ListItem","position":1,"name":"Product","item":"https:\/\/www.schramas.com\/assortiment\/"},{"@type":"ListItem","position":2,"name":"Accessoires","item":"https:\/\/www.schramas.com\/product-category\/accessoires\/"},{"@type":"ListItem","position":3,"name":"Tuingereedschap","item":"https:\/\/www.schramas.com\/product-category\/accessoires\/gereedschap\/"},{"@type":"ListItem","position":4,"name":"Set van 25x bamboestokken &#8211; Circa 150cm &#8211; Dikte 10\/12mm &#8211; Tonkinstokken &#8211; Bamboe &#8211; plantensteun"}]},{"@type":"WebSite","@id":"https:\/\/www.schramas.com\/#website","url":"https:\/\/www.schramas.com\/","name":"Schramas.com | Tr\u00e4dg\u00e5rdsv\u00e4xter som enkelt kan best\u00e4llas online | Direkt fr\u00e5n v\u00e5r plantskola","description":"","alternateName":"Schramas.com - Alle planten direct van de kweker","potentialAction":[{"@type":"SearchAction","target":{"@type":"EntryPoint","urlTemplate":"https:\/\/www.schramas.com\/?s={search_term_string}"},"query-input":{"@type":"PropertyValueSpecification","valueRequired":true,"valueName":"search_term_string"}}],"inLanguage":"sv-SE"}]}},"_links":{"self":[{"href":"https:\/\/www.schramas.com\/se\/wp-json\/wp\/v2\/product\/20895","targetHints":{"allow":["GET"]}}],"collection":[{"href":"https:\/\/www.schramas.com\/se\/wp-json\/wp\/v2\/product"}],"about":[{"href":"https:\/\/www.schramas.com\/se\/wp-json\/wp\/v2\/types\/product"}],"version-history":[{"count":1,"href":"https:\/\/www.schramas.com\/se\/wp-json\/wp\/v2\/product\/20895\/revisions"}],"predecessor-version":[{"id":50280,"href":"https:\/\/www.schramas.com\/se\/wp-json\/wp\/v2\/product\/20895\/revisions\/50280"}],"wp:featuredmedia":[{"embeddable":true,"href":"https:\/\/www.schramas.com\/se\/wp-json\/wp\/v2\/media\/20776"}],"wp:attachment":[{"href":"https:\/\/www.schramas.com\/se\/wp-json\/wp\/v2\/media?parent=20895"}],"wp:term":[{"taxonomy":"product_brand","embeddable":true,"href":"https:\/\/www.schramas.com\/se\/wp-json\/wp\/v2\/product_brand?post=20895"},{"taxonomy":"product_cat","embeddable":true,"href":"https:\/\/www.schramas.com\/se\/wp-json\/wp\/v2\/product_cat?post=20895"},{"taxonomy":"product_tag","embeddable":true,"href":"https:\/\/www.schramas.com\/se\/wp-json\/wp\/v2\/product_tag?post=20895"}],"curies":[{"name":"wp","href":"https:\/\/api.w.org\/{rel}","templated":true}]}}