{"id":21078,"date":"2022-10-25T12:11:13","date_gmt":"2022-10-25T10:11:13","guid":{"rendered":"https:\/\/www.schramas.com\/?post_type=product&#038;p=21078"},"modified":"2026-04-19T09:18:45","modified_gmt":"2026-04-19T07:18:45","slug":"kweektray-9x9x10cm-07-liter-25-stuks","status":"publish","type":"product","link":"https:\/\/www.schramas.com\/se\/butik\/kweektray-9x9x10cm-07-liter-25-stuks\/","title":{"rendered":"Odlingskruka l\u00e5g P9 - 9x9x10cm, 0,7 liter - 25 st"},"content":{"rendered":"<p>Svarta fyrkantiga v\u00e4xtkrukor av h\u00f6gkvalitativ h\u00e5rdplast, med h\u00e5l i botten f\u00f6r bra dr\u00e4nering och ventilation. Dessa krukor \u00e4r l\u00e4mpliga f\u00f6r utomhusbruk och \u00e4r perfekta f\u00f6r odling av v\u00e4xter.<\/p>\n<p>De doorsnede van deze 0.7 liter pot is 9x9x10cm.<\/p>","protected":false},"excerpt":{"rendered":"<p>Svarta plantskolekrukor\/sk\u00e4rg\u00e5rdskrukor f\u00f6r dina (nya) v\u00e4xter.<\/p>\n<p>Material: H\u00e5rd plast<\/p>\n<p>Doorsnede: 9x9x10cm<\/p>\n<p>Maat: 0.7 Liter pot<\/p>\n<p>&nbsp;<\/p>\n<p>&nbsp;<\/p>\n<p>&nbsp;<\/p>","protected":false},"featured_media":59184,"template":"","meta":{"_joinchat":[]},"product_brand":[],"product_cat":[137,838,836],"product_tag":[992,995,987,989,996,991,840,988,990,994,978],"class_list":{"0":"post-21078","1":"product","2":"type-product","3":"status-publish","4":"has-post-thumbnail","6":"product_cat-accessoires","7":"product_cat-buiten-potten","8":"product_cat-potterie","9":"product_tag-hard-plastic","10":"product_tag-hoog","11":"product_tag-kweekpot","12":"product_tag-kweekpotten","13":"product_tag-p9","14":"product_tag-plastic","15":"product_tag-pot","16":"product_tag-stekpot","17":"product_tag-stekpotten","18":"product_tag-vierkant","19":"product_tag-zwart","20":"pa_pot-9-cm-pot","22":"first","23":"instock","24":"taxable","25":"shipping-taxable","26":"purchasable","27":"product-type-simple"},"yoast_head":"<!-- This site is optimized with the Yoast SEO plugin v24.2 - https:\/\/yoast.com\/wordpress\/plugins\/seo\/ -->\n<title>Kweekpot laag P9 - 9x9x10cm, 0,7 liter - 25 stuks kopen | Planten eenvoudig online bestellen | Schramas.com<\/title>\n<meta name=\"robots\" content=\"index, follow, max-snippet:-1, max-image-preview:large, max-video-preview:-1\" \/>\n<link rel=\"canonical\" href=\"https:\/\/www.schramas.com\/se\/butik\/kweektray-9x9x10cm-07-liter-25-stuks\/\" \/>\n<meta property=\"og:locale\" content=\"sv_SE\" \/>\n<meta property=\"og:type\" content=\"article\" \/>\n<meta property=\"og:title\" content=\"Kweekpot laag P9 - 9x9x10cm, 0,7 liter - 25 stuks kopen | Planten eenvoudig online bestellen | Schramas.com\" \/>\n<meta property=\"og:description\" content=\"Zwarte kweekpotten\/stekpotten voor uw (nieuwe) planten.  Materiaal: Hard plastic  Doorsnede: 9x9x10cm  Maat: 0.7 Liter pot  &nbsp;  &nbsp;  &nbsp;\" \/>\n<meta property=\"og:url\" content=\"https:\/\/www.schramas.com\/se\/butik\/kweektray-9x9x10cm-07-liter-25-stuks\/\" \/>\n<meta property=\"og:site_name\" content=\"Planten eenvoudig online bestellen | Schramas.com\" \/>\n<meta property=\"article:publisher\" content=\"https:\/\/www.facebook.com\/Schramascom-106872874153195\/\" \/>\n<meta property=\"article:modified_time\" content=\"2026-04-19T07:18:45+00:00\" \/>\n<meta property=\"og:image\" content=\"http:\/\/www.schramas.com\/wp-content\/uploads\/2022\/10\/P9-9x9x10.webp\" \/>\n\t<meta property=\"og:image:width\" content=\"800\" \/>\n\t<meta property=\"og:image:height\" content=\"800\" \/>\n\t<meta property=\"og:image:type\" content=\"image\/webp\" \/>\n<meta name=\"twitter:card\" content=\"summary_large_image\" \/>\n<meta name=\"twitter:label1\" content=\"Ber\u00e4knad l\u00e4stid\" \/>\n\t<meta name=\"twitter:data1\" content=\"1 minut\" \/>\n<script type=\"application\/ld+json\" class=\"yoast-schema-graph\">{\"@context\":\"https:\/\/schema.org\",\"@graph\":[{\"@type\":[\"WebPage\",\"ItemPage\"],\"@id\":\"https:\/\/www.schramas.com\/winkel\/kweektray-9x9x10cm-07-liter-25-stuks\/\",\"url\":\"https:\/\/www.schramas.com\/winkel\/kweektray-9x9x10cm-07-liter-25-stuks\/\",\"name\":\"Kweekpot laag P9 - 9x9x10cm, 0,7 liter - 25 stuks kopen | Planten eenvoudig online bestellen | Schramas.com\",\"isPartOf\":{\"@id\":\"https:\/\/www.schramas.com\/#website\"},\"primaryImageOfPage\":{\"@id\":\"https:\/\/www.schramas.com\/winkel\/kweektray-9x9x10cm-07-liter-25-stuks\/#primaryimage\"},\"image\":{\"@id\":\"https:\/\/www.schramas.com\/winkel\/kweektray-9x9x10cm-07-liter-25-stuks\/#primaryimage\"},\"thumbnailUrl\":\"https:\/\/www.schramas.com\/wp-content\/uploads\/2022\/10\/P9-9x9x10.webp\",\"datePublished\":\"2022-10-25T10:11:13+00:00\",\"dateModified\":\"2026-04-19T07:18:45+00:00\",\"breadcrumb\":{\"@id\":\"https:\/\/www.schramas.com\/winkel\/kweektray-9x9x10cm-07-liter-25-stuks\/#breadcrumb\"},\"inLanguage\":\"sv-SE\",\"potentialAction\":[{\"@type\":\"ReadAction\",\"target\":[\"https:\/\/www.schramas.com\/winkel\/kweektray-9x9x10cm-07-liter-25-stuks\/\"]}]},{\"@type\":\"ImageObject\",\"inLanguage\":\"sv-SE\",\"@id\":\"https:\/\/www.schramas.com\/winkel\/kweektray-9x9x10cm-07-liter-25-stuks\/#primaryimage\",\"url\":\"https:\/\/www.schramas.com\/wp-content\/uploads\/2022\/10\/P9-9x9x10.webp\",\"contentUrl\":\"https:\/\/www.schramas.com\/wp-content\/uploads\/2022\/10\/P9-9x9x10.webp\",\"width\":800,\"height\":800},{\"@type\":\"BreadcrumbList\",\"@id\":\"https:\/\/www.schramas.com\/winkel\/kweektray-9x9x10cm-07-liter-25-stuks\/#breadcrumb\",\"itemListElement\":[{\"@type\":\"ListItem\",\"position\":1,\"name\":\"Product\",\"item\":\"https:\/\/www.schramas.com\/assortiment\/\"},{\"@type\":\"ListItem\",\"position\":2,\"name\":\"Accessoires\",\"item\":\"https:\/\/www.schramas.com\/product-category\/accessoires\/\"},{\"@type\":\"ListItem\",\"position\":3,\"name\":\"Kweekpot laag P9 &#8211; 9x9x10cm, 0,7 liter &#8211; 25 stuks\"}]},{\"@type\":\"WebSite\",\"@id\":\"https:\/\/www.schramas.com\/#website\",\"url\":\"https:\/\/www.schramas.com\/\",\"name\":\"Schramas.com | Tuinplanten eenvoudig online bestellen | Direct van onze Kwekerij\",\"description\":\"\",\"alternateName\":\"Schramas.com - Alle planten direct van de kweker\",\"potentialAction\":[{\"@type\":\"SearchAction\",\"target\":{\"@type\":\"EntryPoint\",\"urlTemplate\":\"https:\/\/www.schramas.com\/?s={search_term_string}\"},\"query-input\":{\"@type\":\"PropertyValueSpecification\",\"valueRequired\":true,\"valueName\":\"search_term_string\"}}],\"inLanguage\":\"sv-SE\"}]}<\/script>\n<!-- \/ Yoast SEO plugin. -->","yoast_head_json":{"title":"Kweekpot laag P9 - 9x9x10cm, 0,7 liter - 25 stuks kopen | Planten eenvoudig online bestellen | Schramas.com","robots":{"index":"index","follow":"follow","max-snippet":"max-snippet:-1","max-image-preview":"max-image-preview:large","max-video-preview":"max-video-preview:-1"},"canonical":"https:\/\/www.schramas.com\/se\/butik\/kweektray-9x9x10cm-07-liter-25-stuks\/","og_locale":"sv_SE","og_type":"article","og_title":"Kweekpot laag P9 - 9x9x10cm, 0,7 liter - 25 stuks kopen | Planten eenvoudig online bestellen | Schramas.com","og_description":"Zwarte kweekpotten\/stekpotten voor uw (nieuwe) planten.  Materiaal: Hard plastic  Doorsnede: 9x9x10cm  Maat: 0.7 Liter pot  &nbsp;  &nbsp;  &nbsp;","og_url":"https:\/\/www.schramas.com\/se\/butik\/kweektray-9x9x10cm-07-liter-25-stuks\/","og_site_name":"Planten eenvoudig online bestellen | Schramas.com","article_publisher":"https:\/\/www.facebook.com\/Schramascom-106872874153195\/","article_modified_time":"2026-04-19T07:18:45+00:00","og_image":[{"width":800,"height":800,"url":"http:\/\/www.schramas.com\/wp-content\/uploads\/2022\/10\/P9-9x9x10.webp","type":"image\/webp"}],"twitter_card":"summary_large_image","twitter_misc":{"Ber\u00e4knad l\u00e4stid":"1 minut"},"schema":{"@context":"https:\/\/schema.org","@graph":[{"@type":["WebPage","ItemPage"],"@id":"https:\/\/www.schramas.com\/winkel\/kweektray-9x9x10cm-07-liter-25-stuks\/","url":"https:\/\/www.schramas.com\/winkel\/kweektray-9x9x10cm-07-liter-25-stuks\/","name":"Kweekpot laag P9 - 9x9x10cm, 0,7 liter - 25 stuks kopen | Planten eenvoudig online bestellen | Schramas.com","isPartOf":{"@id":"https:\/\/www.schramas.com\/#website"},"primaryImageOfPage":{"@id":"https:\/\/www.schramas.com\/winkel\/kweektray-9x9x10cm-07-liter-25-stuks\/#primaryimage"},"image":{"@id":"https:\/\/www.schramas.com\/winkel\/kweektray-9x9x10cm-07-liter-25-stuks\/#primaryimage"},"thumbnailUrl":"https:\/\/www.schramas.com\/wp-content\/uploads\/2022\/10\/P9-9x9x10.webp","datePublished":"2022-10-25T10:11:13+00:00","dateModified":"2026-04-19T07:18:45+00:00","breadcrumb":{"@id":"https:\/\/www.schramas.com\/winkel\/kweektray-9x9x10cm-07-liter-25-stuks\/#breadcrumb"},"inLanguage":"sv-SE","potentialAction":[{"@type":"ReadAction","target":["https:\/\/www.schramas.com\/winkel\/kweektray-9x9x10cm-07-liter-25-stuks\/"]}]},{"@type":"ImageObject","inLanguage":"sv-SE","@id":"https:\/\/www.schramas.com\/winkel\/kweektray-9x9x10cm-07-liter-25-stuks\/#primaryimage","url":"https:\/\/www.schramas.com\/wp-content\/uploads\/2022\/10\/P9-9x9x10.webp","contentUrl":"https:\/\/www.schramas.com\/wp-content\/uploads\/2022\/10\/P9-9x9x10.webp","width":800,"height":800},{"@type":"BreadcrumbList","@id":"https:\/\/www.schramas.com\/winkel\/kweektray-9x9x10cm-07-liter-25-stuks\/#breadcrumb","itemListElement":[{"@type":"ListItem","position":1,"name":"Product","item":"https:\/\/www.schramas.com\/assortiment\/"},{"@type":"ListItem","position":2,"name":"Accessoires","item":"https:\/\/www.schramas.com\/product-category\/accessoires\/"},{"@type":"ListItem","position":3,"name":"Kweekpot laag P9 &#8211; 9x9x10cm, 0,7 liter &#8211; 25 stuks"}]},{"@type":"WebSite","@id":"https:\/\/www.schramas.com\/#website","url":"https:\/\/www.schramas.com\/","name":"Schramas.com | Tr\u00e4dg\u00e5rdsv\u00e4xter som enkelt kan best\u00e4llas online | Direkt fr\u00e5n v\u00e5r plantskola","description":"","alternateName":"Schramas.com - Alle planten direct van de kweker","potentialAction":[{"@type":"SearchAction","target":{"@type":"EntryPoint","urlTemplate":"https:\/\/www.schramas.com\/?s={search_term_string}"},"query-input":{"@type":"PropertyValueSpecification","valueRequired":true,"valueName":"search_term_string"}}],"inLanguage":"sv-SE"}]}},"_links":{"self":[{"href":"https:\/\/www.schramas.com\/se\/wp-json\/wp\/v2\/product\/21078","targetHints":{"allow":["GET"]}}],"collection":[{"href":"https:\/\/www.schramas.com\/se\/wp-json\/wp\/v2\/product"}],"about":[{"href":"https:\/\/www.schramas.com\/se\/wp-json\/wp\/v2\/types\/product"}],"version-history":[{"count":4,"href":"https:\/\/www.schramas.com\/se\/wp-json\/wp\/v2\/product\/21078\/revisions"}],"predecessor-version":[{"id":61224,"href":"https:\/\/www.schramas.com\/se\/wp-json\/wp\/v2\/product\/21078\/revisions\/61224"}],"wp:featuredmedia":[{"embeddable":true,"href":"https:\/\/www.schramas.com\/se\/wp-json\/wp\/v2\/media\/59184"}],"wp:attachment":[{"href":"https:\/\/www.schramas.com\/se\/wp-json\/wp\/v2\/media?parent=21078"}],"wp:term":[{"taxonomy":"product_brand","embeddable":true,"href":"https:\/\/www.schramas.com\/se\/wp-json\/wp\/v2\/product_brand?post=21078"},{"taxonomy":"product_cat","embeddable":true,"href":"https:\/\/www.schramas.com\/se\/wp-json\/wp\/v2\/product_cat?post=21078"},{"taxonomy":"product_tag","embeddable":true,"href":"https:\/\/www.schramas.com\/se\/wp-json\/wp\/v2\/product_tag?post=21078"}],"curies":[{"name":"wp","href":"https:\/\/api.w.org\/{rel}","templated":true}]}}