{"id":21220,"date":"2022-11-01T10:58:13","date_gmt":"2022-11-01T09:58:13","guid":{"rendered":"https:\/\/www.schramas.com\/?post_type=product&#038;p=21220"},"modified":"2026-03-26T16:35:23","modified_gmt":"2026-03-26T15:35:23","slug":"morus-illinois-standigt-barande-mullbar-2l-kruka","status":"publish","type":"product","link":"https:\/\/www.schramas.com\/se\/butik\/morus-illinois-standigt-barande-mullbar-2l-kruka\/","title":{"rendered":"Morus illinois 'Everbearing', mullb\u00e4r 2L kruka"},"content":{"rendered":"<p>Detta mullb\u00e4r har anm\u00e4rkningsv\u00e4rt stora blad och mycket aromatiska m\u00f6rkt lila mullb\u00e4rsb\u00e4r. <span class=\"Y2IQFc\" lang=\"nl\">Illinois Everbearing \u00e4r en av de b\u00e4sta mullb\u00e4rssorterna och uppskattas f\u00f6r sin goda, l\u00e5nga frukt och sin l\u00e5nga mognadss\u00e4song, fr\u00e5n slutet av juni till b\u00f6rjan av h\u00f6sten. Mullb\u00e4rsfrukten liknar ett bj\u00f6rnb\u00e4r och har en uts\u00f6kt smak. Den kan ocks\u00e5 torkas f\u00f6r att bli ett gott vintersnacks. Mullb\u00e4r \u00e4r motst\u00e5ndskraftiga mot sjukdomar och skadedjur och bildar ett vackert litet tr\u00e4d med m\u00f6rkgr\u00f6na, stora tropiska blad. L\u00e4ngs den gamla Sidenv\u00e4gen i Centralasien odlas mullb\u00e4r i stor utstr\u00e4ckning f\u00f6r sina blad, som anv\u00e4nds som foder till silkesmaskar.<\/span><\/p>","protected":false},"excerpt":{"rendered":"<p>Morus illinois 'Everbearing' Mullb\u00e4r<\/p>\n<p>Max. h\u00f6jd: ca 600-800 cm<\/p>\n<p>Produktens h\u00f6jd: +90 cm<\/p>\n<p><span class=\"Y2IQFc\" lang=\"nl\">Mognadstid: juli till september<\/span><\/p>\n<p>L\u00f6vf\u00e4llande<\/p>\n<p>Hardy<\/p>\n<p>Sj\u00e4lvpollinerande<\/p>\n<p>Resistent mot sjukdomar<\/p>\n<p>Levereras i en 2L burk<\/p>","protected":false},"featured_media":21222,"template":"","meta":{"_joinchat":[]},"product_brand":[],"product_cat":[262,233,2391,999,805],"product_tag":[],"class_list":{"0":"post-21220","1":"product","2":"type-product","3":"status-publish","4":"has-post-thumbnail","6":"product_cat-bomen-struiken","7":"product_cat-fruitbomen","8":"product_cat-mediterrane-en-exotische-fruitplanten","9":"product_cat-moerbeien","10":"product_cat-winter","11":"pa_bloeimaanden-februari","12":"pa_bloeimaanden-maart","13":"pa_groeihoogte-200-300-cm","15":"first","16":"outofstock","17":"taxable","18":"shipping-taxable","19":"purchasable","20":"product-type-simple"},"yoast_head":"<!-- This site is optimized with the Yoast SEO plugin v24.2 - https:\/\/yoast.com\/wordpress\/plugins\/seo\/ -->\n<title>Morus illinois &#039;Everbearing&#039;, Moerbei 2L pot kopen | Planten eenvoudig online bestellen | Schramas.com<\/title>\n<meta name=\"robots\" content=\"index, follow, max-snippet:-1, max-image-preview:large, max-video-preview:-1\" \/>\n<link rel=\"canonical\" href=\"https:\/\/www.schramas.com\/se\/butik\/morus-illinois-standigt-barande-mullbar-2l-kruka\/\" \/>\n<meta property=\"og:locale\" content=\"sv_SE\" \/>\n<meta property=\"og:type\" content=\"article\" \/>\n<meta property=\"og:title\" content=\"Morus illinois &#039;Everbearing&#039;, Moerbei 2L pot kopen | Planten eenvoudig online bestellen | Schramas.com\" \/>\n<meta property=\"og:description\" content=\"Morus illinois \u2018Everbearing\u2019 Moerbei  Max. hoogte: ca. 600-800 cm  Product hoogte: +90cm  Rijpingstijd: juli tot september  Bladverliezend  Winterhard  Zelfbestuivend  Ziekteresistent  Geleverd in een 2L pot\" \/>\n<meta property=\"og:url\" content=\"https:\/\/www.schramas.com\/se\/butik\/morus-illinois-standigt-barande-mullbar-2l-kruka\/\" \/>\n<meta property=\"og:site_name\" content=\"Planten eenvoudig online bestellen | Schramas.com\" \/>\n<meta property=\"article:publisher\" content=\"https:\/\/www.facebook.com\/Schramascom-106872874153195\/\" \/>\n<meta property=\"article:modified_time\" content=\"2026-03-26T15:35:23+00:00\" \/>\n<meta property=\"og:image\" content=\"http:\/\/www.schramas.com\/wp-content\/uploads\/2022\/11\/Everbearing-sfeer.jpg\" \/>\n\t<meta property=\"og:image:width\" content=\"1200\" \/>\n\t<meta property=\"og:image:height\" content=\"1200\" \/>\n\t<meta property=\"og:image:type\" content=\"image\/jpeg\" \/>\n<meta name=\"twitter:card\" content=\"summary_large_image\" \/>\n<meta name=\"twitter:label1\" content=\"Ber\u00e4knad l\u00e4stid\" \/>\n\t<meta name=\"twitter:data1\" content=\"1 minut\" \/>\n<script type=\"application\/ld+json\" class=\"yoast-schema-graph\">{\"@context\":\"https:\/\/schema.org\",\"@graph\":[{\"@type\":[\"WebPage\",\"ItemPage\"],\"@id\":\"https:\/\/www.schramas.com\/winkel\/morus-illinois-everbearing-moerbei-2l-pot\/\",\"url\":\"https:\/\/www.schramas.com\/winkel\/morus-illinois-everbearing-moerbei-2l-pot\/\",\"name\":\"Morus illinois 'Everbearing', Moerbei 2L pot kopen | Planten eenvoudig online bestellen | Schramas.com\",\"isPartOf\":{\"@id\":\"https:\/\/www.schramas.com\/#website\"},\"primaryImageOfPage\":{\"@id\":\"https:\/\/www.schramas.com\/winkel\/morus-illinois-everbearing-moerbei-2l-pot\/#primaryimage\"},\"image\":{\"@id\":\"https:\/\/www.schramas.com\/winkel\/morus-illinois-everbearing-moerbei-2l-pot\/#primaryimage\"},\"thumbnailUrl\":\"https:\/\/www.schramas.com\/wp-content\/uploads\/2022\/11\/Everbearing-sfeer.jpg\",\"datePublished\":\"2022-11-01T09:58:13+00:00\",\"dateModified\":\"2026-03-26T15:35:23+00:00\",\"breadcrumb\":{\"@id\":\"https:\/\/www.schramas.com\/winkel\/morus-illinois-everbearing-moerbei-2l-pot\/#breadcrumb\"},\"inLanguage\":\"sv-SE\",\"potentialAction\":[{\"@type\":\"ReadAction\",\"target\":[\"https:\/\/www.schramas.com\/winkel\/morus-illinois-everbearing-moerbei-2l-pot\/\"]}]},{\"@type\":\"ImageObject\",\"inLanguage\":\"sv-SE\",\"@id\":\"https:\/\/www.schramas.com\/winkel\/morus-illinois-everbearing-moerbei-2l-pot\/#primaryimage\",\"url\":\"https:\/\/www.schramas.com\/wp-content\/uploads\/2022\/11\/Everbearing-sfeer.jpg\",\"contentUrl\":\"https:\/\/www.schramas.com\/wp-content\/uploads\/2022\/11\/Everbearing-sfeer.jpg\",\"width\":1200,\"height\":1200},{\"@type\":\"BreadcrumbList\",\"@id\":\"https:\/\/www.schramas.com\/winkel\/morus-illinois-everbearing-moerbei-2l-pot\/#breadcrumb\",\"itemListElement\":[{\"@type\":\"ListItem\",\"position\":1,\"name\":\"Product\",\"item\":\"https:\/\/www.schramas.com\/assortiment\/\"},{\"@type\":\"ListItem\",\"position\":2,\"name\":\"Bomen &amp; Struiken\",\"item\":\"https:\/\/www.schramas.com\/product-category\/bomen-struiken\/\"},{\"@type\":\"ListItem\",\"position\":3,\"name\":\"Specials\",\"item\":\"https:\/\/www.schramas.com\/product-category\/bomen-struiken\/specials\/\"},{\"@type\":\"ListItem\",\"position\":4,\"name\":\"Mediterrane en Exotische Fruitplanten\",\"item\":\"https:\/\/www.schramas.com\/product-category\/bomen-struiken\/specials\/mediterrane-en-exotische-fruitplanten\/\"},{\"@type\":\"ListItem\",\"position\":5,\"name\":\"Morus illinois &#8216;Everbearing&#8217;, Moerbei 2L pot\"}]},{\"@type\":\"WebSite\",\"@id\":\"https:\/\/www.schramas.com\/#website\",\"url\":\"https:\/\/www.schramas.com\/\",\"name\":\"Schramas.com | Tuinplanten eenvoudig online bestellen | Direct van onze Kwekerij\",\"description\":\"\",\"alternateName\":\"Schramas.com - Alle planten direct van de kweker\",\"potentialAction\":[{\"@type\":\"SearchAction\",\"target\":{\"@type\":\"EntryPoint\",\"urlTemplate\":\"https:\/\/www.schramas.com\/?s={search_term_string}\"},\"query-input\":{\"@type\":\"PropertyValueSpecification\",\"valueRequired\":true,\"valueName\":\"search_term_string\"}}],\"inLanguage\":\"sv-SE\"}]}<\/script>\n<!-- \/ Yoast SEO plugin. -->","yoast_head_json":{"title":"Morus illinois 'Everbearing', K\u00f6p mullb\u00e4r 2L kruka | K\u00f6p v\u00e4xter enkelt online | Schramas.com","robots":{"index":"index","follow":"follow","max-snippet":"max-snippet:-1","max-image-preview":"max-image-preview:large","max-video-preview":"max-video-preview:-1"},"canonical":"https:\/\/www.schramas.com\/se\/butik\/morus-illinois-standigt-barande-mullbar-2l-kruka\/","og_locale":"sv_SE","og_type":"article","og_title":"Morus illinois 'Everbearing', Moerbei 2L pot kopen | Planten eenvoudig online bestellen | Schramas.com","og_description":"Morus illinois \u2018Everbearing\u2019 Moerbei  Max. hoogte: ca. 600-800 cm  Product hoogte: +90cm  Rijpingstijd: juli tot september  Bladverliezend  Winterhard  Zelfbestuivend  Ziekteresistent  Geleverd in een 2L pot","og_url":"https:\/\/www.schramas.com\/se\/butik\/morus-illinois-standigt-barande-mullbar-2l-kruka\/","og_site_name":"Planten eenvoudig online bestellen | Schramas.com","article_publisher":"https:\/\/www.facebook.com\/Schramascom-106872874153195\/","article_modified_time":"2026-03-26T15:35:23+00:00","og_image":[{"width":1200,"height":1200,"url":"http:\/\/www.schramas.com\/wp-content\/uploads\/2022\/11\/Everbearing-sfeer.jpg","type":"image\/jpeg"}],"twitter_card":"summary_large_image","twitter_misc":{"Ber\u00e4knad l\u00e4stid":"1 minut"},"schema":{"@context":"https:\/\/schema.org","@graph":[{"@type":["WebPage","ItemPage"],"@id":"https:\/\/www.schramas.com\/winkel\/morus-illinois-everbearing-moerbei-2l-pot\/","url":"https:\/\/www.schramas.com\/winkel\/morus-illinois-everbearing-moerbei-2l-pot\/","name":"Morus illinois 'Everbearing', K\u00f6p mullb\u00e4r 2L kruka | K\u00f6p v\u00e4xter enkelt online | Schramas.com","isPartOf":{"@id":"https:\/\/www.schramas.com\/#website"},"primaryImageOfPage":{"@id":"https:\/\/www.schramas.com\/winkel\/morus-illinois-everbearing-moerbei-2l-pot\/#primaryimage"},"image":{"@id":"https:\/\/www.schramas.com\/winkel\/morus-illinois-everbearing-moerbei-2l-pot\/#primaryimage"},"thumbnailUrl":"https:\/\/www.schramas.com\/wp-content\/uploads\/2022\/11\/Everbearing-sfeer.jpg","datePublished":"2022-11-01T09:58:13+00:00","dateModified":"2026-03-26T15:35:23+00:00","breadcrumb":{"@id":"https:\/\/www.schramas.com\/winkel\/morus-illinois-everbearing-moerbei-2l-pot\/#breadcrumb"},"inLanguage":"sv-SE","potentialAction":[{"@type":"ReadAction","target":["https:\/\/www.schramas.com\/winkel\/morus-illinois-everbearing-moerbei-2l-pot\/"]}]},{"@type":"ImageObject","inLanguage":"sv-SE","@id":"https:\/\/www.schramas.com\/winkel\/morus-illinois-everbearing-moerbei-2l-pot\/#primaryimage","url":"https:\/\/www.schramas.com\/wp-content\/uploads\/2022\/11\/Everbearing-sfeer.jpg","contentUrl":"https:\/\/www.schramas.com\/wp-content\/uploads\/2022\/11\/Everbearing-sfeer.jpg","width":1200,"height":1200},{"@type":"BreadcrumbList","@id":"https:\/\/www.schramas.com\/winkel\/morus-illinois-everbearing-moerbei-2l-pot\/#breadcrumb","itemListElement":[{"@type":"ListItem","position":1,"name":"Product","item":"https:\/\/www.schramas.com\/assortiment\/"},{"@type":"ListItem","position":2,"name":"Bomen &amp; Struiken","item":"https:\/\/www.schramas.com\/product-category\/bomen-struiken\/"},{"@type":"ListItem","position":3,"name":"Specials","item":"https:\/\/www.schramas.com\/product-category\/bomen-struiken\/specials\/"},{"@type":"ListItem","position":4,"name":"Mediterrane en Exotische Fruitplanten","item":"https:\/\/www.schramas.com\/product-category\/bomen-struiken\/specials\/mediterrane-en-exotische-fruitplanten\/"},{"@type":"ListItem","position":5,"name":"Morus illinois &#8216;Everbearing&#8217;, Moerbei 2L pot"}]},{"@type":"WebSite","@id":"https:\/\/www.schramas.com\/#website","url":"https:\/\/www.schramas.com\/","name":"Schramas.com | Tr\u00e4dg\u00e5rdsv\u00e4xter som enkelt kan best\u00e4llas online | Direkt fr\u00e5n v\u00e5r plantskola","description":"","alternateName":"Schramas.com - Alle planten direct van de kweker","potentialAction":[{"@type":"SearchAction","target":{"@type":"EntryPoint","urlTemplate":"https:\/\/www.schramas.com\/?s={search_term_string}"},"query-input":{"@type":"PropertyValueSpecification","valueRequired":true,"valueName":"search_term_string"}}],"inLanguage":"sv-SE"}]}},"_links":{"self":[{"href":"https:\/\/www.schramas.com\/se\/wp-json\/wp\/v2\/product\/21220","targetHints":{"allow":["GET"]}}],"collection":[{"href":"https:\/\/www.schramas.com\/se\/wp-json\/wp\/v2\/product"}],"about":[{"href":"https:\/\/www.schramas.com\/se\/wp-json\/wp\/v2\/types\/product"}],"version-history":[{"count":1,"href":"https:\/\/www.schramas.com\/se\/wp-json\/wp\/v2\/product\/21220\/revisions"}],"predecessor-version":[{"id":46288,"href":"https:\/\/www.schramas.com\/se\/wp-json\/wp\/v2\/product\/21220\/revisions\/46288"}],"wp:featuredmedia":[{"embeddable":true,"href":"https:\/\/www.schramas.com\/se\/wp-json\/wp\/v2\/media\/21222"}],"wp:attachment":[{"href":"https:\/\/www.schramas.com\/se\/wp-json\/wp\/v2\/media?parent=21220"}],"wp:term":[{"taxonomy":"product_brand","embeddable":true,"href":"https:\/\/www.schramas.com\/se\/wp-json\/wp\/v2\/product_brand?post=21220"},{"taxonomy":"product_cat","embeddable":true,"href":"https:\/\/www.schramas.com\/se\/wp-json\/wp\/v2\/product_cat?post=21220"},{"taxonomy":"product_tag","embeddable":true,"href":"https:\/\/www.schramas.com\/se\/wp-json\/wp\/v2\/product_tag?post=21220"}],"curies":[{"name":"wp","href":"https:\/\/api.w.org\/{rel}","templated":true}]}}